{"id":101462,"date":"2025-05-15T08:11:00","date_gmt":"2025-05-15T08:11:00","guid":{"rendered":"https:\/\/simracergear.com\/products\/moza-r16-wheel-base\/"},"modified":"2025-11-28T05:32:19","modified_gmt":"2025-11-28T05:32:19","slug":"moza-r16-wheel-base","status":"publish","type":"product","link":"https:\/\/simracergear.com\/pl\/products\/moza-r16-wheel-base\/","title":{"rendered":"Rozstaw osi MOZA R16"},"content":{"rendered":"<p>W \u015bwiecie baz Direct Drive, MOZA R16 zajmuje interesuj\u0105ce miejsce: pot\u0119\u017cny blok, zaprojektowany dla wymagaj\u0105cych symulator\u00f3w, ale bez popadania w elitarn\u0105 skrajno\u015b\u0107. Jest wyra\u017anie skierowany do tych, kt\u00f3rzy chc\u0105 zrobi\u0107 powa\u017cny krok naprz\u00f3d pod wzgl\u0119dem immersji i precyzji, niekoniecznie wybieraj\u0105c najbardziej brutaln\u0105 baz\u0119 na rynku.<\/p>\n<p>Na papierze R16 obiecuje du\u017cy moment obrotowy, szczeg\u00f3\u0142owe informacje zwrotne i jako\u015b\u0107 wykonania godn\u0105 konfiguracji z najwy\u017cszej p\u00f3\u0142ki. W rzeczywisto\u015bci jest on skierowany przede wszystkim do graczy PC, kt\u00f3rzy chc\u0105 trwa\u0142ej podstawy, zdolnej do rozwoju przez kilka lat, pozostaj\u0105c w ekosystemie MOZA.<\/p>\n<p>M\u00f3j punkt widzenia na R16 jest prosty: wyczucie jazdy, finezja si\u0142owego sprz\u0119\u017cenia zwrotnego, komfort podczas d\u0142ugich sesji i zdolno\u015b\u0107 dostosowania si\u0119 do r\u00f3\u017cnych styl\u00f3w jazdy. Celem nie jest sprawdzenie, czy mo\u017ce oderwa\u0107 r\u0119ce, ale czy naprawd\u0119 pomaga lepiej wyczu\u0107 samoch\u00f3d i je\u017adzi\u0107 czy\u015bciej, bardziej konsekwentnie, z wi\u0119ksz\u0105 przyjemno\u015bci\u0105.<\/p>\n<p>Jest to produkt, kt\u00f3ry jest atrakcyjny, poniewa\u017c obiecuje przekszta\u0142ci\u0107 \"powa\u017cn\u0105\" konfiguracj\u0119 w \"zaawansowan\u0105 konfiguracj\u0119 symulacyjn\u0105\". Pytanie brzmi przede wszystkim: czy ta baza uzasadnia inwestycj\u0119 w por\u00f3wnaniu z R9 lub skromniejsz\u0105 baz\u0105 i jak istotna jest w obliczu jeszcze pot\u0119\u017cniejszych modeli?<\/p>\n<h2>Projektowanie i produkcja<\/h2>\n<p>MOZA R16 natychmiast narzuca prawdziwe poczucie g\u0119sto\u015bci. Korpus jest wykonany z metalu, a obrobiona skorupa budzi zaufanie. W d\u0142oni naprawd\u0119 czu\u0107 zwart\u0105, sztywn\u0105 bry\u0142\u0119, bez najmniejszego ugi\u0119cia. Jest to rodzaj podstawy, kt\u00f3rej nie wahasz si\u0119 mocno docisn\u0105\u0107 do kokpitu bez obawy o jej uszkodzenie.<\/p>\n<p>Wyko\u0144czenie jest czyste i uporz\u0105dkowane, z czystymi kraw\u0119dziami, jednolit\u0105 pow\u0142ok\u0105 i powa\u017cnym monta\u017cem. Kraw\u0119dzie s\u0105 dobrze obrobione, powierzchnie nie wygl\u0105daj\u0105 tanio, a ca\u0142o\u015b\u0107 sprawia bardzo \"przemys\u0142owe\" wra\u017cenie w dobrym tego s\u0142owa znaczeniu. Daleko jej do plastikowych lub lekkich obud\u00f3w starych kierownic z nap\u0119dem paskowym. Tutaj emanuje ona trwa\u0142o\u015bci\u0105.<\/p>\n<p>System mocowania kierownicy, z typowym dla MOZA szybkoz\u0142\u0105czem, daje natychmiastowe wra\u017cenie solidno\u015bci. Mocowanie jest pewne, bez wyczuwalnego luzu po umieszczeniu kierownicy na miejscu. Od razu wida\u0107, \u017ce podstawa zosta\u0142a zaprojektowana tak, aby wytrzyma\u0107 obci\u0105\u017cenia boczne, korekty na sucho i godziny intensywnej jazdy.<\/p>\n<p>Zaskoczeniem mo\u017ce by\u0107 rozmiar systemu w stosunku do deklarowanej mocy. Nie jest to niepor\u0119czny potw\u00f3r, ale bry\u0142a jest wystarczaj\u0105co imponuj\u0105ca, aby przypomnie\u0107 nam, \u017ce nie jeste\u015bmy ju\u017c w \u015bwiecie ma\u0142ych baz biurowych. Do spokojnej obs\u0142ugi potrzebny jest odpowiedni, sztywny kokpit.<\/p>\n<p>Je\u015bli chodzi o drobne rozczarowania, nie jeste\u015bmy na ultra-luksusowym poziomie niekt\u00f3rych bardzo topowych baz, gdzie ka\u017cdy szczeg\u00f3\u0142 projektu emanuje \"szyciem na miar\u0119\". R16 to nadal produkt zorientowany na wydajno\u015b\u0107, a nie na estetyczny \"efekt wow\". W por\u00f3wnaniu do bardziej przyst\u0119pnych cenowo podstawek, przej\u015bcie na wy\u017cszy poziom jest wyra\u017anie widoczne pod wzgl\u0119dem konstrukcji, ale jasne jest r\u00f3wnie\u017c, \u017ce MOZA stara\u0142a si\u0119 znale\u017a\u0107 r\u00f3wnowag\u0119 mi\u0119dzy kosztami a wyko\u0144czeniem.<\/p>\n<h2>Ustawienia, personalizacja i kompatybilno\u015b\u0107<\/h2>\n<p>Je\u015bli chodzi o ustawienia, R16 wykorzystuje wewn\u0119trzne oprogramowanie MOZA. Interfejs jest og\u00f3lnie przejrzysty, z ustawieniami wst\u0119pnymi dla ka\u017cdego zestawu i opcj\u0105 precyzyjnego dostrojenia zachowania FFB. Dost\u0119pne s\u0105 g\u0142\u00f3wne ustawienia: si\u0142a ca\u0142kowita, filtrowanie, bezw\u0142adno\u015b\u0107, amortyzator, tarcie itp. Chodzi o to, aby m\u00f3c uczyni\u0107 baz\u0119 albo bardzo \u017cyw\u0105 i bezpo\u015bredni\u0105, albo bardziej mi\u0119kk\u0105 i filtrowan\u0105, je\u015bli wolisz co\u015b bardziej \"wygodnego\".<\/p>\n<p>Krzywa uczenia si\u0119 pozostaje rozs\u0105dna. \u015arednio zaawansowany u\u017cytkownik szybko znajdzie satysfakcjonuj\u0105cy profil w oparciu o dostarczone ustawienia wst\u0119pne. Aby uzyska\u0107 naprawd\u0119 indywidualne odczucia, trzeba po\u015bwi\u0119ci\u0107 troch\u0119 czasu na testowanie i dostrajanie. Nie jest to jednak potw\u00f3r nie do opanowania, a ergonomia oprogramowania jest do\u015b\u0107 nowoczesna i przyst\u0119pna.<\/p>\n<p>Kompatybilno\u015b\u0107 jest wyra\u017anie zorientowana na PC. To w\u0142a\u015bnie w tym miejscu baza ma do zaoferowania odpowiedni\u0105 integracj\u0119 z g\u0142\u00f3wnymi aktualnymi tytu\u0142ami symulacyjnymi. W przypadku konsol sytuacja zale\u017cy od k\u00f3\u0142 i urz\u0105dze\u0144 peryferyjnych, a przede wszystkim od ogranicze\u0144 narzuconych przez producent\u00f3w konsol, wi\u0119c R16 nale\u017cy traktowa\u0107 przede wszystkim jako baz\u0119 zaprojektowan\u0105 dla \u015brodowiska PC. Jest to wa\u017cny punkt, je\u015bli grasz g\u0142\u00f3wnie na konsolach.<\/p>\n<p>Ekosystem MOZA wok\u00f3\u0142 R16 to prawdziwy punkt sprzeda\u017cy: kilka kompatybilnych kierownic, peda\u0142\u00f3w, manetek, hamulc\u00f3w r\u0119cznych, desek rozdzielczych... Wszystko integruje si\u0119 ca\u0142kiem dobrze, a szybkozamykacz zach\u0119ca do zmiany kierownicy w zale\u017cno\u015bci od dyscypliny. Jest to podstawa, kt\u00f3ra mo\u017ce sta\u0107 si\u0119 centralnym elementem kompletnej konfiguracji, bez konieczno\u015bci adaptacji DIY.<\/p>\n<p>Pod wzgl\u0119dem mo\u017cliwo\u015bci rozbudowy, R16 naprawd\u0119 nie jest prostym punktem wej\u015bcia. Jest to raczej \u015brednio- i d\u0142ugoterminowa inwestycja dla symulatora, kt\u00f3ry chce mie\u0107 baz\u0119, kt\u00f3ra dotrzyma kroku jego post\u0119pom. Mo\u017cesz zacz\u0105\u0107 od prostej konfiguracji MOZA opartej na R16, a nast\u0119pnie ulepszy\u0107 kokpit, peda\u0142y i kierownice bez poczucia, \u017ce podstawa ogranicza tw\u00f3j potencja\u0142.<\/p>\n<h2>Stawk\u0105 s\u0105 doznania<\/h2>\n<p>Na wirtualnym torze MOZA R16 wyr\u00f3\u017cnia si\u0119 og\u00f3ln\u0105 precyzj\u0105 si\u0142owego sprz\u0119\u017cenia zwrotnego. Pierwsz\u0105 rzecz\u0105, kt\u00f3ra rzuca si\u0119 w oczy, jest spos\u00f3b dostarczania informacji z drogi bez wydawania si\u0119 niechlujnym. Dost\u0119pny moment obrotowy jest wi\u0119cej ni\u017c wystarczaj\u0105cy, aby zapewni\u0107 pewn\u0105, sp\u00f3jn\u0105 kierownic\u0119, ale prawdziwe zainteresowanie le\u017cy w finezji mikro-zmian si\u0142y.<\/p>\n<p>Podczas pokonywania zakr\u0119t\u00f3w odczyty przyczepno\u015bci s\u0105 bardzo wyra\u017ane. \u0141atwo jest wyczu\u0107, kiedy zaczynasz si\u0119 rozp\u0119dza\u0107, kiedy prz\u00f3d zaczyna si\u0119 nasyca\u0107, a nast\u0119pnie przechodzi do podsterowno\u015bci lub \u015bliskiego prowadzenia. Tam, gdzie skromniejszy samoch\u00f3d bazowy m\u00f3g\u0142by nieco wyg\u0142adzi\u0107 te przej\u015bcia, R16 zachowuje progresywny, ale precyzyjny charakter. Mo\u017cesz poczu\u0107, jak samoch\u00f3d \u0142aduje si\u0119 i roz\u0142adowuje bez konieczno\u015bci nadinterpretacji tego, co robi kierownica.<\/p>\n<p>Je\u015bli chodzi o wibratory, baza spisuje si\u0119 dobrze. Klasyczne kraw\u0119\u017cniki s\u0105 dobrze wyczuwalne, z wiarygodn\u0105 ziarnisto\u015bci\u0105. Nie ma si\u0119 wra\u017cenia, \u017ce wszystko jest przekszta\u0142cane w sztuczne wibracje. W zale\u017cno\u015bci od ustawie\u0144, efekty te mo\u017cna zaakcentowa\u0107 lub wyg\u0142adzi\u0107, ale nawet przy do\u015b\u0107 przefiltrowanym profilu nadal istnieje wyra\u017ana r\u00f3\u017cnica mi\u0119dzy agresywnym wibratorem a \u0142agodniejszym. Jest to rodzaj szczeg\u00f3\u0142u, kt\u00f3ry pomaga ustawi\u0107 samoch\u00f3d z dok\u0142adno\u015bci\u0105 do centymetra bez konieczno\u015bci zbytniego przygl\u0105dania si\u0119 wskaz\u00f3wkom wizualnym.<\/p>\n<p>Podczas szybkich korekt R16 pokazuje sw\u00f3j prawdziwy potencja\u0142. Gdy ty\u0142 si\u0119 zatrzymuje lub samoch\u00f3d wpada w nadsterowno\u015b\u0107, podstawa reaguje szybko, bez wyczuwalnego op\u00f3\u017anienia i wysy\u0142a kierowcy to, co musi poczu\u0107, aby wykona\u0107 czysty chwyt. Nie ma uczucia ci\u0119\u017cko\u015bci lub bezw\u0142adno\u015bci, kt\u00f3re mo\u017cna uzyska\u0107 z niekt\u00f3rych mniej responsywnych baz. Mo\u017cesz naprawd\u0119 pozwoli\u0107 swoim odruchom m\u00f3wi\u0107, bez walki ze sprz\u0119tem.<\/p>\n<p>Podczas d\u0142ugich sesji konsystencja FFB jest dobra. Podstawa nie jest tak gor\u0105ca, by zmienia\u0107 swoje zachowanie. Si\u0142a pozostaje stabilna, a szczeg\u00f3\u0142y pozostaj\u0105 obecne. Jest to wa\u017cne w przypadku sztafet wytrzyma\u0142o\u015bciowych lub d\u0142ugich wieczor\u00f3w wy\u015bcig\u00f3w ligowych: zachowujesz to samo uczucie od pierwszego do ostatniego okr\u0105\u017cenia. Komfort wynika z mo\u017cliwo\u015bci dostosowania maksymalnej si\u0142y: R16 mo\u017cna ustawi\u0107 tak, aby by\u0142 fizyczny, ale mo\u017cna go r\u00f3wnie\u017c uspokoi\u0107, aby unikn\u0105\u0107 nadmiernego zm\u0119czenia bez utraty ca\u0142ej finezji informacji.<\/p>\n<p>Je\u015bli chodzi o immersj\u0119, jeste\u015bmy wyra\u017anie o krok ponad baz\u0105 z nap\u0119dem pasowym lub ma\u0142ym podstawowym nap\u0119dem bezpo\u015brednim. Kierownica wydaje si\u0119 by\u0107 \"po\u0142\u0105czona\" z samochodem w bardziej naturalny spos\u00f3b. Natychmiast rozumiesz, co robi przednia o\u015b. Lepiej wyczuwa si\u0119 wirtualn\u0105 struktur\u0119 podwozia, nier\u00f3wno\u015bci i zmiany nawierzchni. W tym miejscu baza naprawd\u0119 zmienia wra\u017cenia: prowadzisz bardziej r\u0119kami i cia\u0142em, mniej oczami.<\/p>\n<p>W por\u00f3wnaniu z mniej wydajn\u0105 baz\u0105, zysk polega g\u0142\u00f3wnie na rezerwie momentu obrotowego i zdolno\u015bci do zachowania szczeg\u00f3\u0142\u00f3w, nawet gdy samoch\u00f3d wywiera du\u017cy nacisk na kierownic\u0119. Tam, gdzie ma\u0142a baza mo\u017ce nasyci\u0107 i da\u0107 jednolity blok oporu, R16 nadal oferuje niuanse po\u015br\u00f3d brutalnej si\u0142y. W por\u00f3wnaniu z jeszcze mocniejszymi jednostkami bazowymi, r\u00f3\u017cnica jest mniejsza w jako\u015bci ni\u017c w ekstremalnym limicie dost\u0119pnego momentu obrotowego. Niekt\u00f3rzy bardzo wymagaj\u0105cy kierowcy, szukaj\u0105cy ultra ci\u0119\u017ckich wra\u017ce\u0144, mog\u0105 preferowa\u0107 jeszcze wy\u017csz\u0105 baz\u0119. Ale dla wi\u0119kszo\u015bci zaawansowanych symulator\u00f3w, R16 jest ju\u017c w strefie, w kt\u00f3rej moc nie jest ju\u017c hamulcem dla osi\u0105g\u00f3w.<\/p>\n<h2>Dla kogo to jest? Co lubimy, czego nie lubimy<\/h2>\n<p>MOZA R16 jest skierowana przede wszystkim do \u015brednio zaawansowanych i zaawansowanych symulator\u00f3w wy\u015bcig\u00f3w, g\u0142\u00f3wnie u\u017cytkownik\u00f3w komputer\u00f3w PC, kt\u00f3rzy chc\u0105 powa\u017cnej lub p\u00f3\u0142profesjonalnej konfiguracji. Zmotywowani pocz\u0105tkuj\u0105cy r\u00f3wnie\u017c mog\u0105 czerpa\u0107 z niej korzy\u015bci finansowe, ale z pewno\u015bci\u0105 b\u0119dzie to ambitna inwestycja od samego pocz\u0105tku. Je\u015bli je\u017adzisz g\u0142\u00f3wnie na konsolach lub szukasz podstawy do postawienia na prostym biurku, profil jest mniej odpowiedni.<\/p>\n<p>Najbardziej doceniam jako\u015b\u0107 si\u0142owego sprz\u0119\u017cenia zwrotnego: precyzyjne, czyste i u\u017cyteczne. Mo\u017cna odnie\u015b\u0107 wra\u017cenie, \u017ce ka\u017cdy niutonometr s\u0142u\u017cy jakiemu\u015b celowi, a nie tylko wykr\u0119caniu r\u0105k. Drugim mocnym punktem jest solidna, uspokajaj\u0105ca konstrukcja, kt\u00f3ra daje poczucie posiadania prawdziwego profesjonalisty w kokpicie. Trzeci\u0105 mocn\u0105 stron\u0105 jest sp\u00f3jny i praktyczny ekosystem MOZA, kt\u00f3ry pozwala zbudowa\u0107 jednorodne \u015brodowisko wok\u00f3\u0142 podstawy, z dobrze zintegrowanymi kierownicami i akcesoriami. Daje to poczucie \"ca\u0142o\u015bci\".<\/p>\n<p>Je\u015bli chodzi o ograniczenia, pierwszym punktem, kt\u00f3ry nale\u017cy wzi\u0105\u0107 pod uwag\u0119, jest zale\u017cno\u015b\u0107 od komputera. Je\u015bli cz\u0119sto prze\u0142\u0105czasz si\u0119 mi\u0119dzy konsolami i komputerami PC, R16 nie jest najbardziej elastyczn\u0105 baz\u0105 na rynku. Po drugie, dost\u0119pna moc, cho\u0107 wystarczaj\u0105ca, mo\u017ce by\u0107 nieco zbyt du\u017ca dla okazjonalnych symulator\u00f3w. P\u0142acisz za margines, kt\u00f3ry nie ka\u017cdy wykorzysta. Wreszcie, zamkni\u0119ty ekosystem mo\u017ce by\u0107 postrzegany jako wada przez tych, kt\u00f3rzy lubi\u0105 miesza\u0107 i dopasowywa\u0107 szerok\u0105 gam\u0119 marek i akcesori\u00f3w: MOZA oferuje wiele, ale nadal jest to produkt \"rodzinny\".<\/p>\n<p>Je\u015bli chodzi o inwestycj\u0119, R16 jest pozycjonowany jako propozycja warto\u015bci dla u\u017cytkownik\u00f3w, kt\u00f3rzy wiedz\u0105, \u017ce pozostan\u0105 w grze symulacyjnej przez d\u0142ugi czas. Jest to wyra\u017anie zakup dla entuzjast\u00f3w lub bardzo zaanga\u017cowanych graczy, a nie tylko lekka aktualizacja. Postrzegana warto\u015b\u0107 jest wysoka, je\u015bli naprawd\u0119 wykorzystasz jej potencja\u0142 i zbudujesz wok\u00f3\u0142 niej swoj\u0105 konfiguracj\u0119, nieco mniej, je\u015bli szukasz tylko \"troch\u0119 lepszej\" ni\u017c podstawowa baza.<\/p>\n<h2>Werdykt<\/h2>\n<p>MOZA R16 wyra\u017anie zmienia konfiguracj\u0119, daj\u0105c poczucie przej\u015bcia do innej kategorii si\u0142owego sprz\u0119\u017cenia zwrotnego. Zapewnia solidn\u0105, precyzyjn\u0105 i mocn\u0105 podstaw\u0119, kt\u00f3ra staje si\u0119 sercem kokpitu, wok\u00f3\u0142 kt\u00f3rego wszystko inne jest szczepione. Podczas jazdy nie m\u00f3wimy ju\u017c o gad\u017cecie lub prostej \"kierownicy do gier\", ale o wiarygodnym narz\u0119dziu do jazdy dla tych, kt\u00f3rzy powa\u017cnie podchodz\u0105 do symulacji wy\u015bcig\u00f3w.<\/p>\n<p>Na rynku znajduje si\u0119 w segmencie premium, ale nie jest absolutnie ekstremalny. Jest to podstawa klasy \u015bredniej\/wy\u017cszej w uniwersum Direct Drive, z bardzo wyra\u017anym naciskiem na PC i ekosystem MOZA. Ma to du\u017cy sens dla kogo\u015b, kto chce sp\u00f3jnego, wydajnego i trwa\u0142ego rozwi\u0105zania, bez nadwyr\u0119\u017cania bud\u017cetu na ultra-profesjonalne konfiguracje.<\/p>\n<p>Poleci\u0142bym go tym, kt\u00f3rzy je\u017cd\u017c\u0105 regularnie, kt\u00f3rzy lubi\u0105 dostraja\u0107 swoje ustawienia i kt\u00f3rzy postrzegaj\u0105 wy\u015bcigi symulacyjne jako d\u0142ugoterminowe hobby. Dla bardzo przypadkowych, zorientowanych na konsole graczy lub os\u00f3b z lekkim kokpitem, inne, skromniejsze opcje b\u0119d\u0105 bardziej racjonalne. Je\u015bli szukasz powa\u017cnej podstawy nap\u0119du bezpo\u015bredniego, zdolnej do zaoferowania bogatego, czystego i wci\u0105gaj\u0105cego sprz\u0119\u017cenia zwrotnego si\u0142y, MOZA R16 mo\u017ce wyra\u017anie zmieni\u0107 twoj\u0105 konfiguracj\u0119.<\/p>","protected":false},"excerpt":{"rendered":"<p>MOZA R16 naprawd\u0119 sprawia wra\u017cenie, \u017ce przenosi immersj\u0119 i czytelno\u015b\u0107 samochodu na nowy poziom, bez przesadzania z niepotrzebn\u0105 moc\u0105. Ma to sens dla regularnych i zaanga\u017cowanych graczy, kt\u00f3rzy s\u0105 gotowi zainwestowa\u0107 w sp\u00f3jn\u0105 konfiguracj\u0119 w d\u0142u\u017cszej perspektywie. W tym kontek\u015bcie og\u00f3lna warto\u015b\u0107 wydaje mi si\u0119 solidna i dobrze uzasadniona.<\/p>","protected":false},"featured_media":101463,"comment_status":"open","ping_status":"closed","template":"","meta":{"_acf_changed":false,"_et_pb_use_builder":"","_et_pb_old_content":"","_et_gb_content_width":""},"product_brand":[165],"product_cat":[155],"product_tag":[149],"class_list":{"0":"post-101462","1":"product","2":"type-product","3":"status-publish","4":"has-post-thumbnail","6":"product_brand-moza-racing","7":"product_cat-base","8":"product_tag-pc","10":"first","11":"instock","12":"shipping-taxable","13":"product-type-external"},"acf":[],"_links":{"self":[{"href":"https:\/\/simracergear.com\/pl\/wp-json\/wp\/v2\/product\/101462","targetHints":{"allow":["GET"]}}],"collection":[{"href":"https:\/\/simracergear.com\/pl\/wp-json\/wp\/v2\/product"}],"about":[{"href":"https:\/\/simracergear.com\/pl\/wp-json\/wp\/v2\/types\/product"}],"replies":[{"embeddable":true,"href":"https:\/\/simracergear.com\/pl\/wp-json\/wp\/v2\/comments?post=101462"}],"wp:featuredmedia":[{"embeddable":true,"href":"https:\/\/simracergear.com\/pl\/wp-json\/wp\/v2\/media\/101463"}],"wp:attachment":[{"href":"https:\/\/simracergear.com\/pl\/wp-json\/wp\/v2\/media?parent=101462"}],"wp:term":[{"taxonomy":"product_brand","embeddable":true,"href":"https:\/\/simracergear.com\/pl\/wp-json\/wp\/v2\/product_brand?post=101462"},{"taxonomy":"product_cat","embeddable":true,"href":"https:\/\/simracergear.com\/pl\/wp-json\/wp\/v2\/product_cat?post=101462"},{"taxonomy":"product_tag","embeddable":true,"href":"https:\/\/simracergear.com\/pl\/wp-json\/wp\/v2\/product_tag?post=101462"}],"curies":[{"name":"wp","href":"https:\/\/api.w.org\/{rel}","templated":true}]}}