{"id":101492,"date":"2025-05-15T08:11:00","date_gmt":"2025-05-15T08:11:00","guid":{"rendered":"https:\/\/simracergear.com\/products\/moza-r5-wheelbase\/"},"modified":"2025-11-28T05:34:24","modified_gmt":"2025-11-28T05:34:24","slug":"moza-r5-wheelbase","status":"publish","type":"product","link":"https:\/\/simracergear.com\/pl\/products\/moza-r5-wheelbase\/","title":{"rendered":"Rozstaw osi MOZA R5"},"content":{"rendered":"<h2>MOZA R5: prawdziwy punkt wej\u015bcia do Direct Drive?<\/h2>\n<p>W kategorii ma\u0142ych p\u0142yt bazowych z nap\u0119dem bezpo\u015brednim, MOZA R5 szybko sta\u0142a si\u0119 \"powa\u017cnym bud\u017cetowym\" punktem odniesienia. Jest ona wyra\u017anie skierowana do tych, kt\u00f3rzy chc\u0105 odej\u015b\u0107 od k\u00f3\u0142 zamachowych nap\u0119dzanych paskiem lub przek\u0142adni\u0105, nie decyduj\u0105c si\u0119 na potwora mocy ani nie naruszaj\u0105c bud\u017cetu. Na papierze obiecuje czyste, precyzyjne, kompaktowe FFB, z ekosystemem ju\u017c dobrze ugruntowanym wok\u00f3\u0142 niego.<\/p>\n<p>Atrakcyjno\u015b\u0107 polega na tej rzadkiej kombinacji: bardzo kompaktowy rozmiar, wystarczaj\u0105cy moment obrotowy, aby by\u0107 wci\u0105gaj\u0105cym, nowoczesne ustawienia oprogramowania i cena, kt\u00f3ra pozostaje przyst\u0119pna dla nap\u0119du bezpo\u015bredniego. Jest skierowany do symulator\u00f3w, kt\u00f3rzy chc\u0105 bazy, kt\u00f3rej nie b\u0119d\u0105 \u017ca\u0142owa\u0107 po kilku miesi\u0105cach, ale niekoniecznie szukaj\u0105 dodatkowych Nm.<\/p>\n<p>M\u00f3j cel jest prosty: sprawdzi\u0107, czy R5 naprawd\u0119 radzi sobie w trzech kluczowych obszarach dzisiejszej konfiguracji: jako\u015bci wykonania, finezji dozna\u0144 w grze i zdolno\u015bci do rozwoju przez kilka lat. Innymi s\u0142owy, czy jest to \"prawdziwa\" baza DD, czy tylko kolejny marketingowy punkt wej\u015bcia.<\/p>\n<h2>Projektowanie i produkcja<\/h2>\n<p>Wizualnie MOZA R5 jest od razu bardzo \"pro block\": kompaktowa, kanciasta aluminiowa obudowa z czystym, anodowanym wyko\u0144czeniem bez zb\u0119dnych dodatk\u00f3w. W d\u0142oni sprawia wra\u017cenie g\u0119stego, sztywnego produktu, kt\u00f3ry nie wydaje si\u0119 pusty. Mo\u017cna poczu\u0107, \u017ce podwozie zosta\u0142o zaprojektowane tak, aby przenosi\u0107 moment obrotowy bez drga\u0144, nawet w do\u015b\u0107 sztywnym kokpicie.<\/p>\n<p>Po\u0142\u0105czenia s\u0105 schludne, kraw\u0119dzie dobrze wyko\u0144czone, a \u015bruby nie koliduj\u0105 z reszt\u0105. Nie ma w nim nic krzykliwego, ale wygl\u0105da bardziej jak dzia\u0142aj\u0105cy sprz\u0119t ni\u017c zabawka. Zmniejszony rozmiar r\u00f3wnie\u017c dzia\u0142a na jego korzy\u015b\u0107: \u0142atwo mie\u015bci si\u0119 na op\u0142ywowym aluminiowym kokpicie, ale tak\u017ce na bardziej kompaktowym stojaku, o ile ma odpowiedni\u0105 sztywno\u015b\u0107.<\/p>\n<p>Najbardziej zaskakuj\u0105cy jest spos\u00f3b mocowania kierownicy za pomoc\u0105 systemu szybkiego zwalniania MOZA. Blokowanie jest proste, bez wyczuwalnego luzu. Po zablokowaniu na miejscu nie wyst\u0119puj\u0105 \u017cadne paso\u017cytnicze wibracje ani podejrzane oscylacje: przyczynia si\u0119 to w znacznym stopniu do powa\u017cnego wyczucia podstawy. Naprawd\u0119 mo\u017cna odnie\u015b\u0107 wra\u017cenie, \u017ce jest to jedna kierownica + podstawa.<\/p>\n<p>To, co mo\u017ce nieco rozczarowa\u0107, to wszechstronno\u015b\u0107 monta\u017cu. Podstawa jest wyra\u017anie przeznaczona do kokpitu lub wytrzyma\u0142ego stojaka. Na zwyk\u0142ym, lekkim biurku, nawet z podstawk\u0105, wysi\u0142ek nap\u0119du Direct Drive jest zbyt du\u017cy i traci si\u0119 precyzj\u0119. Kolejna kwestia: w por\u00f3wnaniu z bardziej ekskluzywnymi podstawami, konstrukcja pozostaje nieco \"przemys\u0142owa\", bez wi\u0119kszego wysi\u0142ku nad aspektem premium. Funkcjonalny, ale nie \"wow\".<\/p>\n<p>W por\u00f3wnaniu z du\u017cymi referencjami ze \u015bredniej p\u00f3\u0142ki, R5 jest tu\u017c poni\u017cej nich pod wzgl\u0119dem fizycznej obecno\u015bci i postrzeganego wyko\u0144czenia, ale znacznie powy\u017cej podstawowej kierownicy nap\u0119dzanej paskiem. Sprawia wra\u017cenie prawdziwego produktu simracingowego, zaprojektowanego z my\u015bl\u0105 o trwa\u0142o\u015bci, ale nie jest na poziomie masywniejszej i dro\u017cszej bazy.<\/p>\n<h2>Ustawienia, personalizacja i kompatybilno\u015b\u0107<\/h2>\n<p>Je\u015bli chodzi o ustawienia, MOZA R5 bazuje na naszym wewn\u0119trznym oprogramowaniu MOZA Pit House. Interfejs jest nowoczesny i przejrzysty, z zak\u0142adkami dla FFB, efekt\u00f3w i profili dla ka\u017cdej gry. Jest \u0142atwy w nawigacji, a ustawienia wst\u0119pne dla najbardziej znanych gier zapewniaj\u0105 ju\u017c bardzo przyzwoit\u0105 baz\u0119. To \u015bwietny spos\u00f3b na jazd\u0119 bez wchodzenia w najmniejsze szczeg\u00f3\u0142y.<\/p>\n<p>Dost\u0119pne s\u0105 naprawd\u0119 przydatne ustawienia: si\u0142a og\u00f3lna, filtr, tarcie, bezw\u0142adno\u015b\u0107, t\u0142umienie, zarz\u0105dzanie oscylacjami, a tak\u017ce kilka dodatkowych efekt\u00f3w. Wa\u017cne jest to, \u017ce ka\u017cde ustawienie ma zauwa\u017calny wp\u0142yw na tor. Mo\u017cesz poczu\u0107 r\u00f3\u017cnic\u0119, gdy dostosujesz twardo\u015b\u0107 w okolicach punktu \u015brodkowego lub poziom t\u0142umienia. Wi\u0119kszo\u015b\u0107 dostrajania ma na celu znalezienie w\u0142a\u015bciwej r\u00f3wnowagi mi\u0119dzy precyzj\u0105 FFB a komfortem podczas d\u0142ugich sesji.<\/p>\n<p>Krzywa uczenia si\u0119 pozostaje rozs\u0105dna. U\u017cytkownik korzystaj\u0105cy z kierownicy klasy podstawowej z pewno\u015bci\u0105 pope\u0142ni troch\u0119 pr\u00f3b i b\u0142\u0119d\u00f3w, ale nie zgubi si\u0119 w niejasnych menu. Simracerzy z nieco wi\u0119kszym do\u015bwiadczeniem znajd\u0105 wystarczaj\u0105co du\u017co g\u0142\u0119bi, aby naprawd\u0119 udoskonali\u0107 swoje wyczucie.<\/p>\n<p>Pod wzgl\u0119dem kompatybilno\u015bci, R5 jest skierowany przede wszystkim na PC, gdzie MOZA oferuje najbardziej kompletne wra\u017cenia. Na konsolach sytuacja jest bardziej ograniczona i zale\u017cy w du\u017cej mierze od kierownicy i licencji, wi\u0119c nie jest to podstawa do wyboru, je\u015bli g\u0142\u00f3wnym celem jest gra na konsoli. Na PC, z drugiej strony, dzia\u0142a z du\u017cymi symulatorami i grami wy\u015bcigowymi bez wi\u0119kszych problem\u00f3w.<\/p>\n<p>Ekosystem MOZA jest prawdziwym punktem sprzeda\u017cy, z r\u00f3\u017cnymi kierownicami (GT, F1, okr\u0105g\u0142e itp.), peda\u0142ami, manetkami, hamulcami r\u0119cznymi i deskami rozdzielczymi, kt\u00f3re mo\u017cna do\u015b\u0107 p\u0142ynnie pod\u0142\u0105czy\u0107. R5 mo\u017ce by\u0107 u\u017cywany jako punkt wej\u015bcia do ekosystemu, pozostaj\u0105c kompatybilnym z bardziej zaawansowanymi kierownicami w miar\u0119 przesuwania si\u0119 w g\u00f3r\u0119 zakresu. Jest mniej progresywny pod wzgl\u0119dem surowej mocy (moment obrotowy pozostaje skromny), ale bardzo solidny jako d\u0142ugoterminowy fundament dla kogo\u015b, kto nie szuka nadmiaru.<\/p>\n<h2>Stawk\u0105 s\u0105 doznania<\/h2>\n<p>Na torze charakter MOZA R5 szybko staje si\u0119 zrozumia\u0142y. Pierwsze s\u0142owo, kt\u00f3re przychodzi na my\u015bl, to \"czysty\". FFB jest czysty, wyra\u017any i p\u0142ynny. W por\u00f3wnaniu z podstawowym paskiem lub podstaw\u0105 przek\u0142adni, wzrost precyzji jest oczywisty. Wyra\u017aniej wida\u0107 mikrozmiany obci\u0105\u017cenia ko\u0142a zamachowego, niewielkie transfery masy i moment, w kt\u00f3rym opona zaczyna si\u0119 \u015blizga\u0107.<\/p>\n<p>W zakr\u0119tach podstawowy silnik jest bardzo \u0142atwy do odczytania. Moment obrotowy nie jest monstrualny, ale wystarcza, aby poczu\u0107 ci\u0119\u017car samochodu i utrzyma\u0107 dobr\u0105 przyczepno\u015b\u0107 na d\u0142ugich, szybkich zakr\u0119tach. Nie liczy si\u0119 tutaj moc, ale spos\u00f3b jej dostarczania. \u015arodek ci\u0119\u017cko\u015bci jest stabilny, bez rozmycia. Nie walczysz z kierownic\u0105, tylko z ni\u0105 wsp\u00f3\u0142pracujesz.<\/p>\n<p>Pod wzgl\u0119dem przyczepno\u015bci R5 radzi sobie bardzo dobrze w swojej kategorii. Wyra\u017anie czu\u0107 przej\u015bcie mi\u0119dzy przyczepno\u015bci\u0105 a pocz\u0105tkiem po\u015blizgu. Utrata przyczepno\u015bci podczas przyspieszania lub blokada k\u00f3\u0142 podczas hamowania s\u0105 odzwierciedlane na kierownicy bez zag\u0142uszania ich sztucznymi efektami. Wiesz, kiedy jeste\u015b na limicie. Wiesz te\u017c, kiedy go przekraczasz. To w\u0142a\u015bnie tutaj baza naprawd\u0119 zmienia doznania.<\/p>\n<p>Wibratory s\u0105 dobrym testem. Na niekt\u00f3rych torach mog\u0105 szybko sta\u0107 si\u0119 nieprzyjemne, je\u015bli baza jest s\u0142abo filtrowana. Tutaj czujesz ulg\u0119 i tekstur\u0119, ale bez rozdzierania nadgarstk\u00f3w. W zale\u017cno\u015bci od ustawie\u0144, mo\u017cna uczyni\u0107 je bardziej mi\u0119kkimi lub ostrzejszymi, ale nawet przy do\u015b\u0107 \"szorstkim\" profilu nadal mo\u017cna z nich korzysta\u0107 podczas d\u0142ugiej sesji. Nie jeste\u015b sp\u0142ukany, a to si\u0119 bardzo liczy, je\u015bli chodzi o komfort.<\/p>\n<p>Na d\u0142ugich odcinkach sp\u00f3jno\u015b\u0107 by\u0142a dobra. Nie ma zauwa\u017calnej utraty mocy, a silnik nie przegrzewa si\u0119. Zachowanie pozostaje identyczne od pocz\u0105tku do ko\u0144ca sesji, co pomaga budowa\u0107 wiarygodne punkty odniesienia. Zapominasz o bazie i koncentrujesz si\u0119 na torze.<\/p>\n<p>Przy szybkich korektach, R5 radzi sobie z zadaniem bardzo zadowalaj\u0105co jak na swoj\u0105 moc. Szybka kontrowanie i ma\u0142e odzyskiwanie na granicy s\u0105 wykonywane naturalnie. Baza jest wystarczaj\u0105co responsywna, aby pod\u0105\u017ca\u0107 za ruchem bez zauwa\u017calnego op\u00f3\u017anienia. Naprawd\u0119 mo\u017cna z\u0142apa\u0107 drift w locie. W por\u00f3wnaniu do mocniejszej bazy, masz nieco mniej mechanicznego autorytetu, ale te\u017c mniej si\u0119 m\u0119czysz.<\/p>\n<p>W por\u00f3wnaniu z mocniejszym nap\u0119dem bezpo\u015brednim r\u00f3\u017cnica polega g\u0142\u00f3wnie na rezerwie momentu obrotowego i mo\u017cliwej gwa\u0142towno\u015bci FFB. Du\u017ca baza pozwoli symulowa\u0107 ci\u0119\u017ckie GT lub prototypy z wi\u0119kszym realizmem wysi\u0142ku. Z drugiej strony, R5 przedk\u0142ada finezj\u0119 nad brutalno\u015b\u0107. Tracisz na czystej intensywno\u015bci, ale dla wielu graczy b\u0119dzie to bardziej u\u017cyteczne i mniej onie\u015bmielaj\u0105ce na co dzie\u0144.<\/p>\n<p>Przechodz\u0105c z mniej wydajnej lub nap\u0119dzanej paskiem bazy, zyskujesz na przejrzysto\u015bci, szczeg\u00f3\u0142owo\u015bci i pewno\u015bci siebie. Natychmiast rozumiesz, co robi samoch\u00f3d. Kierownica przestaje by\u0107 tylko dodatkiem, a staje si\u0119 prawdziwym narz\u0119dziem informacyjnym. Na tym poziomie cenowym jest to dok\u0142adnie to, czego mo\u017cna oczekiwa\u0107 od pierwszego nap\u0119du bezpo\u015bredniego.<\/p>\n<h2>Dla kogo to jest? Co nam si\u0119 podoba \/ Co nam si\u0119 nie podoba<\/h2>\n<p>MOZA R5 jest wyra\u017anie skierowana do zmotywowanych pocz\u0105tkuj\u0105cych lub \u015brednio zaawansowanych symulator\u00f3w, kt\u00f3rzy chc\u0105 powa\u017cnie przestawi\u0107 si\u0119 na nap\u0119d bezpo\u015bredni bez zanurzania si\u0119 w bardzo wysokiej klasy. Dobrze nadaje si\u0119 dla kogo\u015b, kto regularnie je\u017adzi na komputerze, na torze lub w symulatorach rajdowych i chce sprz\u0119tu, kt\u00f3ry b\u0119dzie mu towarzyszy\u0142 przez kilka lat. Do\u015bwiadczeni u\u017cytkownicy mog\u0105 go r\u00f3wnie\u017c doceni\u0107, je\u015bli wol\u0105 kompaktowo\u015b\u0107 i komfort od ekstremalnej mocy.<\/p>\n<p>To, co naprawd\u0119 nam si\u0119 podoba, to jako\u015b\u0107 FFB dla tej kategorii mocy. Podstawa pozostaje czytelna, delikatna i przyjemna w grze, nawet podczas d\u0142ugich sesji. Integracja z ekosystemem MOZA jest r\u00f3wnie\u017c prawdziwym plusem: mo\u017cesz stopniowo rozszerza\u0107 swoj\u0105 konfiguracj\u0119 o bardziej zaawansowane ko\u0142a zamachowe lub zestawy korbowe bez konieczno\u015bci zmiany wszystkiego. Kompaktowy rozmiar w po\u0142\u0105czeniu z powa\u017cn\u0105 konstrukcj\u0105 sprawiaj\u0105, \u017ce jest to dobry wyb\u00f3r do skromnych kokpit\u00f3w lub ma\u0142ych przestrzeni.<\/p>\n<p>S\u0105 jednak pewne ograniczenia. Pierwszym z nich jest stosunkowo ograniczona moc. Dla wi\u0119kszo\u015bci graczy to wystarczy, ale ci, kt\u00f3rzy szukaj\u0105 prawdziwie fizycznego FFB, zbli\u017conego do ekstremalnych warunk\u00f3w, uznaj\u0105 t\u0119 baz\u0119 za nieco m\u0105dr\u0105. Po drugie, kompatybilno\u015b\u0107 z konsolami jest ograniczona, co zmniejsza jej atrakcyjno\u015b\u0107 dla tych, kt\u00f3rzy graj\u0105 g\u0142\u00f3wnie na konsolach i tylko okazjonalnie na PC. Wreszcie, wszechstronno\u015b\u0107 wi\u0105zania jest mniej oczywista na prostym biurku lub lekkim stojaku, gdzie moment obrotowy Direct Drive szybko podkre\u015bla s\u0142abo\u015bci podstawy.<\/p>\n<p>Pod wzgl\u0119dem inwestycyjnym MOZA R5 jest dobrym wyborem. Nie jest to ju\u017c zakup \"zabawki\", ale prawdziwy sprz\u0119t do simracingu, o wysokiej warto\u015bci postrzeganej w stosunku do ceny wywo\u0142awczej. Dla kogo\u015b, kto korzysta z kierownicy z supermarketu lub modelu podstawowego, skok jako\u015bciowy jest wyra\u017any, nie osi\u0105gaj\u0105c ceny du\u017cych profesjonalnych kierownic. To produkt, kt\u00f3ry daje poczucie zakupu powa\u017cnej bazy, a nie tylko mocniejszego gad\u017cetu.<\/p>\n<h2>Werdykt<\/h2>\n<p>MOZA R5 to wyra\u017any prze\u0142om w konfiguracji, kt\u00f3ra pochodzi ze \u015bwiata podstawowych k\u00f3\u0142 zamachowych nap\u0119dzanych paskiem lub przek\u0142adni\u0105. Oferuje czysto\u015b\u0107, precyzj\u0119 i sp\u00f3jno\u015b\u0107 nap\u0119du bezpo\u015bredniego w kompaktowym, niedrogim formacie, kt\u00f3ry mo\u017ce by\u0107 u\u017cywany na co dzie\u0144. Nie zamieni kokpitu w symulator profesjonalnego zespo\u0142u, ale przeniesie odczucia i kontrol\u0119 na zupe\u0142nie nowy poziom.<\/p>\n<p>Zajmuje kluczow\u0105 pozycj\u0119 na rynku: podstawka z nap\u0119dem bezpo\u015brednim klasy podstawowej\/\u015bredniej, ale z odczuciami, kt\u00f3re maj\u0105 niewiele wsp\u00f3lnego z tradycyjnym modelem podstawowym. Nie ma brutalno\u015bci du\u017cych podstawek, ale oferuje bardzo interesuj\u0105c\u0105 r\u00f3wnowag\u0119 mi\u0119dzy finezj\u0105, komfortem i bud\u017cetem.<\/p>\n<p>Poleci\u0142bym go przede wszystkim sympatykom PC, kt\u00f3rzy chc\u0105 zanurzy\u0107 si\u0119 w Direct Drive dzi\u0119ki sp\u00f3jnemu, skalowalnemu rozwi\u0105zaniu w ekosystemie MOZA i kt\u00f3rzy nie potrzebuj\u0105 nadmiernej ilo\u015bci mocy. Dla graczy g\u0142\u00f3wnie konsolowych lub tych, kt\u00f3rzy celuj\u0105 bezpo\u015brednio w bardzo du\u017c\u0105 moc, nie b\u0119dzie to najlepszy wyb\u00f3r.<\/p>\n<p>Je\u015bli szukasz powa\u017cnego, czystego, kompaktowego pierwszego nap\u0119du bezpo\u015bredniego, kt\u00f3ry wytrzyma kilka sezon\u00f3w, ten produkt mo\u017ce zrobi\u0107 r\u00f3\u017cnic\u0119 w Twojej konfiguracji.<\/p>","protected":false},"excerpt":{"rendered":"<p>MOZA R5 to prawdziwy skok naprz\u00f3d pod wzgl\u0119dem precyzji i czytelno\u015bci odczu\u0107 w por\u00f3wnaniu do k\u00f3\u0142 klasy podstawowej, przy jednoczesnym zachowaniu komfortu przez d\u0142ugi czas. Ma to sens dla zmotywowanych pocz\u0105tkuj\u0105cych lub \u015brednio zaawansowanych symulator\u00f3w PC, kt\u00f3rzy chc\u0105 powa\u017cnego nap\u0119du bezpo\u015bredniego bez d\u0105\u017cenia do ekstremalnej mocy. Ca\u0142y pakiet oferuje sp\u00f3jn\u0105, trwa\u0142\u0105 podstaw\u0119 dla ewoluuj\u0105cej konfiguracji.<\/p>","protected":false},"featured_media":101493,"comment_status":"open","ping_status":"closed","template":"","meta":{"_acf_changed":false,"_et_pb_use_builder":"","_et_pb_old_content":"","_et_gb_content_width":""},"product_brand":[165],"product_cat":[155],"product_tag":[149],"class_list":{"0":"post-101492","1":"product","2":"type-product","3":"status-publish","4":"has-post-thumbnail","6":"product_brand-moza-racing","7":"product_cat-base","8":"product_tag-pc","10":"first","11":"instock","12":"shipping-taxable","13":"product-type-external"},"acf":[],"_links":{"self":[{"href":"https:\/\/simracergear.com\/pl\/wp-json\/wp\/v2\/product\/101492","targetHints":{"allow":["GET"]}}],"collection":[{"href":"https:\/\/simracergear.com\/pl\/wp-json\/wp\/v2\/product"}],"about":[{"href":"https:\/\/simracergear.com\/pl\/wp-json\/wp\/v2\/types\/product"}],"replies":[{"embeddable":true,"href":"https:\/\/simracergear.com\/pl\/wp-json\/wp\/v2\/comments?post=101492"}],"wp:featuredmedia":[{"embeddable":true,"href":"https:\/\/simracergear.com\/pl\/wp-json\/wp\/v2\/media\/101493"}],"wp:attachment":[{"href":"https:\/\/simracergear.com\/pl\/wp-json\/wp\/v2\/media?parent=101492"}],"wp:term":[{"taxonomy":"product_brand","embeddable":true,"href":"https:\/\/simracergear.com\/pl\/wp-json\/wp\/v2\/product_brand?post=101492"},{"taxonomy":"product_cat","embeddable":true,"href":"https:\/\/simracergear.com\/pl\/wp-json\/wp\/v2\/product_cat?post=101492"},{"taxonomy":"product_tag","embeddable":true,"href":"https:\/\/simracergear.com\/pl\/wp-json\/wp\/v2\/product_tag?post=101492"}],"curies":[{"name":"wp","href":"https:\/\/api.w.org\/{rel}","templated":true}]}}