{"id":101519,"date":"2025-05-15T08:12:00","date_gmt":"2025-05-15T08:12:00","guid":{"rendered":"https:\/\/simracergear.com\/products\/moza-r9-v2-wheel-base\/"},"modified":"2025-11-28T04:42:37","modified_gmt":"2025-11-28T04:42:37","slug":"moza-r9-v2-wheel-base","status":"publish","type":"product","link":"https:\/\/simracergear.com\/pl\/products\/moza-r9-v2-wheel-base\/","title":{"rendered":"MOZA R9 V2"},"content":{"rendered":"<h2>MOZA R9 V2: podstawka z nap\u0119dem bezpo\u015brednim, kt\u00f3ra ma wstrz\u0105sn\u0105\u0107 segmentem \u015bredniej klasy<\/h2>\n<p>MOZA R9 V2 jest pozycjonowana w kluczowym segmencie symulator\u00f3w wy\u015bcigowych: kompaktowych baz z nap\u0119dem bezpo\u015brednim, wystarczaj\u0105co mocnych, aby by\u0107 wiarygodnymi, ale wci\u0105\u017c przyst\u0119pnych cenowo dla szerokiego grona odbiorc\u00f3w. Jest to typowy produkt, na kt\u00f3ry mo\u017cna spojrze\u0107, gdy chce si\u0119 przej\u015b\u0107 z kierownicy z nap\u0119dem paskowym lub przek\u0142adni\u0105 z\u0119bat\u0105 na \"co\u015b powa\u017cnego\", bez si\u0119gania po ultra-high-endowe potwory.<\/p>\n<p>Obietnica R9 V2 jest prosta: solidny moment obrotowy, kompaktowy rozmiar, dobre si\u0142owe sprz\u0119\u017cenie zwrotne i ekosystem, kt\u00f3ry zaczyna si\u0119 zakorzenia\u0107. Chodzi o to, aby zaoferowa\u0107 baz\u0119, kt\u00f3ra mo\u017ce by\u0107 u\u017cywana zar\u00f3wno przez wymagaj\u0105cego gracza, kt\u00f3ry je\u017adzi kilka wieczor\u00f3w w tygodniu, jak i przez rozwijaj\u0105cego si\u0119 symulatora, kt\u00f3ry chce ulepszy\u0107 konfiguracj\u0119.<\/p>\n<p>Moja opinia o tej podstawce jest dwojaka: z jednej strony jako\u015b\u0107 czucia (precyzja, czytanie chwytu, kontrola w krytycznych fazach), a z drugiej \u0142atwo\u015b\u0107 u\u017cytkowania (ustawienia, kompatybilno\u015b\u0107, codzienny komfort). M\u00f3wi\u0105c wprost: czy MOZA R9 V2 naprawd\u0119 zmienia doznania w por\u00f3wnaniu do skromniejszej bazy i czy jest to op\u0142acalny zakup w d\u0142u\u017cszej perspektywie?<\/p>\n<h2>Projektowanie i produkcja MOZA R9 V2<\/h2>\n<p>Pierwsze wra\u017cenie na temat R9 V2 to jego kompaktowo\u015b\u0107 i g\u0119sto\u015b\u0107. Metalowy korpus od razu sprawia wra\u017cenie solidnego bloku, z grubymi \u015bciankami, ostrymi kraw\u0119dziami i wyko\u0144czeniem, kt\u00f3re wzbudza zaufanie. Jest to dalekie od pustego plastiku kierownic klasy podstawowej: tutaj podstawa ma ten uspokajaj\u0105cy \"blok silnika\".<\/p>\n<p>Jako\u015b\u0107 obr\u00f3bki jest czysta, mocowania dobrze przemy\u015blane, a ca\u0142o\u015b\u0107 emanuje sztywno\u015bci\u0105. Po zamontowaniu na odpowiednim kokpicie mo\u017cna poczu\u0107, \u017ce podstawa nie porusza si\u0119, nie wygina ani nie wibruje w \u017caden spos\u00f3b. To naprawd\u0119 precyzyjne narz\u0119dzie, a nie zabawka. Jak na produkt ze \u015bredniej p\u00f3\u0142ki, poziom wyko\u0144czenia jest zdecydowanie na najwy\u017cszym poziomie.<\/p>\n<p>Zaskakuj\u0105cy jest format: jak na baz\u0119 nap\u0119du bezpo\u015bredniego o tej mocy, jest ona nadal stosunkowo kompaktowa. U\u0142atwia to \u017cycie w ciasnych kokpitach lub na lekkich konstrukcjach profilowanych. Stonowany, raczej dyskretny design jest plusem dla tych, kt\u00f3rzy nie chc\u0105 krzykliwej podk\u0142adki na \u015brodku salonu.<\/p>\n<p>Jest jednak kilka wad. System szybkiego zwalniania kierownicy, cho\u0107 praktyczny, nie ma lekkiego mechanicznego \"klikni\u0119cia\", kt\u00f3re mo\u017cna znale\u017a\u0107 nawet w bardziej zaawansowanych systemach. Nie ma o czym pisa\u0107, ale mo\u017cna poczu\u0107 r\u00f3\u017cnic\u0119 w por\u00f3wnaniu do dro\u017cszych baz. Podobnie, niekt\u00f3rzy mog\u0105 stwierdzi\u0107, \u017ce podstawa nieco si\u0119 nagrzewa podczas d\u0142ugich sesji, cho\u0107 pozostaje to w akceptowalnych granicach.<\/p>\n<p>W por\u00f3wnaniu do innych podstawek Direct Drive o por\u00f3wnywalnej mocy, R9 V2 wyra\u017anie trzyma poziom. W por\u00f3wnaniu do podstawy z nap\u0119dem paskowym, natychmiast zyskujesz na postrzeganiu solidno\u015bci i sp\u00f3jno\u015bci: tutaj wszystko jest bardziej bezpo\u015brednie, czystsze, bez mechanicznych luz\u00f3w i rozmycia. W d\u0142oni czu\u0107, \u017ce jest to \"profesjonalne\" narz\u0119dzie.<\/p>\n<h2>Ustawienia, personalizacja i kompatybilno\u015b\u0107<\/h2>\n<p>MOZA R9 V2 opiera si\u0119 na do\u015b\u0107 wszechstronnym oprogramowaniu zarz\u0105dzaj\u0105cym, z predefiniowanymi profilami i mo\u017cliwo\u015bci\u0105 precyzyjnego dostrojenia wszystkiego. Interfejs pozostaje stosunkowo przejrzysty: r\u00f3\u017cne parametry si\u0142y, filtrowania i reakcji na wstrz\u0105sy s\u0105 pogrupowane w logiczny spos\u00f3b. U\u017cytkownik nie tonie w niejasnych terminach, ale nadal istnieje wiele mo\u017cliwo\u015bci precyzyjnego dostrojenia zachowania.<\/p>\n<p>Ustawienia wst\u0119pne przewidziane dla du\u017cych gier wy\u015bcigowych s\u0105 dobr\u0105 podstaw\u0105. Mo\u017cesz je\u017adzi\u0107 w ten spos\u00f3b i po prostu dostosowa\u0107 og\u00f3ln\u0105 si\u0142\u0119, bez sp\u0119dzania godzin w menu. Id\u0105c dalej, przydatne ustawienia to g\u0142\u00f3wnie wzmocnienie, filtrowanie, si\u0142a szybkich efekt\u00f3w i zarz\u0105dzanie tarciem. Istnieje krzywa uczenia si\u0119, szczeg\u00f3lnie dla tych, kt\u00f3rzy pochodz\u0105 z prostej kierownicy, ale pozostaje rozs\u0105dna. Po kilku sesjach do\u015b\u0107 \u0142atwo jest zrozumie\u0107, co zmienia ka\u017cdy suwak.<\/p>\n<p>Bardzo interesuj\u0105ca jest kompatybilno\u015b\u0107 z komputerami PC i integracja z ekosystemem MOZA. R9 V2 jest wyra\u017anie zorientowana na komputery PC, z bardzo szerok\u0105 kompatybilno\u015bci\u0105 z nowoczesnymi symulatorami, o ile system Windows prawid\u0142owo j\u0105 rozpoznaje. W przypadku konsol nale\u017cy sprawdzi\u0107 po\u015brednie wsparcie za po\u015brednictwem niekt\u00f3rych kierownic lub dedykowanych rozwi\u0105za\u0144: nie m\u00f3wimy o uniwersalnym plug-and-play, jak w przypadku niekt\u00f3rych produkt\u00f3w wieloplatformowych.<\/p>\n<p>Je\u015bli chodzi o ekosystem, baza akceptuje kierownice MOZA i dobrze integruje si\u0119 z korbami, manetkami i innymi akcesoriami marki. Zalet\u0105 jest to, \u017ce mo\u017cna zbudowa\u0107 sp\u00f3jn\u0105 konfiguracj\u0119 wok\u00f3\u0142 tej bazy i dodawa\u0107 do niej z czasem. Moim zdaniem R9 V2 mo\u017cna wykorzysta\u0107 jako punkt wej\u015bcia do ekosystemu MOZA, ale bez bycia produktem \"do wyrzucenia\": jest naprawd\u0119 miejsce na ulepszenia i nie ma si\u0119 wra\u017cenia, \u017ce po kilku miesi\u0105cach b\u0119dzie przestarza\u0142y.<\/p>\n<h2>MOZA R9 V2: doznania w grze i powr\u00f3t do pe\u0142ni si\u0142<\/h2>\n<p>To w\u0142a\u015bnie na torze R9 V2 pokazuje swoje prawdziwe oblicze. To, co od razu rzuca si\u0119 w oczy, to precyzja si\u0142owego sprz\u0119\u017cenia zwrotnego. Drobne ruchy kierownic\u0105, mikrokorekty i niewielkie przeniesienie obci\u0105\u017cenia s\u0105 wyra\u017anie przekazywane. Mo\u017cesz poczu\u0107, jak samoch\u00f3d o\u017cywa w twoich r\u0119kach, bez konieczno\u015bci popychania FFB do skrajno\u015bci.<\/p>\n<p>Na zakr\u0119tach progresja si\u0142y jest sta\u0142a. Si\u0142a wzrasta w do\u015b\u0107 liniowy spos\u00f3b w miar\u0119 pochylania samochodu i obci\u0105\u017cania opon. Rozumiesz, kiedy samoch\u00f3d jest dobrze podparty, kiedy jeste\u015b na granicy przyczepno\u015bci lub tu\u017c poza ni\u0105. Przej\u015bcie mi\u0119dzy przyczepno\u015bci\u0105 a przeci\u0105gni\u0119ciem jest wyra\u017ane, co ma kluczowe znaczenie, je\u015bli chcesz je\u017adzi\u0107 czysto i p\u0142ynnie. Tam, gdzie niekt\u00f3re bazy nap\u0119dzane paskiem mog\u0105 wydawa\u0107 si\u0119 nieco \"gumowate\", R9 V2 jest ostrzejszy i bardziej bezpo\u015bredni.<\/p>\n<p>Odczyt przyczepno\u015bci jest jedn\u0105 z mocnych stron tej bazy. Mo\u017cna wyra\u017anie wyczu\u0107, kiedy prz\u00f3d zaczyna si\u0119 \u015blizga\u0107, kiedy ty\u0142 staje si\u0119 lekki lub kiedy opona zaczyna si\u0119 obraca\u0107. Nie m\u00f3wimy tu o przesadnych efektach, ale o szeregu drobnych informacji, kt\u00f3re daj\u0105 pewno\u015b\u0107. Natychmiast rozumiesz, co robi samoch\u00f3d. W tym miejscu baza naprawd\u0119 zmienia wra\u017cenia z jazdy.<\/p>\n<p>Je\u015bli chodzi o wibracje, R9 V2 zapewnia ostre, ale nie przesadne odczucia, pod warunkiem, \u017ce nie przesadzisz z efektami w oprogramowaniu. P\u0142askie wibratory dobrze odr\u00f3\u017cniaj\u0105 si\u0119 od du\u017cych, agresywnych kraw\u0119\u017cnik\u00f3w, a kraw\u0119\u017cniki na ko\u0144cu toru sprawiaj\u0105 wra\u017cenie czystych przerw. Nie jest to baza, kt\u00f3ra \"\u015blini si\u0119\" lub ukrywa szczeg\u00f3\u0142y pod du\u017cym, jednolitym momentem obrotowym. Wr\u0119cz przeciwnie, impulsy s\u0105 kr\u00f3tkie, wyra\u017ane i do\u015b\u0107 dobrze kontrolowane.<\/p>\n<p>Podczas d\u0142ugich sesji konsystencja jest ca\u0142kiem dobra. Si\u0142a pozostaje stabilna, nie ma wyra\u017anego pogorszenia powrotu, a podstawa wytrzymuje bez nasycenia lub nieprecyzyjno\u015bci. Mo\u017cesz je\u017adzi\u0107 przez d\u0142ugi czas bez odczuwania wi\u0119kszych zmian w zachowaniu bazy, co jest niezb\u0119dne do powa\u017cnej jazdy lub mistrzostw.<\/p>\n<p>Przy szybkich korektach R9 V2 jest responsywny. Gdy samoch\u00f3d nieco si\u0119 cofa, kierownica energicznie \"przypomina\" o sobie, ale bez wra\u017cenia walki z maszyn\u0105. Je\u015bli masz s\u0142absz\u0105 baz\u0119, przyzwyczajenie si\u0119 do tej responsywno\u015bci zajmuje troch\u0119 czasu, ale kiedy ju\u017c si\u0119 do niej przyzwyczaisz, wyra\u017anie zyskujesz kontrol\u0119 podczas po\u015blizgu i nadrabiania zaleg\u0142o\u015bci.<\/p>\n<p>Je\u015bli chodzi o og\u00f3ln\u0105 immersj\u0119, po\u0142\u0105czenie mocy, finezji i szybko\u015bci reakcji jest bardzo przekonuj\u0105ce. Pod ka\u017cdym wzgl\u0119dem przewy\u017csza podstawow\u0105 baz\u0119: sprz\u0119\u017cenie zwrotne jest nie tylko silniejsze, ale te\u017c czystsze i bardziej czytelne. W por\u00f3wnaniu z jeszcze mocniejszymi modelami z wy\u017cszej p\u00f3\u0142ki, R9 V2 mo\u017ce wydawa\u0107 si\u0119 nieco w tyle pod wzgl\u0119dem czystego \"uderzenia\" przy ci\u0119\u017ckich wstrz\u0105sach lub w ultra-fizycznych samochodach, ale dla wi\u0119kszo\u015bci u\u017cytkownik\u00f3w rezerwa momentu obrotowego i szczeg\u00f3\u0142owo\u015b\u0107 b\u0119d\u0105 wi\u0119cej ni\u017c wystarczaj\u0105ce.<\/p>\n<p>Podsumowuj\u0105c czyste doznania: odzyskujesz si\u0142\u0119, kt\u00f3ra dodaje ci pewno\u015bci siebie, zach\u0119ca do ataku, ale pozostaje u\u017cyteczna i mo\u017cliwa do opanowania na co dzie\u0144. Nie cierpisz bazy, u\u017cywasz jej, by jecha\u0107 szybciej.<\/p>\n<h2>Dla kogo to jest? Co lubimy, czego nie lubimy<\/h2>\n<p>MOZA R9 V2 jest wyra\u017anie skierowana do zmotywowanych symulator\u00f3w wy\u015bcig\u00f3w, g\u0142\u00f3wnie na PC, kt\u00f3rzy chc\u0105 prawdziwej bazy Direct Drive bez nadwyr\u0119\u017cania bud\u017cetu lub kokpitu. Dla zupe\u0142nie pocz\u0105tkuj\u0105cych w wy\u015bcigach symulacyjnych mo\u017ce to by\u0107 nieco ambitne, ale dla kogo\u015b, kto w\u0142a\u015bnie kupi\u0142 T300, G29 lub odpowiednik i sp\u0119dzi\u0142 ju\u017c wiele godzin na wirtualnych torach, skok jako\u015bciowy b\u0119dzie oczywisty. Kierowcy \u015bredniozaawansowani i do\u015bwiadczeni uznaj\u0105 j\u0105 za powa\u017cne narz\u0119dzie, zdolne do \u015bledzenia ich post\u0119p\u00f3w.<\/p>\n<p>W\u015br\u00f3d mocnych stron doceniam przede wszystkim jako\u015b\u0107 czucia: poziom szczeg\u00f3\u0142owo\u015bci FFB, czytelno\u015b\u0107 chwytu i sp\u00f3jno\u015b\u0107 momentu obrotowego sprawiaj\u0105, \u017ce jest to przyjemna i skuteczna podstawa. Nast\u0119pnie jest konstrukcja: solidna, sztywna i uspokajaj\u0105ca, z wyko\u0144czeniem, kt\u00f3re wygl\u0105da na premium bez ostentacji. Wreszcie, ekosystem MOZA i logika ewolucji: mo\u017cesz zacz\u0105\u0107 od tej bazy, a nast\u0119pnie wzbogaci\u0107 swoj\u0105 konfiguracj\u0119, dodaj\u0105c kierownice, peda\u0142y lub akcesoria, pozostaj\u0105c w tym samym \u015brodowisku oprogramowania. Masz wra\u017cenie, \u017ce inwestujesz w platform\u0119, a nie tylko blok silnika.<\/p>\n<p>Z drugiej strony, nale\u017cy pami\u0119ta\u0107 o pewnych ograniczeniach. Kompatybilno\u015b\u0107 z konsolami nie jest jej ulubionym polem do popisu: dla u\u017cytkownik\u00f3w g\u0142\u00f3wnie konsol, inne bardziej \"oficjalne\" alternatywy b\u0119d\u0105 bez w\u0105tpienia \u0142atwiejsze do \u017cycia. Oprogramowanie, cho\u0107 og\u00f3lnie przejrzyste, mo\u017ce zaj\u0105\u0107 troch\u0119 czasu, aby znale\u017a\u0107 naprawd\u0119 idealne ustawienia dla r\u00f3\u017cnych gier, szczeg\u00f3lnie dla tych, kt\u00f3rzy nie lubi\u0105 dotyka\u0107 zaawansowanych ustawie\u0144. Wreszcie, dla najbardziej ekstremalnych u\u017cytkownik\u00f3w, kt\u00f3rzy je\u017cd\u017c\u0105 wy\u0142\u0105cznie prototypami lub GT z bardzo du\u017cymi si\u0142ami, rezerwa momentu obrotowego mo\u017ce wydawa\u0107 si\u0119 nieco niska w por\u00f3wnaniu z bardziej masywnymi bazami.<\/p>\n<p>Je\u015bli chodzi o postrzegan\u0105 warto\u015b\u0107, R9 V2 to rozs\u0105dna inwestycja dla tych, kt\u00f3rzy chc\u0105 zrobi\u0107 prawdziwy krok naprz\u00f3d w wy\u015bcigach symulacyjnych bez zanurzania si\u0119 w najwy\u017cszym segmencie rynku. P\u0142acisz nieco wi\u0119cej ni\u017c za kierownic\u0119 nap\u0119dzan\u0105 paskiem, ale zyskujesz si\u0142owe sprz\u0119\u017cenie zwrotne, kt\u00f3re wyra\u017anie zmienia spos\u00f3b prowadzenia pojazdu. W przypadku powa\u017cnej konfiguracji jest to centralny element, kt\u00f3ry uzasadnia swoje miejsce i cen\u0119.<\/p>\n<h2>Werdykt: MOZA R9 V2 w symulacyjnej konfiguracji wy\u015bcigowej<\/h2>\n<p>MOZA R9 V2 przynosi prawdziwy skok jako\u015bciowy w konfiguracji. Przekszta\u0142ca kokpit wyposa\u017cony w kierownic\u0119 \u015bredniej klasy w ju\u017c bardzo wiarygodn\u0105 platform\u0119, zdoln\u0105 do zaprezentowania dobrego zestawu korbowego i sztywnego podwozia. Jest to typowa baza, kt\u00f3ra sprawia, \u017ce chcesz je\u017adzi\u0107 wi\u0119cej, udoskonala\u0107 trajektorie i pracowa\u0107 nad czasami okr\u0105\u017ce\u0144, poniewa\u017c informacje docieraj\u0105 wyra\u017aniej.<\/p>\n<p>Na rynku R9 V2 zajmuje kluczow\u0105 pozycj\u0119 w \u015brednim zakresie nap\u0119d\u00f3w bezpo\u015brednich. Bardziej powa\u017cny, smuklejszy i bardziej wci\u0105gaj\u0105cy ni\u017c rozwi\u0105zanie nap\u0119dzane paskiem, ale bardziej kompaktowy i bardziej dost\u0119pny ni\u017c du\u017ce, bardzo wydajne bloki. Spe\u0142nia wszystkie niezb\u0119dne wymagania symulatora, kt\u00f3ry chce mie\u0107 wysokowydajne, wytrzyma\u0142e narz\u0119dzie, ale bez przesady.<\/p>\n<p>Poleci\u0142bym go g\u0142\u00f3wnie u\u017cytkownikom komputer\u00f3w PC, z minimaln\u0105 inwestycj\u0105 w stabilny kokpit i odrobin\u0105 czasu, aby po\u015bwi\u0119ci\u0107 si\u0119 ustawieniom. Dla okazjonalnego gracza konsolowego lub kogo\u015b, kto chce \u015bci\u015ble plug-and-play bez dotykania czegokolwiek, nie b\u0119dzie to najprostszy ani najbardziej odpowiedni wyb\u00f3r.<\/p>\n<p>Je\u015bli szukasz kompaktowej podstawy Direct Drive z odpowiedni\u0105 moc\u0105, prawdziwym wyczuciem jazdy i solidnym ekosystemem, ten produkt mo\u017ce zrobi\u0107 r\u00f3\u017cnic\u0119 w Twojej konfiguracji.<\/p>","protected":false},"excerpt":{"rendered":"<p>R9 V2 naprawd\u0119 daje wra\u017cenie, \u017ce przechodzisz na powa\u017cne narz\u0119dzie: sterowanie staje si\u0119 wyra\u017aniejsze i bardziej precyzyjne, a ty czujesz si\u0119 pewniej podczas ataku. Ma to sens w przypadku graczy symulator\u00f3w PC, kt\u00f3rzy ju\u017c troch\u0119 zainwestowali (T300, G29 itp.) i kt\u00f3rzy chc\u0105 zrobi\u0107 zr\u00f3wnowa\u017cony krok naprz\u00f3d, nie celuj\u0105c w najwy\u017csz\u0105 p\u00f3\u0142k\u0119 rynku. Stosunek sp\u00f3jno\u015bci do ceny wydaje mi si\u0119 solidny.<\/p>","protected":false},"featured_media":101520,"comment_status":"open","ping_status":"closed","template":"","meta":{"_acf_changed":false,"_et_pb_use_builder":"","_et_pb_old_content":"","_et_gb_content_width":""},"product_brand":[165],"product_cat":[155],"product_tag":[149],"class_list":{"0":"post-101519","1":"product","2":"type-product","3":"status-publish","4":"has-post-thumbnail","6":"product_brand-moza-racing","7":"product_cat-base","8":"product_tag-pc","10":"first","11":"instock","12":"shipping-taxable","13":"product-type-external"},"acf":[],"_links":{"self":[{"href":"https:\/\/simracergear.com\/pl\/wp-json\/wp\/v2\/product\/101519","targetHints":{"allow":["GET"]}}],"collection":[{"href":"https:\/\/simracergear.com\/pl\/wp-json\/wp\/v2\/product"}],"about":[{"href":"https:\/\/simracergear.com\/pl\/wp-json\/wp\/v2\/types\/product"}],"replies":[{"embeddable":true,"href":"https:\/\/simracergear.com\/pl\/wp-json\/wp\/v2\/comments?post=101519"}],"wp:featuredmedia":[{"embeddable":true,"href":"https:\/\/simracergear.com\/pl\/wp-json\/wp\/v2\/media\/101520"}],"wp:attachment":[{"href":"https:\/\/simracergear.com\/pl\/wp-json\/wp\/v2\/media?parent=101519"}],"wp:term":[{"taxonomy":"product_brand","embeddable":true,"href":"https:\/\/simracergear.com\/pl\/wp-json\/wp\/v2\/product_brand?post=101519"},{"taxonomy":"product_cat","embeddable":true,"href":"https:\/\/simracergear.com\/pl\/wp-json\/wp\/v2\/product_cat?post=101519"},{"taxonomy":"product_tag","embeddable":true,"href":"https:\/\/simracergear.com\/pl\/wp-json\/wp\/v2\/product_tag?post=101519"}],"curies":[{"name":"wp","href":"https:\/\/api.w.org\/{rel}","templated":true}]}}