{"id":101532,"date":"2025-05-15T08:12:00","date_gmt":"2025-05-15T08:12:00","guid":{"rendered":"https:\/\/simracergear.com\/products\/moza-rs-v2-steering-wheel\/"},"modified":"2025-11-28T05:36:27","modified_gmt":"2025-11-28T05:36:27","slug":"moza-rs-v2-steering-wheel","status":"publish","type":"product","link":"https:\/\/simracergear.com\/pl\/products\/moza-rs-v2-steering-wheel\/","title":{"rendered":"Kierownica MOZA RS V2"},"content":{"rendered":"<h2>Kierownica MOZA RS V2: powa\u017cna kierownica GT, kt\u00f3ra przeniesie wy\u015bcigi symulacyjne na wy\u017cszy poziom.<\/h2>\n<p>MOZA RS V2 jest wyra\u017anie pozycjonowana jako najwy\u017cszej klasy kierownica GT dla baz Direct Drive, zaprojektowana dla symulator\u00f3w wy\u015bcig\u00f3w, kt\u00f3rzy chc\u0105 przej\u015b\u0107 na wy\u017cszy poziom bez przechodzenia na ultra-premium. Jest to model zorientowany na osi\u0105gi, o konstrukcji GT\/endurance, skierowany zar\u00f3wno do zwyk\u0142ego u\u017cytkownika, jak i ju\u017c dobrze wyposa\u017conego wirtualnego kierowcy.<\/p>\n<p>Ta kierownica jest atrakcyjna z trzech g\u0142\u00f3wnych powod\u00f3w: jej bardzo \"profesjonalny\" wygl\u0105d, najwy\u017cszej jako\u015bci materia\u0142y i integracja z ekosystemem MOZA, kt\u00f3ry staje si\u0119 coraz bardziej solidny. Na papierze jest to produkt, kt\u00f3ry obiecuje du\u017cy skok naprz\u00f3d pod wzgl\u0119dem wra\u017ce\u0144 w por\u00f3wnaniu z kierownicami klasy podstawowej, z zaawansowan\u0105 ergonomi\u0105 i wszechstronnymi elementami steruj\u0105cymi.<\/p>\n<p>M\u00f3j punkt widzenia jest prosty: czy RS V2 naprawd\u0119 przynosi konkretny wzrost precyzji, komfortu i przyjemno\u015bci na torze, czy jest to tylko kolejny \u0142adny dodatek? Czy naprawd\u0119 mo\u017cna poczu\u0107 r\u00f3\u017cnic\u0119 w trajektoriach, odczycie przyczepno\u015bci i sp\u00f3jno\u015bci przez kilka godzin jazdy? A przede wszystkim, czy ta kierownica ma sens w dzisiejszej konfiguracji, w obliczu wielu alternatyw na rynku PC\/Direct Drive?<\/p>\n<h2>Projekt i produkcja: kierownica, kt\u00f3ra dobrze le\u017cy w d\u0142oni<\/h2>\n<p>W d\u0142oni MOZA RS V2 natychmiast sprawia powa\u017cne wra\u017cenie. Metalowa obr\u0119cz wzbudza zaufanie: jest g\u0119sta i sztywna i nie ma wyczuwalnego ugi\u0119cia, gdy trzymasz j\u0105 mocno lub dociskasz. Jest to dalekie od pustego odczucia niekt\u00f3rych podstawowych kierownic z plastikow\u0105 ram\u0105.<\/p>\n<p>Pokrycie r\u0119koje\u015bci, wykonane z dobrej jako\u015bci sk\u00f3ry lub imitacji sk\u00f3ry, w zale\u017cno\u015bci od wersji, naprawd\u0119 zwi\u0119ksza wra\u017cenie premium. Uchwyt jest pewny, a jego grubo\u015b\u0107 jest odpowiednia dla \u015brednich i du\u017cych d\u0142oni. Mo\u017cesz je\u017adzi\u0107 przez d\u0142ugi czas bez napinania palc\u00f3w. Szwy s\u0105 czyste i r\u00f3wne, bez irytuj\u0105cej dodatkowej grubo\u015bci. Wyra\u017anie wida\u0107, \u017ce og\u00f3lne wyko\u0144czenie jest bardziej \"profesjonalnym produktem\" ni\u017c \"urz\u0105dzeniem peryferyjnym do gier\".<\/p>\n<p>Przyciski i pokr\u0119t\u0142a dobrze le\u017c\u0105 w palcach. Klikaj\u0105 czysto i nie s\u0105 zbyt twarde. Ma\u0142e pokr\u0119t\u0142a zapewniaj\u0105 odpowiedni\u0105 kontrol\u0119 nad ustawieniami wy\u015bcigowymi. Czu\u0107, \u017ce rozmieszczenie przycisk\u00f3w zosta\u0142o przemy\u015blane tak, aby mo\u017cna by\u0142o prowadzi\u0107 samoch\u00f3d bez odrywania r\u0105k od kierownicy, co naprawd\u0119 zmienia spos\u00f3b zarz\u0105dzania samochodem w warunkach wy\u015bcigowych.<\/p>\n<p>Metalowe \u0142opatki sprz\u0119g\u0142a i zmiany bieg\u00f3w wzmacniaj\u0105 to wra\u017cenie sztywno\u015bci. Klik jest suchy, bardzo mechaniczny, z kr\u00f3tkim skokiem. Wyra\u017anie czu\u0107 ka\u017cd\u0105 zmian\u0119 biegu. Niekt\u00f3rzy mog\u0105 jednak uzna\u0107 je za nieco ha\u0142a\u015bliwe, w zale\u017cno\u015bci od konfiguracji i otoczenia. D\u017awi\u0119k emanuje solidno\u015bci\u0105, ale nie stara si\u0119 by\u0107 st\u0142umiony.<\/p>\n<p>To, co mo\u017ce by\u0107 nieco rozczarowuj\u0105ce, to kilka szczeg\u00f3\u0142\u00f3w estetycznych w por\u00f3wnaniu z najlepszymi kierownicami: niekt\u00f3re plastikowe elementy wok\u00f3\u0142 piasty lub przycisk\u00f3w nie zapewniaj\u0105 tego samego poziomu \"wizualnego luksusu\", co drogie kierownice. Nadal jest powa\u017cna, ale nie ultra-wyrafinowana.<\/p>\n<p>RS V2 wypada bardzo korzystnie w por\u00f3wnaniu z podobnymi kierownicami innych marek. Pod wzgl\u0119dem sztywno\u015bci, wyczucia i jako\u015bci wyra\u017anie plasuje si\u0119 w g\u00f3rnej cz\u0119\u015bci swojego przedzia\u0142u cenowego. Sprawia wra\u017cenie produktu zaprojektowanego z my\u015bl\u0105 o trwa\u0142o\u015bci, a nie tylko dobrym wygl\u0105dzie na biurku.<\/p>\n<h2>Ustawienia, personalizacja i kompatybilno\u015b\u0107: kierownica dostosowana do ekosystemu MOZA<\/h2>\n<p>RS V2 ma doskona\u0142y sens jako cz\u0119\u015b\u0107 ekosystemu MOZA. Wykorzystuje zastrze\u017cony przez mark\u0119 system szybkiego uwalniania, kt\u00f3ry jest ca\u0142kiem udany: po\u0142\u0105czenie jest szybkie i mocne, bez wyczuwalnego luzu. Po przymocowaniu do podstawy MOZA ca\u0142a jednostka tworzy jedn\u0105 ca\u0142o\u015b\u0107, co znacznie przyczynia si\u0119 do solidnego wyczucia kierownicy.<\/p>\n<p>Je\u015bli chodzi o personalizacj\u0119, g\u0142\u00f3wn\u0105 atrakcj\u0105 jest po\u0142\u0105czenie kierownicy i oprogramowania MOZA Pit House. RS V2 oferuje wystarczaj\u0105c\u0105 liczb\u0119 przycisk\u00f3w, enkoder\u00f3w i \u0142opatek, aby zmapowa\u0107 wszystko, czego potrzebujesz do g\u0142\u00f3wnego symulatora. ABS, kontrola trakcji, balans hamulc\u00f3w, mieszanka paliwowa, radio, pit limiter: wszystko ma swoje miejsce. Mo\u017cesz szybko zrozumie\u0107, co jest pod r\u0119k\u0105, bez sp\u0119dzania godzin na szukaniu odpowiedniego przycisku.<\/p>\n<p>Menu oprogramowania MOZA pozostaj\u0105 dost\u0119pne, nawet je\u015bli nie jeste\u015b czystym technikiem. Wst\u0119pne ustawienia specyficzne dla gier s\u0105 bardzo pomocne na pocz\u0105tku, ale mo\u017cna je nast\u0119pnie dostroi\u0107 zgodnie z w\u0142asnymi preferencjami. Mo\u017cesz dostosowa\u0107 intensywno\u015b\u0107 wibracji, reakcj\u0119 przycisk\u00f3w, a przede wszystkim po\u0142\u0105czy\u0107 je z podstawowymi ustawieniami Direct Drive, aby uzyska\u0107 sp\u00f3jn\u0105 ca\u0142o\u015b\u0107. Krzywa uczenia si\u0119 nie jest stroma: optymalizacja wszystkiego zajmuje troch\u0119 czasu, ale w dobrych warunkach mo\u017cna je\u017adzi\u0107 szybko.<\/p>\n<p>Kompatybilno\u015b\u0107 jest wyra\u017anie ukierunkowana na PC. Dzi\u0119ki podstawie MOZA obs\u0142ugiwane s\u0105 g\u0142\u00f3wne gry wy\u015bcigowe na PC. W przypadku konsol jest to bardziej kwestia zastosowanej podstawy ni\u017c samej kierownicy, wi\u0119c nie kupuj tego modelu z nadziej\u0105 na uniwersaln\u0105 kompatybilno\u015b\u0107 bez sprawdzenia reszty konfiguracji.<\/p>\n<p>RS V2 dobrze wpisuje si\u0119 w logik\u0119 ewoluuj\u0105cego ekosystemu: mo\u017cesz zacz\u0105\u0107 od umiarkowanie mocnej bazy MOZA, a nast\u0119pnie przej\u015b\u0107 do wy\u017cszego zakresu bez zmiany kierownicy. Mo\u017ce by\u0107 u\u017cywana jako g\u0142\u00f3wna kierownica do wi\u0119kszo\u015bci dyscyplin GT \/ turystycznych, a nast\u0119pnie uzupe\u0142niona o bardziej specyficzn\u0105 kierownic\u0119 F1 lub rajdow\u0105. To nie tylko \"jednorazowy\" punkt wej\u015bcia, to element, kt\u00f3ry mo\u017ce pozosta\u0107 w centrum konfiguracji przez d\u0142ugi czas.<\/p>\n<h2>Wra\u017cenia z gry: precyzja, kontrola i pewno\u015b\u0107 siebie podczas jazdy na okr\u0105g\u0142o<\/h2>\n<p>MOZA RS V2 naprawd\u0119 sprawdza si\u0119 na torze, zamontowana na podwoziu Direct Drive marki. Pierwsz\u0105 rzecz\u0105, kt\u00f3r\u0105 mo\u017cna zauwa\u017cy\u0107, jest precyzja obr\u0119czy i spos\u00f3b, w jaki ko\u0142o zamachowe przenosi zmiany momentu obrotowego. Sztywno\u015b\u0107 podwozia ko\u0142a zamachowego pozwala unikn\u0105\u0107 paso\u017cytniczych odkszta\u0142ce\u0144: to, co wysy\u0142a podstawa, czujesz bezpo\u015brednio w d\u0142oniach.<\/p>\n<p>Podczas pokonywania zakr\u0119t\u00f3w kierownica wyra\u017anie wskazuje obci\u0105\u017cenie przenoszone na przedni\u0105 o\u015b. Na wej\u015bciu mo\u017cna wyczu\u0107, kiedy opony zaczynaj\u0105 pracowa\u0107, a nast\u0119pnie, kiedy zbli\u017casz si\u0119 do granicy przyczepno\u015bci. W por\u00f3wnaniu z bardziej \"zabawkow\u0105\" kierownic\u0105 lub paskiem z lekk\u0105 obr\u0119cz\u0105, informacje zwrotne s\u0105 znacznie wyra\u017aniejsze. Szybciej zrozumiesz, kiedy przesadzisz, kiedy za p\u00f3\u017ano zahamujesz lub kiedy wjedziesz nieco optymistycznie.<\/p>\n<p>W przypadku wibrator\u00f3w odczucia s\u0105 jednoznaczne. Kr\u00f3tkie kraw\u0119dzie toru generuj\u0105 kr\u00f3tkie, czyste, dobrze odseparowane wibracje. Na bardziej agresywnych wibratorach sprz\u0119\u017cenie zwrotne jest bardziej masywne, bardziej fizyczne, ale kierownica pozostaje kontrolowana, bez wra\u017cenia unoszenia si\u0119. Obr\u0119cz nie skr\u0119ca si\u0119, tylko odsy\u0142a to, co generuje podstawa. Jest czysta. W tym miejscu ca\u0142o\u015b\u0107 naprawd\u0119 zmienia doznania: felgi staj\u0105 si\u0119 prawdziw\u0105 wskaz\u00f3wk\u0105 do jazdy, a nie tylko ha\u0142asem w tle.<\/p>\n<p>Odczytywanie przyczepno\u015bci to jedna z naszych mocnych stron. Na technicznym torze, z do\u015b\u0107 szybkim GT, mo\u017cna poczu\u0107 mikro-utraty przyczepno\u015bci jeszcze przed skr\u0119ceniem. Ty\u0142 zaczyna traci\u0107 na wadze, prz\u00f3d nieznacznie si\u0119 poszerza: wszystko przechodzi przez kierownic\u0119. Daje to dodatkow\u0105 przestrze\u0144 do manewrowania, dzi\u0119ki czemu mo\u017cna dokona\u0107 korekt na wczesnym etapie, zamiast by\u0107 zmuszonym do ich znoszenia.<\/p>\n<p>Je\u015bli chodzi o szybkie korekty, RS V2 jest bardzo pomocny. \u0141opatki s\u0105 dobrze umiejscowione, przyczepno\u015b\u0107 nie zmienia si\u0119 i mo\u017cna wykonywa\u0107 mocne kontry bez utraty kontaktu z obr\u0119cz\u0105. Posiadanie sztywnej, dobrze wywa\u017conej kierownicy oznacza, \u017ce mo\u017cesz wystartowa\u0107 i z\u0142apa\u0107 samoch\u00f3d z wi\u0119ksz\u0105 pewno\u015bci\u0105 siebie. \u0141atwiej jest odwa\u017cy\u0107 si\u0119 na przekroczenie limitu, poniewa\u017c czujesz, \u017ce masz miejsce na korekt\u0119.<\/p>\n<p>Sp\u00f3jno\u015b\u0107 jest dobra podczas d\u0142ugich sesji. Kszta\u0142t obr\u0119czy i grubo\u015b\u0107 uchwytu pozwalaj\u0105 utrzyma\u0107 stabiln\u0105 pozycj\u0119 d\u0142oni bez nadmiernego zm\u0119czenia, zw\u0142aszcza je\u015bli si\u0142a bazowa jest inteligentnie dostosowana. Z natury nie jest to kierownica \"m\u0119cz\u0105ca\". D\u0142onie pozostaj\u0105 stabilnie osadzone, a wszystkie wa\u017cne przyciski s\u0105 \u0142atwo dost\u0119pne, co ogranicza potrzeb\u0119 niepotrzebnych manipulacji.<\/p>\n<p>W por\u00f3wnaniu z pakietem z mniej wydajn\u0105 baz\u0105 i bardziej podstawow\u0105 kierownic\u0105, istnieje prawdziwa luka w immersji i finezji sprz\u0119\u017cenia zwrotnego. Wszystko wydaje si\u0119 bardziej po\u0142\u0105czone z samochodem. W por\u00f3wnaniu ze znacznie mocniejszymi podstawami, RS V2 nie ogranicza wra\u017ce\u0144: absorbuje, przekazuje i pod\u0105\u017ca za poziomem podstawy, nie staj\u0105c si\u0119 s\u0142abym ogniwem.<\/p>\n<p>Og\u00f3lnie rzecz bior\u0105c, ta kierownica zapewnia dok\u0142adnie to, czego mo\u017cna oczekiwa\u0107 od dobrej kierownicy GT z nap\u0119dem bezpo\u015brednim: wyra\u017ane zrozumienie podwozia, precyzyjn\u0105 kontrol\u0119 w ciasnych sekwencjach i wyczucie, kt\u00f3re jest wystarczaj\u0105co delikatne, aby pracowa\u0107 nad trajektoriami i ruchami kierownicy. Szybko czujesz si\u0119 \"po\u0142\u0105czony\" z samochodem.<\/p>\n<h2>Dla kogo to jest? Co lubimy, czego nie lubimy<\/h2>\n<p>MOZA RS V2 jest wyra\u017anie skierowana do powa\u017cnych graczy komputerowych, kt\u00f3rzy chc\u0105 wszechstronnej i wytrzyma\u0142ej kierownicy GT. Dla wysoce zmotywowanych pocz\u0105tkuj\u0105cych, kt\u00f3rzy d\u0105\u017c\u0105 bezpo\u015brednio do bazy Direct Drive, mo\u017ce to by\u0107 doskona\u0142y punkt wyj\u015bcia, pod warunkiem, \u017ce mo\u017cesz sobie pozwoli\u0107 na inwestycj\u0119. Dla \u015brednio-zaawansowanego u\u017cytkownika korzystaj\u0105cego z kierownicy klasy podstawowej\/\u015bredniej jest to naprawd\u0119 sp\u00f3jny upgrade. Dla do\u015bwiadczonego kierowcy, kt\u00f3ry du\u017co je\u017adzi w wy\u015bcigach GT, wytrzyma\u0142o\u015bciowych lub turystycznych, mo\u017ce to by\u0107 jego g\u0142\u00f3wna kierownica.<\/p>\n<p>Najbardziej doceniam po\u0142\u0105czenie sztywno\u015bci, wyczucia w d\u0142oni i bogactwa element\u00f3w steruj\u0105cych. To kierownica, kt\u00f3ra wzbudza zaufanie, nie przesuwa si\u0119 i pozwala zarz\u0105dza\u0107 wszystkim z obr\u0119czy. Integracja szybkozamykacza MOZA wzmacnia wra\u017cenie solidnej ca\u0142o\u015bci. Og\u00f3lna ergonomia, z dobrze rozmieszczonymi przyciskami i przyjemnymi \u0142opatkami, zapewnia czyst\u0105 jazd\u0119 bez manipulacji i kompromis\u00f3w. Wreszcie, sp\u00f3jno\u015b\u0107 z reszt\u0105 ekosystemu MOZA sprawia wra\u017cenie produktu zaprojektowanego tak, aby pasowa\u0142 do kompletnej konfiguracji, a nie tylko \u0142adnie wygl\u0105da\u0142.<\/p>\n<p>S\u0105 pewne ograniczenia. Otwarto\u015b\u0107 na konsole zale\u017cy w du\u017cej mierze od u\u017cywanej bazy, co ogranicza zainteresowanie tych, kt\u00f3rzy chc\u0105 jednej wieloplatformowej konfiguracji bez b\u00f3lu g\u0142owy. Aspekt wizualny, cho\u0107 powa\u017cny i udany, nie osi\u0105ga poziomu wyrafinowania niekt\u00f3rych modeli bardzo premium: sympatycy wy\u015bcig\u00f3w szukaj\u0105cy ultra-luksusowego przedmiotu z powod\u00f3w czysto estetycznych mog\u0105 by\u0107 nieco rozczarowani. Wreszcie, cena wyra\u017anie pozycjonuje t\u0119 kierownic\u0119 jako inwestycj\u0119: mo\u017cna poczu\u0107 jako\u015b\u0107, ale nie jest to produkt \"bud\u017cetowy\". Aby w pe\u0142ni wykorzysta\u0107 jej mo\u017cliwo\u015bci, trzeba wykaza\u0107 si\u0119 minimalnym zaanga\u017cowaniem w wy\u015bcigi symulacyjne.<\/p>\n<p>Pod wzgl\u0119dem postrzeganej warto\u015bci, RS V2 broni si\u0119 bardzo dobrze. P\u0142acisz okre\u015blon\u0105 cen\u0119, ale otrzymujesz kierownic\u0119, kt\u00f3ra mo\u017ce pozosta\u0107 w centrum twojego setupu przez kilka lat, nad\u0105\u017ca\u0107 za rozwojem bazy i obejmowa\u0107 wi\u0119kszo\u015b\u0107 dyscyplin zorientowanych na zamkni\u0119te samochody. Dla symulatora wy\u015bcigowego, kt\u00f3ry postrzega sw\u00f3j setup jako progresywn\u0105 inwestycj\u0119, jest to sp\u00f3jny wyb\u00f3r.<\/p>\n<h2>Werdykt: solidna, sp\u00f3jna i trwa\u0142a kierownica GT<\/h2>\n<p>MOZA RS V2 robi prawdziw\u0105 r\u00f3\u017cnic\u0119 w odczuciu konfiguracji, gdy tylko odejdziesz od prostych lub nieco \"zabawkowych\" kierownic. Zapewnia prawdziw\u0105 sztywno\u015b\u0107 obr\u0119czy, powa\u017cn\u0105 przyczepno\u015b\u0107 i zestaw element\u00f3w steruj\u0105cych, kt\u00f3re s\u0105 wystarczaj\u0105co kompletne, aby obs\u0142ugiwa\u0107 nowoczesny samoch\u00f3d wy\u015bcigowy bez kompromis\u00f3w. Przechodzisz od szorstkiej jazdy do delikatniejszej, wyra\u017aniejszej i bardziej zaanga\u017cowanej jazdy.<\/p>\n<p>Na dzisiejszym rynku umie\u015bci\u0142bym j\u0105 w g\u00f3rnej cz\u0119\u015bci segmentu \u015bredniego\/wczesnego premium dla kierownic Direct Drive GT. Nie jest to zabawka, ani ultra-rzadki przedmiot kolekcjonerski, ale doskona\u0142e narz\u0119dzie do wy\u015bcig\u00f3w symulacyjnych, zaprojektowane do regularnego, wymagaj\u0105cego u\u017cytkowania.<\/p>\n<p>Szczeg\u00f3lnie poleci\u0142bym j\u0105 u\u017cytkownikom komputer\u00f3w PC, kt\u00f3rzy s\u0105 (lub b\u0119d\u0105) wyposa\u017ceni w baz\u0119 MOZA, kt\u00f3rzy je\u017cd\u017c\u0105 g\u0142\u00f3wnie samochodami GT, turystycznymi lub wytrzyma\u0142o\u015bciowymi i kt\u00f3rzy chc\u0105 powa\u017cnej, wytrzyma\u0142ej kierownicy g\u0142\u00f3wnej. Dla graczy czysto konsolowych lub kogo\u015b, kto szuka jak najszerszej kompatybilno\u015bci bez zadawania pyta\u0144, istniej\u0105 bardziej uniwersalne opcje, nawet je\u015bli nie oferuj\u0105 tak wiele na drodze czystych wra\u017ce\u0144.<\/p>\n<p>Je\u015bli szukasz kierownicy GT, kt\u00f3ra jest sztywna, dobrze wyko\u0144czona, \u015bwietnie le\u017cy w d\u0142oni i jest w stanie w pe\u0142ni wykorzysta\u0107 baz\u0119 MOZA Direct Drive, ten produkt mo\u017ce wyra\u017anie zmieni\u0107 Twoj\u0105 konfiguracj\u0119.<\/p>","protected":false},"excerpt":{"rendered":"<p>Ta kierownica da\u0142a mi poczucie prawdziwego \"zablokowania\" wyczucia samochodu: wi\u0119ksz\u0105 finezj\u0119 w przyczepno\u015bci, wi\u0119ksz\u0105 pewno\u015b\u0107 w korektach i og\u00f3lnie czystsz\u0105 jazd\u0119. Przede wszystkim ma to sens dla kierowc\u00f3w symulator\u00f3w PC, kt\u00f3rzy s\u0105 ju\u017c zaanga\u017cowani (lub zmotywowani) w baz\u0119 MOZA, kt\u00f3rzy chc\u0105 powa\u017cnej i wytrzyma\u0142ej kierownicy GT. Pod wzgl\u0119dem og\u00f3lnej warto\u015bci jest to raczej sp\u00f3jna inwestycja ni\u017c kaprys.<\/p>","protected":false},"featured_media":101533,"comment_status":"open","ping_status":"closed","template":"","meta":{"_acf_changed":false,"_et_pb_use_builder":"","_et_pb_old_content":"","_et_gb_content_width":""},"product_brand":[165],"product_cat":[156],"product_tag":[149],"class_list":{"0":"post-101532","1":"product","2":"type-product","3":"status-publish","4":"has-post-thumbnail","6":"product_brand-moza-racing","7":"product_cat-roue-de-volant","8":"product_tag-pc","10":"first","11":"instock","12":"shipping-taxable","13":"product-type-external"},"acf":[],"_links":{"self":[{"href":"https:\/\/simracergear.com\/pl\/wp-json\/wp\/v2\/product\/101532","targetHints":{"allow":["GET"]}}],"collection":[{"href":"https:\/\/simracergear.com\/pl\/wp-json\/wp\/v2\/product"}],"about":[{"href":"https:\/\/simracergear.com\/pl\/wp-json\/wp\/v2\/types\/product"}],"replies":[{"embeddable":true,"href":"https:\/\/simracergear.com\/pl\/wp-json\/wp\/v2\/comments?post=101532"}],"wp:featuredmedia":[{"embeddable":true,"href":"https:\/\/simracergear.com\/pl\/wp-json\/wp\/v2\/media\/101533"}],"wp:attachment":[{"href":"https:\/\/simracergear.com\/pl\/wp-json\/wp\/v2\/media?parent=101532"}],"wp:term":[{"taxonomy":"product_brand","embeddable":true,"href":"https:\/\/simracergear.com\/pl\/wp-json\/wp\/v2\/product_brand?post=101532"},{"taxonomy":"product_cat","embeddable":true,"href":"https:\/\/simracergear.com\/pl\/wp-json\/wp\/v2\/product_cat?post=101532"},{"taxonomy":"product_tag","embeddable":true,"href":"https:\/\/simracergear.com\/pl\/wp-json\/wp\/v2\/product_tag?post=101532"}],"curies":[{"name":"wp","href":"https:\/\/api.w.org\/{rel}","templated":true}]}}