{"id":101543,"date":"2025-05-15T08:13:00","date_gmt":"2025-05-15T08:13:00","guid":{"rendered":"https:\/\/simracergear.com\/products\/moza-sr-p-accessory-kit\/"},"modified":"2025-11-28T05:54:09","modified_gmt":"2025-11-28T05:54:09","slug":"moza-sr-p-accessory-kit","status":"publish","type":"product","link":"https:\/\/simracergear.com\/pl\/products\/moza-sr-p-accessory-kit\/","title":{"rendered":"Zestaw akcesori\u00f3w MOZA SR-P"},"content":{"rendered":"<p>MOZA SR-P Accessory Kit to ma\u0142y zestaw, kt\u00f3ry ma na celu przekszta\u0142cenie ju\u017c przyzwoitego mechanizmu korbowego w co\u015b znacznie powa\u017cniejszego. M\u00f3wimy tutaj o zestawie ulepsze\u0144 dla mechanizmu korbowego MOZA SR-P: twardsze spr\u0119\u017cyny, bloki elastomerowe do peda\u0142u hamulca, p\u0142ytki antypo\u015blizgowe... Pomys\u0142 jest prosty: doda\u0107 realizmu, zw\u0142aszcza do hamowania, bez konieczno\u015bci zmiany mechanizmu korbowego lub przej\u015bcia od razu do modelu z najwy\u017cszej p\u00f3\u0142ki.<\/p>\n<p>Natychmiastow\u0105 atrakcj\u0105 jest obietnica mocniejszego, bardziej progresywnego hamulca, jak peda\u0142 wy\u015bcigowy, za cen\u0119 i z\u0142o\u017cono\u015b\u0107 znacznie bardziej ograniczon\u0105 ni\u017c ca\u0142kowita zmiana sprz\u0119tu. Dla wielu graczy PC i konsolowych z podstawowym SR-P, zestaw ten stanowi rodzaj \u0142atwego do zainstalowania \"trybu sportowego\".<\/p>\n<p>M\u00f3j k\u0105t analizy jest zatem jasny: czy ten zestaw naprawd\u0119 zmienia wyczucie hamulc\u00f3w i kontrol\u0119 nad samochodem, czy jest to tylko \u0142adny, ale zb\u0119dny gad\u017cet? Skoncentruj\u0119 si\u0119 na odczuciach pod stopami, postrzeganej jako\u015bci nowych cz\u0119\u015bci, \u0142atwo\u015bci instalacji, a przede wszystkim wp\u0142ywie na czasy okr\u0105\u017ce\u0144 i sp\u00f3jno\u015b\u0107. W ko\u0144cu chcesz hamowa\u0107 p\u00f3\u017aniej, mocniej i z wi\u0119ksz\u0105 kontrol\u0105. W\u0142a\u015bnie w tym zakresie ten zestaw powinien mie\u0107 znaczenie.<\/p>\n<h2>Projektowanie i produkcja<\/h2>\n<p>MOZA SR-P Accessory Kit to zestaw dodatkowych cz\u0119\u015bci dedykowanych do mechanizmu korbowego SR-P. Znajdziemy w nim spr\u0119\u017cyny o r\u00f3\u017cnej twardo\u015bci, bloki elastomerowe moduluj\u0105ce skok i op\u00f3r peda\u0142u hamulca, a tak\u017ce szereg element\u00f3w poprawiaj\u0105cych stabilno\u015b\u0107 pi\u0119ty i palc\u00f3w. Wizualnie wszystko pozostaje w tradycji MOZA: metal, czyste wyko\u0144czenia, stonowany, nieco \"industrialny\" wygl\u0105d.<\/p>\n<p>W d\u0142oni spr\u0119\u017cyny s\u0105 uderzaj\u0105co sztywne. Od razu czu\u0107, \u017ce nie mamy ju\u017c do czynienia z elastyczno\u015bci\u0105 podstawowego mechanizmu korbowego. Gumowe bloki (lub r\u00f3wnowa\u017cne mieszanki elastomerowe) sprawiaj\u0105 wra\u017cenie prawid\u0142owej g\u0119sto\u015bci, ani zbyt mi\u0119kkiej, ani zbyt plastikowej. Metalowe cz\u0119\u015bci s\u0105 sp\u00f3jne z samym mechanizmem korbowym, co jest uspokajaj\u0105ce pod wzgl\u0119dem trwa\u0142o\u015bci.<\/p>\n<p>Monta\u017c budzi zaufanie: nic nie wygl\u0105da na tanie lub kruche. Po zainstalowaniu, nowe komponenty s\u0105 dobrze dopasowane, bez nadmiernych luz\u00f3w i paso\u017cytniczych wibracji. Naprawd\u0119 ma si\u0119 wra\u017cenie \"ulepszonego\" pedalboardu, a nie szorstkiej pracy DIY na rynku wt\u00f3rnym. Jest czysty, wyra\u017any i sp\u00f3jny z reszt\u0105 ekosystemu MOZA.<\/p>\n<p>To, co mo\u017ce by\u0107 nieco rozczarowuj\u0105ce, to fakt, \u017ce zasadniczo podstawa nie jest ogniwem obci\u0105\u017cnikowym. Czucie wyra\u017anie si\u0119 poprawi\u0142o, ale nie mo\u017cna magicznie osi\u0105gn\u0105\u0107 poziomu konkurencyjnego mechanizmu korbowego z dedykowanym czujnikiem ci\u015bnienia. W por\u00f3wnaniu do innych zestaw\u00f3w do rozbudowy mechanizmu korbowego \u015bredniej klasy, zestaw akcesori\u00f3w MOZA SR-P jest mniej wi\u0119cej przeci\u0119tny: powa\u017cny, dobrze zbudowany, ale ograniczony filozofi\u0105 oryginalnego mechanizmu korbowego.<\/p>\n<h2>Ustawienia, personalizacja i kompatybilno\u015b\u0107<\/h2>\n<p>Celem tego zestawu jest umo\u017cliwienie kszta\u0142towania zachowania mechanizmu korbowego SR-P zgodnie z w\u0142asnymi upodobaniami. MOZA oferuje r\u00f3\u017cne konfiguracje spr\u0119\u017cyn i blok\u00f3w elastomerowych, dzi\u0119ki czemu mo\u017cna przej\u015b\u0107 od do\u015b\u0107 progresywnego, wybaczaj\u0105cego hamulca do znacznie twardszego, jednomiejscowego lub nowoczesnego stylu GT. Regulacja jest mechaniczna: pozycja klock\u00f3w, wyb\u00f3r spr\u0119\u017cyny, czasami regulacja napi\u0119cia wst\u0119pnego. Nic trudnego do pokonania, ale trzeba po\u015bwi\u0119ci\u0107 kilka minut na zrozumienie logiki.<\/p>\n<p>Krzywa uczenia si\u0119 jest rozs\u0105dna. Je\u015bli ju\u017c wcze\u015bniej bawi\u0142e\u015b si\u0119 regulowanym mechanizmem korbowym, szybko go opanujesz. Je\u015bli jest to tw\u00f3j pierwszy zestaw tego typu, prawdopodobnie przejdziesz przez kilka pr\u00f3b, zanim znajdziesz sw\u00f3j \"s\u0142odki punkt\". Szczerze m\u00f3wi\u0105c, to cz\u0119\u015b\u0107 zabawy: dostosowujesz, testujesz, dostrajasz. Wkr\u00f3tce poczujesz, \u017ce znalaz\u0142e\u015b kompromis, kt\u00f3ry pasuje do Twojego stylu hamowania.<\/p>\n<p>Od strony oprogramowania, wszystko dzia\u0142a poprzez ekosystem MOZA na PC, kt\u00f3ry, co nie jest zaskoczeniem, rozpoznaje pedalboard SR-P. Sam zestaw nie zmienia kompatybilno\u015bci, wi\u0119c je\u015bli tw\u00f3j pedalboard ju\u017c dzia\u0142a na twojej obecnej platformie (PC lub konsola poprzez kompatybiln\u0105 baz\u0119 MOZA), zestaw akcesori\u00f3w nie stanowi problemu. Nie jest to samodzielny produkt, lecz czysty dodatek sprz\u0119towy.<\/p>\n<p>Je\u015bli chodzi o ekosystem, oczywi\u015bcie nadal jeste\u015bmy w rodzinie MOZA: w po\u0142\u0105czeniu z baz\u0105 MOZA i kierownic\u0105 tej samej marki, ca\u0142y pakiet jest bardzo sp\u00f3jny. Mechanizm korbowy SR-P wyposa\u017cony w zestaw staje si\u0119 powa\u017cniejsz\u0105 podstaw\u0105 dla kokpitu \u015bredniej klasy. Nie jest to punkt wej\u015bcia, ale wyra\u017anie spos\u00f3b na przed\u0142u\u017cenie \u017cywotno\u015bci mechanizmu korbowego i od\u0142o\u017cenie momentu, w kt\u00f3rym trzeba rozwa\u017cy\u0107 przej\u015bcie na dro\u017cszy zestaw ogniw obci\u0105\u017cnikowych lub hydrauliczny.<\/p>\n<h2>Stawk\u0105 s\u0105 doznania<\/h2>\n<p>To w\u0142a\u015bnie na wirtualnym torze zestaw akcesori\u00f3w MOZA SR-P musi uzasadni\u0107 swoje istnienie. Najbardziej uderzaj\u0105ca zmiana dotyczy oczywi\u015bcie peda\u0142u hamulca. Ju\u017c od pierwszych okr\u0105\u017ce\u0144 jest on twardszy i bardziej sp\u00f3jny. Mniej przypomina zbyt mi\u0119kki \"peda\u0142 drogowy\", a bardziej prac\u0119 z progresywnym oporem, kt\u00f3ry staje si\u0119 g\u0119stszy pod koniec skoku.<\/p>\n<p>Podczas gwa\u0142townego hamowania dozowanie staje si\u0119 bardziej intuicyjne. Tam, gdzie oryginalny SR-P mo\u017ce szybko sprawia\u0107 wra\u017cenie, \u017ce troch\u0119 p\u0142ywa, zw\u0142aszcza przy mocnym i p\u00f3\u017anym hamowaniu, zestaw nadaje peda\u0142owi prawdziw\u0105 struktur\u0119. Poziomy nacisku s\u0105 lepiej wyczuwalne. Stopa ma swoje \u0142o\u017cyska. Wiesz, kiedy jeste\u015b bliski zablokowania k\u00f3\u0142 i mo\u017cesz precyzyjnie pozosta\u0107 w tej strefie. Natychmiast rozumiesz, co robi samoch\u00f3d.<\/p>\n<p>Podczas pokonywania zakr\u0119t\u00f3w, zw\u0142aszcza przy ostrym hamowaniu i w d\u00f3\u0142, r\u00f3\u017cnica jest wyra\u017ana. Transfer masy staje si\u0119 wyra\u017aniejszy i bardziej powtarzalny. Mo\u017cesz mocno hamowa\u0107 na linii, a nast\u0119pnie stopniowo zwalnia\u0107, zachowuj\u0105c sp\u00f3jne wyczucie. W por\u00f3wnaniu do niezmodyfikowanego mechanizmu korbowego, znacznie \u0142atwiej by\u0142o mi utrzyma\u0107 stabiln\u0105 trajektori\u0119 podczas zwalniania hamulca w celu zarejestrowania samochodu. Zestaw naprawd\u0119 pomaga nabra\u0107 finezji i pewno\u015bci siebie.<\/p>\n<p>Odczyt przyczepno\u015bci poprawia si\u0119 szczeg\u00f3lnie podczas hamowania na limicie. Nie m\u00f3wimy tutaj o FFB, ale spos\u00f3b, w jaki hamulec reaguje pod stop\u0105, pomaga zinterpretowa\u0107 to, co dzieje si\u0119 na przednich ko\u0142ach. \u0141atwiej jest wyczu\u0107, kiedy przesadzasz lub wr\u0119cz przeciwnie, kiedy mo\u017cesz zahamowa\u0107 troch\u0119 p\u00f3\u017aniej i troch\u0119 mocniej. Na wibratorach stabilno\u015b\u0107 prawej stopy jest lepsza: dodatkowa twardo\u015b\u0107 ogranicza mimowolne mikro-ruchy kostki. Nacisk jest lepiej utrzymywany, nawet gdy samoch\u00f3d jest w ruchu.<\/p>\n<p>Podczas d\u0142ugich sesji taka twardsza konfiguracja mo\u017ce by\u0107 m\u0119cz\u0105ca, je\u015bli korzystasz z bardzo mi\u0119kkiego mechanizmu korbowego. Ale zestaw akcesori\u00f3w oferuje wystarczaj\u0105co du\u017co kombinacji, aby znale\u017a\u0107 ustawienie, kt\u00f3re jest wymagaj\u0105ce, ale nie niszczy \u0142ydek. Po wyregulowaniu konsystencja jest wyra\u017anie lepsza. Jedno okr\u0105\u017cenie nast\u0119puje po drugim z mniejszymi r\u00f3\u017cnicami w punkcie hamowania. W tym miejscu zestaw naprawd\u0119 zmienia do\u015bwiadczenie: nie walczysz ju\u017c z peda\u0142em, koncentrujesz si\u0119 na trajektorii.<\/p>\n<p>Podczas dokonywania szybkich korekt, szczeg\u00f3lnie w nerwowych samochodach lub w warunkach zmiennej przyczepno\u015bci, mocniejszy peda\u0142 hamulca pomaga zachowa\u0107 precyzyjn\u0105 kontrol\u0119. Nacisk mo\u017cna wyregulowa\u0107 w u\u0142amku sekundy, bez \"wciskania\" peda\u0142u hamulca przez pomy\u0142k\u0119. Ta precyzja przy du\u017cych pr\u0119dko\u015bciach daje doskona\u0142e poczucie kontroli, nawet je\u015bli nie jeste\u015b na poziomie bardzo dobrego czujnika nacisku na peda\u0142 hamulca z najwy\u017cszej p\u00f3\u0142ki.<\/p>\n<p>W por\u00f3wnaniu z oryginalnym mechanizmem korbowym lub innymi mniej zaawansowanymi modelami spr\u0119\u017cynowymi, MOZA SR-P z tym zestawem naprawd\u0119 stanowi krok naprz\u00f3d. Nie osi\u0105ga brutalno\u015bci i czystej liniowo\u015bci wysokiej klasy mechanizm\u00f3w korbowych z ogniwami obci\u0105\u017ceniowymi, ale jest bardzo blisko pod wzgl\u0119dem og\u00f3lnego wyczucia. W por\u00f3wnaniu z mocniejsz\u0105 konfiguracj\u0105 z wy\u017cszej p\u00f3\u0142ki, nadal istnieje wyra\u017ana luka pod wzgl\u0119dem ostatecznej precyzji i wra\u017cliwo\u015bci na niewielkie zmiany ci\u015bnienia, ale zestaw akcesori\u00f3w zmniejsza t\u0119 r\u00f3\u017cnic\u0119 na tyle, \u017ce SR-P jest bardzo odpowiedni dla \u015brednio zaawansowanych lub zaawansowanych rowerzyst\u00f3w, kt\u00f3rzy nie chc\u0105 przekroczy\u0107 swojego bud\u017cetu.<\/p>\n<h2>Dla kogo to jest? Co lubimy, czego nie lubimy<\/h2>\n<p>Zestaw akcesori\u00f3w MOZA SR-P jest przeznaczony przede wszystkim dla posiadaczy mechanizmu korbowego SR-P, kt\u00f3rzy zaczynaj\u0105 odczuwa\u0107 ograniczenia oryginalnego hamulca. Typowy profil: zmotywowany gracz na PC lub konsoli, ju\u017c dobrze zainwestowany w wy\u015bcigi symulacyjne, kt\u00f3ry je\u017adzi regularnie, bierze udzia\u0142 w pr\u00f3bach czasowych, mistrzostwach w ligach lub po prostu chce lepszej kontroli podczas wy\u015bcig\u00f3w. Zupe\u0142nie pocz\u0105tkuj\u0105cy doceni\u0105 korzy\u015bci, ale najbardziej skorzystaj\u0105 z tego zestawu, gdy naucz\u0105 si\u0119 podstaw hamowania.<\/p>\n<p>Najbardziej doceniam wyra\u017an\u0105 popraw\u0119 wyczucia hamulc\u00f3w. Wzrost twardo\u015bci i progresywno\u015bci oznacza, \u017ce mo\u017cna hamowa\u0107 p\u00f3\u017aniej z wi\u0119ksz\u0105 pewno\u015bci\u0105. Kolejnym mocnym punktem jest modu\u0142owo\u015b\u0107: kilka mo\u017cliwych kombinacji, prawdziwa zdolno\u015b\u0107 do dostosowania zachowania do stylu jazdy. Wreszcie, og\u00f3lna jako\u015b\u0107 wykonania jest tak wysoka, jak mo\u017cna oczekiwa\u0107 od produktu zaprojektowanego z my\u015bl\u0105 o trwa\u0142o\u015bci. Nic nie sprawia wra\u017cenia, \u017ce wymaga wymiany po kilku tygodniach.<\/p>\n<p>Ograniczenia wynikaj\u0105 g\u0142\u00f3wnie z natury oryginalnego pedalboardu. Pomimo modernizacji, nie mo\u017cna przekszta\u0142ci\u0107 SR-P w cudowny mechanizm korbowy z najwy\u017cszej p\u00f3\u0142ki: absolutna precyzja pozostaje poni\u017cej poziomu dobrego specjalistycznego ogniwa obci\u0105\u017cnikowego. Druga kwestia: trzeba ubrudzi\u0107 sobie r\u0119ce. Dla niekt\u00f3rych te mechaniczne regulacje i sukcesywny monta\u017c\/demonta\u017c w celu przetestowania r\u00f3\u017cnych konfiguracji mog\u0105 wydawa\u0107 si\u0119 nu\u017c\u0105ce. Wreszcie, wszystko pozostaje zamkni\u0119te w ekosystemie MOZA: m\u00f3wimy o odpowiedniej inwestycji tylko wtedy, gdy zamierzasz pozosta\u0107 z tym mechanizmem korbowym przez d\u0142u\u017cszy czas.<\/p>\n<p>Pod wzgl\u0119dem warto\u015bci, zestaw akcesori\u00f3w SR-P jest inteligentnym ulepszeniem. Nie jest to najta\u0144sze akcesorium w Twojej konfiguracji, ale wzrost pewno\u015bci i sp\u00f3jno\u015bci hamowania sprawia, \u017ce jest to rozs\u0105dna inwestycja, je\u015bli du\u017co je\u017adzisz i ju\u017c dobrze wykorzystujesz sw\u00f3j obecny sprz\u0119t. Jest to mniejsze zobowi\u0105zanie finansowe ni\u017c ca\u0142kowita zmiana mechanizmu korbowego, a jednocze\u015bnie zapewnia prawdziwy skok jako\u015bciowy pod wzgl\u0119dem wyczucia.<\/p>\n<h2>Werdykt<\/h2>\n<p>Zestaw akcesori\u00f3w MOZA SR-P nie zmienia samej natury mechanizmu korbowego, ale wyra\u017anie przesuwa jego granice. W konfiguracji \u015bredniej klasy jest to zazwyczaj ulepszenie, kt\u00f3re przenosi hamowanie z \"w porz\u0105dku\" do \"naprawd\u0119 u\u017cytecznego\", aby pracowa\u0107 nad punktami hamowania, sp\u00f3jno\u015bci\u0105 i pewno\u015bci\u0105 siebie. Mechanizm korbowy SR-P staje si\u0119 powa\u017cniejszy, bardziej wymagaj\u0105cy, ale tak\u017ce bardziej satysfakcjonuj\u0105cy do opanowania.<\/p>\n<p>Na rynku zestaw ten jest pozycjonowany jako dobrze przemy\u015blane ulepszenie \u015bredniej klasy: nie ezoteryczne, nie przesadzone, ale wystarczaj\u0105co wyrafinowane, aby zrobi\u0107 prawdziw\u0105 r\u00f3\u017cnic\u0119 na torze. Jest skierowany do symulator\u00f3w wy\u015bcig\u00f3w, kt\u00f3rzy s\u0105 ju\u017c nieco zaanga\u017cowani, znaj\u0105 swoje potrzeby i wyra\u017anie odczuwaj\u0105 ograniczenia zbyt mi\u0119kkiego lub zbyt przybli\u017conego hamulca. Dla okazjonalnych pocz\u0105tkuj\u0105cych nie b\u0119dzie to priorytet.<\/p>\n<p>Je\u015bli planujesz szybk\u0105 migracj\u0119 do najwy\u017cszej klasy ogniw obci\u0105\u017cnikowych lub hydraulicznych mechanizm\u00f3w korbowych, ten zestaw mo\u017ce by\u0107 niepotrzebnym dodatkiem. Z drugiej strony, je\u015bli chcesz ulepszy\u0107 swoj\u0105 obecn\u0105 konfiguracj\u0119, w pe\u0142ni wykorzysta\u0107 sw\u00f3j mechanizm korbowy SR-P i zyska\u0107 krok naprz\u00f3d w precyzji hamowania, zestaw akcesori\u00f3w MOZA SR-P ma sens. Je\u015bli chcesz, aby Twoje hamowanie by\u0142o mocniejsze, bardziej czytelne i bardziej sp\u00f3jne z wyczynow\u0105 jazd\u0105, ten produkt mo\u017ce wyra\u017anie zmieni\u0107 Twoj\u0105 konfiguracj\u0119.<\/p>","protected":false},"excerpt":{"rendered":"<p>Ten zestaw da\u0142 mi poczucie, \u017ce przyzwoity mechanizm korbowy mo\u017cna przekszta\u0142ci\u0107 w znacznie wyra\u017aniejsze, pewniejsze hamowanie, szczeg\u00f3lnie w przypadku pracy nad punktami hamowania i sp\u00f3jno\u015bci\u0105. Ma to sens dla ju\u017c zaanga\u017cowanych symulator\u00f3w wy\u015bcig\u00f3w, kt\u00f3rzy chc\u0105 wzmocni\u0107 i udoskonali\u0107 sw\u00f3j SR-P bez natychmiastowej aktualizacji do topowego mechanizmu korbowego. Stosunek koszt\u00f3w do korzy\u015bci pozostaje sp\u00f3jny.<\/p>","protected":false},"featured_media":101544,"comment_status":"open","ping_status":"closed","template":"","meta":{"_acf_changed":false,"_et_pb_use_builder":"","_et_pb_old_content":"","_et_gb_content_width":""},"product_brand":[165],"product_cat":[153],"product_tag":[149],"class_list":{"0":"post-101543","1":"product","2":"type-product","3":"status-publish","4":"has-post-thumbnail","6":"product_brand-moza-racing","7":"product_cat-accessoires","8":"product_tag-pc","10":"first","11":"instock","12":"shipping-taxable","13":"product-type-external"},"acf":[],"_links":{"self":[{"href":"https:\/\/simracergear.com\/pl\/wp-json\/wp\/v2\/product\/101543","targetHints":{"allow":["GET"]}}],"collection":[{"href":"https:\/\/simracergear.com\/pl\/wp-json\/wp\/v2\/product"}],"about":[{"href":"https:\/\/simracergear.com\/pl\/wp-json\/wp\/v2\/types\/product"}],"replies":[{"embeddable":true,"href":"https:\/\/simracergear.com\/pl\/wp-json\/wp\/v2\/comments?post=101543"}],"wp:featuredmedia":[{"embeddable":true,"href":"https:\/\/simracergear.com\/pl\/wp-json\/wp\/v2\/media\/101544"}],"wp:attachment":[{"href":"https:\/\/simracergear.com\/pl\/wp-json\/wp\/v2\/media?parent=101543"}],"wp:term":[{"taxonomy":"product_brand","embeddable":true,"href":"https:\/\/simracergear.com\/pl\/wp-json\/wp\/v2\/product_brand?post=101543"},{"taxonomy":"product_cat","embeddable":true,"href":"https:\/\/simracergear.com\/pl\/wp-json\/wp\/v2\/product_cat?post=101543"},{"taxonomy":"product_tag","embeddable":true,"href":"https:\/\/simracergear.com\/pl\/wp-json\/wp\/v2\/product_tag?post=101543"}],"curies":[{"name":"wp","href":"https:\/\/api.w.org\/{rel}","templated":true}]}}