{"id":101545,"date":"2025-05-15T08:13:00","date_gmt":"2025-05-15T08:13:00","guid":{"rendered":"https:\/\/simracergear.com\/products\/moza-sr-p-lite-clutch-pedal\/"},"modified":"2025-11-28T05:54:48","modified_gmt":"2025-11-28T05:54:48","slug":"moza-sr-p-lite-clutch-pedal","status":"publish","type":"product","link":"https:\/\/simracergear.com\/pl\/products\/moza-sr-p-lite-clutch-pedal\/","title":{"rendered":"Peda\u0142 sprz\u0119g\u0142a MOZA SR-P Lite"},"content":{"rendered":"<p>W gamie MOZA, peda\u0142 sprz\u0119g\u0142a SR-P Lite odgrywa bardzo specyficzn\u0105 rol\u0119: jest to peda\u0142 sprz\u0119g\u0142a zaprojektowany jako dodatek do peda\u0142\u00f3w SR-P Lite, cz\u0119sto sprzedawanych z zestawami podstawowej\/\u015bredniej klasy marki. Jest wyra\u017anie skierowany do graczy, kt\u00f3rzy chc\u0105 prze\u0142\u0105czy\u0107 si\u0119 z jazdy \"peda\u0142-auto\" na jazd\u0119 \"pi\u0119ta-palce\", r\u0119czne zatrzymywanie-start i precyzyjniejsz\u0105 kontrol\u0119 nad H lub sekwencyjn\u0105 skrzyni\u0105 bieg\u00f3w, bez nadwyr\u0119\u017cania bud\u017cetu.<\/p>\n<p>Na papierze modu\u0142 ten obiecuje sprz\u0119g\u0142o, kt\u00f3re jest \u0142atwe w instalacji, sp\u00f3jne z reszt\u0105 zestawu korbowego, z progresywnym wyczuciem i przyzwoit\u0105 niezawodno\u015bci\u0105 dla powa\u017cnych wy\u015bcig\u00f3w symulacyjnych \"g\u0142\u00f3wnego nurtu\". Ide\u0105 nie jest konkurowanie z najwy\u017cszej klasy hydraulicznymi lub obci\u0105\u017ceniowymi peda\u0142ami, ale zaoferowanie prawdziwego trzeciego peda\u0142u, kt\u00f3ry jest u\u017cyteczny, regulowany i wystarczaj\u0105co wci\u0105gaj\u0105cy, aby prowadzi\u0107 GT, rajdowe lub historyczne samochody z minimalnym realizmem.<\/p>\n<p>M\u00f3j punkt widzenia jest bardzo konkretny: jak ten peda\u0142 sprz\u0119g\u0142a zachowuje si\u0119 na co dzie\u0144, co naprawd\u0119 oferuje pod wzgl\u0119dem odczu\u0107 w por\u00f3wnaniu z konwencjonalnym peda\u0142em z dwoma peda\u0142ami i czy inwestycja ma sens dla gracza PC lub konsoli, kt\u00f3ry chce przej\u015b\u0107 na wy\u017cszy poziom bez zmiany wszystkiego.<\/p>\n<h2>Projektowanie i produkcja peda\u0142u sprz\u0119g\u0142a MOZA SR-P Lite<\/h2>\n<p>Wizualnie peda\u0142 sprz\u0119g\u0142a SR-P Lite idealnie pasuje do linii MOZA SR-P Lite: ods\u0142oni\u0119ty metal, kanciasta konstrukcja, raczej stonowane wyko\u0144czenie. Od razu wida\u0107, \u017ce celem jest zachowanie sp\u00f3jno\u015bci z podstawowym mechanizmem korbowym, bez szukania pokazu si\u0142y \"w pe\u0142ni obrobionego aluminium\", kt\u00f3ry mo\u017cna zobaczy\u0107 w produktach z najwy\u017cszej p\u00f3\u0142ki.<\/p>\n<p>G\u0142\u00f3wna konstrukcja jest metalowa, a peda\u0142 ma do\u015b\u0107 klasyczny wy\u015bcigowy wygl\u0105d. W d\u0142oni peda\u0142 wzbudza wi\u0119cej zaufania ni\u017c wiele ca\u0142kowicie plastikowych podstawowych zestaw\u00f3w korbowych. Wra\u017cenie g\u0119sto\u015bci jest prawid\u0142owe, cz\u0119\u015bci nie przypominaj\u0105 zabawek, a podstawa sprawia wra\u017cenie, \u017ce jest w stanie wytrzyma\u0107 d\u0142ugie sesje bez wzdrygania si\u0119. Nie m\u00f3wimy o niezniszczalnej jednostce, ale m\u00f3wimy o czym\u015b powa\u017cnym w swoim segmencie.<\/p>\n<p>To, co zaskakuje na pierwszy rzut oka, to sp\u00f3jno\u015b\u0107 zespo\u0142u z pozosta\u0142ymi dwoma peda\u0142ami SR-P Lite, gdy s\u0105 zamontowane jako trzeci peda\u0142. Wyr\u00f3wnanie, k\u0105t i skok pozostaj\u0105 logiczne, wi\u0119c nie sko\u0144czysz ze sprz\u0119g\u0142em, kt\u00f3re jest ca\u0142kowicie niezsynchronizowane lub zachowuje si\u0119 niesp\u00f3jnie. W przypadku kompaktowej konfiguracji ma to du\u017ce znaczenie.<\/p>\n<p>To, co nieco rozczarowuje, to pewne szczeg\u00f3\u0142y wyko\u0144czenia w por\u00f3wnaniu z bardziej zaawansowanymi, w pe\u0142ni metalowymi mechanizmami korbowymi. Mechaniczne regulacje s\u0105 przyzwoite, ale nie s\u0105 szczeg\u00f3lnie wyrafinowane i mo\u017cna odnie\u015b\u0107 wra\u017cenie, \u017ce MOZA wyra\u017anie zoptymalizowa\u0142a koszty, aby pozosta\u0107 przyst\u0119pnym cenowo. W por\u00f3wnaniu do dro\u017cszych mechanizm\u00f3w korbowych z ogniwami obci\u0105\u017ceniowymi lub bardziej zaawansowanymi systemami spr\u0119\u017cyn, SR-P Lite Clutch jest nieco prostszy, ale nadal wiarygodny w swoim przedziale cenowym.<\/p>\n<h2>Ustawienia, personalizacja i kompatybilno\u015b\u0107<\/h2>\n<p>Pod wzgl\u0119dem ustawie\u0144 peda\u0142 sprz\u0119g\u0142a MOZA SR-P Lite jest bardzo prosty. Mo\u017cna regulowa\u0107 pozycj\u0119 peda\u0142u i bawi\u0107 si\u0119 twardo\u015bci\u0105 i skokiem za pomoc\u0105 dostarczonych element\u00f3w mechanicznych. Nie jest to fabryka gazu, ale istnieje wystarczaj\u0105ca swoboda, aby dostosowa\u0107 odczucia do stylu jazdy i pozycji w kokpicie.<\/p>\n<p>Moim zdaniem najbardziej przydatne ustawienia to te, kt\u00f3re pozwalaj\u0105 zarz\u0105dza\u0107 u\u017cytecznym skokiem sprz\u0119g\u0142a i og\u00f3lnym oporem peda\u0142u. W przypadku peda\u0142\u00f3w pi\u0119ta-palce kluczowe znaczenie ma skok, kt\u00f3ry jest sp\u00f3jny z peda\u0142ami hamulca i przyspieszenia. Po znalezieniu odpowiedniego ustawienia nie trzeba go ju\u017c wi\u0119cej dotyka\u0107, co jest dobr\u0105 rzecz\u0105 w przypadku tego typu produkt\u00f3w.<\/p>\n<p>Krzywa uczenia si\u0119 jest bardzo \u0142atwa do opanowania. Instalujesz peda\u0142, lekko dostosowujesz pozycj\u0119 i po kilku sesjach mi\u0119sie\u0144 pami\u0119ci zaczyna dzia\u0142a\u0107. Nie m\u00f3wimy o wysoce wyrafinowanym sprz\u0119gle, kt\u00f3rego zrozumienie zajmuje godziny. Podej\u015bcie MOZA jest bardziej \"plug &amp; play plus\", z wystarczaj\u0105c\u0105 ilo\u015bci\u0105 dostosowa\u0144, aby unikn\u0105\u0107 frustracji.<\/p>\n<p>Pod wzgl\u0119dem kompatybilno\u015bci, SR-P Lite Clutch zosta\u0142 zaprojektowany do bezpo\u015bredniej integracji z pedalboardem SR-P Lite i ekosystemem MOZA. Na komputerze PC obs\u0142uga jest najprostsza, przy u\u017cyciu oprogramowania MOZA do kalibracji i podstawowych ustawie\u0144. Na konsoli kompatybilno\u015b\u0107 b\u0119dzie zale\u017ce\u0107 g\u0142\u00f3wnie od u\u017cywanej bazy MOZA i sposobu rozpoznawania mechanizmu korbowego. Samo sprz\u0119g\u0142o nie jest ograniczone jako takie, ale jest powi\u0105zane z systemem jako ca\u0142o\u015bci\u0105.<\/p>\n<p>Postrzegam to sprz\u0119g\u0142o bardziej jako ewolucyjny punkt wej\u015bcia ni\u017c ostateczny element dla ultra wymagaj\u0105cego symulatora. Pozwala uzupe\u0142ni\u0107 istniej\u0105cy zestaw bez zmiany wszystkiego, aby zasmakowa\u0107 przyjemno\u015bci manualnej skrzyni bieg\u00f3w w wy\u015bcigach simracingowych, pozostaj\u0105c w rozs\u0105dnym bud\u017cecie. Je\u015bli p\u00f3\u017aniej zdecydujesz si\u0119 przej\u015b\u0107 na ogniwo obci\u0105\u017cnikowe lub hydrauliczny mechanizm korbowy, nie b\u0119dzie to zakup, kt\u00f3rego b\u0119dziesz \u017ca\u0142owa\u0107: spe\u0142ni swoje zadanie jako jednostka przej\u015bciowa.<\/p>\n<h2>Wra\u017cenia podczas gry z peda\u0142em sprz\u0119g\u0142a SR-P Lite<\/h2>\n<p>W tym miejscu ten typ produktu naprawd\u0119 si\u0119 sprawdza. Sprz\u0119g\u0142o w wy\u015bcigach symulacyjnych nie przypomina \"FFB\" w sensie ko\u0142a zamachowego, ale odgrywa ogromn\u0105 rol\u0119 w kontroli pojazdu podczas ruszania, redukcji bieg\u00f3w i zmiany bieg\u00f3w. W przypadku sprz\u0119g\u0142a SR-P Lite og\u00f3lne odczucie jest takie, jak w przypadku sprz\u0119g\u0142a progresywnego, wyra\u017anie przeznaczonego do codziennego u\u017cytku, a nie do hardkorowej symulacji.<\/p>\n<p>Skok jest wystarczaj\u0105co d\u0142ugi, aby czysto dozowa\u0107 peda\u0142, bez przesady. Czujesz zmian\u0119 oporu podczas naciskania na peda\u0142, ale nie jest to brutalne \"kopni\u0119cie\", jak w przypadku niekt\u00f3rych bardziej zaawansowanych system\u00f3w, kt\u00f3re bardzo ostro symuluj\u0105 punkt tarcia. Tutaj podej\u015bcie jest bardziej liniowe, bardziej tolerancyjne. To zaleta, je\u015bli chodzi o nauk\u0119.<\/p>\n<p>Podczas pokonywania zakr\u0119t\u00f3w liczy si\u0119 p\u0142ynno\u015b\u0107 redukcji bieg\u00f3w. Z mojej strony peda\u0142 pozwoli\u0142 mi zachowa\u0107 dobr\u0105 kontrol\u0119 podczas ostrych redukcji bieg\u00f3w, zw\u0142aszcza w po\u0142\u0105czeniu z prawid\u0142owo wyregulowanym peda\u0142em hamulca. Nie masz wra\u017cenia, \u017ce tracisz samoch\u00f3d, poniewa\u017c punkt ponownego w\u0142\u0105czenia sprz\u0119g\u0142a jest zbyt suchy. Jest du\u017co miejsca do manewrowania, co dodaje pewno\u015bci siebie.<\/p>\n<p>Pod wzgl\u0119dem przyczepno\u015bci peda\u0142 sprz\u0119g\u0142a oczywi\u015bcie nie odgrywa takiej samej roli jak hamulec czy kierownica. Z drugiej strony przyczynia si\u0119 do og\u00f3lnego zachowania tylnego zawieszenia na wej\u015bciu w zakr\u0119t. Dzi\u0119ki sprz\u0119g\u0142u SR-P Lite przej\u015bcia momentu obrotowego s\u0105 do\u015b\u0107 p\u0142ynne, ograniczaj\u0105c szarpni\u0119cia i utrat\u0119 przyczepno\u015bci z powodu zbyt gwa\u0142townego zwolnienia sprz\u0119g\u0142a. Jak na konfiguracj\u0119 \u015bredniego zasi\u0119gu, dobrze spe\u0142nia swoje zadanie.<\/p>\n<p>Sprz\u0119g\u0142o nie wysy\u0142a \u017cadnych bezpo\u015brednich informacji zwrotnych na temat wibrator\u00f3w, ale zauwa\u017calna jest zdolno\u015b\u0107 do radzenia sobie z ponownym przyspieszaniem przy niewielkim luzie sprz\u0119g\u0142a, je\u015bli lubisz taki styl jazdy. Sp\u00f3jno\u015b\u0107 zachowania peda\u0142u podczas d\u0142ugich sesji jest uspokajaj\u0105ca. Op\u00f3r nie zmienia si\u0119 nagle, a po godzinie jazdy nie odczuwa si\u0119 \"mi\u0119kko\u015bci\".<\/p>\n<p>Przy szybkich korektach - szczeg\u00f3lnie w rajdach lub lekkim drifcie, gdzie sprz\u0119g\u0142o jest czasami u\u017cywane do wspomagania obrotu samochodu - sprz\u0119g\u0142o SR-P Lite pozostaje wystarczaj\u0105co czu\u0142e. Peda\u0142 powraca dobrze, bez irytuj\u0105cej bezw\u0142adno\u015bci. Mo\u017cesz \"stukn\u0105\u0107\" w niego, aby przeci\u0105gn\u0105\u0107 lub zawiesi\u0107 skrzyni\u0119 bieg\u00f3w bez poczucia, \u017ce nadu\u017cywasz sprz\u0119tu.<\/p>\n<p>Pod wzgl\u0119dem immersji nie jest to najbardziej spektakularne sprz\u0119g\u0142o, jakie testowa\u0142em, ale oczywi\u015bcie nie o to chodzi. Celem jest zaoferowanie sp\u00f3jnego, u\u017cytecznego i niezawodnego sprz\u0119g\u0142a, kt\u00f3re w ko\u0144cu pozwoli odej\u015b\u0107 od paradygmatu dwupeda\u0142owej skrzyni automatycznej. I szczerze m\u00f3wi\u0105c, pod tym wzgl\u0119dem obietnica zosta\u0142a dotrzymana: masz wra\u017cenie, \u017ce naprawd\u0119 \"pracujesz\" nad samochodem, szczeg\u00f3lnie podczas ruszania na stoj\u0105co i zmiany bieg\u00f3w w starszych samochodach lub GT z manualnymi sprz\u0119g\u0142ami.<\/p>\n<p>W por\u00f3wnaniu z konfiguracj\u0105 bez sprz\u0119g\u0142a lub z niekt\u00f3rymi podstawowymi, ca\u0142kowicie plastikowymi mechanizmami korbowymi, zyskujesz wiele pod wzgl\u0119dem kontroli i przyjemno\u015bci z jazdy. W por\u00f3wnaniu z topowym mechanizmem korbowym ze sprz\u0119g\u0142em z wyra\u017anym ogranicznikiem i bardzo mechanicznym wyczuciem, tracimy troch\u0119 pod wzgl\u0119dem finezji i surowego realizmu, ale zachowujemy komfort u\u017cytkowania i tolerancj\u0119, kt\u00f3ra b\u0119dzie bardziej odpowiada\u0107 wi\u0119kszo\u015bci \u015brednio zaawansowanych graczy.<\/p>\n<h2>Dla kogo jest przeznaczony? Mocne i s\u0142abe strony<\/h2>\n<p>Peda\u0142 sprz\u0119g\u0142a MOZA SR-P Lite jest wyra\u017anie skierowany do zmotywowanych, ale \u015bwiadomych bud\u017cetu symulator\u00f3w. Idealnie, kto\u015b ju\u017c wyposa\u017cony w pedalboard SR-P Lite, kto chce przej\u015b\u0107 na sprz\u0119g\u0142o bez konieczno\u015bci wymiany wszystkiego. Niezale\u017cnie od tego, czy chodzi o PC, czy konsol\u0119 (za po\u015brednictwem kompatybilnej bazy), produkt jest skierowany do \u015brednio zaawansowanych graczy, a nawet powa\u017cnych pocz\u0105tkuj\u0105cych, kt\u00f3rzy chc\u0105 rozwija\u0107 si\u0119 w dyscyplinach, w kt\u00f3rych r\u0119czna skrzynia bieg\u00f3w ma kluczowe znaczenie.<\/p>\n<p>Najbardziej doceniam og\u00f3ln\u0105 sp\u00f3jno\u015b\u0107 z ekosystemem MOZA. Peda\u0142 naturalnie pasuje do reszty mechanizmu korbowego, bez majsterkowania i harmonijnej estetyki. Po drugie, progresywny skok sprawia, \u017ce sprz\u0119g\u0142o jest bardzo szybko u\u017cyteczne, nawet dla kogo\u015b, kto nie jest przyzwyczajony do zabawy z trzecim peda\u0142em. Wreszcie, jak na sw\u00f3j poziom cenowy, poczucie solidno\u015bci i niezawodno\u015bci jest uspokajaj\u0105ce: nie ma si\u0119 wra\u017cenia, \u017ce p\u0142aci si\u0119 du\u017co pieni\u0119dzy za gad\u017cet.<\/p>\n<p>Ograniczenia s\u0105 realne, ale logiczne dla tego zakresu. Pierwszym z nich jest brak bardzo wyra\u017anego wyczucia punktu tarcia, czyli tego, czego pury\u015bci szukaj\u0105 w wy\u015bcigach zorientowanych na rywalizacj\u0119. Mo\u017cna go dozowa\u0107, ale nie \"czu\u0107\" wyra\u017anego naci\u0119cia, jak w niekt\u00f3rych systemach z najwy\u017cszej p\u00f3\u0142ki. Po drugie, istnieje pewien stopie\u0144 dostosowania, kt\u00f3ry, cho\u0107 wystarczaj\u0105cy dla wielu u\u017cytkownik\u00f3w, b\u0119dzie nieco kr\u00f3tkowzroczny dla maniak\u00f3w dostrajania co do milimetra. Wreszcie, je\u015bli chodzi o czysty realizm, sprz\u0119g\u0142o jest nadal p\u0142ynniejsze i bardziej liniowe, ni\u017c niekt\u00f3rzy oczekiwaliby od historycznych samochod\u00f3w jednomiejscowych lub ekstremalnie fizycznych samochod\u00f3w.<\/p>\n<p>Je\u015bli chodzi o kwesti\u0119 inwestycji, my\u015bl\u0119, \u017ce postrzegana warto\u015b\u0107 jest dobra, je\u015bli spojrze\u0107 na produkt jako ukierunkowan\u0105 aktualizacj\u0119. Dla gracza, kt\u00f3ry posiada ju\u017c mechanizm korbowy MOZA SR-P Lite, dodanie tego peda\u0142u sprz\u0119g\u0142a naprawd\u0119 zmienia konfiguracj\u0119 za rozs\u0105dn\u0105 cen\u0119, bez konieczno\u015bci ca\u0142kowitej zmiany mechanizmu korbowego. Z drugiej strony, dla kogo\u015b, kto od razu celuje w najwy\u017csz\u0105 p\u00f3\u0142k\u0119 rynku, sprz\u0119g\u0142o to powinno by\u0107 postrzegane bardziej jako krok po\u015bredni, z kt\u00f3rego prawdopodobnie do\u015b\u0107 szybko wyro\u015bniesz.<\/p>\n<h2>Weryfikacja peda\u0142u sprz\u0119g\u0142a MOZA SR-P Lite<\/h2>\n<p>Peda\u0142 sprz\u0119g\u0142a MOZA SR-P Lite nie ma na celu zrewolucjonizowania rynku, ale wype\u0142nienie bardzo realnej potrzeby: zaoferowanie trzeciego peda\u0142u, kt\u00f3ry jest prosty, niezawodny i sp\u00f3jny z pedalboardem SR-P Lite, aby otworzy\u0107 drzwi do r\u0119cznego biegu i heel-toeing w konfiguracji \u015bredniej klasy. Jest to funkcja, kt\u00f3ra zmienia wra\u017cenia z gry bardziej, ni\u017c mog\u0142aby to sugerowa\u0107 jej pozorna prostota.<\/p>\n<p>Na rynku wyra\u017anie umieszczam go w dost\u0119pnym \u015brednim zakresie. Powa\u017cniejszy i bardziej wiarygodny ni\u017c ca\u0142kowicie plastikowe sprz\u0119g\u0142a klasy podstawowej, ale mniej ekstremalny ni\u017c ogniwo obci\u0105\u017cnikowe lub zestaw hydrauliczny. Jego prawdziw\u0105 si\u0142\u0105 jest \u0142atwo\u015b\u0107, z jak\u0105 pozwala przej\u015b\u0107 na bardziej zaanga\u017cowany styl jazdy, bez ca\u0142kowitego przekszta\u0142cania reszty sprz\u0119tu.<\/p>\n<p>Poleci\u0142bym go tym, kt\u00f3rzy ju\u017c je\u017cd\u017c\u0105 z mechanizmem korbowym MOZA SR-P Lite, kt\u00f3rzy graj\u0105 regularnie i kt\u00f3rzy chc\u0105 przenie\u015b\u0107 immersj\u0119 na wy\u017cszy poziom, nie mieszcz\u0105c si\u0119 w bud\u017cecie \"hardkorowego symulatora\". Je\u015bli jeste\u015b bardzo wymagaj\u0105cym kierowc\u0105, kt\u00f3ry lubi wy\u015bcigi i ultra-realizm, musisz rozwa\u017cy\u0107 bardziej zaawansowane rozwi\u0105zanie.<\/p>\n<p>Je\u015bli szukasz prostego, sp\u00f3jnego i skutecznego peda\u0142u sprz\u0119g\u0142a, kt\u00f3ry uzupe\u0142ni Tw\u00f3j pedalboard MOZA bez nadwyr\u0119\u017cania bud\u017cetu, ten produkt mo\u017ce wyra\u017anie zmieni\u0107 Twoj\u0105 konfiguracj\u0119.<\/p>","protected":false},"excerpt":{"rendered":"<p>To sprz\u0119g\u0142o da\u0142o mi poczucie prawdziwej \"pracy\" nad samochodem: starty, redukcje bieg\u00f3w i zmiany pi\u0119ty i palc\u00f3w by\u0142y bardziej kontrolowane i przyjemniejsze, bez b\u00f3lu g\u0142owy. Przede wszystkim ma to sens dla tych, kt\u00f3rzy maj\u0105 ju\u017c korb\u0119 MOZA SR-P Lite i chc\u0105 przej\u015b\u0107 na manualn\u0105 skrzyni\u0119 bieg\u00f3w przy rozs\u0105dnym bud\u017cecie. Za t\u0119 cen\u0119 ca\u0142y pakiet pozostaje sp\u00f3jny i odpowiedni.<\/p>","protected":false},"featured_media":101546,"comment_status":"open","ping_status":"closed","template":"","meta":{"_acf_changed":false,"_et_pb_use_builder":"","_et_pb_old_content":"","_et_gb_content_width":""},"product_brand":[165],"product_cat":[153],"product_tag":[149],"class_list":{"0":"post-101545","1":"product","2":"type-product","3":"status-publish","4":"has-post-thumbnail","6":"product_brand-moza-racing","7":"product_cat-accessoires","8":"product_tag-pc","10":"first","11":"instock","12":"shipping-taxable","13":"product-type-external"},"acf":[],"_links":{"self":[{"href":"https:\/\/simracergear.com\/pl\/wp-json\/wp\/v2\/product\/101545","targetHints":{"allow":["GET"]}}],"collection":[{"href":"https:\/\/simracergear.com\/pl\/wp-json\/wp\/v2\/product"}],"about":[{"href":"https:\/\/simracergear.com\/pl\/wp-json\/wp\/v2\/types\/product"}],"replies":[{"embeddable":true,"href":"https:\/\/simracergear.com\/pl\/wp-json\/wp\/v2\/comments?post=101545"}],"wp:featuredmedia":[{"embeddable":true,"href":"https:\/\/simracergear.com\/pl\/wp-json\/wp\/v2\/media\/101546"}],"wp:attachment":[{"href":"https:\/\/simracergear.com\/pl\/wp-json\/wp\/v2\/media?parent=101545"}],"wp:term":[{"taxonomy":"product_brand","embeddable":true,"href":"https:\/\/simracergear.com\/pl\/wp-json\/wp\/v2\/product_brand?post=101545"},{"taxonomy":"product_cat","embeddable":true,"href":"https:\/\/simracergear.com\/pl\/wp-json\/wp\/v2\/product_cat?post=101545"},{"taxonomy":"product_tag","embeddable":true,"href":"https:\/\/simracergear.com\/pl\/wp-json\/wp\/v2\/product_tag?post=101545"}],"curies":[{"name":"wp","href":"https:\/\/api.w.org\/{rel}","templated":true}]}}