{"id":101569,"date":"2025-05-15T08:13:00","date_gmt":"2025-05-15T08:13:00","guid":{"rendered":"https:\/\/simracergear.com\/products\/moza-table-clamp\/"},"modified":"2025-11-28T05:56:17","modified_gmt":"2025-11-28T05:56:17","slug":"moza-table-clamp","status":"publish","type":"product","link":"https:\/\/simracergear.com\/pl\/products\/moza-table-clamp\/","title":{"rendered":"Zacisk sto\u0142owy MOZA"},"content":{"rendered":"<p>Zacisk sto\u0142owy MOZA zajmuje szczeg\u00f3lne miejsce w \u015bwiecie wy\u015bcig\u00f3w symulator\u00f3w: jest to akcesorium, kt\u00f3re zamienia zwyk\u0142e biurko w wiarygodne wsparcie dla podstawy MOZA Direct Drive. Mo\u017ce nie brzmi to jak nowa podstawa lub nowa kierownica, ale bez niej wiele konfiguracji \"biurkowych\" pozostaje chybotliwych, dos\u0142ownie. Jego cel jest prosty: zapewni\u0107 solidne, szybkie i regulowane mocowanie do prawid\u0142owego korzystania z R5, R9 lub innej podstawy MOZA, bez dedykowanego kokpitu.<\/p>\n<p>Ten stojak sto\u0142owy jest szczeg\u00f3lnie atrakcyjny dla symulator\u00f3w, kt\u00f3rzy nie maj\u0105 miejsca lub bud\u017cetu na kompletne podwozie, ale nie chc\u0105 ju\u017c kierownicy, kt\u00f3ra porusza si\u0119 przy ka\u017cdym naci\u015bni\u0119ciu hamulca. Chodzi o sztywno\u015b\u0107 i praktyczno\u015b\u0107. Czy naprawd\u0119 wytrzyma jazd\u0119 we dwoje? Czy biurko przetrwa? Czy mo\u017cna gra\u0107 przez d\u0142ugi czas bez rozregulowywania wszystkiego?<\/p>\n<p>M\u00f3j punkt widzenia jest jasny: patrz\u0119 na ten zacisk jako narz\u0119dzie przej\u015bciowe mi\u0119dzy \"zwyk\u0142\u0105 konfiguracj\u0105 pulpitu\" a \"powa\u017cn\u0105 instalacj\u0105\". Interesuje mnie g\u0142\u00f3wnie sztywno\u015b\u0107, \u0142atwo\u015b\u0107 monta\u017cu, kompatybilno\u015b\u0107 z r\u00f3\u017cnymi komputerami stacjonarnymi i to, co naprawd\u0119 zmienia w dotyku, szczeg\u00f3lnie w przypadku najpopularniejszych podstawek MOZA.<\/p>\n<h2>Projektowanie i produkcja<\/h2>\n<p>Trzymany w d\u0142oni zacisk sto\u0142owy MOZA od razu sprawia powa\u017cne wra\u017cenie. Konstrukcja jest w du\u017cej mierze metalowa, z grubymi p\u0142ytami i solidnym korpusem, kt\u00f3ry budzi zaufanie. W niczym nie przypomina cienkich blaszanych zacisk\u00f3w, kt\u00f3re czasami s\u0105 dostarczane z kierownicami klasy podstawowej. Jest tu prawdziwe poczucie g\u0119sto\u015bci, uspokajaj\u0105ca waga i og\u00f3lnie czyste dopasowanie.<\/p>\n<p>Pokr\u0119t\u0142a do dokr\u0119cania s\u0105 imponuj\u0105ce, zaprojektowane tak, aby mo\u017cna je by\u0142o obs\u0142ugiwa\u0107 r\u0119cznie bez konieczno\u015bci u\u017cycia nadmiernej si\u0142y. Kraw\u0119dzie s\u0105 og\u00f3lnie dobrze wyko\u0144czone, bez irytuj\u0105cych ostrych kraw\u0119dzi. Lakier jest stonowany, o nowoczesnym, wy\u015bcigowym charakterze i dobrze komponuje si\u0119 z podstawkami MOZA. Wida\u0107, \u017ce projekt zosta\u0142 przemy\u015blany, aby estetycznie dopasowa\u0107 si\u0119 do reszty ekosystemu.<\/p>\n<p>Uderzaj\u0105ce jest to, jak sztywny jest po prawid\u0142owym zainstalowaniu: zacisk nie sprawia wra\u017cenia skr\u0119cania lub zginania przy pierwszym du\u017cym uderzeniu kierownicy. Rami\u0119 podtrzymuj\u0105ce podstaw\u0119 pozostaje do\u015b\u0107 stabilne, nawet w przypadku bardziej dynamicznej podstawy typu R9, pod warunkiem, \u017ce biurko naprzeciwko jest solidne. Istnieje prawdziwa sp\u00f3jno\u015b\u0107 mi\u0119dzy konstrukcj\u0105 a u\u017cytkowaniem Direct Drive.<\/p>\n<p>Jest jednak kilka drobnych punkt\u00f3w, kt\u00f3re mog\u0105 rozczarowa\u0107. Ochraniacze powierzchni biurka s\u0105 obecne, ale w zale\u017cno\u015bci od rodzaju blatu (mi\u0119kkie drewno, laminat, fazowana kraw\u0119d\u017a) mog\u0105 wydawa\u0107 si\u0119 nieco minimalistyczne. Czasami wymagana jest ostro\u017cna regulacja, aby unikn\u0105\u0107 oznaczenia kraw\u0119dzi. W por\u00f3wnaniu z niekt\u00f3rymi bardzo wysokiej klasy zaciskami do ci\u0119\u017cszych podstaw, MOZA Table Clamp jest zoptymalizowany pod k\u0105tem r\u00f3wnowagi wagi do ceny, a nie nadmiernej in\u017cynierii.<\/p>\n<p>W por\u00f3wnaniu z bardziej og\u00f3lnymi systemami dost\u0119pnymi jako akcesoria do komputer\u00f3w PC, MOZA jest o kilka stopni wy\u017csza pod wzgl\u0119dem sztywno\u015bci i konstrukcji dedykowanej wy\u015bcigom symulator\u00f3w. W por\u00f3wnaniu z zaciskami zintegrowanymi z zestawami konsumenckimi, wyra\u017anie zyskujemy na solidno\u015bci i stabilno\u015bci. Czu\u0107, \u017ce zosta\u0142 zaprojektowany do obs\u0142ugi nap\u0119du bezpo\u015bredniego, a nie tylko lekkiej kierownicy nap\u0119dzanej paskiem.<\/p>\n<h2>Ustawienia, personalizacja i kompatybilno\u015b\u0107<\/h2>\n<p>MOZA Table Clamp jest do\u015b\u0107 prosty w swoim podej\u015bciu, ale oferuje niezb\u0119dne regulacje. Mo\u017cna dostosowa\u0107 jego pozycj\u0119 na kraw\u0119dzi biurka, ustawi\u0107 wysoko\u015b\u0107 podstawy w okre\u015blonym zakresie, a przede wszystkim bawi\u0107 si\u0119 k\u0105tem, aby znale\u017a\u0107 w\u0142a\u015bciw\u0105 pozycj\u0119 kierownicy, niezale\u017cnie od tego, czy jeste\u015b na krze\u015ble biurowym, czy na nieco ni\u017cszym siedzeniu. Nie jest to kokpit z 15 osiami regulacji, ale jak na zacisk spe\u0142nia swoje zadanie.<\/p>\n<p>Krzywa uczenia si\u0119 jest bardzo rozs\u0105dna. Na pocz\u0105tku monta\u017c wymaga troch\u0119 czasu, aby dok\u0142adnie zrozumie\u0107, gdzie umie\u015bci\u0107 podstaw\u0119, aby zostawi\u0107 miejsce na klawiatur\u0119 i nogi. Po znalezieniu w\u0142a\u015bciwej konfiguracji nie trzeba do niej codziennie wraca\u0107. System jest nadal w pe\u0142ni u\u017cyteczny dla kogo\u015b, kto nigdy wcze\u015bniej nie budowa\u0142 kokpitu.<\/p>\n<p>Pod wzgl\u0119dem kompatybilno\u015bci jest przeznaczony przede wszystkim do ekosystemu MOZA i podstawek tej marki. Mocuje si\u0119 go naturalnie do otwor\u00f3w przewidzianych do tego celu w R5, R9 i innych. Wa\u017cn\u0105 rzecz\u0105 jest sprawdzenie grubo\u015bci i kszta\u0142tu blatu biurka: potrzebujesz czystej kraw\u0119dzi, niezbyt grubej i wystarczaj\u0105co sztywnej. Lekki blat z p\u0142yty wi\u00f3rowej lub biurko ze zbyt mi\u0119kk\u0105 nog\u0105 centraln\u0105 szybko poka\u017ce swoje ograniczenia, nawet je\u015bli zacisk dobrze trzyma.<\/p>\n<p>Na komputerach PC nie ma \u017cadnych ogranicze\u0144 zwi\u0105zanych z zaciskiem: tak d\u0142ugo, jak podstawa MOZA jest rozpoznawana, wsparcie nie ma wp\u0142ywu na kompatybilno\u015b\u0107 oprogramowania. Na konsolach zacisk jest r\u00f3wnie przejrzysty: po prostu utrzymuje sprz\u0119t bazowy. Otaczaj\u0105cy ekosystem (kierownice MOZA, zestawy korbowe marki lub innych producent\u00f3w, manetki, hamulce r\u0119czne) mo\u017cna zamocowa\u0107 jak zwykle, cz\u0119sto na pod\u0142odze lub na osobnych wspornikach.<\/p>\n<p>Je\u015bli chodzi o skalowalno\u015b\u0107, postrzegam go jako powa\u017cny punkt wej\u015bcia. Pozwala w pe\u0142ni wykorzysta\u0107 mo\u017cliwo\u015bci podstawy Direct Drive bez konieczno\u015bci natychmiastowego inwestowania w kompletny kokpit. Mo\u017cna zacz\u0105\u0107 od zacisku, a p\u00f3\u017aniej przej\u015b\u0107 na aluminiowe podwozie, zachowuj\u0105c zacisk jako rozwi\u0105zanie dodatkowe lub mobilne. Nie zast\u0105pi to kokpitu w przypadku najci\u0119\u017cszych konfiguracji, ale jest dobrym wyborem do regularnego u\u017cytku stacjonarnego.<\/p>\n<h2>Stawk\u0105 s\u0105 doznania<\/h2>\n<p>To w\u0142a\u015bnie tutaj MOZA Table Clamp robi r\u00f3\u017cnic\u0119, poniewa\u017c to, co naprawd\u0119 oceniamy, to stabilno\u015b\u0107 zestawu podstawa + biurko. Po zamontowaniu dobrej podstawy MOZA mo\u017cna od razu stwierdzi\u0107, czy b\u0119dzie ona stabilna, czy nie.<\/p>\n<p>Podczas pokonywania zakr\u0119t\u00f3w kluczowym kryterium jest p\u0142ywalno\u015b\u0107. W przypadku niekt\u00f3rych lekkich statyw\u00f3w mo\u017cna wyczu\u0107 paso\u017cytniczy \"luz\": podstawa si\u0119 porusza, biurko si\u0119 trz\u0119sie, a cz\u0119\u015b\u0107 informacji Force Feedback jest tracona podczas zginania podstawy. Z MOZA Table Clamp zjawisko to jest w du\u017cej mierze ograniczone, pod warunkiem, \u017ce samo biurko jest powa\u017cne. Kierownica pozostaje na swoim miejscu podczas d\u0142ugotrwa\u0142ego podparcia, a korekty s\u0105 dokonywane bez zbyt p\u00f3\u017anej reakcji podparcia.<\/p>\n<p>Je\u015bli chodzi o odczyty przyczepno\u015bci, zacisk nie pogarsza tego, co mo\u017ce zapewni\u0107 podstawa. Nadal mo\u017cna wyczu\u0107 mikrowahania kierownicy, moment, w kt\u00f3rym prz\u00f3d zaczyna traci\u0107 na wadze, oraz niewielk\u0105 utrat\u0119 przyczepno\u015bci na wyj\u015bciach z zakr\u0119t\u00f3w. Tam, gdzie niekt\u00f3re \"tanie\" wsporniki sprawiaj\u0105 wra\u017cenie, \u017ce wszystko jest mechanicznie t\u0142umione lub filtrowane, MOZA przepuszcza przydatne szczeg\u00f3\u0142y. Rozumiesz, co robi samoch\u00f3d, a o to w\u0142a\u015bnie chodzi w nap\u0119dzie bezpo\u015brednim.<\/p>\n<p>Je\u015bli chodzi o wibratory, sprawy wci\u0105\u017c staj\u0105 si\u0119 ja\u015bniejsze. Szybkie wibracje i kr\u00f3tkie wstrz\u0105sy sprawiaj\u0105, \u017ce lekkie podp\u00f3rki ta\u0144cz\u0105. Tutaj zacisk radzi sobie ca\u0142kiem dobrze. Mo\u017cna wyczu\u0107 wibracje kierownicy, ale podstawa nie drga nadmiernie. W przypadku mocnych kombinacji podstawa + biurko, kt\u00f3re s\u0105 nieco elastyczne, mo\u017cna zauwa\u017cy\u0107 niewielki og\u00f3lny ruch mebla, ale zacisk pozostaje sp\u00f3jny. Punktem ograniczaj\u0105cym jest cz\u0119sto biurko, a nie wspornik MOZA.<\/p>\n<p>Podczas d\u0142ugich sesji sp\u00f3jno\u015b\u0107 jest dobra. Gdy wszystko jest odpowiednio dokr\u0119cone, zacisk nie rozregulowuje si\u0119 co dziesi\u0119\u0107 minut. Pokr\u0119t\u0142a pozostaj\u0105 na miejscu, a pozycja nie zmienia si\u0119. Nie ma tego irytuj\u0105cego uczucia konieczno\u015bci ponownego dokr\u0119cania w \u015brodku wy\u015bcigu. Przez kilka godzin prowadzenie pozostaje stabilne, a jedynym czynnikiem powoduj\u0105cym zm\u0119czenie jest siedzenie, a nie podparcie kierownicy.<\/p>\n<p>Podczas szybkich korekt, szczeg\u00f3lnie w rajdach lub drifcie, mo\u017cna szybko sprawdzi\u0107, czy podp\u00f3rka jest dost\u0119pna. Z zaciskiem MOZA Table Clamp, przej\u015bcia lewo-prawo s\u0105 wykonywane bez dodatkowych op\u00f3\u017anie\u0144. Kierownica p\u0142ynnie powraca na \u015brodek, a du\u017ce uderzenia nie sprawiaj\u0105, \u017ce podpora wpada w drgania. Rezultatem jest prawdziwa kontrola i szybko\u015b\u0107 reakcji. W tym miejscu r\u00f3\u017cnica w stosunku do zacisk\u00f3w klasy podstawowej jest naprawd\u0119 wyra\u017ana.<\/p>\n<p>W por\u00f3wnaniu do mniej wydajnej podstawy zamontowanej na lekkim uchwycie, g\u0142\u00f3wn\u0105 zalet\u0105 jest to, \u017ce si\u0142y s\u0105 bardziej czytelne: przej\u015bcia mi\u0119dzy przyczepno\u015bci\u0105 a po\u015blizgiem s\u0105 wyra\u017aniejsze, a szczeg\u00f3\u0142y FFB nie s\u0105 \"zjadane\" przez elastyczno\u015b\u0107 uchwytu. W por\u00f3wnaniu z najwy\u017cszej klasy instalacj\u0105 na sztywnej aluminiowej obudowie, zacisk pozostaje kompromisem: w znacznie wi\u0119kszym stopniu zale\u017cy od biurka, a przy najwy\u017cszych momentach obrotowych mo\u017cna poczu\u0107, \u017ce nie jest tak niewzruszony jak prawdziwy kokpit. Ale w kontek\u015bcie konfiguracji sto\u0142owej zakres ulepsze\u0144 jest ju\u017c ogromny.<\/p>\n<p>Ostatecznie og\u00f3lne odczucia koncentruj\u0105 si\u0119 wok\u00f3\u0142 trzech s\u0142\u00f3w: immersja, komfort i pewno\u015b\u0107 siebie. Mo\u017cesz naciska\u0107 baz\u0119 MOZA bez obawy, \u017ce wszystko p\u00f3jdzie nie tak, nie musisz \"oszcz\u0119dza\u0107\" kierownicy ze strachu przed biurem, a to naprawd\u0119 zmienia spos\u00f3b, w jaki prowadzisz. Prowadzisz bardziej naturalnie, mocniej, z czystszym wyczuciem.<\/p>\n<h2>Dla kogo to jest? Co lubimy, czego nie lubimy<\/h2>\n<p>Zacisk sto\u0142owy MOZA jest wyra\u017anie skierowany do symulator\u00f3w, kt\u00f3rzy chc\u0105 mie\u0107 nap\u0119d bezpo\u015bredni, ale jeszcze nie zdecydowali si\u0119 na kokpit. Typowy profil: zmotywowany u\u017cytkownik komputera lub konsoli, cz\u0119sto \u015brednio zaawansowany, kt\u00f3ry je\u017adzi kilka razy w tygodniu, ale musi zadowoli\u0107 si\u0119 biurkiem i ograniczon\u0105 przestrzeni\u0105. Jest to r\u00f3wnie\u017c dobre rozwi\u0105zanie dla osoby, kt\u00f3ra powa\u017cnie zaczyna swoj\u0105 przygod\u0119 z baz\u0105 MOZA, ale nie chce reorganizowa\u0107 ca\u0142ego swojego salonu na kompletne podwozie.<\/p>\n<p>Najbardziej doceniam og\u00f3ln\u0105 sztywno\u015b\u0107 w por\u00f3wnaniu do zwyk\u0142ego zacisku: masz wra\u017cenie, \u017ce zosta\u0142 zaprojektowany tak, aby wytrzyma\u0107 du\u017cy moment obrotowy. Do tego dochodzi naturalna kompatybilno\u015b\u0107 ze wspornikami \u0142a\u0144cucha MOZA, wi\u0119c nie ma potrzeby majstrowania przy adapterach. Wreszcie, praktyczno\u015b\u0107: mo\u017cna go do\u015b\u0107 szybko zamontowa\u0107 \/ zdemontowa\u0107, dostosowa\u0107 pozycj\u0119 kierownicy i wr\u00f3ci\u0107 do \"normalnego\" biurka, je\u015bli zajdzie taka potrzeba. W przypadku hybrydowej konfiguracji do pracy + wy\u015bcig\u00f3w symulacyjnych to prawdziwy plus.<\/p>\n<p>S\u0105 jednak pewne ograniczenia. Pierwszym z nich jest ca\u0142kowita zale\u017cno\u015b\u0107 od jako\u015bci biurka. Je\u015bli blat jest cienki, mi\u0119kki lub \u017ale przymocowany, zacisk nie zrobi \u017cadnej r\u00f3\u017cnicy: to mebel stanie si\u0119 s\u0142abym punktem, a niekt\u00f3re odczucia FFB zostan\u0105 obni\u017cone. Po drugie, ochrona kraw\u0119dzi sto\u0142u mog\u0142aby by\u0107 bardziej hojna, aby uspokoi\u0107 tych, kt\u00f3rzy maj\u0105 \u0142adne biurko, kt\u00f3rego nie chc\u0105 zaznacza\u0107. Nale\u017cy zachowa\u0107 ostro\u017cno\u015b\u0107 podczas monta\u017cu, aby unikn\u0105\u0107 niespodzianek. Trzecim ograniczeniem jest bardzo d\u0142ugoterminowy potencja\u0142 w obliczu ci\u0119\u017cszych lub mocniejszych podstaw: je\u015bli przejdziesz na bardzo mocn\u0105 konfiguracj\u0119 z ultra-sztywnym mechanizmem korbowym z ogniwami obci\u0105\u017ceniowymi, mocnym hamowaniem itp.<\/p>\n<p>Pod wzgl\u0119dem postrzeganej warto\u015bci jest to akcesorium, kt\u00f3re pozostaje inwestycj\u0105, ale tak\u0105, kt\u00f3ra jest uzasadniona, je\u015bli naprawd\u0119 chcesz w pe\u0142ni wykorzysta\u0107 podstaw\u0119 Direct Drive bez przechodzenia bezpo\u015brednio do obudowy. Jest to typowy rodzaj produktu, kt\u00f3ry nie podnosi \"czynnika wow\" wizualnie, ale robi ogromn\u0105 r\u00f3\u017cnic\u0119 w jako\u015bci codziennego u\u017cytkowania. W przypadku konfiguracji desktopowej jest to niemal strategiczny zakup.<\/p>\n<h2>Werdykt<\/h2>\n<p>Zacisk sto\u0142owy MOZA nie zamieni twojego zestawu w profesjonalny kokpit, ale wyra\u017anie zmieni spos\u00f3b, w jaki zachowuje si\u0119 zestaw stacjonarny. Zapewnia brakuj\u0105cy element mi\u0119dzy powa\u017cn\u0105 baz\u0105 nap\u0119du bezpo\u015bredniego a \u015brodowiskiem domowym, kt\u00f3re nie zosta\u0142o pierwotnie zaprojektowane dla niego. W praktyce stabilizuje kierownic\u0119, sprawia, \u017ce jest bardziej niezawodna i pozwala naprawd\u0119 wykorzysta\u0107 zalety podstawy MOZA bez konieczno\u015bci przestawiania wszystkiego.<\/p>\n<p>Na rynku umieszczam go w kategorii \"pivot\": nie jest to ani podstawowy gad\u017cet, ani ultra-specjalistyczny sprz\u0119t premium. Jest to solidne rozwi\u0105zanie po\u015brednie, zaprojektowane tak, aby towarzyszy\u0107 bazom \u015bredniej i najwy\u017cszej klasy w kontek\u015bcie biurowym. Dla kogo\u015b, kto cz\u0119sto je\u017adzi, ale nie ma miejsca lub ochoty na pe\u0142ny kokpit, jest to bez w\u0105tpienia istotne.<\/p>\n<p>Poleci\u0142bym go ka\u017cdemu, kto u\u017cywa lub rozwa\u017ca zastosowanie podstawy MOZA na biurku i kto ju\u017c odczuwa ograniczenia obecnego mocowania. Z drugiej strony, je\u015bli masz ju\u017c solidn\u0105 aluminiow\u0105 obudow\u0119 lub je\u015bli twoje biurko jest zbyt lekkie lub \u017ale zaprojektowane, aby wytrzyma\u0107 znaczne si\u0142y, nie b\u0119dzie to najlepszy wyb\u00f3r: w takim przypadku potrzebny b\u0119dzie prawdziwy kokpit lub powa\u017cniejszy mebel.<\/p>\n<p>Je\u015bli chcesz ustabilizowa\u0107 podstaw\u0119 MOZA Direct Drive na prostym biurku, zachowuj\u0105c jednocze\u015bnie wygod\u0119 i komfort, ten produkt mo\u017ce wyra\u017anie zmieni\u0107 Twoj\u0105 konfiguracj\u0119.<\/p>","protected":false},"excerpt":{"rendered":"<p>Przede wszystkim ten zacisk da\u0142 mi wra\u017cenie przekszta\u0142cenia zwyk\u0142ego biurka w wreszcie powa\u017cne wsparcie dla podstawy MOZA: kierownica staje si\u0119 stabilna, wra\u017cenia s\u0105 czystsze i nie boisz si\u0119 ju\u017c mebli. Ma to sens dla zwyk\u0142ych simracer\u00f3w bez miejsca na kokpit, kt\u00f3rzy naprawd\u0119 chc\u0105 cieszy\u0107 si\u0119 Direct Drive na stole. Og\u00f3lnie rzecz bior\u0105c, warto\u015b\u0107 jest zgodna z tym, co zmienia na co dzie\u0144.<\/p>","protected":false},"featured_media":101570,"comment_status":"open","ping_status":"closed","template":"","meta":{"_acf_changed":false,"_et_pb_use_builder":"","_et_pb_old_content":"","_et_gb_content_width":""},"product_brand":[165],"product_cat":[153],"product_tag":[149],"class_list":{"0":"post-101569","1":"product","2":"type-product","3":"status-publish","4":"has-post-thumbnail","6":"product_brand-moza-racing","7":"product_cat-accessoires","8":"product_tag-pc","10":"first","11":"instock","12":"shipping-taxable","13":"product-type-external"},"acf":[],"_links":{"self":[{"href":"https:\/\/simracergear.com\/pl\/wp-json\/wp\/v2\/product\/101569","targetHints":{"allow":["GET"]}}],"collection":[{"href":"https:\/\/simracergear.com\/pl\/wp-json\/wp\/v2\/product"}],"about":[{"href":"https:\/\/simracergear.com\/pl\/wp-json\/wp\/v2\/types\/product"}],"replies":[{"embeddable":true,"href":"https:\/\/simracergear.com\/pl\/wp-json\/wp\/v2\/comments?post=101569"}],"wp:featuredmedia":[{"embeddable":true,"href":"https:\/\/simracergear.com\/pl\/wp-json\/wp\/v2\/media\/101570"}],"wp:attachment":[{"href":"https:\/\/simracergear.com\/pl\/wp-json\/wp\/v2\/media?parent=101569"}],"wp:term":[{"taxonomy":"product_brand","embeddable":true,"href":"https:\/\/simracergear.com\/pl\/wp-json\/wp\/v2\/product_brand?post=101569"},{"taxonomy":"product_cat","embeddable":true,"href":"https:\/\/simracergear.com\/pl\/wp-json\/wp\/v2\/product_cat?post=101569"},{"taxonomy":"product_tag","embeddable":true,"href":"https:\/\/simracergear.com\/pl\/wp-json\/wp\/v2\/product_tag?post=101569"}],"curies":[{"name":"wp","href":"https:\/\/api.w.org\/{rel}","templated":true}]}}