{"id":101579,"date":"2025-05-15T08:14:00","date_gmt":"2025-05-15T08:14:00","guid":{"rendered":"https:\/\/simracergear.com\/products\/moza-universal-base-mount-adapter\/"},"modified":"2025-11-28T05:57:56","modified_gmt":"2025-11-28T05:57:56","slug":"moza-universal-base-mount-adapter","status":"publish","type":"product","link":"https:\/\/simracergear.com\/pl\/products\/moza-universal-base-mount-adapter\/","title":{"rendered":"Uniwersalny adapter do monta\u017cu na podstawie MOZA"},"content":{"rendered":"<h2>Uniwersalny adapter do monta\u017cu na podstawie MOZA: pe\u0142na recenzja po testach<\/h2>\n<p>Uniwersalny adapter mocowania podstawy MOZA to niewielkie akcesorium, ale dotyka kluczowego punktu w ka\u017cdej konfiguracji symulatora wy\u015bcigowego: jak prawid\u0142owo przymocowa\u0107 podstaw\u0119 do kokpitu. Jest to wyra\u017anie kategoria \"mocowanie \/ kokpit\", a nie spektakularna, ale jest to zazwyczaj rodzaj cz\u0119\u015bci, kt\u00f3ra mo\u017ce zmieni\u0107 chwiejn\u0105 konfiguracj\u0119 w solidn\u0105 platform\u0119.<\/p>\n<p>Jego cel jest prosty: umo\u017cliwienie monta\u017cu podstawy MOZA (i niekt\u00f3rych innych podstaw) na profilach aluminiowych lub konstrukcjach, kt\u00f3re niekoniecznie zosta\u0142y do tego zaprojektowane, przy jednoczesnym zwi\u0119kszeniu sztywno\u015bci i marginesu regulacji. Jest to szczeg\u00f3lnie atrakcyjne dla tych, kt\u00f3rzy przechodz\u0105 na podstaw\u0119 Direct Drive z wi\u0119kszym momentem obrotowym i zdaj\u0105 sobie spraw\u0119, \u017ce ich obecne mocowanie zaczyna si\u0119 wygina\u0107 lub wibrowa\u0107.<\/p>\n<p>Ze swojej strony podszed\u0142em do tego z bardzo praktycznego punktu widzenia: czy ten adapter naprawd\u0119 zwi\u0119ksza sztywno\u015b\u0107, \u0142atwo\u015b\u0107 monta\u017cu i wszechstronno\u015b\u0107, czy jest to tylko dobrze sprzedaj\u0105ca si\u0119 metalowa p\u0142ytka? Skupi\u0142em si\u0119 na jako\u015bci wykonania, solidno\u015bci po dokr\u0119ceniu, opcjach regulacji wysoko\u015bci\/pochylenia i kompatybilno\u015bci z kokpitami o profilu 8020 i bardziej konwencjonalnymi podwoziami.<\/p>\n<p>Pomys\u0142 nie polega na tym, aby\u015b marzy\u0142, ale aby sprawdzi\u0107, czy po zainstalowaniu ca\u0142kowicie zapomnisz o tej cz\u0119\u015bci. Poniewa\u017c dla dobrego adaptera najlepszym komplementem jest w\u0142a\u015bnie to, \u017ce nie my\u015blisz o nim podczas jazdy.<\/p>\n<h2>Projektowanie i produkcja<\/h2>\n<p>Trzymany w d\u0142oni adapter MOZA Universal Base Mount od razu sprawia wra\u017cenie g\u0119sto\u015bci. Jest to grube, obrabiane maszynowo aluminium z ciemnym anodowanym wyko\u0144czeniem, kt\u00f3re emanuje powag\u0105. Nie ma ostrych kraw\u0119dzi, nie ma zadzior\u00f3w w otworach, a fazy s\u0105 czyste. Jasne jest, \u017ce celem jest utrzymanie podstawy Direct Drive bez wzdrygania si\u0119, a produkt natychmiast wysy\u0142a ten komunikat.<\/p>\n<p>Odczuwalna sztywno\u015b\u0107 jest dobra. Przy pr\u00f3bie r\u0119cznego skr\u0119cenia nie wygina si\u0119. P\u0142yta g\u0142\u00f3wna i elementy boczne (w zale\u017cno\u015bci od zestawu i konfiguracji) s\u0105 wystarczaj\u0105co wytrzyma\u0142e, aby przyj\u0105\u0107 i tak ju\u017c pot\u0119\u017cny moment obrotowy. W przypadku kokpitu wykonanego z aluminiowych profili otrzymujemy bardzo sp\u00f3jn\u0105 ca\u0142o\u015b\u0107, bez \"kruchej przek\u0142adki\" mi\u0119dzy podstaw\u0105 a podwoziem.<\/p>\n<p>Monta\u017c podstawy na adapterze jest logicznym procesem, z otworami wpadaj\u0105cymi starannie na miejsce i \u015brubami umieszczonymi bez nadmiernego luzu. Sprawia wra\u017cenie produktu zaprojektowanego dla ekosystemu MOZA, a nie niejasno kompatybilnego, og\u00f3lnego akcesorium. Po dokr\u0119ceniu, d\u017awi\u0119k jest pe\u0142ny, a nie pusty.<\/p>\n<p>Przyjemnie zaskakuj\u0105cy jest poziom wyko\u0144czenia cz\u0119\u015bci, kt\u00f3ra ostatecznie b\u0119dzie prawie niewidoczna. Mo\u017cna odnie\u015b\u0107 wra\u017cenie, \u017ce nie jest to tylko napr\u0119dce wywiercona p\u0142ytka. Wyr\u00f3wnania s\u0105 czyste, a farba i anodyzacja wydaj\u0105 si\u0119 odporne na zarysowania podczas monta\u017cu. Nie ma si\u0119 wra\u017cenia, \u017ce ma si\u0119 do czynienia z czym\u015b \"tanim\".<\/p>\n<p>To, co mo\u017ce by\u0107 nieco rozczarowuj\u0105ce, to fakt, \u017ce ten wygl\u0105d premium nie wymazuje jednej rzeczywisto\u015bci: nadal jest to adapter, a nie ultramodularne mocowanie przegubowe. W por\u00f3wnaniu do niekt\u00f3rych specjalistycznych mocowa\u0144 z najwy\u017cszej p\u00f3\u0142ki, masz nieco mniejsz\u0105 swobod\u0119 w zakresie k\u0105ta lub wysoko\u015bci co do milimetra, zw\u0142aszcza je\u015bli sam kokpit jest ograniczony. Jednak w por\u00f3wnaniu do wielu uniwersalnych mocowa\u0144 \"no name\", postrzegana jako\u015b\u0107 jest wyra\u017anie wy\u017csza, zar\u00f3wno pod wzgl\u0119dem sztywno\u015bci, jak i wyko\u0144czenia.<\/p>\n<h2>Ustawienia, personalizacja i kompatybilno\u015b\u0107<\/h2>\n<p>Uniwersalny adapter mocowania bazowego MOZA nie ma \"menu\" w sensie oprogramowania, ale jego ustawienia s\u0105 mechaniczne. Pomys\u0142 polega na oferowaniu r\u00f3\u017cnych pozycji monta\u017cowych w celu dostosowania wysoko\u015bci i, w zale\u017cno\u015bci od konfiguracji kokpitu, pewnego stopnia nachylenia.<\/p>\n<p>Z praktycznego punktu widzenia, wiele punkt\u00f3w mocowania pozwala przesun\u0105\u0107 podstaw\u0119 nieco bli\u017cej lub dalej, a przede wszystkim dostosowa\u0107 jej po\u0142o\u017cenie na standardowych profilach aluminiowych. S\u0105 to proste, ale przydatne regulacje, zw\u0142aszcza je\u015bli chcesz precyzyjnie dostroi\u0107 wysoko\u015b\u0107 kierownicy bez demonta\u017cu ca\u0142o\u015bci. Nie jest to skomplikowane rami\u0119 przegubowe, ale racjonalne wsparcie, zaprojektowane tak, aby mo\u017cna je by\u0142o raz wyregulowa\u0107, a nast\u0119pnie zapomnie\u0107.<\/p>\n<p>Krzywa uczenia si\u0119 jest bardzo ma\u0142a. Je\u015bli zamontowa\u0142e\u015b ju\u017c profilowany kokpit lub baz\u0119 Direct Drive, od razu zrozumiesz, jak z niej korzysta\u0107. Jedyn\u0105 rzecz\u0105, kt\u00f3ra mo\u017ce zaj\u0105\u0107 troch\u0119 czasu, jest znalezienie idealnej pozycji w stosunku do siedzenia: odpowiednia wysoko\u015b\u0107 kierownicy, odpowiedni k\u0105t oparcia, odpowiedni k\u0105t. Ale to nie sam adapter komplikuje spraw\u0119, ale og\u00f3lna regulacja pozycji za kierownic\u0105.<\/p>\n<p>Pod wzgl\u0119dem kompatybilno\u015bci produkt jest oczywi\u015bcie przeznaczony do podstaw MOZA, dla kt\u00f3rych oferuje czysty i bezpieczny monta\u017c. W zale\u017cno\u015bci od sposobu organizacji kokpitu, mo\u017cna go r\u00f3wnie\u017c u\u017cywa\u0107 z konstrukcjami innych firm, takimi jak profile 8020 lub niekt\u00f3re metalowe obudowy, pod warunkiem, \u017ce masz odpowiednie odleg\u0142o\u015bci mi\u0119dzy \u015brodkami oraz odpowiednie \u015bruby i wkr\u0119ty. W przypadku konsol kwestia ta nie jest bezpo\u015brednio zwi\u0105zana z samym adapterem: ten wspornik nie zmienia kompatybilno\u015bci platformy podstawy, po prostu j\u0105 wspiera.<\/p>\n<p>Jako cz\u0119\u015b\u0107 szerszego ekosystemu, bardzo dobrze integruje si\u0119 z kompletn\u0105 konfiguracj\u0105: kierownica MOZA, mechanizm korbowy, przerzutka na profilach. Mo\u017cna odnie\u015b\u0107 wra\u017cenie, \u017ce MOZA pomy\u015bla\u0142a o tym adapterze jako o elemencie ca\u0142ej uk\u0142adanki. Je\u015bli chodzi o mo\u017cliwo\u015b\u0107 rozbudowy, mo\u017cna go wyra\u017anie wykorzysta\u0107 jako trwa\u0142\u0105 baz\u0119: je\u015bli ulepszysz sw\u00f3j kokpit lub tylny tr\u00f3jk\u0105t w ekosystemie MOZA, cz\u0119sto mo\u017cesz go zachowa\u0107 i dostosowa\u0107 swoj\u0105 konfiguracj\u0119. To bardziej d\u0142ugoterminowa baza ni\u017c proste akcesorium jednorazowego u\u017cytku.<\/p>\n<h2>Sensacje w grze: co to naprawd\u0119 zmienia<\/h2>\n<p>Ten typ produktu nie ma si\u0142owego sprz\u0119\u017cenia zwrotnego jako takiego, ale ma bezpo\u015bredni wp\u0142yw na jako\u015b\u0107 FFB, kt\u00f3re dostajemy w swoje r\u0119ce. Kluczowe pytanie brzmi: czy og\u00f3lna sztywno\u015b\u0107 podstawy + adaptera + kokpitu jest wystarczaj\u0105ca, czy te\u017c tracimy informacje poprzez zginanie i paso\u017cytnicze wibracje?<\/p>\n<p>W praktyce, z uniwersalnym adapterem mocowania bazowego MOZA \u015bci\u015ble dopasowanym do sztywnego kokpitu, przekazywanie si\u0142owego sprz\u0119\u017cenia zwrotnego staje si\u0119 znacznie wyra\u017aniejsze. Gwa\u0142towne szarpni\u0119cia, zmiany momentu obrotowego i szczeg\u00f3\u0142y powierzchni nie maj\u0105 tendencji do rozpraszania si\u0119 w ruchomym mocowaniu. Kierownica pozostaje idealnie w osi, nawet gdy podstawa dostarcza wysoki moment obrotowy.<\/p>\n<p>Podczas pokonywania zakr\u0119t\u00f3w, zw\u0142aszcza przy du\u017cych pr\u0119dko\u015bciach, wyra\u017anie to czu\u0107. Uk\u0142ad kierowniczy nie wydaje si\u0119 \"mi\u0119kki\" ani \"p\u0142ywaj\u0105cy\". Gdy samoch\u00f3d zaczyna by\u0107 podsterowny lub utyka\u0107 z ty\u0142u, informacje docieraj\u0105ce do r\u0105k s\u0105 bezpo\u015brednie, bez op\u00f3\u017anie\u0144 spowodowanych skr\u0119caniem podwozia. Utrzymujesz czystsz\u0105 lini\u0119 i odwa\u017cysz si\u0119 skorygowa\u0107 nieco p\u00f3\u017aniej, poniewa\u017c masz lepsze wyczucie tego, co si\u0119 dzieje.<\/p>\n<p>Je\u015bli chodzi o odczyt przyczepno\u015bci, adapter wykonuje swoj\u0105 najbardziej dyskretn\u0105 prac\u0119, ale najwa\u017cniejsze jest to, \u017ce nie zanieczyszcza sygna\u0142u. Powr\u00f3t przyczepno\u015bci, mikro-utraty przyczepno\u015bci, niewielkie korekty peda\u0142u przyspieszenia, wszystko przechodzi przez baz\u0119 bez t\u0142umienia przez ruchy wspornika. Ma si\u0119 wra\u017cenie, \u017ce samoch\u00f3d m\u00f3wi i nic nie zak\u0142\u00f3ca tej rozmowy.<\/p>\n<p>W przypadku wibrator\u00f3w jest to jeszcze bardziej widoczne, je\u015bli pochodzi si\u0119 z konfiguracji, w kt\u00f3rej podstawa by\u0142a przymocowana do cienkiej p\u0142yty lub wspornika, kt\u00f3ry wibrowa\u0142. Dzi\u0119ki temu mocowaniu wibracje pozostaj\u0105 stabilne i kontrolowane, a kierownica nie sprawia wra\u017cenia, jakby odbija\u0142a si\u0119 od wspornika, kt\u00f3ry porusza si\u0119 we wszystkich kierunkach. Czujesz kraw\u0119dzie, grzbiety, \"stukot\", gdy atakujesz agresywne wibratory, ale jest to czyste, czytelne, bez zewn\u0119trznego ha\u0142asu.<\/p>\n<p>Podczas d\u0142ugich sesji sp\u00f3jno\u015b\u0107 jest dobra. Brak gwa\u0142townego poluzowania, brak odczuwalnej zmiany pozycji po kilku godzinach przy wysokim momencie obrotowym. Odczuwalne zm\u0119czenie pochodzi wy\u0142\u0105cznie z samego FFB, a nie z potrzeby korygowania kierownicy, kt\u00f3ra zaczyna wibrowa\u0107 z powodu pracy wspornika. Zyskujesz komfort psychiczny: wiesz, \u017ce ta strona jest zablokowana.<\/p>\n<p>Szybkie korekty podczas kontrolowanego driftu lub wychodzenia z nadsterowno\u015bci znacznie zyskuj\u0105 na solidnym wsparciu. Kiedy puszczasz kierownic\u0119, aby pozwoli\u0107 jej skr\u0119ci\u0107, a nast\u0119pnie doganiasz j\u0105, nie ma poczucia rozmycia. \u015arodek pozostaje dobrze zdefiniowany, podstawa wraca prosto do ty\u0142u, nic nie skr\u0119ca si\u0119 w fotelu kierowcy. Mo\u017cna \"pu\u015bci\u0107 konie\" bez \u017cadnych w\u0105tpliwo\u015bci co do mechanicznego zachowania uk\u0142adu.<\/p>\n<p>W por\u00f3wnaniu z l\u017cejszym uchwytem lub mocowaniem DIY, r\u00f3\u017cnica jest wyra\u017ana. Tam, gdzie cienkie mocowanie zacznie wibrowa\u0107 i poch\u0142ania\u0107 cz\u0119\u015b\u0107 FFB, uniwersalny adapter MOZA Base Mount pozwala w pe\u0142ni wykorzysta\u0107 osobowo\u015b\u0107 podstawy. W por\u00f3wnaniu do bardzo wysokiej klasy dedykowanych mocowa\u0144, trzymamy si\u0119 tej samej filozofii prawid\u0142owej sztywno\u015bci, z interesuj\u0105cym kompromisem mi\u0119dzy cen\u0105, prostot\u0105 i skuteczno\u015bci\u0105. Nie m\u00f3wimy o ponadwymiarowym systemie przemys\u0142owym, ale dla zdecydowanej wi\u0119kszo\u015bci konsumenckich baz Direct Drive jest to wi\u0119cej ni\u017c wystarczaj\u0105ce.<\/p>\n<h2>Dla kogo to jest? Co lubimy, czego nie lubimy<\/h2>\n<p>Wyra\u017anie widz\u0119 ten adapter jako dobr\u0105 opcj\u0119 dla \u015brednio zaawansowanych i zaawansowanych simracer\u00f3w, kt\u00f3rzy przechodz\u0105 na baz\u0119 Direct Drive lub ju\u017c na niej je\u017cd\u017c\u0105, zw\u0142aszcza w ekosystemie MOZA. Je\u015bli jeste\u015b zmotywowanym pocz\u0105tkuj\u0105cym z kokpitem o profilu aluminiowym lub wystarczaj\u0105co sztywnym podwoziem, jest to r\u00f3wnie\u017c dobra inwestycja, poniewa\u017c zabezpieczasz swoj\u0105 konfiguracj\u0119 od samego pocz\u0105tku, zamiast przemy\u015ble\u0107 wszystko na nowo w miar\u0119 zdobywania mocy.<\/p>\n<p>Jedn\u0105 z rzeczy, kt\u00f3re najbardziej mi si\u0119 w nim podobaj\u0105, jest natychmiastowe uczucie solidno\u015bci. Zak\u0142adasz go, dokr\u0119casz i czujesz, \u017ce nie odkszta\u0142ci si\u0119 przy pierwszym momencie obrotowym. Po drugie, wyko\u0144czenie jest naprawd\u0119 czyste jak na akcesorium tego typu: jest przyjemne w obs\u0142udze i nie sprawia wra\u017cenia cz\u0119\u015bci gara\u017cowej. Wreszcie, jego naturalna kompatybilno\u015b\u0107 z profilowanymi kokpitami i podstawami MOZA sprawia, \u017ce jest to proste rozwi\u0105zanie, kt\u00f3re mo\u017cna poleci\u0107: nie sp\u0119dzasz godzin na dostosowywaniu go, po prostu go montujesz i gotowe.<\/p>\n<p>Je\u015bli chodzi o jego ograniczenia, nale\u017cy pami\u0119ta\u0107, \u017ce nie jest to cudowne wsparcie dla elastycznych podwozi. Je\u015bli kokpit jest lekki, rurowy lub \u017ale zaprojektowany, nawet bardzo dobry adapter nie sprawi, \u017ce wszystkie paso\u017cytnicze ruchy znikn\u0105. Po drugie, nie jest to najbardziej ekstremalny system pod wzgl\u0119dem bardzo precyzyjnej regulacji k\u0105ta lub hiper-modularnej regulacji. Jest wszechstronny, ale nie zosta\u0142 zaprojektowany do codziennej regulacji z dok\u0142adno\u015bci\u0105 co do milimetra. Wreszcie, postrzegana warto\u015b\u0107 zale\u017cy od og\u00f3lnego bud\u017cetu: niekt\u00f3rzy b\u0119d\u0105 postrzega\u0107 dedykowany adapter jako logiczn\u0105 inwestycj\u0119 w celu ochrony drogiej podstawy, inni uznaj\u0105 go za \"tylko kawa\u0142ek metalu\" w por\u00f3wnaniu z bardziej widocznymi wydatkami, takimi jak nowa kierownica lub peda\u0142y.<\/p>\n<p>Je\u015bli chodzi o stosunek inwestycji do korzy\u015bci, powiedzia\u0142bym, \u017ce jest ca\u0142kiem niez\u0142y. Jest to produkt, kt\u00f3ry nie dodaje \u017cadnych efektownych funkcji, ale bezpo\u015brednio poprawia stabilno\u015b\u0107, postrzegan\u0105 precyzj\u0119 i potencjaln\u0105 \u017cywotno\u015b\u0107 konfiguracji. Dla ka\u017cdego, kto powa\u017cnie podchodzi do wy\u015bcig\u00f3w symulacyjnych, tego rodzaju cz\u0119\u015b\u0107 szybko staje si\u0119 oczywistym wyborem.<\/p>\n<h2>Werdykt<\/h2>\n<p>Adapter MOZA Universal Base Mount nie zmieni mocy twojej bazy ani jako\u015bci twojego FFB, ale zmieni spos\u00f3b, w jaki FFB dociera do ciebie. Przekszta\u0142ca przeci\u0119tn\u0105 konfiguracj\u0119 w sztywniejsz\u0105, czystsz\u0105 i bardziej sp\u00f3jn\u0105 ca\u0142o\u015b\u0107. W konfiguracji Direct Drive, kt\u00f3ra zaczyna by\u0107 powa\u017cna, jest to dok\u0142adnie ten rodzaj po\u0142\u0105czenia, kt\u00f3ry chcesz uczyni\u0107 bardziej niezawodnym.<\/p>\n<p>Na rynku postrzegam go jako solidne rozwi\u0105zanie \u015bredniej i najwy\u017cszej klasy w swojej kategorii: powa\u017cniejsze, czystsze i bardziej uspokajaj\u0105ce ni\u017c podstawowe uniwersalne p\u0142yty, pozostaj\u0105c jednocze\u015bnie w przyst\u0119pnym duchu \"konsumenckich wy\u015bcig\u00f3w symulator\u00f3w\". Szczeg\u00f3lnie dobrze pasuje do ekosystemu MOZA, ale mo\u017ce by\u0107 r\u00f3wnie\u017c u\u017cywana jako podstawa dla tych, kt\u00f3rzy buduj\u0105 kokpit na profilach i chc\u0105 czystego wsparcia dla swojej bazy.<\/p>\n<p>Zdecydowanie poleci\u0142bym go u\u017cytkownikom komputer\u00f3w PC lub konsol, kt\u00f3rzy ju\u017c korzystaj\u0105 z Direct Drive lub planuj\u0105 przej\u015b\u0107 na niego i maj\u0105 wystarczaj\u0105co sztywn\u0105 obudow\u0119, aby go wykorzysta\u0107. Je\u015bli korzystasz z bardzo lekkiego kokpitu klasy podstawowej, pieni\u0105dze mog\u0105 by\u0107 lepiej wydane na modernizacj\u0119 obudowy, zanim pomy\u015blisz o tego typu adapterze.<\/p>\n<p>Je\u015bli chcesz usztywni\u0107 swoj\u0105 pozycj\u0119 za kierownic\u0105, sprawi\u0107, by podstawa MOZA by\u0142a bardziej niezawodna i w pe\u0142ni wykorzysta\u0107 mo\u017cliwo\u015bci FFB bez niepo\u017c\u0105danych wibracji, ten produkt mo\u017ce zrobi\u0107 r\u00f3\u017cnic\u0119 w Twojej konfiguracji.<\/p>","protected":false},"excerpt":{"rendered":"<p>Ten adapter da\u0142 mi wra\u017cenie zablokowania konfiguracji: po zamontowaniu ca\u0142kowicie zapominasz o tej cz\u0119\u015bci, a si\u0142owe sprz\u0119\u017cenie zwrotne staje si\u0119 ostrzejsze, bez paso\u017cytniczych ruch\u00f3w. Ma to sens dla symulator\u00f3w ju\u017c korzystaj\u0105cych z Direct Drive (zw\u0142aszcza MOZA) ze sztywnym kokpitem, kt\u00f3rzy chc\u0105 zabezpieczy\u0107 swoj\u0105 konfiguracj\u0119 i sprawi\u0107, by by\u0142a trwa\u0142a. Stosunek jako\u015bci do ceny jest sp\u00f3jny z tym podej\u015bciem.<\/p>","protected":false},"featured_media":101580,"comment_status":"open","ping_status":"closed","template":"","meta":{"_acf_changed":false,"_et_pb_use_builder":"","_et_pb_old_content":"","_et_gb_content_width":""},"product_brand":[165],"product_cat":[153],"product_tag":[149],"class_list":{"0":"post-101579","1":"product","2":"type-product","3":"status-publish","4":"has-post-thumbnail","6":"product_brand-moza-racing","7":"product_cat-accessoires","8":"product_tag-pc","10":"first","11":"instock","12":"shipping-taxable","13":"product-type-external"},"acf":[],"_links":{"self":[{"href":"https:\/\/simracergear.com\/pl\/wp-json\/wp\/v2\/product\/101579","targetHints":{"allow":["GET"]}}],"collection":[{"href":"https:\/\/simracergear.com\/pl\/wp-json\/wp\/v2\/product"}],"about":[{"href":"https:\/\/simracergear.com\/pl\/wp-json\/wp\/v2\/types\/product"}],"replies":[{"embeddable":true,"href":"https:\/\/simracergear.com\/pl\/wp-json\/wp\/v2\/comments?post=101579"}],"wp:featuredmedia":[{"embeddable":true,"href":"https:\/\/simracergear.com\/pl\/wp-json\/wp\/v2\/media\/101580"}],"wp:attachment":[{"href":"https:\/\/simracergear.com\/pl\/wp-json\/wp\/v2\/media?parent=101579"}],"wp:term":[{"taxonomy":"product_brand","embeddable":true,"href":"https:\/\/simracergear.com\/pl\/wp-json\/wp\/v2\/product_brand?post=101579"},{"taxonomy":"product_cat","embeddable":true,"href":"https:\/\/simracergear.com\/pl\/wp-json\/wp\/v2\/product_cat?post=101579"},{"taxonomy":"product_tag","embeddable":true,"href":"https:\/\/simracergear.com\/pl\/wp-json\/wp\/v2\/product_tag?post=101579"}],"curies":[{"name":"wp","href":"https:\/\/api.w.org\/{rel}","templated":true}]}}