{"id":101581,"date":"2025-05-15T08:14:00","date_gmt":"2025-05-15T08:14:00","guid":{"rendered":"https:\/\/simracergear.com\/products\/moza-universal-hub-kit\/"},"modified":"2025-11-28T05:58:38","modified_gmt":"2025-11-28T05:58:38","slug":"moza-universal-hub-kit","status":"publish","type":"product","link":"https:\/\/simracergear.com\/pl\/products\/moza-universal-hub-kit\/","title":{"rendered":"Uniwersalny zestaw piasty MOZA"},"content":{"rendered":"<h2>MOZA Universal Hub Kit: moja opinia po testach w praktyce<\/h2>\n<p>W ekosystemie MOZA Universal Hub Kit zajmuje szczeg\u00f3lne miejsce. Nie jest to ani kierownica, ani podstawa, ale cz\u0119\u015b\u0107, kt\u00f3ra pozwala pod\u0142\u0105czy\u0107 prawie ka\u017cd\u0105 \"prawdziw\u0105\" kierownic\u0119 do podstawy MOZA Direct Drive, zachowuj\u0105c podstawowe funkcje: przyciski, \u0142opatki i ewentualnie modu\u0142 wy\u015bwietlacza, w zale\u017cno\u015bci od sposobu monta\u017cu. <\/p>\n<p>Jest atrakcyjny, poniewa\u017c obiecuje dwie rzeczy, kt\u00f3re s\u0105 bardzo poszukiwane w wy\u015bcigach symulacyjnych: ca\u0142kowit\u0105 swobod\u0119 wyboru kierownicy i czyst\u0105 integracj\u0119 z ekosystemem MOZA, bez w\u0105tpliwych manipulacji i egzotycznych adapter\u00f3w elektrycznych. Zasadniczo pomys\u0142 jest prosty: zachowujesz moc i finezj\u0119 bazy Direct Drive, ale zyskujesz wyczucie kierownicy samochodu \"IRL\".<\/p>\n<p>M\u00f3j punkt widzenia na ten test jest zatem jasny: czy ten zestaw naprawd\u0119 dobrze si\u0119 trzyma pod wzgl\u0119dem jako\u015bci wykonania, sztywno\u015bci i niezawodno\u015bci sygna\u0142u, a przede wszystkim, czy zas\u0142uguje na swoje miejsce w ju\u017c dobrze wyposa\u017conej konfiguracji? A mo\u017ce jest to nadal fajny dodatek, ale zb\u0119dny, je\u015bli u\u017cywasz ju\u017c oficjalnych kierownic MOZA?<\/p>\n<h2>Projektowanie i produkcja uniwersalnego zestawu piasty MOZA<\/h2>\n<p>Pierwsze wra\u017cenie: emanuje metalem. Wi\u0119kszo\u015b\u0107 piasty jest wykonana z obrabianego maszynowo aluminium, co sprawia wra\u017cenie solidnego bloku, bez cz\u0119\u015bci, kt\u00f3re wydaj\u0105 si\u0119 puste lub poruszaj\u0105 si\u0119 w d\u0142oni. W d\u0142oni g\u0119sto\u015b\u0107 jest nieco zaskakuj\u0105ca jak na \"prost\u0105\" piast\u0119, ale natychmiast uspokaja pod wzgl\u0119dem sztywno\u015bci, gdy we\u017amie si\u0119 pod uwag\u0119 ograniczenia nap\u0119du bezpo\u015bredniego o wysokim momencie obrotowym.<\/p>\n<p>Og\u00f3lne wyko\u0144czenie jest czyste: zaokr\u0105glone kraw\u0119dzie, jednolita anodyzacja, czyste grawerunki. \u015aruby s\u0105 dobrze osadzone, nic nie wystaje, co sprawia wra\u017cenie, \u017ce jest to produkt zaprojektowany z my\u015bl\u0105 o trwa\u0142o\u015bci. Po zamontowaniu na podstawie nie ma wyczuwalnego luzu. Gdy celowo dociskamy kierownic\u0119, po\u0142\u0105czenie pozostaje stabilne, bez zauwa\u017calnego paso\u017cytniczego ugi\u0119cia. W przypadku mocnej konfiguracji jest to dok\u0142adnie to, czego chcesz: brak strat mi\u0119dzy podstaw\u0105 a d\u0142o\u0144mi.<\/p>\n<p>To, co do\u015b\u0107 szybko rzuca si\u0119 w oczy, to staranna integracja z szybkoz\u0142\u0105czk\u0105 MOZA. W\u0142\u0105czenie jest proste, a blokada daje wyra\u017ane \"klikni\u0119cie\", bez wahania. Oczywiste jest, \u017ce jest to standardowy produkt Direct Drive, a nie adaptacja kierownicy z rynku masowego.<\/p>\n<p>Jestem nieco bardziej ostro\u017cny, je\u015bli chodzi o pewne ergonomiczne szczeg\u00f3\u0142y. W zale\u017cno\u015bci od zamontowanej kierownicy, okablowanie i zarz\u0105dzanie przyciskami mo\u017ce szybko sta\u0107 si\u0119 wizualnie przyt\u0142aczaj\u0105ce. Koncentrator robi, co mo\u017ce, ale nie jest magicznie \"czysty\" z \u017cadnym sprz\u0119tem innych firm: musisz przynajmniej przemy\u015ble\u0107 swoj\u0105 konfiguracj\u0119. Uwa\u017cam r\u00f3wnie\u017c, \u017ce w por\u00f3wnaniu z niekt\u00f3rymi bardzo modu\u0142owymi hubami z najwy\u017cszej p\u00f3\u0142ki, ca\u0142o\u015b\u0107 wygl\u0105da troch\u0119 mniej jak \"klejnot\", a bardziej jak \"powa\u017cne narz\u0119dzie\". Nie jest to wada, ale nie jest to zbyt luksusowe.<\/p>\n<p>W por\u00f3wnaniu do innych piast w podobnej kategorii, zestaw MOZA Universal Hub Kit jest wyra\u017anie w powa\u017cnym segmencie mid\/high-end: bardziej wytrzyma\u0142y i lepiej zintegrowany ni\u017c og\u00f3lny adapter, nieco mniej premium ni\u017c niekt\u00f3re zestawy ultra-custom, kt\u00f3re kosztuj\u0105 znacznie wi\u0119cej. To dobry kompromis mi\u0119dzy solidno\u015bci\u0105, wyko\u0144czeniem i cen\u0105.<\/p>\n<h2>Ustawienia, personalizacja i kompatybilno\u015b\u0107<\/h2>\n<p>Je\u015bli chodzi o ustawienia, wszystko odbywa si\u0119 za po\u015brednictwem oprogramowania MOZA Pit House. Zestaw Universal Hub Kit jest rozpoznawany jako cz\u0119\u015b\u0107 ekosystemu, co znacznie upraszcza \u017cycie. Nie ma potrzeby stosowania niejasnych sterownik\u00f3w lub skomplikowanych mapowa\u0144. Wej\u015bcia przycisk\u00f3w s\u0105 traktowane jak klasyczne wej\u015bcia MOZA, co sprawia, \u017ce przypisywanie ich w grze jest bardzo proste.<\/p>\n<p>Najwa\u017cniejsze dostosowanie sprowadza si\u0119 do sposobu mapowania element\u00f3w steruj\u0105cych. Dzi\u0119ki kierownicy \"IRL\" masz mniej przycisk\u00f3w ni\u017c w przypadku niekt\u00f3rych dobrze zaopatrzonych desek rozdzielczych MOZA, wi\u0119c musisz pomy\u015ble\u0107 o tym, co jest naprawd\u0119 niezb\u0119dne: reflektory, radio, zmiana mapy silnika, ogranicznik do\u0142k\u00f3w i tak dalej. Jedn\u0105 z fajnych rzeczy w hubie jest to, \u017ce op\u00f3\u017anienie jest niezauwa\u017calne, a niezawodno\u015b\u0107 ci\u015bnienia jest dobra. Naciskasz przycisk, a on natychmiast reaguje, bez fantomowych podw\u00f3jnych klikni\u0119\u0107 lub martwych stref.<\/p>\n<p>Krzywa uczenia si\u0119 naprawd\u0119 zale\u017cy od do\u015bwiadczenia w wy\u015bcigach symulacyjnych. Je\u015bli jeste\u015b ju\u017c zaznajomiony z oprogramowaniem MOZA i mapowaniami, integracja jest bardzo prosta. Je\u015bli jeste\u015b nowy zar\u00f3wno w bazie Direct Drive, jak i w tym koncentratorze, musisz si\u0119 troch\u0119 nauczy\u0107, aby wszystko poprawnie skonfigurowa\u0107, ale nie ma si\u0119 do czego przyczepi\u0107. Szczerze m\u00f3wi\u0105c, najbardziej czasoch\u0142onn\u0105 cz\u0119\u015bci\u0105 jest cz\u0119sto wyb\u00f3r sposobu dystrybucji funkcji na mniejsz\u0105 liczb\u0119 przycisk\u00f3w.<\/p>\n<p>Je\u015bli chodzi o kompatybilno\u015b\u0107, nadal jeste\u015bmy na klasycznym terytorium MOZA: jest on przeznaczony g\u0142\u00f3wnie dla komputer\u00f3w PC. Konsole s\u0105 trudniejsze, poniewa\u017c sprz\u0119towe rozpoznawanie piast i niestandardowych k\u00f3\u0142 zale\u017cy w du\u017cej mierze od gier i ogranicze\u0144 producent\u00f3w. Je\u015bli korzystasz g\u0142\u00f3wnie z konsoli z zastrze\u017conym ekosystemem, ten zestaw traci wiele ze swojej atrakcyjno\u015bci.<\/p>\n<p>Je\u015bli chodzi o ekosystem, piasta bardzo dobrze wsp\u00f3\u0142pracuje z mostkami \u0142a\u0144cuchowymi, mechanizmami korbowymi i manetkami MOZA Direct Drive. \u0141atwo wyobrazi\u0107 sobie kompletn\u0105 konfiguracj\u0119 MOZA, w kt\u00f3rej tylko kierownica jest \"prawdziwym\" modelem lub pochodzi od innej marki wy\u015bcigowej. Jest to niew\u0105tpliwie produkt otwieraj\u0105cy: przekszta\u0142ca baz\u0119 MOZA w bardziej uniwersaln\u0105 platform\u0119. Dla mnie to nie tylko punkt wej\u015bcia, to prawdziwy budulec: gdy ju\u017c go masz, mo\u017cesz rozwija\u0107 swoje kierownice wed\u0142ug w\u0142asnego uznania, bez zmiany reszty konfiguracji.<\/p>\n<h2>MOZA Universal Hub Kit: doznania podczas zabawy<\/h2>\n<p>Na torze rola piasty jest bardzo prosta: nie mo\u017ce niczego uszkodzi\u0107. Nie mo\u017ce filtrowa\u0107 si\u0142owego sprz\u0119\u017cenia zwrotnego, dodawa\u0107 elastyczno\u015bci ani generowa\u0107 \u017cadnych paso\u017cytniczych luz\u00f3w. Pod tym wzgl\u0119dem uniwersalny zestaw piasty MOZA sprawdza si\u0119 naprawd\u0119 dobrze.<\/p>\n<p>Na bazie MOZA Direct Drive przep\u0142yw informacji pozostaje bardzo czysty. Mikrozmiany momentu obrotowego, niewielkie odchylenia przyczepno\u015bci, niewielkie przenoszenie obci\u0105\u017cenia podczas hamowania: wszystko przechodzi bez wra\u017cenia mechanicznego \"bufora\". Po przesiadce z oryginalnej kierownicy marki na kierownic\u0119 zamontowan\u0105 za po\u015brednictwem tej piasty, najbardziej zaskakuj\u0105ce jest to, \u017ce odczucia pozostaj\u0105 por\u00f3wnywalne pod wzgl\u0119dem precyzji, pod warunkiem, \u017ce wybrana kierownica jest sztywna. Szybko mo\u017cna odnie\u015b\u0107 wra\u017cenie, \u017ce podstawa nadal \"m\u00f3wi\" tak samo.<\/p>\n<p>W zakr\u0119tach, zw\u0142aszcza w GT3 i prototypach, odczyt przyczepno\u015bci jest nadal bardzo dok\u0142adny. Mo\u017cna wyczu\u0107, kiedy prz\u00f3d zaczyna si\u0119 nasyca\u0107. K\u0105t nachylenia kierownicy, stopniowo rosn\u0105cy op\u00f3r, niewielkie wibracje nawierzchni: to wszystko jest obecne. To nie piasta ogranicza zdolno\u015b\u0107 do kontrolowania wej\u015bcia w zakr\u0119t. Je\u015bli wyst\u0119puje jakiekolwiek ugi\u0119cie, prawie zawsze pochodzi ono z samej kierownicy lub kokpitu, rzadko z zestawu.<\/p>\n<p>Je\u015bli chodzi o wibratory, zachowanie jest interesuj\u0105ce. Przy dobrym ustawieniu FFB mo\u017cna naprawd\u0119 poczu\u0107 wz\u00f3r wibrator\u00f3w, zmiany cz\u0119stotliwo\u015bci z jednej \u015bcie\u017cki na drug\u0105, a koncentrator nie wydaje si\u0119 odfiltrowywa\u0107 tych szczeg\u00f3\u0142\u00f3w. Suche wstrz\u0105sy pozostaj\u0105 wyra\u017ane, ale bez paso\u017cytniczego ha\u0142asu cz\u0119\u015bci poruszaj\u0105cych si\u0119 w systemie. Kiedy samoch\u00f3d zbyt mocno ugryzie agresywny wibrator, czujesz wstrz\u0105s w d\u0142oniach i w\u0142a\u015bnie w tym miejscu pojawia si\u0119 zaleta sztywnego po\u0142\u0105czenia: wiesz dok\u0142adnie, kiedy zdj\u0105\u0107 nog\u0119 z peda\u0142u przyspieszenia lub lekko zwolni\u0107 kierownic\u0119, aby pozwoli\u0107 samochodowi si\u0119 uspokoi\u0107.<\/p>\n<p>Podczas d\u0142ugich sesji Universal Hub Kit daje o sobie zapomnie\u0107, co jest dobrym znakiem. Nie ma zauwa\u017calnego poluzowania, nie ma odg\u0142os\u00f3w, kt\u00f3re pojawiaj\u0105 si\u0119, gdy jest gor\u0105co, i nie ma wra\u017cenia, \u017ce ogniwo staje si\u0119 mniej twarde po kilku godzinach jazdy. Konsystencja jest naprawd\u0119 dobra. Przy regularnym, nawet codziennym u\u017cytkowaniu, to uspokajaj\u0105ce.<\/p>\n<p>Podczas wykonywania szybkich korekt, szczeg\u00f3lnie w nerwowych samochodach lub w rajdach \/ rallycrossie, szukasz szybko\u015bci reakcji. Kiedy samoch\u00f3d si\u0119 zatrzymuje, kontrujesz i przywracasz kierownic\u0119 do \u015brodka, piasta pod\u0105\u017ca za nim bez op\u00f3\u017anie\u0144 i niepotrzebnego t\u0142umienia. Podstawa daje z siebie wszystko, a d\u0142onie natychmiast wszystko odbieraj\u0105. W tym miejscu naprawd\u0119 wida\u0107 r\u00f3\u017cnic\u0119 w por\u00f3wnaniu z niekt\u00f3rymi bardziej mi\u0119kkimi adapterami lub konfiguracjami DIY, w kt\u00f3rych tracisz bezpo\u015brednie po\u0142\u0105czenie. Tutaj ma\u0142e oscylacje, uderzenia rakiet\u0105 i gwa\u0142towne z\u0142apania pozostaj\u0105 pod kontrol\u0105.<\/p>\n<p>W por\u00f3wnaniu z \"natywn\u0105\" kierownic\u0105 MOZA montowan\u0105 bezpo\u015brednio bez u\u017cycia uniwersalnej piasty, nie odczu\u0142em \u017cadnej zauwa\u017calnej utraty precyzji, o ile monta\u017c by\u0142 prawid\u0142owy, a wybrana kierownica by\u0142a powa\u017cna. Z drugiej strony, w por\u00f3wnaniu do mniej wydajnej bazy z l\u017cejsz\u0105 kierownic\u0105, monta\u017c jest oczywi\u015bcie bardziej fizyczny. W zale\u017cno\u015bci od \u015brednicy i wagi zainstalowanej kierownicy \"IRL\", manewrowanie przy du\u017cej intensywno\u015bci mo\u017ce by\u0107 nieco ci\u0119\u017csze. Nie jest to wada piasty, ale nale\u017cy o tym pami\u0119ta\u0107: im wi\u0119ksza kierownica, tym bardziej rami\u0119 d\u017awigni dzia\u0142a na podstaw\u0119.<\/p>\n<p>Ostatecznie og\u00f3lne wra\u017cenia s\u0105 bardzo wci\u0105gaj\u0105ce: otrzymujesz wszystkie zalety nowoczesnego nap\u0119du bezpo\u015bredniego, z przyjemno\u015bci\u0105 p\u0142yn\u0105c\u0105 z niestandardowej kierownicy. Natychmiast rozumiesz, co robi samoch\u00f3d, co jest dok\u0142adnie tym, czego mo\u017cna oczekiwa\u0107 od tego typu piasty.<\/p>\n<h2>Dla kogo jest przeznaczony? Co nam si\u0119 podoba, a co nie<\/h2>\n<p>Zdecydowanie postrzegam ten zestaw jako idealne rozwi\u0105zanie dla \u015brednio-zaawansowanych i zaawansowanych symulator\u00f3w, kt\u00f3rzy maj\u0105 ju\u017c baz\u0119 MOZA lub powa\u017cnie rozwa\u017caj\u0105 wej\u015bcie do ekosystemu. Je\u015bli pochodzisz z mainstreamowej kierownicy all-in-one i chcesz wrzuci\u0107 wy\u017cszy bieg, ten hub mo\u017ce by\u0107 cz\u0119\u015bci\u0105 tego przej\u015bcia w g\u00f3r\u0119 zakresu, ale ma to doskona\u0142y sens dla kogo\u015b, kto ju\u017c wie, czego chce pod wzgl\u0119dem typu kierownicy: GT, jednomiejscowej, rajdowej, \"prawdziwego samochodu\" lub repliki kierownicy.<\/p>\n<p>Najbardziej doceniam sztywno\u015b\u0107 ca\u0142o\u015bci. Czuje si\u0119 bezpo\u015brednie po\u0142\u0105czenie, bez \u017cadnych mi\u0119kko\u015bci, nawet przy du\u017cym obci\u0105\u017ceniu podstawy. Po drugie, integracja z ekosystemem MOZA jest bardzo czysta: niezawodne rozpoznawanie, uproszczone mapowanie, brak niepotrzebnych komplikacji oprogramowania. Wreszcie, swoboda, jak\u0105 oferuje, jest prawdziwym plusem: mo\u017cliwo\u015b\u0107 zmiany kierownicy bez konieczno\u015bci zmiany ca\u0142ej elektroniki to prawdziwa przyjemno\u015b\u0107. Inwestujesz w piast\u0119 raz, a potem mo\u017cesz bawi\u0107 si\u0119 ko\u0142ami, jak chcesz.<\/p>\n<p>S\u0105 jednak pewne ograniczenia. Pierwszym jest to, \u017ce nie jest to produkt przeznaczony dla pocz\u0105tkuj\u0105cych, kt\u00f3rzy chc\u0105 zestawu typu \"pod\u0142\u0105cz i u\u017cywaj\" bez zastanowienia: potrzebujesz minimalnego zrozumienia swojej konfiguracji, dost\u0119pnej przestrzeni, przycisk\u00f3w, kt\u00f3rych naprawd\u0119 potrzebujesz itp. Drugim jest zale\u017cno\u015b\u0107 od ekosystemu MOZA i komputera. Drugim jest zale\u017cno\u015b\u0107 od ekosystemu MOZA i PC: na konsoli lub z innymi bazami u\u017cyteczno\u015b\u0107 drastycznie spada. Wreszcie, nale\u017cy wzi\u0105\u0107 pod uwag\u0119 og\u00f3lny bud\u017cet: sam hub nie jest nierozs\u0105dny, ale mo\u017cna go w pe\u0142ni wykorzysta\u0107 tylko z podstaw\u0105 Direct Drive i wysokiej jako\u015bci kierownic\u0105, wi\u0119c ostateczna inwestycja mo\u017ce szybko wzrosn\u0105\u0107.<\/p>\n<p>Je\u015bli chodzi o postrzegan\u0105 warto\u015b\u0107, my\u015bl\u0119, \u017ce stosunek ceny do u\u017cyteczno\u015bci jest dobry, je\u015bli naprawd\u0119 zamierzasz wykorzysta\u0107 modu\u0142owo\u015b\u0107, kt\u00f3r\u0105 oferuje. Je\u015bli je\u017adzisz ca\u0142y czas z jedn\u0105 kierownic\u0105 i nie masz ochoty na personalizacj\u0119, zainteresowanie staje si\u0119 bardziej wzgl\u0119dne. Dla kogo\u015b, kto regularnie zmienia dyscyplin\u0119 lub lubi dostraja\u0107 swoje wyczucie za pomoc\u0105 r\u00f3\u017cnych kierownic, zestaw naprawd\u0119 si\u0119 sprawdza.<\/p>\n<h2>Werdykt: czy powiniene\u015b do\u0142\u0105czy\u0107 zestaw MOZA Universal Hub Kit do swojej konfiguracji?<\/h2>\n<p>Ten zestaw nie przekszta\u0142ca bazy w co\u015b pot\u0119\u017cniejszego, ale wyra\u017anie zmienia spos\u00f3b, w jaki mo\u017cna rozwija\u0107 konfiguracj\u0119. Umo\u017cliwia wyb\u00f3r kierownicy przy jednoczesnym zachowaniu czystego, solidnego mechanicznego po\u0142\u0105czenia z baz\u0105 MOZA Direct Drive. W \u015brodowisku, w kt\u00f3rym wiele akcesori\u00f3w po prostu dodaje gad\u017cety, jest to funkcjonalna, powa\u017cna i przydatna ceg\u0142a.<\/p>\n<p>Na rynku pozycjonuj\u0119 go jako produkt ze \u015bredniej\/wy\u017cszej p\u00f3\u0142ki: wystarczaj\u0105co dobrze zbudowany, aby zadowoli\u0107 wymagaj\u0105cych symulator\u00f3w wy\u015bcig\u00f3w, bez osi\u0105gania czasami nierozs\u0105dnych cen niekt\u00f3rych ultra-niestandardowych rozwi\u0105za\u0144. Nie jest to produkt, kt\u00f3ry sprawia, \u017ce marzysz na zdj\u0119ciach, ale zazwyczaj jest to ten, kt\u00f3ry jeste\u015b szcz\u0119\u015bliwy, gdy chcesz mie\u0107 ewoluuj\u0105c\u0105 i sp\u00f3jn\u0105 konfiguracj\u0119.<\/p>\n<p>Poleci\u0142bym go przede wszystkim u\u017cytkownikom komputer\u00f3w PC, kt\u00f3rzy s\u0105 ju\u017c zaanga\u017cowani lub gotowi do zaanga\u017cowania si\u0119 w ekosystem MOZA i kt\u00f3rzy chc\u0105 zbudowa\u0107 jedn\u0105 lub wi\u0119cej \"prawdziwych\" lub specjalistycznych k\u00f3\u0142. Dla graczy korzystaj\u0105cych wy\u0142\u0105cznie z konsoli lub kogo\u015b, kto po prostu chce gotowego do u\u017cycia zestawu bez zadawania pyta\u0144, nie jest to najlepszy wyb\u00f3r.<\/p>\n<p>Je\u015bli chcesz zachowa\u0107 moc i finezj\u0119 swojej bazy MOZA, jednocze\u015bnie otwieraj\u0105c \u015bwiat niestandardowych k\u00f3\u0142, ten produkt mo\u017ce wyra\u017anie zmieni\u0107 Twoj\u0105 konfiguracj\u0119.&lt;\/assistant<\/p>","protected":false},"excerpt":{"rendered":"<p>Ta piasta da\u0142a mi wra\u017cenie bardzo solidnego i przejrzystego po\u0142\u0105czenia mi\u0119dzy podstaw\u0105 MOZA a \"prawdziw\u0105\" kierownic\u0105, bez utraty precyzji i wyczucia. Przede wszystkim ma to sens dla zawodnik\u00f3w PC Sim, kt\u00f3rzy s\u0105 ju\u017c zaanga\u017cowani w ekosystem MOZA i chc\u0105 \u0142atwo zmieni\u0107 kierownic\u0119 w zale\u017cno\u015bci od dyscypliny. Dla tego profilu warto\u015b\u0107 jest sp\u00f3jna i trwa\u0142a.<\/p>","protected":false},"featured_media":101582,"comment_status":"open","ping_status":"closed","template":"","meta":{"_acf_changed":false,"_et_pb_use_builder":"","_et_pb_old_content":"","_et_gb_content_width":""},"product_brand":[165],"product_cat":[153],"product_tag":[149],"class_list":{"0":"post-101581","1":"product","2":"type-product","3":"status-publish","4":"has-post-thumbnail","6":"product_brand-moza-racing","7":"product_cat-accessoires","8":"product_tag-pc","10":"first","11":"instock","12":"shipping-taxable","13":"product-type-external"},"acf":[],"_links":{"self":[{"href":"https:\/\/simracergear.com\/pl\/wp-json\/wp\/v2\/product\/101581","targetHints":{"allow":["GET"]}}],"collection":[{"href":"https:\/\/simracergear.com\/pl\/wp-json\/wp\/v2\/product"}],"about":[{"href":"https:\/\/simracergear.com\/pl\/wp-json\/wp\/v2\/types\/product"}],"replies":[{"embeddable":true,"href":"https:\/\/simracergear.com\/pl\/wp-json\/wp\/v2\/comments?post=101581"}],"wp:featuredmedia":[{"embeddable":true,"href":"https:\/\/simracergear.com\/pl\/wp-json\/wp\/v2\/media\/101582"}],"wp:attachment":[{"href":"https:\/\/simracergear.com\/pl\/wp-json\/wp\/v2\/media?parent=101581"}],"wp:term":[{"taxonomy":"product_brand","embeddable":true,"href":"https:\/\/simracergear.com\/pl\/wp-json\/wp\/v2\/product_brand?post=101581"},{"taxonomy":"product_cat","embeddable":true,"href":"https:\/\/simracergear.com\/pl\/wp-json\/wp\/v2\/product_cat?post=101581"},{"taxonomy":"product_tag","embeddable":true,"href":"https:\/\/simracergear.com\/pl\/wp-json\/wp\/v2\/product_tag?post=101581"}],"curies":[{"name":"wp","href":"https:\/\/api.w.org\/{rel}","templated":true}]}}