{"id":101588,"date":"2025-05-15T08:14:00","date_gmt":"2025-05-15T08:14:00","guid":{"rendered":"https:\/\/simracergear.com\/products\/simucube-quick-release-wheel-side-kit\/"},"modified":"2025-11-28T06:00:48","modified_gmt":"2025-11-28T06:00:48","slug":"simucube-quick-release-wheel-side-kit","status":"publish","type":"product","link":"https:\/\/simracergear.com\/pl\/products\/simucube-quick-release-wheel-side-kit\/","title":{"rendered":"Simucube Quick Release Wheel Side Kit"},"content":{"rendered":"<h2>Simucube Quick Release Wheel Side Kit: opinia wymagaj\u0105cego simracera<\/h2>\n<p>W ma\u0142ym \u015bwiecie wy\u015bcig\u00f3w simracingowych z najwy\u017cszej p\u00f3\u0142ki, Simucube Quick Release Wheel Side Kit sta\u0142 si\u0119 czym\u015b w rodzaju punktu odniesienia dla mocowa\u0144 k\u00f3\u0142. Nie jest najbardziej efektowny, nie jest najbardziej \"zabawny\", ale cytujemy go za ka\u017cdym razem, gdy m\u00f3wimy o sztywno\u015bci i niezawodno\u015bci baz Simucube Direct Drive.<\/p>\n<p>Na papierze obiecuje to bezluzowe po\u0142\u0105czenie mi\u0119dzy pod\u0142u\u017cnic\u0105 \u0142a\u0144cucha a kierownic\u0105, ultraszybk\u0105 zmian\u0119 ko\u0142a, a przede wszystkim zero kompromis\u00f3w w zakresie odczuwania si\u0142owego sprz\u0119\u017cenia zwrotnego. Innymi s\u0142owy: ca\u0142a finezja pot\u0119\u017cnego nap\u0119du bezpo\u015bredniego, bez skrzypienia, bez paso\u017cytniczych wibracji i bez elastyczno\u015bci.<\/p>\n<p>M\u00f3j punkt widzenia jest prosty: czy ten szybkozamykacz uzasadnia sw\u00f3j \"pro standardowy\" wizerunek, gdy jest u\u017cywany na co dzie\u0144? Czy naprawd\u0119 dodaje co\u015b do system\u00f3w dostarczanych standardowo z niekt\u00f3rymi kierownicami lub piastami innych firm? A przede wszystkim, dla jakiego typu symulatora ten zestaw naprawd\u0119 ma sens, je\u015bli chodzi o komfort, wyczucie i og\u00f3ln\u0105 inwestycj\u0119 w konfiguracj\u0119?<\/p>\n<p>Zamierzam skupi\u0107 si\u0119 na trzech rzeczach: samej jako\u015bci wykonania, \u0142atwo\u015bci u\u017cytkowania \/ kompatybilno\u015bci oraz faktycznym wp\u0142ywie na to, jak czuje si\u0119 podczas jazdy. Poniewa\u017c pod koniec dnia to, co si\u0119 liczy, jest bardzo jasne: czy to naprawd\u0119 zmienia spos\u00f3b, w jaki czujesz si\u0119 za kierownic\u0105, czy nie?<\/p>\n<h2>Konstrukcja i produkcja: wytrzyma\u0142a konstrukcja<\/h2>\n<p>W d\u0142oni, Simucube Quick Release Wheel Side Kit daje natychmiastowe wra\u017cenie g\u0119sto\u015bci i powagi. Korpus jest wykonany z metalu, z czystym wyko\u0144czeniem, wolnym od zadzior\u00f3w lub \u017ale z\u0142amanych naro\u017cnik\u00f3w. Jest to wyra\u017anie produkt zaprojektowany, aby wytrzyma\u0107 wysoki moment obrotowy i godziny intensywnej jazdy. Nic nie brzmi pusto, nic nie wygl\u0105da jak zabawka.<\/p>\n<p>Cz\u0119\u015b\u0107 na kierownicy pozostaje kompaktowa, ale emanuje sztywno\u015bci\u0105. Po zamontowaniu na pia\u015bcie lub kompatybilnej kierownicy, ca\u0142o\u015b\u0107 pozostaje w du\u017cej mierze jednocz\u0119\u015bciow\u0105 jednostk\u0105. Mo\u017cna powiedzie\u0107, \u017ce Simucube postawi\u0142 na solidno\u015b\u0107 i precyzyjny monta\u017c, a nie na zaoszcz\u0119dzenie kilku gram\u00f3w za wszelk\u0105 cen\u0119. Je\u015bli o mnie chodzi, zdecydowanie wol\u0119 to: nieco \"g\u0119stsz\u0105\" kierownic\u0119, kt\u00f3ra nie porusza si\u0119 ani o milimetr.<\/p>\n<p>To, co od razu rzuca si\u0119 w oczy, to brak jakichkolwiek zauwa\u017calnych luz\u00f3w po zablokowaniu podstawy. \u017badnych paso\u017cytniczych mikroobrot\u00f3w, \u017cadnych grzechotek. Gdy mocno potrz\u0105\u015bniesz kierownic\u0105, us\u0142yszysz tylko kokpit. Jest to dok\u0142adnie to, czego mo\u017cna oczekiwa\u0107 od szybkozamykacza w najwy\u017cszej klasy kierownicy Direct Drive: aby ca\u0142kowicie zapomnie\u0107, \u017ce jest to cz\u0119\u015b\u0107 po\u015brednia.<\/p>\n<p>Mechanizm blokuj\u0105cy jest prosty i czysty, z uspokajaj\u0105cym mechanicznym wyczuciem. Nie ma tu wyciszonej mi\u0119kko\u015bci niekt\u00f3rych system\u00f3w krzywkowych pokrytych tworzywem sztucznym, ale jest bezpo\u015brednie po\u0142\u0105czenie mechaniczne, kt\u00f3re jest bardzo \"wy\u015bcigowe\".<\/p>\n<p>To, co mo\u017ce by\u0107 nieco rozczarowuj\u0105ce, to raczej surowy, bardzo funkcjonalny wygl\u0105d. \u017badnych ozd\u00f3b, bardzo ma\u0142o efekt\u00f3w stylistycznych. Je\u015bli szukasz wizualnie wyrafinowanego QR, jak kawa\u0142ek bi\u017cuterii CNC do pochwalenia si\u0119 na Instagramie, nie jest to najbardziej spektakularne. Co wi\u0119cej, wydaje si\u0119, \u017ce system zosta\u0142 zaprojektowany bardziej pod k\u0105tem wydajno\u015bci ni\u017c monta\u017cu\/demonta\u017cu w trybie salonu wystawowego. <\/p>\n<p>W por\u00f3wnaniu z bardziej zorientowanymi na konsumenta szybkozamykaczami, kt\u00f3re s\u0105 dostarczane z niekt\u00f3rymi kierownicami \u015bredniej klasy, wyra\u017anie podnosimy sztywno\u015b\u0107 i precyzj\u0119. W por\u00f3wnaniu z innymi najwy\u017cszej klasy rozwi\u0105zaniami innych firm, jeste\u015bmy bardziej w kategorii \"profesjonalnego narz\u0119dzia\": mniej krzykliwe, ale niezwykle powa\u017cne, gdy ju\u017c je zastosujesz.<\/p>\n<h2>Ustawienia, personalizacja i kompatybilno\u015b\u0107<\/h2>\n<p>Szybkozamykacz nie mo\u017ce by\u0107 regulowany w taki sam spos\u00f3b jak chainstay lub pedalboard, ale nadal istnieje kilka wa\u017cnych punkt\u00f3w do rozwa\u017cenia, je\u015bli chodzi o instalacj\u0119 i dostosowanie konfiguracji. Zestaw Wheel Side Kit zosta\u0142 zaprojektowany z my\u015bl\u0105 o naturalnej integracji z ekosystemem Simucube, z mocowaniem kierownicy, kt\u00f3re pozostaje do\u015b\u0107 standardowe dla kompatybilnych piast i k\u00f3\u0142.<\/p>\n<p>Instalacja wymaga minimum czasu, aby prawid\u0142owo wyr\u00f3wna\u0107 otwory, odpowiednio je dokr\u0119ci\u0107 i upewni\u0107 si\u0119, \u017ce powierzchnia monta\u017cowa jest idealnie p\u0142aska. Nie jest to skomplikowane, ale zas\u0142uguje na prawid\u0142owe wykonanie, zw\u0142aszcza je\u015bli u\u017cywasz prowadnic \u0142a\u0144cucha o wysokim momencie obrotowym. Po wykonaniu tej czynno\u015bci nie ma ju\u017c odwrotu.<\/p>\n<p>Jego prawdziw\u0105 zalet\u0105 jest kompatybilno\u015b\u0107 z r\u00f3\u017cnymi kierownicami i piastami innych producent\u00f3w. Zestaw jest przeznaczony do kierownic dostosowanych do interfejsu Simucube, zar\u00f3wno za po\u015brednictwem konkretnego piasty, jak i kompatybilnych rozwi\u0105za\u0144. Dla u\u017cytkownik\u00f3w, kt\u00f3rzy s\u0105 ju\u017c cz\u0119\u015bci\u0105 ekosystemu Simucube, ma to sens: logika pozostaje jasna, z jednym, niezawodnym i powtarzalnym standardem po\u0142\u0105czenia.<\/p>\n<p>W przypadku symulatora wieloplatformowego lub takiego, kt\u00f3ry lubi miesza\u0107 produkty r\u00f3\u017cnych marek, nale\u017cy po\u015bwi\u0119ci\u0107 nieco wi\u0119cej uwagi kompletnemu \u0142a\u0144cuchowi: podstawa, piasta, QR, kierownica. Je\u015bli chodzi o kompatybilno\u015b\u0107 z PC, sam szybkozamykacz niczego nie zmienia. Na konsolach, jak zwykle, wszystko zale\u017cy bardziej od podstawy i wbudowanej elektroniki ni\u017c od cz\u0119\u015bci mechanicznej.<\/p>\n<p>Krzywa uczenia si\u0119 polega bardziej na gestach i rutynie: w\u0142\u0105czanie, blokowanie, szybkie sprawdzanie przed jazd\u0105. Mechanizm jest szybki do opanowania, nawet dla u\u017cytkownika, kt\u00f3ry cz\u0119sto zmienia kierownice. Jest mechaniczny i instynktowny, bez potrzeby korzystania z menu lub ustawie\u0144 wst\u0119pnych.<\/p>\n<p>Pod wzgl\u0119dem mo\u017cliwo\u015bci rozbudowy, ten zestaw bocznych k\u00f3\u0142 jest bardziej d\u0142ugoterminow\u0105 inwestycj\u0105 ni\u017c prostym akcesorium. Je\u015bli budujesz konfiguracj\u0119 wok\u00f3\u0142 podstawy Simucube i planujesz zwielokrotni\u0107 liczb\u0119 kierownic, jest to zazwyczaj rodzaj cz\u0119\u015bci, kt\u00f3r\u0105 b\u0119dziesz utrzymywa\u0107 przez lata, nawet gdy reszta sprz\u0119tu ewoluuje.<\/p>\n<h2>Czucie gry: ca\u0142kowita sztywno\u015b\u0107, zero ha\u0142asu<\/h2>\n<p>Zestaw Quick Release Wheel Side Kit naprawd\u0119 sprawdza si\u0119 na torze, zw\u0142aszcza w przypadku mocnego tylnego tr\u00f3jk\u0105ta z nap\u0119dem bezpo\u015brednim. Podstawowy pomys\u0142 jest prosty: nic nie odejmowa\u0107 od tego, co potrafi podstawa. Bez zb\u0119dnego t\u0142umienia, bez elastyczno\u015bci, bez grzechotania, po prostu najbardziej bezpo\u015bredni mo\u017cliwy nap\u0119d.<\/p>\n<p>Na pierwszych kilku okr\u0105\u017ceniach z podstaw\u0105 Simucube wyr\u00f3\u017cnia si\u0119 klarowno\u015b\u0107 przej\u015b\u0107 momentu obrotowego. Zmiany obci\u0105\u017cenia kierownicy odbywaj\u0105 si\u0119 bez \u017cadnych mechanicznych martwych stref. Gdy samoch\u00f3d zga\u015bnie, natychmiast poczujesz utrat\u0119 przyczepno\u015bci w d\u0142oniach, bez \"rozmycia\" spowodowanego luzem w systemie mocowania. Natychmiast rozumiesz, co robi samoch\u00f3d, nawet przy ograniczeniach.<\/p>\n<p>W szybkich zakr\u0119tach sztywno\u015b\u0107 QR przek\u0142ada si\u0119 na bardzo wyra\u017ane prowadzenie. Mo\u017cna poczu\u0107 stopniowe \u0142adowanie samochodu, niewielkie zmiany przyczepno\u015bci, nier\u00f3wno\u015bci, kt\u00f3re przechodz\u0105 pod oponami. Nie ma tego uczucia, kt\u00f3re czasami pojawia si\u0119 przy bardziej mi\u0119kkich szybkozamykaczach, gdy domy\u015blasz si\u0119, \u017ce co\u015b t\u0142umi cz\u0119\u015b\u0107 sygna\u0142u FFB.<\/p>\n<p>Na wibratorach i agresywnych kraw\u0119\u017cnikach zachowanie jest do\u015b\u0107 odkrywcze. Tekstura pojawia si\u0119 w pe\u0142ni, z bardzo uporz\u0105dkowanym przekazem. Tak, stuka, ale nie brzmi pusto. Nie ma paso\u017cytniczych metalicznych wibracji spowodowanych s\u0142ab\u0105 blokad\u0105 lub przybli\u017conymi tolerancjami. Kiedy si\u0119 trz\u0119sie, mo\u017cna powiedzie\u0107, \u017ce jest to spowodowane fizyk\u0105 gry, a nie jakim\u015b w\u0105tpliwym ha\u0142asem mechanicznym w QR.<\/p>\n<p>Szybkie korekty, zw\u0142aszcza w kontrolowanym drifcie lub nadsterowno\u015bci, r\u00f3wnie\u017c wystawiaj\u0105 system na pr\u00f3b\u0119. Tutaj zestaw ani drgnie. Gwa\u0142towne ruchy kontruj\u0105ce nie generuj\u0105 odczuwalnego stukania ani skr\u0119cania. Ko\u0142o zamachowe pozostaje przymocowane do podstawy tak, jakby stanowi\u0142o jeden element. Pod wzgl\u0119dem pewno\u015bci siebie jest to ogromne: odwa\u017cysz si\u0119 p\u00f3j\u015b\u0107 dalej, poniewa\u017c wiesz, \u017ce mechaniczne po\u0142\u0105czenie nigdy nie zdradzi tego uczucia.<\/p>\n<p>Podczas d\u0142ugich sesji, sp\u00f3jno\u015b\u0107 jest naprawd\u0119 mocn\u0105 stron\u0105. Nie ma stopniowego przejmowania gry, nie ma k\u0142opotliwego luzowania, je\u015bli wszystko zosta\u0142o prawid\u0142owo dopasowane od samego pocz\u0105tku. Uczucie pozostaje takie samo od pocz\u0105tku do ko\u0144ca. Mo\u017cna naciska\u0107 podstaw\u0119 i \u0142\u0105czy\u0107 przeka\u017aniki, ale zachowanie QR si\u0119 nie zmienia.<\/p>\n<p>Je\u015bli por\u00f3wnam go z mniej sztywnymi systemami lub bardziej zorientowanymi na konsumenta szybkozamykaczami, najwyra\u017aniejsz\u0105 r\u00f3\u017cnic\u0105 s\u0105 drobne niuanse si\u0142y. W przypadku \"bardziej mi\u0119kkiego\" systemu, niekt\u00f3re mikro-r\u00f3\u017cnice s\u0105 tracone lub wyg\u0142adzane. W przypadku zestawu Wheel Side Kit te szczeg\u00f3\u0142y pozostaj\u0105. Jest to szczeg\u00f3lnie odczuwalne w samochodach GT, prototypach lub samochodach jednomiejscowych, gdzie zmiany obci\u0105\u017cenia s\u0105 subtelne, ale decyduj\u0105ce.<\/p>\n<p>Z drugiej strony, w por\u00f3wnaniu z niekt\u00f3rymi ekstremalnymi rozwi\u0105zaniami, kt\u00f3re s\u0105 jeszcze bardziej wyspecjalizowane lub zintegrowane z ultra high-endowymi lotkami, nie m\u00f3wimy o rewolucyjnym gad\u017cecie, kt\u00f3ry ca\u0142kowicie zmienia FFB. Zamiast tego pracujemy nad bardzo solidn\u0105 podstaw\u0105, kt\u00f3ra zapewnia maksymalne wykorzystanie tego, co baza Simucube mo\u017ce ju\u017c wys\u0142a\u0107. G\u0142\u00f3wn\u0105 korzy\u015bci\u0105 jest to, \u017ce nie musisz ju\u017c martwi\u0107 si\u0119 o po\u0142\u0105czenie kierownicy z baz\u0105. Mo\u017cesz skoncentrowa\u0107 si\u0119 na torze.<\/p>\n<h2>Dla kogo? Codzienne mocne strony i ograniczenia<\/h2>\n<p>Zestaw Simucube Quick Release Wheel Side Kit jest wyra\u017anie skierowany do simracer\u00f3w, kt\u00f3rzy s\u0105 ju\u017c mocno osadzeni w segmencie \"powa\u017cnych entuzjast\u00f3w\" lub wr\u0119cz \"p\u00f3\u0142profesjonalist\u00f3w\". Je\u015bli je\u017adzisz na komputerze z baz\u0105 Simucube Direct Drive, masz ju\u017c sztywny kokpit i rozwa\u017casz kilka k\u00f3\u0142, profil pasuje idealnie. Nawet dla \"\u015bredniozaawansowanego\" gracza zdecydowanego zainwestowa\u0107 w trwa\u0142\u0105 konfiguracj\u0119, ten QR ma sens.<\/p>\n<p>Najbardziej doceniam bezkompromisow\u0105 sztywno\u015b\u0107. Czujesz, \u017ce moment obrotowy z podstawy jest przenoszony w ca\u0142o\u015bci, bez \u017cadnego paso\u017cytniczego t\u0142umienia mechanicznego. Do tego dochodzi postrzegana niezawodno\u015b\u0107: po zamontowaniu nie trzeba pilnowa\u0107 systemu co pi\u0119\u0107 minut. Wreszcie, sp\u00f3jno\u015b\u0107 z ekosystemem Simucube: ta sama logika jako\u015bci, ta sama filozofia produktu skoncentrowana na surowym wyczuciu i precyzji.<\/p>\n<p>Nale\u017cy jednak pami\u0119ta\u0107 o kilku ograniczeniach. Po pierwsze, nie jest to najbardziej uniwersalne rozwi\u0105zanie dla tych, kt\u00f3rzy \u017congluj\u0105 mi\u0119dzy kilkoma ekosystemami sprz\u0119towymi lub kt\u00f3rzy je\u017cd\u017c\u0105 zar\u00f3wno na konsolach, jak i na komputerach PC. Zestaw naprawd\u0119 sprawdza si\u0119 w po\u0142\u0105czeniu z baz\u0105 Simucube i flot\u0105 kompatybilnych kierownic. Po drugie, estetyka i \"obiektowa przyjemno\u015b\u0107\" mog\u0105 wydawa\u0107 si\u0119 nieco surowe dla tych, kt\u00f3rzy lubi\u0105 wizualnie spektakularny sprz\u0119t. W tym przypadku priorytetem jest funkcjonalno\u015b\u0107. Wreszcie, inwestycja mo\u017ce wydawa\u0107 si\u0119 wysoka, je\u015bli we\u017amie si\u0119 j\u0105 pod uwag\u0119 w oderwaniu od innych, zw\u0142aszcza w por\u00f3wnaniu z bardziej przyst\u0119pnymi cenowo szybkozamykaczami dostarczanymi z niekt\u00f3rymi kierownicami konsumenckimi.<\/p>\n<p>Prawdziwym pytaniem jest postrzegana warto\u015b\u0107 kompletnego zestawu. Je\u015bli kokpit, podstawa i kierownice s\u0105 ju\u017c na bardzo wysokim poziomie, ten zestaw bocznych k\u00f3\u0142 dzia\u0142a jak solidne ogniwo, kt\u00f3re zabezpiecza reszt\u0119. W tym kontek\u015bcie cena jest bardziej uzasadniona: jest to cz\u0119\u015b\u0107, kt\u00f3rej nie zmienia si\u0119 co roku, a kt\u00f3ra chroni jako\u015b\u0107 wszystkich innych element\u00f3w. Je\u015bli og\u00f3lna konfiguracja jest skromniejsza, r\u00f3\u017cnica w warto\u015bci b\u0119dzie mniej oczywista podczas u\u017cytkowania.<\/p>\n<h2>Werdykt: kluczowe ogniwo w powa\u017cnej konfiguracji Simucube<\/h2>\n<p>Zestaw Simucube Quick Release Wheel Side Kit nie przekszta\u0142ca w magiczny spos\u00f3b przeci\u0119tnej bazy w rewelacyjnego potwora. To, co robi, jest bardziej subtelne, ale kluczowe: zapewnia, \u017ce po\u0142\u0105czenie mi\u0119dzy podstaw\u0105 Simucube a kierownic\u0105 nigdy nie b\u0119dzie s\u0142abym ogniwem. W przypadku wysokiej klasy zestawu Direct Drive to nie lada wyczyn.<\/p>\n<p>Na rynku umie\u015bci\u0142bym go w kategorii premium, pozycjonuj\u0105c go bardziej jako \"narz\u0119dzie pracy\" ni\u017c \"zabawne akcesorium\". Nie stara si\u0119 zaimponowa\u0107, ale d\u0105\u017cy do sp\u00f3jno\u015bci i precyzji. I pod tym wzgl\u0119dem spe\u0142nia wszystkie wymagania. Wybredni sympatycy, kt\u00f3rzy chc\u0105 idealnie sztywnego, pozbawionego luz\u00f3w po\u0142\u0105czenia, znajd\u0105 to, czego szukaj\u0105.<\/p>\n<p>Poleci\u0142bym go bez wahania u\u017cytkownikom Simucube base, kt\u00f3rzy planuj\u0105 mie\u0107 kilka kierownic, kt\u00f3rzy je\u017cd\u017c\u0105 g\u0142\u00f3wnie na komputerach PC i kt\u00f3rzy maj\u0105 ju\u017c kokpit zdolny do obs\u0142ugi momentu obrotowego nap\u0119du bezpo\u015bredniego. Dla bardziej okazjonalnych graczy, z bardziej skromn\u0105 lub zorientowan\u0105 na konsole konfiguracj\u0105, inne inwestycje b\u0119d\u0105 mia\u0142y bardziej bezpo\u015bredni wp\u0142yw na przyjemno\u015b\u0107 z gry.<\/p>\n<p>Je\u015bli szukasz po\u0142\u0105czenia ko\u0142o zamachowe\/podstawa, kt\u00f3re jest wyj\u0105tkowo sztywne, niezawodne w czasie i idealnie sp\u00f3jne z podstaw\u0105 Simucube Direct Drive, ten produkt mo\u017ce wyra\u017anie wp\u0142yn\u0105\u0107 na twoj\u0105 konfiguracj\u0119.<\/p>","protected":false},"excerpt":{"rendered":"<p>To szybkoz\u0142\u0105cze zapewnia bardzo sztywne i przejrzyste po\u0142\u0105czenie kierownicy z podstaw\u0105, kt\u00f3re zrobi\u0142o na mnie wra\u017cenie przede wszystkim ze wzgl\u0119du na ca\u0142kowity brak luz\u00f3w i ha\u0142asu sprz\u0119\u017cenia zwrotnego. Ma to sens dla symulator\u00f3w, kt\u00f3rzy ju\u017c zainwestowali w ekosystem Simucube, z powa\u017cnym kokpitem i kilkoma kierownicami. W takiej konfiguracji jego koszt pozostaje sp\u00f3jny z warto\u015bci\u0105, jak\u0105 zapewnia.<\/p>","protected":false},"featured_media":100275,"comment_status":"open","ping_status":"closed","template":"","meta":{"_acf_changed":false,"_et_pb_use_builder":"","_et_pb_old_content":"","_et_gb_content_width":""},"product_brand":[154],"product_cat":[153],"product_tag":[149],"class_list":{"0":"post-101588","1":"product","2":"type-product","3":"status-publish","4":"has-post-thumbnail","6":"product_brand-simucube","7":"product_cat-accessoires","8":"product_tag-pc","10":"first","11":"instock","12":"shipping-taxable","13":"product-type-external"},"acf":[],"_links":{"self":[{"href":"https:\/\/simracergear.com\/pl\/wp-json\/wp\/v2\/product\/101588","targetHints":{"allow":["GET"]}}],"collection":[{"href":"https:\/\/simracergear.com\/pl\/wp-json\/wp\/v2\/product"}],"about":[{"href":"https:\/\/simracergear.com\/pl\/wp-json\/wp\/v2\/types\/product"}],"replies":[{"embeddable":true,"href":"https:\/\/simracergear.com\/pl\/wp-json\/wp\/v2\/comments?post=101588"}],"wp:featuredmedia":[{"embeddable":true,"href":"https:\/\/simracergear.com\/pl\/wp-json\/wp\/v2\/media\/100275"}],"wp:attachment":[{"href":"https:\/\/simracergear.com\/pl\/wp-json\/wp\/v2\/media?parent=101588"}],"wp:term":[{"taxonomy":"product_brand","embeddable":true,"href":"https:\/\/simracergear.com\/pl\/wp-json\/wp\/v2\/product_brand?post=101588"},{"taxonomy":"product_cat","embeddable":true,"href":"https:\/\/simracergear.com\/pl\/wp-json\/wp\/v2\/product_cat?post=101588"},{"taxonomy":"product_tag","embeddable":true,"href":"https:\/\/simracergear.com\/pl\/wp-json\/wp\/v2\/product_tag?post=101588"}],"curies":[{"name":"wp","href":"https:\/\/api.w.org\/{rel}","templated":true}]}}