{"id":101787,"date":"2025-05-22T08:13:00","date_gmt":"2025-05-22T08:13:00","guid":{"rendered":"https:\/\/simracergear.com\/?post_type=product&#038;p=101787"},"modified":"2025-11-28T06:04:25","modified_gmt":"2025-11-28T06:04:25","slug":"fanatec-clubsport-gt-cockpit","status":"publish","type":"product","link":"https:\/\/simracergear.com\/pl\/products\/fanatec-clubsport-gt-cockpit\/","title":{"rendered":"Fanatec Clubsport GT Cockpit"},"content":{"rendered":"<h2>Fanatec Clubsport GT Cockpit: moja opinia po u\u017cytkowaniu<\/h2>\n<p>Fanatec Clubsport GT Cockpit pojawia si\u0119 w segmencie, kt\u00f3ry jest ju\u017c pe\u0142en \"powa\u017cnych\" obud\u00f3w wy\u015bcigowych, ale jest skierowany do bardzo specyficznej niszy: sztywnego kokpitu, zaprojektowanego dla pot\u0119\u017cnych baz Direct Drive, kt\u00f3ry pozostaje stosunkowo kompaktowy i wizualnie \"czystszy\" ni\u017c surowy profil. Jest to wyra\u017anie obudowa ze \u015bredniej \/ najwy\u017cszej p\u00f3\u0142ki, skierowana do graczy, kt\u00f3rzy chc\u0105 odej\u015b\u0107 od podstawowego komputera stacjonarnego lub fotela do gier na rzecz czego\u015b stabilnego i mo\u017cliwego do rozbudowy.<\/p>\n<p>Fanatec obiecuje tutaj kokpit, kt\u00f3ry poradzi sobie z tylnym tr\u00f3jk\u0105tem typu DD, mocnym pedalboxem i godzinami jazdy, pozostaj\u0105c jednocze\u015bnie stosunkowo \u0142atwym do dopasowania do przestrzeni \u017cyciowej. Nie jest to potw\u00f3r wykonany z profili przemys\u0142owych, ale te\u017c nie sk\u0142adana zabawka. Na papierze jest to podwozie \"powa\u017cnego GT\" dla tych, kt\u00f3rzy chc\u0105 przenie\u015b\u0107 rzeczy na wy\u017cszy poziom bez rozpoczynania projektu na zam\u00f3wienie.<\/p>\n<p>M\u00f3j k\u0105t analizy jest prosty: sztywno\u015b\u0107, komfort w czasie, \u0142atwo\u015b\u0107 regulacji i og\u00f3lna sp\u00f3jno\u015b\u0107 w konfiguracji Fanatec (lub mieszanej). Zasadniczo: czy ten Clubsport GT Cockpit uzasadnia swoj\u0105 cen\u0119 w por\u00f3wnaniu z innymi aluminiowymi obudowami i czy naprawd\u0119 zmienia spos\u00f3b gry, gdy pochodzisz z l\u017cejszej obudowy lub klasycznego p\u0142\u00f3ciennego kokpitu?<\/p>\n<h2>Projekt i wykonanie: powa\u017cne, nowoczesne, z kilkoma kompromisami<\/h2>\n<p>Wizualnie, Clubsport GT Cockpit ma prawdziw\u0105 to\u017csamo\u015b\u0107. Daleko mu do prostej ramy wykonanej z surowych profili. Panele boczne, obrobione metalowe p\u0142yty i ciemna farba nadaj\u0105 mu wygl\u0105d premium. Po zamontowaniu sprawia wra\u017cenie kompaktowego \"kokpitu\", kt\u00f3ry lepiej pasuje do salonu ni\u017c du\u017ce podwozie z otwart\u0105 ram\u0105.<\/p>\n<p>G\u0142\u00f3wna konstrukcja opiera si\u0119 na stali i aluminium, z kombinacj\u0105 p\u0142yt i sekcji, kt\u00f3re daj\u0105 dobre wra\u017cenie g\u0119sto\u015bci. Kiedy trzymasz komponenty, masz wra\u017cenie, \u017ce nie s\u0105 to lekkie rurki: jest masa, cz\u0119\u015bci nie brzmi\u0105 pusto, a elementy z\u0142\u0105czne s\u0105 og\u00f3lnie dobrze przemy\u015blane. Gdy wszystko jest dobrze dokr\u0119cone, podwozie emanuje sztywno\u015bci\u0105.<\/p>\n<p>To, co od razu rzuci\u0142o mi si\u0119 w oczy, to solidno\u015b\u0107 tarczy ko\u0142a zamachowego i suportu. Dzi\u0119ki solidnej podstawie Direct Drive kokpit nie wibruje, kolumna nie pompuje przy ka\u017cdym obrocie ko\u0142a, a suport nie przewraca si\u0119, gdy tylko naci\u015bniesz hamulec. Sprawia wra\u017cenie kompaktowej jednostki, co jest dok\u0142adnie tym, czego szukamy na tym poziomie zakresu.<\/p>\n<p>Og\u00f3lne wyko\u0144czenie jest czyste, ale nie \"absolutnie luksusowe\". Lakier jest przyzwoity, wyci\u0119cia s\u0105 czyste, ale niekt\u00f3re wewn\u0119trzne kraw\u0119dzie s\u0105 nieco ostre, a niekt\u00f3re plastikowe os\u0142ony i za\u015blepki wygl\u0105daj\u0105 nieco mniej ekskluzywnie ni\u017c reszta. Nic dramatycznego, ale patrz\u0105c na og\u00f3ln\u0105 cen\u0119 konfiguracji Clubsport, mo\u017cna pomy\u015ble\u0107, \u017ce Fanatec m\u00f3g\u0142 p\u00f3j\u015b\u0107 nieco dalej w kwestii drobnych detali estetycznych.<\/p>\n<p>W por\u00f3wnaniu do w pe\u0142ni aluminiowych kokpit\u00f3w, wra\u017cenie jest bardziej \"gotowym produktem\" ni\u017c \"zestawem przemys\u0142owym\", co zadowoli wielu. Z drugiej strony, dobre, dobrze zmontowane profilowane podwozie mo\u017ce wydawa\u0107 si\u0119 nieco bardziej modu\u0142owe, a czasem nawet sztywniejsze w niekt\u00f3rych skrajnych osiach. Clubsport GT d\u0105\u017cy do r\u00f3wnowagi: powa\u017cny, czysty i mniej \"fabryki szyn\" w salonie.<\/p>\n<h2>Ustawienia, personalizacja i kompatybilno\u015b\u0107<\/h2>\n<p>Kokpit Clubsport GT oferuje dobry zakres regulacji, ale nie jest to najlepsze narz\u0119dzie dla majsterkowicz\u00f3w, kt\u00f3rzy zmieniaj\u0105 swoj\u0105 pozycj\u0119 co dwa dni. Mo\u017cna regulowa\u0107 odleg\u0142o\u015b\u0107 mi\u0119dzy kierownic\u0105 a peda\u0142ami, wysoko\u015b\u0107 i k\u0105t nachylenia p\u0142yty kierownicy, nachylenie i po\u0142o\u017cenie peda\u0142\u00f3w, a tak\u017ce po\u0142o\u017cenie fotela na prowadnicach i wspornikach. To wi\u0119cej ni\u017c pokrywa potrzeby wi\u0119kszo\u015bci typ\u00f3w cia\u0142a w zakresie wygodnej pozycji GT.<\/p>\n<p>Punkty monta\u017cowe na p\u0142ycie kierownicy s\u0105 hojne: ekosystem Fanatec jest oczywi\u015bcie obj\u0119ty, ale tak\u017ce standardowe odleg\u0142o\u015bci \u015brodkowe innych baz. To samo dotyczy pedalboardu: mo\u017cna zamontowa\u0107 g\u0142\u00f3wne modele na rynku, cho\u0107 platforma jest oczywi\u015bcie zoptymalizowana pod k\u0105tem pedalboard\u00f3w Fanatec. Kompatybilno\u015b\u0107 sama w sobie nie jest problemem: PC lub konsola, tak d\u0142ugo, jak sprz\u0119t pasuje sztywno, kokpit zajmuje si\u0119 reszt\u0105.<\/p>\n<p>Krzywa uczenia si\u0119 pojawia si\u0119 w fazie monta\u017cu. Trzeba by\u0107 przygotowanym na sp\u0119dzenie czasu na sk\u0142adaniu, wyr\u00f3wnywaniu, dokr\u0119caniu, testowaniu, a nast\u0119pnie ponownym dostosowywaniu pozycji. Nie jest to skomplikowane, ale wymaga cierpliwo\u015bci i minimum metod. Po znalezieniu odpowiedniej pozycji, nie trzeba jej ju\u017c wi\u0119cej dotyka\u0107 i to jest w\u0142a\u015bnie miejsce, w kt\u00f3rym ten kokpit naprawd\u0119 si\u0119 sprawdza: montujesz go, regulujesz raz i jeste\u015b na dobrej drodze.<\/p>\n<p>Je\u015bli chodzi o personalizacj\u0119, dzi\u0119ki dost\u0119pnym otworom i powierzchniom monta\u017cowym mo\u017cna doda\u0107 mocowania do manetek, hamulc\u00f3w r\u0119cznych, ekran\u00f3w, komputer\u00f3w itp. za po\u015brednictwem ekosystemu Fanatec lub akcesori\u00f3w innych firm. Odnosi si\u0119 wra\u017cenie, \u017ce zosta\u0142 zaprojektowany jako trwa\u0142a podstawa, na kt\u00f3rej mo\u017cna zbudowa\u0107 naprawd\u0119 kompletn\u0105 pozycj\u0119 do jazdy, a nie jako zwyk\u0142y wspornik kierownicy\/peda\u0142\u00f3w.<\/p>\n<h2>Sensacje w grze: sztywno\u015b\u0107, kt\u00f3ra zmienia wszystko<\/h2>\n<p>Kokpit Clubsport GT naprawd\u0119 sprawdza si\u0119 na torze. Po przej\u015bciu z konwencjonalnego biurka, sk\u0142adanego fotela lub do\u015b\u0107 lekkiej podstawki, pierwsze wra\u017cenie jest proste: wszystko staje si\u0119 ostrzejsze. Podstawa Direct Drive lub nawet \u015bredniej klasy podstawa paskowa wyra\u017caj\u0105 siebie bez filtrowania przez elastyczno\u015b\u0107 podwozia.<\/p>\n<p>Je\u015bli chodzi o si\u0142owe sprz\u0119\u017cenie zwrotne, r\u00f3\u017cnica jest odczuwalna g\u0142\u00f3wnie w precyzji wok\u00f3\u0142 \u015brodka i w fazach, w kt\u00f3rych samoch\u00f3d du\u017co si\u0119 porusza: kompresje, agresywne wibracje, szybkie korekty. Kierownica nie \"p\u0142ywa\", tarcza nie skr\u0119ca si\u0119. Natychmiast rozumiesz, co robi samoch\u00f3d, nawet gdy FFB jest obci\u0105\u017cony.<\/p>\n<p>W szybkich zakr\u0119tach kokpit dobrze radzi sobie z przenoszeniem obci\u0105\u017ce\u0144 odczuwanych przez kierownic\u0119. Mo\u017cesz trzyma\u0107 kierownic\u0119 przy silnym docisku bez odczuwania pompowania lub chybotania podwozia. W mocniejszych samochodach ten punkt jest kluczowy: je\u015bli konstrukcja si\u0119 ugina, natychmiast tracisz pewno\u015b\u0107 i precyzj\u0119. W Clubsport GT punkty odniesienia pozostaj\u0105 stabilne. Mo\u017cesz naprawd\u0119 skoncentrowa\u0107 si\u0119 na torze.<\/p>\n<p>Je\u015bli chodzi o odczytywanie przyczepno\u015bci, to nie kokpit tworzy wra\u017cenia, ale brak luz\u00f3w i paso\u017cytniczych wibracji oznacza, \u017ce mo\u017cna lepiej wykorzysta\u0107 sprz\u0119\u017cenie zwrotne si\u0142y i peda\u0142u. W por\u00f3wnaniu do kierownicy opartej na biurku, zyskujemy wiele pod wzgl\u0119dem finezji: mikro-utrata przyczepno\u015bci, ty\u0142 zaczyna si\u0119 porusza\u0107, a blokady k\u00f3\u0142 staj\u0105 si\u0119 znacznie wyra\u017aniejsze.<\/p>\n<p>Wibratory s\u0105 dobrym testem: na torach z dobrze oznakowanymi kraw\u0119dziami kokpit pozostaje zwarty, bez s\u0142yszalnego trzeszczenia lub skr\u0119cania, gdy tylko jedziesz troch\u0119 agresywniej. Mo\u017cesz poczu\u0107 uderzenie w kierownic\u0119, a je\u015bli masz wysokowydajny mechanizm korbowy, otrzymasz r\u00f3wnie\u017c such\u0105 informacj\u0119 zwrotn\u0105 w stopach. Uderza, ale konstrukcja ani drgnie. Czu\u0107, \u017ce podwozie to wytrzyma.<\/p>\n<p>Podczas d\u0142ugich sesji wyr\u00f3\u017cnia si\u0119 komfort postawy. Pozycja GT jest naturalna, zw\u0142aszcza z dobrym kube\u0142kowym lub p\u00f3\u0142kube\u0142kowym siedzeniem. Nie m\u0119czysz si\u0119 tak bardzo, poniewa\u017c nie pr\u00f3bujesz kompensowa\u0107 paso\u017cytniczych ruch\u00f3w w kokpicie lub zestawu peda\u0142\u00f3w, kt\u00f3ry porusza si\u0119 do ty\u0142u. Ostre hamowanie staje si\u0119 bardziej powtarzalne: wiesz dok\u0142adnie, gdzie znajduje si\u0119 peda\u0142, sesja po sesji.<\/p>\n<p>W szybkich korektach, zw\u0142aszcza w rajdach, drifcie lub na nerwowych samochodach, stabilno\u015b\u0107 kokpitu odgrywa du\u017c\u0105 rol\u0119. Mo\u017cesz wykona\u0107 jedn\u0105 kontr\u0119 za drug\u0105 bez lekkiego op\u00f3\u017anienia konstrukcji. Kierownica robi dok\u0142adnie to, co do niej nale\u017cy, fotel si\u0119 nie chwieje, a stopy pozostaj\u0105 na swoim miejscu. To w\u0142a\u015bnie tutaj podwozie naprawd\u0119 zmienia wra\u017cenia z jazdy.<\/p>\n<p>W por\u00f3wnaniu z l\u017cejszym kokpitem lub \"podstawow\u0105\" lataj\u0105c\u0105 podstawk\u0105, czujesz si\u0119 tak, jakby\u015b usun\u0105\u0142 fizyczny filtr mi\u0119dzy tob\u0105 a samochodem. W por\u00f3wnaniu z du\u017cym, pe\u0142noprofilowym podwoziem z najwy\u017cszej p\u00f3\u0142ki, Clubsport GT broni si\u0119 bardzo dobrze. Niekt\u00f3re ekstremalne profile aluminiowe pozostan\u0105 bardziej wytrzyma\u0142e przez bardzo, bardzo d\u0142ugi czas, ale pod wzgl\u0119dem czystych wra\u017ce\u0144 Clubsport GT oferuje doskona\u0142\u0105 r\u00f3wnowag\u0119 mi\u0119dzy sztywno\u015bci\u0105, komfortem i integracj\u0105 z realistycznym obszarem gry.<\/p>\n<h2>Dla kogo to jest? Co nam si\u0119 podoba \/ Co nam si\u0119 nie podoba<\/h2>\n<p>Fanatec Clubsport GT Cockpit jest wyra\u017anie skierowany do zaanga\u017cowanych symulator\u00f3w wy\u015bcig\u00f3w: \u015brednio zaawansowanych i zaawansowanych graczy, kt\u00f3rzy je\u017cd\u017c\u0105 regularnie i kt\u00f3rzy ju\u017c maj\u0105 lub planuj\u0105 uzyska\u0107 do\u015b\u0107 muskularn\u0105 baz\u0119, tak\u0105 jak nap\u0119d bezpo\u015bredni lub mechanizm korbowy o du\u017cym obci\u0105\u017ceniu. Dla zmotywowanych pocz\u0105tkuj\u0105cych, kt\u00f3rzy wiedz\u0105, \u017ce b\u0119d\u0105 inwestowa\u0107 w d\u0142u\u017cszej perspektywie, mo\u017ce to by\u0107 r\u00f3wnie\u017c bardzo dobry punkt wyj\u015bcia, ale od samego pocz\u0105tku b\u0119dziesz musia\u0142 zaakceptowa\u0107 wi\u0119kszy bud\u017cet.<\/p>\n<p>Szczeg\u00f3lnie podoba mi si\u0119 po\u0142\u0105czenie sztywno\u015bci i kompaktowo\u015bci. Kokpit jest w stanie poradzi\u0107 sobie z ci\u0119\u017ckimi zestawami bez wzdrygania si\u0119, pozostaj\u0105c wizualnie bardziej dyskretnym ni\u017c ogromne, op\u0142ywowe podwozie. Pojedynczy kokpit jest naprawd\u0119 przyjemny: czujesz si\u0119 jak w prawdziwym kokpicie, a nie jakim\u015b chwiejnym kompromisie. Sp\u00f3jno\u015b\u0107 z ekosystemem Fanatec jest r\u00f3wnie\u017c prawdziwym plusem: wszystko jest starannie dopasowane, pozycje s\u0105 naturalne i nie czujesz si\u0119, jakby\u015b majstrowa\u0142.<\/p>\n<p>Kolejnym pozytywnym aspektem jest mo\u017cliwo\u015b\u0107 ewolucji kokpitu: mo\u017cesz zacz\u0105\u0107 od prostej kombinacji kierownicy i peda\u0142\u00f3w, a nast\u0119pnie doda\u0107 d\u017awigni\u0119 zmiany bieg\u00f3w, hamulec r\u0119czny, wspornik ekranu i tak dalej. Kokpit buduje si\u0119 z czasem. Podstawowa struktura jest wystarczaj\u0105co solidna, aby nad\u0105\u017cy\u0107 za tymi zmianami bez konieczno\u015bci zmiany wszystkiego.<\/p>\n<p>Z drugiej strony cena, po dodaniu kokpitu i akcesori\u00f3w, wyra\u017anie sprawia, \u017ce jest to inwestycja. Nie kupuje si\u0119 podwozia tylko po to, by spr\u00f3bowa\u0107 swoich si\u0142 w simracingu. Trzeba ju\u017c by\u0107 przekonanym do tej dyscypliny. Monta\u017c r\u00f3wnie\u017c wymaga czasu i rygoru: je\u015bli spartaczysz monta\u017c lub zostawisz \u015bruby dokr\u0119cone do po\u0142owy, stracisz cz\u0119\u015b\u0107 korzy\u015bci w postaci sztywno\u015bci i ryzykujesz, \u017ce ocenisz produkt na podstawie zniekszta\u0142conego do\u015bwiadczenia.<\/p>\n<p>Wreszcie, modu\u0142owo\u015b\u0107 nie osi\u0105ga poziomu du\u017cego kokpitu wykonanego z profili przemys\u0142owych. Je\u015bli lubisz ultra-egzotyczne konfiguracje (ekstremalna pozycja F1, milimetrowe regulacje wsz\u0119dzie), znajdziesz wi\u0119cej swobody gdzie indziej. Clubsport GT zosta\u0142 zaprojektowany jako bardzo dobre, wszechstronne podwozie GT, a nie eksperymentalna platforma.<\/p>\n<p>Pod wzgl\u0119dem postrzeganej warto\u015bci jest to prawdziwa inwestycja \u015brednio- i d\u0142ugoterminowa. Dla kogo\u015b, kto je\u017adzi cz\u0119sto i chce ustabilizowa\u0107 swoj\u0105 konfiguracj\u0119 na sta\u0142e, koszt jest uzasadniony. W przypadku okazjonalnych graczy lub os\u00f3b z ograniczonym bud\u017cetem trudno b\u0119dzie uzyska\u0107 zwrot z inwestycji w por\u00f3wnaniu z prostszymi rozwi\u0105zaniami.<\/p>\n<h2>Werdykt: prawdziwy zwrot w kierunku \"powa\u017cnego symulatora\".<\/h2>\n<p>Fanatec Clubsport GT Cockpit zmienia przede wszystkim jedn\u0105 rzecz w konfiguracji: w ko\u0144cu \u0142\u0105czy podstaw\u0119, peda\u0142y i fotel w sp\u00f3jn\u0105, sztywn\u0105 ca\u0142o\u015b\u0107. Nie musisz ju\u017c walczy\u0107 z ruszaj\u0105cym si\u0119 biurkiem, \u015blizgaj\u0105cym si\u0119 stojakiem czy w\u0119druj\u0105cym siedzeniem. Zyskujesz stabilno\u015b\u0107, precyzj\u0119 i powtarzalno\u015b\u0107. Nie czyni ci\u0119 to bardziej utalentowanym, ale pozwala w pe\u0142ni wykorzysta\u0107 sprz\u0119t, kt\u00f3ry ju\u017c posiadasz.<\/p>\n<p>Na rynku jest wyra\u017anie pozycjonowany w segmencie \u015bredniej \/ najwy\u017cszej klasy, naprzeciwko solidnych kokpit\u00f3w wykonanych z metalu i profili. Nie jest to produkt tani i nie jest to produkt do \"testowania\" wy\u015bcig\u00f3w symulacyjnych. To obudowa dla kogo\u015b, kto ju\u017c wie, \u017ce chce powa\u017cnego, czystego kokpitu, kt\u00f3ry przetrwa lata.<\/p>\n<p>Poleci\u0142bym go graczom symulacyjnym, kt\u00f3rzy maj\u0105 ju\u017c dobr\u0105 kierownic\u0119 (najlepiej z nap\u0119dem bezpo\u015brednim) i przyzwoity pedalboard, i kt\u00f3rzy zaczynaj\u0105 odczuwa\u0107 ograniczenia swojego komputera stacjonarnego lub lekkiej obudowy. Dla tych, kt\u00f3rzy je\u017cd\u017c\u0105 okazjonalnie, kt\u00f3rym brakuje miejsca lub kt\u00f3rzy chc\u0105 zachowa\u0107 bardzo wszechstronn\u0105 konfiguracj\u0119 pulpitu \/ gier, nie b\u0119dzie to najlepszy wyb\u00f3r.<\/p>\n<p>Je\u015bli szukasz sztywnego, czystego kokpitu, zaprojektowanego z my\u015bl\u0105 o prawdziwym nowoczesnym symulatorze wy\u015bcigowym bez konieczno\u015bci wybierania przemys\u0142owego potwora, ten produkt mo\u017ce wyra\u017anie zmieni\u0107 twoj\u0105 konfiguracj\u0119.&lt;\/final<\/p>","protected":false},"excerpt":{"rendered":"<p>Ten kokpit zapewnia prawdziwe uczucie stabilnego bloku, kt\u00f3ry wyja\u015bnia wra\u017cenia z jazdy i sprawia, \u017ce d\u0142ugie sesje s\u0105 bardziej komfortowe. Ma to sens dla symulator\u00f3w wy\u015bcig\u00f3w, kt\u00f3rzy s\u0105 ju\u017c zaanga\u017cowani, wyposa\u017ceni lub d\u0105\u017c\u0105 do pot\u0119\u017cnej bazy i kt\u00f3rzy chc\u0105 na dobre wydosta\u0107 si\u0119 z biura lub baga\u017cnika podstawowego. Inwestycja ma sens, je\u015bli je\u017adzisz cz\u0119sto i szukasz trwa\u0142ej pozycji.<\/p>","protected":false},"featured_media":101788,"comment_status":"open","ping_status":"closed","template":"","meta":{"_acf_changed":false,"_et_pb_use_builder":"","_et_pb_old_content":"","_et_gb_content_width":""},"product_brand":[158],"product_cat":[163],"product_tag":[149,159,160],"class_list":{"0":"post-101787","1":"product","2":"type-product","3":"status-publish","4":"has-post-thumbnail","6":"product_brand-fanatec","7":"product_cat-cockpit","8":"product_tag-pc","9":"product_tag-playstation","10":"product_tag-xbox","12":"first","13":"instock","14":"shipping-taxable","15":"product-type-external"},"acf":[],"_links":{"self":[{"href":"https:\/\/simracergear.com\/pl\/wp-json\/wp\/v2\/product\/101787","targetHints":{"allow":["GET"]}}],"collection":[{"href":"https:\/\/simracergear.com\/pl\/wp-json\/wp\/v2\/product"}],"about":[{"href":"https:\/\/simracergear.com\/pl\/wp-json\/wp\/v2\/types\/product"}],"replies":[{"embeddable":true,"href":"https:\/\/simracergear.com\/pl\/wp-json\/wp\/v2\/comments?post=101787"}],"wp:featuredmedia":[{"embeddable":true,"href":"https:\/\/simracergear.com\/pl\/wp-json\/wp\/v2\/media\/101788"}],"wp:attachment":[{"href":"https:\/\/simracergear.com\/pl\/wp-json\/wp\/v2\/media?parent=101787"}],"wp:term":[{"taxonomy":"product_brand","embeddable":true,"href":"https:\/\/simracergear.com\/pl\/wp-json\/wp\/v2\/product_brand?post=101787"},{"taxonomy":"product_cat","embeddable":true,"href":"https:\/\/simracergear.com\/pl\/wp-json\/wp\/v2\/product_cat?post=101787"},{"taxonomy":"product_tag","embeddable":true,"href":"https:\/\/simracergear.com\/pl\/wp-json\/wp\/v2\/product_tag?post=101787"}],"curies":[{"name":"wp","href":"https:\/\/api.w.org\/{rel}","templated":true}]}}