{"id":100531,"date":"2025-05-15T07:45:00","date_gmt":"2025-05-15T07:45:00","guid":{"rendered":"https:\/\/simracergear.com\/products\/fanatec-clubsport-dd-f1-esports-v2\/"},"modified":"2025-11-28T04:43:18","modified_gmt":"2025-11-28T04:43:18","slug":"fanatec-clubsport-dd-f1-esports-v2","status":"publish","type":"product","link":"https:\/\/simracergear.com\/pt\/products\/fanatec-clubsport-dd-f1-esports-v2\/","title":{"rendered":"Fanatec ClubSport DD F1 Esports V2"},"content":{"rendered":"<h2>Fanatec ClubSport DD F1\u00ae Esports V2: um verdadeiro salto para a transmiss\u00e3o direta \"a s\u00e9rio\"<\/h2>\n<p>A Fanatec ClubSport DD F1\u00ae Esports V2 est\u00e1 posicionada como um ponto de entrada topo de gama no mundo da transmiss\u00e3o direta. J\u00e1 n\u00e3o se trata de uma simples atualiza\u00e7\u00e3o de uma base com correia: estamos claramente a entrar no mundo das bases s\u00e9rias, concebidas para conduzir com for\u00e7a, durante muito tempo, com um verdadeiro n\u00edvel de detalhe no force feedback.<\/p>\n<p>Este pacote destina-se a um p\u00fablico exigente que pretende uma transmiss\u00e3o direta potente mas utiliz\u00e1vel, com um volante de estilo F1 pronto a utilizar e uma s\u00f3lida compatibilidade consola\/PC. Promete uma combina\u00e7\u00e3o plug &amp; play coerente, capaz de abranger as corridas de simuladores modernas: F1, GT, resist\u00eancia e at\u00e9 um pouco de rali, se gostar de rodas pequenas.<\/p>\n<p>O meu ponto de vista \u00e9 simples: precis\u00e3o da sensa\u00e7\u00e3o, qualidade do feedback, versatilidade real do conjunto, conforto de utiliza\u00e7\u00e3o no dia a dia. Ser\u00e1 que esta base DD ClubSport justifica um passo em frente na configura\u00e7\u00e3o? E, acima de tudo, ser\u00e1 este volante F1 Esports V2 uma boa escolha se n\u00e3o conduzir apenas monolugares?<\/p>\n<p>Desde as primeiras voltas, \u00e9 poss\u00edvel sentir que a Fanatec procura o equil\u00edbrio: pot\u00eancia, mas acima de tudo controlo. N\u00e3o se trata de demonstra\u00e7\u00e3o bruta, mas sim de controlo. \u00c9 este posicionamento que torna este modelo t\u00e3o interessante.<\/p>\n<h2>Conce\u00e7\u00e3o e fabrico: um bloco compacto mas resistente<\/h2>\n<p>Visualmente, a base do ClubSport DD faz uma afirma\u00e7\u00e3o s\u00e9ria. O chassis met\u00e1lico, com as suas linhas angulares, d\u00e1 imediatamente uma impress\u00e3o de rigidez. Na m\u00e3o, quando pega na base para a montar num chassis, sente uma densidade tranquilizadora. N\u00e3o tem nada de oco ou barato - \u00e9 um material que parece ter sido constru\u00eddo para aguentar horas de condu\u00e7\u00e3o.<\/p>\n<p>A montagem \u00e9 limpa, sem interfer\u00eancias. Os encaixes entre as v\u00e1rias pe\u00e7as met\u00e1licas s\u00e3o perfeitos e as superf\u00edcies bem acabadas. O QR (sistema de fixa\u00e7\u00e3o do volante) inspira confian\u00e7a: o fecho \u00e9 simples e a liga\u00e7\u00e3o el\u00e9ctrica \u00e9 perfeita. Neste ponto, estamos claramente a falar de um equipamento que est\u00e1 muito acima das gera\u00e7\u00f5es anteriores de Fanatec de entrada de gama.<\/p>\n<p>O volante F1 Esports V2, com os seus punhos de borracha e painel frontal em fibra de carbono, d\u00e1 uma impress\u00e3o de seriedade. Os bot\u00f5es fazem um clique limpo e as patilhas s\u00e3o n\u00edtidas, sem serem excessivamente macias. Na m\u00e3o, o di\u00e2metro reduzido refor\u00e7a a sensa\u00e7\u00e3o de reatividade. Torna-se imediatamente claro que este volante foi feito para atacar.<\/p>\n<p>O que surpreende imediatamente \u00e9 o facto de a base ser t\u00e3o compacta em rela\u00e7\u00e3o \u00e0 pot\u00eancia que \u00e9 capaz de produzir. Num cockpit r\u00edgido, n\u00e3o h\u00e1 qualquer movimento parasita, a estrutura nem sequer treme. Por outro lado, sobre um suporte leve ou uma secret\u00e1ria, a pot\u00eancia do acionamento direto torna-se rapidamente o limite do pr\u00f3prio suporte.<\/p>\n<p>Sou um pouco mais reservado em rela\u00e7\u00e3o a certos pormenores do acabamento do volante em compara\u00e7\u00e3o com os volantes puramente premium: os materiais das pegas, que s\u00e3o bons mas n\u00e3o s\u00e3o topo de gama, ou certos bot\u00f5es que parecem um pouco \"pl\u00e1sticos\" quando manuseados fora do jogo. Sente-se a diferen\u00e7a em rela\u00e7\u00e3o aos volantes de marcas especializadas de topo de gama. Mas, como parte de um pacote completo, o n\u00edvel geral continua a ser muito coerente para o pre\u00e7o.<\/p>\n<p>Em compara\u00e7\u00e3o com as bases mais modestas do tipo CSL DD, ganhamos claramente na perce\u00e7\u00e3o da solidez global e da seriedade do fabrico, sem ter o volume das bases extremas existentes no mercado.<\/p>\n<h2>Defini\u00e7\u00f5es, personaliza\u00e7\u00e3o e compatibilidade: potente mas f\u00e1cil de gerir<\/h2>\n<p>O ClubSport DD baseia-se no ecossistema de software Fanatec habitual. Atrav\u00e9s do painel de controlo no PC, tem acesso a todas as defini\u00e7\u00f5es cl\u00e1ssicas: for\u00e7a total, filtragem, fric\u00e7\u00e3o, amortecimento, interpola\u00e7\u00e3o, etc. Na base e no volante, os menus permitem modificar rapidamente as predefini\u00e7\u00f5es, o que \u00e9 apreciado quando se alterna entre F1, GT e rali.<\/p>\n<p>A curva de aprendizagem \u00e9 razo\u00e1vel. Os utilizadores interm\u00e9dios encontrar\u00e3o rapidamente o seu caminho. As predefini\u00e7\u00f5es b\u00e1sicas s\u00e3o utiliz\u00e1veis desde o in\u00edcio, mas o verdadeiro potencial \u00e9 desbloqueado quando se afina a for\u00e7a m\u00e1xima e a linearidade, e se reduzem determinados filtros para deixar passar mais detalhes. Pela minha parte, senti realmente um passo extra ap\u00f3s algumas sess\u00f5es de afina\u00e7\u00e3o, em particular ao afinar a filtragem para manter a suavidade sem sufocar a informa\u00e7\u00e3o.<\/p>\n<p>No PC, a compatibilidade \u00e9 ampla, com a maioria dos simuladores modernos utiliz\u00e1veis sem problemas. Nas consolas, o conjunto continua a seguir a l\u00f3gica da Fanatec: consoante a vers\u00e3o, a base \u00e9 reconhecida, tal como o volante, e o utilizador beneficia de uma utiliza\u00e7\u00e3o praticamente plug &amp; play. O essencial \u00e9 que este kit n\u00e3o se limita a uma plataforma espec\u00edfica, o que \u00e9 tranquilizador se alternar entre PC e consola.<\/p>\n<p>O ecossistema Fanatec \u00e9 uma verdadeira mais-valia: pedais, man\u00edpulos de mudan\u00e7as, trav\u00f5es de m\u00e3o, outros volantes... Pode come\u00e7ar com este pacote como uma base s\u00f3lida e depois expandir gradualmente a sua configura\u00e7\u00e3o. \u00c9 uma verdadeira atualiza\u00e7\u00e3o. O volante do F1 Esports V2 est\u00e1 muito orientado para os monolugares e GT modernos, mas nada o impede de acrescentar um volante redondo maior para os ralis ou prot\u00f3tipos.<\/p>\n<p>Em termos de durabilidade de uma configura\u00e7\u00e3o, estamos claramente numa base que podemos manter durante muito tempo. N\u00e3o se trata de uma \"pequena\" descoberta de tra\u00e7\u00e3o direta, mas sim de uma plataforma central que pode acompanhar um progresso s\u00e9rio no simracing.<\/p>\n<h2>Sensa\u00e7\u00f5es em jogo: onde a tra\u00e7\u00e3o direta se destaca<\/h2>\n<p>Em pista, a assinatura do ClubSport DD \u00e9 bastante clara: feedback de pot\u00eancia limpo e preciso, com um bom equil\u00edbrio entre pot\u00eancia e legibilidade. N\u00e3o h\u00e1 caos bruto aqui, apenas uma leitura afinada do que o carro est\u00e1 a fazer.<\/p>\n<p>A precis\u00e3o do FFB \u00e9 o que mais se destaca. Sente-se rapidamente a diferen\u00e7a em rela\u00e7\u00e3o a uma base de correia ou a uma pequena transmiss\u00e3o direta de n\u00edvel b\u00e1sico. A roda reage imediatamente \u00e0 mais pequena mudan\u00e7a de ader\u00eancia. A transi\u00e7\u00e3o entre ader\u00eancia e deslizamento \u00e9 mais gradual e mais rica em informa\u00e7\u00e3o. Percebe-se imediatamente o que o carro est\u00e1 a fazer, especialmente quando se entra numa curva.<\/p>\n<p>Nas curvas r\u00e1pidas, a base mant\u00e9m-se est\u00e1vel, sem oscila\u00e7\u00f5es parasitas, desde que as regula\u00e7\u00f5es estejam corretamente definidas. O tamanho reduzido do volante do F1 aumenta a sensa\u00e7\u00e3o de capacidade de resposta: pequenos ajustes na trajet\u00f3ria s\u00e3o feitos naturalmente, sem necessidade de exagerar os movimentos. Tem-se a sensa\u00e7\u00e3o de estar a conduzir com os pulsos e n\u00e3o com os bra\u00e7os, o que se enquadra perfeitamente no estilo da F1\/ monolugar.<\/p>\n<p>As leituras de ader\u00eancia s\u00e3o muito melhores do que com uma base menos potente. \u00c9 poss\u00edvel sentir quando a parte da frente come\u00e7a a estagnar, quando a traseira fica leve nos trav\u00f5es ou quando um vibrador ligeiramente agressivo faz o carro saltar. Quanto aos vibradores, o feedback \u00e9 muito convincente: \u00e9 poss\u00edvel distinguir um vibrador plano de um mais agressivo e, acima de tudo, a velocidade a que o fazemos. Bate quando \u00e9 preciso, sem se tornar doloroso se se ajustar corretamente a for\u00e7a.<\/p>\n<p>Durante longas sess\u00f5es, a consist\u00eancia da base \u00e9 apreci\u00e1vel. N\u00e3o h\u00e1 varia\u00e7\u00e3o de comportamento, nem aquecimento que perturbe a sensa\u00e7\u00e3o. A fadiga resulta principalmente do n\u00edvel de pot\u00eancia que se imp\u00f5e a si pr\u00f3prio. Reduzindo a pot\u00eancia para um n\u00edvel razo\u00e1vel, \u00e9 poss\u00edvel conduzir durante muito tempo sem esfor\u00e7ar os ombros. A transmiss\u00e3o direta permanece suficientemente presente mesmo quando a pot\u00eancia est\u00e1 sub-calibrada. \u00c9 aqui que esta placa de base se destaca: mant\u00e9m-se comunicativa mesmo com percentagens moderadas.<\/p>\n<p>Nas correc\u00e7\u00f5es r\u00e1pidas, em caso de sobreviragem ou de perda de ader\u00eancia traseira, a capacidade de resposta \u00e9 clara. A base retribui imediatamente os movimentos e o pequeno di\u00e2metro do volante ajuda a apanhar o carro. Numa base com correia ou num pequeno DD, estas fases podem parecer mais suaves ou ligeiramente filtradas. Aqui, tudo \u00e9 mais direto e simples. Ganha-se claramente confian\u00e7a nas fases limite.<\/p>\n<p>Face a uma base ainda mais potente, perde-se um pouco em agressividade bruta e bin\u00e1rio m\u00e1ximo arrancado das m\u00e3os. Mas, honestamente, para a maioria dos motociclistas, este n\u00edvel de pot\u00eancia \u00e9 mais do que suficiente. O principal ganho em rela\u00e7\u00e3o a uma transmiss\u00e3o direta \"leve\" est\u00e1 na delicadeza do sinal e na estabilidade da dire\u00e7\u00e3o a alta velocidade, e n\u00e3o na viol\u00eancia dos movimentos. \u00c9 a\u00ed que esta base muda realmente a experi\u00eancia.<\/p>\n<p>Em termos de imers\u00e3o, o pacote F1 Esports V2 base + volante funciona muito bem em t\u00edtulos de F1, GTs modernos e prot\u00f3tipos. O formato do volante n\u00e3o \u00e9 ideal para fazer tudo, mas a sensa\u00e7\u00e3o de conduzir uma m\u00e1quina de ponta est\u00e1 definitivamente presente. D\u00e1 por si a esfor\u00e7ar-se mais, simplesmente porque o volante lhe d\u00e1 confian\u00e7a.<\/p>\n<h2>A quem se destina? Pontos fortes e fracos do dia a dia<\/h2>\n<p>Este pacote destina-se claramente a utilizadores motivados, de n\u00edvel interm\u00e9dio a avan\u00e7ado, que sabem que querem uma transmiss\u00e3o direta a s\u00e9rio e um volante de estilo de corrida. Um completo principiante pode utiliz\u00e1-lo, mas o investimento faz mais sentido se j\u00e1 estiver viciado em corridas virtuais. Numa consola, \u00e9 uma excelente base para algu\u00e9m que queira dar um passo em frente em rela\u00e7\u00e3o aos volantes do mercado de massas. No PC, enquadra-se perfeitamente numa configura\u00e7\u00e3o que pretende manter-se vers\u00e1til mas de elevado desempenho.<\/p>\n<p>Uma das coisas que mais me agrada \u00e9 a qualidade do feedback. O ClubSport DD transmite muitos pormenores sem se tornar confuso, o que d\u00e1 realmente a impress\u00e3o de estar a pilotar \"ao toque\". A compacidade da base, combinada com a sua pot\u00eancia, facilita a sua integra\u00e7\u00e3o num cockpit sem disputar espa\u00e7o. E o ecossistema Fanatec circundante (volantes, pedais, manetes de mudan\u00e7as) aumenta o atrativo: est\u00e1 a investir num centro de configura\u00e7\u00e3o atualiz\u00e1vel, n\u00e3o num beco sem sa\u00edda.<\/p>\n<p>No entanto, h\u00e1 que ter em conta algumas limita\u00e7\u00f5es. Devido \u00e0 sua forma e di\u00e2metro, o volante do F1 Esports V2 n\u00e3o \u00e9 o mais vers\u00e1til do mundo. Para rallys, drifting ou corridas de estrada mais \"cl\u00e1ssicas\", um volante redondo maior ser\u00e1 claramente mais adequado. Em segundo lugar, o investimento global continua a ser substancial: est\u00e1 a pagar pela qualidade de constru\u00e7\u00e3o, pot\u00eancia e ecossistema, n\u00e3o se trata de um produto de impulso ou \"econ\u00f3mico\". Por \u00faltimo, a curva de adapta\u00e7\u00e3o pode demorar algum tempo a tirar o m\u00e1ximo partido da base. \u00c9 poss\u00edvel conduzir muito depressa com uma predefini\u00e7\u00e3o, mas para atingir o n\u00edvel de requinte esperado nesta gama, \u00e9 preciso estar disposto a passar pelo processo de afina\u00e7\u00e3o.<\/p>\n<p>Em termos de perce\u00e7\u00e3o de valor, tudo depende do ponto de partida. Se vier de uma roda de entrada de gama, o salto \u00e9 enorme e o investimento \u00e9 imediatamente sentido em termos de prazer e controlo. Se j\u00e1 estiver a utilizar uma pequena transmiss\u00e3o direta, o ganho ser\u00e1 mais subtil, mas mais duradouro e mais orientado para um progresso \"s\u00e9rio\".<\/p>\n<h2>Veredicto: um centro de configura\u00e7\u00e3o para passeios longos e fortes<\/h2>\n<p>O Fanatec ClubSport DD F1\u00ae Esports V2 muda realmente o cora\u00e7\u00e3o de uma configura\u00e7\u00e3o. Passamos de um volante que \"brinca \u00e0 simula\u00e7\u00e3o\" para uma base que leva a simula\u00e7\u00e3o muito a s\u00e9rio. Mais bin\u00e1rio, mais detalhes, mais controlo: tudo incentiva a uma condu\u00e7\u00e3o mais limpa e a procurar o limite com confian\u00e7a.<\/p>\n<p>Este conjunto ocupa uma posi\u00e7\u00e3o central no mercado: n\u00e3o \u00e9 nem um produto ultra-elitista reservado a um nicho, nem um produto de entrada de gama. Trata-se de uma transmiss\u00e3o direta de qualidade superior acess\u00edvel a todos os que querem dar um verdadeiro passo em frente, sem optar por monstros de grandes dimens\u00f5es. O volante F1 Esports V2 completa o pacote para quem conduz monolugares e carros GT modernos.<\/p>\n<p>Recomendo-o claramente aos simuladores interm\u00e9dios e avan\u00e7ados que pretendam uma base duradoura, capaz de suportar um cockpit completo e uma progress\u00e3o s\u00e9ria. Para um principiante puro ou algu\u00e9m que prefira divers\u00e3o ocasional em estradas abertas e ralis, uma combina\u00e7\u00e3o mais vers\u00e1til, com um volante redondo b\u00e1sico, poder\u00e1 fazer mais sentido.<\/p>\n<p>Se procura uma transmiss\u00e3o direta potente, precisa e atualiz\u00e1vel, preparada para o mundo moderno da F1\/GT, este produto pode fazer toda a diferen\u00e7a na sua configura\u00e7\u00e3o.<\/p>","protected":false},"excerpt":{"rendered":"<p>Este pacote d\u00e1-lhe realmente a sensa\u00e7\u00e3o de passar para uma simula\u00e7\u00e3o de corridas mais s\u00e9ria: o volante torna-se uma ferramenta de precis\u00e3o, ajudando-o a ler melhor a ader\u00eancia e a conduzir de forma mais limpa. Faz sentido para os simuladores que j\u00e1 est\u00e3o envolvidos, no PC ou na consola, que t\u00eam como objetivo a F1\/GT\/endurance e querem uma base duradoura no centro de uma configura\u00e7\u00e3o em evolu\u00e7\u00e3o.<\/p>","protected":false},"featured_media":100532,"comment_status":"open","ping_status":"closed","template":"","meta":{"_acf_changed":false,"_et_pb_use_builder":"","_et_pb_old_content":"","_et_gb_content_width":""},"product_brand":[158],"product_cat":[161,173],"product_tag":[149],"class_list":{"0":"post-100531","1":"product","2":"type-product","3":"status-publish","4":"has-post-thumbnail","6":"product_brand-fanatec","7":"product_cat-volant","8":"product_cat-volants-fanatec","9":"product_tag-pc","11":"first","12":"instock","13":"shipping-taxable","14":"product-type-external"},"acf":[],"_links":{"self":[{"href":"https:\/\/simracergear.com\/pt\/wp-json\/wp\/v2\/product\/100531","targetHints":{"allow":["GET"]}}],"collection":[{"href":"https:\/\/simracergear.com\/pt\/wp-json\/wp\/v2\/product"}],"about":[{"href":"https:\/\/simracergear.com\/pt\/wp-json\/wp\/v2\/types\/product"}],"replies":[{"embeddable":true,"href":"https:\/\/simracergear.com\/pt\/wp-json\/wp\/v2\/comments?post=100531"}],"wp:featuredmedia":[{"embeddable":true,"href":"https:\/\/simracergear.com\/pt\/wp-json\/wp\/v2\/media\/100532"}],"wp:attachment":[{"href":"https:\/\/simracergear.com\/pt\/wp-json\/wp\/v2\/media?parent=100531"}],"wp:term":[{"taxonomy":"product_brand","embeddable":true,"href":"https:\/\/simracergear.com\/pt\/wp-json\/wp\/v2\/product_brand?post=100531"},{"taxonomy":"product_cat","embeddable":true,"href":"https:\/\/simracergear.com\/pt\/wp-json\/wp\/v2\/product_cat?post=100531"},{"taxonomy":"product_tag","embeddable":true,"href":"https:\/\/simracergear.com\/pt\/wp-json\/wp\/v2\/product_tag?post=100531"}],"curies":[{"name":"wp","href":"https:\/\/api.w.org\/{rel}","templated":true}]}}