{"id":100566,"date":"2025-05-15T07:46:00","date_gmt":"2025-05-15T07:46:00","guid":{"rendered":"https:\/\/simracergear.com\/products\/fanatec-clubsport-pedals-v3-inverted\/"},"modified":"2025-11-28T04:45:04","modified_gmt":"2025-11-28T04:45:04","slug":"fanatec-clubsport-pedals-v3-inverted","status":"publish","type":"product","link":"https:\/\/simracergear.com\/pt\/products\/fanatec-clubsport-pedals-v3-inverted\/","title":{"rendered":"Pedais Fanatec ClubSport V3 invertidos"},"content":{"rendered":"<p>Na categoria das pedaleiras topo de gama para simula\u00e7\u00e3o de corridas, a Fanatec ClubSport Pedals V3 Inverted ocupa um lugar muito especial. Continuamos a falar de uma pedaleira \"prosumer\" (acima das gamas de entrada e m\u00e9dia, abaixo das solu\u00e7\u00f5es profissionais completas), mas com uma verdadeira ambi\u00e7\u00e3o: aproximar-se da cinem\u00e1tica de um carro de corrida, especialmente para o trav\u00e3o e a embraiagem. Este modelo invertido \u00e9 atrativo porque promete uma sensa\u00e7\u00e3o mais natural, mais pr\u00f3xima de um verdadeiro cockpit, mantendo-se compat\u00edvel com um vasto ecossistema Fanatec.<\/p>\n<p>Pela minha parte, abordo a quest\u00e3o de um \u00e2ngulo muito concreto: sensa\u00e7\u00e3o de travagem, resposta progressiva do acelerador, conforto durante longas sess\u00f5es e a capacidade de repetir os mesmos pontos de travagem volta ap\u00f3s volta. A este pre\u00e7o, temos o direito de esperar um claro salto em frente em rela\u00e7\u00e3o a um pedaleiro de entrada ou de gama m\u00e9dia com potenci\u00f3metros. Aqui, o cerne da quest\u00e3o \u00e9 a c\u00e9lula de carga no trav\u00e3o e a mec\u00e2nica invertida que deve proporcionar um controlo mais intuitivo.<\/p>\n<p>Esta pedaleira destina-se aos ciclistas que querem dar um verdadeiro passo em frente sem cair na armadilha das pedaleiras hidr\u00e1ulicas ultra-sofisticadas. A ideia \u00e9 simples: sentir debaixo do p\u00e9 o que se v\u00ea no ecr\u00e3. Carrega-se no pedal, o carro reage e deixa de haver d\u00favidas.<\/p>\n<h2>Conce\u00e7\u00e3o e fabrico<\/h2>\n<p>O Fanatec ClubSport V3 Inverted transmite imediatamente uma sensa\u00e7\u00e3o de seriedade. Com a sua estrutura met\u00e1lica, bra\u00e7os de pedal invertidos e placa de base maci\u00e7a, parece uma unidade concebida para resistir a anos de travagem intensa. O metal \u00e9 omnipresente, com um acabamento bastante limpo e sem arestas vivas ou pe\u00e7as fr\u00e1geis. Uma vez montado num cockpit r\u00edgido, nunca se move. N\u00e3o h\u00e1 flex\u00e3o percet\u00edvel durante a utiliza\u00e7\u00e3o, o que \u00e9 essencial para um pedaleiro com c\u00e9lula de carga.<\/p>\n<p>O que \u00e9 imediatamente surpreendente \u00e9 a cinem\u00e1tica inversa do trav\u00e3o e da embraiagem. Visualmente, est\u00e1 mais pr\u00f3ximo de uma caixa de pedais de um carro de corrida. Durante a utiliza\u00e7\u00e3o, sente-se realmente que o \u00e2ngulo do p\u00e9 e do tornozelo \u00e9 diferente do de um pedaleiro convencional de ch\u00e3o. Durante longas sess\u00f5es, a posi\u00e7\u00e3o pode ser mais natural para alguns e menos para outros, dependendo do cockpit e da postura geral. Mas a impress\u00e3o de um \"carro a s\u00e9rio\" \u00e9 claramente melhorada.<\/p>\n<p>Os pr\u00f3prios pedais exalam solidez. As rodas dentadas s\u00e3o ajust\u00e1veis e firmemente aparafusadas, e a densidade das pe\u00e7as transmite confian\u00e7a. N\u00e3o h\u00e1 o efeito \"brinquedo\" dos pedivelas de entrada feitos de pl\u00e1stico ou metal leve. O acabamento tamb\u00e9m n\u00e3o \u00e9 ultra-luxuoso: \u00e9 mais um visual industrial funcional do que uma pe\u00e7a de exibi\u00e7\u00e3o. H\u00e1 alguns cabos vis\u00edveis e alguns pontos de articula\u00e7\u00e3o s\u00e3o um pouco \u00e1speros, mas nada que preocupe durante o uso.<\/p>\n<p>Comparado com outros pedaleiros de c\u00e9lula de carga do mesmo segmento, o V3 Inverted est\u00e1 bem posicionado. Tem um aspeto mais s\u00e9rio do que os modelos mais simples com potenci\u00f3metros, mas \u00e9 ainda menos extremo do que um pedaleiro hidr\u00e1ulico totalmente met\u00e1lico da categoria \"pro\". \u00c9 um compromisso muito bom entre robustez e compacidade para uma configura\u00e7\u00e3o orientada para a imers\u00e3o.<\/p>\n<h2>Defini\u00e7\u00f5es, personaliza\u00e7\u00e3o e compatibilidade<\/h2>\n<p>Em termos de ajustes f\u00edsicos, a Fanatec oferece uma s\u00e9rie de op\u00e7\u00f5es. Posi\u00e7\u00e3o da corrente ajust\u00e1vel, curso do pedal ajust\u00e1vel, dureza do trav\u00e3o ajust\u00e1vel com molas e elast\u00f3meros: h\u00e1 muito para adaptar o pedaleiro ao seu estilo. O que realmente me fez sentir a diferen\u00e7a foi a progress\u00e3o do trav\u00e3o: podemos torn\u00e1-lo relativamente suave no in\u00edcio e depois muito firme no final do curso, o que ajuda a controlar o ataque e a bloquear a press\u00e3o antes do ABS virtual. Ainda n\u00e3o estamos ao n\u00edvel de uma pedaleira purista de simracing totalmente personalizada, mas a gama de ajustes j\u00e1 \u00e9 muito utiliz\u00e1vel.<\/p>\n<p>No que respeita ao software, a pedaleira est\u00e1 integrada no ecossistema Fanatec. No PC, o ajuste fino est\u00e1 dispon\u00edvel atrav\u00e9s do software da marca: calibra\u00e7\u00e3o, zonas mortas, linearidade, vibra\u00e7\u00e3o integrada, etc. A curva de aprendizagem \u00e9 razo\u00e1vel. A curva de aprendizagem \u00e9 razo\u00e1vel: \u00e9 necess\u00e1rio algum tempo para compreender o impacto de cada par\u00e2metro no comportamento do jogo, mas n\u00e3o nos perdemos em menus obscuros. Algumas tentativas, algumas voltas \u00e0 pista, e rapidamente se encontra uma configura\u00e7\u00e3o que se adapta aos nossos h\u00e1bitos.<\/p>\n<p>Numa consola, a l\u00f3gica muda ligeiramente. O pedalboard foi concebido para ser utilizado com uma base Fanatec compat\u00edvel, o que significa que pode tirar partido da maioria das vantagens, mesmo que a flexibilidade do software continue a ser mais limitada do que num PC. Em todo o caso, o ecossistema Fanatec funciona a seu favor: Diret Drive ou correia de transmiss\u00e3o, v\u00e1rios volantes, man\u00edpulos de mudan\u00e7as, trav\u00e3o de m\u00e3o, tudo pode ser ligado de forma bastante simples, especialmente num cockpit fixo.<\/p>\n<p>Em termos de possibilidade de atualiza\u00e7\u00e3o, a V3 Inverted n\u00e3o \u00e9 apenas um ponto de entrada. \u00c9 uma pedaleira que pode claramente acompanhar um simulador durante v\u00e1rios anos, mesmo quando se faz o upgrade para bases mais potentes ou cockpits mais r\u00edgidos. Tamb\u00e9m pode ser actualizada com op\u00e7\u00f5es (molas, kit de afina\u00e7\u00e3o, mods), tornando-a uma base duradoura, e n\u00e3o uma compra descart\u00e1vel.<\/p>\n<h2>Sensa\u00e7\u00f5es em jogo<\/h2>\n<p>Na pista virtual, o trav\u00e3o \u00e9 a estrela do ClubSport V3 Inverted. A c\u00e9lula de carga permite-lhe trabalhar sob press\u00e3o em vez de trabalhar na corrida, e isso muda realmente a forma como conduz. Pomos o p\u00e9 no ch\u00e3o, aplicamos uma determinada for\u00e7a e o carro responde de forma muito previs\u00edvel. Quando se trata de definir os pontos de travagem, \u00e9 um grande passo em frente em compara\u00e7\u00e3o com um trav\u00e3o com um potenci\u00f3metro macio ou esponjoso. Percebe-se imediatamente o que o carro est\u00e1 a fazer.<\/p>\n<p>Em travagens fortes, o pedaleiro mant\u00e9m-se perfeitamente est\u00e1vel. Podes colocar o p\u00e9 com confian\u00e7a, o chassis n\u00e3o vacila e a modula\u00e7\u00e3o no final da travagem torna-se muito mais fina. O bloqueio das rodas (ou o acionamento do ABS) \u00e9 mais f\u00e1cil de ler no feedback visual e sonoro do jogo, porque a base de trabalho sob os p\u00e9s \u00e9 consistente. Encontra-se rapidamente uma \"mem\u00f3ria muscular\" muito fi\u00e1vel. Volta ap\u00f3s volta, a repetibilidade do gesto \u00e9 a sua verdadeira for\u00e7a.<\/p>\n<p>Quando se entra numa curva, esta precis\u00e3o \u00e9 diretamente vis\u00edvel. \u00c9 poss\u00edvel aliviar gradualmente a press\u00e3o, manter o trav\u00e3o traseiro a travar ligeiramente para estabilizar a extremidade traseira e ajustar-se a poucos pontos percentuais. \u00c9 aqui que este pedaleiro muda a experi\u00eancia em compara\u00e7\u00e3o com uma configura\u00e7\u00e3o mais b\u00e1sica. Num pedaleiro b\u00e1sico ou de gama m\u00e9dia, por vezes, estamos \u00e0 procura do limite. Aqui, sente-o mais cedo. Tem-se uma melhor no\u00e7\u00e3o da perda de ader\u00eancia durante a travagem, especialmente nas simula\u00e7\u00f5es mais exigentes.<\/p>\n<p>Nos vibradores, a combina\u00e7\u00e3o trav\u00e3o\/acelerador \u00e9 f\u00e1cil de gerir. As vibra\u00e7\u00f5es integradas nos pedais (quando activadas e corretamente reguladas) acrescentam um pouco mais de informa\u00e7\u00e3o, mesmo que n\u00e3o seja o que mais transforma a experi\u00eancia. O que \u00e9 importante \u00e9 a estabilidade mec\u00e2nica e a consist\u00eancia da resposta: n\u00e3o h\u00e1 qualquer sensa\u00e7\u00e3o de jogo a ser criada, nem qualquer desvio na calibra\u00e7\u00e3o \u00e0 medida que a sess\u00e3o avan\u00e7a.<\/p>\n<p>Durante longas sess\u00f5es, a posi\u00e7\u00e3o invertida torna-se realmente \u00fatil. O p\u00e9 \u00e9 mantido de uma forma diferente, mais \"pendente\", o que pode aliviar alguma tens\u00e3o em certos m\u00fasculos, especialmente se o cockpit estiver corretamente ajustado em termos de \u00e2ngulo e dist\u00e2ncia. A fadiga depender\u00e1 muito da tua postura geral, mas a pedaleira em si mant\u00e9m-se consistente da primeira \u00e0 \u00faltima volta. O curso n\u00e3o muda, a dureza permanece a mesma e a confian\u00e7a aumenta.<\/p>\n<p>Quanto ao acelerador, parece limpo e bastante linear. N\u00e3o temos necessariamente o pedal mais sofisticado do mercado, mas temos uma boa progressividade e um curso que pode ser utilizado para controlar a reacelera\u00e7\u00e3o \u00e0 sa\u00edda das curvas. As correc\u00e7\u00f5es r\u00e1pidas, especialmente com a potente tra\u00e7\u00e3o traseira ou GT, podem ser geridas sem pensar nisso. Brinca-se com o piso, empurra-se e o carro responde de forma l\u00f3gica. Sem surpresas, sem zonas \"mortas\" imprevis\u00edveis.<\/p>\n<p>Em compara\u00e7\u00e3o com um pedaleiro menos avan\u00e7ado, o ganho de controlo \u00e9 evidente. Em compara\u00e7\u00e3o com solu\u00e7\u00f5es ainda mais extremas (sistema hidr\u00e1ulico, topo de gama), o V3 Inverted ser\u00e1 um pouco menos \"\u00e1spero\" em termos de sensa\u00e7\u00e3o mec\u00e2nica pura, mas continua a ser mais do que suficiente para a grande maioria dos simuladores, mesmo os mais exigentes. O n\u00edvel de confian\u00e7a que lhe d\u00e1, especialmente na travagem, significa que pode conduzir com for\u00e7a, de forma limpa e consistente.<\/p>\n<h2>A quem se destina? Do que gostamos \/ Do que n\u00e3o gostamos<\/h2>\n<p>Vejo a Fanatec ClubSport V3 Inverted como uma pedaleira destinada aos pilotos de simuladores que j\u00e1 investiram um pouco. N\u00e3o \u00e9 a primeira pedaleira para algu\u00e9m totalmente novo nas corridas de simuladores de consola com um simples suporte de volante. Destina-se mais ao utilizador interm\u00e9dio a avan\u00e7ado, j\u00e1 equipado com um cockpit r\u00edgido ou pronto a comprar um, e que pretende dar um verdadeiro passo em frente em termos de realismo sem passar imediatamente para uma pedaleira profissional completa.<\/p>\n<p>O que mais aprecio \u00e9 a consist\u00eancia da travagem. Carrega-se no pedal e ele responde da mesma forma, volta ap\u00f3s volta. Em segundo lugar, a perce\u00e7\u00e3o da solidez \u00e9 tranquilizadora: sentimos que podemos bater com for\u00e7a sem pensar duas vezes. Por \u00faltimo, a posi\u00e7\u00e3o invertida contribui claramente para a imers\u00e3o. Parece mais que estamos num verdadeiro carro de corrida do que num brinquedo no ch\u00e3o. Quando tudo est\u00e1 corretamente ajustado, muda a sensa\u00e7\u00e3o geral do cockpit.<\/p>\n<p>Mas h\u00e1 limites. A instala\u00e7\u00e3o e a integra\u00e7\u00e3o requerem um cockpit s\u00e9rio: num suporte de volante dobr\u00e1vel ou numa secret\u00e1ria, perde-se o interesse da pedaleira, ou mesmo acrescentam-se vibra\u00e7\u00f5es indesej\u00e1veis. O ajuste ideal requer um pouco de tempo e curiosidade, especialmente para aproveitar ao m\u00e1ximo as op\u00e7\u00f5es de c\u00e9lula de carga e dureza. Por fim, este n\u00e3o deixa de ser um investimento significativo, sobretudo se tiver de refor\u00e7ar o chassis ao mesmo tempo ou atualizar para um ecossistema Fanatec completo.<\/p>\n<p>Em termos de valor percebido, continua a ser coerente: est\u00e1 a pagar por uma verdadeira subida de gama e n\u00e3o apenas por uma remodela\u00e7\u00e3o. A diferen\u00e7a no controlo da travagem \u00e9 real. N\u00e3o se ganha apenas em conforto, ganha-se em potencial de desempenho. Para um simulador que passa muitas horas na pista virtual, a quest\u00e3o torna-se menos \"quanto custa\" do que \"durante quanto tempo o vou utilizar\". E aqui, a resposta est\u00e1 claramente a seu favor.<\/p>\n<h2>Veredicto<\/h2>\n<p>Os pedais Fanatec ClubSport V3 Inverted trazem algo muito concreto a uma configura\u00e7\u00e3o: uma travagem s\u00e9ria, est\u00e1vel e repet\u00edvel, com uma mec\u00e2nica que se aproxima muito da sensa\u00e7\u00e3o de um verdadeiro carro de corrida. N\u00e3o se trata apenas de uma atualiza\u00e7\u00e3o cosm\u00e9tica, \u00e9 uma verdadeira alavanca para melhorar a consist\u00eancia e a confian\u00e7a, especialmente se estiver a conduzir em simuladores exigentes e quiser afinar os seus pontos de travagem.<\/p>\n<p>No mercado, posiciona-se como uma solu\u00e7\u00e3o premium \"acess\u00edvel\": acima dos cranksets compactos e cl\u00e1ssicos com c\u00e9lula de carga, abaixo dos monstros hidr\u00e1ulicos ultra-ultra-altos. O seu posicionamento \u00e9 claro: para algu\u00e9m que quer uma pedaleira definitiva ou quase definitiva sem exagerar, \u00e9 uma escolha muito s\u00f3lida.<\/p>\n<p>Recomendo-o a quem j\u00e1 tenha um m\u00ednimo de configura\u00e7\u00e3o (cockpit r\u00edgido, horas de condu\u00e7\u00e3o regulares) e que sinta que a sua pedaleira atual o limita na travagem. Se est\u00e1s \u00e0 procura de uma primeira pedaleira barata para te divertires ocasionalmente, este n\u00e3o \u00e9 o alvo certo. Se procura travar a sua travagem, ganhar mais imers\u00e3o e construir uma configura\u00e7\u00e3o que tenha bom aspeto e responda, este produto pode claramente fazer a diferen\u00e7a na sua configura\u00e7\u00e3o.<\/p>","protected":false},"excerpt":{"rendered":"<p>O que realmente me impressionou nesta pedaleira foi a confian\u00e7a que d\u00e1 na travagem: tudo se torna mais previs\u00edvel, mais repet\u00edvel e podemos finalmente concentrar-nos na condu\u00e7\u00e3o e n\u00e3o no pedal. Faz sentido para os simuladores j\u00e1 equipados com um cockpit r\u00edgido, que andam com frequ\u00eancia e sentem que a sua pedaleira atual os est\u00e1 a atrasar. Em suma, penso que o equil\u00edbrio entre investimento, realismo e longevidade \u00e9 bom.<\/p>","protected":false},"featured_media":100567,"comment_status":"open","ping_status":"closed","template":"","meta":{"_acf_changed":false,"_et_pb_use_builder":"","_et_pb_old_content":"","_et_gb_content_width":""},"product_brand":[158],"product_cat":[162],"product_tag":[149,159,160],"class_list":{"0":"post-100566","1":"product","2":"type-product","3":"status-publish","4":"has-post-thumbnail","6":"product_brand-fanatec","7":"product_cat-pedalier","8":"product_tag-pc","9":"product_tag-playstation","10":"product_tag-xbox","12":"first","13":"instock","14":"shipping-taxable","15":"product-type-external"},"acf":[],"_links":{"self":[{"href":"https:\/\/simracergear.com\/pt\/wp-json\/wp\/v2\/product\/100566","targetHints":{"allow":["GET"]}}],"collection":[{"href":"https:\/\/simracergear.com\/pt\/wp-json\/wp\/v2\/product"}],"about":[{"href":"https:\/\/simracergear.com\/pt\/wp-json\/wp\/v2\/types\/product"}],"replies":[{"embeddable":true,"href":"https:\/\/simracergear.com\/pt\/wp-json\/wp\/v2\/comments?post=100566"}],"wp:featuredmedia":[{"embeddable":true,"href":"https:\/\/simracergear.com\/pt\/wp-json\/wp\/v2\/media\/100567"}],"wp:attachment":[{"href":"https:\/\/simracergear.com\/pt\/wp-json\/wp\/v2\/media?parent=100566"}],"wp:term":[{"taxonomy":"product_brand","embeddable":true,"href":"https:\/\/simracergear.com\/pt\/wp-json\/wp\/v2\/product_brand?post=100566"},{"taxonomy":"product_cat","embeddable":true,"href":"https:\/\/simracergear.com\/pt\/wp-json\/wp\/v2\/product_cat?post=100566"},{"taxonomy":"product_tag","embeddable":true,"href":"https:\/\/simracergear.com\/pt\/wp-json\/wp\/v2\/product_tag?post=100566"}],"curies":[{"name":"wp","href":"https:\/\/api.w.org\/{rel}","templated":true}]}}