{"id":100592,"date":"2025-05-15T07:47:00","date_gmt":"2025-05-15T07:47:00","guid":{"rendered":"https:\/\/simracergear.com\/products\/fanatec-clubsport-shifter-sq-v-1-5\/"},"modified":"2025-11-28T04:45:10","modified_gmt":"2025-11-28T04:45:10","slug":"fanatec-clubsport-shifter-sq-v-1-5","status":"publish","type":"product","link":"https:\/\/simracergear.com\/pt\/products\/fanatec-clubsport-shifter-sq-v-1-5\/","title":{"rendered":"Fanatec ClubSport Shifter SQ V1.5"},"content":{"rendered":"<h2>Fanatec ClubSport Shifter SQ V 1.5: a alavanca que quer sentir-se como a coisa real<\/h2>\n<p>A Fanatec ClubSport Shifter SQ V 1.5 \u00e9 claramente uma alavanca de velocidades \"a s\u00e9rio\" para pilotos de simuladores exigentes. Est\u00e1 um pouco acima das pequenas alavancas de velocidades de n\u00edvel de entrada, sem entrar na loucura das alavancas de velocidades ultra-espec\u00edficas que custam mais de 500 euros. A Fanatec promete um produto robusto e realista, capaz de efetuar mudan\u00e7as sequenciais e de caixa em H, integrando-se perfeitamente num ecossistema j\u00e1 bem estabelecido.<\/p>\n<p>O que o torna t\u00e3o atrativo \u00e9 a sua dupla fun\u00e7\u00e3o: poder conduzir um GT moderno em modo sequencial e depois passar para um carro de turismo antigo em modo H, sem mudar de equipamento. Tudo isto com uma sensa\u00e7\u00e3o mec\u00e2nica que \u00e9 suposto estar mais pr\u00f3xima do carro real, longe dos cliques de pl\u00e1stico.<\/p>\n<p>O meu objetivo \u00e9 simples: sensa\u00e7\u00e3o mec\u00e2nica, precis\u00e3o das mudan\u00e7as, prazer de utiliza\u00e7\u00e3o di\u00e1ria e consist\u00eancia com uma configura\u00e7\u00e3o moderna. Porque uma alavanca de velocidades pode parecer \u00f3ptima na mesa... e ser uma desilus\u00e3o na pista virtual. Aqui, estou t\u00e3o interessado na sensa\u00e7\u00e3o como na praticidade, e a quest\u00e3o-chave: justifica a sua posi\u00e7\u00e3o \"ClubSport\" na gama Fanatec?<\/p>\n<p>&nbsp;<\/p>\n<h2>Conce\u00e7\u00e3o e fabrico<\/h2>\n<p>Quando se tira o ClubSport Shifter SQ V 1.5 da caixa, a principal impress\u00e3o \u00e9 de densidade. A carro\u00e7aria \u00e9 feita inteiramente de metal, com um chassis maci\u00e7o que exala rigidez. N\u00e3o h\u00e1 pl\u00e1sticos macios ou pe\u00e7as ocas: percebe-se logo que este \u00e9 um produto concebido para resistir a anos de condu\u00e7\u00e3o dura.<\/p>\n<p>Na m\u00e3o, a alavanca \u00e9 curta e firme, com um bot\u00e3o que lembra mais um carro desportivo do que um carro urbano. O mecanismo interno proporciona uma sensa\u00e7\u00e3o mec\u00e2nica simples: encaixa e desliza ao longo de uma trajet\u00f3ria bem definida. N\u00e3o \u00e9 necess\u00e1rio lutar contra o jogo parasita. Rapidamente se percebe que o objetivo \u00e9 dar a impress\u00e3o de se estar a manusear uma verdadeira caixa de velocidades mec\u00e2nica, e n\u00e3o apenas um interrutor disfar\u00e7ado de alavanca de velocidades.<\/p>\n<p>O acabamento geral \u00e9 limpo, com os parafusos certos, ajustes s\u00e9rios e pintura ou anodiza\u00e7\u00e3o que n\u00e3o parecem baratos. \u00c9 claramente um corte acima das manetes de pl\u00e1stico \"tipo brinquedo\". Num cockpit de alum\u00ednio ou a\u00e7o, enquadra-se visualmente sem uma nota falsa.<\/p>\n<p>O que \u00e9 surpreendente \u00e9 a sensa\u00e7\u00e3o de compacidade do conjunto em rela\u00e7\u00e3o \u00e0 sua robustez. \u00c9 um conjunto bastante compacto, mas que lhe d\u00e1 a confian\u00e7a necess\u00e1ria para o fazer. Por outro lado, alguns dos detalhes podem ser um pouco decepcionantes: o bot\u00e3o original \u00e9 funcional, mas n\u00e3o \u00e9 particularmente premium, e as placas da grelha n\u00e3o t\u00eam o requinte de algumas das alavancas de mudan\u00e7as mais sofisticadas, particularmente em termos da sensa\u00e7\u00e3o de metal com metal.<\/p>\n<p>Em compara\u00e7\u00e3o com outras mudan\u00e7as da sua categoria, somos muito competitivos no que diz respeito \u00e0 robustez geral, e um pouco menos no que diz respeito ao aspeto \"pe\u00e7a fina de relojoaria\". O importante \u00e9 que nenhuma pe\u00e7a pare\u00e7a fr\u00e1gil, e isso \u00e9 o que se espera de um produto que vai ser submetido a um desgaste em cada sess\u00e3o.<\/p>\n<p>&nbsp;<\/p>\n<h2>Defini\u00e7\u00f5es, personaliza\u00e7\u00e3o e compatibilidade<\/h2>\n<p>O ClubSport Shifter SQ V 1.5 oferece ajustes mec\u00e2nicos simples mas \u00fateis. Pode ajustar a dureza da mudan\u00e7a de velocidades atrav\u00e9s de parafusos de tens\u00e3o, o que muda realmente a sensa\u00e7\u00e3o da bicicleta. Passa-se de uma alavanca de mudan\u00e7as bastante suave para algo mais viril, que exige um verdadeiro empenho em cada mudan\u00e7a. Para aqueles que gostam de sentir que t\u00eam de \"entrar\" na mudan\u00e7a, isto \u00e9 apreci\u00e1vel.<\/p>\n<p>O modo H\/sequencial \u00e9 alterado por uma alavanca mec\u00e2nica lateral. \u00c9 imediato, n\u00e3o requer desmontagem e proporciona uma verdadeira flexibilidade para a utiliza\u00e7\u00e3o quotidiana. No modo sequencial, a alavanca torna-se num simples puxar\/empurrar '+\/-', com um curso mais curto e uma sensa\u00e7\u00e3o de catraca mec\u00e2nica bastante distinta.<\/p>\n<p>Em termos de ergonomia, n\u00e3o existem menus complexos: a parte das \"defini\u00e7\u00f5es\" \u00e9 feita diretamente na alavanca de velocidades. No PC, atrav\u00e9s do ecossistema Fanatec, \u00e9 poss\u00edvel afinar o reconhecimento e garantir que cada mudan\u00e7a \u00e9 corretamente detectada. A curva de aprendizagem \u00e9 curta: basta ligar, calibrar e conduzir. Para quem nunca montou uma alavanca de velocidades, ser\u00e1 necess\u00e1rio um pouco de tentativa e erro no in\u00edcio, especialmente para compreender como ajustar a rigidez para se adequar \u00e0 montagem no cockpit.<\/p>\n<p>Em termos de compatibilidade, a alavanca de velocidades foi concebida para funcionar melhor com as bases Fanatec, ligando-se diretamente a elas. Nos PCs, tamb\u00e9m \u00e9 poss\u00edvel utilizar um adaptador USB, se necess\u00e1rio. Numa consola, a utiliza\u00e7\u00e3o depende muito da base Fanatec que estiver a utilizar: em muitos casos, a consola s\u00f3 \"v\u00ea\" o shifter atrav\u00e9s da base, pelo que \u00e9 necess\u00e1rio manter-se dentro do ecossistema para que tudo seja reconhecido corretamente.<\/p>\n<p>Quanto ao resto da configura\u00e7\u00e3o, adapta-se bem a uma pedaleira Fanatec e a um cockpit r\u00edgido. Num chassis mais leve ou num suporte de secret\u00e1ria, ser\u00e1 necess\u00e1rio um suporte s\u00e9rio, porque o bin\u00e1rio exercido ao mudar as mudan\u00e7as pode fazer com que tudo se mova rapidamente. Em termos de possibilidade de atualiza\u00e7\u00e3o, este n\u00e3o \u00e9 um produto descart\u00e1vel: \u00e9 uma alavanca de velocidades que pode ficar no lugar mesmo que actualize a sua base para uma Diret Drive mais forte.<\/p>\n<p>&nbsp;<\/p>\n<h2>Sensa\u00e7\u00f5es em jogo<\/h2>\n<p>\u00c9 a\u00ed que este ClubSport Shifter SQ V 1.5 tem de justificar a sua exist\u00eancia. O que realmente se destacou para mim foi a consist\u00eancia geral da sensa\u00e7\u00e3o de H. O ponto morto est\u00e1 bem definido, as faixas de velocidades s\u00e3o claras e \u00e9 poss\u00edvel sentir cada entalhe \u00e0 medida que se muda de velocidade. H\u00e1 uma verdadeira trajet\u00f3ria mec\u00e2nica a seguir, o que evita a sensa\u00e7\u00e3o de \"joystick disfar\u00e7ado\".<\/p>\n<p>Quando se est\u00e1 a conduzir, especialmente em grupos motopropulsores mais antigos ou GTs com caixas de velocidades manuais, muda completamente a forma como se conduz. \u00c9 poss\u00edvel gerir as mudan\u00e7as de velocidade, antecipar a a\u00e7\u00e3o do calcanhar e sentir quando se est\u00e1 na mudan\u00e7a certa. Quando o ritmo acelera, a alavanca acompanha-o: n\u00e3o h\u00e1 erros de dete\u00e7\u00e3o irritantes, desde que a calibra\u00e7\u00e3o seja bem feita e a montagem seja r\u00edgida.<\/p>\n<p>A resist\u00eancia da alavanca contribui enormemente para a sensa\u00e7\u00e3o de realismo. Durante longas sess\u00f5es, a mola n\u00e3o amolece e a sensa\u00e7\u00e3o mant\u00e9m-se constante. O importante \u00e9 poder engrenar as mudan\u00e7as sem temer pelo seu equipamento. Atreve-se a reduzir a mudan\u00e7a com for\u00e7a, atreve-se a fazer 3 numa curva apertada e a alavanca de velocidades aguenta. Para a imers\u00e3o, \u00e9 uma grande vantagem. Sentimos mesmo que estamos a \"trabalhar\" o carro.<\/p>\n<p>Quando se trata de ler a \"ader\u00eancia\", uma alavanca de velocidades n\u00e3o fala obviamente como um volante Diret Drive, mas influencia a forma como se sente o carro em travagem e acelera\u00e7\u00e3o. Quando se gere uma caixa de velocidades H, a mudan\u00e7a certa no momento certo afecta diretamente a estabilidade do autom\u00f3vel. Com este ClubSport, a precis\u00e3o da grelha significa que se sabe exatamente em que mudan\u00e7a se est\u00e1. N\u00e3o h\u00e1 d\u00favidas, n\u00e3o h\u00e1 \"acho que estou na 4... oh n\u00e3o\". D\u00e1-nos confian\u00e7a.<\/p>\n<p>Nos vibradores, n\u00e3o se trata de um componente que transmita informa\u00e7\u00f5es diretamente, como um volante ou pedais. Por outro lado, a solidez mec\u00e2nica permite-lhe atacar sem restri\u00e7\u00f5es. Quando o carro se imobiliza um pouco, quando se contra-direciona e se reduz a mudan\u00e7a \u00e0 pressa, a alavanca de velocidades est\u00e1 l\u00e1. O controlo durante as correc\u00e7\u00f5es r\u00e1pidas \u00e9 bom: sem bloqueios, sem solu\u00e7os mec\u00e2nicos desagrad\u00e1veis.<\/p>\n<p>No modo sequencial, o comportamento muda. O curso \u00e9 mais curto e os solavancos s\u00e3o mais n\u00edtidos. A sensa\u00e7\u00e3o de \"clack-clack\" \u00e9 bastante agrad\u00e1vel, mesmo que ainda esteja um passo abaixo das mudan\u00e7as ultra-agressivas puramente sequenciais. Para ralis ou GTs modernos, funciona muito bem. Pode mudar para cima e para baixo sem pensar, quase na hora.<\/p>\n<p>Em compara\u00e7\u00e3o com uma simples alavanca de velocidades de pl\u00e1stico de n\u00edvel b\u00e1sico, a melhoria reside principalmente na consist\u00eancia das mudan\u00e7as e na sensa\u00e7\u00e3o de engate. J\u00e1 n\u00e3o se sente que se est\u00e1 a tocar num interrutor, mas sim numa pe\u00e7a mec\u00e2nica s\u00e9ria. Em compara\u00e7\u00e3o com algumas alavancas de velocidades topo de gama que s\u00e3o ainda mais duras e ruidosas, a ClubSport \u00e9 um pouco mais \"civilizada\". Atinge um bom equil\u00edbrio entre realismo e conforto quotidiano, especialmente se estiver a passar longas horas na liga.<\/p>\n<p>&nbsp;<\/p>\n<h2>A quem se destina? Do que gostamos \/ Do que n\u00e3o gostamos<\/h2>\n<p>Vejo este ClubSport Shifter SQ V 1.5 como um produto concebido para pilotos de simuladores interm\u00e9dios a avan\u00e7ados que andam regularmente e querem uma configura\u00e7\u00e3o completa. Para um principiante motivado, pode ser um bom investimento a m\u00e9dio prazo, especialmente se j\u00e1 sabe que gosta de carros com caixa de velocidades manual. Nas consolas, destina-se principalmente a quem j\u00e1 faz parte do ecossistema Fanatec. No PC, tem mais liberdade, mas mant\u00e9m-se idealmente integrado numa base de marca.<\/p>\n<p>O que me agrada particularmente neste modelo \u00e9 a sua robustez. Tem-se a sensa\u00e7\u00e3o de que foi constru\u00eddo para aguentar, o que faz com que se queira realmente \"entrar\" nas engrenagens. Em segundo lugar, a fun\u00e7\u00e3o dupla H + sequencial proporciona uma verdadeira versatilidade sem necessidade de v\u00e1rios perif\u00e9ricos. Finalmente, a sensa\u00e7\u00e3o mec\u00e2nica geral \u00e9 satisfat\u00f3ria: a alavanca tem car\u00e1cter, os bloqueios das mudan\u00e7as s\u00e3o claros e o prazer de mudar de velocidade est\u00e1 presente. H\u00e1 novamente aquela sensa\u00e7\u00e3o de \"estamos a conduzir, n\u00e3o apenas a clicar\".<\/p>\n<p>Existem, no entanto, algumas limita\u00e7\u00f5es a ter em conta. A primeira \u00e9 que, apesar da sua qualidade, n\u00e3o rivaliza totalmente com algumas mudan\u00e7as topo de gama em termos de acabamento final ou da sensa\u00e7\u00e3o de uma caixa de corrida muito dura e ultra-met\u00e1lica. \u00c9 s\u00f3lida, mas n\u00e3o extrema. Em segundo lugar, o man\u00edpulo e alguns pormenores est\u00e9ticos continuam a ser bastante comuns. Funciona, mas os f\u00e3s de pe\u00e7as maquinadas finas podem querer atualizar o bot\u00e3o ou personalizar um pouco o aspeto. Por \u00faltimo, a depend\u00eancia do ecossistema Fanatec pode ser um trav\u00e3o para aqueles que pretendem afastar-se desta marca ou misturar hardware mais livremente, especialmente nas consolas.<\/p>\n<p>Em termos de investimento, estamos claramente a falar de um produto que tem um custo, mas que se defende bem em termos de valor percebido. Para quem conduz muito em H e sequencial, o ganho de prazer e de realismo torna-se rapidamente evidente. Para algu\u00e9m que passa 90 % do seu tempo em paletes, o benef\u00edcio \u00e9 mais question\u00e1vel.<\/p>\n<p>&nbsp;<\/p>\n<h2>Veredicto<\/h2>\n<p>O Fanatec ClubSport Shifter SQ V 1.5 traz algo muito tang\u00edvel a uma configura\u00e7\u00e3o: a sensa\u00e7\u00e3o de realmente \"trabalhar\" o carro com a m\u00e3o direita (ou esquerda, dependendo da configura\u00e7\u00e3o). \u00c9 o complemento perfeito para uma base Diret Drive e uma boa pedaleira, acrescentando aquela camada mec\u00e2nica que falta quando se conduz apenas com as patilhas.<\/p>\n<p>No mercado, est\u00e1 claramente posicionado como um modelo acess\u00edvel de gama m\u00e9dia\/topo de gama. Mais s\u00e9rio e dur\u00e1vel do que as mudan\u00e7as de n\u00edvel de entrada, menos extremo do que alguns modelos hiper-especializados. \u00c9 um bom ponto de apoio: suficientemente premium para satisfazer um piloto de simuladores exigente, sem exagerar no or\u00e7amento ou nas restri\u00e7\u00f5es.<\/p>\n<p>Recomendo-o aos condutores regulares que gostam de caixas de velocidades manuais e querem uma alavanca de velocidades que fa\u00e7a tudo corretamente, de H a sequencial. Para os jogadores ocasionais que adoram as patilhas, n\u00e3o ser\u00e1 a melhor op\u00e7\u00e3o de investimento. Por outro lado, para um f\u00e3 de corridas de simuladores mec\u00e2nicos, faz sentido.<\/p>\n<p>Se procura uma alavanca de velocidades s\u00f3lida e vers\u00e1til, com uma sensa\u00e7\u00e3o convincente e bem integrada numa configura\u00e7\u00e3o Fanatec, este produto pode fazer toda a diferen\u00e7a na sua configura\u00e7\u00e3o.<\/p>","protected":false},"excerpt":{"rendered":"<p>Esta alavanca de velocidades d\u00e1 uma sensa\u00e7\u00e3o mec\u00e2nica real e faz uma verdadeira diferen\u00e7a na forma como se conduz, especialmente com uma caixa de velocidades H. Destina-se principalmente a pilotos de simula\u00e7\u00e3o regulares, j\u00e1 equipados ou prontos para se tornarem parte do ecossistema Fanatec, que gostam realmente de \"trabalhar\" o carro em vez de conduzirem com as patilhas. O pacote completo oferece um valor consistente para uma configura\u00e7\u00e3o s\u00e9ria e duradoura.<\/p>","protected":false},"featured_media":100593,"comment_status":"open","ping_status":"closed","template":"","meta":{"_acf_changed":false,"_et_pb_use_builder":"","_et_pb_old_content":"","_et_gb_content_width":""},"product_brand":[158],"product_cat":[152],"product_tag":[149,160],"class_list":{"0":"post-100592","1":"product","2":"type-product","3":"status-publish","4":"has-post-thumbnail","6":"product_brand-fanatec","7":"product_cat-levier-de-vitesse","8":"product_tag-pc","9":"product_tag-xbox","11":"first","12":"instock","13":"shipping-taxable","14":"product-type-external"},"acf":[],"_links":{"self":[{"href":"https:\/\/simracergear.com\/pt\/wp-json\/wp\/v2\/product\/100592","targetHints":{"allow":["GET"]}}],"collection":[{"href":"https:\/\/simracergear.com\/pt\/wp-json\/wp\/v2\/product"}],"about":[{"href":"https:\/\/simracergear.com\/pt\/wp-json\/wp\/v2\/types\/product"}],"replies":[{"embeddable":true,"href":"https:\/\/simracergear.com\/pt\/wp-json\/wp\/v2\/comments?post=100592"}],"wp:featuredmedia":[{"embeddable":true,"href":"https:\/\/simracergear.com\/pt\/wp-json\/wp\/v2\/media\/100593"}],"wp:attachment":[{"href":"https:\/\/simracergear.com\/pt\/wp-json\/wp\/v2\/media?parent=100592"}],"wp:term":[{"taxonomy":"product_brand","embeddable":true,"href":"https:\/\/simracergear.com\/pt\/wp-json\/wp\/v2\/product_brand?post=100592"},{"taxonomy":"product_cat","embeddable":true,"href":"https:\/\/simracergear.com\/pt\/wp-json\/wp\/v2\/product_cat?post=100592"},{"taxonomy":"product_tag","embeddable":true,"href":"https:\/\/simracergear.com\/pt\/wp-json\/wp\/v2\/product_tag?post=100592"}],"curies":[{"name":"wp","href":"https:\/\/api.w.org\/{rel}","templated":true}]}}