{"id":100604,"date":"2025-05-15T07:47:00","date_gmt":"2025-05-15T07:47:00","guid":{"rendered":"https:\/\/simracergear.com\/products\/fanatec-clubsport-shifter-table-clamp\/"},"modified":"2025-11-28T04:45:12","modified_gmt":"2025-11-28T04:45:12","slug":"fanatec-clubsport-shifter-table-clamp","status":"publish","type":"product","link":"https:\/\/simracergear.com\/pt\/products\/fanatec-clubsport-shifter-table-clamp\/","title":{"rendered":"Bra\u00e7adeira de mesa de man\u00edpulo de mudan\u00e7as Fanatec ClubSport"},"content":{"rendered":"<h2>Fanatec ClubSport Shifter Table Clamp: teste e opini\u00e3o para um grampo realmente s\u00f3lido?<\/h2>\n<p>No mundo das corridas simuladas, as mudan\u00e7as de velocidades manuais e sequenciais s\u00f3 se destacam quando s\u00e3o montadas corretamente. O grampo de mesa Fanatec ClubSport Shifter foi concebido para fazer exatamente isso: fornecer uma solu\u00e7\u00e3o de montagem s\u00e9ria para o ClubSport Shifter, sem ir diretamente para um cockpit ou DIY.<\/p>\n<p>No papel, promete uma fixa\u00e7\u00e3o r\u00edgida, limpa e ajust\u00e1vel para secret\u00e1ria ou mesa. Na pr\u00e1tica, \u00e9 um acess\u00f3rio que \u00e9 frequentemente subestimado... at\u00e9 ao dia em que a alavanca se move, vibra ou arrasta no s\u00edtio errado. Um bom grampo n\u00e3o lhe vai poupar d\u00e9cimos de segundo, mas pode claramente salvar a experi\u00eancia.<\/p>\n<p>O meu ponto de vista \u00e9 simples: esta pin\u00e7a segura realmente a alavanca como deveria, a ergonomia acompanha-a e \u00e9 um investimento relevante numa configura\u00e7\u00e3o ClubSport? Estou a concentrar-me na rigidez, na qualidade percebida, na facilidade de instala\u00e7\u00e3o e na adaptabilidade a diferentes secret\u00e1rias e posi\u00e7\u00f5es de condu\u00e7\u00e3o.<\/p>\n<h2>Conce\u00e7\u00e3o e fabrico<\/h2>\n<p>Na m\u00e3o, o grampo de mesa do ClubSport Shifter d\u00e1 imediatamente uma impress\u00e3o s\u00e9ria. \u00c9 um bloco de metal, com um design muito Fanatec: linhas angulares, acabamento em preto, sem frescuras. \u00c9 evidente que a prioridade \u00e9 a rigidez e a resist\u00eancia mec\u00e2nica, em vez de um aspeto \"gaming\".<\/p>\n<p>As partes principais s\u00e3o feitas de metal, com uma espessura tranquilizadora. A densidade est\u00e1 presente, nada parece oco e os bra\u00e7os de suporte n\u00e3o d\u00e3o a impress\u00e3o de se dobrarem facilmente. Uma vez apertados os parafusos, o conjunto inspira confian\u00e7a. Sente-se que se pode realmente abusar da alavanca sem medo de a danificar.<\/p>\n<p>Os bot\u00f5es de aperto e os parafusos de ajuste tamb\u00e9m est\u00e3o de acordo com o tema: suficientemente grandes para serem manuseados \u00e0 m\u00e3o, com roscas que n\u00e3o rangem. N\u00e3o grita \"luxo\", mas \u00e9 muito mais uma \"ferramenta\": funcional, clara e robusta. \u00c9 f\u00e1cil ver em que dire\u00e7\u00e3o tudo est\u00e1 apertado, pelo que n\u00e3o h\u00e1 necessidade de fazer perguntas.<\/p>\n<p>O que \u00e9 surpreendente \u00e9 o facto de ser t\u00e3o compacto. Para um suporte t\u00e3o grande, ocupa relativamente pouco espa\u00e7o \u00e0 volta da borda da mesa. Numa secret\u00e1ria convencional, n\u00e3o ocupa muito espa\u00e7o. Uma vez colocado, quase n\u00e3o tem de se preocupar com ele.<\/p>\n<p>Por outro lado, o peso do grampo combinado com a parte saliente pode dar uma ligeira impress\u00e3o de alavancagem se a sua secret\u00e1ria for fina ou um pouco flex\u00edvel. O grampo em si \u00e9 r\u00edgido, mas pode por vezes revelar as fraquezas do m\u00f3vel ao qual est\u00e1 fixado. Num tampo robusto, \u00e9 perfeito; numa secret\u00e1ria de n\u00edvel b\u00e1sico, pode vibrar um pouco.<\/p>\n<p>Em compara\u00e7\u00e3o com solu\u00e7\u00f5es gen\u00e9ricas, como grampos universais ou suportes impressos em 3D, estamos realmente um passo \u00e0 frente em termos de resist\u00eancia e fiabilidade. Em compara\u00e7\u00e3o com os suportes feitos \u00e0 medida em a\u00e7o espesso (como os suportes de cockpit soldados), ainda estamos logicamente abaixo deles, mas \u00e9 precisamente essa a ideia: um compromisso muito s\u00f3lido para uma utiliza\u00e7\u00e3o \"de escrit\u00f3rio\".<\/p>\n<h2>Defini\u00e7\u00f5es, personaliza\u00e7\u00e3o e compatibilidade<\/h2>\n<p>Em termos de defini\u00e7\u00f5es, o grampo de mesa do ClubSport Shifter \u00e9 simples, e isso \u00e9 bom. Pode ajustar a altura da alavanca de velocidades em rela\u00e7\u00e3o ao bordo da mesa, bem como a sua dist\u00e2ncia em rela\u00e7\u00e3o a si. Isto aproxima a posi\u00e7\u00e3o da alavanca da de um carro de estrada ou de um GT, dependendo da altura do seu banco.<\/p>\n<p>A articula\u00e7\u00e3o do suporte proporciona um alcance suficiente para a maioria das configura\u00e7\u00f5es de secret\u00e1ria. Na pr\u00e1tica, raramente se atinge o limite das defini\u00e7\u00f5es. Pode elevar a alavanca mais alto do que o volante, coloc\u00e1-la quase nivelada com o tampo da mesa ou desloc\u00e1-la lateralmente em rela\u00e7\u00e3o ao eixo do assento, se necess\u00e1rio. Os \u00e2ngulos dispon\u00edveis cobrem as posi\u00e7\u00f5es cl\u00e1ssicas sem qualquer problema.<\/p>\n<p>Demora alguns minutos a apanhar-lhe o jeito, mas n\u00e3o \u00e9 complicado. Percebe-se rapidamente qual o parafuso que controla o qu\u00ea. A parte mais demorada \u00e9 muitas vezes ajustar, testar, apertar e depois afinar a posi\u00e7\u00e3o at\u00e9 encaixar na perfei\u00e7\u00e3o. \u00c9 preciso um pouco de paci\u00eancia, mas uma vez ajustado, n\u00e3o se volta a tocar nele.<\/p>\n<p>A compatibilidade foi obviamente concebida para o Fanatec ClubSport Shifter (SQ em particular). Os pontos de fixa\u00e7\u00e3o correspondem diretamente, sem adapta\u00e7\u00e3o. Estamos num ecossistema fechado e coerente: base Fanatec, alavanca de velocidades Fanatec, pin\u00e7a Fanatec. Para quem j\u00e1 est\u00e1 equipado com Fanatec, \u00e9 c\u00f3modo.<\/p>\n<p>Para as plataformas, o grampo n\u00e3o depende do PC ou da consola, mas sim da pe\u00e7a de mobili\u00e1rio. Tudo o que precisa \u00e9 de uma borda de mesa com a espessura correta. Desde que a mesa n\u00e3o seja nem demasiado grossa nem demasiado fr\u00e1gil, o grampo aguenta-se. Em algumas mesas com cantos arredondados ou muito inclinados, o grampo pode ser um pouco menos optimizado, mas numa secret\u00e1ria cl\u00e1ssica direita, funciona muito bem.<\/p>\n<p>Em termos de escalabilidade, n\u00e3o se trata de um produto \"b\u00e1sico\" que ter\u00e1 de substituir ao fim de alguns meses. Se se mantiver uma instala\u00e7\u00e3o de secret\u00e1ria, esta abra\u00e7adeira cumprir\u00e1 perfeitamente a sua fun\u00e7\u00e3o ao longo do tempo. O \u00fanico cen\u00e1rio real em que se torna obsoleta \u00e9 quando se muda para um cockpit tubular ou com perfil de alum\u00ednio, onde se opta por um suporte dedicado.<\/p>\n<h2>Sensa\u00e7\u00f5es no jogo: rigidez e estabilidade em condi\u00e7\u00f5es reais<\/h2>\n<p>Esta pin\u00e7a n\u00e3o gera diretamente sensa\u00e7\u00f5es no jogo, como uma escora ou um pedaleiro, mas transmite-as. A quest\u00e3o-chave \u00e9: a alavanca mant\u00e9m-se perfeitamente est\u00e1vel sob as for\u00e7as que lhe s\u00e3o impostas, especialmente no padr\u00e3o H com bloqueio marcado e no sequencial com solavancos?<\/p>\n<p>Numa secret\u00e1ria r\u00edgida, a resposta \u00e9 muito clara: sim, o comportamento \u00e9 excelente. Quando se engrena uma mudan\u00e7a de padr\u00e3o H e se aplica um pouco de for\u00e7a, a alavanca de velocidades move-se muito pouco, ou mesmo nada. Sente-se o movimento mec\u00e2nico interno da alavanca e n\u00e3o a flex\u00e3o do suporte. Isto muda tudo. Pode mudar de velocidade livremente, sem restri\u00e7\u00f5es.<\/p>\n<p>Em sequ\u00eancias r\u00e1pidas, como o salto virtual com mudan\u00e7as agressivas, a sensa\u00e7\u00e3o mant\u00e9m-se limpa. N\u00e3o h\u00e1 nenhuma das ligeiras oscila\u00e7\u00f5es frequentemente encontradas em pin\u00e7as gen\u00e9ricas ou configura\u00e7\u00f5es improvisadas. O regresso ao ponto morto \u00e9 claro e os bloqueios da grelha s\u00e3o precisos. O foco est\u00e1 no carro, n\u00e3o na mob\u00edlia.<\/p>\n<p>No modo sequencial, os disparos para a frente ou para tr\u00e1s s\u00e3o um bom teste. Tamb\u00e9m neste caso, a pin\u00e7a lida muito bem com a situa\u00e7\u00e3o. Quando se est\u00e1 a puxar com for\u00e7a as mudan\u00e7as, n\u00e3o se tem a impress\u00e3o de que o suporte est\u00e1 a \"bombear\". A resposta \u00e9 imediata. A m\u00e3o envia o comando, a alavanca segue-o e o suporte permanece como uma base fixa.<\/p>\n<p>O que mais senti foi a consist\u00eancia durante as longas sess\u00f5es. Quando come\u00e7amos a relaxar os m\u00fasculos, tornamo-nos por vezes mais brutos com a manete, sobretudo no meio do tr\u00e2nsito ou numa s\u00e9rie de manobras de ultrapassagem. A pin\u00e7a aguenta o choque e mant\u00e9m a mesma rigidez, sem afrouxar ao longo das horas, se tudo tiver sido apertado corretamente desde o in\u00edcio.<\/p>\n<p>Em sec\u00e7\u00f5es vibrat\u00f3rias e irregulares, a influ\u00eancia do grampo faz-se sentir na estabilidade visual e t\u00e1til do conjunto. A alavanca n\u00e3o se flecte para a frente quando a mesa vibra. \u00c9 a mesa que transmite o solavanco e n\u00e3o o suporte que acrescenta jogo. A sensa\u00e7\u00e3o geral \u00e9 mais \"maci\u00e7a\", mais pr\u00f3xima do bloco mec\u00e2nico de um autom\u00f3vel real.<\/p>\n<p>Em compara\u00e7\u00e3o com uma configura\u00e7\u00e3o menos s\u00e9ria, o principal ganho \u00e9 em termos de confian\u00e7a. Atreve-se a for\u00e7ar mais as mudan\u00e7as de velocidade, atreve-se a colocar o bra\u00e7o na alavanca sem medo de estragar tudo. N\u00e3o se ganha em pot\u00eancia, mas ganha-se em pureza de gesto. Em compara\u00e7\u00e3o com um suporte soldado num cockpit de a\u00e7o ou alum\u00ednio, ainda estamos um pouco atrasados em termos absolutos, mas no mundo do \"escrit\u00f3rio\", estamos claramente no topo da gama.<\/p>\n<p>Com o tempo, o conforto mant\u00e9m-se bom. O ajuste inicial da altura e do recuo faz toda a diferen\u00e7a: se colocar a alavanca de velocidades exatamente onde o seu bra\u00e7o cai naturalmente, a fadiga \u00e9 reduzida e os erros de mudan\u00e7a de velocidades tornam-se mais raros. A rigidez da pin\u00e7a permite manter esta regula\u00e7\u00e3o exacta sem desvios.<\/p>\n<h2>A quem se destina? Pontos fortes e limita\u00e7\u00f5es<\/h2>\n<p>O ClubSport Shifter Table Clamp destina-se principalmente a dois tipos de pilotos: o simulador equipado com uma alavanca de velocidades Fanatec, mas que anda numa mesa, e o piloto que quer uma configura\u00e7\u00e3o limpa sem ter de se dar ao trabalho de construir um cockpit completo. Se se encontra num n\u00edvel interm\u00e9dio ou avan\u00e7ado, se gosta de pilotar o padr\u00e3o H em GTs antigos, carros de estrada, carros de rali ou prot\u00f3tipos antigos, este tipo de suporte muda claramente o conforto de utiliza\u00e7\u00e3o.<\/p>\n<p>Um dos grandes pontos fortes \u00e9 a rigidez geral em rela\u00e7\u00e3o ao tamanho compacto. A bra\u00e7adeira segura a alavanca de forma muito segura, mantendo-se relativamente discreta na borda da mesa. Outro ponto apreci\u00e1vel \u00e9 a integra\u00e7\u00e3o perfeita com o ClubSport Shifter e o ecossistema Fanatec, sem necessidade de ajustes ou placas adicionais. Por \u00faltimo, mas n\u00e3o menos importante, a flexibilidade do ajuste de altura e reclina\u00e7\u00e3o significa que pode realmente adaptar a posi\u00e7\u00e3o ao seu assento e forma corporal, o que \u00e9 essencial para uma alavanca H.<\/p>\n<p>Por outro lado, h\u00e1 v\u00e1rios limites a ter em conta. O primeiro \u00e9 a depend\u00eancia total da qualidade da sua secret\u00e1ria. Se o tampo for fino, um pouco inst\u00e1vel ou estiver montado em pernas leves, vai sentir as fraquezas da pe\u00e7a de mobili\u00e1rio antes das do grampo. Segundo ponto: este continua a ser um produto propriet\u00e1rio, realmente concebido para a alavanca de velocidades Fanatec. Para outras alavancas, n\u00e3o \u00e9 a solu\u00e7\u00e3o ideal. Por fim, \u00e9 um investimento suplementar num equipamento j\u00e1 dispendioso: alavanca de velocidades + escora + volante + pedivela + abra\u00e7adeira, a fatura sobe rapidamente.<\/p>\n<p>Em termos de valor percebido, faz sentido se passar muito tempo a utilizar a alavanca. Se a alavanca de velocidades estiver no centro da sua experi\u00eancia de corrida simulada, faz sentido assegurar a sua montagem. Se, por outro lado, andar sempre com 90 %s com paletes, a compra torna-se mais question\u00e1vel e menos priorit\u00e1ria do que outras actualiza\u00e7\u00f5es.<\/p>\n<h2>Veredicto<\/h2>\n<p>O grampo de mesa Fanatec ClubSport Shifter n\u00e3o transforma uma configura\u00e7\u00e3o, estrutura-a. Transforma uma alavanca colocada \"como se pode\" numa secret\u00e1ria num elemento integrado, est\u00e1vel e cred\u00edvel. Num mercado em que muitas pessoas improvisam com suportes gen\u00e9ricos, esta bra\u00e7adeira \u00e9 claramente uma solu\u00e7\u00e3o de gama m\u00e9dia premium: s\u00e9ria, dedicada, bem pensada, sem exageros.<\/p>\n<p>Vejo-o acima de tudo como um elo fundamental para aqueles que querem permanecer no ambiente de trabalho e, ao mesmo tempo, ter uma experi\u00eancia s\u00f3lida de padr\u00e3o H ou sequencial. Para um utilizador j\u00e1 ligado ao ecossistema Fanatec, encaixa-se logicamente na configura\u00e7\u00e3o. Para algu\u00e9m que pretenda um cockpit de perfil de alum\u00ednio a curto prazo, \u00e9 menos relevante e pode tornar-se uma compra interm\u00e9dia dispens\u00e1vel.<\/p>\n<p>Se estiveres a tocar numa secret\u00e1ria, o teu Fanatec shifter mexe-se demasiado e queres uma liga\u00e7\u00e3o limpa, r\u00edgida e dur\u00e1vel, este grampo faz muito sentido. Se procura estabilizar o seu ClubSport Shifter numa secret\u00e1ria sem optar por um cockpit completo, este produto pode claramente fazer a diferen\u00e7a na sua configura\u00e7\u00e3o.<\/p>","protected":false},"excerpt":{"rendered":"<p>Este grampo d\u00e1-lhe a sensa\u00e7\u00e3o de uma alavanca finalmente \"assente\" e fi\u00e1vel, tornando muito mais natural e confiante a utiliza\u00e7\u00e3o da alavanca de velocidades numa secret\u00e1ria. Destina-se sobretudo aos simuladores de mesa fixa, j\u00e1 equipados com Fanatec, que utilizam frequentemente o padr\u00e3o H ou sequencial. O investimento continua a valer a pena se a alavanca de velocidades estiver no centro da sua experi\u00eancia.<\/p>","protected":false},"featured_media":100605,"comment_status":"open","ping_status":"closed","template":"","meta":{"_acf_changed":false,"_et_pb_use_builder":"","_et_pb_old_content":"","_et_gb_content_width":""},"product_brand":[158],"product_cat":[153],"product_tag":[149,159,160],"class_list":{"0":"post-100604","1":"product","2":"type-product","3":"status-publish","4":"has-post-thumbnail","6":"product_brand-fanatec","7":"product_cat-accessoires","8":"product_tag-pc","9":"product_tag-playstation","10":"product_tag-xbox","12":"first","13":"instock","14":"shipping-taxable","15":"product-type-external"},"acf":[],"_links":{"self":[{"href":"https:\/\/simracergear.com\/pt\/wp-json\/wp\/v2\/product\/100604","targetHints":{"allow":["GET"]}}],"collection":[{"href":"https:\/\/simracergear.com\/pt\/wp-json\/wp\/v2\/product"}],"about":[{"href":"https:\/\/simracergear.com\/pt\/wp-json\/wp\/v2\/types\/product"}],"replies":[{"embeddable":true,"href":"https:\/\/simracergear.com\/pt\/wp-json\/wp\/v2\/comments?post=100604"}],"wp:featuredmedia":[{"embeddable":true,"href":"https:\/\/simracergear.com\/pt\/wp-json\/wp\/v2\/media\/100605"}],"wp:attachment":[{"href":"https:\/\/simracergear.com\/pt\/wp-json\/wp\/v2\/media?parent=100604"}],"wp:term":[{"taxonomy":"product_brand","embeddable":true,"href":"https:\/\/simracergear.com\/pt\/wp-json\/wp\/v2\/product_brand?post=100604"},{"taxonomy":"product_cat","embeddable":true,"href":"https:\/\/simracergear.com\/pt\/wp-json\/wp\/v2\/product_cat?post=100604"},{"taxonomy":"product_tag","embeddable":true,"href":"https:\/\/simracergear.com\/pt\/wp-json\/wp\/v2\/product_tag?post=100604"}],"curies":[{"name":"wp","href":"https:\/\/api.w.org\/{rel}","templated":true}]}}