{"id":100715,"date":"2025-11-28T04:46:42","date_gmt":"2025-11-28T04:46:42","guid":{"rendered":"https:\/\/simracergear.com\/products\/fanatec-clubsport-steering-wheel-gt-alcantara-v2-for-xbox\/"},"modified":"2025-11-28T04:46:42","modified_gmt":"2025-11-28T04:46:42","slug":"fanatec-clubsport-steering-wheel-gt-alcantara-v2-for-xbox","status":"publish","type":"product","link":"https:\/\/simracergear.com\/pt\/products\/fanatec-clubsport-steering-wheel-gt-alcantara-v2-for-xbox\/","title":{"rendered":"Fanatec ClubSport Volante GT Alcantara V2 para Xbox"},"content":{"rendered":"<h2>Fanatec ClubSport Steering Wheel GT Alcantara V2 para Xbox: teste e an\u00e1lise completa<\/h2>\n<p>Na gama Fanatec, o Volante ClubSport GT Alcantara V2 para a Xbox est\u00e1 posicionado como um volante \"GT vers\u00e1til\" para aqueles que pretendem subir de gama sem exagerar com ideias ultra-tem\u00e1ticas ou puramente orientadas para as corridas. \u00c9 um volante que promete uma coisa simples: oferecer uma sensa\u00e7\u00e3o real, moderna, confort\u00e1vel e precisa de um carro de corrida, compat\u00edvel com a Xbox e o PC, sem sacrificar o acabamento.<\/p>\n<p>No papel, preenche uma s\u00e9rie de requisitos. Di\u00e2metro realista do volante GT, revestimento em Alcantara, patilhas magn\u00e9ticas, compatibilidade alargada com bases Fanatec, gest\u00e3o nativa da Xbox gra\u00e7as ao hub integrado. Pode ser utilizado para GT3, endurance, rally light, simcade e at\u00e9 para jogos di\u00e1rios.<\/p>\n<p>A minha perspetiva \u00e9 clara: sensa\u00e7\u00e3o na m\u00e3o, precis\u00e3o dos controlos, conforto durante longas sess\u00f5es e coer\u00eancia geral com o pre\u00e7o e o resto do ecossistema Fanatec. Tamb\u00e9m estou a analisar um ponto-chave para este volante em particular: \u00e9 um verdadeiro passo em frente em rela\u00e7\u00e3o aos volantes de n\u00edvel de entrada mais \"pl\u00e1sticos\", ou apenas uma mudan\u00e7a cosm\u00e9tica que \u00e9 agrad\u00e1vel \u00e0 vista mas dispens\u00e1vel em termos de sensa\u00e7\u00e3o em pista?<\/p>\n<p>Este volante pretende ser um \"condutor principal\" cred\u00edvel para muitos simuladores. Para mim, o objetivo \u00e9 ver se, uma vez em jogo, d\u00e1 realmente a impress\u00e3o de um controlo limpo, n\u00edtido e seguro que se espera de um ClubSport com o selo GT.<\/p>\n<h2>Conce\u00e7\u00e3o e fabrico: um verdadeiro volante GT, n\u00e3o um brinquedo<\/h2>\n<p>Na m\u00e3o, a primeira impress\u00e3o \u00e9 muito clara: n\u00e3o se trata de um volante de brincar. O aro GT, com o seu di\u00e2metro interm\u00e9dio, tem uma verdadeira sensa\u00e7\u00e3o de autom\u00f3vel. A Alcantara \u00e9 densa e ligeiramente firme, com uma ader\u00eancia natural que d\u00e1 vontade de conduzir sem luvas. \u00c9 poss\u00edvel sentir que a espuma subjacente foi concebida para longas sess\u00f5es: nem demasiado dura, nem t\u00e3o macia que esmague.<\/p>\n<p>A estrutura met\u00e1lica \u00e9 muito r\u00edgida, o aro n\u00e3o se torce quando o for\u00e7amos e os raios inspiram confian\u00e7a. A assinatura Fanatec \u00e9 evidente: parafusos e porcas limpos, montagem s\u00e9ria, sem folga parasita no cubo. No geral, o volante tem \"peso\" no sentido qualitativo, sente-se a densidade do objeto, o que \u00e9 tranquilizador quando o instalamos numa base ligeiramente musculada.<\/p>\n<p>Os bot\u00f5es s\u00e3o abundantes e bem distribu\u00eddos, e fazem um clique limpo mas n\u00e3o ruidoso. Um toque agrad\u00e1vel \u00e9 a integra\u00e7\u00e3o da Xbox, com bot\u00f5es espec\u00edficos que n\u00e3o parecem baratos. As p\u00e1s magn\u00e9ticas s\u00e3o um verdadeiro destaque. O clique \u00e9 n\u00edtido e r\u00e1pido, com um feedback seco e el\u00e1stico que faz com que queiras mudar cada vez mais de velocidade s\u00f3 pelo prazer de o fazer. N\u00e3o h\u00e1 sensa\u00e7\u00e3o de suavidade ou esponja.<\/p>\n<p>O que n\u00e3o me agradou muito foi a sensibilidade da Alcantara ao desgaste potencial. Tal como acontece com todos os volantes em Alcantara, \u00e9 preciso ter cuidado: m\u00e3os limpas, de prefer\u00eancia com luvas, caso contr\u00e1rio o revestimento ir\u00e1 brilhar e perder a sensa\u00e7\u00e3o de \"ader\u00eancia\" ao longo dos meses. N\u00e3o \u00e9 nenhuma surpresa, mas \u00e9 claramente algo a ter em conta.<\/p>\n<p>Em compara\u00e7\u00e3o com as jantes mais simples da gama CSL, existe uma clara diferen\u00e7a em termos de rigidez e sensa\u00e7\u00e3o de qualidade superior. Em compara\u00e7\u00e3o com algumas jantes ultra-especializadas de topo de gama, perdemos um pouco em termos de exotismo ou materiais extremos, mas a rela\u00e7\u00e3o \"qualidade percebida\/versatilidade\" est\u00e1 muito bem colocada.<\/p>\n<h2>Defini\u00e7\u00f5es, personaliza\u00e7\u00e3o e compatibilidade<\/h2>\n<p>O ClubSport GT Alcantara V2 foi concebido para se enquadrar perfeitamente no ecossistema Fanatec. \u00c9 montado numa base Fanatec compat\u00edvel com a Xbox e o reconhecimento \u00e9 imediato. Na Xbox, tudo passa pela consola e pelos menus do jogo. No PC, \u00e9 poss\u00edvel utilizar o software Fanatec para afinar as defini\u00e7\u00f5es e atualizar o firmware.<\/p>\n<p>Existem duas \u00e1reas principais de personaliza\u00e7\u00e3o: nas defini\u00e7\u00f5es de base (for\u00e7a, filtragem, linearidade) e na forma como se utilizam os comandos do volante. O volante n\u00e3o est\u00e1 sobrecarregado com fun\u00e7\u00f5es complexas, mas est\u00e1 suficientemente equipado para permitir atribuir tudo o que \u00e9 necess\u00e1rio: far\u00f3is, limpa para-brisas, TC, ABS, r\u00e1dios, mapa do motor, etc. Num jogo do tipo GT ou de resist\u00eancia, raramente se tem a impress\u00e3o de estar a ficar sem bot\u00f5es.<\/p>\n<p>A curva de aprendizagem \u00e9 bastante suave. O mapeamento das teclas mant\u00e9m-se l\u00f3gico, a disposi\u00e7\u00e3o \u00e9 f\u00e1cil de ler e as teclas s\u00e3o f\u00e1ceis de encontrar quando se est\u00e1 a conduzir. As patilhas caem naturalmente na ponta dos dedos, mesmo com m\u00e3os pequenas. N\u00e3o \u00e9 necess\u00e1rio passar horas a configurar, basta conduzir depressa.<\/p>\n<p>Na Xbox, este volante \u00e9 uma verdadeira mais-valia porque resolve imediatamente a quest\u00e3o da compatibilidade: o hub Xbox integrado significa que podes desfrutar de jogos de corridas sem teres de fazer ajustes. No PC, torna-se um volante GT vers\u00e1til, compat\u00edvel com todas as bases Fanatec \"PC ready\" e integra-se perfeitamente numa configura\u00e7\u00e3o com pedais Load Cell, man\u00edpulo de mudan\u00e7as H, trav\u00e3o de m\u00e3o, cockpit r\u00edgido, etc.<\/p>\n<p>Em termos de possibilidade de atualiza\u00e7\u00e3o, \u00e9 uma pe\u00e7a central bastante boa. Pode come\u00e7ar com uma base de gama m\u00e9dia e, mais tarde, passar para uma base mais potente sem mudar o volante. Suporta uma transmiss\u00e3o direta forte sem qualquer problema. Para aqueles que planeiam atualizar a sua configura\u00e7\u00e3o Fanatec ao longo do tempo, este \u00e9 um volante que pode manter durante muito tempo sem se sentir ultrapassado.<\/p>\n<h2>Sensa\u00e7\u00f5es durante o jogo: precis\u00e3o, controlo e conforto<\/h2>\n<p>Uma vez em pista, a sensa\u00e7\u00e3o que tive com este ClubSport GT Alcantara V2 girava em torno de tr\u00eas palavras: precis\u00e3o, controlo e conforto. O volante n\u00e3o faz batota; transmite o que a base lhe envia, sem interfer\u00eancias.<\/p>\n<p>No feedback de pot\u00eancia, a jante GT, com o seu di\u00e2metro razo\u00e1vel e o seu peso bem controlado, deixa passar muita delicadeza. Numa base de alto desempenho, sente-se claramente as varia\u00e7\u00f5es de carga no volante, as microperdas de ader\u00eancia e o in\u00edcio da sobreviragem. Percebe-se rapidamente o que o carro est\u00e1 a fazer. Isto \u00e9 particularmente evidente nos jogos em que a f\u00edsica \u00e9 bem modelada: podemos \"ler\" o ponto de deslizamento nas nossas m\u00e3os.<\/p>\n<p>Nas curvas r\u00e1pidas, a rigidez do volante desempenha um papel fundamental. \u00c9 poss\u00edvel pressionar com for\u00e7a, rodar e corrigir o volante sem nunca sentir qualquer tor\u00e7\u00e3o ou flex\u00e3o desagrad\u00e1vel. Pela minha parte, senti um verdadeiro ganho de confian\u00e7a em compara\u00e7\u00e3o com volantes mais leves ou mais pl\u00e1sticos. Atrevemo-nos a carregar mais a frente, lutamos menos com o volante e conduzimos mais.<\/p>\n<p>Nos vibradores, a textura do feedback de for\u00e7a passa bem para o aro. Os vibradores pequenos e apertados produzem vibra\u00e7\u00f5es limpas, quase granuladas, enquanto os vibradores grandes, do tipo \"salsicha\", produzem golpes n\u00edtidos e bem marcados. N\u00e3o \u00e9 o volante que cria estas sensa\u00e7\u00f5es, claro, mas a sua in\u00e9rcia e rigidez controladas significam que elas se traduzem claramente nas m\u00e3os. Rapidamente se percebe onde est\u00e3o os limites da pista.<\/p>\n<p>A leitura da ader\u00eancia \u00e9 um dos pontos mais fortes. O volante permite-lhe sentir as micro-oscila\u00e7\u00f5es que assinalam o in\u00edcio da derrapagem, especialmente na tra\u00e7\u00e3o dianteira. Sente-se a frente a ficar mais leve e a traseira a abrir, e \u00e9 poss\u00edvel corrigir muito cedo. Para correc\u00e7\u00f5es r\u00e1pidas, a forma GT, o di\u00e2metro e o toque do Alcantara oferecem um verdadeiro controlo. \u00c9 poss\u00edvel fazer uma contra-dire\u00e7\u00e3o forte e colocar o volante em ponto morto de forma limpa, sem se sentir levado pela for\u00e7a do FFB.<\/p>\n<p>Em longas sess\u00f5es, Alcantara mostra o seu valor: a ader\u00eancia \u00e9 est\u00e1vel e n\u00e3o \u00e9 necess\u00e1rio lutar contra o pl\u00e1stico liso ou o couro demasiado escorregadio. O cansa\u00e7o vem depois. Pode ajustar a posi\u00e7\u00e3o das suas m\u00e3os naturalmente, sem dores nos dedos ou nas palmas. Com luvas, a dupla \u00e9 claramente \u00f3ptima: ader\u00eancia, conforto, sem risco de sobreaquecimento desagrad\u00e1vel.<\/p>\n<p>Em compara\u00e7\u00e3o com um volante mais simples, como o do CSL de entrada de gama, a diferen\u00e7a mais not\u00e1vel \u00e9 a \"pureza\" da sensa\u00e7\u00e3o. O volante n\u00e3o d\u00e1 a impress\u00e3o de filtrar ou arredondar as sensa\u00e7\u00f5es. As varia\u00e7\u00f5es de bin\u00e1rio s\u00e3o mais diretas, mais matizadas. Sente-se menos como se estivesse a conduzir um perif\u00e9rico e mais como se estivesse a segurar um verdadeiro volante de um carro de corrida. Em compara\u00e7\u00e3o com os volantes de corrida ultra-leves, perde-se um pouco da vivacidade extrema, mas ganha-se em conforto e versatilidade. Para uma utiliza\u00e7\u00e3o multi-simula\u00e7\u00e3o e multi-disciplina, o compromisso \u00e9 muito s\u00f3lido.<\/p>\n<p>Na Xbox, a combina\u00e7\u00e3o base Fanatec + volante d\u00e1 uma impress\u00e3o real de um cockpit coerente. \u00c9 evidente que j\u00e1 n\u00e3o estamos no mundo b\u00e1sico do \"volante de consola\". No PC, n\u00e3o limita a base: mesmo com um Diret Drive forte, o volante aguenta o esfor\u00e7o, mant\u00e9m-se \u00e0 altura e continua a ser perfeitamente utiliz\u00e1vel.<\/p>\n<h2>A quem se destina? Pontos fortes e fracos do dia a dia<\/h2>\n<p>O Volante ClubSport GT Alcantara V2 para Xbox destina-se claramente ao simulador interm\u00e9dio a avan\u00e7ado que pretende um volante principal s\u00e9rio e compat\u00edvel com a Xbox, sem fechar a porta ao PC. Tamb\u00e9m \u00e9 adequado para principiantes altamente motivados que pretendem investir diretamente num volante dur\u00e1vel, em vez de fazerem uma s\u00e9rie de actualiza\u00e7\u00f5es r\u00e1pidas.<\/p>\n<p>O que realmente apreciei foi a sensa\u00e7\u00e3o de controlo que me deu. Entre a rigidez do aro, o di\u00e2metro do GT e o revestimento, sentimo-nos imediatamente \u00e0 vontade, mesmo quando o FFB \u00e9 muito forte. Em segundo lugar, o n\u00edvel de acabamento e a perce\u00e7\u00e3o de solidez s\u00e3o muito superiores aos de um volante de consola normal: parafusos e pernos limpos, patilhas magn\u00e9ticas eficazes, bot\u00f5es s\u00e9rios. Por fim, a versatilidade \u00e9 excelente: GT3, touring, endurance, um pouco de rally, simcades, adapta-se sem esfor\u00e7o. \u00c9 um volante que pode utilizar em 90 % dos seus jogos de corridas sem se sentir \"fora do tema\".<\/p>\n<p>Mas h\u00e1 limites. Em primeiro lugar, os estofos em Alcantara: s\u00e3o \u00f3ptimos, mas requerem cuidados e aten\u00e7\u00e3o. Sem luvas e com m\u00e3os que nem sempre est\u00e3o limpas, o estofo desgasta-se mais rapidamente, torna-se mais macio e at\u00e9 mancha. Segundo ponto: pre\u00e7o e posi\u00e7\u00e3o na gama. Este produto est\u00e1 claramente posicionado como um investimento e n\u00e3o como uma compra ocasional. Deve ser considerado como parte de uma configura\u00e7\u00e3o global e n\u00e3o como um capricho isolado. O meu terceiro ponto \u00e9 que, em compara\u00e7\u00e3o com alguns volantes ultra-especializados (rali, f\u00f3rmula, prot\u00f3tipos), \u00e9 um pouco \"s\u00e1bio\". Quem procura uma experi\u00eancia muito parecida com a da F1 ou um aro mais compacto e ultrarradical pode ach\u00e1-lo demasiado cl\u00e1ssico.<\/p>\n<p>Em termos de valor percebido, sai-se bem. Est\u00e1s a pagar por vantagens reais e tang\u00edveis: uma pega confort\u00e1vel, precis\u00e3o, versatilidade, compatibilidade nativa com a Xbox e durabilidade estrutural. N\u00e3o se trata de um volante de fantasia, mas sim de um elemento central de configura\u00e7\u00e3o que pode ser mantido durante v\u00e1rios anos se for bem cuidado.<\/p>\n<h2>Veredicto: um volante GT fi\u00e1vel e vers\u00e1til para subir de gama<\/h2>\n<p>O Volante Fanatec ClubSport GT Alcantara V2 para Xbox acrescenta valor real a uma configura\u00e7\u00e3o orientada para o GT\/pista. Transforma imediatamente a forma como sentes o carro, especialmente se vieres de um volante mais b\u00e1sico ou de pl\u00e1stico. Em termos concretos, o que muda \u00e9 a confian\u00e7a nas tuas m\u00e3os, a legibilidade da ader\u00eancia e o conforto durante longas sess\u00f5es.<\/p>\n<p>No mercado, est\u00e1 claramente posicionada no segmento de gama m\u00e9dia\/alta: acima das consolas ou das rodas Fanatec de entrada de gama em termos de toque e acabamento, e abaixo das rodas ultra-especializadas ou muito premium em termos de pre\u00e7o e exotismo. \u00c9 um ponto de viragem interessante para aqueles que querem passar de uma configura\u00e7\u00e3o \"decente\" para algo realmente s\u00e9rio sem exagerar.<\/p>\n<p>Recomendo-o particularmente aos jogadores da Xbox que t\u00eam ou pretendem ter uma base Fanatec, e aos pilotos de PC de simula\u00e7\u00e3o GT\/endurance que procuram uma roda principal \u00fanica, fi\u00e1vel e confort\u00e1vel, consistente com uma Diret Drive. Para quem conduz principalmente F1, monolugares ou rali puro, uma jante mais espec\u00edfica ser\u00e1 mais adequada.<\/p>\n<p>Se est\u00e1s \u00e0 procura de um volante GT vers\u00e1til, bem constru\u00eddo e compat\u00edvel com a Xbox, capaz de tirar partido de uma base Fanatec s\u00e9ria, este produto pode claramente fazer a diferen\u00e7a na tua configura\u00e7\u00e3o.<\/p>","protected":false},"excerpt":{"rendered":"<p>Este volante deu-me uma verdadeira sensa\u00e7\u00e3o de controlo e consist\u00eancia, com uma sensa\u00e7\u00e3o de pista muito mais limpa do que os modelos de n\u00edvel b\u00e1sico. Faz sentido para o simulador da Xbox ou do PC que pretende um volante principal GT vers\u00e1til, dur\u00e1vel e confort\u00e1vel, sem pretender uma configura\u00e7\u00e3o ultra-especializada. O pre\u00e7o \u00e9 justificado se o integrares numa configura\u00e7\u00e3o Fanatec a longo prazo.<\/p>","protected":false},"featured_media":100716,"comment_status":"open","ping_status":"closed","template":"","meta":{"_acf_changed":false,"_et_pb_use_builder":"","_et_pb_old_content":"","_et_gb_content_width":""},"product_brand":[158],"product_cat":[156],"product_tag":[149,159,160],"class_list":{"0":"post-100715","1":"product","2":"type-product","3":"status-publish","4":"has-post-thumbnail","6":"product_brand-fanatec","7":"product_cat-roue-de-volant","8":"product_tag-pc","9":"product_tag-playstation","10":"product_tag-xbox","12":"first","13":"instock","14":"shipping-taxable","15":"product-type-external"},"acf":[],"_links":{"self":[{"href":"https:\/\/simracergear.com\/pt\/wp-json\/wp\/v2\/product\/100715","targetHints":{"allow":["GET"]}}],"collection":[{"href":"https:\/\/simracergear.com\/pt\/wp-json\/wp\/v2\/product"}],"about":[{"href":"https:\/\/simracergear.com\/pt\/wp-json\/wp\/v2\/types\/product"}],"replies":[{"embeddable":true,"href":"https:\/\/simracergear.com\/pt\/wp-json\/wp\/v2\/comments?post=100715"}],"wp:featuredmedia":[{"embeddable":true,"href":"https:\/\/simracergear.com\/pt\/wp-json\/wp\/v2\/media\/100716"}],"wp:attachment":[{"href":"https:\/\/simracergear.com\/pt\/wp-json\/wp\/v2\/media?parent=100715"}],"wp:term":[{"taxonomy":"product_brand","embeddable":true,"href":"https:\/\/simracergear.com\/pt\/wp-json\/wp\/v2\/product_brand?post=100715"},{"taxonomy":"product_cat","embeddable":true,"href":"https:\/\/simracergear.com\/pt\/wp-json\/wp\/v2\/product_cat?post=100715"},{"taxonomy":"product_tag","embeddable":true,"href":"https:\/\/simracergear.com\/pt\/wp-json\/wp\/v2\/product_tag?post=100715"}],"curies":[{"name":"wp","href":"https:\/\/api.w.org\/{rel}","templated":true}]}}