{"id":100757,"date":"2025-11-28T04:46:43","date_gmt":"2025-11-28T04:46:43","guid":{"rendered":"https:\/\/simracergear.com\/products\/fanatec-clubsport-steering-wheel-porsche-911-gt3-r-v2-for-xbox-leather\/"},"modified":"2025-11-28T04:46:43","modified_gmt":"2025-11-28T04:46:43","slug":"fanatec-clubsport-steering-wheel-porsche-911-gt3-r-v2-for-xbox-leather","status":"publish","type":"product","link":"https:\/\/simracergear.com\/pt\/products\/fanatec-clubsport-steering-wheel-porsche-911-gt3-r-v2-for-xbox-leather\/","title":{"rendered":"Fanatec ClubSport Volante Porsche 911 GT3 R V2 para Xbox (Couro)"},"content":{"rendered":"<h2>Fanatec ClubSport Volante Porsche 911 GT3 R V2 para Xbox (Couro) : teste e revis\u00e3o completa<\/h2>\n<p>O Volante ClubSport Porsche 911 GT3 R V2 para Xbox (em pele) est\u00e1 claramente posicionado como um volante de topo no ecossistema Fanatec, concebido para pilotos de simula\u00e7\u00e3o exigentes que conduzem no PC e na Xbox. \u00c9 um produto orientado para a imers\u00e3o no estilo GT3 moderno, com uma forte \u00eanfase na qualidade percebida, no conforto e na ergonomia de corrida.<\/p>\n<p>O que atrai \u00e9 a combina\u00e7\u00e3o do aspeto oficial da Porsche, o di\u00e2metro realista do volante e a compatibilidade integrada com a Xbox atrav\u00e9s do cubo. \u00c9 evidente que a Fanatec tem como alvo o simulador j\u00e1 equipado com uma base ClubSport \/ CSL DD \/ DD1-DD2, que pretende subir de gama no volante sem ter de o personalizar totalmente.<\/p>\n<p>O meu ponto de vista \u00e9 simples: at\u00e9 que ponto este volante oferece uma verdadeira vantagem em termos de sensa\u00e7\u00e3o, precis\u00e3o de introdu\u00e7\u00e3o e conforto de condu\u00e7\u00e3o, em compara\u00e7\u00e3o com volantes mais simples ou de entrada de gama? Estamos a pagar sobretudo pelo apelo est\u00e9tico da Porsche, ou existe um verdadeiro valor desportivo e pr\u00e1tico em termos de horas de condu\u00e7\u00e3o no ACC, iRacing, Forza e outros jogos?<\/p>\n<h2>Conce\u00e7\u00e3o, materiais e fabrico<\/h2>\n<p>O que impressiona imediatamente na m\u00e3o \u00e9 o toque s\u00f3lido. O aro em pele d\u00e1 uma sensa\u00e7\u00e3o de densidade, com um volume bem calibrado: nem demasiado fino nem demasiado grosso. O couro tem um gr\u00e3o ligeiramente firme que faz lembrar mais um carro desportivo do que um volante de estrada convencional. Apetece imediatamente agarrar o volante e atacar.<\/p>\n<p>A estrutura, baseada no Hub Fanatec da Xbox, transpira seriedade: alum\u00ednio, montagem limpa, sem flex\u00e3o percet\u00edvel no aro ou nas hastes. Quando torcido, n\u00e3o vacila. Os bot\u00f5es s\u00e3o abundantes, bem integrados e fazem um clique limpo e preciso. Os rotores t\u00eam a firmeza certa, para que n\u00e3o tenha medo de os utilizar em linha reta.<\/p>\n<p>A qualidade geral \u00e9 superior \u00e0 de um volante CSL e aproxima-se da de um verdadeiro autom\u00f3vel de competi\u00e7\u00e3o \"mainstream\". Sente-se claramente o posicionamento do ClubSport, com especial aten\u00e7\u00e3o aos materiais e \u00e0 rigidez. N\u00e3o \u00e9 um volante de competi\u00e7\u00e3o ultrarradical em alum\u00ednio billet 100 %, mas para uma configura\u00e7\u00e3o de sal\u00e3o ou cockpit, parece muito s\u00e9rio.<\/p>\n<p>A \u00fanica ligeira desilus\u00e3o \u00e9 o facto de o hub continuar a ser visualmente um pouco maci\u00e7o. Ganha em versatilidade e compatibilidade com a Xbox, mas perde um pouco em termos de pura \"corrida minimalista\" em compara\u00e7\u00e3o com alguns dos volantes mais simples. Os r\u00f3tulos e as marca\u00e7\u00f5es s\u00e3o muito consola\/PC, menos \"puros GT3\" do que alguns modelos de p\u00f3dio ou apenas QR2.<\/p>\n<p>No geral, em compara\u00e7\u00e3o com outros volantes Fanatec numa gama semelhante, a s\u00e9rie CSL \u00e9 um verdadeiro passo em frente em termos de apar\u00eancia e sensa\u00e7\u00e3o, e um bom compromisso em compara\u00e7\u00e3o com volantes ainda mais sofisticados, muitas vezes mais caros e mais especializados.<\/p>\n<h2>Defini\u00e7\u00f5es, personaliza\u00e7\u00e3o e compatibilidade<\/h2>\n<p>Este volante \u00e9 baseado no ecossistema Fanatec, pelo que todas as defini\u00e7\u00f5es passam pelo controlador do PC e pelos menus de base (FFB, rota\u00e7\u00e3o, filtros, for\u00e7a m\u00e1xima, etc.). Acima de tudo, o pr\u00f3prio volante oferece uma ergonomia mais rica, pelo que \u00e9 poss\u00edvel controlar tudo diretamente a partir do volante. Na Xbox, isto \u00e9 ainda mais verdadeiro: todos os bot\u00f5es essenciais est\u00e3o l\u00e1, bem colocados, e s\u00e3o tamb\u00e9m utilizados para navegar nos menus.<\/p>\n<p>Existem bot\u00f5es suficientes para mapear praticamente tudo o que \u00e9 necess\u00e1rio nas simula\u00e7\u00f5es modernas: polariza\u00e7\u00e3o dos trav\u00f5es, TC, ABS, defini\u00e7\u00f5es de mistura, p\u00e1ginas HUD. Pode realmente adaptar o seu layout ao seu estilo de condu\u00e7\u00e3o. Depois de encontrar a sua l\u00f3gica, n\u00e3o precisa de procurar um teclado ou joystick. Isto poupa tempo e, acima de tudo, concentra\u00e7\u00e3o na pista. \u00c9 aqui que o posicionamento do \"volante de corrida completo\" se revela \u00fatil.<\/p>\n<p>A curva de aprendizagem \u00e9 razo\u00e1vel. No in\u00edcio, demora algum tempo a memorizar quem faz o qu\u00ea, especialmente se utilizar todos os bot\u00f5es e man\u00edpulos. Mas a disposi\u00e7\u00e3o \u00e9 bastante intuitiva: rapidamente se percebe o que se pode premir nas curvas e o que se deve guardar para as rectas. N\u00e3o existem menus ocultos e tudo est\u00e1 na ponta dos dedos.<\/p>\n<p>Em termos de compatibilidade, a grande vantagem \u00e9, naturalmente, o suporte nativo da Xbox gra\u00e7as ao Hub, mantendo-se perfeitamente utiliz\u00e1vel no PC. Na PlayStation, n\u00e3o \u00e9 o volante que garante a compatibilidade, mas sim a base, pelo que \u00e9 preciso ter isso em conta: este volante destina-se principalmente ao emparelhamento PC\/Xbox. O ecossistema Fanatec que lhe est\u00e1 subjacente \u00e9 vasto: escoras CSL DD, ClubSport e Diret Drive topo de gama, pedais, man\u00edpulos de mudan\u00e7as, trav\u00e3o de m\u00e3o, tudo se integra perfeitamente.<\/p>\n<p>Em termos de possibilidade de atualiza\u00e7\u00e3o, vejo-a mais como uma roda dur\u00e1vel que se pode manter durante v\u00e1rios anos, mesmo que se mude a base mais tarde. N\u00e3o \u00e9 apenas um ponto de entrada, \u00e9 uma parte central de uma configura\u00e7\u00e3o s\u00e9ria de GT, enduro ou mesmo multidisciplinar, se estiver preparado para fazer tudo com uma \u00fanica roda.<\/p>\n<h2>Sensa\u00e7\u00f5es em jogo: FFB, ader\u00eancia e controlo<\/h2>\n<p>Uma vez na pista, o car\u00e1cter deste Porsche 911 GT3 R V2 em pele revela-se sobretudo pelo seu di\u00e2metro e ader\u00eancia. O formato lembra muito os actuais volantes GT, com alavancagem suficiente para dosear o bin\u00e1rio de uma base Diret Drive sem se cansar demasiado depressa. Sente-se rapidamente que o volante est\u00e1 a trabalhar em conjunto com a base, sem qualquer vibra\u00e7\u00e3o parasita ou flex\u00e3o exagerada.<\/p>\n<p>Em termos de force feedback, o volante n\u00e3o cria pot\u00eancia, mas transmite-a muito bem. Numa base do tipo CSL DD, por exemplo, \u00e9 poss\u00edvel sentir claramente as pequenas varia\u00e7\u00f5es de carga no volante \u00e0 medida que se entra numa curva, as transfer\u00eancias de massa e a perda gradual de ader\u00eancia. Os micro-movimentos s\u00e3o leg\u00edveis, os solavancos e vibra\u00e7\u00f5es s\u00e3o claros mas n\u00e3o agressivos. Percebe-se imediatamente o que o carro est\u00e1 a fazer.<\/p>\n<p>Nos vibradores, o couro absorve os choques mais secos. Com luvas finas, existe um bom compromisso entre pormenor e conforto. Sem luvas, o volante mant\u00e9m-se agrad\u00e1vel, mesmo em longas sess\u00f5es. H\u00e1 um aspeto de \"condu\u00e7\u00e3o prolongada\" que \u00e9 muito apreciado se estivermos a fazer sess\u00f5es de 30-60 minutos. As m\u00e3os n\u00e3o ficam completamente sujas, o que acontece rapidamente com volantes mais agressivos em materiais nus.<\/p>\n<p>A leitura da ader\u00eancia \u00e9 boa. Quando a traseira come\u00e7a a perder peso em acelera\u00e7\u00f5es ou travagens demasiado optimistas, sente-se o volante a ficar mais leve ou a vibrar ligeiramente, consoante a pista. As correc\u00e7\u00f5es r\u00e1pidas correm bem: o di\u00e2metro e a ader\u00eancia do couro permitem compensar a sobreviragem sem que as m\u00e3os caiam, desde que, evidentemente, a base esteja regulada para um n\u00edvel de for\u00e7a compat\u00edvel com a sua for\u00e7a f\u00edsica.<\/p>\n<p>Em compara\u00e7\u00e3o com um volante mais simples ou mais leve, obt\u00e9m-se entradas mais precisas, especialmente em press\u00e3o m\u00e9dia e forte. Os pequenos ajustes na trajet\u00f3ria s\u00e3o mais control\u00e1veis e move-se menos as m\u00e3os para obter o mesmo efeito. Em circuitos t\u00e9cnicos, ajuda realmente a \"colocar\" o carro onde se quer, especialmente em entradas de curva r\u00e1pidas.<\/p>\n<p>Numa base mais potente, como um DD topo de gama, a roda aguenta-se sem vacilar. N\u00e3o parece limitar o FFB, desde que as regula\u00e7\u00f5es se mantenham dentro de limites razo\u00e1veis. Sente-se o trabalho do chassis virtual, as compress\u00f5es e os solavancos a alta velocidade. O conjunto mant\u00e9m-se coerente, sem ru\u00eddos nem interfer\u00eancias.<\/p>\n<p>Com o tempo, a consist\u00eancia \u00e9 um verdadeiro ponto forte. O volante mant\u00e9m a mesma rigidez e a mesma sensa\u00e7\u00e3o de controlo, mesmo ap\u00f3s longas sess\u00f5es. N\u00e3o h\u00e1 um aquecimento inc\u00f3modo, nem a sensa\u00e7\u00e3o de que o jogo est\u00e1 a come\u00e7ar. Pode realmente concentrar-se apenas na pista. \u00c9 a\u00ed que o volante muda a experi\u00eancia: o volante desaparece, tornando-se apenas uma extens\u00e3o das suas m\u00e3os.<\/p>\n<p>Em termos de pura imers\u00e3o, a combina\u00e7\u00e3o do visual Porsche, do acabamento em pele e de um bom FFB d\u00e1 um resultado muito convincente. Ficamos com a impress\u00e3o de que estamos a conduzir algo s\u00e9rio e n\u00e3o um brinquedo. N\u00e3o o torna necessariamente mais r\u00e1pido de um dia para o outro, mas coloca-o no estado de esp\u00edrito certo para procurar o desempenho de forma limpa e consistente.<\/p>\n<h2>A quem se destina? Pontos fortes e limita\u00e7\u00f5es<\/h2>\n<p>Vejo claramente este ClubSport Porsche 911 GT3 R V2 (Couro) como um volante para os jogadores de simuladores interm\u00e9dios a avan\u00e7ados que conduzem regularmente e pretendem uma configura\u00e7\u00e3o consistente e topo de gama sem se tornarem ultra-nichos. Tamb\u00e9m \u00e9 muito adequado para os jogadores da Xbox que j\u00e1 t\u00eam ou est\u00e3o a considerar uma base Fanatec e querem um volante premium completo.<\/p>\n<p>O que mais aprecio \u00e9 a qualidade percet\u00edvel: materiais, acabamentos, rigidez, tudo transpira seriedade. Depois, a ergonomia em pista, com bot\u00f5es e man\u00edpulos suficientes para controlar todas as configura\u00e7\u00f5es do carro sem tirar as m\u00e3os do volante. Por fim, o conforto de utiliza\u00e7\u00e3o ao longo do tempo: o couro, o di\u00e2metro e a densidade permitem conduzir durante muito tempo sem sentir que se est\u00e1 a lutar contra o material. Pode concentrar-se nas suas traject\u00f3rias e no seu ritmo. Para o p\u00fablico em geral, trata-se de uma verdadeira \"mudan\u00e7a de paradigma\" em termos de prazer.<\/p>\n<p>Mas h\u00e1 limites. O primeiro ponto \u00e9 o pre\u00e7o e a no\u00e7\u00e3o de investimento: este \u00e9 um produto claramente premium, que s\u00f3 faz sentido se j\u00e1 tiver uma base decente (CSL DD no m\u00ednimo) ou se estiver a planear fazer um upgrade. Se o seu or\u00e7amento global for apertado, talvez seja melhor investir primeiro na base e nos pedais, e depois passar para este tipo de volante.<\/p>\n<p>A segunda limita\u00e7\u00e3o \u00e9 o tamanho bastante grande do hub e a sua orienta\u00e7\u00e3o para a Xbox. Se conduz exclusivamente no PC e n\u00e3o est\u00e1 interessado na compatibilidade com a Xbox, est\u00e1 a pagar parte do pre\u00e7o por uma fun\u00e7\u00e3o de que n\u00e3o precisa. Nesse caso, outros volantes Fanatec ou concorrentes mais \"puros\" podem parecer mais racionais.<\/p>\n<p>Em terceiro lugar, o estilo e o formato s\u00e3o muito orientados para o GT\/touring. Para o rali hardcore, drifting extremo ou monolugares muito t\u00edpicos, alguns preferir\u00e3o uma roda mais pequena e mais leve ou um formato diferente. Este Porsche 911 GT3 R V2 pode fazer tudo, mas est\u00e1 no seu melhor nas disciplinas de GT, endurance e circuitos modernos.<\/p>\n<h2>Veredicto: um volante Porsche de qualidade superior para utilizadores exigentes de PC e Xbox<\/h2>\n<p>Este Volante ClubSport Porsche 911 GT3 R V2 para Xbox (Couro) acrescenta claramente uma dimens\u00e3o mais \"profissional\" a uma configura\u00e7\u00e3o Fanatec. N\u00e3o altera a natureza do teu FFB de base, mas aproveita melhor o seu potencial, em termos de precis\u00e3o de entrada, legibilidade da sensa\u00e7\u00e3o e facilidade de utiliza\u00e7\u00e3o. \u00c9 uma verdadeira parte central da configura\u00e7\u00e3o e n\u00e3o apenas um acess\u00f3rio cosm\u00e9tico.<\/p>\n<p>No mercado, est\u00e1 posicionado no topo da gama m\u00e9dia\/acess\u00edvel: mais s\u00e9rio e mais completo do que um volante de entrada de gama, menos extremo e menos especializado do que um volante de competi\u00e7\u00e3o topo de gama. Para muitos entusiastas do simracing, \u00e9 exatamente o ponto ideal entre divers\u00e3o, desempenho e versatilidade.<\/p>\n<p>Recomendo-o sobretudo \u00e0queles que conduzem regularmente no PC e\/ou na Xbox, com uma base Fanatec atual ou futura, e que pretendem um volante principal \u00fanico e bem acabado para GT e pista. Para um principiante com um or\u00e7amento limitado, ou para algu\u00e9m que muda frequentemente entre disciplinas muito diferentes, existem op\u00e7\u00f5es mais baratas ou mais especializadas.<\/p>\n<p>Se procura um volante envolvente, r\u00edgido e confort\u00e1vel, concebido para as corridas GT modernas no PC e na Xbox, este Fanatec ClubSport Porsche 911 GT3 R V2 (Pele) pode fazer toda a diferen\u00e7a na sua configura\u00e7\u00e3o.<\/p>","protected":false},"excerpt":{"rendered":"<p>Este volante deu-me uma verdadeira sensa\u00e7\u00e3o de configura\u00e7\u00e3o \"s\u00e9ria\": ganha-se em conforto, precis\u00e3o e imers\u00e3o sem lutar com o hardware, mesmo em longas sess\u00f5es. Acima de tudo, faz sentido para os utilizadores regulares de simuladores de PC\/Xbox que j\u00e1 est\u00e3o equipados ou que pretendem uma base Fanatec s\u00f3lida. Continua a ser um investimento razo\u00e1vel se quiser um volante principal GT topo de gama e duradouro.<\/p>","protected":false},"featured_media":100758,"comment_status":"open","ping_status":"closed","template":"","meta":{"_acf_changed":false,"_et_pb_use_builder":"","_et_pb_old_content":"","_et_gb_content_width":""},"product_brand":[158],"product_cat":[156],"product_tag":[149,159,160],"class_list":{"0":"post-100757","1":"product","2":"type-product","3":"status-publish","4":"has-post-thumbnail","6":"product_brand-fanatec","7":"product_cat-roue-de-volant","8":"product_tag-pc","9":"product_tag-playstation","10":"product_tag-xbox","12":"first","13":"instock","14":"shipping-taxable","15":"product-type-external"},"acf":[],"_links":{"self":[{"href":"https:\/\/simracergear.com\/pt\/wp-json\/wp\/v2\/product\/100757","targetHints":{"allow":["GET"]}}],"collection":[{"href":"https:\/\/simracergear.com\/pt\/wp-json\/wp\/v2\/product"}],"about":[{"href":"https:\/\/simracergear.com\/pt\/wp-json\/wp\/v2\/types\/product"}],"replies":[{"embeddable":true,"href":"https:\/\/simracergear.com\/pt\/wp-json\/wp\/v2\/comments?post=100757"}],"wp:featuredmedia":[{"embeddable":true,"href":"https:\/\/simracergear.com\/pt\/wp-json\/wp\/v2\/media\/100758"}],"wp:attachment":[{"href":"https:\/\/simracergear.com\/pt\/wp-json\/wp\/v2\/media?parent=100757"}],"wp:term":[{"taxonomy":"product_brand","embeddable":true,"href":"https:\/\/simracergear.com\/pt\/wp-json\/wp\/v2\/product_brand?post=100757"},{"taxonomy":"product_cat","embeddable":true,"href":"https:\/\/simracergear.com\/pt\/wp-json\/wp\/v2\/product_cat?post=100757"},{"taxonomy":"product_tag","embeddable":true,"href":"https:\/\/simracergear.com\/pt\/wp-json\/wp\/v2\/product_tag?post=100757"}],"curies":[{"name":"wp","href":"https:\/\/api.w.org\/{rel}","templated":true}]}}