{"id":100763,"date":"2025-11-28T04:46:44","date_gmt":"2025-11-28T04:46:44","guid":{"rendered":"https:\/\/simracergear.com\/products\/fanatec-clubsport-steering-wheel-porsche-911-gt3-r-v2-for-xbox-suede\/"},"modified":"2025-11-28T04:46:44","modified_gmt":"2025-11-28T04:46:44","slug":"fanatec-clubsport-steering-wheel-porsche-911-gt3-r-v2-for-xbox-suede","status":"publish","type":"product","link":"https:\/\/simracergear.com\/pt\/products\/fanatec-clubsport-steering-wheel-porsche-911-gt3-r-v2-for-xbox-suede\/","title":{"rendered":"Fanatec ClubSport Volante Porsche 911 GT3 R V2 para Xbox (Camur\u00e7a)"},"content":{"rendered":"<h2>Fanatec ClubSport Volante Porsche 911 GT3 R V2 para Xbox (Camur\u00e7a) : teste e avalia\u00e7\u00e3o<\/h2>\n<p>O Volante ClubSport Porsche 911 GT3 R V2 para Xbox (Suede) est\u00e1 claramente posicionado como um volante \"serious premium\" no ecossistema Fanatec. N\u00e3o se trata apenas de um volante de substitui\u00e7\u00e3o: \u00e9 uma r\u00e9plica moderna do GT3, concebida para as bases ClubSport e Podium, com compatibilidade Xbox integrada e uma abordagem altamente orientada para a imers\u00e3o.<\/p>\n<p>No papel, promete tr\u00eas coisas: realismo de forma e tamanho muito pr\u00f3ximo do de um volante real, ergonomia ao estilo GT que funciona t\u00e3o bem no GT3 como nos prot\u00f3tipos ou nos ralis modernos e integra\u00e7\u00e3o total no ecossistema Fanatec, seja no PC ou na Xbox. O objetivo \u00e9 claro: oferecer um volante \"topo de gama polivalente\" para aqueles que pretendem subir de n\u00edvel sem terem de seguir o caminho ultra-nicho da personaliza\u00e7\u00e3o.<\/p>\n<p>O meu ponto de vista \u00e9 simples: a este n\u00edvel de pre\u00e7o, espero um acabamento exemplar, um conforto que dure v\u00e1rias horas, uma boa leitura do autom\u00f3vel nas m\u00e3os e uma ergonomia sem complica\u00e7\u00f5es. Para mim, a atra\u00e7\u00e3o deste volante reside em tr\u00eas \u00e1reas: a qualidade do punho em camur\u00e7a, a acessibilidade dos comandos em a\u00e7\u00e3o e o realismo geral das potentes bases Diret Drive. \u00c9 aqui que este tipo de produto tem realmente de justificar a sua exist\u00eancia numa configura\u00e7\u00e3o.<\/p>\n<h2>Conce\u00e7\u00e3o, fabrico e toque<\/h2>\n<p>Na m\u00e3o, a primeira impress\u00e3o \u00e9 muito clara: est\u00e1 a segurar um volante denso e r\u00edgido com uma presen\u00e7a real. O di\u00e2metro ao estilo GT3 d\u00e1-lhe imediatamente a escala certa, nem demasiado pequeno para a F1 nem demasiado grande para a estrada. \u00c9 poss\u00edvel sentir que a Fanatec tem como objetivo uma condu\u00e7\u00e3o moderna em circuito, sem compromissos de arcada.<\/p>\n<p>A camur\u00e7a \u00e9 de boa qualidade, bastante espessa, com um gr\u00e3o que agarra bem as luvas. A sensa\u00e7\u00e3o \u00e9 boa com as m\u00e3os nuas, mas apercebemo-nos imediatamente de que este material foi concebido para ser utilizado com luvas, se quisermos preserv\u00e1-lo ao longo do tempo. A costura \u00e9 limpa e homog\u00e9nea, sem espessuras inc\u00f3modas sob os dedos. N\u00e3o estamos \u00e0 procura de defeitos, estamos a concentrar-nos na ader\u00eancia.<\/p>\n<p>A estrutura do volante \u00e9 r\u00edgida, sem qualquer flex\u00e3o percet\u00edvel, mesmo quando deliberadamente torcido. A montagem com o cubo ClubSport integrado \u00e9 limpa, as toler\u00e2ncias s\u00e3o apertadas, nada se move, nada vibra fora do FFB. Tudo isto transpira seriedade. \u00c9 claramente um corte acima das rodas Fanatec mais \"de entrada\" ou de outras marcas orientadas para o pl\u00e1stico.<\/p>\n<p>O que realmente impressiona \u00e9 a sensa\u00e7\u00e3o geral de solidez. Os bot\u00f5es fazem um clique firme, os rotores rodam com uma resist\u00eancia bem equilibrada e as p\u00e1s parecem naturais sob os seus dedos. Parece um produto concebido para resistir a horas e horas de utiliza\u00e7\u00e3o.<\/p>\n<p>O que pode ser um pouco dececionante \u00e9 que, apesar do pre\u00e7o, ainda estamos a falar de um n\u00edvel de acabamento \"industrial premium\" em vez de uma \"joia de corrida feita \u00e0 medida\". A camur\u00e7a, em particular, faz um trabalho muito bom, mas n\u00e3o d\u00e1 a mesma sensa\u00e7\u00e3o de perfei\u00e7\u00e3o que alguns volantes personalizados topo de gama. Em compara\u00e7\u00e3o com outros volantes Fanatec ClubSport, o aumento da qualidade \u00e9 mais uma quest\u00e3o de ergonomia e de sensa\u00e7\u00e3o geral do que um enorme salto no acabamento.<\/p>\n<h2>Defini\u00e7\u00f5es, personaliza\u00e7\u00e3o e compatibilidade<\/h2>\n<p>No que diz respeito \u00e0s defini\u00e7\u00f5es, ainda estamos no mundo Fanatec: tudo passa pela base (ou pelo menu r\u00e1pido) e pelo software para PC, se quisermos fazer uma afina\u00e7\u00e3o fina. O volante em si n\u00e3o est\u00e1 l\u00e1 para acrescentar complica\u00e7\u00f5es, mas para fornecer controlos bem posicionados. Honestamente, a ergonomia \u00e9 muito boa: os bot\u00f5es essenciais est\u00e3o acess\u00edveis sem tirar as m\u00e3os do volante, os rot\u00e1rios podem ser utilizados durante uma corrida para o ABS, o TC ou a inclina\u00e7\u00e3o dos trav\u00f5es, e a l\u00f3gica de coloca\u00e7\u00e3o permanece intuitiva.<\/p>\n<p>A curva de aprendizagem dos controlos \u00e9 razo\u00e1vel. Existem bastantes bot\u00f5es e entradas, mas n\u00e3o nos sentimos sobrecarregados. Ap\u00f3s algumas sess\u00f5es, tudo se torna autom\u00e1tico: sabe-se onde ir para alterar um mapa do motor ou uma mistura, sem ter de olhar para o volante. \u00c9 exatamente o que se espera de um volante ao estilo do GT3.<\/p>\n<p>No que diz respeito \u00e0 personaliza\u00e7\u00e3o, o principal interesse reside na atribui\u00e7\u00e3o de controlos nos jogos e nos perfis Fanatec. \u00c9 f\u00e1cil ajustar a for\u00e7a geral do FFB, o amortecimento, a fric\u00e7\u00e3o e a sensibilidade dos efeitos. O volante reage de forma muito clara a estas altera\u00e7\u00f5es, sem zonas mortas ou comportamentos estranhos. Sente-se que a liga\u00e7\u00e3o mec\u00e2nica com a base \u00e9 s\u00f3lida e que a informa\u00e7\u00e3o \u00e9 transmitida sem qualquer filtro sup\u00e9rfluo.<\/p>\n<p>Em termos de compatibilidade, este \u00e9 um dos seus grandes argumentos de venda. Gra\u00e7as \u00e0 licen\u00e7a Xbox integrada no hub, este pode ser utilizado tanto no PC como nas consolas Xbox, desde que a base Fanatec seja igualmente compat\u00edvel. Na PlayStation, a compatibilidade depende da base, como sempre acontece com a Fanatec. O ecossistema envolvente \u00e9 vasto: pedais, man\u00edpulos de mudan\u00e7as, trav\u00f5es de m\u00e3o, cockpits... este volante integra-se naturalmente numa configura\u00e7\u00e3o j\u00e1 equipada com Fanatec.<\/p>\n<p>Na pr\u00e1tica, n\u00e3o se trata de um simples ponto de entrada, mas sim de uma roda concebida para durar numa configura\u00e7\u00e3o s\u00e9ria de simulador de corridas. \u00c9 f\u00e1cil come\u00e7ar com uma base ClubSport e depois atualizar para uma Podium mais potente sem ter de a substituir. Acompanha o ritmo da subida de gama sem ser ultrapassada.<\/p>\n<h2>Sensa\u00e7\u00f5es em jogo: o cora\u00e7\u00e3o da experi\u00eancia<\/h2>\n<p>\u00c9 na pista que este ClubSport Porsche 911 GT3 R V2 (Suede) mostra realmente o seu valor. A primeira coisa que nos impressiona \u00e9 a precis\u00e3o da informa\u00e7\u00e3o que chega \u00e0s nossas m\u00e3os. O volante n\u00e3o se limita a rodar com for\u00e7a, corta os detalhes do FFB com delicadeza, especialmente numa base Diret Drive bem afinada.<\/p>\n<p>Nas curvas r\u00e1pidas, sente-se claramente a carga a acumular-se no volante, a dire\u00e7\u00e3o a endurecer e depois a ligeira flutua\u00e7\u00e3o \u00e0 medida que se atinge o limite da ader\u00eancia. A transi\u00e7\u00e3o de \"est\u00e1 a aguentar\" para \"est\u00e1 a come\u00e7ar a deslizar\" \u00e9 clara e progressiva. Percebe-se imediatamente o que o carro est\u00e1 a fazer. \u00c9 a\u00ed que a combina\u00e7\u00e3o di\u00e2metro\/forma\/rigidez se torna realmente eficaz.<\/p>\n<p>A leitura da ader\u00eancia \u00e9 particularmente convincente. No GT3, por exemplo, \u00e9 poss\u00edvel sentir realmente a micro deriva da extremidade dianteira, a sensa\u00e7\u00e3o de um pneu que \"escorrega ligeiramente mas aguenta\". Com tra\u00e7\u00e3o dianteira ou tra\u00e7\u00e3o traseira potente, qualquer perda de ader\u00eancia torna-se previs\u00edvel. \u00c9 poss\u00edvel antecipar e corrigir mais cedo, e h\u00e1 menos surpresas violentas. Este tipo de volante, com uma boa base, d\u00e1-lhe a sensa\u00e7\u00e3o de conduzir o autom\u00f3vel com as pontas dos dedos, e n\u00e3o apenas com a dire\u00e7\u00e3o.<\/p>\n<p>Nos vibradores, a condu\u00e7\u00e3o \u00e9 seca, mas n\u00e3o brutal. As arestas agressivas sobressaem, especialmente em pistas como SPA, Monza ou certas pistas urbanas. O volante transmite a textura da pista sem se tornar lamacento. H\u00e1 muito pouco ru\u00eddo estranho, mesmo quando os efeitos s\u00e3o um pouco mais intensos. As mudan\u00e7as de superf\u00edcie (asfalto, vibra\u00e7\u00e3o, astroturf, gravilha) s\u00e3o f\u00e1ceis de distinguir.<\/p>\n<p>Em longas sess\u00f5es, o conforto \u00e9 uma surpresa positiva. A forma geral do volante permite variar ligeiramente a posi\u00e7\u00e3o da m\u00e3o sem perder o controlo. A camur\u00e7a proporciona uma ader\u00eancia suficiente para n\u00e3o ter de agarrar como um louco, especialmente com luvas cal\u00e7adas. No final de uma corrida longa, os antebra\u00e7os est\u00e3o cansados devido \u00e0 intensidade, mas o volante n\u00e3o causa nenhuma dor em particular.<\/p>\n<p>O volante responde rapidamente a correc\u00e7\u00f5es r\u00e1pidas, em particular quando desliza ou assume a sobreviragem, e n\u00e3o d\u00e1 a sensa\u00e7\u00e3o de estar a arrastar-se. A rigidez ajuda muito: quando se contra-direciona, sente-se que cada grau de rota\u00e7\u00e3o \u00e9 tido em conta pela base. As pequenas oscila\u00e7\u00f5es s\u00e3o f\u00e1ceis de controlar, e \u00e9 poss\u00edvel controlar a quantidade sem sentir que se est\u00e1 a lutar contra um volante \"macio\".<\/p>\n<p>Em compara\u00e7\u00e3o com um volante montado numa base menos potente ou com uma correia convencional, o ganho est\u00e1 na clareza do feedback. Pequenos fragmentos de informa\u00e7\u00e3o, que muitas vezes s\u00e3o filtrados ou abafados, surgem aqui de forma mais clara. O autom\u00f3vel parece mais \"vivo\" nas suas m\u00e3os. Em compara\u00e7\u00e3o com volantes muito leves ou mais b\u00e1sicos, tamb\u00e9m ganhamos em estabilidade e consist\u00eancia. A densidade do volante contribui para esta sensa\u00e7\u00e3o de seriedade.<\/p>\n<p>Em compara\u00e7\u00e3o com um modelo de base muito mais potente, o volante n\u00e3o limita verdadeiramente o potencial. Suporta for\u00e7as elevadas sem vacilar e mant\u00e9m-se f\u00e1cil de ler. A verdadeira limita\u00e7\u00e3o vem mais da pr\u00f3pria base do que do volante. O ClubSport Porsche 911 GT3 R V2 n\u00e3o cria um efeito artificial; deixa a base exprimir-se plenamente, ao mesmo tempo que acrescenta a sua pr\u00f3pria assinatura de conforto e precis\u00e3o.<\/p>\n<h2>A quem se destina? Do que gostamos \/ Do que n\u00e3o gostamos<\/h2>\n<p>Este volante destina-se claramente a pilotos de simuladores interm\u00e9dios a avan\u00e7ados, aqueles que conduzem regularmente, que j\u00e1 t\u00eam uma base Fanatec decente e que querem melhorar a sua imers\u00e3o no GT3\/GT. Na Xbox, funciona como um volante \"s\u00e9rio\" para aqueles que querem afastar-se dos kits para principiantes. No PC, adapta-se muito bem a uma configura\u00e7\u00e3o orientada para corridas de resist\u00eancia, GT e modernas.<\/p>\n<p>O que mais aprecio \u00e9 a qualidade do feedback, associada \u00e0 rigidez geral. O volante parece estar sempre sob controlo, mesmo em situa\u00e7\u00f5es extremas. Tamb\u00e9m gosto da ergonomia geral: os bot\u00f5es s\u00e3o agrad\u00e1veis, os rot\u00e1rios s\u00e3o utiliz\u00e1veis numa corrida e \u00e9 poss\u00edvel gerir o carro como na vida real, sem nos perdermos. Por fim, a compatibilidade com a Xbox e a integra\u00e7\u00e3o perfeita no ecossistema Fanatec fazem desta uma escolha tranquilizadora: sabe-se que acompanhar\u00e1 as mudan\u00e7as na configura\u00e7\u00e3o sem se tornar obsoleta demasiado depressa. Para algu\u00e9m que investe seriamente no seu hardware, o valor percebido \u00e9 s\u00f3lido.<\/p>\n<p>Por outro lado, existem algumas limita\u00e7\u00f5es. A primeira \u00e9 a camur\u00e7a: fant\u00e1stica em termos de tato, mas exigente em termos de manuten\u00e7\u00e3o e claramente mais fr\u00e1gil se andar frequentemente com as m\u00e3os nuas. \u00c9 preciso aceitar esta limita\u00e7\u00e3o e, eventualmente, investir num par de luvas. A segunda \u00e9 o pre\u00e7o: estamos numa zona em que alguns pilotos de simuladores hesitar\u00e3o entre este volante e op\u00e7\u00f5es mais especializadas ou personalizadas. \u00c9 preciso querer o formato GT3 e a compatibilidade com a Xbox para o justificar plenamente. Em terceiro lugar, para um completo principiante, este volante pode parecer um pouco exagerado: muitos bot\u00f5es, uma pega tipo luva e um pre\u00e7o que s\u00f3 faz sentido se realmente explorar as suas qualidades.<\/p>\n<p>Para os utilizadores j\u00e1 envolvidos em corridas simuladas, que v\u00eaem a sua configura\u00e7\u00e3o como um investimento a longo prazo e n\u00e3o como uma compra por impulso, este ClubSport Porsche 911 GT3 R V2 faz claramente sentido. Faz o que \u00e9 preciso: sensa\u00e7\u00e3o, conforto, versatilidade, integra\u00e7\u00e3o.<\/p>\n<h2>Veredicto: um volante GT3 a s\u00e9rio para configura\u00e7\u00f5es exigentes<\/h2>\n<p>Este volante muda principalmente uma coisa numa configura\u00e7\u00e3o: a forma como se l\u00ea o autom\u00f3vel. N\u00e3o s\u00f3 d\u00e1 ao carro um belo aspeto Porsche, como tamb\u00e9m traz uma verdadeira coer\u00eancia entre a forma, o tamanho, a ader\u00eancia e a sensa\u00e7\u00e3o do FFB nas m\u00e3os. Ficamos com a impress\u00e3o de que estamos a passar de um bom volante \"generalista\" para uma ferramenta de condu\u00e7\u00e3o concebida para as corridas modernas.<\/p>\n<p>No mercado, situa-se claramente no segmento premium, sem chegar ao ponto dos volantes personalizados ultra-exclusivos. Trata-se de um produto topo de gama \"acess\u00edvel\" para os pilotos de simuladores s\u00e9rios, n\u00e3o \u00e9 um gadget, n\u00e3o \u00e9 um equipamento para principiantes. Faz todo o sentido com uma base ClubSport ou Podium, e num ambiente onde as pessoas andam regularmente.<\/p>\n<p>Recomendo-o a quem conduz principalmente carros GT3\/GT ou proto, a quem quer uma experi\u00eancia de imers\u00e3o quase real e a quem j\u00e1 utiliza ou planeia utilizar uma base Fanatec de alto desempenho. Para um ne\u00f3fito ocasional ou algu\u00e9m que apenas procura um volante vers\u00e1til com um or\u00e7amento limitado, n\u00e3o \u00e9 a melhor escolha: seria subutilizado e o seu pre\u00e7o seria dif\u00edcil de defender.<\/p>\n<p>Se est\u00e1s \u00e0 procura de um volante GT3 r\u00edgido, preciso e envolvente, capaz de seguir uma base Diret Drive topo de gama no PC e na Xbox, este produto pode claramente fazer a diferen\u00e7a na tua configura\u00e7\u00e3o.<\/p>","protected":false},"excerpt":{"rendered":"<p>Este volante deu-me a sensa\u00e7\u00e3o de realmente \"ler\" melhor o carro, com uma sensa\u00e7\u00e3o s\u00e9ria e consistente em pista, especialmente em bases Diret Drive. Faz mais sentido para os pilotos de simuladores j\u00e1 equipados com Fanatec, que conduzem regularmente GT3\/GT ou proto e querem um volante dur\u00e1vel, envolvente e bem integrado, do que para um principiante ocasional.<\/p>","protected":false},"featured_media":100764,"comment_status":"open","ping_status":"closed","template":"","meta":{"_acf_changed":false,"_et_pb_use_builder":"","_et_pb_old_content":"","_et_gb_content_width":""},"product_brand":[158],"product_cat":[156],"product_tag":[149,159,160],"class_list":{"0":"post-100763","1":"product","2":"type-product","3":"status-publish","4":"has-post-thumbnail","6":"product_brand-fanatec","7":"product_cat-roue-de-volant","8":"product_tag-pc","9":"product_tag-playstation","10":"product_tag-xbox","12":"first","13":"instock","14":"shipping-taxable","15":"product-type-external"},"acf":[],"_links":{"self":[{"href":"https:\/\/simracergear.com\/pt\/wp-json\/wp\/v2\/product\/100763","targetHints":{"allow":["GET"]}}],"collection":[{"href":"https:\/\/simracergear.com\/pt\/wp-json\/wp\/v2\/product"}],"about":[{"href":"https:\/\/simracergear.com\/pt\/wp-json\/wp\/v2\/types\/product"}],"replies":[{"embeddable":true,"href":"https:\/\/simracergear.com\/pt\/wp-json\/wp\/v2\/comments?post=100763"}],"wp:featuredmedia":[{"embeddable":true,"href":"https:\/\/simracergear.com\/pt\/wp-json\/wp\/v2\/media\/100764"}],"wp:attachment":[{"href":"https:\/\/simracergear.com\/pt\/wp-json\/wp\/v2\/media?parent=100763"}],"wp:term":[{"taxonomy":"product_brand","embeddable":true,"href":"https:\/\/simracergear.com\/pt\/wp-json\/wp\/v2\/product_brand?post=100763"},{"taxonomy":"product_cat","embeddable":true,"href":"https:\/\/simracergear.com\/pt\/wp-json\/wp\/v2\/product_cat?post=100763"},{"taxonomy":"product_tag","embeddable":true,"href":"https:\/\/simracergear.com\/pt\/wp-json\/wp\/v2\/product_tag?post=100763"}],"curies":[{"name":"wp","href":"https:\/\/api.w.org\/{rel}","templated":true}]}}