{"id":100869,"date":"2025-11-28T04:46:46","date_gmt":"2025-11-28T04:46:46","guid":{"rendered":"https:\/\/simracergear.com\/products\/fanatec-csl-dd-5-nm\/"},"modified":"2025-11-28T04:46:46","modified_gmt":"2025-11-28T04:46:46","slug":"fanatec-csl-dd-5-nm","status":"publish","type":"product","link":"https:\/\/simracergear.com\/pt\/products\/fanatec-csl-dd-5-nm\/","title":{"rendered":"Fanatec CSL DD QR2 (5 Nm)"},"content":{"rendered":"<p>No mundo dos Diret Drives \"acess\u00edveis\", o Fanatec CSL DD QR2 (5 Nm) est\u00e1 claramente direcionado para o cora\u00e7\u00e3o do mercado das corridas de simuladores. N\u00e3o se trata de uma unidade b\u00e1sica de entrada de gama, nem de um monstro de pot\u00eancia para os puristas. Em vez disso, \u00e9 um bloco compacto que promete uma verdadeira sensa\u00e7\u00e3o de Diret Drive, com uma banda de pot\u00eancia contida que pode ser utilizada por (quase) todos, e a nova liga\u00e7\u00e3o QR2 como b\u00f3nus de fiabilidade.<\/p>\n<p>O que a Fanatec est\u00e1 a vender aqui \u00e9 uma transi\u00e7\u00e3o suave para a transmiss\u00e3o direta: sem correia, sem elasticidade, sem suavidade no centro. A ideia \u00e9 voltar a ter uma dire\u00e7\u00e3o precisa e limpa, com bin\u00e1rio suficiente para sentir a ader\u00eancia, a perda de ader\u00eancia e as arestas, sem precisar de um cockpit de bet\u00e3o armado ou de antebra\u00e7os de culturista.<\/p>\n<p>Pela minha parte, abordei esta escora a partir de um \u00e2ngulo muito simples: ser\u00e1 que 5 Nm, corretamente explorados com um bom QR2, s\u00e3o realmente suficientes para transformar a experi\u00eancia em compara\u00e7\u00e3o com uma escora acionada por correia ou um volante de n\u00edvel b\u00e1sico? E, sobretudo, ser\u00e1 que resiste a uma utiliza\u00e7\u00e3o regular, mesmo intensiva, sem frustrar um simulador que est\u00e1 a progredir?<\/p>\n<h2>Conce\u00e7\u00e3o e fabrico<\/h2>\n<p>O CSL DD QR2 mant\u00e9m o aspeto de \"bloco compacto\" t\u00edpico da gama CSL: um chassis de alum\u00ednio com nervuras e bastante denso que exala solidez em vez de ostenta\u00e7\u00e3o. Na m\u00e3o, a base parece pesada para o seu tamanho, o que d\u00e1 imediatamente a impress\u00e3o de um produto s\u00e9rio. As paredes n\u00e3o parecem ocas, as arestas est\u00e3o limpas e n\u00e3o h\u00e1 qualquer folga parasita percet\u00edvel quando a manuseamos ou apertamos os fechos.<\/p>\n<p>Visualmente, o design mant\u00e9m-se s\u00f3brio e funcional, sem frescuras. Sem RGB, sem formas extravagantes, apenas uma unidade concebida para ser esquecida depois de montada no cockpit. Isto pode parecer um pouco ins\u00edpido em compara\u00e7\u00e3o com alguns dos concorrentes mais \"espectaculares\", mas para uma configura\u00e7\u00e3o s\u00e9ria, n\u00e3o vejo isso como uma falha.<\/p>\n<p>A grande mudan\u00e7a \u00e9 o QR2, a nova gera\u00e7\u00e3o de apertos r\u00e1pidos Fanatec. \u00c9 aqui que a base ganha realmente em qualidade percepcionada. Bloqueia com mais seguran\u00e7a, a liga\u00e7\u00e3o ao volante \u00e9 mais r\u00edgida e h\u00e1 menos microjogabilidade, que por vezes podia estragar a experi\u00eancia com os antigos QR, especialmente quando se come\u00e7a a ficar mais forte. Na m\u00e3o, a coluna de dire\u00e7\u00e3o parece mais \"inteiri\u00e7a\", o que \u00e9 tranquilizador.<\/p>\n<p>O que \u00e9 surpreendente \u00e9 o n\u00edvel geral de acabamento para uma base dita de \"gama m\u00e9dia\". Os encaixes s\u00e3o perfeitos, as portas est\u00e3o bem integradas e as fixa\u00e7\u00f5es inspiram confian\u00e7a. N\u00e3o estamos ao n\u00edvel das bases ultra-premium maquinadas como rel\u00f3gios, mas somos claramente melhores do que um volante de entrada de gama feito de pl\u00e1stico leve.<\/p>\n<p>A \u00fanica coisa que pode ser um pouco dececionante \u00e9 a extrema sobriedade e a falta de detalhes visuais de primeira qualidade. Para quem vem de uma configura\u00e7\u00e3o mais \"vistosa\", isto pode parecer um pouco austero. Outro pormenor: o formato compacto \u00e9 pr\u00e1tico, mas requer uma montagem s\u00e9ria. Num suporte de luz, \u00e9 poss\u00edvel sentir que a base pode fazer vibrar a estrutura se n\u00e3o estiver perfeitamente apertada.<\/p>\n<p>Em compara\u00e7\u00e3o com outras solu\u00e7\u00f5es na mesma gama de pot\u00eancia, o CSL DD QR2 d\u00e1 uma impress\u00e3o mais completa do que muitos volantes tradicionais com correia, gra\u00e7as principalmente ao alum\u00ednio e ao QR2. Estamos claramente a falar de uma base s\u00e9ria para simula\u00e7\u00e3o motivada, e n\u00e3o apenas de um volante decorativo para \"jogos\".<\/p>\n<h2>Defini\u00e7\u00f5es, personaliza\u00e7\u00e3o e compatibilidade<\/h2>\n<p>A Fanatec oferece o seu ecossistema habitual em torno do CSL DD QR2: software interno, predefini\u00e7\u00f5es integradas, perfis para cada conjunto. A interface de configura\u00e7\u00e3o \u00e9 bastante simples quando se compreende a l\u00f3gica: ajusta-se a for\u00e7a global, o filtro, os efeitos de amortecimento, a fric\u00e7\u00e3o, a linearidade e alguns outros par\u00e2metros mais espec\u00edficos. Honestamente, pode perder-se rapidamente se quiser afinar tudo at\u00e9 \u00e0 \u00faltima percentagem, mas o sistema b\u00e1sico funciona muito bem com algumas defini\u00e7\u00f5es-chave bem escolhidas.<\/p>\n<p>Para um utilizador interm\u00e9dio, a curva de aprendizagem \u00e9 razo\u00e1vel. As predefini\u00e7\u00f5es j\u00e1 fornecem uma base s\u00f3lida, que pode depois ser aperfei\u00e7oada. As altera\u00e7\u00f5es s\u00e3o imediatamente percept\u00edveis: um pouco mais de amortecimento para acalmar as oscila\u00e7\u00f5es, um pouco menos de for\u00e7a para proteger os antebra\u00e7os, um ligeiro aumento da sensibilidade no centro para melhor ler a ader\u00eancia. N\u00e3o se tem a impress\u00e3o de estar a assinalar caixas no v\u00e1cuo: cada defini\u00e7\u00e3o tem um efeito percet\u00edvel na pista.<\/p>\n<p>Em termos de compatibilidade, o CSL DD QR2 insere-se, sem surpresas, no ecossistema Fanatec: os volantes, pedais, manetes e trav\u00f5es de m\u00e3o da marca podem ser ligados centralmente. No PC, pode tirar partido da ampla compatibilidade com os simuladores existentes no mercado. Nas consolas, \u00e9 necess\u00e1rio verificar a vers\u00e3o da base e do volante utilizado, mas a ideia geral permanece a mesma: \u00e9 evidente que se pode jogar t\u00e3o bem num computador de secret\u00e1ria como numa consola dom\u00e9stica, dependendo da configura\u00e7\u00e3o.<\/p>\n<p>A chegada do QR2 tamb\u00e9m refor\u00e7a a dimens\u00e3o \"atualiz\u00e1vel\". Pode come\u00e7ar com um volante relativamente simples e depois passar para volantes mais especializados (F1, GT, rali) sem se preocupar com um sistema de montagem limitado. Esta base est\u00e1 posicionada como um ponto de entrada s\u00e9rio no ecossistema Fanatec, mas n\u00e3o como um brinquedo que ter\u00e1 de ser substitu\u00eddo ao fim de alguns meses. Para muitas pessoas, pode ser utilizada como base principal a longo prazo, especialmente se a t\u00f3nica for colocada na delicadeza da sensa\u00e7\u00e3o e n\u00e3o na pot\u00eancia bruta.<\/p>\n<h2>Sensa\u00e7\u00f5es em jogo<\/h2>\n<p>Na pista, o CSL DD QR2 (5 Nm) destaca-se, antes de mais, pela limpeza do seu force feedback. Em compara\u00e7\u00e3o com um sistema acionado por correia, a dire\u00e7\u00e3o \u00e9 imediatamente mais n\u00edtida no centro e mais reactiva. A dire\u00e7\u00e3o parece mais \"ligada\" aos pneus. Percebe-se imediatamente o que o carro est\u00e1 a fazer. As pequenas perdas de ader\u00eancia, as subtis transfer\u00eancias de carga e as viragens das rodas \u00e0 sa\u00edda das curvas s\u00e3o muito mais evidentes.<\/p>\n<p>Nas curvas lentas, o bin\u00e1rio dispon\u00edvel \u00e9 mais do que suficiente para compensar o peso do carro, o aumento do esfor\u00e7o e depois o al\u00edvio quando a traseira come\u00e7a a perder peso. \u00c9 poss\u00edvel dosear a contraviragem sem ter de lutar com a base. As correc\u00e7\u00f5es r\u00e1pidas s\u00e3o feitas com uma verdadeira sensa\u00e7\u00e3o de controlo: o volante arranca rapidamente, mas mant\u00e9m-se manso, sem qualquer martelagem absurda. \u00c9 isto que d\u00e1 a impress\u00e3o de um \"controlo calmo\" que nos d\u00e1 confian\u00e7a.<\/p>\n<p>Nas curvas r\u00e1pidas, \u00e9 poss\u00edvel sentir a ligeira compress\u00e3o da suspens\u00e3o, o endurecimento do volante e aquela pequena flutua\u00e7\u00e3o quando o carro est\u00e1 no limite. O carro base n\u00e3o tem a pot\u00eancia de um Diret Drive topo de gama, mas tira o m\u00e1ximo partido do que tem. O FFB permanece leg\u00edvel, nunca confuso, e nenhuma informa\u00e7\u00e3o se perde num turbilh\u00e3o de for\u00e7as excessivas. \u00c9 aqui que a gama de 5 Nm se destaca: suficientemente forte para ser cred\u00edvel, mas n\u00e3o t\u00e3o violenta que se torne cansativa.<\/p>\n<p>Nos vibradores, a sensa\u00e7\u00e3o depende obviamente das defini\u00e7\u00f5es, mas a base consegue distinguir entre um vibrador plano e um agressivo. \u00c9 poss\u00edvel sentir as arestas, as irregularidades, sem transformar o cockpit num martelo pneum\u00e1tico. N\u00e3o \u00e9 t\u00e3o pormenorizado como um Diret Drive topo de gama levado ao limite, mas o n\u00edvel de detalhe \u00e9 muito superior ao de uma roda com correia com o mesmo or\u00e7amento.<\/p>\n<p>Em termos de ader\u00eancia, a leitura da ader\u00eancia \u00e9 um verdadeiro ponto forte. Percebe-se logo que a frente est\u00e1 a escorregar ou que a traseira est\u00e1 a come\u00e7ar a perder pot\u00eancia. O centro de gravidade \u00e9 vivo, sem ser nervoso, o que ajuda a corrigir a situa\u00e7\u00e3o antes que fique fora de controlo. Em simula\u00e7\u00f5es exigentes, isto traduz-se numa maior confian\u00e7a no carro e, paradoxalmente, numa condu\u00e7\u00e3o mais limpa, porque se antecipa melhor.<\/p>\n<p>Durante longas sess\u00f5es, a consist\u00eancia \u00e9 muito boa. A base n\u00e3o se \"cansa\" nem altera o seu comportamento ao longo do tempo. Os 5 Nm s\u00e3o control\u00e1veis ao longo do tempo, desde que n\u00e3o se coloque a for\u00e7a sempre no m\u00e1ximo. O corpo habitua-se e \u00e9 poss\u00edvel conduzir durante v\u00e1rias horas sem ficar partido ao meio, especialmente se o volante estiver bem posicionado. Para um simulador que joga muito, isso \u00e9 uma verdadeira vantagem.<\/p>\n<p>Em compara\u00e7\u00e3o com uma base menos potente (engrenagem ou correia leve), o ganho \u00e9 claro: mais detalhes, melhor linearidade, menos zonas mortas, correc\u00e7\u00f5es muito mais precisas. Comparado com uma base Diret Drive mais potente, o CSL DD QR2 parece obviamente menos impressionante fisicamente. H\u00e1 menos for\u00e7a nos grandes golpes, menos brutalidade na perda total de ader\u00eancia. Mas para muitos jogadores, esta relativa \"modera\u00e7\u00e3o\" torna a base mais utiliz\u00e1vel no dia a dia. \u00c9 poss\u00edvel tirar partido da Diret Drive sem exagerar.<\/p>\n<h2>A quem se destina? Do que gostamos \/ Do que n\u00e3o gostamos<\/h2>\n<p>O perfil ideal para um Fanatec CSL DD QR2 (5 Nm) \u00e9 o de um jogador s\u00e9rio ou em aperfei\u00e7oamento que queira entrar no mundo do Diret Drive sem estourar o seu or\u00e7amento ou ter de refor\u00e7ar a sua casa para fixar a base. Os principiantes altamente motivados podem tamb\u00e9m consider\u00e1-lo como um investimento a m\u00e9dio prazo, especialmente se j\u00e1 souberem que n\u00e3o se v\u00e3o ficar por um simples volante \"casual\". No PC, o jogo ganha vida pr\u00f3pria com o acesso a uma s\u00e9rie de simula\u00e7\u00f5es de ponta. Nas consolas, continua a ser relevante para aqueles que pretendem uma configura\u00e7\u00e3o s\u00f3lida mas razo\u00e1vel.<\/p>\n<p>A qualidade da sensa\u00e7\u00e3o da transmiss\u00e3o direta a este n\u00edvel de pot\u00eancia est\u00e1 no topo da lista. A base \u00e9 precisa, limpa e informativa, sem ser mole. O QR2 tamb\u00e9m muda o jogo: mais rigidez entre a base e o volante, menos folga, mais confian\u00e7a, especialmente ao fazer correc\u00e7\u00f5es r\u00e1pidas. Por fim, a sua compacidade e a sua ampla compatibilidade com o ecossistema Fanatec fazem dele um produto coerente para construir uma configura\u00e7\u00e3o a longo prazo, com a possibilidade de adicionar progressivamente cranksets, manetes, trav\u00f5es de m\u00e3o, etc. mais avan\u00e7ados.<\/p>\n<p>Por outro lado, h\u00e1 limites a ter em conta. O limite de 5 Nm pode revelar-se excessivo para os entusiastas que pretendem for\u00e7as muito elevadas, nomeadamente em prot\u00f3tipos ou monolugares de alta velocidade com um FFB muito pesado. Neste caso, atinge-se mais rapidamente o teto da base e o retorno pode parecer um pouco \"comprimido\" se se for\u00e7ar demasiado a pot\u00eancia. A sobriedade do design e a aus\u00eancia de pequenos detalhes est\u00e9ticos tamb\u00e9m podem deixar visualmente desapontados aqueles que gostam de produtos muito premium. Por fim, se quiser realmente tirar o m\u00e1ximo partido da base, um cockpit ou um suporte r\u00edgido torna-se quase obrigat\u00f3rio: numa secret\u00e1ria leve, perde-se algum do potencial.<\/p>\n<p>Em termos de valor, o CSL DD QR2 \u00e9 um investimento inteligente: est\u00e1 a pagar por uma verdadeira tecnologia Diret Drive, um QR moderno e um ecossistema s\u00f3lido, n\u00e3o por gadgets. N\u00e3o estamos a falar de baixo custo, mas numa \u00e1rea em que o ganho de sensa\u00e7\u00f5es por euro gasto continua a ser muito atrativo para quem joga regularmente.<\/p>\n<h2>Veredicto<\/h2>\n<p>O Fanatec CSL DD QR2 (5 Nm) n\u00e3o pretende ser o mais espetacular, mas sim o mais consistente poss\u00edvel para um grande n\u00famero de simuladores. Oferece um verdadeiro aumento de qualidade em compara\u00e7\u00e3o com os volantes de correia ou de engrenagem, mantendo-se utiliz\u00e1vel numa configura\u00e7\u00e3o dom\u00e9stica razo\u00e1vel. Num cockpit j\u00e1 equipado, torna-se claramente a pe\u00e7a central que leva a dire\u00e7\u00e3o para outra dimens\u00e3o.<\/p>\n<p>Ocupa uma posi\u00e7\u00e3o central no mercado: uma base Diret Drive de gama m\u00e9dia, suficientemente s\u00e9ria para satisfazer os jogadores exigentes, sem as restri\u00e7\u00f5es e os excessos dos modelos muito potentes. Para um utilizador de PC ou de consola que pretenda aumentar a imers\u00e3o, sem optar pelo topo de gama, \u00e9 uma op\u00e7\u00e3o particularmente l\u00f3gica.<\/p>\n<p>Recomendo-o sobretudo aos jogadores interm\u00e9dios e experientes que preferem a precis\u00e3o e a consist\u00eancia \u00e0 for\u00e7a bruta, e \u00e0queles que querem dar um contributo duradouro para o ecossistema Fanatec. Por outro lado, se o seu objetivo for um force feedback ultra-violento, ou se jogar ocasionalmente num ambiente de trabalho leve, esta pode n\u00e3o ser a melhor escolha.<\/p>\n<p>Se procura um verdadeiro Diret Drive compacto, limpo, escal\u00e1vel e cred\u00edvel como base central da sua configura\u00e7\u00e3o, este produto pode claramente fazer a diferen\u00e7a na sua configura\u00e7\u00e3o.<\/p>","protected":false},"excerpt":{"rendered":"<p>O CSL DD QR2 deu-me a sensa\u00e7\u00e3o de um verdadeiro salto qualitativo em compara\u00e7\u00e3o com as rodas acionadas por correia, com um feedback limpo e leg\u00edvel que pode ser utilizado em longas sess\u00f5es. Acima de tudo, faz sentido para os jogadores interm\u00e9dios ou motivados que pretendem uma Diret Drive s\u00e9ria, sem pretender uma pot\u00eancia extrema. Todo o conjunto permanece coerente como base central para uma configura\u00e7\u00e3o Fanatec duradoura.<\/p>","protected":false},"featured_media":101860,"comment_status":"open","ping_status":"closed","template":"","meta":{"_acf_changed":false,"_et_pb_use_builder":"","_et_pb_old_content":"","_et_gb_content_width":""},"product_brand":[158],"product_cat":[155],"product_tag":[149],"class_list":{"0":"post-100869","1":"product","2":"type-product","3":"status-publish","4":"has-post-thumbnail","6":"product_brand-fanatec","7":"product_cat-base","8":"product_tag-pc","10":"first","11":"instock","12":"shipping-taxable","13":"product-type-external"},"acf":[],"_links":{"self":[{"href":"https:\/\/simracergear.com\/pt\/wp-json\/wp\/v2\/product\/100869","targetHints":{"allow":["GET"]}}],"collection":[{"href":"https:\/\/simracergear.com\/pt\/wp-json\/wp\/v2\/product"}],"about":[{"href":"https:\/\/simracergear.com\/pt\/wp-json\/wp\/v2\/types\/product"}],"replies":[{"embeddable":true,"href":"https:\/\/simracergear.com\/pt\/wp-json\/wp\/v2\/comments?post=100869"}],"wp:featuredmedia":[{"embeddable":true,"href":"https:\/\/simracergear.com\/pt\/wp-json\/wp\/v2\/media\/101860"}],"wp:attachment":[{"href":"https:\/\/simracergear.com\/pt\/wp-json\/wp\/v2\/media?parent=100869"}],"wp:term":[{"taxonomy":"product_brand","embeddable":true,"href":"https:\/\/simracergear.com\/pt\/wp-json\/wp\/v2\/product_brand?post=100869"},{"taxonomy":"product_cat","embeddable":true,"href":"https:\/\/simracergear.com\/pt\/wp-json\/wp\/v2\/product_cat?post=100869"},{"taxonomy":"product_tag","embeddable":true,"href":"https:\/\/simracergear.com\/pt\/wp-json\/wp\/v2\/product_tag?post=100869"}],"curies":[{"name":"wp","href":"https:\/\/api.w.org\/{rel}","templated":true}]}}