{"id":100909,"date":"2025-05-15T07:55:00","date_gmt":"2025-05-15T07:55:00","guid":{"rendered":"https:\/\/simracergear.com\/products\/fanatec-csl-dd-ready2race-bmw-bundle-for-pc-8-nm\/"},"modified":"2025-11-28T08:50:19","modified_gmt":"2025-11-28T08:50:19","slug":"fanatec-csl-dd-ready2race-bmw-bundle-for-pc-8-nm","status":"publish","type":"product","link":"https:\/\/simracergear.com\/pt\/products\/fanatec-csl-dd-ready2race-bmw-bundle-for-pc-8-nm\/","title":{"rendered":"Pacote Fanatec CSL DD Ready2Race BMW para PC (8 Nm)"},"content":{"rendered":"<h2>Fanatec CSL DD Ready2Race BMW Bundle (8 Nm): a minha opini\u00e3o ap\u00f3s utiliza\u00e7\u00e3o<\/h2>\n<p>O Fanatec CSL DD Ready2Race BMW Bundle (8 Nm) est\u00e1 claramente posicionado como um ponto de entrada \"s\u00e9rio\" no mundo da transmiss\u00e3o direta no PC. J\u00e1 n\u00e3o se trata de uma simples unidade de descoberta, mas tamb\u00e9m n\u00e3o \u00e9 um produto topo de gama inacess\u00edvel. Este pacote destina-se a pessoas que querem sensa\u00e7\u00f5es limpas e n\u00edtidas, sem se perderem em configura\u00e7\u00f5es complicadas.<\/p>\n<p>Este pacote promete tr\u00eas coisas: uma base Diret Drive compacta, um volante BMW bastante vers\u00e1til e uma pedaleira coerente para uma condu\u00e7\u00e3o real logo a partir da caixa. A ideia \u00e9 lig\u00e1-lo, ajustar as defini\u00e7\u00f5es o menos poss\u00edvel e passar de uma sess\u00e3o para a seguinte com um bin\u00e1rio real de 8 Nm, mais do que suficiente para a maioria dos pilotos de simuladores.<\/p>\n<p>Pela minha parte, concentrei-me em quatro aspectos: qualidade percet\u00edvel, facilidade de manuseamento, precis\u00e3o de toque e coer\u00eancia global do conjunto. Ser\u00e1 que se aguenta como configura\u00e7\u00e3o principal? Ainda vale a pena quando comparada com outras bases com correia mais potentes ou menos caras? E, acima de tudo, ser\u00e1 que d\u00e1 realmente vontade de pedalar mais vezes e durante mais tempo?<\/p>\n<h2>Conce\u00e7\u00e3o e fabrico: um conjunto compacto mas s\u00e9rio<\/h2>\n<p>Visualmente, a base CSL DD mant\u00e9m-se muito s\u00f3bria. Tamanho compacto, caixa met\u00e1lica, linhas simples. Na m\u00e3o, a sensa\u00e7\u00e3o \u00e9 clara: parece mais um \"equipamento s\u00e9rio de simula\u00e7\u00e3o de corridas\" do que um gadget de jogo. O peso inspira confian\u00e7a, sem ser um bloco monstruoso que \u00e9 dif\u00edcil de colocar numa secret\u00e1ria ou num cockpit leve.<\/p>\n<p>O volante BMW inclu\u00eddo no pacote reflecte a filosofia Fanatec: estrutura s\u00f3lida, materiais decentes e uma sensa\u00e7\u00e3o geral de qualidade. A coroa n\u00e3o tem o requinte de um volante topo de gama em pele de primeira qualidade, mas a montagem \u00e9 limpa, sem folgas parasitas ou rangidos suspeitos. Os bot\u00f5es s\u00e3o f\u00e1ceis de premir e o volante \u00e9 suficientemente vers\u00e1til para passar de GT para touring, mantendo-se cred\u00edvel. Parece que foi concebido para ser utilizado com frequ\u00eancia e n\u00e3o apenas para impressionar numa prateleira.<\/p>\n<p>A pedaleira fornecida cumpre a sua fun\u00e7\u00e3o, tanto a n\u00edvel visual como mec\u00e2nico. Constru\u00e7\u00e3o maioritariamente met\u00e1lica, design simples, posicionamento est\u00e1vel no solo ou num chassis. \u00c9 claramente um passo em frente em rela\u00e7\u00e3o aos pedais de pl\u00e1stico que se encontram nos kits de entrada de gama. A sensa\u00e7\u00e3o geral \u00e9 a de um equipamento \"s\u00e9rio mas acess\u00edvel\", e n\u00e3o a de uma ferramenta de competi\u00e7\u00e3o de topo.<\/p>\n<p>O que \u00e9 surpreendente \u00e9 o qu\u00e3o compacta \u00e9 a base Diret Drive em rela\u00e7\u00e3o \u00e0 for\u00e7a fornecida. Para obter 8 Nm neste formato, a Fanatec optimizou muito bem o chassis. Ao mesmo tempo, o que pode ser um pouco dececionante \u00e9 o facto de alguns dos detalhes de acabamento em pl\u00e1stico no volante e nos pedais lembrarem que ainda estamos numa gama \"acess\u00edvel\" do cat\u00e1logo. N\u00e3o h\u00e1 nada de proibitivo nisto, mas n\u00e3o est\u00e1 ao n\u00edvel de uma combina\u00e7\u00e3o Fanatec mais sofisticada ou de um volante de boutique ultra polido.<\/p>\n<p>Em compara\u00e7\u00e3o com os conjuntos acionados por correia ou por engrenagem de gamas semelhantes, a solidez da base \u00e9 claramente superior. Por outro lado, a qualidade percebida do volante \u00e9 mais \"boa gama m\u00e9dia\" do que \"premium puro\". Em suma, trata-se de um conjunto coerente para o pre\u00e7o global.<\/p>\n<h2>Defini\u00e7\u00f5es, personaliza\u00e7\u00e3o e compatibilidade: um ecossistema tranquilizador<\/h2>\n<p>No que diz respeito \u00e0s regula\u00e7\u00f5es, a Fanatec mant\u00e9m-se fiel \u00e0 sua l\u00f3gica: controla-se a base a partir do software para PC e dos bot\u00f5es integrados no ecr\u00e3 \/ volante para ajustar em tempo real. Os principais par\u00e2metros est\u00e3o l\u00e1: for\u00e7a total, filtro, amortecimento, fric\u00e7\u00e3o, interpola\u00e7\u00e3o, \u00e2ngulo de rota\u00e7\u00e3o, etc. Os menus s\u00e3o l\u00f3gicos, desde que se compreenda a terminologia espec\u00edfica da Fanatec.<\/p>\n<p>A curva de aprendizagem \u00e9 razo\u00e1vel. Para um utilizador que vem de um volante acionado por correia, \u00e9 necess\u00e1rio algum tempo para afinar, especialmente os filtros FFB para que o feedback n\u00e3o seja demasiado \u00e1spero ou, pelo contr\u00e1rio, demasiado suave. Mas a Fanatec oferece predefini\u00e7\u00f5es b\u00e1sicas por conjunto que j\u00e1 funcionam bem. Com alguns ajustes, \u00e9 poss\u00edvel encontrar rapidamente um compromisso que proporciona uma sensa\u00e7\u00e3o limpa, sem se perder nos submenus.<\/p>\n<p>Este pacote foi concebido para o PC, e \u00e9 a\u00ed que realmente brilha. Ampla compatibilidade com os principais jogos de simula\u00e7\u00e3o de corridas, f\u00e1cil integra\u00e7\u00e3o, reconhecimento sem grandes problemas ap\u00f3s a instala\u00e7\u00e3o dos controladores e do software Fanatec. A grande vantagem \u00e9 o ecossistema: pode mudar o volante, atualizar os pedais, acrescentar uma alavanca de velocidades, um trav\u00e3o de m\u00e3o, e tudo se mant\u00e9m dentro da mesma l\u00f3gica de configura\u00e7\u00e3o.<\/p>\n<p>Em termos de escalabilidade, esta base de 8 Nm \u00e9 um verdadeiro piv\u00f4. Para muitos, pode continuar a ser a base principal durante muito tempo, especialmente se estiver a funcionar num computador de secret\u00e1ria ou num chassis leve. Para aqueles que um dia pretendem atingir 10-12 Nm ou mais, \u00e9 um bom ponto de partida, mas depois ter\u00e1 de passar para uma gama mais elevada. Neste conjunto, a base \u00e9 claramente a parte mais dur\u00e1vel, com o volante e os pedais BMW a funcionarem como uma \"combina\u00e7\u00e3o vers\u00e1til\" que pode ser actualizada mais tarde se se tornar mais exigente.<\/p>\n<p>Para resumir a experi\u00eancia em termos de defini\u00e7\u00f5es: pode contentar-se com o m\u00ednimo e conduzir muito bem, mas tem espa\u00e7o para afinar \u00e0 medida que avan\u00e7a. Isto \u00e9 reconfortante para um primeiro Diret Drive.<\/p>\n<h2>Sensa\u00e7\u00f5es em jogo: o verdadeiro salto em compara\u00e7\u00e3o com uma base cl\u00e1ssica<\/h2>\n<p>Este conjunto torna-se realmente eficaz desde as primeiras voltas do volante. Os 8 Nm n\u00e3o est\u00e3o l\u00e1 para partir os seus bra\u00e7os, mas para proporcionar um FFB denso e preciso, sem fric\u00e7\u00e3o mec\u00e2nica parasita. Sente-se imediatamente a assinatura Diret Drive: o volante responde diretamente \u00e0 mais pequena altera\u00e7\u00e3o na ader\u00eancia, sem qualquer lat\u00eancia parasita associada a uma correia ou engrenagens.<\/p>\n<p>Nas curvas, a sensa\u00e7\u00e3o de carga frontal \u00e9 muito mais clara do que num carro de entrada ou de gama m\u00e9dia com transmiss\u00e3o por correia. Sente-se o carro a apoiar-se na sua suspens\u00e3o, a tirar-lhe o peso, a viver sobre ela. O volante BMW oferece um di\u00e2metro e uma ader\u00eancia coerentes para GT, touring ou mesmo para um pouco de rali. A dire\u00e7\u00e3o n\u00e3o \u00e9 \"nervosa s\u00f3 por ser nervosa\", mas muito clara no seu feedback. Percebe-se rapidamente o que o carro est\u00e1 a fazer.<\/p>\n<p>As leituras de ader\u00eancia mostram uma clara melhoria. As perdas progressivas de ader\u00eancia tornam-se mais f\u00e1ceis de antecipar. \u00c9 poss\u00edvel ver mais claramente quando o pneu come\u00e7a a deslizar subtilmente, antes de come\u00e7ar realmente a sobrevirar ou a subvirar. \u00c9 aqui que a base muda realmente a experi\u00eancia: as micro-varia\u00e7\u00f5es de for\u00e7a s\u00e3o mais bem interpretadas, permitindo-lhe conduzir mais pela sensa\u00e7\u00e3o do que por indica\u00e7\u00f5es visuais.<\/p>\n<p>Os vibradores s\u00e3o bem reproduzidos, com um bom equil\u00edbrio entre pormenor e conforto. \u00c9 poss\u00edvel sentir a passagem por um vibrador agressivo ou por uma berma da via ligeiramente elevada sem que isso se transforme num tremor artificial. A transmiss\u00e3o direta de 8 Nm proporciona uma textura de estrada bastante fina, especialmente se dedicar algum tempo a afinar os filtros no software Fanatec. N\u00e3o \u00e9 t\u00e3o \"cir\u00fargico\" como numa base topo de gama mais potente, mas para este n\u00edvel de pre\u00e7o, o n\u00edvel de detalhe continua a ser impressionante.<\/p>\n<p>Durante longas sess\u00f5es, a consist\u00eancia \u00e9 um verdadeiro ponto forte. Sem sobreaquecimento, sem perda de pot\u00eancia percet\u00edvel. O bin\u00e1rio mant\u00e9m-se est\u00e1vel e a sensa\u00e7\u00e3o de dire\u00e7\u00e3o permanece id\u00eantica do in\u00edcio ao fim de uma mudan\u00e7a. O conforto geral \u00e9 bom: com 8 Nm, pode conduzir com for\u00e7a sem se esfor\u00e7ar demasiado, desde que ajuste a for\u00e7a de acordo com o seu tamanho e postura. Para uma utiliza\u00e7\u00e3o regular, \u00e9 um bom compromisso entre imers\u00e3o e fadiga f\u00edsica.<\/p>\n<p>Nas correc\u00e7\u00f5es r\u00e1pidas, o ganho em rela\u00e7\u00e3o a uma base menos potente ou acionada por correia \u00e9 evidente. O volante regressa \u00e0 sua posi\u00e7\u00e3o mais rapidamente e de forma mais limpa, sem ressalto mec\u00e2nico. \u00c9 mais f\u00e1cil gerir o contra-ester\u00e7o, especialmente em tra\u00e7\u00e3o traseira ou em ralis. Tem-se a sensa\u00e7\u00e3o de que o volante segue melhor o que se lhe pede, sem se arrastar. Como resultado, atreve-se a empurrar mais o carro, porque sabe que ser\u00e1 capaz de apanhar um deslize com maior precis\u00e3o.<\/p>\n<p>Em compara\u00e7\u00e3o com uma base ainda mais potente, como 10-12 Nm ou mais, perdemos um pouco em termos de for\u00e7a bruta e autoridade em cargas de dire\u00e7\u00e3o pesadas. Mas para uma utiliza\u00e7\u00e3o numa secret\u00e1ria ou cockpit normal, 8 Nm s\u00e3o mais do que suficientes para proporcionar uma imers\u00e3o s\u00f3lida e um controlo muito bom. Em compara\u00e7\u00e3o com um volante convencional acionado por correia, a melhoria na qualidade do feedback \u00e9 clara, especialmente em termos da precis\u00e3o da informa\u00e7\u00e3o e da limpeza do feedback de for\u00e7a.<\/p>\n<p>No geral, este pacote coloca claramente um p\u00e9 na simula\u00e7\u00e3o \"real\" sem exigir uma instala\u00e7\u00e3o monstruosa. Sente-se mais ligado ao autom\u00f3vel, mais confiante na condu\u00e7\u00e3o, o que se traduz em consist\u00eancia e prazer de condu\u00e7\u00e3o.<\/p>\n<h2>A quem se destina? Pontos fortes e limita\u00e7\u00f5es a ter em conta<\/h2>\n<p>Este pacote destina-se principalmente a tr\u00eas perfis. Em primeiro lugar, o principiante motivado que j\u00e1 sabe que quer ir al\u00e9m do simples volante de consumo e prefere investir diretamente num Diret Drive razo\u00e1vel. Depois, h\u00e1 o piloto de simuladores interm\u00e9dio que conduz regularmente num PC e quer substituir uma base com correia por algo mais preciso, sem ir para o topo de gama. Finalmente, h\u00e1 o utilizador avan\u00e7ado que pretende uma configura\u00e7\u00e3o secund\u00e1ria mais compacta, para uma segunda esta\u00e7\u00e3o de trabalho ou um computador de secret\u00e1ria, por exemplo.<\/p>\n<p>Os pontos fortes s\u00e3o bastante \u00f3bvios na utiliza\u00e7\u00e3o. O primeiro \u00e9 a pr\u00f3pria base CSL DD 8 Nm: compacta, limpa, precisa, com um FFB mais do que suficiente para a maioria dos pilotos de simuladores. O segundo \u00e9 a consist\u00eancia do conjunto: volante BMW vers\u00e1til, pedais corretos, configura\u00e7\u00e3o simples para o p\u00f4r a funcionar muito rapidamente. O equipamento sai da caixa com uma verdadeira configura\u00e7\u00e3o de corrida simulada, sem ter de fazer malabarismos com mil refer\u00eancias. O terceiro ponto forte \u00e9 o ecossistema Fanatec: pode adicionar um pedaleiro mais avan\u00e7ado, um volante mais distinto, uma alavanca de velocidades ou um trav\u00e3o de m\u00e3o numa data posterior sem ter de repensar tudo.<\/p>\n<p>Quanto \u00e0s suas limita\u00e7\u00f5es, temos de ser claros. A pedaleira inclu\u00edda continua a ser um modelo \"b\u00e1sico melhorado\": faz o trabalho, mas n\u00e3o consegue competir com uma pedaleira com sensor de press\u00e3o ou com uma c\u00e9lula de carga topo de gama em termos de finura de propor\u00e7\u00e3o, especialmente na travagem. O volante BMW, embora s\u00f3lido e agrad\u00e1vel, carece do requinte dos volantes premium: alguns materiais e pormenores traem a sua gama de pre\u00e7os. Por fim, embora 8 Nm sejam mais do que suficientes para muitos, os condutores muito exigentes quando se trata de cargas de dire\u00e7\u00e3o pesadas podem eventualmente sentir a necessidade de fazer um upgrade para algo mais potente.<\/p>\n<p>Em termos de investimento, este \u00e9 um pacote que pode claramente ser usado como base principal durante muito tempo. O valor percebido \u00e9 bom: obt\u00e9m-se uma Diret Drive, um volante de marca e um pedaleiro decente num \u00fanico pacote. Para algu\u00e9m que quer dar um passo em frente sem se perder em configura\u00e7\u00f5es ex\u00f3ticas, a rela\u00e7\u00e3o \"simplicidade\/desempenho\" \u00e9 muito s\u00f3lida.<\/p>\n<h2>Veredicto: um verdadeiro piv\u00f4 numa configura\u00e7\u00e3o de corrida simulada para PC<\/h2>\n<p>O Fanatec CSL DD Ready2Race BMW Bundle (8 Nm) muda realmente a natureza de uma configura\u00e7\u00e3o. Passamos de um volante que \"simula\" para um que funciona realmente como uma ferramenta de dire\u00e7\u00e3o. O Diret Drive proporciona uma clareza de informa\u00e7\u00e3o que as bases de n\u00edvel b\u00e1sico n\u00e3o alcan\u00e7am, mantendo-se compacto e utiliz\u00e1vel numa secret\u00e1ria ou num cockpit normal.<\/p>\n<p>No mercado, este conjunto est\u00e1 posicionado na ambiciosa gama m\u00e9dia: mais s\u00e9rio do que um kit de entrada de gama, mais acess\u00edvel e mais compacto do que os monstros de pot\u00eancia concebidos para grandes cockpits r\u00edgidos. A base \u00e9 claramente a pe\u00e7a-chave, capaz de acompanhar um piloto em evolu\u00e7\u00e3o durante muito tempo, especialmente se o resto da configura\u00e7\u00e3o for actualizada ao longo do tempo.<\/p>\n<p>Recomendo-o particularmente aos pilotos de simuladores de PC que queiram uma primeira Diret Drive s\u00e9ria e coerente, sem passar horas a montar um puzzle de diferentes marcas. Por outro lado, se o seu objetivo j\u00e1 \u00e9 o topo do mercado, com for\u00e7as extremas, uma pedaleira de corrida e um cockpit ultra-r\u00edgido, \u00e9 mais prov\u00e1vel que este pacote seja uma etapa interm\u00e9dia do que um ponto final.<\/p>\n<p>Se procura um pacote Diret Drive compacto, com a quantidade certa de pot\u00eancia e pronto para dar um verdadeiro salto em frente nas sensa\u00e7\u00f5es do PC, este produto pode fazer uma verdadeira diferen\u00e7a na sua configura\u00e7\u00e3o.<\/p>","protected":false},"excerpt":{"rendered":"<p>Este pacote deu-me a sensa\u00e7\u00e3o de levar a imers\u00e3o e o controlo a um novo n\u00edvel, sem complicar a instala\u00e7\u00e3o. Faz sentido para os pilotos de simula\u00e7\u00e3o de PC motivados que pretendem uma primeira unidade direta s\u00e9ria ou uma configura\u00e7\u00e3o secund\u00e1ria compacta. O pacote completo oferece uma rela\u00e7\u00e3o coerente de simplicidade\/desempenho para durar v\u00e1rios anos.<\/p>","protected":false},"featured_media":100910,"comment_status":"open","ping_status":"closed","template":"","meta":{"_acf_changed":false,"_et_pb_use_builder":"","_et_pb_old_content":"","_et_gb_content_width":""},"product_brand":[158],"product_cat":[161,173],"product_tag":[149],"class_list":{"0":"post-100909","1":"product","2":"type-product","3":"status-publish","4":"has-post-thumbnail","6":"product_brand-fanatec","7":"product_cat-volant","8":"product_cat-volants-fanatec","9":"product_tag-pc","11":"first","12":"instock","13":"shipping-taxable","14":"product-type-external"},"acf":[],"_links":{"self":[{"href":"https:\/\/simracergear.com\/pt\/wp-json\/wp\/v2\/product\/100909","targetHints":{"allow":["GET"]}}],"collection":[{"href":"https:\/\/simracergear.com\/pt\/wp-json\/wp\/v2\/product"}],"about":[{"href":"https:\/\/simracergear.com\/pt\/wp-json\/wp\/v2\/types\/product"}],"replies":[{"embeddable":true,"href":"https:\/\/simracergear.com\/pt\/wp-json\/wp\/v2\/comments?post=100909"}],"wp:featuredmedia":[{"embeddable":true,"href":"https:\/\/simracergear.com\/pt\/wp-json\/wp\/v2\/media\/100910"}],"wp:attachment":[{"href":"https:\/\/simracergear.com\/pt\/wp-json\/wp\/v2\/media?parent=100909"}],"wp:term":[{"taxonomy":"product_brand","embeddable":true,"href":"https:\/\/simracergear.com\/pt\/wp-json\/wp\/v2\/product_brand?post=100909"},{"taxonomy":"product_cat","embeddable":true,"href":"https:\/\/simracergear.com\/pt\/wp-json\/wp\/v2\/product_cat?post=100909"},{"taxonomy":"product_tag","embeddable":true,"href":"https:\/\/simracergear.com\/pt\/wp-json\/wp\/v2\/product_tag?post=100909"}],"curies":[{"name":"wp","href":"https:\/\/api.w.org\/{rel}","templated":true}]}}