{"id":100937,"date":"2025-05-15T07:56:00","date_gmt":"2025-05-15T07:56:00","guid":{"rendered":"https:\/\/simracergear.com\/products\/fanatec-csl-dd-ready2race-f1-esports-bundle-for-pc\/"},"modified":"2025-11-28T08:54:06","modified_gmt":"2025-11-28T08:54:06","slug":"fanatec-csl-dd-ready2race-f1-esports-bundle-for-pc","status":"publish","type":"product","link":"https:\/\/simracergear.com\/pt\/products\/fanatec-csl-dd-ready2race-f1-esports-bundle-for-pc\/","title":{"rendered":"Pacote Fanatec CSL DD Ready2Race F1 Esports para PC"},"content":{"rendered":"<h2>Fanatec CSL DD Ready2Race F1 Esports Bundle: o pacote de transmiss\u00e3o direta de F1 pronto a usar para PC<\/h2>\n<p>O Fanatec CSL DD Ready2Race F1 Esports Bundle para PC destina-se claramente a um nicho espec\u00edfico: oferece uma transmiss\u00e3o direta real, um volante estilo F1 e uma pedaleira funcional, tudo num pacote coerente para come\u00e7ar no PC sem ter de construir a sua configura\u00e7\u00e3o pe\u00e7a a pe\u00e7a.<\/p>\n<p>Baseia-se num CSL DD, pelo que se trata de uma unidade direta compacta, concebida como um acess\u00f3rio premium acess\u00edvel para a tecnologia DD. O pacote destina-se a quem pretende um pacote orientado para um monolugar\/F1, com um aspeto eSports, f\u00e1cil de manusear e com a ideia de criar uma base s\u00f3lida para avan\u00e7ar no ecossistema Fanatec.<\/p>\n<p>O produto promete um grande ganho em termos de finesse do force feedback em compara\u00e7\u00e3o com os volantes de correia ou de engrenagem, ao mesmo tempo que continua a ser \"plug-and-race\" para um utilizador de PC motivado, mas n\u00e3o necessariamente especializado. O meu ponto de vista \u00e9 simples: sensa\u00e7\u00e3o ao volante, precis\u00e3o do FFB, versatilidade do pacote para al\u00e9m da F1, conforto de utiliza\u00e7\u00e3o durante longas sess\u00f5es e interesse real como investimento numa configura\u00e7\u00e3o de corrida simulada s\u00e9ria.<\/p>\n<p>Estamos perante um kit que pretende introduzir um jogador \"s\u00e9rio mas ainda em progresso\" no mundo da tra\u00e7\u00e3o direta, com uma identidade F1 muito pronunciada. A quest\u00e3o \u00e9: ser\u00e1 que cumpre o que promete no jogo e ser\u00e1 que vale mesmo o pre\u00e7o de entrada no ecossistema Fanatec?<\/p>\n<h2>Conce\u00e7\u00e3o e fabrico: s\u00e9rio, compacto, claramente orientado para a F1<\/h2>\n<p>A base CSL DD d\u00e1 uma impress\u00e3o imediata de densidade. A unidade \u00e9 compacta e bastante pesada para o seu tamanho, com uma caixa met\u00e1lica que actua como chassis e dissipador de calor. Parece um produto concebido para suportar horas de utiliza\u00e7\u00e3o sem vacilar. Nada soa a oco, nada se move quando est\u00e1 devidamente fixado a um suporte r\u00edgido.<\/p>\n<p>O volante F1 Esports \u00e9 claramente a estrela visual do pacote. Trata-se de um formato compacto, inspirado nos modernos volantes monolugares, com muitos bot\u00f5es, patilhas met\u00e1licas e um painel frontal que mistura pl\u00e1stico de boa qualidade, inser\u00e7\u00f5es met\u00e1licas e revestimentos que n\u00e3o parecem de brinquedo. N\u00e3o \u00e9 o topo de gama absoluto da marca, mas o n\u00edvel de acabamento j\u00e1 \u00e9 muito satisfat\u00f3rio para este segmento de pre\u00e7o.<\/p>\n<p>Os man\u00edpulos s\u00e3o firmes, os rot\u00e1rios t\u00eam detentores limpos e as p\u00e1s encaixam com um retorno limpo. Na m\u00e3o, o volante \u00e9 leve, o que facilita sentir a transmiss\u00e3o direta e fazer correc\u00e7\u00f5es r\u00e1pidas. A pega \u00e9 bastante natural se gostar de volantes do tipo F1: mant\u00e9m as m\u00e3os numa posi\u00e7\u00e3o fixa, os polegares caem sobre as fun\u00e7\u00f5es importantes e tudo est\u00e1 ao alcance da m\u00e3o.<\/p>\n<p>A pedaleira inclu\u00edda \u00e9 visualmente mais b\u00e1sica, com uma constru\u00e7\u00e3o funcional em metal\/pl\u00e1stico. A rigidez \u00e9 decente, especialmente se o fixar firmemente a um quadro ou cockpit. O pedal do trav\u00e3o continua a ser bastante progressivo, mas falta-lhe um pouco da resist\u00eancia original para os puristas. Funciona, mas fica-se com a sensa\u00e7\u00e3o de que \u00e9 o elemento mais \"b\u00e1sico\" do conjunto.<\/p>\n<p>Em compara\u00e7\u00e3o com outras solu\u00e7\u00f5es de gama m\u00e9dia sem tra\u00e7\u00e3o direta, o conjunto \u00e9 claramente mais s\u00e9rio no que diz respeito \u00e0 base e \u00e0s rodas. A base n\u00e3o d\u00e1 a impress\u00e3o de ser um produto de transi\u00e7\u00e3o descart\u00e1vel. Por outro lado, aqueles que v\u00eam de volantes mais luxuosos notar\u00e3o que o volante, embora s\u00f3lido, ainda fica aqu\u00e9m dos modelos muito premium em termos de materiais nobres e sensa\u00e7\u00e3o de \"luxo\" na m\u00e3o.<\/p>\n<h2>Defini\u00e7\u00f5es, personaliza\u00e7\u00e3o e compatibilidade: um verdadeiro ecossistema nos bastidores<\/h2>\n<p>Em termos de configura\u00e7\u00f5es, a Fanatec tem a vantagem de oferecer um ecossistema de software bastante maduro para PCs. O pacote beneficia de compatibilidade direta com o controlador Fanatec e o software de configura\u00e7\u00e3o dedicado. Existem perfis predefinidos para determinados jogos, pelo que pode come\u00e7ar rapidamente com uma configura\u00e7\u00e3o j\u00e1 consistente e depois aperfei\u00e7o\u00e1-la de acordo com os seus gostos.<\/p>\n<p>As defini\u00e7\u00f5es mais \u00fateis s\u00e3o facilmente acess\u00edveis: intensidade do FFB, filtros, amortecedor, fric\u00e7\u00e3o, for\u00e7a m\u00e1xima, interpola\u00e7\u00e3o. Pode ajustar a linearidade do feedback de for\u00e7a e adaptar a renderiza\u00e7\u00e3o de acordo com a sua prefer\u00eancia por algo mais \u00e1spero ou mais suave. Existe uma curva de aprendizagem, mas ainda \u00e9 acess\u00edvel se se limitar aos par\u00e2metros principais no in\u00edcio. J\u00e1 \u00e9 poss\u00edvel obter um force feedback limpo com apenas alguns ajustes simples.<\/p>\n<p>O volante do F1 Esports acrescenta bastantes op\u00e7\u00f5es de personaliza\u00e7\u00e3o no jogo, gra\u00e7as aos m\u00faltiplos bot\u00f5es e man\u00edpulos. Isto \u00e9 \u00fatil nos simuladores mais complexos, onde \u00e9 poss\u00edvel ajustar o ERS, os diferenciais, a mistura de combust\u00edvel e outros par\u00e2metros em tempo real. Depois de mapear corretamente os controlos, \u00e9 poss\u00edvel criar rapidamente uma ergonomia de \"corrida\" eficaz.<\/p>\n<p>O pacote \u00e9 anunciado para PC, e esta \u00e9 claramente a plataforma em que se destaca. O ecossistema Fanatec permite depois ligar outros volantes, pedais, uma alavanca de velocidades ou um trav\u00e3o de m\u00e3o da marca, tudo diretamente \u00e0 base. \u00c9 um verdadeiro ponto forte: n\u00e3o nos sentimos bloqueados e podemos ver imediatamente as possibilidades de desenvolvimento.<\/p>\n<p>Em termos de escalabilidade, este pack actua acima de tudo como um ponto de entrada s\u00f3lido no mundo Fanatec. A base CSL DD pode acompanhar um simulador de corridas durante muito tempo, desde que se mantenha a utiliza\u00e7\u00e3o \"normal\" e n\u00e3o se opte por for\u00e7as extremas. O volante F1 Esports pode ser complementado por um volante GT ou de rali para os f\u00e3s de uma variedade de disciplinas, e o pedaleiro \u00e9 o candidato l\u00f3gico para uma futura atualiza\u00e7\u00e3o para algo mais firme e preciso. Todo o conjunto forma uma base dur\u00e1vel, desde que aceites a ideia de o atualizar a m\u00e9dio prazo, conforme achares conveniente.<\/p>\n<h2>Sensa\u00e7\u00f5es no jogo: onde a transmiss\u00e3o direta muda realmente tudo<\/h2>\n<p>Na pista, a diferen\u00e7a entre esta transmiss\u00e3o direta e um volante com correia ou engrenagem \u00e9 imediatamente vis\u00edvel. A pot\u00eancia bruta n\u00e3o \u00e9 alucinante, mas h\u00e1 um verdadeiro salto na finura da informa\u00e7\u00e3o. Sentimos mais claramente as pequenas perdas de ader\u00eancia, as micro-correc\u00e7\u00f5es da extremidade dianteira, as reac\u00e7\u00f5es do carro quando carregamos o pneu \u00e0 entrada de uma curva.<\/p>\n<p>A precis\u00e3o do FFB \u00e9 o ponto forte do CSL DD neste pacote. As varia\u00e7\u00f5es de bin\u00e1rio s\u00e3o r\u00e1pidas e limpas. Quando se entra numa curva, \u00e9 poss\u00edvel sentir quando o pneu est\u00e1 a come\u00e7ar a escorregar, em vez de sentir apenas um \"bloco\" de resist\u00eancia. Quando se ultrapassa o limite, o volante descarrega mais gradualmente, deixando um pouco mais de espa\u00e7o para recuperar o carro.<\/p>\n<p>Em termos de leitura da ader\u00eancia, a base oferece o que muitas pessoas procuram quando mudam para a tra\u00e7\u00e3o direta: a sensa\u00e7\u00e3o de que os pneus est\u00e3o a falar continuamente. As mudan\u00e7as de superf\u00edcie, a transi\u00e7\u00e3o de uma trajet\u00f3ria limpa para uma sec\u00e7\u00e3o suja ou molhada e as perdas de ader\u00eancia a alta velocidade s\u00e3o mais f\u00e1ceis de ler. Percebe-se mais rapidamente porque \u00e9 que se est\u00e1 a ir longe, porque \u00e9 que se est\u00e1 a perder tra\u00e7\u00e3o e como se pode corrigir.<\/p>\n<p>Os vibradores s\u00e3o bem reproduzidos, sem uma sensa\u00e7\u00e3o artificial excessiva se a configura\u00e7\u00e3o for correta. Os grandes vibradores da chicane proporcionam um retorno s\u00f3lido nas m\u00e3os, mas acima de tudo sente-se as nuances: um vibrador plano parece \"mais seco\", enquanto um vibrador mais agressivo agita um pouco mais o volante. Nalguns simuladores, \u00e9 at\u00e9 poss\u00edvel sentir as pequenas irregularidades da pista, o que refor\u00e7a a sensa\u00e7\u00e3o de estar a conduzir sobre algo vivo.<\/p>\n<p>Nas correc\u00e7\u00f5es r\u00e1pidas, a leveza do volante do F1 Esports joga claramente a favor do controlo. A transmiss\u00e3o direta responde muito rapidamente \u00e0s mudan\u00e7as de dire\u00e7\u00e3o e o volante n\u00e3o parece estar a arrastar-se. Se deslizar subitamente ou se sobrevirar, pode contra-virar sem ter de lutar contra a in\u00e9rcia do volante, o que lhe d\u00e1 confian\u00e7a. O volante regressa naturalmente ao centro, sem um retorno exagerado, se o FFB estiver corretamente regulado.<\/p>\n<p>Em sess\u00f5es longas, a consist\u00eancia do force feedback \u00e9 apreci\u00e1vel. A base mant\u00e9m a mesma capacidade de resposta, sem qualquer sensa\u00e7\u00e3o desconfort\u00e1vel de calor numa utiliza\u00e7\u00e3o normal. A fadiga sentida depende sobretudo da for\u00e7a escolhida, mas, no geral, \u00e9 poss\u00edvel conduzir durante v\u00e1rias horas com uma boa precis\u00e3o. Acaba por se tornar um s\u00f3 com o volante, o que \u00e9 exatamente o que se pretende numa corrida simulada s\u00e9ria.<\/p>\n<p>Em compara\u00e7\u00e3o com uma base menos potente acionada por correia, a principal vantagem \u00e9 a clareza da mensagem. N\u00e3o \u00e9 apenas \"mais forte\", \u00e9 \"mais fino\". Fazem-se menos correc\u00e7\u00f5es aleat\u00f3rias e mais correc\u00e7\u00f5es antecipadas. Por outro lado, quando confrontado com bases de acionamento direto mais potentes e de gama alta, o CSL DD n\u00e3o toca com a mesma intensidade. Aqueles que gostam de for\u00e7as muito elevadas ou de efeitos ultra-rudes ter\u00e3o aqui uma margem limitada para melhorias. Mas num contexto realista de F1 \/ GT, a pot\u00eancia dispon\u00edvel \u00e9 mais do que suficiente para a maioria dos utilizadores.<\/p>\n<p>No geral, a imers\u00e3o num monolugar \u00e9 muito bem sucedida. O formato do volante, combinado com a tra\u00e7\u00e3o direta, d\u00e1-nos realmente a sensa\u00e7\u00e3o de conduzir algo preciso, vivo e nervoso. Sente-se o carro respirar sob as m\u00e3os. J\u00e1 n\u00e3o estamos a lutar contra o equipamento, estamos a lutar contra o rel\u00f3gio. \u00c9 a\u00ed que a base muda realmente a experi\u00eancia.<\/p>\n<h2>A quem se destina? O que gostamos e o que n\u00e3o gostamos<\/h2>\n<p>Este pacote destina-se claramente aos jogadores de PC que querem dar um passo em frente, com uma prefer\u00eancia marcada pela F1 e pelos monolugares. \u00c9 adequado para principiantes motivados que j\u00e1 conduziram um pouco com um volante mais simples, mas \u00e9 especialmente adequado para corredores de simula\u00e7\u00e3o interm\u00e9dios que sabem que querem continuar no hobby e procuram uma configura\u00e7\u00e3o cred\u00edvel e atualiz\u00e1vel. Para um puro casual que raramente joga, o investimento pode parecer excessivo, especialmente se n\u00e3o explorar verdadeiramente o potencial da transmiss\u00e3o direta.<\/p>\n<p>Entre os pontos positivos, o primeiro \u00e9 a coer\u00eancia geral do conjunto. Com o seu chainstay de transmiss\u00e3o direta, a roda F1 ergon\u00f3mica e o crankset funcional, este \u00e9 um pacote pronto a montar que n\u00e3o parece um projeto DIY. A segunda \u00e9 a qualidade do force feedback para esta gama: o CSL DD j\u00e1 oferece uma sensa\u00e7\u00e3o muito n\u00edtida, suficiente para andar a s\u00e9rio nos principais simuladores do mercado. Finalmente, a integra\u00e7\u00e3o no ecossistema Fanatec \u00e9 uma verdadeira vantagem: est\u00e1 a comprar uma base que pode acomodar outras rodas, um pedaleiro melhor, perif\u00e9ricos adicionais, sem ter de come\u00e7ar do zero.<\/p>\n<p>Quanto \u00e0s limita\u00e7\u00f5es, a primeira diz respeito \u00e0 pedaleira original. Cumpre a sua fun\u00e7\u00e3o, mas falta-lhe refinamento para quem procura uma sensa\u00e7\u00e3o de travagem muito pr\u00f3xima da real, com alta resist\u00eancia e um sensor de press\u00e3o. \u00c9 claramente o elemento que vai querer melhorar primeiro. Segundo ponto: o volante F1 Esports, embora s\u00f3lido e agrad\u00e1vel, n\u00e3o tem o n\u00edvel de acabamento dos volantes Fanatec topo de gama, nomeadamente em termos de materiais de primeira qualidade e de sensa\u00e7\u00e3o \"profissional\". Por \u00faltimo, o pacote \u00e9 apenas para PC: os que pretendem uma utiliza\u00e7\u00e3o mista consola\/PC ter\u00e3o de recorrer a outras configura\u00e7\u00f5es da gama.<\/p>\n<p>Em termos de valor percebido, sentimos que estamos a pagar tanto pela entrada num verdadeiro direct drive como pelo acesso ao ecossistema Fanatec. Para algu\u00e9m que quer progredir, testar v\u00e1rias disciplinas e desenvolver a sua configura\u00e7\u00e3o ao longo de v\u00e1rios anos, o pacote faz sentido: n\u00e3o \u00e9 apenas uma compra de prazer, \u00e9 um investimento numa base que n\u00e3o ser\u00e1 obsoleta ao fim de alguns meses. Para um jogador hesitante ou ocasional, o custo adicional em compara\u00e7\u00e3o com uma roda mais simples ser\u00e1 mais dif\u00edcil de justificar.<\/p>\n<h2>Veredicto: um verdadeiro \"bilhete de entrada s\u00e9rio\" no mundo da condu\u00e7\u00e3o direta da F1 no PC<\/h2>\n<p>Este pacote Fanatec CSL DD Ready2Race F1 Esports altera claramente a espinha dorsal de uma configura\u00e7\u00e3o. Passa-se de um volante do mercado de massas para um kit concebido para corridas de simula\u00e7\u00e3o s\u00e9rias, com uma base de transmiss\u00e3o direta limpa, um volante de F1 reativo e uma pedaleira decente. \u00c9 um kit que transforma a forma como se l\u00ea o carro, especialmente em corridas de monolugares e GT.<\/p>\n<p>No mercado, est\u00e1 posicionado como uma unidade direta s\u00f3lida de gama m\u00e9dia, com um claro enfoque nos eSports. N\u00e3o \u00e9 um brinquedo, nem um monstro de pot\u00eancia elitista: \u00e9 um ponto de viragem. \u00c9 perfeito para quem pretende instalar-se com hardware fi\u00e1vel e, depois, avan\u00e7ar gradualmente para uma gama superior com perif\u00e9ricos.<\/p>\n<p>Recomendo-o a um piloto de simuladores para PC que queira realmente mergulhar na F1 e disciplinas relacionadas, que esteja preparado para dedicar algum tempo a preparar o seu FFB e que encare as corridas de simuladores como uma atividade regular e n\u00e3o apenas como uma curiosidade. Para algu\u00e9m que conduza pouco ou que n\u00e3o queira ficar ligado a um determinado ecossistema, n\u00e3o \u00e9 a melhor escolha.<\/p>\n<p>Se est\u00e1 \u00e0 procura de um pacote de transmiss\u00e3o direta cred\u00edvel, focado na F1, escal\u00e1vel e j\u00e1 pronto para funcionar a s\u00e9rio no PC, este produto pode claramente fazer toda a diferen\u00e7a na sua configura\u00e7\u00e3o.<\/p>","protected":false},"excerpt":{"rendered":"<p>Este pacote deu-me a sensa\u00e7\u00e3o de mudar para um estilo de condu\u00e7\u00e3o mais leg\u00edvel e controlado, com um verdadeiro salto na precis\u00e3o e imers\u00e3o, especialmente na F1 e GT. Faz sentido para os pilotos de simuladores de PC motivados que j\u00e1 t\u00eam algum equipamento e querem uma base de condu\u00e7\u00e3o direta s\u00e9ria e atualiz\u00e1vel, em vez de um simples volante de consumo. Em termos de valor, todo o pacote continua a ser coerente, se tivermos uma vis\u00e3o a longo prazo.<\/p>","protected":false},"featured_media":100938,"comment_status":"open","ping_status":"closed","template":"","meta":{"_acf_changed":false,"_et_pb_use_builder":"","_et_pb_old_content":"","_et_gb_content_width":""},"product_brand":[158],"product_cat":[161,173],"product_tag":[149],"class_list":{"0":"post-100937","1":"product","2":"type-product","3":"status-publish","4":"has-post-thumbnail","6":"product_brand-fanatec","7":"product_cat-volant","8":"product_cat-volants-fanatec","9":"product_tag-pc","11":"first","12":"instock","13":"shipping-taxable","14":"product-type-external"},"acf":[],"_links":{"self":[{"href":"https:\/\/simracergear.com\/pt\/wp-json\/wp\/v2\/product\/100937","targetHints":{"allow":["GET"]}}],"collection":[{"href":"https:\/\/simracergear.com\/pt\/wp-json\/wp\/v2\/product"}],"about":[{"href":"https:\/\/simracergear.com\/pt\/wp-json\/wp\/v2\/types\/product"}],"replies":[{"embeddable":true,"href":"https:\/\/simracergear.com\/pt\/wp-json\/wp\/v2\/comments?post=100937"}],"wp:featuredmedia":[{"embeddable":true,"href":"https:\/\/simracergear.com\/pt\/wp-json\/wp\/v2\/media\/100938"}],"wp:attachment":[{"href":"https:\/\/simracergear.com\/pt\/wp-json\/wp\/v2\/media?parent=100937"}],"wp:term":[{"taxonomy":"product_brand","embeddable":true,"href":"https:\/\/simracergear.com\/pt\/wp-json\/wp\/v2\/product_brand?post=100937"},{"taxonomy":"product_cat","embeddable":true,"href":"https:\/\/simracergear.com\/pt\/wp-json\/wp\/v2\/product_cat?post=100937"},{"taxonomy":"product_tag","embeddable":true,"href":"https:\/\/simracergear.com\/pt\/wp-json\/wp\/v2\/product_tag?post=100937"}],"curies":[{"name":"wp","href":"https:\/\/api.w.org\/{rel}","templated":true}]}}