{"id":100947,"date":"2025-05-15T07:56:00","date_gmt":"2025-05-15T07:56:00","guid":{"rendered":"https:\/\/simracergear.com\/products\/fanatec-csl-dd-ready2race-f1-esports-premium-bundle-for-pc\/"},"modified":"2025-11-28T04:48:13","modified_gmt":"2025-11-28T04:48:13","slug":"fanatec-csl-dd-ready2race-f1-esports-premium-bundle-for-pc","status":"publish","type":"product","link":"https:\/\/simracergear.com\/pt\/products\/fanatec-csl-dd-ready2race-f1-esports-premium-bundle-for-pc\/","title":{"rendered":"Pacote Fanatec CSL DD Ready2Race F1 Esports Premium para PC"},"content":{"rendered":"<p>No pequeno mundo das corridas de simuladores \"a s\u00e9rio\", o Fanatec CSL DD Ready2Race F1 Esports Premium Bundle para PC \u00e9 uma esp\u00e9cie de atalho. Base Diret Drive, volante ao estilo do F1 Esports, pedais - tudo est\u00e1 preparado para o levar de uma configura\u00e7\u00e3o b\u00e1sica para um pacote claramente orientado para o desempenho. A ideia \u00e9 simples: oferecer uma entrada cred\u00edvel no mundo da Diret Drive, sem se deixar atolar na complexidade ou nos pre\u00e7os das gamas realmente topo de gama.<\/p>\n<p>No papel, este pacote promete um force feedback limpo e preciso, com bin\u00e1rio suficiente para dar car\u00e1cter aos carros modernos de GT, F1 e monolugares, mantendo-se utiliz\u00e1vel num computador de secret\u00e1ria ou num cockpit de gama m\u00e9dia. Destina-se a quem quer uma combina\u00e7\u00e3o do tipo \"ligar, ajustar e conduzir\", mas com verdadeiras emo\u00e7\u00f5es de condu\u00e7\u00e3o e n\u00e3o apenas um brinquedo melhorado.<\/p>\n<p>O meu objetivo \u00e9 claro: a precis\u00e3o do force feedback, a qualidade das sensa\u00e7\u00f5es nas diferentes categorias de carros, o conforto durante as longas sess\u00f5es e a capacidade do pacote para acompanhar os progressos do piloto. O objetivo \u00e9 descobrir se, para um simulador de PC que pretende subir de gama de forma inteligente, este pacote representa um verdadeiro salto em frente em termos de qualidade ou apenas uma solu\u00e7\u00e3o pr\u00e1tica entre muitas.<\/p>\n<h2>Conce\u00e7\u00e3o e fabrico<\/h2>\n<p>Visualmente, a base CSL DD e o volante F1 Esports d\u00e3o imediatamente uma impress\u00e3o de seriedade. A base em si \u00e9 compacta, com um inv\u00f3lucro de metal que funciona como dissipador de calor. Na m\u00e3o, exala densidade, sem folgas ou rangidos, e os conectores traseiros est\u00e3o bem integrados. Parece um bloco s\u00f3lido, concebido para suportar horas de utiliza\u00e7\u00e3o intensa.<\/p>\n<p>O volante de estilo F1 Esports \u00e9 claramente a pe\u00e7a central visual do conjunto. Painel frontal em material comp\u00f3sito, punho em imita\u00e7\u00e3o de pele ou imita\u00e7\u00e3o de pele com um toque firme, gama de bot\u00f5es claramente identific\u00e1veis pelo toque, patilhas de mudan\u00e7a de velocidades em metal com um clique claro e aud\u00edvel. Parece um produto s\u00e9rio, orientado para o e-sport, com um di\u00e2metro reduzido que est\u00e1 perfeitamente em sintonia com os monolugares modernos e os autom\u00f3veis GT. \u00c9 f\u00e1cil perceber o que o carro est\u00e1 a fazer, porque tudo se encaixa perfeitamente no seu devido lugar.<\/p>\n<p>A pedaleira \u00e9 mais funcional do que premium. Tem uma estrutura em a\u00e7o, um aspeto simples mas eficaz e uma impress\u00e3o de robustez que \u00e9 suficientemente boa para uma utiliza\u00e7\u00e3o intensiva. Os trav\u00f5es n\u00e3o est\u00e3o ao n\u00edvel de um pedaleiro de c\u00e9lula de carga topo de gama, mas a resist\u00eancia \u00e9 decente, com um curso que permite uma mudan\u00e7a de velocidades sem stress. \u00c9 evidente: trata-se de uma bicicleta de gama m\u00e9dia bem constru\u00edda, n\u00e3o de uma pe\u00e7a de exposi\u00e7\u00e3o.<\/p>\n<p>O que desilude um pouco s\u00e3o certos pormenores de acabamento t\u00edpicos da s\u00e9rie CSL: o pl\u00e1stico de certas partes do volante \u00e9 um pouco \"seco\", o man\u00edpulo e certos bot\u00f5es parecem menos premium do que nas gamas superiores e os pedais carecem de algum requinte em termos de toque puro. Em compara\u00e7\u00e3o com outros packs Diret Drive de gama m\u00e9dia\/alta, a base em si deixa uma excelente impress\u00e3o, mas o resto do conjunto recorda-nos que continuamos a falar de uma oferta que est\u00e1 posicionada para ser acess\u00edvel.<\/p>\n<h2>Defini\u00e7\u00f5es e personaliza\u00e7\u00e3o + compatibilidade<\/h2>\n<p>No que diz respeito \u00e0s regula\u00e7\u00f5es, a Fanatec joga a cartada dupla: existem regula\u00e7\u00f5es r\u00e1pidas atrav\u00e9s do ecr\u00e3 de base e dos bot\u00f5es no volante, e depois regula\u00e7\u00f5es avan\u00e7adas atrav\u00e9s do software para PC. Nos menus de base, \u00e9 poss\u00edvel ajustar a for\u00e7a total, o FFB, a sensibilidade, o filtro, a fric\u00e7\u00e3o e o amortecedor natural. Para um utilizador de PC, isto \u00e9 mais do que suficiente para encontrar uma sensa\u00e7\u00e3o que se adeq\u00fae ao seu estilo.<\/p>\n<p>As predefini\u00e7\u00f5es Fanatec para os principais jogos ajudam-nos a come\u00e7ar. Pela minha parte, joguei principalmente com a for\u00e7a total, a filtragem e um pouco de amortecedor para acalmar as oscila\u00e7\u00f5es em certos carros nervosos. A curva de aprendizagem n\u00e3o \u00e9 intranspon\u00edvel: no in\u00edcio, \u00e9 um pouco dif\u00edcil, mas depois encontramos rapidamente dois ou tr\u00eas perfis que mantemos em fun\u00e7\u00e3o do tipo de jogo (simula\u00e7\u00e3o dif\u00edcil, simula\u00e7\u00e3o mais acess\u00edvel, simula\u00e7\u00e3o de arcada).<\/p>\n<p>No PC, a compatibilidade deste pacote \u00e9 a sua verdadeira for\u00e7a. A base funciona com a maioria dos jogos de simula\u00e7\u00e3o e de corridas s\u00e9rias existentes no mercado, o volante \u00e9 reconhecido sem problemas de maior e o ecossistema Fanatec abre a porta a toda uma s\u00e9rie de extens\u00f5es: outros volantes (GT, rally, redondo), pedais mais avan\u00e7ados com c\u00e9lula de carga, alavanca de velocidades sequencial ou em forma de H, trav\u00e3o de m\u00e3o, etc. O pacote foi claramente concebido como um ponto de entrada para um ecossistema mais vasto.<\/p>\n<p>Em termos de possibilidade de atualiza\u00e7\u00e3o, estamos numa base que pode suportar um simulador durante v\u00e1rios anos. Pode come\u00e7ar com este pacote completo, depois atualizar os pedais para melhorar a precis\u00e3o da travagem, adicionar outro volante para corridas de rali ou de resist\u00eancia e, eventualmente, mudar o cockpit para tirar o m\u00e1ximo partido do Diret Drive. Nas consolas, este pacote espec\u00edfico \u00e9 orientado para o PC, por isso, se jogar exclusivamente em consolas, ter\u00e1 de verificar a compatibilidade da base e da vers\u00e3o do pacote, mas na configura\u00e7\u00e3o para PC, o objetivo \u00e9 claro e consistente.<\/p>\n<h2>Sensa\u00e7\u00f5es em jogo<\/h2>\n<p>\u00c9 aqui que a CSL DD realmente se destaca em compara\u00e7\u00e3o com as bases convencionais acionadas por correia. A primeira coisa que se destaca \u00e9 a pureza do feedback de for\u00e7a. N\u00e3o h\u00e1 qualquer sensa\u00e7\u00e3o de fric\u00e7\u00e3o da correia, nenhuma lat\u00eancia percet\u00edvel e uma rea\u00e7\u00e3o muito direta \u00e0s varia\u00e7\u00f5es de ader\u00eancia e \u00e0s transfer\u00eancias de carga. O volante responde rapidamente, sem in\u00e9rcia excessiva. Sente-se o carro \"vivo\" sob as nossas m\u00e3os.<\/p>\n<p>Nas curvas, o comportamento do FFB \u00e9 f\u00e1cil de ler. \u00c9 poss\u00edvel ver claramente o ponto em que a frente come\u00e7a a deslizar, ou quando a traseira perde peso com uma inclina\u00e7\u00e3o prolongada. A transi\u00e7\u00e3o entre a ader\u00eancia e o deslizamento \u00e9 mais gradual do que com uma base de n\u00edvel de entrada: n\u00e3o se obt\u00e9m apenas uma grande entrada de dire\u00e7\u00e3o que subitamente se torna leve, obt\u00eam-se sinais interm\u00e9dios. Isto \u00e9 uma verdadeira vantagem quando se trata de corrigir uma derrapagem ou de apanhar o in\u00edcio da sobreviragem. \u00c9-se mais ousado, porque se compreende melhor o que se est\u00e1 a passar.<\/p>\n<p>O feedback da ader\u00eancia \u00e9 particularmente agrad\u00e1vel nos monolugares modernos e nos carros GT. Na entrada da curva, \u00e9 poss\u00edvel sentir as micro-vibra\u00e7\u00f5es da ader\u00eancia dos pneus, o endurecimento da dire\u00e7\u00e3o no v\u00e9rtice e, depois, a ligeira liberta\u00e7\u00e3o quando se solta o acelerador. Numa base menos potente e mais fina, estas nuances s\u00e3o muitas vezes abafadas por um feedback ligeiramente desfocado. Aqui, mesmo com a pot\u00eancia global n\u00e3o levada ao m\u00e1ximo, a informa\u00e7\u00e3o chega de forma clara. Percebe-se imediatamente o que o carro est\u00e1 a fazer.<\/p>\n<p>Relativamente aos vibradores, o CSL DD \u00e9 afiado mas n\u00e3o destr\u00f3i o pulso. Os vibradores planos passam com uma vibra\u00e7\u00e3o curta e clara, enquanto os vibradores mais agressivos enviam impulsos muito pronunciados. N\u00e3o se tem a impress\u00e3o de uma vibra\u00e7\u00e3o artificial, mas de um contacto mec\u00e2nico mais honesto. Em compara\u00e7\u00e3o com uma base mais potente, perde-se um pouco da viol\u00eancia crua, mas ainda se tem detalhes mais do que suficientes para saber o que se est\u00e1 a fazer.<\/p>\n<p>Durante longas sess\u00f5es, a consist\u00eancia da base \u00e9 tranquilizadora. N\u00e3o h\u00e1 um aquecimento preocupante, nem uma perda gradual percet\u00edvel de pot\u00eancia em condi\u00e7\u00f5es normais. O bin\u00e1rio dispon\u00edvel mant\u00e9m-se est\u00e1vel e a sensa\u00e7\u00e3o de centro \u00e9 t\u00e3o clara como sempre. Em termos de conforto, a vantagem de n\u00e3o estar numa base ultra-potente \u00e9 que se pode conduzir durante muito tempo sem esgotar os antebra\u00e7os. \u00c9 f\u00e1cil encontrar um equil\u00edbrio entre imers\u00e3o e resist\u00eancia.<\/p>\n<p>Em correc\u00e7\u00f5es r\u00e1pidas, tais como a sa\u00edda de uma curva, a base acompanha-o sem estagnar. O feedback \u00e9 seco e preciso, mas n\u00e3o t\u00e3o brutal que seja surpreendente. O volante F1 Esports, que \u00e9 mais compacto, ajuda muito neste aspeto: \u00e9 leve, f\u00e1cil de manusear e as entradas r\u00e1pidas passam bem. A combina\u00e7\u00e3o da base Diret Drive com o volante F1 d\u00e1 uma sensa\u00e7\u00e3o de controlo muito direta. \u00c9 aqui que a base muda realmente a experi\u00eancia, especialmente se vieres de um volante com force feedback mais \"el\u00e1stico\".<\/p>\n<p>Comparado com uma base mais potente, como um Diret Drive topo de gama, o CSL DD parece estar a jogar um jogo mais razo\u00e1vel: menos bin\u00e1rio m\u00e1ximo, menos \"choque\" em grandes impactos. Mas para uma utiliza\u00e7\u00e3o dom\u00e9stica e um cockpit que n\u00e3o \u00e9 necessariamente ultra-r\u00edgido, isso \u00e9 quase uma vantagem. Obt\u00e9m-se mais do que se tem, sem ter de reduzir a pot\u00eancia para evitar que tudo vibre.<\/p>\n<h2>Para quem + Do que gostamos \/ Do que gostamos menos<\/h2>\n<p>Este pacote destina-se claramente ao simulador de PC que pretende dar um grande passo em frente sem embarcar numa configura\u00e7\u00e3o louca. Um principiante altamente motivado que sabe que vai ter de trabalhar muito, um intermedi\u00e1rio que j\u00e1 se sente \u00e0 vontade com os simuladores cl\u00e1ssicos, ou mesmo um entusiasta de simuladores experientes que quer uma segunda configura\u00e7\u00e3o mais compacta, todos encontrar\u00e3o algo do seu agrado. \u00c9 particularmente adequado para aqueles que conduzem muitos monolugares, F1, LMP, GTs modernos e prot\u00f3tipos, com um estilo de condu\u00e7\u00e3o limpo e orientado para o tempo.<\/p>\n<p>O que mais aprecio \u00e9 a rela\u00e7\u00e3o consist\u00eancia\/desempenho do conjunto. A base Diret Drive d\u00e1 ao FFB um verdadeiro impulso de precis\u00e3o e limpeza, sem se tornar incontrol\u00e1vel. O volante do F1 Esports est\u00e1 perfeitamente adaptado \u00e0 maioria das disciplinas modernas e d\u00e1 uma verdadeira sensa\u00e7\u00e3o de controlo, com comandos bem posicionados para gerir o ERS, o combust\u00edvel, o diferencial, etc. Por fim, o ecossistema Fanatec significa que este pacote n\u00e3o \u00e9 um fim em si mesmo, mas sim uma base s\u00f3lida que pode ser desenvolvida como desejar.<\/p>\n<p>Por outro lado, h\u00e1 limites a ter em conta. A pedaleira fornecida, embora correta, n\u00e3o est\u00e1 ao n\u00edvel das pedaleiras com c\u00e9lulas de carga mais ambiciosas. A propor\u00e7\u00e3o dos trav\u00f5es \u00e9 menos natural e menos reprodut\u00edvel do que com um sensor de press\u00e3o real, o que pode ser frustrante em simuladores muito exigentes. O volante, com um design muito semelhante ao do F1\/GT moderno, n\u00e3o \u00e9 ideal para quem pratica muito rali, drifting ou condu\u00e7\u00e3o de carros antigos, onde um volante mais largo e redondo \u00e9 mais adequado. Por fim, o acabamento geral, embora bom, n\u00e3o atinge o n\u00edvel premium das gamas mais altas: alguns pl\u00e1sticos s\u00e3o um pouco duros e o carro parece um pouco \"s\u00e9rie industrial\" em vez de luxo.<\/p>\n<p>Em termos de valor, continua a ser um investimento significativo, mas que faz sentido se quiser uma configura\u00e7\u00e3o que dure v\u00e1rios anos. A base \u00e9 suficientemente potente para n\u00e3o o limitar demasiado depressa e o facto de poder mais tarde atualizar a pedaleira ou adicionar outras rodas refor\u00e7a esta impress\u00e3o de uma compra \"evolutiva\" em vez de descart\u00e1vel.<\/p>\n<h2>Veredicto<\/h2>\n<p>O Fanatec CSL DD Ready2Race F1 Esports Premium Bundle para PC transforma claramente uma configura\u00e7\u00e3o cl\u00e1ssica de corrida simulada em algo muito mais s\u00e9rio. A mudan\u00e7a para Diret Drive, mesmo com esta pot\u00eancia razo\u00e1vel, altera a delicadeza da informa\u00e7\u00e3o que recebemos e a confian\u00e7a que podemos depositar no volante. Estamos a afastar-nos da sensa\u00e7\u00e3o de \"brinquedo melhorado\" e a aproximar-nos muito mais do que esperamos de um hardware orientado para o desempenho.<\/p>\n<p>No mercado, este pacote est\u00e1 posicionado como um pivot de gama m\u00e9dia: bem acima dos volantes de n\u00edvel de entrada com correias ou engrenagens, mas sem o excesso ou o custo dos Diret Drives exclusivos de topo de gama. \u00c9 ideal para aqueles que conduzem principalmente em PCs, querem uma combina\u00e7\u00e3o chave-na-m\u00e3o e esperam fazer grandes progressos sem ter de mudar todo o seu equipamento todos os anos.<\/p>\n<p>Se procura um pacote plug &amp; play para o PC, capaz de abrir o mundo do Diret Drive com um volante t\u00edpico da F1\/GT e muito espa\u00e7o para desenvolvimento, este produto pode claramente fazer toda a diferen\u00e7a na sua configura\u00e7\u00e3o.<\/p>","protected":false},"excerpt":{"rendered":"<p>Este pacote deu-me a sensa\u00e7\u00e3o de passar de uma configura\u00e7\u00e3o \"decente\" para uma ferramenta de condu\u00e7\u00e3o realmente s\u00e9ria, com um volante preciso e um feedback de for\u00e7a leg\u00edvel que rapidamente incutiu confian\u00e7a. Acima de tudo, faz sentido para os pilotos de simuladores de PC motivados com uma orienta\u00e7\u00e3o moderna para a F1\/GT, que querem dar um verdadeiro passo em frente sem entrar no topo do mercado. O investimento mant\u00e9m-se coerente gra\u00e7as ao ecossistema em evolu\u00e7\u00e3o.<\/p>","protected":false},"featured_media":100948,"comment_status":"open","ping_status":"closed","template":"","meta":{"_acf_changed":false,"_et_pb_use_builder":"","_et_pb_old_content":"","_et_gb_content_width":""},"product_brand":[158],"product_cat":[161,173],"product_tag":[149],"class_list":{"0":"post-100947","1":"product","2":"type-product","3":"status-publish","4":"has-post-thumbnail","6":"product_brand-fanatec","7":"product_cat-volant","8":"product_cat-volants-fanatec","9":"product_tag-pc","11":"first","12":"instock","13":"shipping-taxable","14":"product-type-external"},"acf":[],"_links":{"self":[{"href":"https:\/\/simracergear.com\/pt\/wp-json\/wp\/v2\/product\/100947","targetHints":{"allow":["GET"]}}],"collection":[{"href":"https:\/\/simracergear.com\/pt\/wp-json\/wp\/v2\/product"}],"about":[{"href":"https:\/\/simracergear.com\/pt\/wp-json\/wp\/v2\/types\/product"}],"replies":[{"embeddable":true,"href":"https:\/\/simracergear.com\/pt\/wp-json\/wp\/v2\/comments?post=100947"}],"wp:featuredmedia":[{"embeddable":true,"href":"https:\/\/simracergear.com\/pt\/wp-json\/wp\/v2\/media\/100948"}],"wp:attachment":[{"href":"https:\/\/simracergear.com\/pt\/wp-json\/wp\/v2\/media?parent=100947"}],"wp:term":[{"taxonomy":"product_brand","embeddable":true,"href":"https:\/\/simracergear.com\/pt\/wp-json\/wp\/v2\/product_brand?post=100947"},{"taxonomy":"product_cat","embeddable":true,"href":"https:\/\/simracergear.com\/pt\/wp-json\/wp\/v2\/product_cat?post=100947"},{"taxonomy":"product_tag","embeddable":true,"href":"https:\/\/simracergear.com\/pt\/wp-json\/wp\/v2\/product_tag?post=100947"}],"curies":[{"name":"wp","href":"https:\/\/api.w.org\/{rel}","templated":true}]}}