{"id":100957,"date":"2025-05-15T07:56:00","date_gmt":"2025-05-15T07:56:00","guid":{"rendered":"https:\/\/simracergear.com\/products\/fanatec-csl-dd-ready2race-forza-motorsport-bundle-5-nm-for-xbox-pc\/"},"modified":"2025-11-28T04:53:05","modified_gmt":"2025-11-28T04:53:05","slug":"fanatec-csl-dd-ready2race-forza-motorsport-bundle-5-nm-for-xbox-pc","status":"publish","type":"product","link":"https:\/\/simracergear.com\/pt\/products\/fanatec-csl-dd-ready2race-forza-motorsport-bundle-5-nm-for-xbox-pc\/","title":{"rendered":"Pacote Fanatec CSL DD Ready2Race Forza Motorsport (5 Nm) para Xbox e PC"},"content":{"rendered":"<h2>Fanatec CSL DD Ready2Race Forza Motorsport (5 Nm): o pack que realmente leva as coisas para o pr\u00f3ximo n\u00edvel?<\/h2>\n<p>O Fanatec CSL DD Ready2Race Forza Motorsport Bundle (5 Nm) \u00e9 claramente o ponto de entrada \"s\u00e9rio\" no mundo da transmiss\u00e3o direta na Xbox e no PC. J\u00e1 n\u00e3o estamos a falar de um simples volante acionado por correia para principiantes, mas ainda n\u00e3o numa base de corrida extrema. \u00c9 um pacote concebido para aqueles que querem deixar de \"brincar\" com um volante e come\u00e7ar a \"conduzir\" com algo cred\u00edvel.<\/p>\n<p>No papel, promete uma transmiss\u00e3o direta limpa, precisa e compacta, com um volante estilo Xbox Forza Motorsport e uma pedaleira CSL simples mas atualiz\u00e1vel. A ideia \u00e9 oferecer um conjunto coerente e pronto a utilizar que seja acess\u00edvel em compara\u00e7\u00e3o com os conjuntos mais musculados do mercado.<\/p>\n<p>O meu ponto de vista \u00e9 simples: ser\u00e1 que este pack, na sua vers\u00e3o de 5Nm, oferece um verdadeiro salto em frente em termos de sensa\u00e7\u00e3o em compara\u00e7\u00e3o com os volantes de correia de n\u00edvel b\u00e1sico\/m\u00e9dio? Ser\u00e1 que se mant\u00e9m ao longo do tempo, em termos de conforto, imers\u00e3o e versatilidade, sem nos obrigar a mudar tudo daqui a seis meses? E, acima de tudo, a combina\u00e7\u00e3o base + volante + pedais \u00e9 equilibrada ou um elemento est\u00e1 claramente a prejudicar os restantes?<\/p>\n<h2>Conce\u00e7\u00e3o e fabrico: um conjunto compacto mas s\u00e9rio<\/h2>\n<p>Na m\u00e3o, a base do CSL DD exala imediatamente algo mais s\u00e9rio do que um volante de consumo convencional. O corpo compacto e denso de metal d\u00e1 a impress\u00e3o de um bloco s\u00f3lido. Tem-se a sensa\u00e7\u00e3o de que foi feita para ser segurada com firmeza e nunca se mover. As aletas de arrefecimento integradas contribuem para esta sensa\u00e7\u00e3o de um produto \"limpo\", concebido para funcionar durante muito tempo sem sobreaquecer ou emitir um ru\u00eddo agressivo da ventoinha.<\/p>\n<p>O volante Forza Motorsport inclu\u00eddo, orientado para a Xbox, \u00e9 uma mistura de metal e pl\u00e1stico, com uma zona de ader\u00eancia que n\u00e3o deixa de ser agrad\u00e1vel. N\u00e3o \u00e9 couro de alta costura, mas a ader\u00eancia \u00e9 decente, os bot\u00f5es ficam bem debaixo dos dedos e a cruz direcional e as teclas Xbox s\u00e3o f\u00e1ceis de alcan\u00e7ar. O que \u00e9 impressionante \u00e9 o facto de n\u00e3o parecer um brinquedo. Sente-se que se est\u00e1 em cima de volantes de pl\u00e1stico muito flex\u00edveis. A rigidez do aro \u00e9 decente, sem estar ao n\u00edvel das jantes topo de gama da marca.<\/p>\n<p>As p\u00e1s s\u00e3o met\u00e1licas, com um clique n\u00edtido e limpo. N\u00e3o s\u00e3o ultra-silenciosas, mas t\u00eam uma sensa\u00e7\u00e3o mec\u00e2nica real. A montagem geral \u00e9 limpa, sem folga excessiva ou rangidos preocupantes. Os pedais CSL, por outro lado, s\u00e3o um pouco mais \"visualmente b\u00e1sicos\": metal e pl\u00e1stico, um design simples, mas uma estrutura bastante r\u00edgida quando corretamente instalada ou fixada. Os pedais oferecem uma boa resist\u00eancia para os principiantes, especialmente o trav\u00e3o, que oferece um certo grau de progressividade, mesmo sem c\u00e9lula de carga.<\/p>\n<p>Em compara\u00e7\u00e3o com os kits completos mais comuns, ganhamos em densidade, rigidez percet\u00edvel e seriedade geral. Por outro lado, quando comparado com volantes e jantes topo de gama da mesma marca, \u00e9 evidente que este conjunto foi concebido para ser contido: acabamentos menos luxuosos, materiais ligeiramente mais simples no volante e nos pedais, mas coerentes com o posicionamento.<\/p>\n<h2>Defini\u00e7\u00f5es, personaliza\u00e7\u00e3o e compatibilidade: um ecossistema tranquilizador<\/h2>\n<p>No que diz respeito \u00e0s defini\u00e7\u00f5es, a Fanatec mant\u00e9m-se fiel \u00e0 sua forma: controla-se uma grande parte dos par\u00e2metros diretamente a partir do volante e da base e, em seguida, afina-se com o software para PC. As predefini\u00e7\u00f5es incorporadas para diferentes jogos s\u00e3o muito \u00fateis no in\u00edcio. Pode lan\u00e7ar alguns t\u00edtulos importantes na Xbox ou no PC e obter algo que j\u00e1 est\u00e1 equilibrado, sem ter de passar uma hora nos menus.<\/p>\n<p>As defini\u00e7\u00f5es realmente \u00fateis est\u00e3o l\u00e1: for\u00e7a total, filtro, intensidade dos efeitos, sensa\u00e7\u00e3o de fric\u00e7\u00e3o, interpola\u00e7\u00e3o... Pode adaptar o comportamento do Diret Drive ao seu estilo, mais suave ou mais \u00e1spero. H\u00e1 claramente uma curva de aprendizagem, especialmente se quiser tirar o m\u00e1ximo partido do FFB. Mas a base pode ser explorada muito rapidamente: mesmo com alguns ajustes simples, \u00e9 poss\u00edvel obter um resultado convincente. Aqueles que gostam de otimizar poder\u00e3o aprofundar cada par\u00e2metro, enquanto aqueles que querem jogar de imediato n\u00e3o ficar\u00e3o perdidos.<\/p>\n<p>A compatibilidade com a Xbox e o PC \u00e9 um verdadeiro ponto forte deste pacote. A presen\u00e7a dos bot\u00f5es Xbox no volante facilita a sua utiliza\u00e7\u00e3o nas consolas, com um reconhecimento geralmente direto. No PC, o ecossistema Fanatec \u00e9 amplamente suportado pelos principais jogos de simula\u00e7\u00e3o de corridas e por outros jogos de corridas de estilo arcade. Basta lig\u00e1-lo, selecionar o perfil ou atribuir os controlos e j\u00e1 est\u00e1.<\/p>\n<p>O ecossistema envolvente faz toda a diferen\u00e7a: mais tarde, pode trocar o volante por um modelo mais racing, adicionar uma alavanca de velocidades em H ou sequencial, um trav\u00e3o de m\u00e3o anal\u00f3gico, atualizar o pedaleiro com um m\u00f3dulo de c\u00e9lula de carga ou at\u00e9 aumentar o chainstay para 8 Nm com o kit de atualiza\u00e7\u00e3o, se ainda n\u00e3o o tiver. \u00c9 claramente um ponto de entrada para algo mais substancial, sem ser um beco sem sa\u00edda. O conjunto funciona como uma base duradoura, que pode ser actualizada por fases, o que \u00e9 muito apreciado quando n\u00e3o se quer comprar tudo de uma vez.<\/p>\n<h2>Sensa\u00e7\u00f5es no jogo: onde a Diret Drive muda realmente o jogo<\/h2>\n<p>Na pista virtual, a diferen\u00e7a mais clara em rela\u00e7\u00e3o a um volante acionado por correia \u00e9 a precis\u00e3o do force feedback. Com 5 Nm, n\u00e3o estamos a falar de viol\u00eancia, mas de delicadeza. Os pequenos fragmentos de informa\u00e7\u00e3o sobre a ader\u00eancia, as microperdas de ader\u00eancia, as transi\u00e7\u00f5es entre subviragem e sobreviragem s\u00e3o todos transmitidos ao volante. \u00c9 poss\u00edvel sentir rapidamente o ponto em que os pneus come\u00e7am a falhar. Percebe-se imediatamente o que o carro est\u00e1 a fazer.<\/p>\n<p>Nas curvas r\u00e1pidas, a dire\u00e7\u00e3o mant\u00e9m-se est\u00e1vel e f\u00e1cil de ler. O bin\u00e1rio n\u00e3o \u00e9 monstruoso, pelo que n\u00e3o se tem a sensa\u00e7\u00e3o de estar a lutar fisicamente com a base. \u00c9 mais como um volante que \u00e9 f\u00e1cil de controlar, ao mesmo tempo que transmite claramente os seus esfor\u00e7os. Para utiliza\u00e7\u00e3o em consolas na sala de estar ou num pequeno cockpit, \u00e9 um bom compromisso: mant\u00e9m a precis\u00e3o t\u00edpica da tecnologia Diret Drive sem necessitar de um chassis ultra-r\u00edgido para suportar for\u00e7as extremas.<\/p>\n<p>A leitura da ader\u00eancia \u00e9 um verdadeiro ponto forte. Numa pista seca, o volante d\u00e1 sinais subtis: um ligeiro aligeiramento no in\u00edcio do bloqueio, uma vibra\u00e7\u00e3o fina nos bordos, uma resist\u00eancia vari\u00e1vel quando se altera o \u00e2ngulo ou a carga. Em piso molhado ou em superf\u00edcies degradadas, as varia\u00e7\u00f5es s\u00e3o suficientemente claras para antecipar a perda de ader\u00eancia. N\u00e3o se obt\u00e9m a viol\u00eancia sensorial de uma base mais potente, mas ganha-se em confian\u00e7a. Atreve-se a levar o carro um pouco mais longe, precisamente porque consegue ler melhor o que se est\u00e1 a passar.<\/p>\n<p>As vibra\u00e7\u00f5es e as arestas s\u00e3o bem reproduzidas, especialmente nos jogos que tratam estes efeitos corretamente. Consegue-se sentir a textura, a frequ\u00eancia, sem que seja um tremor artificial. Isto evita o efeito de \"comando vibrat\u00f3rio\" e mant\u00e9m a coer\u00eancia com a dire\u00e7\u00e3o. \u00c9 aqui que a base muda realmente a experi\u00eancia: as reac\u00e7\u00f5es do volante parecem estar ligadas ao carro e n\u00e3o apenas aos gui\u00f5es.<\/p>\n<p>Em sess\u00f5es longas, o bin\u00e1rio moderado de 5 Nm torna-se uma vantagem em termos de conforto. \u00c9 poss\u00edvel fazer sess\u00f5es de trabalho sem sair do caminho devido \u00e0 fadiga do antebra\u00e7o. A consist\u00eancia \u00e9 boa: sem aquecimento excessivo, sem sensa\u00e7\u00e3o de perda de pot\u00eancia durante uma sess\u00e3o. O Diret Drive d\u00e1-lhe essa sensa\u00e7\u00e3o de fluidez mec\u00e2nica, sem correias ou engrenagens para filtrar ou distorcer o sinal.<\/p>\n<p>Nas correc\u00e7\u00f5es r\u00e1pidas, a base reage rapidamente. O volante regressa, alivia e endurece de forma previs\u00edvel. A captura de uma derrapagem, de uma sobreviragem ou de um pequeno erro de travagem torna-se mais intuitiva. Em compara\u00e7\u00e3o com um volante menos potente acionado por correia, \u00e9 poss\u00edvel sentir claramente a melhoria da capacidade de resposta e da limpeza do sinal. Em compara\u00e7\u00e3o com um Diret Drive mais potente (acima de 8-10 Nm), perde-se obviamente em intensidade bruta e \"solavancos\" f\u00edsicos, mas mant\u00e9m-se o essencial: uma leitura fina dos acontecimentos e um controlo muito agrad\u00e1vel.<\/p>\n<p>A imers\u00e3o geral \u00e9 s\u00f3lida para um pacote deste n\u00edvel. Recebes feedback e informa\u00e7\u00f5es suficientes para te sentires ligado ao carro sem que isso seja intimidante. No final, temos um volante que nos d\u00e1 vontade de progredir, de melhorar as traject\u00f3rias, os pontos de travagem e as manobras. Para muitos jogadores, \u00e9 uma verdadeira mudan\u00e7a de mundo em compara\u00e7\u00e3o com o seu primeiro volante.<\/p>\n<h2>A quem se destina? Pontos fortes e fracos reais<\/h2>\n<p>O CSL DD Ready2Race Forza Motorsport 5 Nm dirige-se principalmente a dois perfis: os principiantes motivados que pretendem come\u00e7ar diretamente com uma configura\u00e7\u00e3o cred\u00edvel e atualiz\u00e1vel e os jogadores interm\u00e9dios que est\u00e3o fartos dos volantes de entrada de gama e pretendem mudar para o Diret Drive sem estourar o or\u00e7amento. Na Xbox, \u00e9 particularmente interessante para aqueles que querem uma combina\u00e7\u00e3o pronta a utilizar, reconhecida e est\u00e1vel. No PC, continua a ser muito relevante, especialmente se quiser tirar partido do ecossistema Fanatec.<\/p>\n<p>Uma das coisas que mais aprecio \u00e9 a qualidade do feedback de for\u00e7a para esta pot\u00eancia. O feedback \u00e9 limpo, preciso e f\u00e1cil de ler. Sente-se realmente a diferen\u00e7a em rela\u00e7\u00e3o aos volantes de in\u00e9rcia convencionais acionados por correia, sem exagerar. Al\u00e9m disso, a compacidade e o acabamento da base permitem integr\u00e1-lo facilmente numa secret\u00e1ria ou num cockpit ligeiro, sem grandes constrangimentos. Por fim, o ecossistema Fanatec e a possibilidade de atualiza\u00e7\u00e3o do conjunto (volantes, pedais, atualiza\u00e7\u00e3o de pot\u00eancia, man\u00edpulos de mudan\u00e7as) fazem dele um investimento coerente ao longo do tempo. N\u00e3o est\u00e1 a comprar um beco sem sa\u00edda, est\u00e1 a comprar uma plataforma.<\/p>\n<p>No entanto, h\u00e1 limites. O primeiro \u00e9 a pot\u00eancia de 5 Nm, que, embora seja suficiente para a maioria dos jogadores, pode deixar aqueles que procuram uma sensa\u00e7\u00e3o muito f\u00edsica ou que j\u00e1 t\u00eam uma base potente a desejar mais. O compromisso \u00e9 claramente uma quest\u00e3o de acessibilidade. O segundo \u00e9 a pedaleira CSL b\u00e1sica, que \u00e9 perfeitamente adequada para principiantes, mas que mostrar\u00e1 as suas limita\u00e7\u00f5es se come\u00e7ar a procurar pistas de travagem mais avan\u00e7adas; a atualiza\u00e7\u00e3o para uma c\u00e9lula de carga torna-se quase inevit\u00e1vel a m\u00e9dio prazo para corridas de simula\u00e7\u00e3o s\u00e9rias. Em terceiro lugar, o acabamento do volante \u00e9 decente, mas n\u00e3o \u00e9 de primeira qualidade: alguns dos materiais e a sensa\u00e7\u00e3o fazem lembrar um produto de gama m\u00e9dia, n\u00e3o uma jante topo de gama.<\/p>\n<p>Em termos de valor percebido, o pacote continua a ser um investimento significativo, mas oferece um verdadeiro salto qualitativo. Est\u00e1 a pagar pelo Diret Drive, pela compatibilidade Xbox\/PC, por um ecossistema completo e por uma base que pode suportar v\u00e1rias actualiza\u00e7\u00f5es de configura\u00e7\u00e3o. Para algu\u00e9m que sabe que vai continuar a dedicar-se \u00e0s corridas de simuladores, a rela\u00e7\u00e3o investimento\/vida \u00fatil \u00e9 bastante boa.<\/p>\n<h2>Veredicto: um verdadeiro pivot para as corridas de simuladores \"reais\".<\/h2>\n<p>Este pacote Fanatec CSL DD Ready2Race Forza Motorsport 5 Nm muda uma coisa acima de tudo numa configura\u00e7\u00e3o: a qualidade da liga\u00e7\u00e3o entre ti e o carro. Passamos de um volante que \"simula\" um pouco a estrada para uma base que transmite realmente o que o chassis virtual est\u00e1 a fazer. A precis\u00e3o da Diret Drive, mesmo com 5 Nm, \u00e9 mais do que suficiente para transformar a forma como conduz, a forma como corrige e a forma como sente a ader\u00eancia.<\/p>\n<p>No mercado, este pack est\u00e1 claramente posicionado como um pivot de gama m\u00e9dia: acima dos volantes cl\u00e1ssicos do mercado de massas, mas abaixo das bases Diret Drive topo de gama com pedais fortemente equipados. \u00c9 uma solu\u00e7\u00e3o que faz sentido para muitos jogadores s\u00e9rios, sem visar o ultra-simracer que quer tudo desde o in\u00edcio.<\/p>\n<p>Recomendo-o a jogadores regulares que queiram levar a sua experi\u00eancia de jogo para o n\u00edvel seguinte e que gostem da ideia de integrar gradualmente o seu hardware no ecossistema Fanatec. Para quem joga ocasionalmente ou est\u00e1 apenas \u00e0 procura de uma solu\u00e7\u00e3o ultra-barata, n\u00e3o ser\u00e1 a melhor escolha. Da mesma forma, se o seu objetivo \u00e9 obter imediatamente uma pot\u00eancia muito elevada e uma pedaleira de corrida, ser\u00e1 melhor procurar diretamente mais acima.<\/p>\n<p>Se est\u00e1s \u00e0 procura da tua primeira unidade Xbox\/PC Diret Drive real, s\u00e9ria, escal\u00e1vel e j\u00e1 muito divertida todos os dias, este produto pode fazer toda a diferen\u00e7a na tua configura\u00e7\u00e3o.<\/p>","protected":false},"excerpt":{"rendered":"<p>Este pacote deu-me a sensa\u00e7\u00e3o de passar de um volante de \"jogo\" para uma ferramenta de condu\u00e7\u00e3o s\u00e9ria, com uma liga\u00e7\u00e3o muito mais clara ao carro. Faz sentido para os jogadores habituais da Xbox ou do PC que queiram uma Diret Drive cred\u00edvel e atualiz\u00e1vel pela primeira vez. O pacote completo oferece um valor consistente se te quiseres dedicar \u00e0s corridas de simuladores.<\/p>","protected":false},"featured_media":100958,"comment_status":"open","ping_status":"closed","template":"","meta":{"_acf_changed":false,"_et_pb_use_builder":"","_et_pb_old_content":"","_et_gb_content_width":""},"product_brand":[158],"product_cat":[161,173,170,169],"product_tag":[149,160],"class_list":{"0":"post-100957","1":"product","2":"type-product","3":"status-publish","4":"has-post-thumbnail","6":"product_brand-fanatec","7":"product_cat-volant","8":"product_cat-volants-fanatec","9":"product_cat-volants-xbox-one","10":"product_cat-volants-xbox-series-x-s","11":"product_tag-pc","12":"product_tag-xbox","14":"first","15":"instock","16":"shipping-taxable","17":"product-type-external"},"acf":[],"_links":{"self":[{"href":"https:\/\/simracergear.com\/pt\/wp-json\/wp\/v2\/product\/100957","targetHints":{"allow":["GET"]}}],"collection":[{"href":"https:\/\/simracergear.com\/pt\/wp-json\/wp\/v2\/product"}],"about":[{"href":"https:\/\/simracergear.com\/pt\/wp-json\/wp\/v2\/types\/product"}],"replies":[{"embeddable":true,"href":"https:\/\/simracergear.com\/pt\/wp-json\/wp\/v2\/comments?post=100957"}],"wp:featuredmedia":[{"embeddable":true,"href":"https:\/\/simracergear.com\/pt\/wp-json\/wp\/v2\/media\/100958"}],"wp:attachment":[{"href":"https:\/\/simracergear.com\/pt\/wp-json\/wp\/v2\/media?parent=100957"}],"wp:term":[{"taxonomy":"product_brand","embeddable":true,"href":"https:\/\/simracergear.com\/pt\/wp-json\/wp\/v2\/product_brand?post=100957"},{"taxonomy":"product_cat","embeddable":true,"href":"https:\/\/simracergear.com\/pt\/wp-json\/wp\/v2\/product_cat?post=100957"},{"taxonomy":"product_tag","embeddable":true,"href":"https:\/\/simracergear.com\/pt\/wp-json\/wp\/v2\/product_tag?post=100957"}],"curies":[{"name":"wp","href":"https:\/\/api.w.org\/{rel}","templated":true}]}}