{"id":100967,"date":"2025-05-15T07:57:00","date_gmt":"2025-05-15T07:57:00","guid":{"rendered":"https:\/\/simracergear.com\/products\/fanatec-csl-dd-ready2race-mclaren-bundle-for-xbox-pc\/"},"modified":"2025-11-28T04:53:45","modified_gmt":"2025-11-28T04:53:45","slug":"fanatec-csl-dd-ready2race-mclaren-bundle-for-xbox-pc","status":"publish","type":"product","link":"https:\/\/simracergear.com\/pt\/products\/fanatec-csl-dd-ready2race-mclaren-bundle-for-xbox-pc\/","title":{"rendered":"Pacote Fanatec CSL DD Ready2Race McLaren para Xbox e PC"},"content":{"rendered":"<h2>Pacote Fanatec CSL DD Ready2Race McLaren: um verdadeiro pacote \"level up\" para Xbox e PC<\/h2>\n<p>O Fanatec CSL DD Ready2Race McLaren Bundle para Xbox e PC destina-se a um segmento muito espec\u00edfico do mercado: aqueles que pretendem fazer uma mudan\u00e7a s\u00e9ria para a Diret Drive, sem atualizar imediatamente para hardware de simula\u00e7\u00e3o \"hardcore\" que custa v\u00e1rios milhares de euros. \u00c9 um pacote concebido para dar um grande salto nas sensa\u00e7\u00f5es numa \u00fanica caixa: base Diret Drive CSL DD, volante McLaren licenciado, pedais, tudo plug-and-play na Xbox e no PC.<\/p>\n<p>No papel, a promessa \u00e9 clara: mais bin\u00e1rio, mais precis\u00e3o, um n\u00edvel de imers\u00e3o muito superior ao das transmiss\u00f5es por correia ou por engrenagem de n\u00edvel b\u00e1sico, mantendo-se utiliz\u00e1vel no dia a dia, mesmo para algu\u00e9m que acabou de se formar a partir de um volante convencional.<\/p>\n<p>O meu ponto de vista \u00e9 simples: veja o que este pacote muda efetivamente em tr\u00eas \u00e1reas. A delicadeza das sensa\u00e7\u00f5es (leitura da ader\u00eancia, detalhes da pista), a versatilidade (jogos, plataformas, defini\u00e7\u00f5es) e o conforto de utiliza\u00e7\u00e3o ao longo do tempo. Resumindo: ser\u00e1 este um bom ponto de entrada no ecossistema Fanatec ou apenas um kit de \"marketing\" baseado no log\u00f3tipo da McLaren?<\/p>\n<p>Assim que se come\u00e7a a dar as voltas, uma coisa fica clara: estamos numa categoria diferente do cl\u00e1ssico volante de berlina. Consegue-se realmente sentir o que o carro est\u00e1 a fazer.<\/p>\n<h2>Design e fabrico: s\u00e9rio, compacto, com alguns compromissos<\/h2>\n<p>O cora\u00e7\u00e3o do conjunto \u00e9 a base CSL DD. Visualmente, \u00e9 compacta e s\u00f3bria, com um grande bloco de alum\u00ednio com alhetas que funciona como dissipador de calor. Na m\u00e3o, tem-se uma impress\u00e3o real de densidade. Parece uma pe\u00e7a de equipamento s\u00e9ria, n\u00e3o um brinquedo. Montado num cockpit r\u00edgido, nada se mexe, mesmo com o aumento de bin\u00e1rio. A rigidez geral \u00e9 muito boa para este n\u00edvel de modelo.<\/p>\n<p>O volante McLaren \u00e9 o grande \"\u00edman de olhares\" do pack. A forma reproduz um GT moderno, com pegas laterais, uma infinidade de bot\u00f5es, interruptores rotativos e patilhas. Sente-se bem na m\u00e3o, com punhos bem desenhados, um tamanho ideal para GTs e prot\u00f3tipos, e um acabamento geral limpo. Os pl\u00e1sticos n\u00e3o s\u00e3o absolutamente de primeira qualidade, mas s\u00e3o muito superiores aos da maioria dos volantes de consola. As patilhas de mudan\u00e7a de velocidades s\u00e3o n\u00edtidas, com um clique claro, mesmo que n\u00e3o estejamos ao n\u00edvel das mec\u00e2nicas mais topo de gama do mercado.<\/p>\n<p>A montagem geral inspira confian\u00e7a. N\u00e3o h\u00e1 qualquer folga detet\u00e1vel no cubo, nem qualquer rangido suspeito quando se pressiona o batente. O conjunto de pedivelas fornecido neste tipo de conjunto \u00e9 visualmente mais simples, feito principalmente de metal, com uma constru\u00e7\u00e3o robusta mas b\u00e1sica. Cumpre a sua fun\u00e7\u00e3o em termos de solidez, sem a sofistica\u00e7\u00e3o visual das pedaleiras com c\u00e9lulas de carga dedicadas.<\/p>\n<p>O que pode ser um pouco dececionante \u00e9 a sensa\u00e7\u00e3o geral de alguns dos pl\u00e1sticos no volante, em compara\u00e7\u00e3o com volantes verdadeiramente premium, e uma unidade de pedal claramente destinada a ser um ponto de partida e n\u00e3o um produto definitivo. No entanto, em compara\u00e7\u00e3o com outras combina\u00e7\u00f5es de gama m\u00e9dia acionadas por correia, h\u00e1 uma melhoria clara na base e na sensa\u00e7\u00e3o mec\u00e2nica do volante.<\/p>\n<h2>Defini\u00e7\u00f5es, personaliza\u00e7\u00e3o e compatibilidade: um verdadeiro ecossistema nos bastidores<\/h2>\n<p>No que diz respeito \u00e0s regula\u00e7\u00f5es, estamos tipicamente no esp\u00edrito Fanatec: a base oferece um menu de bordo com os principais par\u00e2metros (for\u00e7a m\u00e1xima, filtro, linearidade, etc.) e o software para PC permite ir mais longe. As predefini\u00e7\u00f5es fornecidas para os principais jogos j\u00e1 s\u00e3o utiliz\u00e1veis, pelo que se pode come\u00e7ar muito rapidamente. Na minha opini\u00e3o, a curva de aprendizagem \u00e9 bastante suave: compreende-se rapidamente o que muda o qu\u00ea, mesmo que n\u00e3o se seja um engenheiro de FFB.<\/p>\n<p>As defini\u00e7\u00f5es que s\u00e3o realmente \u00fateis no dia a dia s\u00e3o a pot\u00eancia global do FFB, o filtro para suavizar ou refinar o retorno e a velocidade de retorno ao centro. Ajustando estes tr\u00eas par\u00e2metros, pode facilmente adaptar o conjunto ao seu estilo: mais suave e indulgente para um principiante, mais duro e \u00e1spero para um ciclista habituado a longas sess\u00f5es. Tamb\u00e9m \u00e9 poss\u00edvel ajustar a rota\u00e7\u00e3o de acordo com o jogo que se est\u00e1 a jogar, o que \u00e9 \u00fatil para mudar de um GT3 para um rali ou monolugar.<\/p>\n<p>A compatibilidade \u00e9 um ponto forte. No PC, a base integra-se muito bem na maioria dos jogos modernos de simula\u00e7\u00e3o e de corridas. Na Xbox, o pacote foi concebido para funcionar de forma nativa, o que limita quaisquer surpresas desagrad\u00e1veis em termos de reconhecimento. Isto faz com que seja uma op\u00e7\u00e3o cred\u00edvel para quem alterna regularmente entre a consola e o PC, ou para quem pretende atualizar para PC numa data posterior.<\/p>\n<p>A grande atra\u00e7\u00e3o \u00e9 o ecossistema que o acompanha. Este pack \u00e9 uma porta de entrada para o mundo Fanatec: outros volantes, man\u00edpulos de mudan\u00e7as, trav\u00f5es de m\u00e3o, pedaleiros mais avan\u00e7ados, tudo pode ser adicionado. A base CSL DD continua a ser suficientemente potente para suportar esta subida de gama. Pode come\u00e7ar com este pacote e atualizar apenas a pedaleira ou o volante mais tarde.<\/p>\n<p>Em termos de possibilidade de atualiza\u00e7\u00e3o, este n\u00e3o \u00e9 um kit descart\u00e1vel. \u00c9 uma base que pode continuar a ser o centro da configura\u00e7\u00e3o durante muito tempo, especialmente se conduzir principalmente GT, touring ou F1 na Xbox\/PC.<\/p>\n<h2>Sensa\u00e7\u00f5es no jogo: a Diret Drive acess\u00edvel que muda o jogo<\/h2>\n<p>Este conjunto \u00e9 realmente muito \u00fatil na pista virtual. A mudan\u00e7a para Diret Drive, mesmo com esta pot\u00eancia, \u00e9 imediatamente sentida na precis\u00e3o do force feedback. A dire\u00e7\u00e3o torna-se mais \"viva\", mais leg\u00edvel. As micro-varia\u00e7\u00f5es na carga frontal, as transfer\u00eancias de massa e o in\u00edcio da subviragem ou da sobreviragem s\u00e3o rapidamente vis\u00edveis. A mensagem do volante \u00e9 mais clara, mais limpa e menos filtrada do que num sistema acionado por correia.<\/p>\n<p>Nas curvas, o carro \u00e9 muito mais progressivo. Quando entramos numa curva, o volante \"fala\": podemos sentir o carro a assentar na sua posi\u00e7\u00e3o, podemos sentir a ader\u00eancia a aumentar e, depois, ele p\u00e1ra se formos demasiado fortes. \u00c9 nesta fase de transi\u00e7\u00e3o que o CSL DD se destaca. Sabe-se mais cedo quando se est\u00e1 a ir longe demais. O carro n\u00e3o nos surpreende, avisa-nos. Isto \u00e9 inestim\u00e1vel para afinar as suas traject\u00f3rias ou trabalhar na consist\u00eancia.<\/p>\n<p>Nos vibradores, a diferen\u00e7a em rela\u00e7\u00e3o a uma base menos potente \u00e9 evidente. O volante n\u00e3o bate estupidamente, reproduz a textura. Uma sucess\u00e3o de vibradores r\u00e1pidos n\u00e3o se transforma numa vibra\u00e7\u00e3o desordenada. \u00c9 poss\u00edvel distinguir entre um vibrador plano, um vibrador agressivo ou uma simples liga\u00e7\u00e3o de betume. Esta delicadeza acrescenta muito \u00e0 imers\u00e3o, especialmente em circuitos bem modelados.<\/p>\n<p>A leitura da ader\u00eancia \u00e9 uma grande vantagem. Em condi\u00e7\u00f5es mistas ou no limite da ader\u00eancia, \u00e9 poss\u00edvel sentir a mais pequena perda de ader\u00eancia traseira no volante, mesmo antes de o temporizador a confirmar. Para correc\u00e7\u00f5es r\u00e1pidas, o bin\u00e1rio de base ajuda muito. \u00c9 poss\u00edvel apanhar o in\u00edcio de uma derrapagem com movimentos curtos e precisos, sem que o volante se sinta \"lento\" ou atrasado. Enquanto uma base acionada por correia d\u00e1 por vezes a impress\u00e3o de atraso, a Diret Drive responde imediatamente.<\/p>\n<p>Em longas sess\u00f5es, a consist\u00eancia \u00e9 boa. A base n\u00e3o aquece ao ponto de perder for\u00e7a e a sensa\u00e7\u00e3o mant\u00e9m-se est\u00e1vel. O que mais se sente \u00e9 a fadiga, que est\u00e1 mais relacionada com a intensidade dos sinais do que com a falta de pot\u00eancia. Com regula\u00e7\u00f5es moderadas, \u00e9 poss\u00edvel realizar longas retransmiss\u00f5es sem que os antebra\u00e7os rebentem, conservando ao mesmo tempo as informa\u00e7\u00f5es essenciais. Ao aumentar a pot\u00eancia, ganha-se em for\u00e7a f\u00edsica, mas paga-se em fadiga. \u00c9 uma quest\u00e3o de escolha pessoal.<\/p>\n<p>Em compara\u00e7\u00e3o com uma base menos potente, o ganho est\u00e1 claramente na capacidade de rea\u00e7\u00e3o e na delicadeza. H\u00e1 menos a sensa\u00e7\u00e3o de ter um grande el\u00e1stico entre as m\u00e3os e a estrada. Em compara\u00e7\u00e3o com os Diret Drives muito mais potentes, perde-se um pouco em termos de brutalidade e de \"aperto\" da dire\u00e7\u00e3o quando se for\u00e7a muito. Mas para uma utiliza\u00e7\u00e3o mista Xbox\/PC, numa sala de estar ou num cockpit compacto, este n\u00edvel de for\u00e7a \u00e9 mais do que suficiente para ser envolvente e instrutivo.<\/p>\n<p>A imers\u00e3o geral \u00e9 muito maior. O volante McLaren, com a sua forma e controlos GT, refor\u00e7a este efeito: visualmente e na m\u00e3o, sente-se como se estivesse num verdadeiro carro de corrida moderno. Os bot\u00f5es s\u00e3o facilmente acess\u00edveis durante a corrida, para que possa gerir o controlo de tra\u00e7\u00e3o, o ABS e o mapeamento sem perder o ritmo. O foco est\u00e1 na condu\u00e7\u00e3o, n\u00e3o na t\u00e9cnica.<\/p>\n<h2>A quem se destina? Do que gostamos \/ Do que n\u00e3o gostamos<\/h2>\n<p>Este pacote destina-se claramente a um perfil de utilizador espec\u00edfico: o simulador motivado, j\u00e1 um pouco f\u00e3, que quer dar um grande passo em frente em termos de sensa\u00e7\u00f5es sem come\u00e7ar com uma f\u00e1brica de g\u00e1s. Para um principiante, \u00e9 poss\u00edvel, mas um pouco ambicioso; para um jogador interm\u00e9dio da Xbox ou do PC que venha de um volante com correia ou engrenagem, \u00e9 um verdadeiro upgrade. Para um condutor experiente que n\u00e3o esteja \u00e0 procura do bin\u00e1rio m\u00e1ximo, \u00e9 uma combina\u00e7\u00e3o coerente que pode ser utilizada no dia a dia.<\/p>\n<p>Entre os pontos que realmente me agradaram, o primeiro foi a rela\u00e7\u00e3o entre a sensa\u00e7\u00e3o e o tamanho. A base \u00e9 compacta mas proporciona um FFB limpo e preciso que transforma a forma como se l\u00ea o carro. O segundo aspeto positivo \u00e9 o ecossistema Fanatec. Sabemos que podemos manter esta base como o nosso \"cora\u00e7\u00e3o\" e desenvolver o resto ao longo do tempo, sem come\u00e7ar do zero. Por fim, o volante McLaren \u00e9 uma verdadeira mais-valia em termos de ergonomia de corrida: as formas, os bot\u00f5es e as patilhas incentivam-no a gostar de conduzir GTs ou prot\u00f3tipos.<\/p>\n<p>No que diz respeito aos limites, a pedaleira fornecida d\u00e1 conta do recado, mas mostra rapidamente as suas limita\u00e7\u00f5es se quisermos realmente trabalhar no limiar da travagem. Sem uma c\u00e9lula de carga, os trav\u00f5es carecem de alguma delicadeza, especialmente nos simuladores de competi\u00e7\u00e3o. Uma segunda reserva \u00e9 que alguns dos detalhes de acabamento do volante (pl\u00e1sticos, sensa\u00e7\u00e3o dos rotores) fazem lembrar um pacote de gama m\u00e9dia, e n\u00e3o um pacote ultra-premium. Por \u00faltimo, embora a pot\u00eancia da unidade de base possa ser suficiente para muitos, deixar\u00e1 os puristas que procuram uma pot\u00eancia extrema e uma enorme margem de regula\u00e7\u00e3o a desejar mais.<\/p>\n<p>A no\u00e7\u00e3o de investimento \u00e9 interessante neste caso. N\u00e3o se trata de uma compra por impulso; estamos a falar de um produto que representa um or\u00e7amento s\u00f3lido. Mas o valor percebido, em termos de poss\u00edvel progress\u00e3o, prazer de condu\u00e7\u00e3o e acesso a um ecossistema completo, \u00e9 elevado. Para algu\u00e9m que sabe que vai passar horas numa pista virtual, o custo \u00e9 muito mais justific\u00e1vel do que uma s\u00e9rie de pequenas actualiza\u00e7\u00f5es de n\u00edvel de entrada.<\/p>\n<h2>Veredicto: um conjunto de transmiss\u00e3o direta que estrutura uma configura\u00e7\u00e3o<\/h2>\n<p>O Fanatec CSL DD Ready2Race McLaren Bundle n\u00e3o se limita a acrescentar um volante fixe a uma configura\u00e7\u00e3o existente. Reposiciona todo o n\u00edvel de sensa\u00e7\u00f5es, especialmente se vieres de um volante com correia ou engrenagem. \u00c9 um verdadeiro ponto de viragem: passa-se de uma \"corrida a s\u00e9rio\" para uma simula\u00e7\u00e3o cred\u00edvel, com ferramentas que permitem progredir e sentir realmente o que o carro est\u00e1 a fazer.<\/p>\n<p>No mercado, est\u00e1 claramente posicionado na ambiciosa gama m\u00e9dia: mais forte e mais preciso do que os combos convencionais, menos extremo e menos dispendioso do que os grandes Diret Drives para PC, puramente para os jogadores hardcore. Para muitos jogadores de Xbox e PC, esta \u00e9 exatamente a zona de conforto que procuram.<\/p>\n<p>Recomendo-o \u00e0queles que querem uma configura\u00e7\u00e3o estruturada e atualiz\u00e1vel, com um volante muito agrad\u00e1vel ao estilo GT, e que est\u00e3o preparados para adicionar um pedaleiro mais avan\u00e7ado numa data posterior, se o bichinho do contrarrel\u00f3gio os apanhar. Por outro lado, se j\u00e1 tiveres em mente o topo de gama do mercado, com bin\u00e1rio m\u00e1ximo e hardware totalmente met\u00e1lico, este conjunto pode parecer demasiado conservador.<\/p>\n<p>Se procura um verdadeiro salto em frente em termos de sensa\u00e7\u00f5es para o Diret Drive, compat\u00edvel com Xbox e PC, com um volante GT a s\u00e9rio e uma base capaz de acompanhar o seu progresso, este produto pode claramente fazer a diferen\u00e7a na sua configura\u00e7\u00e3o.<\/p>","protected":false},"excerpt":{"rendered":"<p>Este pacote deu-me a impress\u00e3o de levar a sensa\u00e7\u00e3o e a legibilidade do carro a um n\u00edvel totalmente novo, sem se tornar demasiado complexo. Destina-se sobretudo aos jogadores da Xbox\/PC que j\u00e1 est\u00e3o motivados e querem passar para o Diret Drive com uma base atualiz\u00e1vel. O pacote completo oferece um valor consistente para quem pretende realmente investir tempo em simula\u00e7\u00f5es de corridas.<\/p>","protected":false},"featured_media":100968,"comment_status":"open","ping_status":"closed","template":"","meta":{"_acf_changed":false,"_et_pb_use_builder":"","_et_pb_old_content":"","_et_gb_content_width":""},"product_brand":[158],"product_cat":[161,173,170,169],"product_tag":[149,160],"class_list":{"0":"post-100967","1":"product","2":"type-product","3":"status-publish","4":"has-post-thumbnail","6":"product_brand-fanatec","7":"product_cat-volant","8":"product_cat-volants-fanatec","9":"product_cat-volants-xbox-one","10":"product_cat-volants-xbox-series-x-s","11":"product_tag-pc","12":"product_tag-xbox","14":"first","15":"instock","16":"shipping-taxable","17":"product-type-external"},"acf":[],"_links":{"self":[{"href":"https:\/\/simracergear.com\/pt\/wp-json\/wp\/v2\/product\/100967","targetHints":{"allow":["GET"]}}],"collection":[{"href":"https:\/\/simracergear.com\/pt\/wp-json\/wp\/v2\/product"}],"about":[{"href":"https:\/\/simracergear.com\/pt\/wp-json\/wp\/v2\/types\/product"}],"replies":[{"embeddable":true,"href":"https:\/\/simracergear.com\/pt\/wp-json\/wp\/v2\/comments?post=100967"}],"wp:featuredmedia":[{"embeddable":true,"href":"https:\/\/simracergear.com\/pt\/wp-json\/wp\/v2\/media\/100968"}],"wp:attachment":[{"href":"https:\/\/simracergear.com\/pt\/wp-json\/wp\/v2\/media?parent=100967"}],"wp:term":[{"taxonomy":"product_brand","embeddable":true,"href":"https:\/\/simracergear.com\/pt\/wp-json\/wp\/v2\/product_brand?post=100967"},{"taxonomy":"product_cat","embeddable":true,"href":"https:\/\/simracergear.com\/pt\/wp-json\/wp\/v2\/product_cat?post=100967"},{"taxonomy":"product_tag","embeddable":true,"href":"https:\/\/simracergear.com\/pt\/wp-json\/wp\/v2\/product_tag?post=100967"}],"curies":[{"name":"wp","href":"https:\/\/api.w.org\/{rel}","templated":true}]}}