{"id":100975,"date":"2025-05-15T07:57:00","date_gmt":"2025-05-15T07:57:00","guid":{"rendered":"https:\/\/simracergear.com\/products\/fanatec-csl-dd-ready2race-mclaren-elite-bundle-8-nm-for-xbox-pc\/"},"modified":"2025-11-28T04:54:20","modified_gmt":"2025-11-28T04:54:20","slug":"fanatec-csl-dd-ready2race-mclaren-elite-bundle-8-nm-for-xbox-pc","status":"publish","type":"product","link":"https:\/\/simracergear.com\/pt\/products\/fanatec-csl-dd-ready2race-mclaren-elite-bundle-8-nm-for-xbox-pc\/","title":{"rendered":"Fanatec CSL DD Ready2Race McLaren Elite Bundle (8 Nm) para Xbox e PC"},"content":{"rendered":"<h2>Fanatec CSL DD Ready2Race McLaren Elite Bundle (8 Nm) : teste e revis\u00e3o completa<\/h2>\n<p>O Fanatec CSL DD Ready2Race McLaren Elite Bundle (8 Nm) est\u00e1 claramente posicionado como um pacote \"s\u00e9rio\" para mudar para a transmiss\u00e3o direta sem mergulhar no topo da gama. Entre os b\u00e1sicos de entrada com transmiss\u00e3o por correia e os monstros de pot\u00eancia, este pacote pretende encontrar o equil\u00edbrio certo: emo\u00e7\u00f5es, compatibilidade Xbox\/PC e um volante McLaren que fala diretamente aos f\u00e3s de GT e F1.<\/p>\n<p>Acima de tudo, este pacote promete duas coisas: um grande salto na imers\u00e3o em compara\u00e7\u00e3o com os volantes convencionais e uma configura\u00e7\u00e3o quase chave na m\u00e3o para uma condu\u00e7\u00e3o r\u00e1pida sem ter de montar tudo sozinho. O \u00e2ngulo que tive em mente quando o testei: feedback de for\u00e7a preciso, conforto de utiliza\u00e7\u00e3o ao longo do tempo e uma boa rela\u00e7\u00e3o qualidade\/pre\u00e7o num contexto de \"simulador de corridas exigente mas razo\u00e1vel\".<\/p>\n<p>\u00c9 evidente que a Fanatec tem como alvo os jogadores que est\u00e3o fartos de hardware de \"brinquedo\" e querem algo cred\u00edvel, r\u00edgido e atualiz\u00e1vel, sem exagerar no or\u00e7amento. No papel, o pacote preenche uma s\u00e9rie de requisitos. A quest\u00e3o \u00e9: ser\u00e1 que os 8 Nm e o pacote McLaren Elite cumprem as suas promessas na pista e para que perfil de condutor \u00e9 que este pacote faz realmente sentido?<\/p>\n<h2>Conce\u00e7\u00e3o e fabrico: s\u00e9rio, compacto e orientado para o desempenho<\/h2>\n<p>Visualmente, a base CSL DD destaca-se pela sua compacidade e pelo seu bloco met\u00e1lico tipo dissipador de calor. Percebe-se logo que foi concebida como uma ferramenta e n\u00e3o como um brinquedo decorativo. As alhetas s\u00e3o utilizadas para a dissipa\u00e7\u00e3o passiva, conferindo-lhe um aspeto t\u00e9cnico e refor\u00e7ando a impress\u00e3o de densidade. Na m\u00e3o, a base inspira confian\u00e7a: \u00e9 compacta, pesada para o seu tamanho, sem folga percet\u00edvel.<\/p>\n<p>O volante McLaren GT3 v2 acrescenta o fator \"uau\" ao conjunto. Em forma de U, moderno e inspirado no GT3, com uma gama de op\u00e7\u00f5es na parte da frente. A ader\u00eancia \u00e9 agrad\u00e1vel e o revestimento proporciona uma boa ader\u00eancia, mesmo em longas sess\u00f5es. Os bot\u00f5es s\u00e3o numerosos, mas bem distribu\u00eddos, e a roda de polegar e o pequeno ecr\u00e3 central d\u00e3o aquela sensa\u00e7\u00e3o de \"ferramenta de corrida real\". Parece que \u00e9 poss\u00edvel mapear tudo o que \u00e9 necess\u00e1rio sem fazer demasiados compromissos.<\/p>\n<p>A rigidez geral \u00e9 boa para esta categoria. O Quick Release Lite cumpre a sua fun\u00e7\u00e3o, mesmo que se tenha a sensa\u00e7\u00e3o de n\u00e3o estar a utilizar o sistema QR topo de gama da marca. Por vezes, h\u00e1 uma ligeira sensa\u00e7\u00e3o de flex\u00e3o ou folga que \u00e9 percet\u00edvel se estivermos \u00e0 procura da pequena besta, especialmente quando comparada com QRs mais premium, mas nada que seja um inc\u00f3modo em condi\u00e7\u00f5es normais de condu\u00e7\u00e3o.<\/p>\n<p>O que \u00e9 surpreendente \u00e9 o n\u00edvel geral de acabamento para um pacote orientado para a \"gama m\u00e9dia\". N\u00e3o tem nada de barato, mesmo que algumas das pe\u00e7as de pl\u00e1stico do volante lembrem que n\u00e3o se trata de um produto de pre\u00e7o ilimitado. Em compara\u00e7\u00e3o com os volantes de entrada com cintos ou engrenagens, este \u00e9 claramente um passo em frente: mais denso, mais s\u00e9rio, mais \"ferramenta de simula\u00e7\u00e3o de corridas\" do que \"acess\u00f3rio de jogo\".<\/p>\n<h2>Defini\u00e7\u00f5es, personaliza\u00e7\u00e3o e compatibilidade: um ecossistema que resiste bem<\/h2>\n<p>No que diz respeito \u00e0s defini\u00e7\u00f5es, o ecossistema Fanatec faz toda a diferen\u00e7a. Uma vez instalada a base, o menu integrado atrav\u00e9s do bot\u00e3o no volante e as defini\u00e7\u00f5es no software para PC permitem-lhe realmente adaptar o comportamento do CSL DD ao seu estilo. \u00c9 poss\u00edvel ajustar a for\u00e7a total, a linearidade, os efeitos de fric\u00e7\u00e3o, a sensibilidade em torno do centro e a forma como o FFB filtra os detalhes.<\/p>\n<p>A curva de aprendizagem \u00e9 razo\u00e1vel. \u00c9 f\u00e1cil utilizar uma predefini\u00e7\u00e3o b\u00e1sica e safar-se com ela. Mas assim que se come\u00e7a a mexer nos par\u00e2metros, percebe-se que h\u00e1 muito espa\u00e7o para afina\u00e7\u00f5es para cada simulador: um perfil para o ACC, outro para o iRacing, outro para mais jogos de arcada, e assim por diante. Para quem vem de um volante b\u00e1sico, \u00e9 preciso algum tempo, mas n\u00e3o \u00e9 preciso ser um engenheiro para conseguir algo muito satisfat\u00f3rio.<\/p>\n<p>No PC, podes tirar o m\u00e1ximo partido de todas as op\u00e7\u00f5es, actualiza\u00e7\u00f5es de firmware e defini\u00e7\u00f5es avan\u00e7adas. Na Xbox, \u00e9 mais Plug &amp; Play, com a grande vantagem da compatibilidade oficial. Liga-se, seleciona-se o jogo e est\u00e1 pronto a funcionar. Para quem utiliza tanto consolas como PCs, este pacote \u00e9 realmente relevante.<\/p>\n<p>O ecossistema Fanatec \u00e9 um verdadeiro ponto forte. \u00c9 poss\u00edvel ligar outros volantes da gama, pedaleiros mais avan\u00e7ados, uma alavanca de velocidades, um trav\u00e3o de m\u00e3o e manter a mesma base. O pacote \u00e9 claramente um ponto de entrada s\u00f3lido no mundo da Fanatec. O chainstay de 8Nm \u00e9 suficientemente potente para acompanhar os progressos do ciclista sem se tornar rapidamente obsoleto. Pode come\u00e7ar com este pacote e, mais tarde, atualizar a pedaleira ou mudar o volante sem ter de come\u00e7ar do zero.<\/p>\n<h2>Sensa\u00e7\u00f5es no jogo: onde o Diret Drive muda tudo<\/h2>\n<p>Quando se est\u00e1 na pista, compreende-se imediatamente o que a base Diret Drive faz, mesmo \"apenas\" com 8 Nm. A precis\u00e3o do force feedback \u00e9 evidente. A transi\u00e7\u00e3o entre ader\u00eancia e deslizamento \u00e9 muito mais clara do que com uma base de correia ou engrenagem. J\u00e1 n\u00e3o estamos a lutar contra um mecanismo, estamos realmente a ler o que o carro est\u00e1 a fazer.<\/p>\n<p>Nas curvas, o volante oferece uma boa resist\u00eancia progressiva. \u00c9 poss\u00edvel sentir o peso a ser transferido, a carga na extremidade dianteira e o momento em que a extremidade dianteira come\u00e7a a saturar. N\u00e3o \u00e9 brutal, mas sim limpo e f\u00e1cil de ler. A dire\u00e7\u00e3o reorienta-se naturalmente, sem solavancos mec\u00e2nicos. Onde realmente ganhamos \u00e9 nas micro-correc\u00e7\u00f5es: uma ligeira sobreviragem, um vibrador ligeiramente agressivo, uma press\u00e3o de travagem tardia... tudo \u00e9 gerido mais cedo, de forma mais limpa.<\/p>\n<p>O feedback da ader\u00eancia \u00e9 um dos nossos pontos fortes. Em simuladores como o ACC, o iRacing ou o rFactor, \u00e9 poss\u00edvel sentir o carro a ficar mais leve com a reacelera\u00e7\u00e3o, o eixo traseiro a come\u00e7ar a mover-se e os pneus a aquecer. D\u00e1 por si a corrigir mais rapidamente, quase por antecipa\u00e7\u00e3o, simplesmente porque as micro-varia\u00e7\u00f5es de bin\u00e1rio no volante s\u00e3o mais matizadas. Com uma base de correia, esta informa\u00e7\u00e3o existe, mas \u00e9 frequentemente filtrada ou distorcida. Aqui, \u00e9 mais direta, mais \"ligada\".<\/p>\n<p>Os vibradores destacam-se muito bem. Sente-se a textura, a frequ\u00eancia, a diferen\u00e7a entre um vibrador plano e um vibrador de salsicha agressivo. O Diret Drive transmite a informa\u00e7\u00e3o sem for\u00e7ar a for\u00e7a total. N\u00e3o \u00e9 preciso andar a 100 % de pot\u00eancia para obter detalhes. Mesmo com n\u00edveis de pot\u00eancia moderados, o sinal mant\u00e9m-se rico. \u00c9 aqui que a base muda realmente a experi\u00eancia: menos for\u00e7a bruta, mais delicadeza \u00fatil.<\/p>\n<p>Durante longas sess\u00f5es, a consist\u00eancia est\u00e1 na ordem do dia. Sem acumula\u00e7\u00e3o de calor irritante, sem perda de pot\u00eancia percet\u00edvel. A base mant\u00e9m-se est\u00e1vel e silenciosa, e a sensa\u00e7\u00e3o n\u00e3o se altera com o tempo. O conforto tamb\u00e9m desempenha um papel importante: pode adaptar a pot\u00eancia de modo a n\u00e3o destruir os seus bra\u00e7os, mantendo ao mesmo tempo informa\u00e7\u00e3o suficiente. Para quem anda de bicicleta durante horas a fio, isso \u00e9 uma verdadeira vantagem.<\/p>\n<p>Nas correc\u00e7\u00f5es r\u00e1pidas, os 8 Nm de bin\u00e1rio oferecem um bom compromisso. A base \u00e9 suficientemente reactiva para assumir a sobreviragem, grandes transfer\u00eancias e transi\u00e7\u00f5es r\u00e1pidas sem lat\u00eancia. N\u00e3o temos a brutalidade de uma base de 15+ Nm, mas temos um controlo mais acess\u00edvel. Para muitos pilotos, isto \u00e9 mesmo uma vantagem: menos fadiga, mais controlo, menos risco de ser apanhado por uma grande entrada de dire\u00e7\u00e3o.<\/p>\n<p>Em compara\u00e7\u00e3o com uma base mais potente, perdemos um pouco em termos de \"viol\u00eancia\" e de sensa\u00e7\u00f5es f\u00edsicas nos grandes impactos, mas conservamos o essencial: precis\u00e3o, progressividade e legibilidade do comportamento do autom\u00f3vel. Em compara\u00e7\u00e3o com uma base menos potente acionada por correia, h\u00e1 um enorme salto na imers\u00e3o e no controlo. Ficamos realmente com a impress\u00e3o de que pass\u00e1mos para outra categoria de corridas simuladas.<\/p>\n<h2>A quem se destina? Do que gostamos \/ Do que n\u00e3o gostamos<\/h2>\n<p>O Fanatec CSL DD Ready2Race McLaren Elite Bundle (8 Nm) destina-se, na minha opini\u00e3o, a tr\u00eas perfis principais: o principiante ambicioso que quer passar diretamente para um equipamento s\u00e9rio sem comprar duas vezes, o intermedi\u00e1rio que quer mudar para Diret Drive com um or\u00e7amento controlado e o jogador de consola\/PC que procura uma solu\u00e7\u00e3o coerente e atualiz\u00e1vel. Se j\u00e1 est\u00e1 a utilizar um pequeno volante de entrada de gama e come\u00e7a a sentir-se limitado, este pacote preenche muitos requisitos.<\/p>\n<p>O que me agrada particularmente \u00e9 a base Diret Drive de 8 Nm + volante McLaren bem equipado + ecossistema Fanatec. A sensa\u00e7\u00e3o no jogo \u00e9 limpa, precisa e convincente para um piloto de simulador que quer progredir. O conjunto \u00e9 coerente: n\u00e3o \u00e9 preciso pensar em que volante levar, pois tudo foi concebido para funcionar em conjunto. E \u00e9 verdadeiramente atualiz\u00e1vel: pode manter a base e alterar o resto da configura\u00e7\u00e3o ao longo do tempo. Para o n\u00edvel de desempenho oferecido, o valor percebido \u00e9 muito bom, especialmente quando comparado com o custo de uma base topo de gama mais um volante premium adquiridos separadamente.<\/p>\n<p>Existem, no entanto, algumas limita\u00e7\u00f5es a ter em conta. Em primeiro lugar, os 8 Nm n\u00e3o s\u00e3o adequados para quem procura a sensa\u00e7\u00e3o f\u00edsica e brutal das grandes motos de competi\u00e7\u00e3o. Estamos a falar de um compromisso entre pot\u00eancia e conforto, e n\u00e3o de uma m\u00e1quina de arrancar bra\u00e7os. Em segundo lugar, alguns dos detalhes de acabamento no volante (pl\u00e1sticos, QR Lite) s\u00e3o um lembrete de que o conjunto est\u00e1 calibrado para permanecer acess\u00edvel, e isso pode fazer com que os mais obsessivos com a rigidez se encolham um pouco. Por fim, o ecossistema Fanatec, pr\u00e1tico como \u00e9, prende-o um pouco \u00e0 marca a m\u00e9dio prazo: excelente se for f\u00e3, menos ideal se gostar de misturar fabricantes.<\/p>\n<p>Em termos de investimento, esta \u00e9 claramente uma compra bem pensada mas sustent\u00e1vel. N\u00e3o \u00e9 o pacote mais barato do mercado, mas a gama de sensa\u00e7\u00f5es e a possibilidade de o atualizar ao longo do tempo tornam a despesa muito mais l\u00f3gica do que um volante de gama m\u00e9dia n\u00e3o atualiz\u00e1vel que vai querer substituir rapidamente.<\/p>\n<h2>Veredicto: um verdadeiro \"ponto ideal\" para mudar para a transmiss\u00e3o direta<\/h2>\n<p>O Fanatec CSL DD Ready2Race McLaren Elite Bundle (8 Nm) \u00e9 uma clara mudan\u00e7a de paradigma para uma configura\u00e7\u00e3o que utilize um volante acionado por correia ou por engrenagem. Mudar para Diret Drive traz uma precis\u00e3o, finesse e legibilidade ao comportamento do carro que transforma a forma como se conduz. Ganha-se em confian\u00e7a, consist\u00eancia e puro prazer de condu\u00e7\u00e3o.<\/p>\n<p>No mercado, este pacote situa-se na gama m\u00e9dia alta: suficientemente potente para ser cred\u00edvel para um piloto de simuladores s\u00e9rio, mas suficientemente acess\u00edvel para n\u00e3o ser reservado a uma elite. \u00c9 um verdadeiro ponto de viragem na progress\u00e3o de uma configura\u00e7\u00e3o: mais do que uma simples atualiza\u00e7\u00e3o, \u00e9 uma nova base sobre a qual construir.<\/p>\n<p>Recomendo-o particularmente aos jogadores interm\u00e9dios e avan\u00e7ados que pretendem uma Diret Drive vers\u00e1til para Xbox e PC, sem mergulhar no topo de gama, e \u00e0queles que pretendem ancorar-se num ecossistema coerente e evolutivo. Se procura um conjunto que o leve a um n\u00edvel de imers\u00e3o totalmente novo e que, ao mesmo tempo, seja utiliz\u00e1vel no dia a dia sem o cansar, este produto pode claramente fazer a diferen\u00e7a na sua configura\u00e7\u00e3o.<\/p>","protected":false},"excerpt":{"rendered":"<p>Este pacote deu-me a sensa\u00e7\u00e3o de que tinha realmente virado uma esquina em termos de imers\u00e3o e controlo, sem cair numa configura\u00e7\u00e3o extrema ou cansativa. Acima de tudo, faz sentido para os pilotos de simuladores motivados, na Xbox ou no PC, que querem uma Diret Drive cred\u00edvel que possa ser actualizada sem terem de fazer v\u00e1rias compras. O conjunto oferece uma coer\u00eancia global e um valor muito s\u00f3lidos para este segmento.<\/p>","protected":false},"featured_media":100976,"comment_status":"open","ping_status":"closed","template":"","meta":{"_acf_changed":false,"_et_pb_use_builder":"","_et_pb_old_content":"","_et_gb_content_width":""},"product_brand":[158],"product_cat":[161,173,170,169],"product_tag":[149,160],"class_list":{"0":"post-100975","1":"product","2":"type-product","3":"status-publish","4":"has-post-thumbnail","6":"product_brand-fanatec","7":"product_cat-volant","8":"product_cat-volants-fanatec","9":"product_cat-volants-xbox-one","10":"product_cat-volants-xbox-series-x-s","11":"product_tag-pc","12":"product_tag-xbox","14":"first","15":"instock","16":"shipping-taxable","17":"product-type-external"},"acf":[],"_links":{"self":[{"href":"https:\/\/simracergear.com\/pt\/wp-json\/wp\/v2\/product\/100975","targetHints":{"allow":["GET"]}}],"collection":[{"href":"https:\/\/simracergear.com\/pt\/wp-json\/wp\/v2\/product"}],"about":[{"href":"https:\/\/simracergear.com\/pt\/wp-json\/wp\/v2\/types\/product"}],"replies":[{"embeddable":true,"href":"https:\/\/simracergear.com\/pt\/wp-json\/wp\/v2\/comments?post=100975"}],"wp:featuredmedia":[{"embeddable":true,"href":"https:\/\/simracergear.com\/pt\/wp-json\/wp\/v2\/media\/100976"}],"wp:attachment":[{"href":"https:\/\/simracergear.com\/pt\/wp-json\/wp\/v2\/media?parent=100975"}],"wp:term":[{"taxonomy":"product_brand","embeddable":true,"href":"https:\/\/simracergear.com\/pt\/wp-json\/wp\/v2\/product_brand?post=100975"},{"taxonomy":"product_cat","embeddable":true,"href":"https:\/\/simracergear.com\/pt\/wp-json\/wp\/v2\/product_cat?post=100975"},{"taxonomy":"product_tag","embeddable":true,"href":"https:\/\/simracergear.com\/pt\/wp-json\/wp\/v2\/product_tag?post=100975"}],"curies":[{"name":"wp","href":"https:\/\/api.w.org\/{rel}","templated":true}]}}