{"id":100985,"date":"2025-05-15T07:57:00","date_gmt":"2025-05-15T07:57:00","guid":{"rendered":"https:\/\/simracergear.com\/products\/fanatec-csl-dd-ready2race-nascar-bundle-for-xbox-pc\/"},"modified":"2025-11-28T04:54:59","modified_gmt":"2025-11-28T04:54:59","slug":"fanatec-csl-dd-ready2race-nascar-bundle-for-xbox-pc","status":"publish","type":"product","link":"https:\/\/simracergear.com\/pt\/products\/fanatec-csl-dd-ready2race-nascar-bundle-for-xbox-pc\/","title":{"rendered":"Pacote Fanatec CSL DD Ready2Race NASCAR para Xbox e PC"},"content":{"rendered":"<h2>Fanatec CSL DD Ready2Race NASCAR Bundle: o verdadeiro salto para a transmiss\u00e3o direta chave na m\u00e3o<\/h2>\n<p>O CSL DD Ready2Race NASCAR Bundle est\u00e1 claramente direcionado para um nicho espec\u00edfico: oferecer uma verdadeira experi\u00eancia Diret Drive, pronta a utilizar, sem exagerar em termos de or\u00e7amento ou montagem. Trata-se de um pacote concebido para Xbox e PC, com uma base CSL DD, um volante NASCAR e pedais Fanatec de n\u00edvel b\u00e1sico. Por outras palavras: tudo o que \u00e9 necess\u00e1rio para passar de um volante cl\u00e1ssico com force feedback para uma configura\u00e7\u00e3o de corrida simulada a s\u00e9rio.<\/p>\n<p>Este pacote \u00e9 atrativo porque preenche v\u00e1rios requisitos ao mesmo tempo: Diret Drive compacto, compatibilidade com consolas, uma licen\u00e7a NASCAR para os f\u00e3s das ovais e um ecossistema em evolu\u00e7\u00e3o. A ideia \u00e9 simples: liga-se, ajusta-se um par de defini\u00e7\u00f5es e descobre-se o que \u00e9 sentir realmente o carro a funcionar.<\/p>\n<p>O meu ponto de vista \u00e9 claro: precis\u00e3o, sensa\u00e7\u00e3o de condu\u00e7\u00e3o, conforto quotidiano e coer\u00eancia global do pacote. Ser\u00e1 que este pacote nos transporta realmente para outro mundo em compara\u00e7\u00e3o com um volante com correia? Ser\u00e1 que o volante NASCAR, que tem uma forma e um estilo bastante carater\u00edsticos, continua a ser agrad\u00e1vel fora da oval? E, acima de tudo, ser\u00e1 que vale a pena o investimento para os jogadores de consola ou de PC que querem passar para o n\u00edvel seguinte sem estourar o or\u00e7amento?<\/p>\n<h2>Design e fabrico: compacto, s\u00e9rio, com um volante muito carater\u00edstico<\/h2>\n<p>Visualmente, a base CSL DD parece muito \"hardware de simulador\", no bom sentido da palavra. Com o seu formato compacto e bloco de metal com um grande dissipador de calor tipo radiador \u00e0 volta da extremidade, exala solidez e seriedade. Na m\u00e3o, a densidade do bloco \u00e9 tranquilizadora: nada soa a oco, nada se move quando devidamente fixado a um cockpit ou a uma mesa s\u00f3lida. Sente-se que pode suportar horas de corrida sem vacilar.<\/p>\n<p>O volante NASCAR chama claramente a aten\u00e7\u00e3o. Forma redonda cl\u00e1ssica, di\u00e2metro generoso, punho revestido com um material que combina borracha e espuma, com um toque bastante firme. A ader\u00eancia \u00e9 imediata: parece mesmo que estamos a segurar um volante de um stock car, bastante grosso e cheio nas m\u00e3os. As patilhas situadas na parte de tr\u00e1s do volante proporcionam uma sensa\u00e7\u00e3o decente, embora n\u00e3o estejam ao n\u00edvel dos volantes topo de gama da marca, mas o curso \u00e9 n\u00edtido e preciso.<\/p>\n<p>O que surpreende \u00e9 a coer\u00eancia geral: base compacta, volante imponente, pedaleira simples mas r\u00edgida. O pedaleiro fornecido neste pacote continua a ser b\u00e1sico (sem c\u00e9lula de carga original). No entanto, a estrutura met\u00e1lica \u00e9 s\u00f3lida, os pedais n\u00e3o balan\u00e7am e a resist\u00eancia dos trav\u00f5es \u00e9 adequada para os principiantes, mesmo que falte um pouco de progressividade para aqueles que gostam de travar com o \"p\u00e9 direito\".<\/p>\n<p>Em compara\u00e7\u00e3o com os concorrentes da mesma gama, o CSL DD mant\u00e9m-se um n\u00edvel acima em termos de qualidade percebida na pr\u00f3pria base. O volante \u00e9 mais um \"f\u00e3 da NASCAR\" do que um \"polivalente premium\", mas a sua constru\u00e7\u00e3o s\u00f3lida n\u00e3o nos faz duvidar nem por um segundo da sua durabilidade. A \u00fanica desvantagem real vem dos pedais, que ficam rapidamente limitados quando se come\u00e7a a ser exigente na travagem.<\/p>\n<h2>Defini\u00e7\u00f5es, personaliza\u00e7\u00e3o e compatibilidade: um ecossistema completo que ainda precisa de ser domado<\/h2>\n<p>Uma vez no PC ou na Xbox, todo o sistema se integra na perfei\u00e7\u00e3o. No PC, o software Fanatec Control Panel permite-lhe afinar o FFB, o \u00e2ngulo de rota\u00e7\u00e3o, os filtros e a for\u00e7a total. Numa consola, depende mais das defini\u00e7\u00f5es e par\u00e2metros internos do jogo, acess\u00edveis diretamente a partir do volante e da base atrav\u00e9s do ecr\u00e3 e dos bot\u00f5es. N\u00e3o \u00e9 complicado, mas h\u00e1 uma certa curva de aprendizagem para tirar o m\u00e1ximo partido do jogo.<\/p>\n<p>As predefini\u00e7\u00f5es originais s\u00e3o utiliz\u00e1veis, mas um pouco gen\u00e9ricas. O que se torna interessante \u00e9 quando se come\u00e7a a ajustar a for\u00e7a m\u00e1xima, o filtro FFB, a linearidade e o amortecedor. Com um pouco de jogo, chega-se a um ponto em que o carro fala realmente, sem que o volante se torne violento ou cansativo. \u00c9 nessa altura que se percebe que a base tem potencial e que o pacote n\u00e3o \u00e9 apenas um kit \"ligar e rezar\".<\/p>\n<p>Em termos de compatibilidade, a promessa da Xbox e do PC \u00e9 cumprida, com todos os grandes t\u00edtulos actuais de simula\u00e7\u00e3o de corridas e de simuladores a serem tratados sem problemas. A grande vantagem da Fanatec \u00e9 o ecossistema: se quiseres mudar de volante (GT, F1, rali), podes. Se quiser mudar para um pedal de c\u00e9lula de carga ou uma alavanca de velocidades H, mant\u00e9m-se na mesma fam\u00edlia de produtos. O pacote funciona claramente como uma porta de entrada para um ambiente mais vasto.<\/p>\n<p>Em termos de escalabilidade, a base CSL DD \u00e9 o verdadeiro pilar. Pode claramente suportar v\u00e1rios anos de progress\u00e3o. O volante NASCAR vai agradar principalmente aos f\u00e3s das ovais, mas continua a ser confort\u00e1vel num circuito cl\u00e1ssico. A pedaleira, por sua vez, ser\u00e1 provavelmente a primeira pe\u00e7a a evoluir se levares a s\u00e9rio as corridas em simulador.<\/p>\n<h2>Sensa\u00e7\u00f5es no jogo: o Diret Drive que faz realmente a diferen\u00e7a<\/h2>\n<p>Na pista, a mudan\u00e7a mais clara em compara\u00e7\u00e3o com um volante acionado por correia ou por engrenagem \u00e9 a limpeza do force feedback. O FFB do CSL DD \u00e9 muito f\u00e1cil de ler. \u00c9 poss\u00edvel sentir transfer\u00eancias de carga, o in\u00edcio da perda de ader\u00eancia, solavancos e vibra\u00e7\u00f5es sem rebarbas ou suavidade excessiva. O sinal \u00e9 limpo, detalhado e, acima de tudo, altamente reativo.<\/p>\n<p>Nas curvas, a forma como o carro \"carrega\" o eixo dianteiro traduz-se num bin\u00e1rio progressivo, nunca brutal. Sente-se o volante a ficar mais tenso \u00e0 entrada e depois a ficar ligeiramente mais leve se se ultrapassar o limite de ader\u00eancia. Num volante convencional, esta transi\u00e7\u00e3o \u00e9 muitas vezes esbatida ou exagerada. Aqui, a fronteira \u00e9 mais clara e percebe-se melhor onde est\u00e1 o limite. Come\u00e7a-se a \"ler\" a pista e n\u00e3o apenas a reagir a um volante inst\u00e1vel.<\/p>\n<p>A leitura da ader\u00eancia \u00e9 um dos pontos fortes do carro. Numa oval NASCAR, \u00e9 \u00f3bvio: quando o carro sobe um pouco demais, atinge a zona poeirenta ou quando se for\u00e7a um pouco a sobreviragem na sa\u00edda, o volante avisa. Sente-se o deslizamento em vez de se estar sujeito a ele. Nos circuitos de estrada, \u00e9 a mesma coisa quando se est\u00e1 a puxar muito: a Diret Drive d\u00e1 essa impress\u00e3o de continuidade de informa\u00e7\u00e3o, sem intervalos ou solavancos artificiais.<\/p>\n<p>Os vibradores s\u00e3o reproduzidos de uma forma limpa, mas n\u00e3o quebradi\u00e7a. Consegue-se sentir a textura e a granularidade da faixa, sem que pare\u00e7a um martelo pneum\u00e1tico. Num conjunto menos s\u00e9rio, ou n\u00e3o se sente muito, ou \u00e9 tudo ou nada. Com o CSL DD, as varia\u00e7\u00f5es s\u00e3o \u00f3ptimas: um pequeno vibrador plano, um grande vibrador agressivo, uma borda de pista ligeiramente graduada, tudo tem uma assinatura diferente no volante.<\/p>\n<p>Em longas sess\u00f5es, a consist\u00eancia \u00e9 muito apreci\u00e1vel. O chainstay n\u00e3o aquece ao ponto de perder visivelmente o bin\u00e1rio nesta configura\u00e7\u00e3o, e a sensa\u00e7\u00e3o \u00e9 a mesma do in\u00edcio ao fim de uma estafeta. A fadiga dos bra\u00e7os depende obviamente da configura\u00e7\u00e3o da for\u00e7a, mas com uma configura\u00e7\u00e3o equilibrada, \u00e9 poss\u00edvel ir de uma corrida para a outra sem acabar exausto. \u00c9 potente, mas n\u00e3o desnecessariamente brutal.<\/p>\n<p>As correc\u00e7\u00f5es r\u00e1pidas s\u00e3o outra \u00e1rea em que a Diret Drive muda as coisas. Quando a traseira bloqueia, o volante envia a informa\u00e7\u00e3o instantaneamente. A base responde rapidamente, sem lat\u00eancia percet\u00edvel, o que ajuda a apanhar uma deriva ou sobreviragem inesperada. Nos chainstays menos potentes e mais filtrados, o volante reage muitas vezes um pouco tarde demais, tornando a recupera\u00e7\u00e3o mais hesitante. Aqui, ele encaixa-se perfeitamente: voc\u00ea vira, o carro segue-o.<\/p>\n<p>Em compara\u00e7\u00e3o com uma base topo de gama mais potente, perdemos um pouco em termos de bin\u00e1rio bruto m\u00e1ximo e poss\u00edvel viol\u00eancia FFB, mas n\u00e3o \u00e9 isso que est\u00e1 em causa. Para a maioria dos jogadores, a pot\u00eancia da CSL DD neste pacote j\u00e1 \u00e9 mais do que suficiente. O que conta \u00e9 a precis\u00e3o e a velocidade do retorno, e aqui j\u00e1 estamos numa categoria diferente das cl\u00e1ssicas petecas de gama m\u00e9dia. Tem-se a agrad\u00e1vel impress\u00e3o de que o carro est\u00e1 \"ligado\" \u00e0s m\u00e3os. Percebe-se imediatamente o que o carro est\u00e1 a fazer.<\/p>\n<h2>A quem se destina? Pontos fortes e limita\u00e7\u00f5es do pacote<\/h2>\n<p>Este pacote destina-se claramente a jogadores motivados, seja na Xbox ou no PC, que querem mudar para a Diret Drive sem ficarem atolados em escolhas sobre cada elemento. \u00c9 particularmente adequado para perfis interm\u00e9dios: aqueles que j\u00e1 conduziram com uma correia ou uma roda dentada e querem finalmente ver o que a Diret Drive muda em termos concretos, sem entrar em configura\u00e7\u00f5es complexas.<\/p>\n<p>O que mais me agrada neste pack \u00e9, antes de mais, a pr\u00f3pria base CSL DD: compacta, s\u00e9ria, com um FFB preciso que transforma realmente a sensa\u00e7\u00e3o em pista. O volante NASCAR confere uma verdadeira identidade, com uma pega confort\u00e1vel e um di\u00e2metro generoso, perfeito para as corridas em ovais e muito correto no circuito de estrada. A integra\u00e7\u00e3o consola\/PC e o acesso a todo o ecossistema Fanatec tamb\u00e9m fazem uma verdadeira diferen\u00e7a: sabe que pode atualizar a sua configura\u00e7\u00e3o sem deitar tudo fora.<\/p>\n<p>H\u00e1 limites, e \u00e9 preciso t\u00ea-los em conta. A pedaleira de base \u00e9 claramente o elo mais fraco de todo o conjunto: se se contentar em conduzir por divers\u00e3o ou descobrir as corridas de simuladores, n\u00e3o h\u00e1 problema, mas assim que come\u00e7ar a procurar precis\u00e3o na travagem, a mudan\u00e7a para uma pedaleira com c\u00e9lula de carga torna-se quase obrigat\u00f3ria. O volante ao estilo NASCAR n\u00e3o agradar\u00e1 a todos: alguns preferir\u00e3o um volante mais vers\u00e1til ao estilo GT ou F1. Finalmente, mesmo que este pacote seja atrativo para a Diret Drive, continua a ser um investimento substancial, especialmente se adicionar um cockpit digno desse nome.<\/p>\n<p>Em termos de valor percebido, se planeia pedalar regularmente, fazer progressos e prever esta configura\u00e7\u00e3o ao longo de v\u00e1rios anos, o pacote faz sentido. Paga mais do que um kit de entrada de gama normal, mas tamb\u00e9m evita a frustra\u00e7\u00e3o de ter de substituir tudo rapidamente. Acima de tudo, o dinheiro investido na base \u00e9 um bom investimento. Fica-se com a sensa\u00e7\u00e3o de que \u00e9 o cora\u00e7\u00e3o de uma configura\u00e7\u00e3o capaz de acompanhar uma verdadeira atualiza\u00e7\u00e3o.<\/p>\n<h2>Veredicto: um excelente e s\u00e9rio ponto de entrada no Diret Drive<\/h2>\n<p>O Fanatec CSL DD Ready2Race NASCAR Bundle muda algo fundamental numa configura\u00e7\u00e3o: introduz um verdadeiro Diret Drive, limpo e reativo, num pacote chave-na-m\u00e3o compat\u00edvel com a Xbox e o PC. Estamos a passar de uma experi\u00eancia de jogo para uma verdadeira sensa\u00e7\u00e3o de condu\u00e7\u00e3o, com um volante que informa em vez de subjugar.<\/p>\n<p>No mercado, este pacote posiciona-se como uma gama m\u00e9dia s\u00f3lida, mas com uma base que joga claramente a s\u00e9rio. N\u00e3o \u00e9 um topo de gama ultra-poderoso, mas tamb\u00e9m n\u00e3o \u00e9 de todo um n\u00edvel de entrada. \u00c9 a este n\u00edvel crucial que a diferen\u00e7a na sensa\u00e7\u00e3o se torna \u00f3bvia, mesmo para utilizadores n\u00e3o t\u00e9cnicos.<\/p>\n<p>Recomendo-o \u00e0queles que querem dar um verdadeiro passo em frente em termos de qualidade sem entrar em personaliza\u00e7\u00f5es complexas: simuladores interm\u00e9dios, principiantes altamente motivados e prontos a investir, jogadores de consola que querem uma configura\u00e7\u00e3o que n\u00e3o pare\u00e7a um brinquedo. Por outro lado, se o seu or\u00e7amento for muito apertado, ou se pretender diretamente uma pedaleira topo de gama e um volante ultra-espec\u00edfico, pode ser mais interessante montar uma configura\u00e7\u00e3o pe\u00e7a a pe\u00e7a.<\/p>\n<p>Se est\u00e1 \u00e0 procura de um pacote Diret Drive s\u00e9rio e escal\u00e1vel que j\u00e1 \u00e9 muito envolvente, este produto pode claramente fazer toda a diferen\u00e7a na sua configura\u00e7\u00e3o.<\/p>","protected":false},"excerpt":{"rendered":"<p>Este pacote proporciona uma verdadeira diferen\u00e7a nas sensa\u00e7\u00f5es de condu\u00e7\u00e3o: o Diret Drive torna o carro mais leg\u00edvel, mais \"ligado\" \u00e0s m\u00e3os, sem se perder na complexidade. Acima de tudo, faz sentido para os jogadores motivados da Xbox\/PC que j\u00e1 est\u00e3o cansados dos volantes de entrada de gama e est\u00e3o dispostos a investir durante v\u00e1rios anos. A base CSL DD torna-o uma escolha coerente e duradoura, apesar da pedaleira aperfei\u00e7o\u00e1vel.<\/p>","protected":false},"featured_media":100986,"comment_status":"open","ping_status":"closed","template":"","meta":{"_acf_changed":false,"_et_pb_use_builder":"","_et_pb_old_content":"","_et_gb_content_width":""},"product_brand":[158],"product_cat":[161,173,170,169],"product_tag":[149,160],"class_list":{"0":"post-100985","1":"product","2":"type-product","3":"status-publish","4":"has-post-thumbnail","6":"product_brand-fanatec","7":"product_cat-volant","8":"product_cat-volants-fanatec","9":"product_cat-volants-xbox-one","10":"product_cat-volants-xbox-series-x-s","11":"product_tag-pc","12":"product_tag-xbox","14":"first","15":"instock","16":"shipping-taxable","17":"product-type-external"},"acf":[],"_links":{"self":[{"href":"https:\/\/simracergear.com\/pt\/wp-json\/wp\/v2\/product\/100985","targetHints":{"allow":["GET"]}}],"collection":[{"href":"https:\/\/simracergear.com\/pt\/wp-json\/wp\/v2\/product"}],"about":[{"href":"https:\/\/simracergear.com\/pt\/wp-json\/wp\/v2\/types\/product"}],"replies":[{"embeddable":true,"href":"https:\/\/simracergear.com\/pt\/wp-json\/wp\/v2\/comments?post=100985"}],"wp:featuredmedia":[{"embeddable":true,"href":"https:\/\/simracergear.com\/pt\/wp-json\/wp\/v2\/media\/100986"}],"wp:attachment":[{"href":"https:\/\/simracergear.com\/pt\/wp-json\/wp\/v2\/media?parent=100985"}],"wp:term":[{"taxonomy":"product_brand","embeddable":true,"href":"https:\/\/simracergear.com\/pt\/wp-json\/wp\/v2\/product_brand?post=100985"},{"taxonomy":"product_cat","embeddable":true,"href":"https:\/\/simracergear.com\/pt\/wp-json\/wp\/v2\/product_cat?post=100985"},{"taxonomy":"product_tag","embeddable":true,"href":"https:\/\/simracergear.com\/pt\/wp-json\/wp\/v2\/product_tag?post=100985"}],"curies":[{"name":"wp","href":"https:\/\/api.w.org\/{rel}","templated":true}]}}