{"id":101050,"date":"2025-05-15T07:59:00","date_gmt":"2025-05-15T07:59:00","guid":{"rendered":"https:\/\/simracergear.com\/products\/fanatec-csl-pedals-lc\/"},"modified":"2025-11-28T04:58:41","modified_gmt":"2025-11-28T04:58:41","slug":"fanatec-csl-pedals-lc","status":"publish","type":"product","link":"https:\/\/simracergear.com\/pt\/products\/fanatec-csl-pedals-lc\/","title":{"rendered":"Pedais Fanatec CSL LC"},"content":{"rendered":"<p>No pequeno mundo das pedaleiras de simula\u00e7\u00e3o de corridas, a Fanatec CSL Pedals LC ocupa um lugar muito especial: \u00e9 frequentemente a primeira pedaleira verdadeiramente \"s\u00e9ria\" com uma c\u00e9lula de carga acess\u00edvel, aquela que o leva de uma configura\u00e7\u00e3o de n\u00edvel de entrada para algo muito mais cred\u00edvel. Acima de tudo, promete uma coisa: transformar a travagem e, por conseguinte, os tempos por volta, sem necessitar de um cockpit de competi\u00e7\u00e3o ou de um or\u00e7amento absurdo.<\/p>\n<p>Pela minha parte, estou a abordar o assunto de um \u00e2ngulo muito simples: esta pedaleira oferece um ganho real em consist\u00eancia, precis\u00e3o e confian\u00e7a em compara\u00e7\u00e3o com os pedais de potenci\u00f3metro b\u00e1sicos? Ser\u00e1 que se aguenta ao longo do tempo, sem se tornar num ninho de folgas mec\u00e2nicas e rangidos estranhos? E, acima de tudo, merece permanecer no centro de uma configura\u00e7\u00e3o em evolu\u00e7\u00e3o, ou \u00e9 apenas um ponto de paragem antes de se apontar para mais alto?<\/p>\n<p>O CSL Pedals LC \u00e9 apelativo porque promete travagem por press\u00e3o, tal como na competi\u00e7\u00e3o, num formato compacto compat\u00edvel com PC e consola e integrado no ecossistema Fanatec. Resumindo: uma grande atualiza\u00e7\u00e3o na sensa\u00e7\u00e3o, com uma barreira de entrada razo\u00e1vel. A quest\u00e3o \u00e9 saber se este salto qualitativo \u00e9 realmente poss\u00edvel ou se a diferen\u00e7a em rela\u00e7\u00e3o aos cranksets de gama alta continua a ser demasiado grande.<\/p>\n<h2>Conce\u00e7\u00e3o e fabrico<\/h2>\n<p>Ao tirar o CSL Pedals LC da caixa, a primeira impress\u00e3o \u00e9 tranquilizadora: estrutura met\u00e1lica, acabamento preto mate, aspeto s\u00f3brio mas n\u00e3o barato. Os bra\u00e7os do pedal s\u00e3o de a\u00e7o e a base \u00e9 densa, sem flex\u00e3o evidente. V\u00ea-se que o produto est\u00e1 claramente direcionado para a gama m\u00e9dia s\u00e9ria, longe do pl\u00e1stico de brinquedo, mas sem cair no deboche do alum\u00ednio maquinado que se encontra nas pedaleiras de gama alta.<\/p>\n<p>O que chama imediatamente a aten\u00e7\u00e3o \u00e9 a simplicidade do design. N\u00e3o h\u00e1 pe\u00e7as desnecess\u00e1rias, nem tampas sup\u00e9rfluas, tudo \u00e9 bastante simples. Na m\u00e3o, os pedais inspiram confian\u00e7a: n\u00e3o rangem nem soam ocos, e a mec\u00e2nica exala robustez. N\u00e3o se tem a impress\u00e3o de que uma mola vai rebentar \u00e0 primeira travagem grande e ligeiramente agressiva. Com um cockpit decente, o conjunto mant\u00e9m-se firmemente no lugar e a rigidez geral \u00e9 satisfat\u00f3ria para este segmento de pre\u00e7o.<\/p>\n<p>Existem, no entanto, alguns compromissos vis\u00edveis. Os pedais s\u00e3o relativamente estreitos, o curso original \u00e9 bastante curto e algumas das pe\u00e7as secund\u00e1rias s\u00e3o um pouco mais \"produto industrial de custo optimizado\" do que \"joia maquinada\". N\u00e3o \u00e9 feio, mas v\u00ea-se claramente a diferen\u00e7a em rela\u00e7\u00e3o a pedaleiros de alum\u00ednio maci\u00e7o ou constru\u00e7\u00f5es mais modulares. Mas continua a ser muito superior ao que se encontra num conjunto b\u00e1sico com um volante.<\/p>\n<p>Em compara\u00e7\u00e3o com outros cranksets de gama m\u00e9dia, a sensa\u00e7\u00e3o geral \u00e9 a de um produto mais s\u00e9rio do que a m\u00e9dia, sem for\u00e7ar o envelope premium. H\u00e1 um verdadeiro bloco de metal, uma c\u00e9lula de carga bem integrada e uma geometria que parece imediatamente mais \"corrida simulada\" do que \"acess\u00f3rio de consola\".<\/p>\n<h2>Defini\u00e7\u00f5es, personaliza\u00e7\u00e3o e compatibilidade<\/h2>\n<p>Em termos de ajustes f\u00edsicos, o CSL Pedals LC \u00e9 relativamente simples, mas eficaz. \u00c9 poss\u00edvel ajustar a posi\u00e7\u00e3o lateral dos pedais, a dist\u00e2ncia entre eles e jogar com o \u00e2ngulo para encontrar uma posi\u00e7\u00e3o confort\u00e1vel para o p\u00e9. O trav\u00e3o de c\u00e9lula de carga possui diferentes compostos de borracha e uma mola para ajustar a dureza e a progressividade. N\u00e3o \u00e9 infinitamente personaliz\u00e1vel, mas \u00e9 mais do que suficiente para a maioria dos utilizadores.<\/p>\n<p>A verdadeira chave \u00e9 a calibra\u00e7\u00e3o e as defini\u00e7\u00f5es no software Fanatec. Num PC, atrav\u00e9s do Fanalab ou do condutor, \u00e9 poss\u00edvel ajustar a sensibilidade da c\u00e9lula de carga, determinar o n\u00edvel de press\u00e3o que corresponde a 100 % de travagem e adaptar a curva de resposta. A primeira sess\u00e3o demora algum tempo a encontrar o compromisso certo: resist\u00eancia suficiente para poder medir, sem c\u00e3ibras ap\u00f3s algumas voltas. Quando se apanha o jeito, quase n\u00e3o se toca em mais nada.<\/p>\n<p>Numa consola, perde-se alguma da delicadeza das defini\u00e7\u00f5es do software, mas a pedaleira continua a ser totalmente utiliz\u00e1vel quando ligada a uma base Fanatec compat\u00edvel. O trav\u00e3o continua a ser ajust\u00e1vel atrav\u00e9s dos menus da base e, na pr\u00e1tica, obt\u00e9m-se rapidamente algo coerente no jogo. O ecossistema Fanatec desempenha aqui um verdadeiro papel: volante, pedaleira, manivela, man\u00edpulo de mudan\u00e7as, tudo se comunica entre si sem necessidade de mexer.<\/p>\n<p>Em termos de compatibilidade, a pedaleira destina-se principalmente a quem utiliza uma base Fanatec, mas tamb\u00e9m pode ser utilizada num PC atrav\u00e9s de USB direto, o que abre a porta a outras bases de outras marcas. Deste ponto de vista, pode servir como um ponto de entrada s\u00f3lido no mundo das corridas de simuladores, mantendo-se relevante para uma configura\u00e7\u00e3o em evolu\u00e7\u00e3o. N\u00e3o \u00e9 uma pedaleira ultra-modular, mas para o seu segmento, preenche os requisitos essenciais sem se tornar uma dor de cabe\u00e7a.<\/p>\n<h2>Sensa\u00e7\u00f5es em jogo<\/h2>\n<p>\u00c9 na pista virtual que o CSL Pedals LC mostra realmente o que pode fazer. O trav\u00e3o de c\u00e9lula de carga muda a forma como conduzimos. J\u00e1 n\u00e3o se pensa em termos de \"quanto carrego no pedal\", mas sim em termos de \"quanta press\u00e3o aplico\". Esta mudan\u00e7a mental torna a condu\u00e7\u00e3o mais natural. D\u00e1 por si a travar como num carro a s\u00e9rio: pressiona, sente a resist\u00eancia, modula. O c\u00e9rebro compreende instantaneamente esta linguagem.<\/p>\n<p>Na entrada da curva, a precis\u00e3o \u00e9 muito maior do que a de um trav\u00e3o potenci\u00f3metro normal. \u00c9 realmente poss\u00edvel estabilizar uma press\u00e3o de travagem interm\u00e9dia, manter uma ligeira travagem em trail braking e soltar gradualmente sem qualquer efeito de limiar s\u00fabito. Enquanto um pedaleiro b\u00e1sico d\u00e1 frequentemente a impress\u00e3o de uma travagem \"on\/off\", aqui temos nuances. Percebe-se melhor onde est\u00e1 o limite de travagem, especialmente nas simula\u00e7\u00f5es mais exigentes.<\/p>\n<p>Em termos de ader\u00eancia, a combina\u00e7\u00e3o pedal do trav\u00e3o + pedal do acelerador cumpre a sua fun\u00e7\u00e3o. O trav\u00e3o transmite bem as varia\u00e7\u00f5es de ader\u00eancia atrav\u00e9s da press\u00e3o necess\u00e1ria. V\u00ea-se claramente quando os pneus come\u00e7am a saturar: o carro torna-se mais leve, o volante reage e a press\u00e3o ideal torna-se mais f\u00e1cil de identificar e repetir. Ganha-se confian\u00e7a volta ap\u00f3s volta. Este \u00e9 tipicamente o tipo de pedal que o ajuda a ser mais consistente, e n\u00e3o apenas mais r\u00e1pido numa volta perfeita.<\/p>\n<p>Nos vibradores, n\u00e3o s\u00e3o os pedais que contam a hist\u00f3ria toda, mas a intera\u00e7\u00e3o com o volante. Por outro lado, a estabilidade que oferece na travagem, mesmo quando se est\u00e1 a morder os passeios com demasiada for\u00e7a, evita muitos erros graves. Mant\u00e9m-se o p\u00e9 no pedal do trav\u00e3o, a press\u00e3o \u00e9 controlada e o autom\u00f3vel mant\u00e9m-se mais controlado. Para correc\u00e7\u00f5es r\u00e1pidas em caso de bloqueio de uma roda ou de uma entrada demasiado otimista, a c\u00e9lula de carga permite micro-ajustes muito r\u00e1pidos. Mal se levanta a press\u00e3o, o carro volta a alinhar-se, volta-se a pressionar. Este tipo de delicadeza \u00e9 muito mais complicado com um potenci\u00f3metro convencional.<\/p>\n<p>Em sess\u00f5es longas, a experi\u00eancia depende da defini\u00e7\u00e3o de dureza que escolher. Com um trav\u00e3o muito firme, obt\u00e9m-se uma sensa\u00e7\u00e3o mais \"de corrida\", mas a perna pode ficar cansada em percursos longos. Com uma defini\u00e7\u00e3o ligeiramente mais suave, mant\u00e9m-se a precis\u00e3o sem estragar a barriga da perna. No geral, uma vez encontrado o compromisso certo, o pedaleiro mant\u00e9m-se confort\u00e1vel durante longas sess\u00f5es e a consist\u00eancia da c\u00e9lula de carga ajuda-o a reproduzir as mesmas press\u00f5es volta ap\u00f3s volta. O que estamos a falar aqui \u00e9 de uma consist\u00eancia que \u00e9 realmente percet\u00edvel nos tempos por volta.<\/p>\n<p>Comparado com um pedivela ainda mais topo de gama (com uma c\u00e9lula de carga ou sistema hidr\u00e1ulico mais avan\u00e7ado), o CSL Pedals LC \u00e9 obviamente ultrapassado em termos de refinamento, progressividade e sensa\u00e7\u00e3o de um \"bloco\" sob os p\u00e9s. Mas em compara\u00e7\u00e3o com um pedaleiro de feixe normal, o salto \u00e9 enorme. Passamos de um controlo aproximado para uma ferramenta que nos permite realmente trabalhar a travagem como uma compet\u00eancia por direito pr\u00f3prio. \u00c9 a\u00ed que os pedais mudam a experi\u00eancia de jogo.<\/p>\n<h2>A quem se destina? Do que gostamos \/ Do que n\u00e3o gostamos<\/h2>\n<p>O CSL Pedals LC destina-se principalmente a pilotos de simuladores motivados, quer sejam principiantes avan\u00e7ados ou interm\u00e9dios, que queiram dar um passo em frente em rela\u00e7\u00e3o aos pedais originais. No PC, destina-se tanto aos que correm em simuladores de ponta como aos jogadores mais casuais que querem divertir-se sem gastar muito. Nas consolas, \u00e9 uma op\u00e7\u00e3o muito boa para acompanhar uma base Fanatec e fugir ao tudo-em-um b\u00e1sico.<\/p>\n<p>O que me agrada particularmente \u00e9 a rela\u00e7\u00e3o pre\u00e7o\/sensa\u00e7\u00e3o. A melhoria da travagem \u00e9 clara e tang\u00edvel e traduz-se em voltas mais limpas. Em segundo lugar, a constru\u00e7\u00e3o met\u00e1lica d\u00e1 uma impress\u00e3o real de um produto s\u00e9rio, capaz de suportar uma utiliza\u00e7\u00e3o intensiva sem vacilar. Por fim, a compatibilidade com o ecossistema Fanatec e a possibilidade de o utilizar atrav\u00e9s de USB num PC tornam-no suficientemente vers\u00e1til para acompanhar uma configura\u00e7\u00e3o em constante mudan\u00e7a. Fica-se com a sensa\u00e7\u00e3o de estar a investir em algo que faz sentido a m\u00e9dio prazo.<\/p>\n<p>Mas h\u00e1 limites claros. A ajustabilidade continua a ser mais limitada do que nos cranksets de gama alta: n\u00e3o \u00e9 poss\u00edvel ajustar tudo ao mil\u00edmetro ou transformar completamente a sensa\u00e7\u00e3o do trav\u00e3o. A dureza m\u00e1xima, mesmo com os pisos mais firmes, continua a ser inferior \u00e0 dos pedais de competi\u00e7\u00e3o ou dos pedivelas puramente orientados para o eSport, o que pode deixar os puristas que procuram sensa\u00e7\u00f5es ultra-firmes a desejar mais. Por fim, o acelerador e a embraiagem s\u00e3o decentes, mas menos marcantes: cumprem a fun\u00e7\u00e3o, sem oferecer a mesma sensa\u00e7\u00e3o de salto qualitativo que o trav\u00e3o.<\/p>\n<p>Em termos de valor percebido, o CSL Pedals LC \u00e9 um investimento inteligente para aqueles que querem colocar o seu dinheiro onde a sua boca est\u00e1. Numa configura\u00e7\u00e3o de corrida simulada, o trav\u00e3o \u00e9 frequentemente o elemento que faz mais progressos. Aqui, a rela\u00e7\u00e3o entre o que se gasta e o que se ganha em consist\u00eancia \u00e9 claramente vantajosa, desde que se aceite que n\u00e3o \u00e9 a \u00faltima palavra em realismo absoluto.<\/p>\n<h2>Veredicto<\/h2>\n<p>A Fanatec CSL Pedals LC traz uma mudan\u00e7a muito concreta a uma configura\u00e7\u00e3o: a travagem torna-se uma ferramenta precisa e reproduz\u00edvel, e deixa de ser um ponto fraco que temos de suportar. \u00c9 um pedalboard que estrutura o resto da configura\u00e7\u00e3o, especialmente se vieres de um conjunto de n\u00edvel b\u00e1sico. Pode ser vista como a pedra angular de uma configura\u00e7\u00e3o de corrida simulada s\u00e9ria, sem exagerar.<\/p>\n<p>No mercado, est\u00e1 claramente posicionado na gama m\u00e9dia, com uma orienta\u00e7\u00e3o desempenho\/pre\u00e7o muito coerente. N\u00e3o tem a pretens\u00e3o de rivalizar com os cranksets ultra-configur\u00e1veis totalmente em alum\u00ednio, mas oferece uma c\u00e9lula de carga verdadeiramente eficiente, uma constru\u00e7\u00e3o s\u00f3lida e uma integra\u00e7\u00e3o limpa num ecossistema j\u00e1 bem estabelecido.<\/p>\n<p>Recomendo-o aos pilotos de simuladores que queiram dar um verdadeiro salto em frente em termos de travagem, sem reorganizarem todo o seu espa\u00e7o nem esgotarem o seu or\u00e7amento. Para os puristas hardcore que procuram sensa\u00e7\u00f5es ultra-firmes e uma personaliza\u00e7\u00e3o mec\u00e2nica extensiva, existem op\u00e7\u00f5es mais extremas, mas tamb\u00e9m consideravelmente mais caras e exigentes em termos de cockpit.<\/p>\n<p>Se procura uma travagem mais precisa, consistente e natural sem estourar o seu or\u00e7amento, esta pedaleira pode fazer toda a diferen\u00e7a na sua configura\u00e7\u00e3o.<\/p>","protected":false},"excerpt":{"rendered":"<p>Este pedaleiro muda realmente a forma como travamos: ganhamos em precis\u00e3o, consist\u00eancia e confian\u00e7a volta ap\u00f3s volta, especialmente se viermos de um pacote original. Faz sentido para os pilotos de simuladores motivados, no PC ou na consola, que pretendem um grande avan\u00e7o sem chegar ao topo da gama. No geral, a rela\u00e7\u00e3o pre\u00e7o\/sensa\u00e7\u00e3o \u00e9 muito consistente.<\/p>","protected":false},"featured_media":101051,"comment_status":"open","ping_status":"closed","template":"","meta":{"_acf_changed":false,"_et_pb_use_builder":"","_et_pb_old_content":"","_et_gb_content_width":""},"product_brand":[158],"product_cat":[162],"product_tag":[149,159,160],"class_list":{"0":"post-101050","1":"product","2":"type-product","3":"status-publish","4":"has-post-thumbnail","6":"product_brand-fanatec","7":"product_cat-pedalier","8":"product_tag-pc","9":"product_tag-playstation","10":"product_tag-xbox","12":"first","13":"instock","14":"shipping-taxable","15":"product-type-external"},"acf":[],"_links":{"self":[{"href":"https:\/\/simracergear.com\/pt\/wp-json\/wp\/v2\/product\/101050","targetHints":{"allow":["GET"]}}],"collection":[{"href":"https:\/\/simracergear.com\/pt\/wp-json\/wp\/v2\/product"}],"about":[{"href":"https:\/\/simracergear.com\/pt\/wp-json\/wp\/v2\/types\/product"}],"replies":[{"embeddable":true,"href":"https:\/\/simracergear.com\/pt\/wp-json\/wp\/v2\/comments?post=101050"}],"wp:featuredmedia":[{"embeddable":true,"href":"https:\/\/simracergear.com\/pt\/wp-json\/wp\/v2\/media\/101051"}],"wp:attachment":[{"href":"https:\/\/simracergear.com\/pt\/wp-json\/wp\/v2\/media?parent=101050"}],"wp:term":[{"taxonomy":"product_brand","embeddable":true,"href":"https:\/\/simracergear.com\/pt\/wp-json\/wp\/v2\/product_brand?post=101050"},{"taxonomy":"product_cat","embeddable":true,"href":"https:\/\/simracergear.com\/pt\/wp-json\/wp\/v2\/product_cat?post=101050"},{"taxonomy":"product_tag","embeddable":true,"href":"https:\/\/simracergear.com\/pt\/wp-json\/wp\/v2\/product_tag?post=101050"}],"curies":[{"name":"wp","href":"https:\/\/api.w.org\/{rel}","templated":true}]}}