{"id":101118,"date":"2025-05-15T08:01:00","date_gmt":"2025-05-15T08:01:00","guid":{"rendered":"https:\/\/simracergear.com\/products\/fanatec-gran-turismo-dd-pro-5-nm\/"},"modified":"2025-11-28T05:02:54","modified_gmt":"2025-11-28T05:02:54","slug":"fanatec-gran-turismo-dd-pro-5-nm","status":"publish","type":"product","link":"https:\/\/simracergear.com\/pt\/products\/fanatec-gran-turismo-dd-pro-5-nm\/","title":{"rendered":"Fanatec Gran Turismo DD Pro (5 Nm)"},"content":{"rendered":"<h2>Fanatec Gran Turismo DD Pro 5 Nm: a minha opini\u00e3o ap\u00f3s o teste<\/h2>\n<p>O Fanatec Gran Turismo DD Pro 5 Nm est\u00e1 posicionado como o ponto de entrada \"oficial\" da Diret Drive para os jogadores da PlayStation, embora possa ser utilizado no PC. No papel, promete um verdadeiro motor Diret Drive, um design compacto e uma ampla compatibilidade com o ecossistema Fanatec, tudo num pacote concebido para o Gran Turismo, mas n\u00e3o limitado a esse jogo.<\/p>\n<p>O que torna este modelo particularmente atrativo \u00e9 o seu posicionamento h\u00edbrido: mais s\u00e9rio do que um volante de in\u00e9rcia com correia do mercado de massas, menos extremo e menos dispendioso do que uma base Diret Drive muito potente. Destina-se a quem quer dar um verdadeiro salto em frente em termos de sensa\u00e7\u00f5es, sem cair na corrida pelo bin\u00e1rio m\u00e1ximo.<\/p>\n<p>O meu ponto de vista \u00e9 simples: os 5 Nm s\u00e3o suficientes para tirar o m\u00e1ximo partido da transmiss\u00e3o direta? O n\u00edvel de detalhe, precis\u00e3o e consist\u00eancia est\u00e1 \u00e0 altura do dia a dia, em diferentes tipos de jogos e carros? E, acima de tudo, ser\u00e1 que este DD Pro 5 Nm se mant\u00e9m \u00e0 altura das outras bases da sua categoria, em termos de divers\u00e3o, conforto e versatilidade?<\/p>\n<h2>Conce\u00e7\u00e3o e fabrico: um bloco compacto mas s\u00e9rio<\/h2>\n<p>Visualmente, o Gran Turismo DD Pro 5 Nm b\u00e1sico d\u00e1 imediatamente a impress\u00e3o de um produto s\u00e9rio, sem cair no aspeto de \"f\u00e1brica de g\u00e1s\". O formato \u00e9 compacto e bastante quadrado, com uma caixa met\u00e1lica bem ajustada e componentes de pl\u00e1stico que n\u00e3o parecem baratos. Na m\u00e3o, a base tem uma densidade real e o bloco do motor parece bem contido, sem folgas parasitas.<\/p>\n<p>A montagem no cockpit inspira confian\u00e7a. Uma vez apertada, a base n\u00e3o se move, mesmo com uma s\u00e9rie de correc\u00e7\u00f5es r\u00e1pidas. A rigidez geral \u00e9 boa para esta gama de pot\u00eancia: sem flex\u00e3o vis\u00edvel, sem vibra\u00e7\u00f5es parasitas do chassis que possam vir da pr\u00f3pria base. \u00c9 limpo e controlado.<\/p>\n<p>O volante do Gran Turismo fornecido \u00e9 mais contrastante. O di\u00e2metro \u00e9 correto, a ader\u00eancia \u00e9 agrad\u00e1vel, o punho n\u00e3o escorrega e o acabamento geral \u00e9 consistente para um pack. Os bot\u00f5es s\u00e3o abundantes, bem colocados e pr\u00e1ticos para a PlayStation. Por outro lado, os materiais continuam a ser bastante \"pl\u00e1sticos\", especialmente quando se vem de um volante mais sofisticado em pele ou alc\u00e2ntara. N\u00e3o quebra a imers\u00e3o, mas \u00e9 evidente que se trata de um volante de n\u00edvel b\u00e1sico\/m\u00e9dio no universo Fanatec.<\/p>\n<p>O que \u00e9 surpreendente \u00e9 a limpeza do conjunto para um kit com \"licen\u00e7a Gran Turismo\" que poderia ter sido mais extravagante. Este \u00e9 um produto Fanatec genu\u00edno, n\u00e3o apenas um volante de marca. Comparado com solu\u00e7\u00f5es acionadas por correia numa gama semelhante, o DD Pro 5 Nm d\u00e1 imediatamente uma impress\u00e3o mais premium no lado da base, mesmo que o volante permane\u00e7a um n\u00edvel abaixo do que a marca oferece nas suas gamas ClubSport ou Podium.<\/p>\n<h2>Defini\u00e7\u00f5es, personaliza\u00e7\u00e3o e compatibilidade<\/h2>\n<p>O cora\u00e7\u00e3o da experi\u00eancia com este DD Pro s\u00e3o as defini\u00e7\u00f5es. Como \u00e9 habitual, a Fanatec prop\u00f5e menus no interior da base, acess\u00edveis diretamente a partir do volante: for\u00e7a total, filtro, interpola\u00e7\u00e3o, fric\u00e7\u00e3o, sensibilidade... \u00c9 poss\u00edvel fazer uma enorme quantidade de coisas sem sequer utilizar um software para PC. Trata-se de uma verdadeira vantagem para os jogadores de consola que pretendem ajustar a sensa\u00e7\u00e3o sem complicar a sua vida.<\/p>\n<p>A curva de aprendizagem \u00e9 razo\u00e1vel. Se deixar as predefini\u00e7\u00f5es de base em vigor, o resultado j\u00e1 \u00e9 jog\u00e1vel e consistente. Se dedicar algum tempo, poder\u00e1 aperfei\u00e7oar as defini\u00e7\u00f5es para cada jogo, nomeadamente ajustando a intensidade para evitar a satura\u00e7\u00e3o nos t\u00edtulos que exageram um pouco o FFB. Os menus ainda s\u00e3o um pouco secos para os principiantes, mas rapidamente se entra numa rotina de defini\u00e7\u00f5es essenciais.<\/p>\n<p>No PC, beneficia do software da marca, que lhe permite guardar perfis para cada jogo e levar a personaliza\u00e7\u00e3o um pouco mais longe. Na PlayStation, a integra\u00e7\u00e3o \u00e9 muito boa: reconhecimento direto, bot\u00f5es mapeados, ecr\u00e3 claro. A compatibilidade com as consolas \u00e9 um dos grandes argumentos de venda deste produto e, na pr\u00e1tica, \u00e9 bem sucedida.<\/p>\n<p>O ecossistema Fanatec em torno da DD Pro \u00e9 um dos seus principais trunfos. Pode facilmente mudar o volante, adicionar um pedaleiro mais s\u00e9rio, uma alavanca de velocidades ou um trav\u00e3o de m\u00e3o. O chainstay torna-se ent\u00e3o um centro de controlo verdadeiramente atualiz\u00e1vel. Com 5 Nm, \u00e9 claramente um ponto de entrada neste mundo: \u00e9 suficientemente forte para durar, mas se realmente lhe apanharmos o jeito, sabemos que um kit de refor\u00e7o ou uma escora mais potente vir\u00e3o mais tarde. O DD Pro 5 Nm posiciona-se assim como uma base duradoura para uma utiliza\u00e7\u00e3o \"s\u00e9ria mas razo\u00e1vel\", desde que aceite este limite de bin\u00e1rio.<\/p>\n<h2>Sensa\u00e7\u00f5es de jogo: o verdadeiro benef\u00edcio do Diret Drive a 5 Nm<\/h2>\n<p>Uma vez em pista, a diferen\u00e7a em rela\u00e7\u00e3o a um volante acionado por correia numa gama semelhante \u00e9 clara. O que realmente se destaca \u00e9 a limpeza do feedback. Os 5 Nm n\u00e3o puxam pelos bra\u00e7os, mas o bin\u00e1rio chega instantaneamente, sem in\u00e9rcia da correia e sem efeito de borracha. Sente-se imediatamente que o motor est\u00e1 diretamente sobre o eixo.<\/p>\n<p>A precis\u00e3o do FFB \u00e9 a sua maior for\u00e7a. \u00c9 muito mais f\u00e1cil ler o que os pneus est\u00e3o a fazer, especialmente na entrada da curva e durante as micro-correc\u00e7\u00f5es. A dire\u00e7\u00e3o centra-se naturalmente, sem exageros. Quando o carro come\u00e7a a alargar, sente-se a perda de ader\u00eancia gradualmente, n\u00e3o como um simples \"on\/off\". Percebe-se imediatamente o que o carro est\u00e1 a fazer.<\/p>\n<p>Nas curvas m\u00e9dias e r\u00e1pidas, o DD Pro 5 Nm oferece um bom compromisso entre resist\u00eancia e controlo. A for\u00e7a n\u00e3o \u00e9 monstruosa, mas \u00e9 suficiente para dar ao volante uma verdadeira consist\u00eancia, mesmo em GTs ou prot\u00f3tipos. \u00c9 poss\u00edvel sentir a transfer\u00eancia de carga e as varia\u00e7\u00f5es de ader\u00eancia entre a entrada e a sa\u00edda das curvas. As leituras de ader\u00eancia s\u00e3o claras, especialmente em conjuntos FFB bem afinados. \u00c9 aqui que a base muda realmente a experi\u00eancia em compara\u00e7\u00e3o com uma solu\u00e7\u00e3o mais b\u00e1sica.<\/p>\n<p>Os vibradores est\u00e3o bem representados. Sente-se o seu perfil e intensidade, sem que se torne numa metralhadora desagrad\u00e1vel. Nos vibradores agressivos, o volante reage com franqueza, mas mant\u00e9m-se o controlo. As pequenas irregularidades da via, os ligeiros solavancos e as paragens da traseira reflectem-se em reac\u00e7\u00f5es pequenas, limpas e bem separadas. Fica-se com a impress\u00e3o de que cada informa\u00e7\u00e3o tem o seu lugar, sem qualquer nevoeiro.<\/p>\n<p>Durante longas sess\u00f5es, a consist\u00eancia do motor \u00e9 muito apreciada. Sem subidas de temperatura inc\u00f3modas, sem perda de pot\u00eancia percet\u00edvel durante uma longa sess\u00e3o. Os 5 Nm tamb\u00e9m ajudam na fadiga: estamos numa zona em que o esfor\u00e7o f\u00edsico permanece razo\u00e1vel, mesmo em enduro. \u00c9 poss\u00edvel conduzir durante muito tempo sem sentir que se est\u00e1 a lutar contra a base.<\/p>\n<p>Em correc\u00e7\u00f5es r\u00e1pidas, em drifting ligeiro ou numa perda de extremidade traseira, a Diret Drive faz claramente a diferen\u00e7a em compara\u00e7\u00e3o com uma base acionada por correia. O volante regressa mais rapidamente e de forma mais limpa, e \u00e9 poss\u00edvel agarrar o carro com maior confian\u00e7a. Temos realmente a sensa\u00e7\u00e3o de estar a conduzir com as pontas dos dedos, sem ter de o for\u00e7ar. O bin\u00e1rio limitado mostra os seus limites, especialmente se estiver \u00e0 procura de uma experi\u00eancia muito f\u00edsica, com for\u00e7as elevadas como um grande DD de 10 Nm ou mais. Aqui, os 5 Nm parecem ter atingido um teto, especialmente com configura\u00e7\u00f5es agressivas.<\/p>\n<p>Em compara\u00e7\u00e3o com um modelo de base mais potente da mesma marca, perdemos a maior parte da reserva de bin\u00e1rio e da for\u00e7a nos grandes impactos (vibradores muito altos, embates, mudan\u00e7as bruscas de ader\u00eancia). Por outro lado, o n\u00edvel de pormenor continua a ser muito bom. Para quem vem de uma roda de entrada de gama, o salto qualitativo \u00e9 enorme. Para quem j\u00e1 tem um bom volante com correia, a diferen\u00e7a est\u00e1 mais na delicadeza, na capacidade de resposta e na limpeza dos sinais do que na for\u00e7a. O prazer de condu\u00e7\u00e3o, por outro lado, d\u00e1 um verdadeiro salto em frente.<\/p>\n<h2>A quem se destina? O que gostamos e o que n\u00e3o gostamos<\/h2>\n<p>O Gran Turismo DD Pro 5 Nm destina-se claramente ao condutor interm\u00e9dio motivado, ou ao principiante s\u00e9rio que quer investir imediatamente em algo s\u00f3lido. \u00c9 tamb\u00e9m um excelente ponto de entrada para os jogadores de consola que querem finalmente experimentar a tecnologia Diret Drive sem terem de optar por uma configura\u00e7\u00e3o enorme. No PC, continua a ser totalmente relevante para aqueles que preferem a delicadeza e a compatibilidade \u00e0 pot\u00eancia bruta.<\/p>\n<p>O que realmente me agrada \u00e9 a combina\u00e7\u00e3o de precis\u00e3o, compacidade e versatilidade. O n\u00edvel de pormenor do FFB \u00e9 muito superior ao dos volantes de consumo convencionais. A base \u00e9 suficientemente discreta para caber numa configura\u00e7\u00e3o de sala de estar, bem como num cockpit dedicado. E o ecossistema Fanatec que o rodeia significa que o resto do hardware pode ser atualizado gradualmente: um novo volante, pedais mais s\u00e9rios, adi\u00e7\u00e3o de uma alavanca de velocidades ou de um trav\u00e3o de m\u00e3o. Fica-se com a sensa\u00e7\u00e3o de estar a investir numa plataforma e n\u00e3o apenas num kit isolado.<\/p>\n<p>No que diz respeito aos limites, os 5 Nm mostram claramente os seus limites se estiver \u00e0 procura de uma experi\u00eancia muito f\u00edsica. Os f\u00e3s dos grandes GT3 com grande for\u00e7a descendente, ou aqueles que conduzem a uma intensidade muito elevada, v\u00e3o achar o bin\u00e1rio um pouco fraco, especialmente se j\u00e1 tiverem experimentado o Diret Drive mais potente. Quanto ao volante original do Gran Turismo, cumpre bem a sua fun\u00e7\u00e3o, mas continua a ser um degrau abaixo em termos de materiais, em compara\u00e7\u00e3o com os volantes mais sofisticados: muito pl\u00e1stico, menos sensa\u00e7\u00e3o de qualidade. Por \u00faltimo, a riqueza de defini\u00e7\u00f5es pode confundir um jogador completamente inexperiente, que corre o risco de se perder um pouco antes de conseguir uma representa\u00e7\u00e3o perfeitamente adaptada ao seu gosto.<\/p>\n<p>Em termos de valor percebido, este \u00e9 um investimento s\u00e9rio mas coerente. A base Diret Drive, a compatibilidade com a PlayStation, o acesso ao ecossistema e a qualidade geral fazem deste um excelente produto em termos de funcionalidades e sensa\u00e7\u00e3o para aqueles que querem levar as corridas de simuladores para o n\u00edvel seguinte sem terem de apontar imediatamente para o topo de gama.<\/p>\n<h2>Veredicto: uma entrada verdadeiramente s\u00f3lida no mundo da transmiss\u00e3o direta<\/h2>\n<p>O Fanatec Gran Turismo DD Pro 5 Nm muda uma coisa acima de tudo numa configura\u00e7\u00e3o: a qualidade da informa\u00e7\u00e3o que chega \u00e0s tuas m\u00e3os. Passamos de um volante que \"simula\" for\u00e7as para um motor que as transmite de uma forma mais direta, mais limpa e mais control\u00e1vel. Tudo isto num formato compacto, compat\u00edvel com consolas e PC, que n\u00e3o necessita de um cockpit refor\u00e7ado como alguns monstros de pot\u00eancia.<\/p>\n<p>No mercado, est\u00e1 claramente posicionado na gama m\u00e9dia de Diret Drive, com um papel fundamental: mais completo e mais envolvente do que as solu\u00e7\u00f5es acionadas por correia, mas mais acess\u00edvel e mais f\u00e1cil de utilizar do que as grandes bases topo de gama. Destina-se a jogadores s\u00e9rios que jogam regularmente, mas n\u00e3o procuram necessariamente recriar o esfor\u00e7o de um verdadeiro volante de corrida em cada sess\u00e3o.<\/p>\n<p>Recomendo-o aos jogadores de PlayStation que queiram uma configura\u00e7\u00e3o atualiz\u00e1vel e cred\u00edvel, aos pilotos de PC interm\u00e9dios que preferem a delicadeza \u00e0 for\u00e7a bruta e a todos os que queiram entrar no ecossistema Fanatec sem come\u00e7ar com uma base de grandes dimens\u00f5es. Por outro lado, se j\u00e1 sabe que quer uma sensa\u00e7\u00e3o ultra-f\u00edsica, ou se est\u00e1 pronto para investir diretamente numa base mais potente, este modelo pode parecer um pouco sensato.<\/p>\n<p>Se procura uma primeira Diret Drive s\u00e9ria, vers\u00e1til e compat\u00edvel com a consola, pronta para crescer consigo, este produto pode fazer toda a diferen\u00e7a na sua configura\u00e7\u00e3o.<\/p>","protected":false},"excerpt":{"rendered":"<p>Este DD Pro 5 Nm proporciona um verdadeiro salto em frente em termos de sensa\u00e7\u00f5es: feedback muito mais limpo, condu\u00e7\u00e3o mais clara e longas sess\u00f5es sem fadiga excessiva. Faz sentido para os jogadores da PlayStation e do PC que pretendem uma Diret Drive s\u00e9ria e atualiz\u00e1vel, sem procurar uma pot\u00eancia extrema. Em suma, \u00e9 uma proposta de valor coerente para uma entrada a longo prazo no ecossistema Fanatec.<\/p>","protected":false},"featured_media":101119,"comment_status":"open","ping_status":"closed","template":"","meta":{"_acf_changed":false,"_et_pb_use_builder":"","_et_pb_old_content":"","_et_gb_content_width":""},"product_brand":[158],"product_cat":[161,173,171,172],"product_tag":[149,159],"class_list":{"0":"post-101118","1":"product","2":"type-product","3":"status-publish","4":"has-post-thumbnail","6":"product_brand-fanatec","7":"product_cat-volant","8":"product_cat-volants-fanatec","9":"product_cat-volants-ps4","10":"product_cat-volants-ps5","11":"product_tag-pc","12":"product_tag-playstation","14":"first","15":"instock","16":"shipping-taxable","17":"product-type-external"},"acf":[],"_links":{"self":[{"href":"https:\/\/simracergear.com\/pt\/wp-json\/wp\/v2\/product\/101118","targetHints":{"allow":["GET"]}}],"collection":[{"href":"https:\/\/simracergear.com\/pt\/wp-json\/wp\/v2\/product"}],"about":[{"href":"https:\/\/simracergear.com\/pt\/wp-json\/wp\/v2\/types\/product"}],"replies":[{"embeddable":true,"href":"https:\/\/simracergear.com\/pt\/wp-json\/wp\/v2\/comments?post=101118"}],"wp:featuredmedia":[{"embeddable":true,"href":"https:\/\/simracergear.com\/pt\/wp-json\/wp\/v2\/media\/101119"}],"wp:attachment":[{"href":"https:\/\/simracergear.com\/pt\/wp-json\/wp\/v2\/media?parent=101118"}],"wp:term":[{"taxonomy":"product_brand","embeddable":true,"href":"https:\/\/simracergear.com\/pt\/wp-json\/wp\/v2\/product_brand?post=101118"},{"taxonomy":"product_cat","embeddable":true,"href":"https:\/\/simracergear.com\/pt\/wp-json\/wp\/v2\/product_cat?post=101118"},{"taxonomy":"product_tag","embeddable":true,"href":"https:\/\/simracergear.com\/pt\/wp-json\/wp\/v2\/product_tag?post=101118"}],"curies":[{"name":"wp","href":"https:\/\/api.w.org\/{rel}","templated":true}]}}