{"id":101131,"date":"2025-05-15T08:01:00","date_gmt":"2025-05-15T08:01:00","guid":{"rendered":"https:\/\/simracergear.com\/products\/fanatec-gran-turismo-dd-pro-8-nm\/"},"modified":"2025-11-28T05:03:35","modified_gmt":"2025-11-28T05:03:35","slug":"fanatec-gran-turismo-dd-pro-8-nm","status":"publish","type":"product","link":"https:\/\/simracergear.com\/pt\/products\/fanatec-gran-turismo-dd-pro-8-nm\/","title":{"rendered":"Fanatec Gran Turismo DD Pro (8 Nm)"},"content":{"rendered":"<h2>Fanatec Gran Turismo DD Pro (8 Nm): opini\u00e3o ap\u00f3s utiliza\u00e7\u00e3o intensiva<\/h2>\n<p>O Fanatec Gran Turismo DD Pro (vers\u00e3o de 8 Nm) estabeleceu-se claramente como um dos pontos de entrada mais s\u00e9rios no mundo da transmiss\u00e3o direta \"mainstream\". Destina-se a este nicho altamente cobi\u00e7ado: suficientemente potente e preciso para satisfazer um simulador exigente, mas ainda assim compat\u00edvel com a consola, relativamente compacto e oferecido como um pacote Gran Turismo oficialmente licenciado.<\/p>\n<p>No papel, promete o que muitas pessoas procuram atualmente: a nitidez da Diret Drive, uma boa compatibilidade com os jogos de consola mais populares e uma base escal\u00e1vel que pode suportar um progresso s\u00e9rio, sem cair na gama de pre\u00e7os dos grandes blocos ultra-premium.<\/p>\n<p>O meu objetivo com este DD Pro 8 Nm \u00e9 simples: avaliar a precis\u00e3o, a qualidade da sensa\u00e7\u00e3o, a versatilidade e o conforto ao longo do tempo. Por outras palavras, at\u00e9 que ponto muda realmente a experi\u00eancia em compara\u00e7\u00e3o com uma base com correia ou engrenagem, e se os seus compromissos (pot\u00eancia, acabamento, ecossistema, pre\u00e7o) resistem a uma utiliza\u00e7\u00e3o real, v\u00e1rias horas seguidas, em diferentes tipos de jogos.<\/p>\n<p>A ideia \u00e9 ver se este GT DD Pro 8 Nm merece a sua reputa\u00e7\u00e3o de \"ponto de rebu\u00e7ado\" entre acessibilidade e desempenho, ou se continua a ser um produto de transi\u00e7\u00e3o antes de passar a algo mais s\u00e9rio. Porque, hoje em dia, um Diret Drive j\u00e1 n\u00e3o \u00e9 um luxo: tornou-se o padr\u00e3o desejado por muitos jogadores.<\/p>\n<h2>Conce\u00e7\u00e3o e fabrico: compacto, s\u00e9rio, mas n\u00e3o perfeito<\/h2>\n<p>O bloco do motor do Gran Turismo DD Pro \u00e9 surpreendentemente pequeno. \u00c9 bastante compacto para um Diret Drive, com a sua caixa de alum\u00ednio com alhetas a funcionar como dissipador de calor e estrutura. Na m\u00e3o, d\u00e1 uma impress\u00e3o tranquilizadora de densidade e solidez. N\u00e3o se tem a sensa\u00e7\u00e3o de estar a manusear um brinquedo, apesar de estar na gama \"interm\u00e9dia\".<\/p>\n<p>O acabamento geral \u00e9 limpo: montagem fi\u00e1vel, parafusos e cavilhas bem integrados, sem espa\u00e7os de interfer\u00eancia. Os conectores na parte de tr\u00e1s est\u00e3o bem dispostos, com tomadas reais dignas de equipamento de PC em vez de fr\u00e1geis conectores de consola. Colocada sobre um cockpit r\u00edgido, a base n\u00e3o vacila. Sente-se que foi concebida para ser bem segura e resistir a horas de utiliza\u00e7\u00e3o.<\/p>\n<p>O volante do Gran Turismo que o acompanha \u00e9 onde as coisas descambam um pouco. \u00c9 estruturalmente s\u00f3lido e tem uma boa sensa\u00e7\u00e3o na m\u00e3o, mas os controlos e o revestimento de pl\u00e1stico d\u00e3o-lhe uma sensa\u00e7\u00e3o mais parecida com a de uma consola do que com o puro hardware de simula\u00e7\u00e3o de corridas. Os bot\u00f5es s\u00e3o abundantes e pr\u00e1ticos, mas o seu clique \u00e9 ligeiramente menos preciso na ponta dos dedos. Funciona, mas n\u00e3o transmite a mesma qualidade que a pr\u00f3pria base.<\/p>\n<p>Comparado com alguns dos seus rivais mais maci\u00e7os, o DD Pro parece um pouco mais \"leve\", menos blindado. Mas, para o seu segmento, a rigidez est\u00e1 presente e o conjunto geral mant\u00e9m-se consistente com o posicionamento do pre\u00e7o. Rapidamente se percebe que este \u00e9 um produto concebido para durar muitos anos, desde que seja montado numa estrutura s\u00e9ria e n\u00e3o numa secret\u00e1ria fr\u00e1gil.<\/p>\n<h2>Defini\u00e7\u00f5es, personaliza\u00e7\u00e3o e compatibilidade<\/h2>\n<p>Em termos de software e defini\u00e7\u00f5es, a Fanatec procurou claramente equilibrar simplicidade e profundidade. O menu de bordo j\u00e1 permite ajustar os principais par\u00e2metros sem ter de entrar no software do PC. For\u00e7a total, filtragem, FFB natural, \u00e2ngulo de rota\u00e7\u00e3o: \u00e9 poss\u00edvel ajustar o essencial a partir da base ou do volante, o que \u00e9 apreciado quando se joga principalmente numa consola.<\/p>\n<p>Ao utilizar o software para PC dedicado, pode desbloquear defini\u00e7\u00f5es mais detalhadas. \u00c9 preciso algum tempo para se familiarizar com cada par\u00e2metro e compreender o que realmente muda na pista. Pela minha parte, descobri que algumas op\u00e7\u00f5es faziam realmente a diferen\u00e7a: gest\u00e3o do amortecedor, for\u00e7a m\u00ednima para detalhes finos, modo de filtragem para suavizar picos demasiado violentos em determinadas pistas. N\u00e3o \u00e9 complicado, mas para tirar o melhor partido, \u00e9 preciso estar disposto a dedicar algum tempo a isso.<\/p>\n<p>As predefini\u00e7\u00f5es para os principais jogos poupam minutos preciosos. Raramente se come\u00e7a do zero e depois ajusta-se ao nosso gosto. Isto \u00e9 reconfortante para um jogador de consola ou para algu\u00e9m que n\u00e3o quer perder-se nos menus. Para um simulador mais avan\u00e7ado, h\u00e1 muitas possibilidades de personaliza\u00e7\u00e3o.<\/p>\n<p>Em termos de compatibilidade, o GT DD Pro foi claramente concebido como uma solu\u00e7\u00e3o h\u00edbrida de consola + PC. Do ponto de vista pr\u00e1tico, existe o ecossistema Fanatec por detr\u00e1s: volantes intercambi\u00e1veis com liberta\u00e7\u00e3o r\u00e1pida propriet\u00e1ria, pedais, man\u00edpulos de mudan\u00e7as, trav\u00f5es de m\u00e3o - tudo se encaixa perfeitamente. \u00c9 poss\u00edvel come\u00e7ar com o pacote \"b\u00e1sico\" e ir evoluindo, pe\u00e7a a pe\u00e7a, actualizando o volante ou mudando simplesmente a pedaleira.<\/p>\n<p>Em termos de escalabilidade, \u00e9 mais do que um simples ponto de entrada. \u00c9 uma base que pode continuar a ser o cora\u00e7\u00e3o da configura\u00e7\u00e3o durante muito tempo, mesmo ap\u00f3s v\u00e1rias actualiza\u00e7\u00f5es (novo ecr\u00e3, cockpit maior, novos perif\u00e9ricos). N\u00e3o se fica imediatamente com a impress\u00e3o de que se trata de um produto \"tempor\u00e1rio\", destinado a ser substitu\u00eddo no primeiro n\u00edvel de progress\u00e3o.<\/p>\n<h2>Sensa\u00e7\u00f5es no jogo: onde o Diret Drive muda tudo<\/h2>\n<p>Uma vez na pista, a primeira coisa que se nota \u00e9 o qu\u00e3o limpo \u00e9 o sinal. O force feedback de 8Nm do GT DD Pro n\u00e3o \u00e9 monstruoso, mas \u00e9 direto e limpo. N\u00e3o h\u00e1 folgas, n\u00e3o h\u00e1 desfocagem devido a correias ou engrenagens. Consegue-se sentir imediatamente que tudo o que a simula\u00e7\u00e3o envia, a base est\u00e1 a tentar retranscrever sem qualquer intermedi\u00e1rio.<\/p>\n<p>Em curvas r\u00e1pidas, a precis\u00e3o \u00e9 muito apreciada. \u00c9 mais f\u00e1cil posicionar o carro, manter um \u00e2ngulo constante do volante e sentir melhor quando a extremidade dianteira come\u00e7a a escorregar. Enquanto uma base de correia mais fraca pode, por vezes, apagar micro-varia\u00e7\u00f5es na for\u00e7a, o DD Pro mant\u00e9m uma leitura agradavelmente fina, mesmo sem levar a pot\u00eancia ao limite.<\/p>\n<p>A leitura da ader\u00eancia \u00e9 um dos seus pontos fortes. Sente-se bem a transi\u00e7\u00e3o entre a ader\u00eancia e o in\u00edcio da perda de controlo. O volante levanta-se e depois regressa, com nuances suficientes para antecipar em vez de sofrer. Percebe-se imediatamente o que o carro est\u00e1 a fazer. D\u00e1-lhe mais confian\u00e7a, especialmente quando precisa de trabalhar a travagem e a entrada em curva.<\/p>\n<p>O comportamento da vibra\u00e7\u00e3o depende muito das defini\u00e7\u00f5es do filtro que escolher. Com um perfil ligeiramente rugoso, sente-se cada aresta, cada banda rugosa. Com um pouco de filtragem, os choques tornam-se mais realistas e menos \"digitais\", mantendo, no entanto, informa\u00e7\u00f5es \u00fateis. As vibra\u00e7\u00f5es largas e planas s\u00e3o reconhec\u00edveis, enquanto as vibra\u00e7\u00f5es mais agressivas agitam-no realmente, sem cair na caricatura das vibra\u00e7\u00f5es artificiais.<\/p>\n<p>Nas correc\u00e7\u00f5es r\u00e1pidas, os 8 Nm encontram-se numa zona interessante. \u00c9 suficientemente potente para fazer com que o volante volte para as suas m\u00e3os durante uma paragem, mas n\u00e3o ao ponto de se tornar intimidante ou dif\u00edcil de segurar. Mant\u00e9m-se o controlo, mesmo em contra-ester\u00e7o forte, desde que as regula\u00e7\u00f5es estejam bem equilibradas. \u00c9 poss\u00edvel efetuar manobras apertadas sem ter de lutar com a base.<\/p>\n<p>Durante longas sess\u00f5es, a consist\u00eancia do sinal \u00e9 boa. O motor n\u00e3o parece enfraquecer, a temperatura mant\u00e9m-se sob controlo e n\u00e3o surge nenhum comportamento estranho ao fim de algum tempo. Por outro lado, quando se for\u00e7a os 8 Nm perto do m\u00e1ximo sem filtro, sente-se a fadiga nos antebra\u00e7os. \u00c9 ent\u00e3o necess\u00e1rio ajustar a for\u00e7a total para conduzir durante muito tempo sem se enrijecer. Se estiver corretamente ajustado, pode conduzir durante muito tempo sem qualquer dor particular, especialmente se o cockpit estiver bem posicionado.<\/p>\n<p>Em compara\u00e7\u00e3o com uma base menos potente acionada por correia, a diferen\u00e7a \u00e9 imediatamente percet\u00edvel: mais detalhes, menos suavidade em torno do ponto m\u00e9dio e melhor capacidade de resposta a mudan\u00e7as r\u00e1pidas de carga. O carro parece simplesmente mais vivo. Comparado com chassis Diret Drive mais potentes e de gama alta, o GT DD Pro est\u00e1 obviamente um n\u00edvel abaixo do FFB em termos de impacto puro e \"densidade\". Mas para uma utiliza\u00e7\u00e3o interm\u00e9dia, oferece um compromisso muito agrad\u00e1vel: o suficiente para se sentir realmente em casa no carro, sem se tornar extremo.<\/p>\n<p>A imers\u00e3o geral \u00e9 boa. Damos por n\u00f3s a corrigir mais cedo, a apanhar deslizes que provavelmente ter\u00edamos perdido com um volante mais macio. Conduz-se um pouco mais com as m\u00e3os, um pouco menos \"\u00e0s cegas\". \u00c9 a\u00ed que a base muda realmente a experi\u00eancia.<\/p>\n<h2>A quem se destina? O que gostamos e o que n\u00e3o gostamos<\/h2>\n<p>Na minha opini\u00e3o, o Gran Turismo DD Pro 8 Nm destina-se a tr\u00eas perfis principais. Em primeiro lugar, o jogador de consola motivado que quer dar o passo para o hardware a s\u00e9rio, sem sair do seu ecossistema habitual. Depois, h\u00e1 o intermedi\u00e1rio de PC que vem de um volante com correia e procura um Diret Drive vers\u00e1til pela primeira vez. E, finalmente, o simulador experiente que joga regularmente, mas n\u00e3o precisa (ou n\u00e3o quer) mudar para um bloco mais extremo, mais caro e mais exigente em termos de cockpit.<\/p>\n<p>O que eu mais aprecio \u00e9 a qualidade do feedback de for\u00e7a em rela\u00e7\u00e3o \u00e0 pot\u00eancia oferecida. A rela\u00e7\u00e3o delicadeza\/controlo\/padr\u00e3o \u00e9 bem equilibrada, especialmente com uma configura\u00e7\u00e3o bem afinada. Tamb\u00e9m gosto do ecossistema Fanatec que o rodeia: \u00e9 poss\u00edvel atualizar o volante, os pedais, acrescentar uma alavanca de velocidades, sem ter de mudar tudo. Por \u00faltimo, a compatibilidade entre consola e PC torna-o uma compra mais tranquila, especialmente se alternar entre a sala de estar e o escrit\u00f3rio ou se mudar de plataforma ao longo dos anos.<\/p>\n<p>No que diz respeito \u00e0s suas limita\u00e7\u00f5es, o volante b\u00e1sico do Gran Turismo revela rapidamente as suas concess\u00f5es: o material \u00e9 um pouco barato, a sensa\u00e7\u00e3o dos bot\u00f5es n\u00e3o \u00e9 perfeita e o di\u00e2metro e a sensa\u00e7\u00e3o podem frustrar aqueles que procuram um volante mais \"puro de corrida\". Os 8 Nm de pot\u00eancia podem tamb\u00e9m ser pouco para quem pretende um volante muito f\u00edsico ou um n\u00edvel de detalhe extremo ao estilo do equipamento profissional. Por fim, o pre\u00e7o global, quando se acrescenta um bom pedaleiro e possivelmente outro volante, torna-se um verdadeiro investimento. J\u00e1 n\u00e3o se trata de uma compra por impulso, mas de uma escolha ponderada numa configura\u00e7\u00e3o.<\/p>\n<p>Em termos de valor percebido, todo o pacote permanece coerente. O pre\u00e7o \u00e9 justificado pela sua precis\u00e3o, compatibilidade e possibilidade de atualiza\u00e7\u00e3o. Mas para algu\u00e9m que s\u00f3 vai jogar ocasionalmente, ou que n\u00e3o tenciona mergulhar no simracing, o pre\u00e7o pode parecer elevado. Trata-se de um produto que se torna realmente \u00fatil quando se sabe que o vai utilizar regularmente.<\/p>\n<h2>Veredicto: um piv\u00f4 s\u00f3lido para uma configura\u00e7\u00e3o s\u00e9ria<\/h2>\n<p>O Fanatec Gran Turismo DD Pro 8 Nm traz algo muito tang\u00edvel a uma configura\u00e7\u00e3o: leva o feedback de pot\u00eancia da fase de \"gadget\" para uma ferramenta de dire\u00e7\u00e3o fi\u00e1vel. Depois disso, \u00e9 dif\u00edcil voltar a uma transmiss\u00e3o por correia b\u00e1sica sem sentir uma grande perda de precis\u00e3o. Este \u00e9 o tipo de equipamento que torna o simulador de corridas mais leg\u00edvel, mais intuitivo e mais exigente, tudo ao mesmo tempo.<\/p>\n<p>No mercado, est\u00e1 claramente posicionado na s\u00f3lida gama m\u00e9dia da Diret Drive, com um perfil fundamental: suficientemente elevado para satisfazer a maioria dos jogadores s\u00e9rios, mas n\u00e3o ao n\u00edvel dos monstros premium destinados a entusiastas puros com cockpits muito r\u00edgidos e grandes or\u00e7amentos. Destina-se ao grupo-alvo principal de jogadores de simuladores que querem hardware cred\u00edvel sem estourar o seu or\u00e7amento.<\/p>\n<p>Recomendo-o vivamente aos jogadores de consola que queiram levar o seu jogo para o n\u00edvel seguinte, aos utilizadores de PC que estejam a progredir e \u00e0queles que queiram um \u00fanico volante capaz de cobrir tanto as corridas avan\u00e7adas de arcada como as rigorosas corridas de simula\u00e7\u00e3o. Para os condutores ultra-especialistas que procuram sensa\u00e7\u00f5es extremas, ou para aqueles que j\u00e1 conduzem em bases mais potentes, n\u00e3o ser\u00e1 a melhor escolha: encontrar\u00e3o os seus limites muito rapidamente.<\/p>\n<p>Se procura um Diret Drive vers\u00e1til, preciso e compat\u00edvel com a consola, capaz de suportar uma configura\u00e7\u00e3o completa durante v\u00e1rios anos, este produto pode claramente fazer a diferen\u00e7a na sua configura\u00e7\u00e3o.&lt;\/final<\/p>","protected":false},"excerpt":{"rendered":"<p>Este Diret Drive deu-me a impress\u00e3o de transformar o volante numa verdadeira ferramenta de condu\u00e7\u00e3o, com um force feedback leg\u00edvel que altera claramente a forma como se sente o carro. Faz sentido para os jogadores de consola ou de PC que j\u00e1 est\u00e3o envolvidos e que pretendem um hardware s\u00e9rio e atualiz\u00e1vel, sem pretenderem atingir o topo de gama. O conjunto mant\u00e9m-se coerente para uma configura\u00e7\u00e3o que \u00e9 utilizada regularmente.<\/p>","protected":false},"featured_media":101132,"comment_status":"open","ping_status":"closed","template":"","meta":{"_acf_changed":false,"_et_pb_use_builder":"","_et_pb_old_content":"","_et_gb_content_width":""},"product_brand":[158],"product_cat":[161,173,171,172],"product_tag":[149,159],"class_list":{"0":"post-101131","1":"product","2":"type-product","3":"status-publish","4":"has-post-thumbnail","6":"product_brand-fanatec","7":"product_cat-volant","8":"product_cat-volants-fanatec","9":"product_cat-volants-ps4","10":"product_cat-volants-ps5","11":"product_tag-pc","12":"product_tag-playstation","14":"first","15":"instock","16":"shipping-taxable","17":"product-type-external"},"acf":[],"_links":{"self":[{"href":"https:\/\/simracergear.com\/pt\/wp-json\/wp\/v2\/product\/101131","targetHints":{"allow":["GET"]}}],"collection":[{"href":"https:\/\/simracergear.com\/pt\/wp-json\/wp\/v2\/product"}],"about":[{"href":"https:\/\/simracergear.com\/pt\/wp-json\/wp\/v2\/types\/product"}],"replies":[{"embeddable":true,"href":"https:\/\/simracergear.com\/pt\/wp-json\/wp\/v2\/comments?post=101131"}],"wp:featuredmedia":[{"embeddable":true,"href":"https:\/\/simracergear.com\/pt\/wp-json\/wp\/v2\/media\/101132"}],"wp:attachment":[{"href":"https:\/\/simracergear.com\/pt\/wp-json\/wp\/v2\/media?parent=101131"}],"wp:term":[{"taxonomy":"product_brand","embeddable":true,"href":"https:\/\/simracergear.com\/pt\/wp-json\/wp\/v2\/product_brand?post=101131"},{"taxonomy":"product_cat","embeddable":true,"href":"https:\/\/simracergear.com\/pt\/wp-json\/wp\/v2\/product_cat?post=101131"},{"taxonomy":"product_tag","embeddable":true,"href":"https:\/\/simracergear.com\/pt\/wp-json\/wp\/v2\/product_tag?post=101131"}],"curies":[{"name":"wp","href":"https:\/\/api.w.org\/{rel}","templated":true}]}}