{"id":101219,"date":"2025-11-28T04:46:47","date_gmt":"2025-11-28T04:46:47","guid":{"rendered":"https:\/\/simracergear.com\/products\/fanatec-podium-steering-wheel-bmw-m4-gt3\/"},"modified":"2025-11-28T04:46:47","modified_gmt":"2025-11-28T04:46:47","slug":"fanatec-podium-steering-wheel-bmw-m4-gt3","status":"publish","type":"product","link":"https:\/\/simracergear.com\/pt\/products\/fanatec-podium-steering-wheel-bmw-m4-gt3\/","title":{"rendered":"Volante Fanatec Podium BMW M4 GT3"},"content":{"rendered":"<p>Na categoria de volantes topo de gama para Diret Drive, o Fanatec Podium Steering Wheel BMW M4 GT3 ocupa um lugar muito especial: \u00e9 literalmente o volante oficial de um GT3 moderno, adaptado para corridas simuladas. Promete algo simples mas ambicioso: reduzir ao m\u00e1ximo a dist\u00e2ncia entre o que temos nas m\u00e3os e o que um piloto utiliza na vida real. No papel, estamos a olhar para um n\u00edvel muito elevado, em termos de sensa\u00e7\u00e3o, acabamento e imers\u00e3o.<\/p>\n<p>O que \u00e9 imediatamente apelativo \u00e9 o aspeto de \"r\u00e9plica funcional\", e n\u00e3o apenas o aspeto de \"inspirado por\". Os bot\u00f5es, os rotores e as patilhas foram todos concebidos para uma utiliza\u00e7\u00e3o intensiva, com uma filosofia mais orientada para a competi\u00e7\u00e3o do que para o lazer. Fica-se com a impress\u00e3o de que o produto se destina a pilotos de simula\u00e7\u00e3o exigentes, aqueles que conduzem principalmente em GT, endurance, LMP \/ GTD, em suma, carros em que a gest\u00e3o do volante \u00e9 fundamental.<\/p>\n<p>Pela minha parte, abordei este teste de um \u00e2ngulo muito claro: ser\u00e1 que este volante contribui realmente para a precis\u00e3o, a ergonomia e o conforto de condu\u00e7\u00e3o de um bom volante GT mais tradicional? A sensa\u00e7\u00e3o de um \"verdadeiro volante de competi\u00e7\u00e3o\" traduz-se em ganhos tang\u00edveis na pista, ou \u00e9 sobretudo um prazer para os entusiastas em busca de realismo?<\/p>\n<h2>Conce\u00e7\u00e3o e fabrico<\/h2>\n<p>Na m\u00e3o, o BMW M4 GT3 Podium parece imediatamente um \"equipamento de corrida\", no sentido mais literal da palavra. A placa frontal em fibra de carbono, a maquina\u00e7\u00e3o das pe\u00e7as met\u00e1licas, os bot\u00f5es protegidos - tudo transpira seriedade. Nada parece oco, nada se move. H\u00e1 uma densidade e uma rigidez geral que o colocam claramente acima dos volantes de \"corrida de clube\" mais acess\u00edveis.<\/p>\n<p>Os punhos de borracha texturada s\u00e3o surpreendentes. N\u00e3o se trata de Alcantara ou couro, mas de um punho muito limpo, concebido para luvas e longas sess\u00f5es. Na m\u00e3o nua, o punho \u00e9 firme e seguro, com a impress\u00e3o de um bloco compacto. Torna-se imediatamente claro que este volante foi concebido para ser usado sem hesita\u00e7\u00e3o. A press\u00e3o lateral, o bra\u00e7o de alavanca sobre uma potente base Diret Drive, nada provoca a mais pequena flex\u00e3o percet\u00edvel.<\/p>\n<p>Os bot\u00f5es t\u00eam um clique claro, muito t\u00edpico dos equipamentos industriais, com um curso curto. Os codificadores rodam com uma resist\u00eancia medida e precisa, sem folga. As p\u00e1s, por outro lado, t\u00eam uma sensa\u00e7\u00e3o mec\u00e2nica muito direta, com um ru\u00eddo seco, mais parecido com um golpe do que com um lounge. Em termos de durabilidade, \u00e9 realmente tranquilizador: pode facilmente contar com anos de utiliza\u00e7\u00e3o intensiva.<\/p>\n<p>O que pode ser um pouco dececionante n\u00e3o \u00e9 tanto a qualidade, mas certas restri\u00e7\u00f5es ligadas ao pr\u00f3prio design de corrida. A densidade global e a largura da roda tornam-na mais pesada e maci\u00e7a do que uma simples jante GT. Sente-se isso num volante de gama m\u00e9dia. Em compara\u00e7\u00e3o com os volantes mais comuns (que s\u00e3o mais leves e, por vezes, mais macios), o Podium BMW M4 GT3 parece mais exigente, mais bruto, mas tamb\u00e9m mais cred\u00edvel. Estamos claramente numa categoria premium, acima dos volantes CSL\/ClubSport de s\u00e9rie, e compar\u00e1veis aos que encontramos no segmento de competi\u00e7\u00e3o dedicado aos topos de gama.<\/p>\n<h2>Defini\u00e7\u00f5es, personaliza\u00e7\u00e3o e compatibilidade<\/h2>\n<p>Este volante tira o m\u00e1ximo partido do ecossistema Fanatec. Em termos de compatibilidade, destina-se sobretudo \u00e0queles que j\u00e1 fazem ou querem fazer parte do universo Podium \/ ClubSport. Funciona sem problemas em PCs com bases compat\u00edveis e em consolas, desde que a pr\u00f3pria base seja validada para a plataforma. O volante n\u00e3o \u00e9 \"restrito \u00e0s consolas\" em si, mas \u00e9 claramente um produto que se destaca no PC, com simula\u00e7\u00f5es avan\u00e7adas e muitas defini\u00e7\u00f5es dispon\u00edveis.<\/p>\n<p>A configura\u00e7\u00e3o \u00e9 efectuada atrav\u00e9s do software Fanatec, que continua a ser bastante claro para este n\u00edvel de produto. Existem perfis, defini\u00e7\u00f5es de for\u00e7a, filtragem e fric\u00e7\u00e3o, bem como a gest\u00e3o das entradas do volante: bot\u00f5es, rotores e p\u00e1s anal\u00f3gicas, quando aplic\u00e1vel. A curva de aprendizagem n\u00e3o \u00e9 intranspon\u00edvel, mas n\u00e3o se trata de um simples \"plug and play\". \u00c9 preciso um m\u00ednimo de tempo para afinar, especialmente se se quiser otimizar cada tipo de carro ou cada simula\u00e7\u00e3o.<\/p>\n<p>O que distingue este volante \u00e9 a sua personaliza\u00e7\u00e3o funcional, mais do que a est\u00e9tica. A disposi\u00e7\u00e3o dos bot\u00f5es e dos bot\u00f5es permite-lhe ter um verdadeiro \"cockpit de corrida\" na ponta dos dedos: trav\u00e3o motor, mapa do motor, ABS, TC, r\u00e1dio, limitador de fosso, etc. Pode gerir quase tudo sem tirar as m\u00e3os do volante. Depois de encontrar as suas fun\u00e7\u00f5es, a l\u00f3gica torna-se muito natural. Foi realmente concebido para uma condu\u00e7\u00e3o de longa dist\u00e2ncia, com muitas ac\u00e7\u00f5es a gerir.<\/p>\n<p>O ecossistema \u00e9 claramente favor\u00e1vel a esta roda. Se j\u00e1 tiver um pedal Fanatec, uma alavanca de velocidades ou um trav\u00e3o de m\u00e3o, a integra\u00e7\u00e3o \u00e9 perfeita. Fica-se com a sensa\u00e7\u00e3o de que o Podium BMW M4 GT3 pode ser uma esp\u00e9cie de \"cume\" numa configura\u00e7\u00e3o Fanatec: n\u00e3o \u00e9 realmente um ponto de entrada, \u00e9 mais um objetivo a atingir. Estamos a lidar com um produto dur\u00e1vel, que n\u00e3o ficar\u00e1 ultrapassado t\u00e3o cedo em termos de sensa\u00e7\u00e3o e ergonomia, desde que se mantenha com os GT\/prot\u00f3tipos modernos.<\/p>\n<h2>Sensa\u00e7\u00f5es em jogo<\/h2>\n<p>Este volante \u00e9 realmente muito \u00fatil em pista. A primeira coisa que nos impressiona \u00e9 a precis\u00e3o do feedback. A forma, a rigidez e a forma como \u00e9 mantido tornam cada micro-varia\u00e7\u00e3o do FFB mais leg\u00edvel. Com uma base Diret Drive forte, sente-se claramente a transi\u00e7\u00e3o entre a ader\u00eancia e o deslizamento, sem ter de for\u00e7ar a ader\u00eancia. As suas m\u00e3os ficam quietas e o volante faz o resto.<\/p>\n<p>Nas curvas r\u00e1pidas, a estabilidade geral transmite uma verdadeira confian\u00e7a. Tem-se uma sensa\u00e7\u00e3o muito clara da for\u00e7a descendente. Sabe-se exatamente at\u00e9 onde se pode carregar a extremidade dianteira e em que ponto o carro come\u00e7a a flutuar. Em compara\u00e7\u00e3o com um volante mais leve ou ligeiramente flex\u00edvel, a informa\u00e7\u00e3o parece assentar melhor nas suas m\u00e3os, com menos desfocagem a meio de uma curva. Sente-se realmente ligado ao autom\u00f3vel.<\/p>\n<p>A leitura da ader\u00eancia \u00e9 um dos pontos mais fortes. Em tra\u00e7\u00e3o dianteira, \u00e9 poss\u00edvel sentir claramente quando as rodas traseiras ganham velocidade e como o carro se endireita. Na travagem, as pequenas vibra\u00e7\u00f5es e micro-correc\u00e7\u00f5es comunicadas pela base s\u00e3o transmitidas na perfei\u00e7\u00e3o. O volante n\u00e3o filtra, traduz. Percebe-se imediatamente o que o carro est\u00e1 a fazer. \u00c9 o tipo de sensa\u00e7\u00e3o que o ajuda a conduzir de forma mais limpa, mais suave, com menos \"excesso de condu\u00e7\u00e3o\".<\/p>\n<p>Nos vibradores, o comportamento \u00e9 bastante t\u00edpico das corridas: seco, limpo, sem suavidade. Quando se sobe para um vibrador agressivo, o feedback \u00e9 franco, quase brutal se as defini\u00e7\u00f5es de FFB forem elevadas, mas nunca confuso. Consegue-se ver claramente as arestas, os segmentos e a estrutura do vibrador. N\u00e3o \u00e9 o volante que suaviza as arestas, muito pelo contr\u00e1rio. Aqueles que gostam de um feedback \"cir\u00fargico\" ficar\u00e3o encantados. Os que preferem um volante mais suave poder\u00e3o ter de baixar um pouco a intensidade para manter o conforto.<\/p>\n<p>Em sess\u00f5es longas, a ergonomia compensa realmente. Os punhos evitam a fadiga excessiva e o di\u00e2metro e a largura do volante permitem manter uma posi\u00e7\u00e3o natural, mesmo ap\u00f3s longos per\u00edodos. A consist\u00eancia da sensa\u00e7\u00e3o \u00e9 apreci\u00e1vel: a sensa\u00e7\u00e3o n\u00e3o se deteriora com o tempo e n\u00e3o se desenvolvem dores estranhas nas m\u00e3os ou nos pulsos se a posi\u00e7\u00e3o b\u00e1sica estiver correta. Isto \u00e9 muito importante para quem faz trabalho de resist\u00eancia ou corre corrida ap\u00f3s corrida.<\/p>\n<p>Quando se trata de correc\u00e7\u00f5es r\u00e1pidas, este volante faz uma verdadeira diferen\u00e7a em compara\u00e7\u00e3o com um modelo mais simples ou mais leve. Pode enviar contra-ester\u00e7os secos e precisos sem receio de distor\u00e7\u00e3o ou vibra\u00e7\u00e3o. A ader\u00eancia dos punhos evita o deslizamento, mesmo com FFBs fortes. O resultado: a recupera\u00e7\u00e3o da sobreviragem torna-se mais natural, mais instintiva. Reage-se e o volante segue-o sem demora, sem torcer, sem qualquer jogo parasita. \u00c9 aqui que a base muda realmente a experi\u00eancia, mas o volante desempenha um papel enorme na confian\u00e7a geral.<\/p>\n<p>Em compara\u00e7\u00e3o com um volante de gama m\u00e9dia numa base menos potente, o Podium BMW M4 GT3 d\u00e1 a impress\u00e3o de uma unidade de controlo profissional. Tudo \u00e9 mais n\u00edtido, mais direto e mais limpo. Com uma base muito potente, o volante aguenta o esfor\u00e7o sem vacilar, mas \u00e9 preciso aceitar que a sensa\u00e7\u00e3o \u00e9 fisicamente exigente se for\u00e7ar o FFB. Por outro lado, numa base mais razo\u00e1vel, proporciona a precis\u00e3o e a ergonomia de um verdadeiro volante GT, mesmo que n\u00e3o se possa explorar toda a viol\u00eancia poss\u00edvel do force feedback.<\/p>\n<p>No final, a imers\u00e3o \u00e9 real, mas n\u00e3o apenas porque o design se assemelha ao do verdadeiro GT3. Acima de tudo, \u00e9 a consist\u00eancia do conjunto - forma, feedback, ergonomia - que lhe d\u00e1 a sensa\u00e7\u00e3o de estar a trabalhar com uma ferramenta concebida para as corridas. Rapidamente nos sentimos em casa assim que conduzimos um GT3 \/ GT4 \/ LMP moderno. Para a F1 ou os ralis, n\u00e3o \u00e9 claramente o formato ideal, mas para tudo o que gira em torno dos GTs modernos, \u00e9 muito dif\u00edcil voltar atr\u00e1s.<\/p>\n<h2>A quem se destina? Pontos fortes e fracos<\/h2>\n<p>O Volante Podium BMW M4 GT3 destina-se sobretudo a pilotos de simula\u00e7\u00e3o interm\u00e9dios e avan\u00e7ados, j\u00e1 equipados com uma base Fanatec s\u00e9ria ou prontos a atualizar. Para um principiante completo em consolas com um or\u00e7amento apertado, n\u00e3o \u00e9 a escolha mais l\u00f3gica. O investimento \u00e9 elevado e s\u00f3 se tira o m\u00e1ximo partido do produto quando j\u00e1 se sabe o que se quer em termos de disciplina (GT, endurance) e de sensa\u00e7\u00e3o.<\/p>\n<p>Para um condutor orientado para o PC que passa muito tempo em simula\u00e7\u00f5es avan\u00e7adas com GT3 \/ GT4 \/ prot\u00f3tipos modernos, este volante faz muito sentido. A integra\u00e7\u00e3o de v\u00e1rios controlos no painel frontal \u00e9 uma verdadeira vantagem. Obt\u00e9m-se uma melhor gest\u00e3o da corrida e altera\u00e7\u00f5es de configura\u00e7\u00e3o mais suaves, especialmente durante sess\u00f5es longas. O n\u00edvel de acabamento tamb\u00e9m lhe d\u00e1 muita confian\u00e7a: tem a impress\u00e3o de que est\u00e1 a comprar algo que vai manter durante muito tempo, mesmo que actualize a sua base.<\/p>\n<p>O que me agradou particularmente foi a rigidez geral do volante e a legibilidade do feedback nas m\u00e3os. \u00c9 poss\u00edvel sentir muito claramente o que o carro est\u00e1 a fazer, sem qualquer ru\u00eddo estranho. A ergonomia dos comandos tamb\u00e9m est\u00e1 muito bem pensada: tudo est\u00e1 facilmente \u00e0 m\u00e3o, sem ter de tirar as m\u00e3os do volante. Por fim, a sensa\u00e7\u00e3o de um produto \"profissional\", com os seus materiais s\u00f3lidos e o seu design coerente, d\u00e1-nos a impress\u00e3o de estarmos a conduzir um verdadeiro equipamento de corrida e n\u00e3o um acess\u00f3rio de jogo.<\/p>\n<p>Por outro lado, h\u00e1 algumas limita\u00e7\u00f5es a ter em conta. O formato e a abordagem muito \"apenas GT3\" tornam-na numa roda bastante especializada. Se conduzir em rali, F1 e GT, n\u00e3o ser\u00e1 necessariamente a mais vers\u00e1til e outras rodas mais gen\u00e9ricas far\u00e3o mais sentido. O peso e a densidade tamb\u00e9m podem ser um fator nas rodas menos potentes: a manobrabilidade continua a ser boa, mas n\u00e3o se tira todo o partido do seu potencial din\u00e2mico. Por fim, o pre\u00e7o coloca-a claramente na categoria de investimento s\u00e9rio. O valor percebido est\u00e1 l\u00e1 se utilizar a roda na sua disciplina preferida, mas n\u00e3o \u00e9 uma compra racional para uma utiliza\u00e7\u00e3o ocasional ou multidisciplinar ligeira.<\/p>\n<h2>Veredicto<\/h2>\n<p>O volante Fanatec Podium para BMW M4 GT3 n\u00e3o se limita a \"ficar melhor\" numa configura\u00e7\u00e3o. Muda realmente a forma como interage com o carro, especialmente se estiver a correr em GT3 \/ GT4 \/ endurance moderno. A leitura da ader\u00eancia, a precis\u00e3o das correc\u00e7\u00f5es, a estabilidade nas curvas e a ergonomia dos comandos transformam o volante numa verdadeira esta\u00e7\u00e3o de controlo. Passa de um simples dispositivo perif\u00e9rico a uma ferramenta de trabalho muito s\u00e9ria.<\/p>\n<p>No mercado, situa-se claramente no segmento premium, acima dos volantes GT de consumo e mesmo de uma boa parte da gama m\u00e9dia. \u00c9 um produto especializado, menos universal do que um volante GT mais tradicional, mas muito mais pr\u00f3ximo de um verdadeiro equipamento de competi\u00e7\u00e3o. \u00c9 um produto que se destaca com uma base s\u00f3lida de Diret Drive e um utilizador que sabe o que quer como disciplina principal.<\/p>\n<p>Recomendo-o a quem j\u00e1 se dedica \u00e0s corridas de simuladores, orientadas para o GT\/endurance, com uma configura\u00e7\u00e3o Fanatec ou um projeto coerente em torno de uma base Podium ou ClubSport. Para os jogadores casuais e multidisciplinares, ou para uma primeira instala\u00e7\u00e3o numa consola, existem op\u00e7\u00f5es menos dispendiosas e mais vers\u00e1teis. Se procura um volante GT3 ultra-acredit\u00e1vel, preciso e concebido para um desempenho puro, este produto pode claramente fazer a diferen\u00e7a na sua configura\u00e7\u00e3o.<\/p>","protected":false},"excerpt":{"rendered":"<p>Este volante parece uma verdadeira ferramenta de corrida: o feedback \u00e9 mais f\u00e1cil de ler, as correc\u00e7\u00f5es s\u00e3o mais naturais e a ergonomia foi realmente concebida para a gest\u00e3o da corrida. Acima de tudo, faz sentido para os pilotos de simuladores que j\u00e1 est\u00e3o empenhados, orientados para o GT3\/GT4\/endurance, com uma base Fanatec s\u00f3lida. O investimento \u00e9 elevado, mas coerente se se tirar o m\u00e1ximo partido desta especializa\u00e7\u00e3o.<\/p>","protected":false},"featured_media":101220,"comment_status":"open","ping_status":"closed","template":"","meta":{"_acf_changed":false,"_et_pb_use_builder":"","_et_pb_old_content":"","_et_gb_content_width":""},"product_brand":[158],"product_cat":[156],"product_tag":[149,159],"class_list":{"0":"post-101219","1":"product","2":"type-product","3":"status-publish","4":"has-post-thumbnail","6":"product_brand-fanatec","7":"product_cat-roue-de-volant","8":"product_tag-pc","9":"product_tag-playstation","11":"first","12":"instock","13":"shipping-taxable","14":"product-type-external"},"acf":[],"_links":{"self":[{"href":"https:\/\/simracergear.com\/pt\/wp-json\/wp\/v2\/product\/101219","targetHints":{"allow":["GET"]}}],"collection":[{"href":"https:\/\/simracergear.com\/pt\/wp-json\/wp\/v2\/product"}],"about":[{"href":"https:\/\/simracergear.com\/pt\/wp-json\/wp\/v2\/types\/product"}],"replies":[{"embeddable":true,"href":"https:\/\/simracergear.com\/pt\/wp-json\/wp\/v2\/comments?post=101219"}],"wp:featuredmedia":[{"embeddable":true,"href":"https:\/\/simracergear.com\/pt\/wp-json\/wp\/v2\/media\/101220"}],"wp:attachment":[{"href":"https:\/\/simracergear.com\/pt\/wp-json\/wp\/v2\/media?parent=101219"}],"wp:term":[{"taxonomy":"product_brand","embeddable":true,"href":"https:\/\/simracergear.com\/pt\/wp-json\/wp\/v2\/product_brand?post=101219"},{"taxonomy":"product_cat","embeddable":true,"href":"https:\/\/simracergear.com\/pt\/wp-json\/wp\/v2\/product_cat?post=101219"},{"taxonomy":"product_tag","embeddable":true,"href":"https:\/\/simracergear.com\/pt\/wp-json\/wp\/v2\/product_tag?post=101219"}],"curies":[{"name":"wp","href":"https:\/\/api.w.org\/{rel}","templated":true}]}}