{"id":101315,"date":"2025-11-28T04:46:47","date_gmt":"2025-11-28T04:46:47","guid":{"rendered":"https:\/\/simracergear.com\/products\/gran-turismo-dd-extreme\/"},"modified":"2025-11-28T04:46:47","modified_gmt":"2025-11-28T04:46:47","slug":"gran-turismo-dd-extreme","status":"publish","type":"product","link":"https:\/\/simracergear.com\/pt\/products\/gran-turismo-dd-extreme\/","title":{"rendered":"Fanatec Gran Turismo DD Extreme"},"content":{"rendered":"<p><span style=\"font-weight: 400;\">O Fanatec GT DD Extreme chega a um segmento altamente cobi\u00e7ado: o Diret Drive \"topo de gama para o consumidor\", concebido para consolas e PC, com uma forte \u00eanfase no ecossistema PlayStation e na parceria oficial com o Gran Turismo. No papel, promete uma rara combina\u00e7\u00e3o de pot\u00eancia, grande precis\u00e3o e um volante completo e pronto a usar, tudo num formato que ainda \u00e9 \"habit\u00e1vel\" num computador de secret\u00e1ria ou num pequeno cockpit.<\/span><\/p>\n<p><span style=\"font-weight: 400;\">Este pacote destina-se claramente ao piloto que pretende dar um passo em frente em rela\u00e7\u00e3o \u00e0s bases acionadas por correia ou aos pequenos Diret Drives de n\u00edvel de entrada, sem optar por equipamento ultra-exigente puramente \"pro simracing\". \u00c9 um produto fundamental: suficientemente potente para acompanhar um simulador experiente, mas ainda assim acess\u00edvel a um utilizador motivado que vem de uma roda mais simples.<\/span><\/p>\n<p><span style=\"font-weight: 400;\">O meu \u00e2ngulo com este GT DD Extreme \u00e9 a qualidade do force feedback, a legibilidade das informa\u00e7\u00f5es que o carro d\u00e1 e o conforto geral durante longas sess\u00f5es, com um olhar honesto sobre o valor real do pacote. Este \u00e9 um volante que promete imers\u00e3o, controlo e versatilidade.<\/span><\/p>\n<p><span style=\"font-weight: 400;\">Em suma: \u00e9 um Diret Drive concebido para jogar \"a s\u00e9rio\" sem se tornar uma f\u00e1brica de g\u00e1s.<\/span><\/p>\n<p>&nbsp;<\/p>\n<h2><span style=\"font-weight: 400;\">Conce\u00e7\u00e3o e fabrico<\/span><\/h2>\n<p><span style=\"font-weight: 400;\">Visualmente e na m\u00e3o, o GT DD Extreme d\u00e1 imediatamente a impress\u00e3o de um produto bem conseguido. A base Diret Drive \u00e9 compacta e densa, com uma caixa met\u00e1lica que inspira confian\u00e7a. Nada se move, nada racha, a rigidez est\u00e1 l\u00e1. Parece mesmo um bloco s\u00f3lido concebido para resistir a anos de condu\u00e7\u00e3o.<\/span><\/p>\n<p><span style=\"font-weight: 400;\">O volante GT inclu\u00eddo chama a aten\u00e7\u00e3o pelo seu n\u00edvel geral de acabamento. Os materiais n\u00e3o est\u00e3o ao n\u00edvel de um volante de competi\u00e7\u00e3o totalmente em pele e alum\u00ednio, mas o efeito geral \u00e9 muito limpo. Os punhos s\u00e3o bons, os bot\u00f5es t\u00eam uma boa sensa\u00e7\u00e3o e o volante n\u00e3o parece um brinquedo. Est\u00e1 claramente acima dos pacotes de consumo convencionais.<\/span><\/p>\n<p><span style=\"font-weight: 400;\">As patilhas d\u00e3o uma sensa\u00e7\u00e3o de limpeza, com um clique claro. Sente-se o desejo de oferecer algo mais s\u00e9rio do que um simples volante de pl\u00e1stico. O painel de instrumentos em LED, o ecr\u00e3 central e o mapeamento dos bot\u00f5es refor\u00e7am a impress\u00e3o de que se trata de um volante \"vers\u00e1til de simula\u00e7\u00e3o de corridas\" e n\u00e3o de um simples acess\u00f3rio de consola.<\/span><\/p>\n<p><span style=\"font-weight: 400;\">Onde pode ser ligeiramente dececionante \u00e9 em certos detalhes materiais. N\u00e3o estamos ao n\u00edvel de um volante premium aut\u00f3nomo em metal e couro em toda a sua extens\u00e3o. Alguns pl\u00e1sticos ainda est\u00e3o presentes e, a este n\u00edvel de pre\u00e7o, alguns utilizadores podem esperar ainda mais. Mas a coer\u00eancia global do conjunto compensa este facto.<\/span><\/p>\n<p><span style=\"font-weight: 400;\">Em compara\u00e7\u00e3o com outros produtos de uma categoria semelhante, a base em si \u00e9 verdadeiramente premium. A impress\u00e3o geral \u00e9 de uma combina\u00e7\u00e3o s\u00f3lida e bem pensada, concebida para ser a pe\u00e7a central de uma configura\u00e7\u00e3o s\u00e9ria.<\/span><\/p>\n<p><span style=\"font-weight: 400;\">Na sua m\u00e3o, tem-se a impress\u00e3o de que o equipamento foi concebido para uma utiliza\u00e7\u00e3o frequente, longa e sem stress.<\/span><\/p>\n<p>&nbsp;<\/p>\n<h2><span style=\"font-weight: 400;\">Defini\u00e7\u00f5es, personaliza\u00e7\u00e3o e compatibilidade<\/span><\/h2>\n<p>&nbsp;<\/p>\n<p><span style=\"font-weight: 400;\">Em termos de defini\u00e7\u00f5es, a Fanatec mant\u00e9m-se fiel \u00e0 sua l\u00f3gica: existem perfis incorporados, predefini\u00e7\u00f5es para cada conjunto e a op\u00e7\u00e3o de afina\u00e7\u00e3o atrav\u00e9s do menu base e do software para PC. Para quem \u00e9 novo no Diret Drive, isto \u00e9 tranquilizador: pode conduzir rapidamente com uma configura\u00e7\u00e3o \"b\u00e1sica\" que j\u00e1 \u00e9 utiliz\u00e1vel e depois afinar pouco a pouco.<\/span><\/p>\n<p><span style=\"font-weight: 400;\">O menu na base permite-lhe ajustar os grandes cl\u00e1ssicos: for\u00e7a total, filtro, amortecedor, for\u00e7a m\u00ednima e linearidade. A ergonomia \u00e9 l\u00f3gica, mas requer algum tempo de habitua\u00e7\u00e3o se nunca tiver tocado neste tipo de par\u00e2metros. N\u00e3o h\u00e1 nada que o impe\u00e7a, mas tem de estar preparado para passar algum tempo a testar.<\/span><\/p>\n<p><span style=\"font-weight: 400;\">No PC, o software Fanatec oferece muito mais subtileza. \u00c9 aqui que pode realmente adaptar a base ao seu estilo: mais crua e direta para um piloto que gosta de sentir cada solavanco, ou mais filtrada e suave para longas sess\u00f5es na consola ou para uma condu\u00e7\u00e3o mais \"relaxada\". Honestamente, pode tornar esta base muito f\u00edsica ou surpreendentemente confort\u00e1vel.<\/span><\/p>\n<p><span style=\"font-weight: 400;\">Em termos de compatibilidade, o GT DD Extreme foi concebido para as consolas PlayStation e PC. Este \u00e9 claramente o seu grande argumento de marketing, embora permane\u00e7a totalmente utiliz\u00e1vel numa configura\u00e7\u00e3o de corrida simulada para PC. O ecossistema Fanatec \u00e9 uma verdadeira mais-valia: pedais de c\u00e9lula de carga, man\u00edpulos de mudan\u00e7as, trav\u00f5es de m\u00e3o e outros volantes de estilo GT, F1 ou rali podem ser todos encaixados na base.<\/span><\/p>\n<p><span style=\"font-weight: 400;\">Em termos de possibilidade de atualiza\u00e7\u00e3o, n\u00e3o estamos a falar de um simples ponto de entrada que se substitui ao fim de um ano. H\u00e1 espa\u00e7o suficiente na base para acompanhar o progresso de um simulador, e s\u00f3 o volante o far\u00e1 querer mud\u00e1-lo para se adaptar aos seus gostos. \u00c9 uma plataforma duradoura.<\/span><\/p>\n<p><span style=\"font-weight: 400;\">Pode andar durante alguns minutos e depois afinar gradualmente para se adaptar ao seu estilo e a cada jogo.<\/span><\/p>\n<p>&nbsp;<\/p>\n<h2><span style=\"font-weight: 400;\">Sensa\u00e7\u00f5es em jogo<\/span><\/h2>\n<p><span style=\"font-weight: 400;\">\u00c9 aqui que o GT DD Extreme realmente se destaca. Na pista, a base proporciona um feedback limpo e detalhado, suficientemente poderoso para dar car\u00e1cter sem se tornar incontrol\u00e1vel. A precis\u00e3o \u00e9 clara: consegue-se sentir claramente as varia\u00e7\u00f5es de carga nos pneus, o carro fica mais leve \u00e0 entrada da curva, assenta sob press\u00e3o e depois afasta-se se se ultrapassar o limite.<\/span><\/p>\n<p><span style=\"font-weight: 400;\">A leitura da ader\u00eancia \u00e9 um ponto forte. Em compara\u00e7\u00e3o com uma base com cinto, ganha-se em finesse e capacidade de resposta. As microperdas de ader\u00eancia chegam ao volante sob a forma de pequenas quebras, ligeiras flutua\u00e7\u00f5es, que s\u00e3o f\u00e1ceis de identificar quando se encontram as defini\u00e7\u00f5es corretas. Sente-se exatamente o que os pneus est\u00e3o a fazer, e isso muda a forma como se gere o ataque nas curvas.<\/span><\/p>\n<p><span style=\"font-weight: 400;\">Em curvas r\u00e1pidas, o volante mant\u00e9m-se est\u00e1vel, mas vivo. H\u00e1 uma sensa\u00e7\u00e3o de apoio nas m\u00e3os, sem lat\u00eancia parasita. A dire\u00e7\u00e3o d\u00e1-nos confian\u00e7a, especialmente em circuitos que conhecemos bem: sabemos exatamente at\u00e9 onde podemos ir antes de termos de corrigir. \u00c9 aqui que a base faz realmente a diferen\u00e7a em rela\u00e7\u00e3o a um equipamento mais b\u00e1sico.<\/span><\/p>\n<p><span style=\"font-weight: 400;\">Os vibradores s\u00e3o bem reproduzidos. Sem brutalidade gratuita, mas com uma textura clara de cada borda da faixa. Os vibradores agressivos agitam realmente o volante, enquanto as arestas mais suaves produzem um ru\u00eddo controlado. Percebe-se imediatamente onde o carro est\u00e1 na pista.<\/span><\/p>\n<p><span style=\"font-weight: 400;\">Nas correc\u00e7\u00f5es r\u00e1pidas, a base responde sem arrastamento. Quando a traseira bloqueia, pode recuper\u00e1-la com confian\u00e7a, porque o volante n\u00e3o satura a meio do curso. Continua a ser f\u00e1cil de ler, mesmo quando o FFB \u00e9 forte. O volante mant\u00e9m-se limpo e f\u00e1cil de ler, mesmo quando se est\u00e1 a atacar.<\/span><\/p>\n<p><span style=\"font-weight: 400;\">Em sess\u00f5es longas, a consist\u00eancia \u00e9 muito boa. Sem aquecimento inc\u00f3modo, sem sensa\u00e7\u00e3o de fadiga mec\u00e2nica. A fadiga, se ocorrer, prov\u00e9m principalmente dos bra\u00e7os, se a pot\u00eancia for elevada, mas \u00e9 poss\u00edvel conduzir durante muito tempo se se baixar ligeiramente a pot\u00eancia para se manter em total conforto.<\/span><\/p>\n<p><span style=\"font-weight: 400;\">Em compara\u00e7\u00e3o com uma base Diret Drive muito mais potente, o GT DD Extreme \u00e9 um pouco menos violento, obviamente, especialmente se gostar de configura\u00e7\u00f5es extremas. Mas mant\u00e9m aquela zona muito interessante onde o feedback \u00e9 suficientemente forte para ser envolvente, sem se tornar doloroso para uma utiliza\u00e7\u00e3o regular.<\/span><\/p>\n<p><span style=\"font-weight: 400;\">Em compara\u00e7\u00e3o com uma base menos potente, ganha-se realmente em controlo, em nuances nas transfer\u00eancias e em realismo geral. Isto \u00e9 particularmente percet\u00edvel nas fases de transi\u00e7\u00e3o: travagem, in\u00edcio da rota\u00e7\u00e3o, volta. \u00c9 aqui que a base muda realmente a experi\u00eancia.<\/span><\/p>\n<p><span style=\"font-weight: 400;\">No geral, a imers\u00e3o \u00e9 muito elevada, mas o que realmente se destaca \u00e9 a combina\u00e7\u00e3o de precis\u00e3o e conforto. N\u00e3o se sente que se est\u00e1 a lutar contra a base, mas sim a trabalhar com ela.<\/span><\/p>\n<p>&nbsp;<\/p>\n<h2><span style=\"font-weight: 400;\">A quem se destina? Do que gostamos \/ Do que n\u00e3o gostamos<\/span><\/h2>\n<p>&nbsp;<\/p>\n<p><span style=\"font-weight: 400;\">O GT DD Extreme destina-se principalmente aos pilotos de simuladores interm\u00e9dios e avan\u00e7ados que j\u00e1 conduziram um pouco com um volante de n\u00edvel b\u00e1sico ou m\u00e9dio e querem passar ao n\u00edvel seguinte, especialmente numa consola. \u00c9 tamb\u00e9m um bom ponto de entrada para principiantes motivados que j\u00e1 sabem que querem fazer um investimento s\u00e9rio, sem fazer tr\u00eas compras sucessivas.<\/span><\/p>\n<p><span style=\"font-weight: 400;\">O que mais apreciamos \u00e9 a coer\u00eancia de todo o conjunto. A base oferece uma transmiss\u00e3o direta verdadeiramente s\u00f3lida, com um toque pr\u00f3prio e muito espa\u00e7o para melhorias. O volante fornecido \u00e9 completo e bem pensado para uma utiliza\u00e7\u00e3o polivalente (GT, touring, um pouco de proto, um pouco de F1 casual). E o ecossistema envolvente permite-lhe atualizar a sua configura\u00e7\u00e3o sem mudar de marca. A rela\u00e7\u00e3o precis\u00e3o\/conforto\/versatilidade \u00e9 claramente o seu ponto forte.<\/span><\/p>\n<p><span style=\"font-weight: 400;\">Outro ponto positivo \u00e9 a legibilidade do force feedback. Uma vez ajustado corretamente, o chainstay d\u00e1 informa\u00e7\u00f5es muito claras sem o saturar com vibra\u00e7\u00f5es desnecess\u00e1rias. Podes atacar, pedalar limpo ou fazer corridas longas sem sentires que est\u00e1s a ser sujeito ao equipamento. Numa consola com um bom conjunto de pedais, aproxima-se realmente de uma experi\u00eancia de PC \"s\u00e9ria\".<\/span><\/p>\n<p><span style=\"font-weight: 400;\">Por outro lado, h\u00e1 que ter em conta algumas limita\u00e7\u00f5es. Em primeiro lugar, o pre\u00e7o coloca claramente este produto na categoria de investimento e n\u00e3o na categoria de lazer por impulso. \u00c9 realmente necess\u00e1rio utiliz\u00e1-lo e planear conduzi-lo regularmente para obter o retorno do seu investimento. Em segundo lugar, alguns simuladores que s\u00e3o muito exigentes no que diz respeito a materiais puros podem achar o volante um pouco menos atrativo do que um volante topo de gama totalmente em metal\/couro. Por \u00faltimo, o ecossistema fechado pode ser visto como uma desvantagem se gostar de misturar marcas diferentes ou de mexer em coisas.<\/span><\/p>\n<p><span style=\"font-weight: 400;\">Para um jogador ocasional que passa apenas algumas horas por m\u00eas num jogo de corridas, o investimento pode parecer desproporcionado. Para um entusiasta que conduz frequentemente, especialmente em GT e PC, o posicionamento torna-se l\u00f3gico.<\/span><\/p>\n<p>&nbsp;<\/p>\n<h2><span style=\"font-weight: 400;\">Veredicto<\/span><\/h2>\n<p><span style=\"font-weight: 400;\">O Fanatec GT DD Extreme n\u00e3o \u00e9 apenas um belo pacote de marketing do Gran Turismo. Altera realmente a natureza de uma configura\u00e7\u00e3o, especialmente se vier de um volante acionado por correia ou de um pequeno Diret Drive de entrada de gama. Ganha-se finesse, controlo e confian\u00e7a em todas as fases da condu\u00e7\u00e3o.<\/span><\/p>\n<p><span style=\"font-weight: 400;\">No mercado, situa-se claramente no segmento de consumo premium: mais acess\u00edvel e mais f\u00e1cil de utilizar do que algumas solu\u00e7\u00f5es modulares de topo de gama, mas muito mais s\u00e9rio do que um volante plug-and-play b\u00e1sico. \u00c9 um produto essencial para quem quer levar as corridas virtuais a s\u00e9rio, na consola ou no PC.<\/span><\/p>\n<p><span style=\"font-weight: 400;\">Recomendo-o a qualquer pessoa que queira uma \u00fanica roda Diret Drive capaz de fazer tudo corretamente, sem se perder em dez configura\u00e7\u00f5es diferentes. Se j\u00e1 conduz muito, quer uma experi\u00eancia mais realista e est\u00e1 preparado para investir numa base duradoura, faz claramente sentido. Se raramente joga ou se pretende apenas experimentar corridas simuladas a um custo mais baixo, esta n\u00e3o \u00e9 a melhor forma de entrar.<\/span><\/p>\n<p><span style=\"font-weight: 400;\">Se procura um Diret Drive potente, limpo, vers\u00e1til e compat\u00edvel com a PlayStation\/PC, este GT DD Extreme pode fazer toda a diferen\u00e7a na sua configura\u00e7\u00e3o.<\/span><\/p>","protected":false},"excerpt":{"rendered":"<p>O GT DD Extreme proporciona um force feedback limpo, potente e altamente leg\u00edvel, com um ganho real de controlo em rela\u00e7\u00e3o a bases mais simples. \u00c9 perfeito para pilotos de simuladores regulares na PlayStation ou PC que querem levar o seu jogo para o n\u00edvel seguinte. Um conjunto coerente e duradouro para aumentar a imers\u00e3o sem entrar na categoria \"profissional\".<\/p>","protected":false},"featured_media":101316,"comment_status":"open","ping_status":"closed","template":"","meta":{"_acf_changed":false,"_et_pb_use_builder":"","_et_pb_old_content":"","_et_gb_content_width":""},"product_brand":[158],"product_cat":[161,173,171,172],"product_tag":[149,159],"class_list":{"0":"post-101315","1":"product","2":"type-product","3":"status-publish","4":"has-post-thumbnail","6":"product_brand-fanatec","7":"product_cat-volant","8":"product_cat-volants-fanatec","9":"product_cat-volants-ps4","10":"product_cat-volants-ps5","11":"product_tag-pc","12":"product_tag-playstation","14":"first","15":"instock","16":"shipping-taxable","17":"product-type-external"},"acf":[],"_links":{"self":[{"href":"https:\/\/simracergear.com\/pt\/wp-json\/wp\/v2\/product\/101315","targetHints":{"allow":["GET"]}}],"collection":[{"href":"https:\/\/simracergear.com\/pt\/wp-json\/wp\/v2\/product"}],"about":[{"href":"https:\/\/simracergear.com\/pt\/wp-json\/wp\/v2\/types\/product"}],"replies":[{"embeddable":true,"href":"https:\/\/simracergear.com\/pt\/wp-json\/wp\/v2\/comments?post=101315"}],"wp:featuredmedia":[{"embeddable":true,"href":"https:\/\/simracergear.com\/pt\/wp-json\/wp\/v2\/media\/101316"}],"wp:attachment":[{"href":"https:\/\/simracergear.com\/pt\/wp-json\/wp\/v2\/media?parent=101315"}],"wp:term":[{"taxonomy":"product_brand","embeddable":true,"href":"https:\/\/simracergear.com\/pt\/wp-json\/wp\/v2\/product_brand?post=101315"},{"taxonomy":"product_cat","embeddable":true,"href":"https:\/\/simracergear.com\/pt\/wp-json\/wp\/v2\/product_cat?post=101315"},{"taxonomy":"product_tag","embeddable":true,"href":"https:\/\/simracergear.com\/pt\/wp-json\/wp\/v2\/product_tag?post=101315"}],"curies":[{"name":"wp","href":"https:\/\/api.w.org\/{rel}","templated":true}]}}