{"id":101350,"date":"2025-05-15T08:08:00","date_gmt":"2025-05-15T08:08:00","guid":{"rendered":"https:\/\/simracergear.com\/products\/moza-clamp-for-truck-wheel\/"},"modified":"2025-11-28T05:16:11","modified_gmt":"2025-11-28T05:16:11","slug":"moza-clamp-for-truck-wheel","status":"publish","type":"product","link":"https:\/\/simracergear.com\/pt\/products\/moza-clamp-for-truck-wheel\/","title":{"rendered":"Bra\u00e7adeira MOZA para roda de cami\u00e3o"},"content":{"rendered":"<h2>Testar e avaliar MOZA Clamp for Truck Wheel: o acess\u00f3rio que muda (realmente) a vida dos condutores de cami\u00f5es virtuais?<\/h2>\n<p>O MOZA Clamp for Truck Wheel destina-se a um nicho muito espec\u00edfico: pilotos de simuladores de cami\u00f5es, autocarros e ve\u00edculos pesados que pretendem uma posi\u00e7\u00e3o de volante mais realista do que os habituais volantes de GT ou F1. N\u00e3o estamos a falar de um volante, nem de uma base, mas de um elemento frequentemente subestimado: a fixa\u00e7\u00e3o e a posi\u00e7\u00e3o do volante no espa\u00e7o.<\/p>\n<p>Este suporte promete algo simples, mas crucial: permitir que um volante de cami\u00e3o ou autocarro MOZA seja montado de forma est\u00e1vel, ajust\u00e1vel e, acima de tudo, cred\u00edvel em termos de \u00e2ngulo e altura, sem a necessidade de um cockpit de cami\u00e3o 100 % dedicado. A ideia \u00e9 passar de uma configura\u00e7\u00e3o de \"corrida\" para uma configura\u00e7\u00e3o de \"cami\u00e3o\" sem desmontar tudo.<\/p>\n<p>O meu \u00e2ngulo de an\u00e1lise \u00e9, portanto, claro: rigidez, estabilidade, facilidade de ajuste, compatibilidade com uma secret\u00e1ria ou chassis e, acima de tudo, um impacto real na sensa\u00e7\u00e3o do jogo. Ser\u00e1 que esta pin\u00e7a justifica o seu lugar numa configura\u00e7\u00e3o j\u00e1 muito ocupada, ou \u00e9 apenas um acess\u00f3rio de conforto agrad\u00e1vel mas dispens\u00e1vel?<\/p>\n<p>A quest\u00e3o \u00e9: transforma uma simples sess\u00e3o de Euro Truck ou ATS numa experi\u00eancia muito mais cred\u00edvel? Ou o ganho \u00e9 sobretudo ergon\u00f3mico, sem grande efeito na imers\u00e3o?<\/p>\n<h2>Conce\u00e7\u00e3o e fabrico do grampo MOZA para roda de cami\u00e3o<\/h2>\n<p>Visualmente, a pin\u00e7a MOZA para roda de cami\u00e3o mant\u00e9m-se em linha com o ecossistema MOZA: design s\u00f3brio, linhas angulares, acabamento preto s\u00e9rio. A primeira impress\u00e3o na m\u00e3o \u00e9 de densidade. A pin\u00e7a d\u00e1 claramente a impress\u00e3o de ser capaz de suportar o bin\u00e1rio das bases de acionamento direto feitas em casa sem vacilar, mesmo durante longas sess\u00f5es.<\/p>\n<p>A escolha dos materiais \u00e9 orientada para a rigidez: estrutura met\u00e1lica, espessura vis\u00edvel, poucas pe\u00e7as \"baratas\". As \u00e1reas de fixa\u00e7\u00e3o inspiram confian\u00e7a, com a sensa\u00e7\u00e3o de um bloco monol\u00edtico quando tudo est\u00e1 fixado. Tem-se a sensa\u00e7\u00e3o de que n\u00e3o se trata de um simples grampo universal de secret\u00e1ria, mas de uma pe\u00e7a concebida para um volante de cami\u00e3o grande e pesado.<\/p>\n<p>No geral, as regula\u00e7\u00f5es mec\u00e2nicas s\u00e3o simples. H\u00e1 pouca folga nas articula\u00e7\u00f5es e os bot\u00f5es s\u00e3o suficientemente grandes para serem facilmente manipulados, mesmo quando se est\u00e1 inclinado sobre a secret\u00e1ria ou o cockpit. N\u00e3o se tem aquela sensa\u00e7\u00e3o parasita de flex\u00e3o assim que se coloca um pouco de press\u00e3o no volante. Quando se come\u00e7a a virar com for\u00e7a, o conjunto n\u00e3o parece estar a sofrer.<\/p>\n<p>Isto pode ser um pouco dececionante para os utilizadores habituados a grandes cockpits de perfil de alum\u00ednio. Em compara\u00e7\u00e3o com um conjunto de perfil totalmente r\u00edgido, continuamos a utilizar um sistema de grampos: a rigidez lateral \u00e9 muito boa para o que \u00e9, mas n\u00e3o ao n\u00edvel de uma coluna feita \u00e0 medida e aparafusada diretamente ao quadro. A diferen\u00e7a \u00e9 mais percet\u00edvel quando se conduz com um bin\u00e1rio de base muito elevado e entradas de dire\u00e7\u00e3o abruptas.<\/p>\n<p>Por outro lado, em compara\u00e7\u00e3o com os suportes de volante convencionais de \"secret\u00e1ria\" ou adaptadores impressos em 3D, este \u00e9 claramente um passo em frente em termos de seriedade. Este \u00e9 um produto que se situa algures entre o mundo casual e o cockpit totalmente met\u00e1lico dedicado, com uma verdadeira filosofia de corrida simulada.<\/p>\n<h2>Defini\u00e7\u00f5es, personaliza\u00e7\u00e3o e compatibilidade<\/h2>\n<p>A beleza do grampo MOZA para volante de cami\u00e3o \u00e9 a gama de ajustes que oferece para adaptar a posi\u00e7\u00e3o do volante do cami\u00e3o. Altura, inclina\u00e7\u00e3o, sali\u00eancia: tudo foi concebido para aproximar a posi\u00e7\u00e3o de condu\u00e7\u00e3o da de um cami\u00e3o, mais direita e mais alta do que a de um GT ou de um monolugar.<\/p>\n<p>Os ajustes s\u00e3o efectuados atrav\u00e9s de bot\u00f5es e parafusos f\u00edsicos, sem necessidade de ferramentas complicadas. \u00c9 poss\u00edvel passar de uma posi\u00e7\u00e3o relativamente baixa (mais pr\u00f3xima do volante de um autom\u00f3vel) para uma posi\u00e7\u00e3o muito alta, inclinada para o condutor, t\u00edpica de um cami\u00e3o ou autocarro. A curva de aprendizagem \u00e9 curta: s\u00e3o necess\u00e1rias apenas algumas tentativas para encontrar um compromisso confort\u00e1vel. Ajustar, apertar, testar duas rotundas virtuais e aperfei\u00e7oar.<\/p>\n<p>O que \u00e9 interessante \u00e9 que pode realmente ser integrado num ecossistema existente. A pin\u00e7a foi concebida para funcionar com bases MOZA compat\u00edveis e com os seus volantes para cami\u00f5es dedicados. No PC, a integra\u00e7\u00e3o \u00e9 naturalmente mais flex\u00edvel, com a possibilidade de mudar de jogo muito facilmente (truck sim, bus sim, at\u00e9 free driving). Nas consolas, tudo depende da compatibilidade geral da base MOZA utilizada: a pin\u00e7a n\u00e3o limita nada, mas tamb\u00e9m n\u00e3o \"desbloqueia\" nenhuma compatibilidade espec\u00edfica.<\/p>\n<p>Numa secret\u00e1ria, o grampo pode ser utilizado para transformar um simples local de trabalho numa posi\u00e7\u00e3o de condu\u00e7\u00e3o de cami\u00e3o, sem perfurar ou investir num chassis. Num cockpit, \u00e9 mais um elemento de especializa\u00e7\u00e3o: pode imaginar dois postos de condu\u00e7\u00e3o, um para corridas e outro para transporte, jogando com a modularidade.<\/p>\n<p>No que diz respeito \u00e0 possibilidade de atualiza\u00e7\u00e3o, este \u00e9 claramente um acess\u00f3rio dur\u00e1vel. Desde que se mantenha dentro do ecossistema MOZA e utilize um volante de cami\u00e3o compat\u00edvel, a pin\u00e7a continuar\u00e1 a ser interessante. N\u00e3o se trata de um \"motor de arranque\" a ser substitu\u00eddo, mas sim de uma pe\u00e7a que acompanha uma atualiza\u00e7\u00e3o do resto da configura\u00e7\u00e3o.<\/p>\n<h2>Sensa\u00e7\u00f5es em jogo: o que muda realmente com o Clamp for Truck Wheel<\/h2>\n<p>Mesmo que a pin\u00e7a n\u00e3o gere for\u00e7a em si, tem uma influ\u00eancia direta na forma como percebemos o feedback da for\u00e7a e a informa\u00e7\u00e3o que nos chega da base. A diferen\u00e7a reside na posi\u00e7\u00e3o do volante e na estabilidade geral do conjunto.<\/p>\n<p>Na configura\u00e7\u00e3o de cami\u00e3o, com o volante bem levantado e ligeiramente inclinado, a leitura do FFB torna-se mais natural para este tipo de ve\u00edculo. O centro de rota\u00e7\u00e3o est\u00e1 mais pr\u00f3ximo do que seria de esperar num cami\u00e3o ou autocarro: vira-se mais \"para cima\" do que \"para a frente\", e o c\u00e9rebro adapta-se muito rapidamente. \u00c9 mais f\u00e1cil compreender as transfer\u00eancias lentas de massa, a inclina\u00e7\u00e3o em curvas longas de autoestrada e as correc\u00e7\u00f5es de rota\u00e7\u00e3o.<\/p>\n<p>Em curvas apertadas na cidade ou em cruzamentos, o efeito \u00e9 bastante claro. A posi\u00e7\u00e3o mais vertical do volante significa que a dire\u00e7\u00e3o \u00e9 doseada com movimentos mais amplos, o que est\u00e1 mais de acordo com uma condu\u00e7\u00e3o pesada. Sente-se o feedback da base mais claramente no bra\u00e7o, especialmente se se gosta de conduzir sem filtrar demasiado o FFB. Tem-se a impress\u00e3o de conduzir um ve\u00edculo mais pesado e menos reativo, sem ter de mexer nas defini\u00e7\u00f5es da base ao extremo.<\/p>\n<p>No que respeita \u00e0 ader\u00eancia, a pin\u00e7a n\u00e3o altera a informa\u00e7\u00e3o bruta, mas sim a forma como o corpo a recebe. A perda progressiva de ader\u00eancia traseira \u00e9 sentida de forma mais \"suave\" porque o volante est\u00e1 mais afastado da carro\u00e7aria e mais acima. Para uma simula\u00e7\u00e3o de cami\u00e3o, isto faz sentido: antecipa-se, acompanha-se e estabiliza-se, em vez de se fazer uma contra-dire\u00e7\u00e3o ultra-r\u00e1pida como no GT3.<\/p>\n<p>As vibra\u00e7\u00f5es e irregularidades na estrada tamb\u00e9m s\u00e3o lidas de forma diferente. Na posi\u00e7\u00e3o de cami\u00e3o, as vibra\u00e7\u00f5es s\u00e3o captadas por uma postura mais relaxada dos bra\u00e7os. Os choques secos, ou os lancis com alguma for\u00e7a, permanecem claros mas menos agressivos do que num volante GT muito baixo. Como resultado, \u00e9 poss\u00edvel conduzir durante longos per\u00edodos sem fadiga excessiva dos ombros. Em sess\u00f5es longas, tais como entregas de longa dist\u00e2ncia, \u00e9 a\u00ed que a pin\u00e7a se torna realmente \u00fatil. Mant\u00e9m-se a sensa\u00e7\u00e3o, mas o corpo est\u00e1 menos cansado.<\/p>\n<p>Ao efetuar correc\u00e7\u00f5es r\u00e1pidas, por exemplo, para alcan\u00e7ar um reboque ligeiramente inclinado ou evitar um obst\u00e1culo, a estabilidade da pin\u00e7a \u00e9 decisiva. Desde que se mantenha dentro de um intervalo de bin\u00e1rio razo\u00e1vel na base, o suporte n\u00e3o vacila e n\u00e3o d\u00e1 uma sensa\u00e7\u00e3o de elasticidade. \u00c9 realmente poss\u00edvel \"atirar\" a roda para um lado e depois traz\u00ea-la de volta, sem que o \u00e2ngulo ou a altura se desloquem.<\/p>\n<p>Em compara\u00e7\u00e3o com uma base menos potente montada num simples suporte de secret\u00e1ria, a combina\u00e7\u00e3o base MOZA + roda de cami\u00e3o + grampo proporciona uma sensa\u00e7\u00e3o geral muito mais s\u00e9ria. H\u00e1 menos movimentos parasitas da secret\u00e1ria, menos vibra\u00e7\u00f5es desnecess\u00e1rias e, acima de tudo, uma posi\u00e7\u00e3o de condu\u00e7\u00e3o muito mais coerente para este tipo de jogo. Por outro lado, em compara\u00e7\u00e3o com uma coluna r\u00edgida num cockpit totalmente em alum\u00ednio, perde-se uma pequena percentagem da rigidez final, mas ganha-se em versatilidade e facilidade de reposicionamento.<\/p>\n<p>Em termos de imers\u00e3o, a pin\u00e7a n\u00e3o \"impressiona\" por si s\u00f3, mas complementa perfeitamente o volante do cami\u00e3o. \u00c9 a liga\u00e7\u00e3o que torna tudo isto cred\u00edvel. J\u00e1 n\u00e3o se sente como se estivesse a conduzir um cami\u00e3o de 40 toneladas numa posi\u00e7\u00e3o de F1. Sentamo-nos, colocamos as m\u00e3os em cima do volante e, mentalmente, \u00e9 mais f\u00e1cil entrar no papel de condutor de cami\u00e3o virtual. Para um jogador com uma orienta\u00e7\u00e3o para cami\u00f5es, autocarros ou mesmo autocarros de turismo, isto muda realmente a perce\u00e7\u00e3o geral da configura\u00e7\u00e3o.<\/p>\n<h2>A quem se destina? E o que gostamos \/ n\u00e3o gostamos<\/h2>\n<p>O MOZA Clamp for Truck Wheel dirige-se claramente a um perfil bem definido: os pilotos de simuladores que j\u00e1 s\u00e3o sens\u00edveis \u00e0 imers\u00e3o, que jogam regularmente simuladores de cami\u00f5es ou autocarros e que disp\u00f5em de uma base MOZA compat\u00edvel ou que planeiam migrar para este ecossistema. N\u00e3o se trata de um acess\u00f3rio de descoberta, mas sim de uma compra bem pensada para especializar a sua instala\u00e7\u00e3o.<\/p>\n<p>O que mais aprecio \u00e9 a estabilidade geral. Depois de o apertar, rapidamente se sente que se pode confiar no grampo, mesmo com uma quantidade respeit\u00e1vel de bin\u00e1rio. O segundo ponto forte \u00e9 a gama de ajustes de altura e inclina\u00e7\u00e3o: pode realmente aproximar-se de uma posi\u00e7\u00e3o de cami\u00e3o, ou ficar com algo mais vers\u00e1til se alternar estilos de jogo. Por fim, a qualidade percebida e a coer\u00eancia est\u00e9tica com o ecossistema MOZA s\u00e3o perfeitas. Visualmente, encaixa-se bem numa configura\u00e7\u00e3o j\u00e1 de topo de gama, sem parecer um complemento.<\/p>\n<p>No que diz respeito \u00e0s limita\u00e7\u00f5es, a primeira resulta da pr\u00f3pria especializa\u00e7\u00e3o do produto. Se jogar poucos ou nenhuns t\u00edtulos orientados para cami\u00f5es ou autocarros, o investimento perde o seu significado. Acabamos por ficar com uma pe\u00e7a muito bem concebida mas pouco utilizada. O meu segundo ponto \u00e9 que a rigidez m\u00e1xima continua a ser inferior \u00e0 de uma coluna montada num chassis de perfil de alum\u00ednio r\u00edgido. Os puristas da \"flex\u00e3o zero\" sentir\u00e3o isso, especialmente com for\u00e7as muito elevadas e uma condu\u00e7\u00e3o dif\u00edcil. Em terceiro lugar, a depend\u00eancia do ecossistema MOZA: este grampo \u00e9 realmente \u00fatil com os volantes MOZA. Se estiveres noutro ecossistema, n\u00e3o poder\u00e1s tirar partido dela.<\/p>\n<p>Em termos de valor percebido, n\u00e3o se trata de um gadget. \u00c9 um investimento para quem quer melhorar a configura\u00e7\u00e3o do seu cami\u00e3o, sem ter de reconstruir todo o cockpit. Se valorizar a postura realista e o conforto em longas dist\u00e2ncias, a rela\u00e7\u00e3o pre\u00e7o\/ganho de experi\u00eancia torna-se rapidamente interessante.<\/p>\n<h2>O veredito: a bra\u00e7adeira MOZA para roda de cami\u00e3o vale a pena ser colocada no seu equipamento?<\/h2>\n<p>O MOZA Clamp for Truck Wheel n\u00e3o altera o desempenho puro da tua base, mas muda fundamentalmente a forma como a utilizas para conduzir ve\u00edculos pesados. Acrescenta uma camada de realismo ergon\u00f3mico e postural que, para um entusiasta de simuladores de cami\u00f5es, leva claramente a experi\u00eancia para outra categoria.<\/p>\n<p>No mercado, est\u00e1 posicionado como um acess\u00f3rio especializado de gama m\u00e9dia\/topo de gama, concebido para completar uma configura\u00e7\u00e3o j\u00e1 estruturada em torno de uma base MOZA. N\u00e3o substitui um cockpit ou um volante, mas actua como um ponto de liga\u00e7\u00e3o entre o ambiente de trabalho e a simula\u00e7\u00e3o s\u00e9ria de cami\u00f5es. Para aqueles que querem manter a sua configura\u00e7\u00e3o relativamente compacta, mas cred\u00edvel, \u00e9 uma solu\u00e7\u00e3o particularmente coerente.<\/p>\n<p>Recomendo-o principalmente aos jogadores de PC que j\u00e1 est\u00e3o envolvidos no ecossistema MOZA, que passam uma quantidade significativa de tempo em simuladores Euro Truck, American Truck, autocarros ou autom\u00f3veis e que d\u00e3o import\u00e2ncia \u00e0 posi\u00e7\u00e3o de condu\u00e7\u00e3o. Por outro lado, se jogar principalmente simuladores de corridas cl\u00e1ssicos, n\u00e3o tiver um volante de cami\u00e3o dedicado ou usar outra marca b\u00e1sica, este n\u00e3o ser\u00e1 o seu melhor investimento.<\/p>\n<p>Se pretende dar ao seu volante de cami\u00e3o MOZA uma posi\u00e7\u00e3o cred\u00edvel, est\u00e1vel e confort\u00e1vel, este produto pode claramente fazer a diferen\u00e7a na sua configura\u00e7\u00e3o.<\/p>","protected":false},"excerpt":{"rendered":"<p>Acima de tudo, esta bra\u00e7adeira proporciona uma postura de condu\u00e7\u00e3o de cami\u00f5es muito mais cred\u00edvel e confort\u00e1vel, com uma verdadeira sensa\u00e7\u00e3o de estabilidade durante longas sess\u00f5es. Faz sentido para os pilotos de simuladores j\u00e1 equipados com um MOZA, que passam frequentemente tempo em jogos de cami\u00f5es ou autocarros e querem evitar um cockpit dedicado. Para este perfil, o investimento mant\u00e9m-se coerente e pertinente.<\/p>","protected":false},"featured_media":101351,"comment_status":"open","ping_status":"closed","template":"","meta":{"_acf_changed":false,"_et_pb_use_builder":"","_et_pb_old_content":"","_et_gb_content_width":""},"product_brand":[165],"product_cat":[153],"product_tag":[149],"class_list":{"0":"post-101350","1":"product","2":"type-product","3":"status-publish","4":"has-post-thumbnail","6":"product_brand-moza-racing","7":"product_cat-accessoires","8":"product_tag-pc","10":"first","11":"instock","12":"shipping-taxable","13":"product-type-external"},"acf":[],"_links":{"self":[{"href":"https:\/\/simracergear.com\/pt\/wp-json\/wp\/v2\/product\/101350","targetHints":{"allow":["GET"]}}],"collection":[{"href":"https:\/\/simracergear.com\/pt\/wp-json\/wp\/v2\/product"}],"about":[{"href":"https:\/\/simracergear.com\/pt\/wp-json\/wp\/v2\/types\/product"}],"replies":[{"embeddable":true,"href":"https:\/\/simracergear.com\/pt\/wp-json\/wp\/v2\/comments?post=101350"}],"wp:featuredmedia":[{"embeddable":true,"href":"https:\/\/simracergear.com\/pt\/wp-json\/wp\/v2\/media\/101351"}],"wp:attachment":[{"href":"https:\/\/simracergear.com\/pt\/wp-json\/wp\/v2\/media?parent=101350"}],"wp:term":[{"taxonomy":"product_brand","embeddable":true,"href":"https:\/\/simracergear.com\/pt\/wp-json\/wp\/v2\/product_brand?post=101350"},{"taxonomy":"product_cat","embeddable":true,"href":"https:\/\/simracergear.com\/pt\/wp-json\/wp\/v2\/product_cat?post=101350"},{"taxonomy":"product_tag","embeddable":true,"href":"https:\/\/simracergear.com\/pt\/wp-json\/wp\/v2\/product_tag?post=101350"}],"curies":[{"name":"wp","href":"https:\/\/api.w.org\/{rel}","templated":true}]}}