{"id":101365,"date":"2025-05-15T08:08:00","date_gmt":"2025-05-15T08:08:00","guid":{"rendered":"https:\/\/simracergear.com\/products\/moza-crp-pedals\/"},"modified":"2025-11-28T05:17:44","modified_gmt":"2025-11-28T05:17:44","slug":"moza-crp2-pedals","status":"publish","type":"product","link":"https:\/\/simracergear.com\/pt\/products\/moza-crp2-pedals\/","title":{"rendered":"Pedais MOZA CRP2"},"content":{"rendered":"<h2>Pedais MOZA CRP2: uma pedaleira de c\u00e9lula de carga \"s\u00e9ria\" para levar as coisas para o pr\u00f3ximo n\u00edvel<\/h2>\n<p>No atual ecossistema das corridas de simuladores, os pedais MOZA CRP2 est\u00e3o claramente posicionados como uma pedaleira de c\u00e9lula de carga de gama m\u00e9dia\/alta, concebida para o PC e para os pilotos de simuladores que querem dar um verdadeiro passo em frente em rela\u00e7\u00e3o \u00e0s pedaleiras originais. A ideia \u00e9 simples: mais precis\u00e3o de travagem, mais consist\u00eancia, mais realismo sob os p\u00e9s, sem cair na gama de pre\u00e7os das pedaleiras totalmente hidr\u00e1ulicas.<\/p>\n<p>O que nos atrai de imediato \u00e9 a combina\u00e7\u00e3o de design de corrida, constru\u00e7\u00e3o maci\u00e7a e a promessa de uma sensa\u00e7\u00e3o de corrida. \u00c9 claro que a MOZA tem como alvo o simulador \"s\u00e9rio\" que j\u00e1 registou algumas horas na pista virtual, que pode j\u00e1 ter um pedaleiro de c\u00e9lula de carga b\u00e1sico e que procura um pacote mais r\u00edgido, mais modular e mais fi\u00e1vel.<\/p>\n<p>O meu ponto de vista \u00e9, portanto, claro: precis\u00e3o de travagem, coer\u00eancia dos tr\u00eas pedais, qualidade das regula\u00e7\u00f5es f\u00edsicas e de software e facilidade de constru\u00e7\u00e3o de uma sensa\u00e7\u00e3o espec\u00edfica ao seu estilo de condu\u00e7\u00e3o. Sem bl\u00e1-bl\u00e1-bl\u00e1 de marketing: o que conta \u00e9 se travamos mais tarde, com mais for\u00e7a e com mais calma, e se o acelerador nos permite realmente controlar a tra\u00e7\u00e3o, volta ap\u00f3s volta. Porque, no final, \u00e9 a\u00ed que entram os d\u00e9cimos.<\/p>\n<h2>Conce\u00e7\u00e3o e fabrico: um bloco s\u00e9rio, constru\u00eddo para durar<\/h2>\n<p>Visualmente, os pedais MOZA CRP2 d\u00e3o imediatamente a impress\u00e3o de um equipamento de \"corrida\" bastante sofisticado. O chassis de metal, os bra\u00e7os maci\u00e7os dos pedais, as faces de alum\u00ednio e os refor\u00e7os inspiram confian\u00e7a. Na m\u00e3o, tudo parece denso, sem partes que pare\u00e7am ocas ou fr\u00e1geis. Tem-se claramente a sensa\u00e7\u00e3o de que se est\u00e1 a comprar um pedaleiro constru\u00eddo para suportar anos de travagens fortes.<\/p>\n<p>A rigidez geral \u00e9 muito boa. Uma vez corretamente montada num cockpit s\u00f3lido, a unidade n\u00e3o vacila. N\u00e3o h\u00e1 tor\u00e7\u00e3o percet\u00edvel do suporte, nem flex\u00e3o excessiva dos pedais, mesmo quando o trav\u00e3o \u00e9 aplicado com firmeza. Neste aspeto, estamos muito \u00e0 frente dos cranksets de entrada com molas convencionais e em p\u00e9 de igualdade com os bons concorrentes de c\u00e9lulas de carga do segmento.<\/p>\n<p>O acabamento geral \u00e9 limpo: pintura, maquinagem, serigrafia - tudo exala uma certa seriedade industrial. Os pedais t\u00eam um aspeto agressivo mas funcional, sem elementos decorativos desnecess\u00e1rios. Sob os p\u00e9s, as laterais oferecem uma ader\u00eancia decente, nem demasiado abrasiva nem demasiado suave. Pode andar de meias ou de sapatos de kart sem qualquer d\u00favida.<\/p>\n<p>O que \u00e9 mais surpreendente \u00e9 o peso e a sensa\u00e7\u00e3o de ser uma pe\u00e7a \u00fanica. Sentimos que estamos a colocar um verdadeiro componente de quadro no nosso cockpit. Por outro lado, tudo isto requer uma montagem s\u00e9ria: num suporte leve ou num quadro fino, temos a sensa\u00e7\u00e3o de que o pedaleiro \u00e9 \"demasiado forte\" para o resto.<\/p>\n<p>As pequenas desilus\u00f5es residem nos pormenores. Alguns ajustes poderiam ser um pouco mais suaves, alguns parafusos precisam por vezes de um pouco de aten\u00e7\u00e3o para garantir que est\u00e3o perfeitamente alinhados e a gest\u00e3o dos cabos carece de refinamento em compara\u00e7\u00e3o com alguns dos concorrentes mais premium. No entanto, no geral, o produto continua a estar um pouco acima do que se encontra nos conjuntos roda + pedaleira, e est\u00e1 muito pr\u00f3ximo das refer\u00eancias especializadas de gama m\u00e9dia.<\/p>\n<h2>Defini\u00e7\u00f5es, personaliza\u00e7\u00e3o e compatibilidade: abrangente, mas ainda com uma curva de aprendizagem<\/h2>\n<p>Os pedais MOZA CRP2 s\u00e3o todos personaliz\u00e1veis. Fisicamente, \u00e9 poss\u00edvel ajustar a posi\u00e7\u00e3o lateral dos pedais, o \u00e2ngulo e, sobretudo, a dureza e o curso do trav\u00e3o atrav\u00e9s dos elast\u00f3meros e do sistema de c\u00e9lulas de carga. O acelerador e a embraiagem tamb\u00e9m beneficiam de ajustes \u00fateis para encontrar um ponto de conforto e de resposta consistente com o seu estilo de condu\u00e7\u00e3o.<\/p>\n<p>Do lado do software, o software MOZA Pit House actua como o centro de controlo. A interface \u00e9 bastante clara: cada pedal tem a sua pr\u00f3pria curva de resposta, zonas mortas e ganho. Pode rapidamente obter a sua pr\u00f3pria sensa\u00e7\u00e3o, quer se trate de um trav\u00e3o muito progressivo ou, pelo contr\u00e1rio, de um bloco duro, do tipo monolugar, com uma zona \u00fatil concentrada num curso curto. As predefini\u00e7\u00f5es s\u00e3o utiliz\u00e1veis, mas vale mesmo a pena dedicar algum tempo \u00e0s defini\u00e7\u00f5es.<\/p>\n<p>H\u00e1 uma curva de aprendizagem. N\u00e3o se trata de um simples \"ligar e esquecer\", como acontece com um pedaleiro b\u00e1sico. \u00c9 preciso um m\u00ednimo de curiosidade para testar diferentes combina\u00e7\u00f5es mec\u00e2nicas (molas\/elast\u00f3meros) e aperfei\u00e7oar a calibra\u00e7\u00e3o do software. Na minha opini\u00e3o, \u00e9 a\u00ed que a pedaleira se torna realmente \u00fatil: assim que se encontra a sua configura\u00e7\u00e3o, as sensa\u00e7\u00f5es come\u00e7am a surgir.<\/p>\n<p>Em termos de compatibilidade, este \u00e9 claramente um produto concebido principalmente para o PC. Integra-se naturalmente no ecossistema MOZA: escoras, volantes, mudan\u00e7as, tudo pode ser controlado atrav\u00e9s do Pit House. Enquanto USB aut\u00f3nomo, a pedaleira pode tamb\u00e9m ser integrada numa configura\u00e7\u00e3o mista com outras marcas, desde que o jogo gere v\u00e1rios perif\u00e9ricos. Nas consolas, a utiliza\u00e7\u00e3o depende muito da base e do suporte global: a CRP2 deve ser considerada acima de tudo como uma pedaleira \"PC-friendly\".<\/p>\n<p>Em termos de possibilidade de atualiza\u00e7\u00e3o, estamos a falar de um passo em frente duradouro e n\u00e3o de um simples ponto de entrada. Para um simulador interm\u00e9dio ou experiente, o CRP2 pode claramente permanecer na configura\u00e7\u00e3o durante muito tempo, sem necessidade urgente de mudar para o sistema hidr\u00e1ulico, a n\u00e3o ser que a procura do realismo absoluto se torne uma obsess\u00e3o.<\/p>\n<h2>Sensa\u00e7\u00f5es em jogo: o trav\u00e3o como ponto forte, a consist\u00eancia como trunfo<\/h2>\n<p>Na pista virtual, s\u00e3o os trav\u00f5es que d\u00e3o imediatamente o mote. A c\u00e9lula de carga oferece uma travagem baseada na for\u00e7a e n\u00e3o no curso, e esta carater\u00edstica muda tudo em compara\u00e7\u00e3o com os cranksets convencionais com mola. Uma vez devidamente calibrado, o c\u00e9rebro come\u00e7a a pensar em termos de press\u00e3o em vez de cent\u00edmetros de pedal.<\/p>\n<p>Durante a travagem, a primeira fase \u00e9 bem vis\u00edvel: sente-se claramente o ataque, o momento em que as pastilhas \"agarram\", e depois o aumento do esfor\u00e7o. O tato dos elast\u00f3meros d\u00e1 a sensa\u00e7\u00e3o de que a borracha \u00e9 comprimida, com uma resist\u00eancia crescente. \u00c9 poss\u00edvel afinar o limiar de bloqueio, especialmente com o ABS desativado. Percebe-se rapidamente o que o carro est\u00e1 a fazer e isso \u00e9 extremamente reconfortante em zonas de travagem dif\u00edceis.<\/p>\n<p>Ao travar a fundo no final de uma reta, o pedaleiro mant\u00e9m-se muito est\u00e1vel. O p\u00e9 fixa-se naturalmente e a rigidez do quadro n\u00e3o permite perder energia por deforma\u00e7\u00e3o. As correc\u00e7\u00f5es de \u00faltimo segundo, os pequenos desbloqueios para evitar o bloqueio, correm muito bem. Ganha-se confian\u00e7a volta ap\u00f3s volta, o que nos encoraja a travar mais tarde e com mais for\u00e7a. \u00c9 aqui que o pedaleiro come\u00e7a realmente a poupar tempo.<\/p>\n<p>A transi\u00e7\u00e3o do trav\u00e3o para a liberta\u00e7\u00e3o na entrada da curva \u00e9 bem gerida. \u00c9 poss\u00edvel \"carregar\" o trav\u00e3o at\u00e9 ao ponto de acorde com grande delicadeza. Na travagem em trilhos, \u00e9 poss\u00edvel sentir realmente a quantidade de press\u00e3o que permanece sob o p\u00e9, o que ajuda a estabilizar a extremidade dianteira. Em compara\u00e7\u00e3o com um pedaleiro mais b\u00e1sico, h\u00e1 menos daquela sensa\u00e7\u00e3o de confus\u00e3o quando tudo se resume a alguns mil\u00edmetros de curso.<\/p>\n<p>Nos vibradores, a contribui\u00e7\u00e3o \u00e9 indireta mas real. O trav\u00e3o mant\u00e9m-se suficientemente est\u00e1vel para manter o pedal ligeiramente pressionado, mesmo quando o carro salta ou faz ricochete. A rigidez ajuda a evitar qualquer press\u00e3o parasita. O pedal n\u00e3o \u00e9 \"bombeado\" involuntariamente, o que mant\u00e9m o carro numa zona de ader\u00eancia mais previs\u00edvel.<\/p>\n<p>O acelerador acompanha bem. O curso \u00e9 fluido, a resist\u00eancia \u00e9 bem medida e \u00e9 poss\u00edvel modular a condu\u00e7\u00e3o com precis\u00e3o, especialmente em accionamentos potentes. Ao sair das curvas, \u00e9 mais f\u00e1cil encontrar o ponto em que as rodas come\u00e7am a escorregar ligeiramente sem rodar imediatamente. As transi\u00e7\u00f5es meio acelerador\/acelerador total s\u00e3o n\u00edtidas e consistentes com o que se espera de um pedaleiro deste n\u00edvel.<\/p>\n<p>Quanto \u00e0 embraiagem, a sua utiliza\u00e7\u00e3o depende muito do seu estilo de condu\u00e7\u00e3o. Na condu\u00e7\u00e3o moderna com patilhas e caixas de velocidades sequenciais, desempenha obviamente um papel secund\u00e1rio. No padr\u00e3o H, temos uma embraiagem convincente, com uma resist\u00eancia decente e uma mordida que \u00e9 suficientemente identific\u00e1vel para arranques em p\u00e9.<\/p>\n<p>Durante longas sess\u00f5es, o pedaleiro mostra a sua for\u00e7a: a consist\u00eancia. Uma vez memorizado um n\u00edvel de press\u00e3o para uma determinada a\u00e7\u00e3o de travagem, este mant\u00e9m-se reproduz\u00edvel durante toda a sess\u00e3o. A fadiga muscular pode aumentar com as configura\u00e7\u00f5es mais dif\u00edceis, mas o feedback permanece est\u00e1vel. Isto evita o desagrad\u00e1vel \"desvio\" de alguns sensores baratos que variam com a temperatura ou o tempo.<\/p>\n<p>Em compara\u00e7\u00e3o com um pedaleiro de c\u00e9lula de carga mais acess\u00edvel, os principais ganhos s\u00e3o a rigidez geral, a qualidade do curso e o ajuste fino. Em compara\u00e7\u00e3o com um pedaleiro hidr\u00e1ulico topo de gama, perdemos um pouco das nuances das micro-varia\u00e7\u00f5es e da textura \"org\u00e2nica\" do trav\u00e3o, mas o CRP2 continua a ser suficientemente limpo e preciso para a maioria dos simuladores, mesmo os mais exigentes.<\/p>\n<h2>A quem se destina? O que gostamos e o que n\u00e3o gostamos<\/h2>\n<p>Os pedais MOZA CRP2 destinam-se claramente aos simuladores interm\u00e9dios a avan\u00e7ados, principalmente utilizadores de PC, que pretendem passar da pedaleira original para algo mais s\u00e9rio, sem ir diretamente para um investimento muito elevado. Para principiantes motivados que sabem que v\u00e3o ter de investir, tamb\u00e9m podem ser uma compra \"direta\" que vale a pena, desde que estejam preparados para passar pela fase de configura\u00e7\u00e3o e aprendizagem.<\/p>\n<p>O que mais aprecio \u00e9 a qualidade da travagem. A transi\u00e7\u00e3o para a travagem por press\u00e3o \u00e9 clara, leg\u00edvel e utiliz\u00e1vel. Sente-se realmente um ganho de controlo em travagens fortes, e a confian\u00e7a que isso nos d\u00e1 traduz-se rapidamente em tempos por volta. O segundo ponto forte \u00e9 a rigidez geral. \u00c9 poss\u00edvel pressionar sem restri\u00e7\u00f5es, sem sentir que se est\u00e1 a torturar o equipamento. O \u00faltimo grande trunfo \u00e9 a riqueza de defini\u00e7\u00f5es f\u00edsicas e de software, o que significa que pode adaptar o pedaleiro a um estilo GT, monolugar ou rali sem se sentir preso a um \u00fanico tipo de sensa\u00e7\u00e3o.<\/p>\n<p>Por outro lado, existem algumas limita\u00e7\u00f5es. Em primeiro lugar, a instala\u00e7\u00e3o requer um cockpit s\u00f3lido. Num chassis leve, perde-se muito do interesse da pedaleira, e as vibra\u00e7\u00f5es ou movimentos parasitas podem tornar-se irritantes. Depois, h\u00e1 a fase de habitua\u00e7\u00e3o, que pode ser confusa: sem gastar um m\u00ednimo de tempo a ajustar a configura\u00e7\u00e3o, pode ficar com uma sensa\u00e7\u00e3o mediana e n\u00e3o explorar todo o potencial do produto. Finalmente, em termos de compatibilidade, esta n\u00e3o \u00e9 a pedaleira mais universal para os jogadores que trabalham principalmente em consolas; destina-se principalmente a um ambiente de PC estruturado.<\/p>\n<p>Em termos de investimento, estamos numa gama de pre\u00e7os que exige um m\u00ednimo de reflex\u00e3o, mas o valor percebido \u00e9 bom. Materiais s\u00e9rios, toque coerente, possibilidade real de melhoria: tem-se realmente a impress\u00e3o de que se est\u00e1 a investir dinheiro num elemento-chave da condu\u00e7\u00e3o e n\u00e3o apenas num acess\u00f3rio cosm\u00e9tico. Para um simulador que tenciona andar regularmente, este \u00e9 normalmente o tipo de compra que pode ser justificado ao longo do tempo.<\/p>\n<h2>Veredicto: um verdadeiro passo em frente numa configura\u00e7\u00e3o s\u00e9ria<\/h2>\n<p>Os pedais MOZA CRP2 trazem algo muito concreto para uma configura\u00e7\u00e3o de corrida simulada: uma travagem mais fi\u00e1vel, mais consistente e mais leg\u00edvel, apoiada por uma constru\u00e7\u00e3o s\u00f3lida e op\u00e7\u00f5es de ajuste suficientemente amplas para se adaptarem a uma vasta gama de perfis. Estamos claramente a passar da fase da \"pedaleira correta\" para a fase da \"ferramenta de desempenho\".<\/p>\n<p>No mercado, coloc\u00e1-los-ia na ambiciosa gama m\u00e9dia\/alta: acima das c\u00e9lulas de carga de entrada, que s\u00e3o frequentemente limitadas em termos de rigidez e defini\u00e7\u00f5es, mas ainda abaixo dos cranksets hidr\u00e1ulicos ultra-premium, tanto em termos de pre\u00e7o como de complexidade. Para muitos jogadores, este ser\u00e1 exatamente o compromisso certo entre realismo, or\u00e7amento e relativa simplicidade.<\/p>\n<p>Recomendo-os claramente aos pilotos de simuladores de PC com um cockpit s\u00e9rio, que queiram estabilizar a sua configura\u00e7\u00e3o durante v\u00e1rios anos e que d\u00eaem verdadeira import\u00e2ncia \u00e0 travagem e \u00e0 consist\u00eancia. Para os jogadores muito ocasionais, ou para aqueles que conduzem principalmente em consolas com um chassis leve, o interesse \u00e9 mais limitado e o or\u00e7amento pode ser mais bem afetado a outro lado.<\/p>\n<p>Se procura levar a sua travagem para o pr\u00f3ximo n\u00edvel, aumentar a sua confian\u00e7a e escolher um pedaleiro que possa acompanhar o seu progresso, os pedais MOZA CRP2 podem fazer toda a diferen\u00e7a na sua configura\u00e7\u00e3o.<\/p>","protected":false},"excerpt":{"rendered":"<p>Esta pedaleira deu-me a sensa\u00e7\u00e3o de uma travagem realmente transformadora: mais leg\u00edvel, mais constante e mais tranquilizadora, atreve-se a travar mais tarde sem perder o controlo. Faz sentido para os simuladores de PC que j\u00e1 est\u00e3o um pouco investidos (cockpit s\u00e9rio, desejo de progredir) e que querem uma solu\u00e7\u00e3o duradoura sem passar para o sistema hidr\u00e1ulico. A rela\u00e7\u00e3o consist\u00eancia\/pre\u00e7o parece-me s\u00f3lida.<\/p>","protected":false},"featured_media":101811,"comment_status":"open","ping_status":"closed","template":"","meta":{"_acf_changed":false,"_et_pb_use_builder":"","_et_pb_old_content":"","_et_gb_content_width":""},"product_brand":[165],"product_cat":[162],"product_tag":[149],"class_list":{"0":"post-101365","1":"product","2":"type-product","3":"status-publish","4":"has-post-thumbnail","6":"product_brand-moza-racing","7":"product_cat-pedalier","8":"product_tag-pc","10":"first","11":"instock","12":"shipping-taxable","13":"product-type-external"},"acf":[],"_links":{"self":[{"href":"https:\/\/simracergear.com\/pt\/wp-json\/wp\/v2\/product\/101365","targetHints":{"allow":["GET"]}}],"collection":[{"href":"https:\/\/simracergear.com\/pt\/wp-json\/wp\/v2\/product"}],"about":[{"href":"https:\/\/simracergear.com\/pt\/wp-json\/wp\/v2\/types\/product"}],"replies":[{"embeddable":true,"href":"https:\/\/simracergear.com\/pt\/wp-json\/wp\/v2\/comments?post=101365"}],"wp:featuredmedia":[{"embeddable":true,"href":"https:\/\/simracergear.com\/pt\/wp-json\/wp\/v2\/media\/101811"}],"wp:attachment":[{"href":"https:\/\/simracergear.com\/pt\/wp-json\/wp\/v2\/media?parent=101365"}],"wp:term":[{"taxonomy":"product_brand","embeddable":true,"href":"https:\/\/simracergear.com\/pt\/wp-json\/wp\/v2\/product_brand?post=101365"},{"taxonomy":"product_cat","embeddable":true,"href":"https:\/\/simracergear.com\/pt\/wp-json\/wp\/v2\/product_cat?post=101365"},{"taxonomy":"product_tag","embeddable":true,"href":"https:\/\/simracergear.com\/pt\/wp-json\/wp\/v2\/product_tag?post=101365"}],"curies":[{"name":"wp","href":"https:\/\/api.w.org\/{rel}","templated":true}]}}