{"id":101375,"date":"2025-05-15T08:08:00","date_gmt":"2025-05-15T08:08:00","guid":{"rendered":"https:\/\/simracergear.com\/products\/moza-e-stop-switch\/"},"modified":"2025-11-28T05:19:22","modified_gmt":"2025-11-28T05:19:22","slug":"moza-e-stop-switch","status":"publish","type":"product","link":"https:\/\/simracergear.com\/pt\/products\/moza-e-stop-switch\/","title":{"rendered":"Interruptor de paragem de emerg\u00eancia MOZA"},"content":{"rendered":"<p>No mundo das corridas de simuladores, falamos frequentemente de bases Diret Drive, pedaleiros topo de gama ou cockpits simplificados. Mas assim que se come\u00e7a a abusar um pouco do hardware, um acess\u00f3rio muito mais simples volta \u00e0 mesa: a paragem de emerg\u00eancia. \u00c9 exatamente aqui que entra o interrutor MOZA E-Stop. Trata-se de um bot\u00e3o de paragem de emerg\u00eancia dedicado \u00e0s bases MOZA, concebido para cortar o Diret Drive instantaneamente em caso de problema, erro de software, colis\u00e3o incontrol\u00e1vel ou simplesmente mau manuseamento.<\/p>\n<p>Este pequeno acess\u00f3rio \u00e9 intrigante, porque promete algo muito concreto: maior seguran\u00e7a, maior tranquilidade e controlo imediato sobre uma base por vezes muito potente. \u00c9 sobretudo interessante para os utilizadores de Diret Drives musculados, para aqueles que j\u00e1 experimentaram um volante que se \"deixa levar\", ou que t\u00eam uma fam\u00edlia, crian\u00e7as ou animais \u00e0 volta do cockpit. Aqui tocamos num ponto raramente sexy mas essencial: a seguran\u00e7a ativa numa configura\u00e7\u00e3o de corrida simulada.<\/p>\n<p>O meu ponto de vista sobre este interrutor de paragem de emerg\u00eancia MOZA \u00e9 simples: muda realmente a experi\u00eancia do dia a dia? O design, a integra\u00e7\u00e3o e a ergonomia justificam a compra, ou \u00e9 apenas um gadget tranquilizador no papel? Considerei o produto como parte integrante de um ecossistema MOZA: design, fabrico, coloca\u00e7\u00e3o no cockpit, reac\u00e7\u00f5es no jogo e valor acrescentado global para um piloto de simuladores exigente.<\/p>\n<h2>Conce\u00e7\u00e3o e fabrico do interrutor de paragem de emerg\u00eancia MOZA<\/h2>\n<p>Visualmente, o interrutor de paragem de emerg\u00eancia MOZA baseia-se nos c\u00f3digos cl\u00e1ssicos de um verdadeiro bot\u00e3o de paragem de emerg\u00eancia industrial: um grande cogumelo vermelho sobre uma base preta. A primeira impress\u00e3o na m\u00e3o \u00e9 de densidade. \u00c9 compacto, com uma concha que n\u00e3o parece oca e uma impress\u00e3o geral de seriedade. O pl\u00e1stico utilizado para a parte vermelha \u00e9 espesso, com uma superf\u00edcie ligeiramente texturada que evita o deslizamento mesmo com as m\u00e3os ligeiramente suadas.<\/p>\n<p>A base preta inspira confian\u00e7a. As montagens s\u00e3o limpas, sem luz do dia excessiva ou rangidos quando apertadas. N\u00e3o estamos a falar de um produto \"premium\" no sentido nobre da palavra, como um volante de carbono, mas na sua categoria (acess\u00f3rios de seguran\u00e7a para corridas de simuladores), o conjunto \u00e9 perfeitamente coerente. \u00c9 evidente que este bot\u00e3o foi concebido para ser premido com for\u00e7a, \u00e0 pressa e sem perguntas.<\/p>\n<p>O clique mec\u00e2nico quando o obturador \u00e9 libertado \u00e9 n\u00edtido, acompanhado por uma batida relativamente curta mas distinta. Esta sensa\u00e7\u00e3o \u00e9 importante: sabe-se imediatamente que se \"cortou\" efetivamente a base. A firmeza do mecanismo \u00e9 muito tranquilizadora. Sente-se tamb\u00e9m que foi concebido para resistir a press\u00f5es repetidas, por vezes violentas, sem se partir demasiado depressa.<\/p>\n<p>O aspeto geral \u00e9 um pouco menos atrativo, se estiver \u00e0 procura de um cockpit muito organizado. Um grande bot\u00e3o vermelho chama a aten\u00e7\u00e3o. Ou se gosta dele ou n\u00e3o se gosta. N\u00e3o h\u00e1 pormenores, nem ilumina\u00e7\u00e3o de fundo extravagante, nem tampas de metal maquinadas. \u00c9 puramente funcional. Em compara\u00e7\u00e3o com alguns bot\u00f5es de paragem universais encontrados no mundo industrial ou de bricolage, o acabamento est\u00e1 um pouco acima da integra\u00e7\u00e3o com o ecossistema MOZA, mas n\u00e3o \u00e9 um artigo de luxo. \u00c9 evidente que estamos a pagar mais pelo aspeto plug &amp; play e pela integra\u00e7\u00e3o direta com a base do que pelo design art\u00edstico.<\/p>\n<p>Em termos de durabilidade percebida, n\u00e3o vi nada de alarmante. Os cabos parecem bem revestidos, os conectores s\u00e3o firmes e a sensibilidade do interrutor d\u00e1 a impress\u00e3o de poder resistir a anos de utiliza\u00e7\u00e3o. Para um acess\u00f3rio que se espera utilizar o menos poss\u00edvel, isso \u00e9 bastante tranquilizador.<\/p>\n<h2>Defini\u00e7\u00f5es, personaliza\u00e7\u00e3o e compatibilidade<\/h2>\n<p>O que distingue o interrutor de paragem de emerg\u00eancia MOZA \u00e9 a sua simplicidade. Est\u00e1 muito longe de ser um dispositivo cheio de menus e predefini\u00e7\u00f5es. N\u00e3o h\u00e1 configura\u00e7\u00f5es de software, nem curva de aprendizagem t\u00e9cnica. Basta lig\u00e1-lo \u00e0 base Diret Drive compat\u00edvel do MOZA e ele se torna um interrutor de interrup\u00e7\u00e3o de hardware: basta pressionar e a base desliga-se. Essa \u00e9 a id\u00e9ia por tr\u00e1s do acess\u00f3rio.<\/p>\n<p>A personaliza\u00e7\u00e3o \u00e9, portanto, principalmente uma quest\u00e3o de como o integra fisicamente no seu cockpit. Pode fix\u00e1-lo a um suporte, col\u00e1-lo com fita-cola refor\u00e7ada de dupla face, aparafus\u00e1-lo a uma placa ou simplesmente coloc\u00e1-lo ao alcance da m\u00e3o. O importante \u00e9 a ergonomia: a sua m\u00e3o tem de ser capaz de o encontrar numa fra\u00e7\u00e3o de segundo sem olhar. \u00c9 a\u00ed que entra o verdadeiro trabalho de configura\u00e7\u00e3o. A posi\u00e7\u00e3o correta faz realmente a diferen\u00e7a, especialmente com uma base de bin\u00e1rio elevado.<\/p>\n<p>Em termos de compatibilidade, mantemo-nos dentro do ecossistema MOZA. O bot\u00e3o foi concebido para funcionar com as suas recentes bases Diret Drive e liga-se diretamente atrav\u00e9s do conetor fornecido. N\u00e3o h\u00e1 necessidade de configura\u00e7\u00e3o DIY ou de PC. N\u00e3o se trata de um acess\u00f3rio universal que possa ser utilizado com qualquer outra marca de base e n\u00e3o comunica diretamente com uma consola ou um jogo. A sua miss\u00e3o \u00e9 material: cortar a pr\u00f3pria esta\u00e7\u00e3o base MOZA.<\/p>\n<p>A curva de aprendizagem \u00e9... inexistente. \u00c9 exatamente esse o objetivo. Qualquer pessoa em casa consegue perceber imediatamente como funciona. Explica-se uma vez: \"Se algo correr mal, carrega-se aqui\". E pronto. Para um piloto de simuladores que partilha o cockpit ou tem convidados, \u00e9 uma enorme paz de esp\u00edrito.<\/p>\n<p>Relativamente \u00e0 quest\u00e3o da escalabilidade, n\u00e3o se trata realmente de um ponto de entrada, mas sim de um \"escudo\" a acrescentar a uma configura\u00e7\u00e3o j\u00e1 realizada. Quanto mais potente for a sua base, mais sentido faz este tipo de acess\u00f3rio. Para um utilizador que tenciona permanecer no ecossistema MOZA durante muito tempo, \u00e9 um investimento que acompanhar\u00e1 facilmente a evolu\u00e7\u00e3o da base, do cockpit e de outros perif\u00e9ricos. Desde que fiques com o MOZA para a base, este bot\u00e3o manter\u00e1 o seu lugar no teu equipamento.<\/p>\n<h2>Interruptor de paragem de emerg\u00eancia MOZA em a\u00e7\u00e3o: sentir e utilizar em jogo<\/h2>\n<p>Um bot\u00e3o de paragem de emerg\u00eancia n\u00e3o altera a sensa\u00e7\u00e3o de force feedback enquanto tal, mas altera a rela\u00e7\u00e3o que tens com a tua base. Num Diret Drive potente, especialmente em defini\u00e7\u00f5es de bin\u00e1rio elevado, h\u00e1 sempre um elemento de precau\u00e7\u00e3o quando se lan\u00e7a um novo carro, um novo mod ou um novo jogo. Um bug pode transformar um simples force feedback num violento golpe no volante.<\/p>\n<p>A diferen\u00e7a que senti foi na confian\u00e7a b\u00e1sica. Sabe-se que, se for desencadeada uma oscila\u00e7\u00e3o louca, se o carro come\u00e7ar a vibrar como um martelo pneum\u00e1tico depois de uma atualiza\u00e7\u00e3o mal feita, basta um gesto de reflexo para cortar tudo. Isto n\u00e3o torna o FFB mais preciso, mas permite-lhe conduzir de forma mais descontra\u00edda, com a sensa\u00e7\u00e3o de ter uma verdadeira \"rede de seguran\u00e7a\" \u00e0 m\u00e3o. Quando se conduz durante longas sess\u00f5es, essa paz de esp\u00edrito conta muito.<\/p>\n<p>Em curvas r\u00e1pidas, quando o volante est\u00e1 a devolver cargas elevadas, por vezes uma m\u00e1 regula\u00e7\u00e3o do FFB ou um ve\u00edculo extremo podem tornar a dire\u00e7\u00e3o realmente desagrad\u00e1vel num acidente. Com o E-Stop no alcance, h\u00e1 menos relut\u00e2ncia em manter n\u00edveis de for\u00e7a elevados. \u00c9 mais f\u00e1cil for\u00e7ar um pouco a base, precisamente porque se sabe que se pode amortec\u00ea-la imediatamente se algo correr mal. Indiretamente, isto pode levar a uma melhor sensa\u00e7\u00e3o de ader\u00eancia e a uma melhor utiliza\u00e7\u00e3o do potencial da Diret Drive.<\/p>\n<p>Nos vibradores, em particular nos que s\u00e3o muito agressivos em certos circuitos, o volante pode, por vezes, entrar em resson\u00e2ncia ou o jogo pode enviar picos de for\u00e7a irrealistas. Nestes casos, a paragem de emerg\u00eancia n\u00e3o \u00e9 uma fun\u00e7\u00e3o que se queira utilizar frequentemente, mas o simples facto de a ter muda a toler\u00e2ncia a estas situa\u00e7\u00f5es. O utilizador fica menos tenso ao volante, com menos medo do \"big one\" inesperado.<\/p>\n<p>Obviamente, o bot\u00e3o n\u00e3o interv\u00e9m diretamente nas correc\u00e7\u00f5es r\u00e1pidas, no drifting involunt\u00e1rio ou na recupera\u00e7\u00e3o de deslizes. Mas \u00e9 na gest\u00e3o do inesperado que tudo entra em jogo: um regresso ao menu que n\u00e3o funciona corretamente, um carro que n\u00e3o funciona corretamente, um force feedback que fica preso no meio. Nestas alturas, ter um bot\u00e3o vermelho grande e claramente identificado \u00e9 mil vezes melhor do que procurar o bot\u00e3o de ligar\/desligar na base ou procurar a tomada el\u00e9ctrica no ch\u00e3o.<\/p>\n<p>Em compara\u00e7\u00e3o com uma base menos potente, por exemplo, uma base acionada por correia ou um DD pequeno e de baixo bin\u00e1rio, a contribui\u00e7\u00e3o do E-Stop \u00e9 menos crucial. J\u00e1 \u00e9 poss\u00edvel segurar fisicamente o volante, mesmo nos piores casos. Mas quanto maior for o bin\u00e1rio utilizado, mais a escora \u00e9 capaz de impor os seus movimentos aos seus bra\u00e7os. Nessa altura, uma paragem de emerg\u00eancia j\u00e1 n\u00e3o \u00e9 um luxo, \u00e9 uma verdadeira barreira de seguran\u00e7a. Por outro lado, em compara\u00e7\u00e3o com sistemas ainda mais potentes utilizados em ambientes profissionais ou em simuladores de autom\u00f3veis, encontramos uma l\u00f3gica semelhante: sempre um grande bot\u00e3o vermelho, sempre ao alcance da m\u00e3o.<\/p>\n<p>Durante longas sess\u00f5es, este bot\u00e3o torna-se quase invis\u00edvel no dia a dia. Quase nunca o utilizamos. E \u00e9 exatamente isso que esperamos. N\u00e3o atrapalha, n\u00e3o pisca, n\u00e3o requer qualquer intera\u00e7\u00e3o no jogo. Est\u00e1 simplesmente l\u00e1, pronto a atuar em meio segundo se alguma coisa correr mal. A experi\u00eancia geral \u00e9 mais calma, especialmente se por vezes deixar que outras pessoas utilizem o seu equipamento.<\/p>\n<h2>A quem se destina? O que gostamos e o que n\u00e3o gostamos<\/h2>\n<p>O interrutor de paragem de emerg\u00eancia MOZA destina-se principalmente aos utilizadores de bases MOZA Diret Drive de m\u00e9dia a alta pot\u00eancia. O perfil ideal \u00e9 o do piloto de simuladores interm\u00e9dio ou experiente, equipado com um cockpit fixo, que conduz frequentemente com for\u00e7as FFB elevadas. Se tiver uma fam\u00edlia, crian\u00e7as a correr \u00e0 volta do equipamento ou amigos que n\u00e3o estejam habituados \u00e0 Diret Drive, a sua relev\u00e2ncia aumenta ainda mais. Para um puro principiante numa base pequena e com pouco bin\u00e1rio, o benef\u00edcio \u00e9 mais limitado, mesmo que continue a ser uma vantagem em termos de seguran\u00e7a.<\/p>\n<p>O que eu gosto nele \u00e9, antes de mais, a sua absoluta simplicidade. Sem controlador, sem software, sem perfil para configurar. Basta lig\u00e1-lo e ele funciona. Em segundo lugar, a sensa\u00e7\u00e3o mec\u00e2nica do pr\u00f3prio bot\u00e3o \u00e9 muito tranquilizadora: curso firme, clique limpo, pode sentir que o comando foi dado. Por \u00faltimo, a integra\u00e7\u00e3o no ecossistema MOZA faz claramente a diferen\u00e7a: n\u00e3o h\u00e1 problemas, n\u00e3o h\u00e1 adapta\u00e7\u00f5es ao acaso, foi concebido para estes princ\u00edpios b\u00e1sicos e isso sente-se.<\/p>\n<p>Em termos de limita\u00e7\u00f5es, a primeira \u00e9 \u00f3bvia: trata-se de um acess\u00f3rio espec\u00edfico do MOZA. Se mais tarde mudar a marca de base, h\u00e1 uma boa hip\u00f3tese de ficar inutilizado na sua fun\u00e7\u00e3o principal. A segunda \u00e9 o aspeto visual bastante rudimentar. Num cockpit muito elegante, algumas pessoas teriam apreciado um pouco mais de trabalho de design, ou mesmo op\u00e7\u00f5es de cor ou de montagem mais elegantes. Por \u00faltimo, h\u00e1 que aceitar que se trata de um investimento num produto que se espera quase nunca vir a utilizar. Portanto, est\u00e1 a pagar mais pela paz de esp\u00edrito do que pela funcionalidade do dia a dia.<\/p>\n<p>Em termos de valor percebido, tudo depende do seu n\u00edvel de compromisso com as corridas de simuladores. Para um equipamento que custa v\u00e1rios milhares de euros, a despesa extra de um bot\u00e3o de paragem de emerg\u00eancia genu\u00edno \u00e9 coerente, quase \u00f3bvia. Para um equipamento mais modesto, a rela\u00e7\u00e3o custo\/utilidade imediata pode parecer menos \u00f3bvia, especialmente se estiver a correr com for\u00e7as limitadas. Mas assim que se come\u00e7a a explorar verdadeiramente a pot\u00eancia de uma placa de base Diret Drive, a balan\u00e7a inclina-se claramente a seu favor.<\/p>\n<h2>Veredicto: o interrutor de paragem de emerg\u00eancia MOZA muda realmente uma configura\u00e7\u00e3o?<\/h2>\n<p>O interrutor de paragem de emerg\u00eancia MOZA n\u00e3o \u00e9 um daqueles acess\u00f3rios espectaculares que transformam a experi\u00eancia de condu\u00e7\u00e3o. N\u00e3o torna o seu FFB mais rico, n\u00e3o lhe poupa um segundo por volta, n\u00e3o aumenta a imers\u00e3o sonora. Por outro lado, altera profundamente a forma como vivenciamos a nossa base no dia a dia, especialmente quando come\u00e7a a emitir um bin\u00e1rio consider\u00e1vel.<\/p>\n<p>No mercado, pode ser visto como um acess\u00f3rio complementar s\u00e9rio, concebido para as configura\u00e7\u00f5es de gama m\u00e9dia a topo de gama do MOZA. \u00c9 um pouco como o elo de \"seguran\u00e7a\" que faltava num ambiente em que as for\u00e7as em jogo est\u00e3o a tornar-se n\u00e3o negligenci\u00e1veis. Com um equipamento avan\u00e7ado, s\u00f3lido e bem ajustado em mente, este bot\u00e3o \u00e9 perfeitamente adequado para o trabalho.<\/p>\n<p>Recomendo-o claramente \u00e0queles que utilizam regularmente uma base MOZA potente, que gostam de manter as for\u00e7as elevadas e que querem evitar correr o m\u00ednimo risco, tanto para si pr\u00f3prios como para os outros no cockpit. Para um utilizador muito ocasional, com uma base de baixo bin\u00e1rio, ou algu\u00e9m que muda frequentemente de marca de equipamento, \u00e9 menos priorit\u00e1rio na lista de compras.<\/p>\n<p>Se pretende assegurar um MOZA Diret Drive a s\u00e9rio, para conduzir com tranquilidade e poder desligar tudo com um simples toque em caso de problema, este produto pode claramente fazer toda a diferen\u00e7a na sua configura\u00e7\u00e3o.<\/p>","protected":false},"excerpt":{"rendered":"<p>Acima de tudo, este bot\u00e3o muda a forma como se experimenta uma potente base Diret Drive: pedala-se mais relaxado, com uma verdadeira rede de seguran\u00e7a sempre \u00e0 m\u00e3o. Faz sentido para os utilizadores interm\u00e9dios e avan\u00e7ados do MOZA, com um equipamento fixo e for\u00e7as FFB elevadas, especialmente num ambiente familiar. O valor reside claramente na paz de esp\u00edrito e n\u00e3o no desempenho.<\/p>","protected":false},"featured_media":101376,"comment_status":"open","ping_status":"closed","template":"","meta":{"_acf_changed":false,"_et_pb_use_builder":"","_et_pb_old_content":"","_et_gb_content_width":""},"product_brand":[165],"product_cat":[153],"product_tag":[149],"class_list":{"0":"post-101375","1":"product","2":"type-product","3":"status-publish","4":"has-post-thumbnail","6":"product_brand-moza-racing","7":"product_cat-accessoires","8":"product_tag-pc","10":"first","11":"instock","12":"shipping-taxable","13":"product-type-external"},"acf":[],"_links":{"self":[{"href":"https:\/\/simracergear.com\/pt\/wp-json\/wp\/v2\/product\/101375","targetHints":{"allow":["GET"]}}],"collection":[{"href":"https:\/\/simracergear.com\/pt\/wp-json\/wp\/v2\/product"}],"about":[{"href":"https:\/\/simracergear.com\/pt\/wp-json\/wp\/v2\/types\/product"}],"replies":[{"embeddable":true,"href":"https:\/\/simracergear.com\/pt\/wp-json\/wp\/v2\/comments?post=101375"}],"wp:featuredmedia":[{"embeddable":true,"href":"https:\/\/simracergear.com\/pt\/wp-json\/wp\/v2\/media\/101376"}],"wp:attachment":[{"href":"https:\/\/simracergear.com\/pt\/wp-json\/wp\/v2\/media?parent=101375"}],"wp:term":[{"taxonomy":"product_brand","embeddable":true,"href":"https:\/\/simracergear.com\/pt\/wp-json\/wp\/v2\/product_brand?post=101375"},{"taxonomy":"product_cat","embeddable":true,"href":"https:\/\/simracergear.com\/pt\/wp-json\/wp\/v2\/product_cat?post=101375"},{"taxonomy":"product_tag","embeddable":true,"href":"https:\/\/simracergear.com\/pt\/wp-json\/wp\/v2\/product_tag?post=101375"}],"curies":[{"name":"wp","href":"https:\/\/api.w.org\/{rel}","templated":true}]}}