{"id":101418,"date":"2025-05-15T08:10:00","date_gmt":"2025-05-15T08:10:00","guid":{"rendered":"https:\/\/simracergear.com\/products\/moza-hgp-shifter\/"},"modified":"2025-11-28T05:25:55","modified_gmt":"2025-11-28T05:25:55","slug":"moza-hgp-shifter","status":"publish","type":"product","link":"https:\/\/simracergear.com\/pt\/products\/moza-hgp-shifter\/","title":{"rendered":"MOZA HGP Shifter"},"content":{"rendered":"<p>No mundo das corridas simuladas, as alavancas de velocidades em forma de H continuam a ser um acess\u00f3rio altamente emocional. As pessoas compram-nas menos por pura necessidade do que para redescobrir as sensa\u00e7\u00f5es mec\u00e2nicas de uma caixa de velocidades manual. A alavanca de velocidades MOZA HGP Shifter insere-se claramente nesta categoria: uma alavanca de velocidades H+sequencial, totalmente em metal, concebida para acompanhar uma configura\u00e7\u00e3o orientada para o prazer de condu\u00e7\u00e3o, o drifting ou os autom\u00f3veis cl\u00e1ssicos. No papel, promete uma sensa\u00e7\u00e3o robusta, boa precis\u00e3o e integra\u00e7\u00e3o simples no ecossistema MOZA, mantendo-se acess\u00edvel em compara\u00e7\u00e3o com as op\u00e7\u00f5es de topo de gama.<\/p>\n<p>Pela minha parte, abordei-o com duas quest\u00f5es em mente: d\u00e1 realmente a impress\u00e3o de manusear uma verdadeira caixa de velocidades mec\u00e2nica e aguenta uma utiliza\u00e7\u00e3o intensiva, sem se tornar mole ou ruidosa ap\u00f3s algumas sess\u00f5es? Assim, a minha perspetiva \u00e9 simples: sensa\u00e7\u00e3o mec\u00e2nica, qualidade percet\u00edvel, ergonomia quotidiana e compatibilidade com uma configura\u00e7\u00e3o moderna de simracing.<\/p>\n<p>Desde as primeiras mudan\u00e7as de velocidade, o objetivo torna-se claro: a MOZA n\u00e3o pretende ser um produto ex\u00f3tico ou de ultra-corrida apenas para os puristas, mas sim uma alavanca de velocidades s\u00f3lida, \"plug and play\", que pode ser integrada num pequeno cockpit de alum\u00ednio, bem como numa instala\u00e7\u00e3o mais s\u00e9ria. Este \u00e9 um produto t\u00edpico de \"qualidade de gama m\u00e9dia\", concebido para durar, sem rebentar com um or\u00e7amento j\u00e1 esgotado pelo volante e pelos pedais.<\/p>\n<h2>Conce\u00e7\u00e3o e fabrico<\/h2>\n<p>Tanto visualmente como na m\u00e3o, a alavanca de velocidades MOZA HGP d\u00e1 uma impress\u00e3o imediata de densidade. O corpo \u00e9 feito de metal, com pain\u00e9is bem ajustados, pouca ou nenhuma folga e um acabamento anodizado limpo. Nada parece oco, nada se move quando agarrado com firmeza. Tem-se a sensa\u00e7\u00e3o de que a MOZA quis evitar a todo o custo o efeito de \"brinquedo\". O peso e a rigidez geral inspiram confian\u00e7a, especialmente se planear instal\u00e1-lo num perfil de alum\u00ednio ou num cockpit robusto.<\/p>\n<p>A alavanca em si \u00e9 feita de metal, com um bot\u00e3o relativamente simples do tipo \"desportivo\". Na m\u00e3o, n\u00e3o escorrega nem faz comich\u00e3o, e a sensa\u00e7\u00e3o \u00e9 bastante neutra, pelo que se pode conduzir sem luvas sem desconforto. As mudan\u00e7as de velocidade d\u00e3o uma impress\u00e3o limpa, com um bloqueio claro das mudan\u00e7as. N\u00e3o estamos a falar da dureza extrema de uma alavanca de velocidades de competi\u00e7\u00e3o 100 % muito seca, mas sim de um meio-termo feliz: resist\u00eancia suficiente para dar car\u00e1cter, mas n\u00e3o tanta que a m\u00e3o fique cansada ao fim de uma hora.<\/p>\n<p>O que \u00e9 realmente surpreendente \u00e9 a consist\u00eancia do processo de fabrico. Os parafusos, o padr\u00e3o de grelha e os pequenos detalhes d\u00e3o a impress\u00e3o de um produto acabado e n\u00e3o de um prot\u00f3tipo industrial. Os cliques mec\u00e2nicos s\u00e3o aud\u00edveis mas n\u00e3o agressivos. \u00c9 mec\u00e2nico, mas n\u00e3o \u00e9 agr\u00edcola. Numa secret\u00e1ria, pode parecer um pouco ruidoso num ambiente muito silencioso, mas num cockpit dedicado, o n\u00edvel \u00e9 bastante aceit\u00e1vel.<\/p>\n<p>O que \u00e9 um pouco dececionante \u00e9 a est\u00e9tica e o acabamento secund\u00e1rio. O man\u00edpulo, por exemplo, cumpre a sua fun\u00e7\u00e3o, mas n\u00e3o tem o car\u00e1cter de uma alavanca de velocidades personalizada nobre. Fica-se com a sensa\u00e7\u00e3o de que foi concebida para ser funcional e n\u00e3o para inspirar. Em compara\u00e7\u00e3o com algumas das suas rivais mais caras, pode parecer ligeiramente menos premium em termos de pormenores de design, mas em termos de robustez percebida, est\u00e1 claramente na liga certa. Em compara\u00e7\u00e3o com as mudan\u00e7as mais pl\u00e1sticas ou mais leves, a diferen\u00e7a de solidez \u00e9 imediatamente vis\u00edvel.<\/p>\n<h2>Defini\u00e7\u00f5es, personaliza\u00e7\u00e3o e compatibilidade<\/h2>\n<p>Em termos de defini\u00e7\u00f5es, a alavanca de velocidades MOZA HGP \u00e9 bastante simples. N\u00e3o se trata de um produto repleto de menus, mas os ajustes oferecidos s\u00e3o relevantes para as corridas simuladas do dia a dia. A for\u00e7a de bloqueio e a sensa\u00e7\u00e3o geral s\u00e3o largamente ditadas pela mec\u00e2nica interna. N\u00e3o temos acesso a um n\u00famero infinito de defini\u00e7\u00f5es f\u00edsicas, mas a calibra\u00e7\u00e3o atrav\u00e9s do software MOZA Pit House permite-nos ajustar o comportamento de forma clara e garantir que cada mudan\u00e7a \u00e9 detectada sem zonas mortas ou falsos neutros.<\/p>\n<p>A grande for\u00e7a do HGP \u00e9 o seu modo duplo: padr\u00e3o H e sequencial. A mudan\u00e7a de um para o outro \u00e9 feita atrav\u00e9s de um mecanismo dedicado, sem ter de desmontar metade da alavanca de velocidades. Isto \u00e9 uma verdadeira vantagem quando se trata de alternar entre um GT moderno em modo sequencial e um carro de turismo mais antigo em modo H, sem ter de mudar de equipamento. O bloqueio da grelha \u00e9 suficientemente claro para evitar que se passe de um modo para o outro por engano.<\/p>\n<p>A curva de aprendizagem \u00e9 curta. Depois de a alavanca de velocidades estar ligada e ser reconhecida pelo software, s\u00f3 tem de calibrar e atribuir as rela\u00e7\u00f5es nos jogos. Para um simulador j\u00e1 habituado aos perif\u00e9ricos do PC, tudo se torna natural. Para um principiante motivado, a interface do MOZA \u00e9 suficientemente clara para n\u00e3o se perder. As defini\u00e7\u00f5es realmente \u00fateis s\u00e3o a calibra\u00e7\u00e3o, a escolha do modo H ou sequencial e, possivelmente, alguns ajustes nos pr\u00f3prios jogos para a sensibilidade.<\/p>\n<p>Em termos de compatibilidade, o HGP foi concebido principalmente para PCs, particularmente no ecossistema MOZA. Liga-se diretamente por USB ou atrav\u00e9s de uma base MOZA, consoante a configura\u00e7\u00e3o, o que facilita a integra\u00e7\u00e3o. Com os controladores adequados, tamb\u00e9m pode ser utilizado com volantes e pedais de outras marcas, desde que esteja preparado para gerir v\u00e1rios perif\u00e9ricos no Windows e nos jogos. Nas consolas, depende mais do suporte e da forma como o volante principal lida com os perif\u00e9ricos externos. \u00c9 evidente que n\u00e3o \u00e9 o ambiente em que \u00e9 mais simples.<\/p>\n<p>No que diz respeito \u00e0 possibilidade de atualiza\u00e7\u00e3o, esta alavanca de velocidades pode ser utilizada como um ponto de entrada s\u00e9rio, bem como uma solu\u00e7\u00e3o a longo prazo. \u00c9 suficientemente robusta e vers\u00e1til para acompanhar v\u00e1rias gera\u00e7\u00f5es de rodas e bases. N\u00e3o \u00e9 um produto \"descart\u00e1vel\" no in\u00edcio da gama, mas sim um elemento estrutural da configura\u00e7\u00e3o que acompanhar\u00e1 facilmente uma atualiza\u00e7\u00e3o de gama alta do resto do equipamento.<\/p>\n<h2>Sensa\u00e7\u00f5es em jogo<\/h2>\n<p>\u00c9 na estrada que a alavanca de velocidades MOZA HGP se destaca realmente. Assim que o cockpit tiver sido apertado e a posi\u00e7\u00e3o da m\u00e3o tiver sido encontrada, as mudan\u00e7as de velocidade tornam-se muito naturais. A sensa\u00e7\u00e3o mec\u00e2nica da caixa de velocidades \u00e9 muito percet\u00edvel: \u00e9 poss\u00edvel sentir claramente quando a alavanca deixa uma mudan\u00e7a e engata a seguinte. A orienta\u00e7\u00e3o lateral \u00e9 bem definida, o que limita os erros de trajet\u00f3ria, especialmente entre 2-3 ou 4-5, as transi\u00e7\u00f5es que s\u00e3o frequentemente cr\u00edticas nas corridas.<\/p>\n<p>Nas curvas, \u00e9 poss\u00edvel sentir rapidamente se a grelha \u00e9 suficientemente firme para suportar a press\u00e3o lateral e os movimentos do corpo. Com o HGP, as mudan\u00e7as s\u00e3o engrenadas sem que a alavanca pare\u00e7a estar a flutuar ou a vibrar excessivamente. Mant\u00e9m-se um bom controlo da m\u00e3o, mesmo em sequ\u00eancias r\u00e1pidas como o rali ou o drifting. N\u00e3o temos a precis\u00e3o cir\u00fargica de uma caixa de velocidades sequencial puramente de competi\u00e7\u00e3o, mas para uma alavanca de velocidades H vers\u00e1til, a legibilidade das mudan\u00e7as \u00e9 realmente boa.<\/p>\n<p>A leitura da \"ader\u00eancia\" atrav\u00e9s de uma alavanca de mudan\u00e7as \u00e9 sempre indireta: n\u00e3o se trata de uma caixa de pedais ou de um volante. No entanto, o timing das mudan\u00e7as de velocidade tem uma forte influ\u00eancia na forma como se sente o carro a carregar ou a descarregar. Com o MOZA HGP, este timing torna-se mais consistente, porque a mudan\u00e7a de velocidade \u00e9 suficientemente clara e repet\u00edvel. Sabe-se quando a mudan\u00e7a est\u00e1 engatada, o que ajuda a sincronizar a embraiagem e o acelerador. O carro reage de forma mais previs\u00edvel, e isso \u00e9 particularmente not\u00f3rio nas sa\u00eddas de curva com tra\u00e7\u00e3o traseira.<\/p>\n<p>Nos vibradores, a principal vantagem \u00e9 a capacidade da alavanca de velocidades n\u00e3o se mover ou deformar na sua grelha. Desde que o seu cockpit esteja devidamente refor\u00e7ado, o HGP aguenta bem as vibra\u00e7\u00f5es, os solavancos e os movimentos do volante. N\u00e3o se desajusta nem altera a sua sensa\u00e7\u00e3o durante uma sess\u00e3o. Esta consist\u00eancia \u00e9 importante para a confian\u00e7a. N\u00e3o se fica com a impress\u00e3o de que a mec\u00e2nica se desintegra ap\u00f3s algumas voltas a quente.<\/p>\n<p>Durante longas sess\u00f5es, a consist\u00eancia \u00e9 precisamente um dos seus pontos fortes. A for\u00e7a de bloqueio permanece a mesma, o ponto de engate n\u00e3o se desvia e a fadiga da m\u00e3o permanece limitada gra\u00e7as a um bom compromisso entre resist\u00eancia e flexibilidade. Para sess\u00f5es de resist\u00eancia ou repetidas ao longo de v\u00e1rios dias, isto \u00e9 tranquilizador. Habituamo-nos \u00e0 sua assinatura mec\u00e2nica e ela n\u00e3o se move. Rapidamente se encontra a sua posi\u00e7\u00e3o.<\/p>\n<p>Em correc\u00e7\u00f5es r\u00e1pidas, em drifting ou rally, por exemplo, a capacidade de ligar transi\u00e7\u00f5es 2-3-4 ou 3-2-1 sem pensar torna-se essencial. \u00c9 aqui que o HGP se imp\u00f5e: a grelha \u00e9 suficientemente leg\u00edvel para permitir movimentos ligeiramente agressivos sem multiplicar as mudan\u00e7as falsas. Os bloqueios mec\u00e2nicos impedem o cruzamento aleat\u00f3rio da grelha. De vez em quando, se formos muito bruscos, ainda nos enganamos na mudan\u00e7a, mas isso n\u00e3o se deve a uma falta de defini\u00e7\u00e3o do hardware.<\/p>\n<p>Em compara\u00e7\u00e3o com solu\u00e7\u00f5es mais b\u00e1sicas, como as pequenas alavancas de pl\u00e1stico incorporadas em alguns volantes de entrada de gama, \u00e9 um mundo de diferen\u00e7a. A sensa\u00e7\u00e3o de um bloco de metal, a precis\u00e3o dos corredores e a consist\u00eancia transformam a forma como jogamos com carros manuais. Compreendemos melhor o que a transmiss\u00e3o est\u00e1 a fazer, e isso muda a forma como conduzimos. Em compara\u00e7\u00e3o com os modelos topo de gama mais caros, alguns achar\u00e3o o MOZA ligeiramente menos \"afiado\" ou menos configur\u00e1vel, mas a diferen\u00e7a em termos de prazer bruto n\u00e3o \u00e9 proporcional \u00e0 diferen\u00e7a de pre\u00e7o. Claramente, o MOZA oferece uma excelente rela\u00e7\u00e3o qualidade\/pre\u00e7o.<\/p>\n<h2>A quem se destina? Do que gostamos \/ Do que n\u00e3o gostamos<\/h2>\n<p>A alavanca de velocidades MOZA HGP destina-se principalmente aos pilotos de simuladores de PC que pretendem adicionar uma verdadeira alavanca de velocidades mec\u00e2nica \u00e0 sua configura\u00e7\u00e3o, sem necessariamente optarem por equipamento ultra-ex\u00f3tico. Os principiantes motivados que acabaram de investir numa base decente e numa pedaleira s\u00e9ria podem achar que \u00e9 um complemento muito bom para descobrir o heel-toe, o drift ou os antigos GTs. Os utilizadores interm\u00e9dios ou experientes v\u00e3o achar que \u00e9 uma alavanca de velocidades fi\u00e1vel, suficientemente precisa para campeonatos e corridas s\u00e9rias, sem quebrar o or\u00e7amento. No que diz respeito \u00e0 consola, \u00e9 importante estar ciente das restri\u00e7\u00f5es de compatibilidade antes de dar o passo em frente.<\/p>\n<p>O que me agrada particularmente \u00e9 a sensa\u00e7\u00e3o geral de solidez. Atreve-se mesmo a colocar as mudan\u00e7as sem medo de partir alguma coisa. A fun\u00e7\u00e3o dupla H+sequencial \u00e9 uma verdadeira vantagem nesta gama de pre\u00e7os e evita a necessidade de comprar dois dispositivos separados. A integra\u00e7\u00e3o no ecossistema MOZA tamb\u00e9m torna a vida mais f\u00e1cil, com um \u00fanico pacote de software, gest\u00e3o centralizada e uma apar\u00eancia consistente em todo o cockpit.<\/p>\n<p>Os limites s\u00e3o atingidos quando se come\u00e7a a procurar uma personaliza\u00e7\u00e3o muito avan\u00e7ada. As op\u00e7\u00f5es de ajuste mec\u00e2nico permanecem relativamente simples: n\u00e3o \u00e9 poss\u00edvel transformar tudo em termos de for\u00e7a e sensa\u00e7\u00e3o como nalgumas mudan\u00e7as ultra-premium. A est\u00e9tica tamb\u00e9m pode parecer um pouco s\u00f3bria ou \"utilit\u00e1ria\" para aqueles que gostam de pe\u00e7as visualmente muito marcantes. Por fim, a quest\u00e3o da compatibilidade com consolas e multiplataformas pode ser um obst\u00e1culo para os jogadores que alternam frequentemente entre o PC e a consola sem quererem ficar atolados com as liga\u00e7\u00f5es.<\/p>\n<p>Em termos de perce\u00e7\u00e3o de valor, este \u00e9 um investimento coerente. N\u00e3o \u00e9 uma compra por impulso, mas tem-se a sensa\u00e7\u00e3o de que se est\u00e1 a pagar por metal, mec\u00e2nica real e uma gama \u00fatil de modos. Para quem anda muito em H e sequencial, a rela\u00e7\u00e3o pre\u00e7o\/experi\u00eancia \u00e9 claramente interessante. Este \u00e9 tipicamente o tipo de produto que eleva o prazer de condu\u00e7\u00e3o a um n\u00edvel superior sem exigir uma mudan\u00e7a completa de configura\u00e7\u00e3o.<\/p>\n<h2>Veredicto<\/h2>\n<p>A alavanca de velocidades MOZA HGP traz algo muito real a uma configura\u00e7\u00e3o de simracing: uma pe\u00e7a mec\u00e2nica real que altera a forma como interage com o carro. \u00c9 um \u00f3timo substituto para as pequenas alavancas de velocidades engenhosas e, finalmente, d\u00e1-lhe a sensa\u00e7\u00e3o de ter uma caixa de velocidades adequada na ponta dos dedos. Para quem conduz muitos carros com caixa de velocidades manual, \u00e9 uma atualiza\u00e7\u00e3o que se sente desde as primeiras voltas e que continua a compensar a longo prazo.<\/p>\n<p>No mercado, est\u00e1 claramente posicionada como um produto s\u00f3lido de gama m\u00e9dia, mas com ambi\u00e7\u00f5es premium em termos de sensa\u00e7\u00e3o e durabilidade. N\u00e3o oferece necessariamente o mesmo n\u00edvel de personaliza\u00e7\u00e3o que as mudan\u00e7as topo de gama no mercado, mas oferece uma boa parte da mesma robustez e sensa\u00e7\u00e3o, a um pre\u00e7o que \u00e9 geralmente mais acess\u00edvel. \u00c9 um ponto de viragem interessante para aqueles que querem equipar-se seriamente sem ultrapassar o or\u00e7amento.<\/p>\n<p>Recomendo-o sem d\u00favida aos pilotos de simuladores de PC que j\u00e1 tenham alguma experi\u00eancia do jogo e que queiram acrescentar uma solu\u00e7\u00e3o H+sequencial fi\u00e1vel ao seu cockpit. Para quem s\u00f3 joga paletas numa consola, o interesse \u00e9 limitado. Se procura uma alavanca de velocidades met\u00e1lica s\u00f3lida e vers\u00e1til, capaz de o aproximar muito da sensa\u00e7\u00e3o de uma caixa real, este produto pode claramente fazer a diferen\u00e7a na sua configura\u00e7\u00e3o.<\/p>","protected":false},"excerpt":{"rendered":"<p>Esta alavanca de velocidades traz um ganho real em termos de sensa\u00e7\u00e3o e consist\u00eancia mec\u00e2nica, com uma sensa\u00e7\u00e3o s\u00f3lida e consistente que muda claramente a experi\u00eancia das caixas de velocidades manuais. Acima de tudo, faz sentido para os simuladores de PC que j\u00e1 t\u00eam algum equipamento e procuram uma H+sequencial fi\u00e1vel sem pretenderem ser ultra-premium. Globalmente, a rela\u00e7\u00e3o qualidade\/pre\u00e7o \u00e9 muito convincente.<\/p>","protected":false},"featured_media":101419,"comment_status":"open","ping_status":"closed","template":"","meta":{"_acf_changed":false,"_et_pb_use_builder":"","_et_pb_old_content":"","_et_gb_content_width":""},"product_brand":[165],"product_cat":[152],"product_tag":[149],"class_list":{"0":"post-101418","1":"product","2":"type-product","3":"status-publish","4":"has-post-thumbnail","6":"product_brand-moza-racing","7":"product_cat-levier-de-vitesse","8":"product_tag-pc","10":"first","11":"instock","12":"shipping-taxable","13":"product-type-external"},"acf":[],"_links":{"self":[{"href":"https:\/\/simracergear.com\/pt\/wp-json\/wp\/v2\/product\/101418","targetHints":{"allow":["GET"]}}],"collection":[{"href":"https:\/\/simracergear.com\/pt\/wp-json\/wp\/v2\/product"}],"about":[{"href":"https:\/\/simracergear.com\/pt\/wp-json\/wp\/v2\/types\/product"}],"replies":[{"embeddable":true,"href":"https:\/\/simracergear.com\/pt\/wp-json\/wp\/v2\/comments?post=101418"}],"wp:featuredmedia":[{"embeddable":true,"href":"https:\/\/simracergear.com\/pt\/wp-json\/wp\/v2\/media\/101419"}],"wp:attachment":[{"href":"https:\/\/simracergear.com\/pt\/wp-json\/wp\/v2\/media?parent=101418"}],"wp:term":[{"taxonomy":"product_brand","embeddable":true,"href":"https:\/\/simracergear.com\/pt\/wp-json\/wp\/v2\/product_brand?post=101418"},{"taxonomy":"product_cat","embeddable":true,"href":"https:\/\/simracergear.com\/pt\/wp-json\/wp\/v2\/product_cat?post=101418"},{"taxonomy":"product_tag","embeddable":true,"href":"https:\/\/simracergear.com\/pt\/wp-json\/wp\/v2\/product_tag?post=101418"}],"curies":[{"name":"wp","href":"https:\/\/api.w.org\/{rel}","templated":true}]}}