{"id":101430,"date":"2025-05-15T08:10:00","date_gmt":"2025-05-15T08:10:00","guid":{"rendered":"https:\/\/simracergear.com\/products\/moza-performance-kit-for-sr-p-lite\/"},"modified":"2025-11-28T05:27:24","modified_gmt":"2025-11-28T05:27:24","slug":"moza-performance-kit-for-sr-p-lite","status":"publish","type":"product","link":"https:\/\/simracergear.com\/pt\/products\/moza-performance-kit-for-sr-p-lite\/","title":{"rendered":"Kit de desempenho MOZA para SR-P Lite"},"content":{"rendered":"<h2>Kit de desempenho MOZA para SR-P Lite: atualiza\u00e7\u00e3o essencial ou gadget fixe?<\/h2>\n<p>O kit de desempenho MOZA para a SR-P Lite tem um objetivo muito espec\u00edfico: transformar a pedaleira SR-P Lite de n\u00edvel de entrada em algo mais s\u00e9rio para as corridas em simulador. N\u00e3o \u00e9 uma pedaleira nova, mas um kit de atualiza\u00e7\u00e3o mec\u00e2nica para melhorar a sensa\u00e7\u00e3o, a progressividade e o controlo, especialmente no pedal do trav\u00e3o.<\/p>\n<p>H\u00e1 uma raz\u00e3o simples para este kit ser t\u00e3o atrativo: o SR-P Lite \u00e9 frequentemente o primeiro pedaleiro comprado com um volante MOZA, e rapidamente se sentem as suas limita\u00e7\u00f5es assim que se come\u00e7a a pedalar a s\u00e9rio. O Performance Kit promete retificar esta situa\u00e7\u00e3o sem o obrigar a mudar todo o pedaleiro. Em suma, a ideia \u00e9 aproximar-se da sensa\u00e7\u00e3o de um pedaleiro mais avan\u00e7ado, a um custo reduzido.<\/p>\n<p>Pela minha parte, abordei a quest\u00e3o sob tr\u00eas \u00e2ngulos: qualidade de constru\u00e7\u00e3o (se se mant\u00e9m ao longo do tempo), precis\u00e3o de travagem e consist\u00eancia geral com o conjunto de pedaleira de base. O que mais me interessa aqui \u00e9 o verdadeiro valor acrescentado: o trav\u00e3o torna-se finalmente fi\u00e1vel volta ap\u00f3s volta, o pedal transmite melhor a ader\u00eancia e justifica o investimento em compara\u00e7\u00e3o com uma mudan\u00e7a completa do pedaleiro.<\/p>\n<p>Este \u00e9 um produto altamente direcionado, destinado \u00e0queles que querem levar o seu SR-P Lite para o pr\u00f3ximo n\u00edvel sem gastar muito. Resta saber se faz realmente a diferen\u00e7a na vida quotidiana.<\/p>\n<h2>Conce\u00e7\u00e3o e fabrico: um kit que solidifica o SR-P Lite<\/h2>\n<p>Visualmente e na m\u00e3o, o MOZA Performance Kit d\u00e1 imediatamente a impress\u00e3o de uma atualiza\u00e7\u00e3o s\u00e9ria. A maioria das pe\u00e7as \u00e9 de metal, com molas mais firmes e um m\u00f3dulo de elast\u00f3mero para o pedal do trav\u00e3o. Est\u00e1 muito longe do pl\u00e1stico leve utilizado em algumas pe\u00e7as do SR-P Lite: a sensa\u00e7\u00e3o geral, uma vez montado, \u00e9 mais densa e mais \"mec\u00e2nica\".<\/p>\n<p>O que chama imediatamente a aten\u00e7\u00e3o \u00e9 a rigidez extra, especialmente no pedal do trav\u00e3o. A folga parasita \u00e9 reduzida e o curso torna-se mais n\u00edtido e control\u00e1vel. O pedal j\u00e1 n\u00e3o d\u00e1 aquela impress\u00e3o de flex\u00e3o ligeiramente \"de brinquedo\" que o Lite pode ter na configura\u00e7\u00e3o de stock. Sente-se que a pedaleira \u00e9 mais capaz de suportar cargas pesadas, sem medo de se dobrar.<\/p>\n<p>As pe\u00e7as parecem ter sido corretamente maquinadas, as toler\u00e2ncias s\u00e3o limpas e os ajustes s\u00e3o feitos sem for\u00e7ar. N\u00e3o estamos ao n\u00edvel de um pedaleiro de metal topo de gama, mas para um kit de atualiza\u00e7\u00e3o, a rela\u00e7\u00e3o qualidade\/pre\u00e7o \u00e9 convincente. N\u00e3o h\u00e1 nada de barato no primeiro contacto e n\u00e3o h\u00e1 ru\u00eddos anormais depois de devidamente montado.<\/p>\n<p>O que \u00e9 um pouco dececionante \u00e9 o facto de n\u00e3o se tratar de uma transforma\u00e7\u00e3o radical de toda a pedaleira. A base continua a ser a do SR-P Lite, pelo que a constru\u00e7\u00e3o geral n\u00e3o se torna m\u00e1gica. Os trav\u00f5es foram significativamente melhorados e toda a unidade \u00e9 mais s\u00f3lida, mas n\u00e3o \u00e9 subitamente o equivalente a uma pedaleira de c\u00e9lula de carga premium.<\/p>\n<p>Em compara\u00e7\u00e3o com outros kits de atualiza\u00e7\u00e3o deste tipo, o da MOZA est\u00e1 bem posicionado: mais s\u00e9rio do que uma simples mola mais dura, mas menos extremo do que um kit de convers\u00e3o completo com uma c\u00e9lula de carga separada. \u00c9 um meio-termo deliberado, com o objetivo de melhorar as sensa\u00e7\u00f5es em vez de revolucionar.<\/p>\n<h2>Defini\u00e7\u00f5es, personaliza\u00e7\u00e3o e compatibilidade<\/h2>\n<p>O MOZA Performance Kit para SR-P Lite continua a ser um kit puramente mec\u00e2nico. Por isso, as adapta\u00e7\u00f5es consistem principalmente na montagem, na escolha dos componentes e na configura\u00e7\u00e3o no software MOZA Pit House com o pedaleiro ligado.<\/p>\n<p>No pedal do trav\u00e3o, h\u00e1 mais espa\u00e7o de manobra: um curso mais progressivo, a possibilidade de ajustar a dureza atrav\u00e9s da mola e do elast\u00f3mero e, sobretudo, um ponto de press\u00e3o mais claro no final do curso. O ajuste mais importante, na minha opini\u00e3o, \u00e9 feito no software: ajustar a curva e a sensibilidade do trav\u00e3o para tirar o melhor partido da nova sensa\u00e7\u00e3o. Uma vez instalado o kit, \u00e9 quase obrigat\u00f3rio recalibrar os pontos de refer\u00eancia.<\/p>\n<p>A curva de aprendizagem \u00e9 razo\u00e1vel. Demora algum tempo a habituarmo-nos \u00e0 nova resist\u00eancia dos trav\u00f5es, especialmente se viermos diretamente da SR-P Lite b\u00e1sica. Trava-se mais \"com o p\u00e9\" e menos \"a correr\". As primeiras voltas podem parecer desconcertantes, mas depressa se apanha o jeito, especialmente se se jogar regularmente.<\/p>\n<p>Em termos de compatibilidade, o kit foi obviamente concebido para a pedaleira MOZA SR-P Lite, e apenas para ela. Este \u00e9 um ponto importante: n\u00e3o se trata de um kit universal, n\u00e3o pode ser adaptado a outras pedaleiras. Por outro lado, quando a pedaleira \u00e9 ligada a um PC atrav\u00e9s do ecossistema MOZA, tudo se integra perfeitamente: configura\u00e7\u00f5es na Pit House, perfis por jogo, calibra\u00e7\u00e3o simples.<\/p>\n<p>Numa consola, a situa\u00e7\u00e3o depende da configura\u00e7\u00e3o geral (base MOZA, modo utilizado, compatibilidade da pedaleira atrav\u00e9s da base). O kit em si n\u00e3o altera nada em termos de compatibilidade eletr\u00f3nica, uma vez que n\u00e3o afecta a eletr\u00f3nica do SR-P Lite. Melhora a sensa\u00e7\u00e3o, n\u00e3o as liga\u00e7\u00f5es.<\/p>\n<p>Em termos de possibilidade de atualiza\u00e7\u00e3o, este kit \u00e9 mais um passo interm\u00e9dio. \u00c9 claramente mais s\u00e9rio do que o SR-P Lite de origem e pode ser suficiente para um m\u00fasico interm\u00e9dio durante muito tempo. Para um simulador muito exigente, continua a ser um ponto de entrada para uma pedaleira mais sofisticada a longo prazo.<\/p>\n<h2>Sensa\u00e7\u00f5es em jogo: uma travagem finalmente control\u00e1vel<\/h2>\n<p>Onde o MOZA Performance Kit faz realmente a diferen\u00e7a \u00e9 no pedal do trav\u00e3o. Na pista, sente-se imediatamente que o curso \u00e9 mais progressivo, com um aumento mais natural da resist\u00eancia. Passamos de um pedal bastante linear e ligeiramente suave para algo que faz lembrar mais um trav\u00e3o de \"press\u00e3o\" do que um trav\u00e3o de \"dist\u00e2ncia\".<\/p>\n<p>Quando se est\u00e1 a travar a fundo, sente-se muito mais confiante. Podemos carregar o pedal com mais for\u00e7a sem medo de esmagar tudo ou de soltar o trav\u00e3o de forma demasiado brusca. A zona \u00fatil de travagem torna-se mais ampla: h\u00e1 mais detalhes no que o p\u00e9 sente, mais nuances entre travar a 60 % e a 90 %. \u00c9 mais f\u00e1cil perceber o que o carro est\u00e1 a fazer no in\u00edcio de uma curva.<\/p>\n<p>No que respeita \u00e0 leitura do grip, a diferen\u00e7a \u00e9 sobretudo psicol\u00f3gica e mec\u00e2nica. O pedaleiro original n\u00e3o envia informa\u00e7\u00f5es de for\u00e7a como um sistema avan\u00e7ado de c\u00e9lula de carga, mas o facto de ter um curso mais duro e um ponto de resist\u00eancia mais pronunciado ajuda enormemente a estabilizar o ponto de travagem. \u00c9 mais f\u00e1cil estabelecer uma for\u00e7a de pedalada repet\u00edvel, o que faz toda a diferen\u00e7a para a consist\u00eancia, volta ap\u00f3s volta.<\/p>\n<p>Ao inclinar-se para as curvas, quando se solta o trav\u00e3o, a transi\u00e7\u00e3o torna-se mais control\u00e1vel. Pode soltar o trav\u00e3o mais gradualmente, jogando com a transfer\u00eancia de carga sem \"saltar\" de 30 para 0 % de uma s\u00f3 vez. O autom\u00f3vel mant\u00e9m-se mais previs\u00edvel. Isto \u00e9 particularmente not\u00f3rio em carros sem ABS ou em simuladores mais exigentes.<\/p>\n<p>Nos vibradores, como \u00e9 \u00f3bvio, os pedais n\u00e3o transmitem as vibra\u00e7\u00f5es como um volante de tra\u00e7\u00e3o direta, mas sente-se melhor o impacto da travagem no comportamento do carro quando se sobe uma berma agressiva. Sabe-se mais rapidamente se se deixou travar demasiado ou se se pode reabrir ligeiramente. N\u00e3o s\u00e3o os pedais que \"falam\", \u00e9 a regularidade da nossa press\u00e3o que nos d\u00e1 uma melhor ideia de como o chassis est\u00e1 a reagir.<\/p>\n<p>Em longas sess\u00f5es, a consist\u00eancia \u00e9 melhor. O antigo trav\u00e3o da Lite tinha tend\u00eancia a encorajar-nos a travar demasiado fundo ou a compensar por h\u00e1bito e n\u00e3o por sensa\u00e7\u00e3o. Com o kit, o m\u00fasculo memoriza uma for\u00e7a de press\u00e3o mais clara. Cansa-se um pouco mais fisicamente, especialmente se travar com for\u00e7a suficiente, mas ganha-se em repetibilidade. Os tempos por volta tornam-se mais est\u00e1veis e os erros de travagem s\u00e3o reduzidos.<\/p>\n<p>Durante as correc\u00e7\u00f5es r\u00e1pidas, quando se tem de soltar o trav\u00e3o muito rapidamente para evitar o in\u00edcio de um atolamento, ter um curso mais firme permite ser mais honesto. N\u00e3o se \"solta em excesso\", \u00e9 poss\u00edvel gerir a modula\u00e7\u00e3o com mais precis\u00e3o. \u00c9 subtil, mas quando se est\u00e1 a conduzir, sente-se que se est\u00e1 a recuperar mais das situa\u00e7\u00f5es limite.<\/p>\n<p>Em compara\u00e7\u00e3o com um pedaleiro de entrada sem este tipo de kit, a diferen\u00e7a \u00e9 clara: a travagem torna-se uma ferramenta precisa em vez de um interrutor melhorado. Em compara\u00e7\u00e3o com uma pedaleira de gama alta com um verdadeiro sensor de press\u00e3o dedicado, ainda estamos muito longe em termos de pura delicadeza de sinal e realismo final. Mas estamos claramente a aproximar-nos desta filosofia de travagem por press\u00e3o, por uma fra\u00e7\u00e3o do pre\u00e7o.<\/p>\n<p>Em termos de imers\u00e3o geral, este kit oferece exatamente o que se espera de uma boa atualiza\u00e7\u00e3o: mais controlo, mais confian\u00e7a e menos momentos em que se culpa o hardware quando se erra. Temos a impress\u00e3o de que o carro obedece mais diretamente aos nossos p\u00e9s direito e esquerdo, especialmente no limite. \u00c9 a\u00ed que a experi\u00eancia de jogo muda realmente.<\/p>\n<h2>A quem se destina? O que gostamos e o que n\u00e3o gostamos<\/h2>\n<p>O kit de desempenho MOZA para SR-P Lite destina-se principalmente a um perfil muito espec\u00edfico: utilizadores motivados da pedaleira SR-P Lite que come\u00e7am a procurar consist\u00eancia nas corridas ou nos campeonatos online. N\u00e3o necessariamente um piloto profissional de simuladores, mas algu\u00e9m que se sente claramente limitado pelo trav\u00e3o original. Tipicamente um jogador de PC, mas que ainda tem interesse numa configura\u00e7\u00e3o de consola, desde que o SR-P Lite seja utilizado.<\/p>\n<p>O que se aprecia imediatamente \u00e9 o maior controlo sobre a travagem. \u00c9 poss\u00edvel utilizar o pedal ao mil\u00edmetro, especialmente depois de ter encontrado as suas defini\u00e7\u00f5es no software. Tamb\u00e9m gostamos da sensa\u00e7\u00e3o de robustez do pedaleiro: j\u00e1 n\u00e3o nos atrevemos a apoiar-nos nele e paramos de travar suavemente com medo de partir. Por fim, a rela\u00e7\u00e3o qualidade\/pre\u00e7o \u00e9 interessante: com um investimento razo\u00e1vel, aproxima-se da sensa\u00e7\u00e3o de uma pedaleira muito mais cara, sobretudo para um utilizador que n\u00e3o quer mudar j\u00e1 todas as suas mudan\u00e7as.<\/p>\n<p>Por outro lado, existem limita\u00e7\u00f5es claras. A primeira \u00e9 o facto de continuarmos dependentes da base SR-P Lite. \u00c9 uma melhoria, mas n\u00e3o altera a natureza fundamental da pedaleira. Aqueles que esperam um \"milagre\" sob a forma de uma pedaleira topo de gama v\u00e3o provavelmente ficar um pouco desiludidos. O segundo \u00e9 o aspeto puramente mec\u00e2nico do kit: nenhuma altera\u00e7\u00e3o na eletr\u00f3nica, nenhuma sensa\u00e7\u00e3o real de um sensor de press\u00e3o dedicado, portanto um teto de desempenho que ainda existe. Por fim, trata-se de um produto muito espec\u00edfico: se n\u00e3o tiver uma SR-P Lite, este kit n\u00e3o tem qualquer interesse e a quest\u00e3o da atualiza\u00e7\u00e3o ou da escolha de uma pedaleira melhor coloca-se rapidamente.<\/p>\n<p>Em termos de investimento, o Performance Kit \u00e9 claramente uma compra inteligente para prolongar a vida \u00fatil da sua pedaleira atual. \u00c9 uma forma de adiar a necessidade de atualizar para um modelo mais caro, ao mesmo tempo que se obt\u00e9m um ganho real em termos de desempenho e prazer. Para algu\u00e9m que quer otimizar o seu or\u00e7amento sem sacrificar a sensa\u00e7\u00e3o, o compromisso faz sentido.<\/p>\n<h2>Veredicto: uma atualiza\u00e7\u00e3o que faz sentido... para o perfil certo<\/h2>\n<p>O kit de desempenho MOZA para o SR-P Lite n\u00e3o vai transformar a sua configura\u00e7\u00e3o de cima a baixo, mas vai mudar uma coisa essencial: a qualidade da sua travagem. E nas corridas simuladas, \u00e9 muitas vezes a\u00ed que tudo se resume. O pedaleiro torna-se mais consistente, mais firme e mais preciso, ao ponto de j\u00e1 n\u00e3o teres a impress\u00e3o de ser o \"elo fraco\" numa configura\u00e7\u00e3o MOZA de n\u00edvel b\u00e1sico ou m\u00e9dio.<\/p>\n<p>No mercado, este kit \u00e9 um produto inteligente de gama m\u00e9dia: mais s\u00e9rio do que uma simples afina\u00e7\u00e3o de molas, menos radical do que uma mudan\u00e7a completa de pedaleira. \u00c9 um ponto de viragem interessante para quem ainda n\u00e3o quer mudar para um pedaleiro premium, mas que come\u00e7a a sentir as limita\u00e7\u00f5es do seu equipamento de origem.<\/p>\n<p>Recomendo-o claramente aos utilizadores de SR-P Lite que pedalam regularmente, que procuram melhorar os seus tempos e que querem estabilizar a sua travagem sem ter de refazer toda a sua configura\u00e7\u00e3o. Por outro lado, se j\u00e1 est\u00e1 a pensar em fazer um upgrade para uma pedaleira muito mais sofisticada, ou se ainda n\u00e3o tem uma SR-P Lite, o c\u00e1lculo ser\u00e1 diferente.<\/p>\n<p>Se pretende tornar o seu trav\u00e3o MOZA SR-P Lite preciso, s\u00f3lido e fi\u00e1vel volta ap\u00f3s volta, este Performance Kit pode fazer toda a diferen\u00e7a na sua configura\u00e7\u00e3o.<\/p>","protected":false},"excerpt":{"rendered":"<p>Este kit deu-me a sensa\u00e7\u00e3o de transformar o trav\u00e3o do SR-P Lite numa ferramenta fi\u00e1vel e consistente, com um verdadeiro ganho de controlo e de consist\u00eancia. Destina-se sobretudo a simracers j\u00e1 equipados com uma SR-P Lite, que andam regularmente e sentem que o trav\u00e3o original os limita. Para este perfil, a rela\u00e7\u00e3o custo\/benef\u00edcio \u00e9 claramente relevante.<\/p>","protected":false},"featured_media":101431,"comment_status":"open","ping_status":"closed","template":"","meta":{"_acf_changed":false,"_et_pb_use_builder":"","_et_pb_old_content":"","_et_gb_content_width":""},"product_brand":[165],"product_cat":[153],"product_tag":[149],"class_list":{"0":"post-101430","1":"product","2":"type-product","3":"status-publish","4":"has-post-thumbnail","6":"product_brand-moza-racing","7":"product_cat-accessoires","8":"product_tag-pc","10":"first","11":"instock","12":"shipping-taxable","13":"product-type-external"},"acf":[],"_links":{"self":[{"href":"https:\/\/simracergear.com\/pt\/wp-json\/wp\/v2\/product\/101430","targetHints":{"allow":["GET"]}}],"collection":[{"href":"https:\/\/simracergear.com\/pt\/wp-json\/wp\/v2\/product"}],"about":[{"href":"https:\/\/simracergear.com\/pt\/wp-json\/wp\/v2\/types\/product"}],"replies":[{"embeddable":true,"href":"https:\/\/simracergear.com\/pt\/wp-json\/wp\/v2\/comments?post=101430"}],"wp:featuredmedia":[{"embeddable":true,"href":"https:\/\/simracergear.com\/pt\/wp-json\/wp\/v2\/media\/101431"}],"wp:attachment":[{"href":"https:\/\/simracergear.com\/pt\/wp-json\/wp\/v2\/media?parent=101430"}],"wp:term":[{"taxonomy":"product_brand","embeddable":true,"href":"https:\/\/simracergear.com\/pt\/wp-json\/wp\/v2\/product_brand?post=101430"},{"taxonomy":"product_cat","embeddable":true,"href":"https:\/\/simracergear.com\/pt\/wp-json\/wp\/v2\/product_cat?post=101430"},{"taxonomy":"product_tag","embeddable":true,"href":"https:\/\/simracergear.com\/pt\/wp-json\/wp\/v2\/product_tag?post=101430"}],"curies":[{"name":"wp","href":"https:\/\/api.w.org\/{rel}","templated":true}]}}