{"id":101440,"date":"2025-05-15T08:10:00","date_gmt":"2025-05-15T08:10:00","guid":{"rendered":"https:\/\/simracergear.com\/products\/moza-r12-fsr-formula-wheel-hub-kit-bundle\/"},"modified":"2025-11-28T05:29:18","modified_gmt":"2025-11-28T05:29:18","slug":"moza-r12-fsr-formula-wheel-hub-kit-bundle","status":"publish","type":"product","link":"https:\/\/simracergear.com\/pt\/products\/moza-r12-fsr-formula-wheel-hub-kit-bundle\/","title":{"rendered":"Conjunto de rodas e cubos MOZA R12 e FSR Formula"},"content":{"rendered":"<h2>MOZA R12 &amp; FSR Formula Wheel &amp; Hub Kit: um pacote de corrida simulada a s\u00e9rio<\/h2>\n<p>O kit de rodas e cubos MOZA R12 &amp; FSR Formula est\u00e1 claramente posicionado no centro do mercado de transmiss\u00e3o direta para pilotos de simuladores exigentes, mas n\u00e3o necessariamente profissionais. N\u00e3o estamos a falar de uma base de \"descoberta\" ou de um monstro de gama alta: estamos na fase em que a precis\u00e3o, consist\u00eancia e qualidade de acabamento come\u00e7am realmente a mudar tudo numa configura\u00e7\u00e3o.<\/p>\n<p>Esta combina\u00e7\u00e3o promete tr\u00eas coisas: um motor Diret Drive suficientemente potente para sentir tudo sem ser incontrol\u00e1vel, um volante monolugar completo e um hub r\u00e1pido que facilita a vida quotidiana. A ideia \u00e9 simples: oferecer um pacote coerente para quem quer dar um claro passo em frente na imers\u00e3o e no controlo, sem se perder em dez refer\u00eancias distintas.<\/p>\n<p>Por isso, o meu \u00e2ngulo \u00e9 duplo: por um lado, a sensa\u00e7\u00e3o de condu\u00e7\u00e3o e a delicadeza do force feedback e, por outro, a coer\u00eancia global do conjunto para uma utiliza\u00e7\u00e3o regular, seja num campeonato, numa pr\u00e1tica intensiva ou em sess\u00f5es mais ocasionais mas exigentes. O objetivo n\u00e3o \u00e9 descobrir se \u00e9 \"suficientemente bom\" para os principiantes, mas sim se \u00e9 capaz de acompanhar o ritmo quando se come\u00e7a a pedalar com for\u00e7a, durante muito tempo e em simuladores mais exigentes.<\/p>\n<h2>Conce\u00e7\u00e3o, fabrico e manuseamento<\/h2>\n<p>A base R12 d\u00e1 uma impress\u00e3o imediata de densidade. O chassis met\u00e1lico inspira confian\u00e7a, com arestas limpas e superf\u00edcies cuidadosamente tratadas. Na m\u00e3o, sente-se um bloco compacto e r\u00edgido, sem qualquer folga parasita. Este \u00e9 claramente um design que foi concebido para ser restringido a um cockpit s\u00e9rio sem se dobrar ao primeiro sinal de stress.<\/p>\n<p>O volante FSR Formula continua nesta linha. Estrutura em alum\u00ednio, carbono vis\u00edvel, punhos revestidos com uma ader\u00eancia firme mas n\u00e3o agressiva. Na m\u00e3o, a sensa\u00e7\u00e3o \u00e9 pr\u00f3xima da de um verdadeiro volante moderno de um monolugar: tamanho contido, forma achatada, muitos controlos concentrados numa superf\u00edcie pequena. As patilhas de mudan\u00e7a de velocidades fazem um clique limpo e n\u00edtido, com um feedback claro. Tem-se a sensa\u00e7\u00e3o de que foram concebidas para resistir a mudan\u00e7as repetidas sem vacilar.<\/p>\n<p>O que se destaca imediatamente \u00e9 a montagem geral: alinhamento limpo, nenhum ru\u00eddo estranho ao manusear a montagem, nenhuma flex\u00e3o percet\u00edvel entre o cubo de aperto r\u00e1pido e a base. O aperto r\u00e1pido do MOZA \u00e9 um dos mais convincentes desta gama: engate firme, sem folga lateral depois de bloqueado. Pode for\u00e7ar o volante para baixo sem sentir qualquer micro-movimento desagrad\u00e1vel.<\/p>\n<p>Onde pode ser um pouco dececionante \u00e9 em termos de puro \"luxo\". Os materiais s\u00e3o muito bons, mas ainda estamos ligeiramente atr\u00e1s de alguns volantes muito premium em termos de bot\u00f5es, cliques rotativos e a sensa\u00e7\u00e3o de uma \"joia mec\u00e2nica\". \u00c9 robusto e muito bem feito, mas fica-se com a sensa\u00e7\u00e3o de que o foco est\u00e1 mais na funcionalidade do que no espet\u00e1culo.<\/p>\n<p>Comparado com outros pacotes Diret Drive de pot\u00eancia compar\u00e1vel, o pacote MOZA R12 &amp; FSR est\u00e1 claramente no topo da gama em termos de constru\u00e7\u00e3o. Est\u00e1 acima do n\u00edvel de entrada e n\u00e3o est\u00e1 longe do melhor na gama m\u00e9dia avan\u00e7ada.<\/p>\n<h2>Defini\u00e7\u00f5es, personaliza\u00e7\u00e3o e compatibilidade<\/h2>\n<p>Em termos de software, o ecossistema MOZA baseia-se num software interno relativamente claro e orientado para o perfil. Pode encontrar rapidamente as principais defini\u00e7\u00f5es b\u00e1sicas: for\u00e7a total, filtros, amortecimento, fric\u00e7\u00e3o e resposta de pormenor. As predefini\u00e7\u00f5es b\u00e1sicas para os grandes simuladores actuais permitem-lhe come\u00e7ar sem se afogar, mas h\u00e1 profundidade suficiente para refinar as defini\u00e7\u00f5es se quiser afinar at\u00e9 \u00e0 percentagem mais pr\u00f3xima.<\/p>\n<p>O interessante \u00e9 que a curva de aprendizagem permanece razo\u00e1vel. N\u00e3o \u00e9 necess\u00e1rio compreender todos os par\u00e2metros de uma s\u00f3 vez. Alguns ajustes simples s\u00e3o suficientes para adaptar a sensa\u00e7\u00e3o: aumentar ou diminuir a for\u00e7a, suavizar ligeiramente o retorno nos ressaltos, afinar a resist\u00eancia no centro. Para quem vem de um cinto ou de uma base de n\u00edvel b\u00e1sico, a adapta\u00e7\u00e3o \u00e9 bastante simples.<\/p>\n<p>O volante FSR acrescenta uma camada de personaliza\u00e7\u00e3o com os seus m\u00faltiplos bot\u00f5es, rotores e interruptores. Para utiliza\u00e7\u00e3o em monolugares ou proto, pode atribuir facilmente tudo o que precisa: mistura de combust\u00edvel, equil\u00edbrio dos trav\u00f5es, controlo de tra\u00e7\u00e3o, mapa do motor, r\u00e1dio, etc. Os controlos rotativos s\u00e3o f\u00e1ceis de utilizar e n\u00e3o \u00e9 necess\u00e1rio largar completamente o volante. Torna os ajustes da corrida muito naturais.<\/p>\n<p>A compatibilidade est\u00e1 claramente direcionada para o PC. As grandes simula\u00e7\u00f5es s\u00e3o bem geridas, com um suporte FFB completo e est\u00e1vel. Nas consolas, a quest\u00e3o depender\u00e1 principalmente do suporte global do MOZA em cada momento e das limita\u00e7\u00f5es de cada plataforma, mas este pacote \u00e9 particularmente relevante para os jogadores de PC, com um cockpit r\u00edgido ou, pelo menos, um suporte s\u00f3lido.<\/p>\n<p>O ecossistema MOZA j\u00e1 est\u00e1 bem estabelecido, com outros volantes, pedais, trav\u00f5es de m\u00e3o, man\u00edpulos de mudan\u00e7as e pain\u00e9is de instrumentos compat\u00edveis. O R12 pode facilmente tornar-se a base de um ecossistema completo e em evolu\u00e7\u00e3o. Pode come\u00e7ar com este FSR para a parte de monolugar \/ GT moderno e, mais tarde, acrescentar um volante GT redondo ou um volante de rali, conforme desejar. Em termos de vida \u00fatil, a base tem claramente o potencial para suportar v\u00e1rias configura\u00e7\u00f5es sucessivas sem ficar rapidamente desactualizada.<\/p>\n<h2>As sensa\u00e7\u00f5es em jogo: o cora\u00e7\u00e3o do feixe<\/h2>\n<p>A primeira coisa que se destaca na pista \u00e9 a precis\u00e3o do force feedback. O R12 n\u00e3o \u00e9 o carro mais violento do mercado, mas oferece bin\u00e1rio mais do que suficiente para transmitir tudo o que acontece aos pneus. A dire\u00e7\u00e3o assenta naturalmente, sem um ponto morto difuso. Sente-se muito rapidamente a transi\u00e7\u00e3o da ader\u00eancia para o in\u00edcio do deslizamento.<\/p>\n<p>Nas curvas, a linearidade do bin\u00e1rio \u00e9 muito apreci\u00e1vel. O aumento da resist\u00eancia da dire\u00e7\u00e3o acompanha logicamente a carga sobre o eixo dianteiro. Pode controlar o seu \u00e2ngulo com muita confian\u00e7a e, sobretudo, antecipar qualquer perda de ader\u00eancia. Em compara\u00e7\u00e3o com uma base acionada por correia com uma pot\u00eancia mais modesta, a diferen\u00e7a \u00e9 sobretudo uma quest\u00e3o de delicadeza: n\u00e3o se sente apenas \"p\u00e1ra\", mas \"come\u00e7a a parar\" alguns d\u00e9cimos de segundo mais cedo. E \u00e9 a\u00ed que a base muda realmente a experi\u00eancia.<\/p>\n<p>As leituras de ader\u00eancia s\u00e3o muito limpas. Em simuladores de alta precis\u00e3o, \u00e9 poss\u00edvel sentir as micro-varia\u00e7\u00f5es na ader\u00eancia \u00e0 entrada da curva, durante as fases de transfer\u00eancia de massa e ao travar com uma ligeira for\u00e7a descendente. O volante FSR, que \u00e9 mais compacto e firme do que um volante GT largo, refor\u00e7a esta sensa\u00e7\u00e3o de precis\u00e3o. Os movimentos do volante s\u00e3o curtos, o feedback \u00e9 instant\u00e2neo e as correc\u00e7\u00f5es podem ser feitas rapidamente, sem for\u00e7ar.<\/p>\n<p>Relativamente aos vibradores, o R12 oferece um compromisso muito bom. As vibra\u00e7\u00f5es s\u00e3o limpas e bem definidas, sem se tornarem num zumbido artificial. As grandes arestas da pista est\u00e3o bem marcadas, e \u00e9 poss\u00edvel sentir quando se morde um pouco demais e o carro fica desequilibrado. O FFB n\u00e3o satura demasiado depressa e continua a haver uma margem de controlo, mesmo quando se ultrapassam os limites da pista.<\/p>\n<p>Nas correc\u00e7\u00f5es r\u00e1pidas, o motor acompanha-o sem vacilar. Um bloqueio da traseira em tra\u00e7\u00e3o traseira \u00e9 facilmente resolvido: o volante regressa com for\u00e7a suficiente para guiar a contra-dire\u00e7\u00e3o, mas n\u00e3o ao ponto de arrancar os bra\u00e7os. Em sequ\u00eancias do tipo chicane ou em deslizamento ligeiro controlado, a base permanece leg\u00edvel. Percebe-se imediatamente o que o carro est\u00e1 a fazer.<\/p>\n<p>Durante longas sess\u00f5es, a consist\u00eancia est\u00e1 na ordem do dia. N\u00e3o \u00e9 percet\u00edvel qualquer aumento de temperatura que enfraque\u00e7a o bin\u00e1rio, nem qualquer desvio na sensa\u00e7\u00e3o do centro. A fadiga sentida depender\u00e1 sobretudo da for\u00e7a total escolhida. Na pot\u00eancia m\u00e1xima, pode tornar-se f\u00edsico ao longo de uma hora de funcionamento, mas muitas vezes \u00e9 suficiente reduzir um pouco o bin\u00e1rio para encontrar um equil\u00edbrio muito bom entre conforto e imers\u00e3o.<\/p>\n<p>Face a uma base mais potente e verdadeiramente topo de gama, o R12 fica logicamente um pouco atr\u00e1s em termos de brutalidade m\u00e1xima e de reserva de bin\u00e1rio. Mas numa utiliza\u00e7\u00e3o realista para os pilotos de simuladores do 95 %, ele satisfaz plenamente as necessidades. J\u00e1 estamos a beneficiar das principais qualidades do Diret Drive: detalhes finos, sem correia, dire\u00e7\u00e3o reactiva, reserva de pot\u00eancia suficiente para todos os carros GT e monolugares em condi\u00e7\u00f5es razo\u00e1veis.<\/p>\n<p>A imers\u00e3o geral deve-se tanto \u00e0 base como ao FSR. O formato do volante, o ecr\u00e3 integrado e os m\u00faltiplos controlos na ponta dos dedos contribuem para a sensa\u00e7\u00e3o de estar num monolugar moderno. Rapidamente nos sentimos \"em casa\", com uma liga\u00e7\u00e3o clara entre o que vemos no ecr\u00e3 e o que sentimos nas nossas m\u00e3os.<\/p>\n<h2>A quem se destina? E o que gostamos \/ n\u00e3o gostamos<\/h2>\n<p>Este pacote destina-se sobretudo a pilotos de simuladores motivados, interm\u00e9dios a avan\u00e7ados, que conduzem principalmente no PC e gostam de monolugares, prot\u00f3tipos e carros GT modernos. Um principiante realmente motivado pode entrar diretamente, mas ter\u00e1 de aceitar um certo tempo para se familiarizar com um Diret Drive e um volante de monolugar. Para os jogadores muito casuais ou puramente de consola, n\u00e3o \u00e9 claramente a escolha mais f\u00e1cil.<\/p>\n<p>O que mais aprecio \u00e9 o equil\u00edbrio entre pot\u00eancia e controlo. A R12 oferece bin\u00e1rio suficiente para uma sensa\u00e7\u00e3o de seriedade, mas mant\u00e9m-se utiliz\u00e1vel no dia a dia, sem tornar cada sess\u00e3o cansativa. Em segundo lugar, a qualidade geral de constru\u00e7\u00e3o do conjunto inspira confian\u00e7a: base robusta, volante bem acabado, cubo r\u00e1pido fi\u00e1vel, tudo se encaixa. Finalmente, a consist\u00eancia do ecossistema MOZA significa que pode ser utilizado como um verdadeiro centro de configura\u00e7\u00e3o atualiz\u00e1vel, com a adi\u00e7\u00e3o de volantes, pedais e acess\u00f3rios, todos com a mesma l\u00f3gica.<\/p>\n<p>Mas h\u00e1 limites. O volante do FSR, com o seu formato monolugar, n\u00e3o \u00e9 o mais vers\u00e1til se fizer muitos ralis, drifting ou condu\u00e7\u00e3o de carros cl\u00e1ssicos: um volante redondo seria mais natural. A integra\u00e7\u00e3o na consola continua a ser mais limitada do que a de alguns dos concorrentes mais estabelecidos neste segmento, o que reduz o interesse se n\u00e3o estiver num PC. Outro ponto: embora a qualidade seja muito boa, tem-se a sensa\u00e7\u00e3o de que certos pormenores de acabamento (rotores, cliques de certos bot\u00f5es) ainda n\u00e3o est\u00e3o ao n\u00edvel de pacotes ultra-premium muito mais caros.<\/p>\n<p>Em termos de valor, este pacote \u00e9 um investimento s\u00e9rio mas coerente. Est\u00e1 a pagar por um verdadeiro passo em frente em termos de qualidade em compara\u00e7\u00e3o com as bases de n\u00edvel b\u00e1sico com transmiss\u00e3o por correia ou Diret Drive, sem cair nos pre\u00e7os excessivos das bases muito grandes. Para algu\u00e9m que quer dar um passo em frente e mant\u00ea-lo durante v\u00e1rios anos, a rela\u00e7\u00e3o desempenho\/pre\u00e7o \u00e9 s\u00f3lida.<\/p>\n<h2>Veredicto: o que \u00e9 que o MOZA R12 &amp; FSR muda realmente numa configura\u00e7\u00e3o?<\/h2>\n<p>Numa configura\u00e7\u00e3o de corrida simulada, este conjunto leva a dire\u00e7\u00e3o para outra categoria. Obt\u00e9m-se uma maior precis\u00e3o, um force feedback mais limpo e consist\u00eancia ao longo do tempo. O volante FSR ancora claramente o pacote num mundo moderno de monolugares \/ GT, com um verdadeiro conforto de pilotagem e gest\u00e3o das defini\u00e7\u00f5es de corrida gra\u00e7as aos numerosos controlos.<\/p>\n<p>O kit de rodas e cubos MOZA R12 &amp; FSR Formula ocupa uma posi\u00e7\u00e3o-chave no mercado: uma transmiss\u00e3o direta de gama m\u00e9dia\/alta capaz de satisfazer um amplo espetro de pilotos de simula\u00e7\u00e3o s\u00e9rios, sem entrar no nicho da gama ultra-alta. N\u00e3o se trata de um produto de entrada de gama, nem de um brinquedo, nem de um produto elitista reservado a alguns entusiastas abastados.<\/p>\n<p>Recomendo-o a quem conduz principalmente no PC, com um cockpit r\u00edgido ou s\u00f3lido, e que queira realmente envolver-se em corridas de simula\u00e7\u00e3o modernas: F1, LMP, GT3\/GT4, tempos de campeonato, corridas de resist\u00eancia. Para os utilizadores apenas de consola que s\u00e3o muito vers\u00e1teis ou orientados para a \"divers\u00e3o\" do rali, outras op\u00e7\u00f5es, com um volante mais redondo e uma compatibilidade mais ampla, podem ser mais adequadas.<\/p>\n<p>Se procura um pacote Diret Drive s\u00e9rio, capaz de lhe oferecer uma sensa\u00e7\u00e3o limpa, um verdadeiro ganho de controlo e uma base s\u00f3lida a partir da qual pode desenvolver a sua configura\u00e7\u00e3o, este produto pode claramente fazer a diferen\u00e7a na sua configura\u00e7\u00e3o.&lt;\/final<\/p>","protected":false},"excerpt":{"rendered":"<p>Este pacote deu-me a sensa\u00e7\u00e3o de ter atingido um verdadeiro marco em termos de precis\u00e3o, legibilidade do punho e consist\u00eancia, sem entrar em f\u00edsica extrema ou em engenhocas. Acima de tudo, faz sentido para os pilotos de simuladores de PC j\u00e1 empenhados, com cockpits r\u00edgidos, que correm principalmente com carros F1\/GT modernos. O pacote completo oferece um bom equil\u00edbrio entre investimento, imers\u00e3o e margem para melhorias.<\/p>","protected":false},"featured_media":101441,"comment_status":"open","ping_status":"closed","template":"","meta":{"_acf_changed":false,"_et_pb_use_builder":"","_et_pb_old_content":"","_et_gb_content_width":""},"product_brand":[165],"product_cat":[161],"product_tag":[],"class_list":{"0":"post-101440","1":"product","2":"type-product","3":"status-publish","4":"has-post-thumbnail","6":"product_brand-moza-racing","7":"product_cat-volant","9":"first","10":"instock","11":"shipping-taxable","12":"product-type-external"},"acf":[],"_links":{"self":[{"href":"https:\/\/simracergear.com\/pt\/wp-json\/wp\/v2\/product\/101440","targetHints":{"allow":["GET"]}}],"collection":[{"href":"https:\/\/simracergear.com\/pt\/wp-json\/wp\/v2\/product"}],"about":[{"href":"https:\/\/simracergear.com\/pt\/wp-json\/wp\/v2\/types\/product"}],"replies":[{"embeddable":true,"href":"https:\/\/simracergear.com\/pt\/wp-json\/wp\/v2\/comments?post=101440"}],"wp:featuredmedia":[{"embeddable":true,"href":"https:\/\/simracergear.com\/pt\/wp-json\/wp\/v2\/media\/101441"}],"wp:attachment":[{"href":"https:\/\/simracergear.com\/pt\/wp-json\/wp\/v2\/media?parent=101440"}],"wp:term":[{"taxonomy":"product_brand","embeddable":true,"href":"https:\/\/simracergear.com\/pt\/wp-json\/wp\/v2\/product_brand?post=101440"},{"taxonomy":"product_cat","embeddable":true,"href":"https:\/\/simracergear.com\/pt\/wp-json\/wp\/v2\/product_cat?post=101440"},{"taxonomy":"product_tag","embeddable":true,"href":"https:\/\/simracergear.com\/pt\/wp-json\/wp\/v2\/product_tag?post=101440"}],"curies":[{"name":"wp","href":"https:\/\/api.w.org\/{rel}","templated":true}]}}