{"id":101492,"date":"2025-05-15T08:11:00","date_gmt":"2025-05-15T08:11:00","guid":{"rendered":"https:\/\/simracergear.com\/products\/moza-r5-wheelbase\/"},"modified":"2025-11-28T05:34:24","modified_gmt":"2025-11-28T05:34:24","slug":"moza-r5-wheelbase","status":"publish","type":"product","link":"https:\/\/simracergear.com\/pt\/products\/moza-r5-wheelbase\/","title":{"rendered":"MOZA R5 Dist\u00e2ncia entre eixos"},"content":{"rendered":"<h2>MOZA R5: o verdadeiro ponto de entrada para o Diret Drive?<\/h2>\n<p>Na categoria das pequenas placas de base Diret Drive, o MOZA R5 estabeleceu-se rapidamente como uma refer\u00eancia de \"or\u00e7amento s\u00e9rio\". Destina-se claramente \u00e0queles que querem afastar-se dos volantes de in\u00e9rcia acionados por correia ou engrenagens, sem querer um monstro de pot\u00eancia ou quebrar o or\u00e7amento. No papel, promete um FFB limpo, preciso e compacto, com um ecossistema j\u00e1 bem estabelecido \u00e0 sua volta.<\/p>\n<p>O atrativo reside nesta rara combina\u00e7\u00e3o: um tamanho muito compacto, bin\u00e1rio suficiente para ser imersivo, defini\u00e7\u00f5es de software modernas e um pre\u00e7o que permanece acess\u00edvel para um Diret Drive. Destina-se ao simulador que pretende uma base da qual n\u00e3o se arrepender\u00e1 ap\u00f3s alguns meses, mas sem procurar necessariamente os Nm extra.<\/p>\n<p>O meu objetivo \u00e9 simples: ver se o R5 se aguenta em tr\u00eas \u00e1reas fundamentais para a configura\u00e7\u00e3o atual: a qualidade de constru\u00e7\u00e3o, a delicadeza das sensa\u00e7\u00f5es no jogo e a sua capacidade de evolu\u00e7\u00e3o ao longo de v\u00e1rios anos. Por outras palavras, se \u00e9 uma base DD \"real\" ou apenas mais um ponto de entrada de marketing.<\/p>\n<h2>Conce\u00e7\u00e3o e fabrico<\/h2>\n<p>Visualmente, o MOZA R5 \u00e9 imediatamente muito 'pro block': uma caixa de alum\u00ednio compacta e angular com um acabamento anodizado limpo e sem frescuras. Na m\u00e3o, parece um produto denso e r\u00edgido que n\u00e3o parece oco. \u00c9 poss\u00edvel sentir que o chassis foi concebido para aguentar o bin\u00e1rio sem vacilar, mesmo num cockpit bastante r\u00edgido.<\/p>\n<p>As articula\u00e7\u00f5es s\u00e3o perfeitas, os rebordos bem acabados e os parafusos n\u00e3o destoam do resto. N\u00e3o tem nada de vistoso, mas parece mais um equipamento de trabalho do que um brinquedo. O tamanho reduzido tamb\u00e9m funciona a seu favor: cabe facilmente num cockpit de alum\u00ednio aerodin\u00e2mico, mas tamb\u00e9m num suporte mais compacto, desde que tenha a quantidade certa de rigidez.<\/p>\n<p>O que \u00e9 mais surpreendente \u00e9 a forma como o volante \u00e9 fixado utilizando o sistema de liberta\u00e7\u00e3o r\u00e1pida MOZA. O bloqueio \u00e9 simples, sem qualquer folga percet\u00edvel. Uma vez fixado no lugar, n\u00e3o h\u00e1 vibra\u00e7\u00f5es parasitas ou oscila\u00e7\u00f5es suspeitas: isto contribui muito para a sensa\u00e7\u00e3o de seriedade da base. A impress\u00e3o que se tem \u00e9 a de um \u00fanico volante + base.<\/p>\n<p>O que pode desiludir um pouco \u00e9 a versatilidade de montagem. A base destina-se claramente a um cockpit ou a um suporte pesado. Numa simples secret\u00e1ria leve, mesmo com um suporte, o esfor\u00e7o do Diret Drive \u00e9 sentido em demasia e perde-se a precis\u00e3o. Outro ponto: em compara\u00e7\u00e3o com bases mais sofisticadas, o design continua a ser um pouco \"industrial\", sem grande esfor\u00e7o no que diz respeito ao aspeto premium. Funcional, mas n\u00e3o \u00e9 realmente \"espetacular\".<\/p>\n<p>Comparado com as grandes refer\u00eancias de gama m\u00e9dia, o R5 est\u00e1 logo abaixo delas em termos de presen\u00e7a f\u00edsica e acabamento percet\u00edvel, mas bem acima de um volante de correia de n\u00edvel b\u00e1sico. Parece um verdadeiro produto de simracing, concebido para durar, sem estar ao n\u00edvel de uma base mais maci\u00e7a e mais cara.<\/p>\n<h2>Defini\u00e7\u00f5es, personaliza\u00e7\u00e3o e compatibilidade<\/h2>\n<p>No que diz respeito \u00e0s defini\u00e7\u00f5es, o MOZA R5 baseia-se no nosso software interno, MOZA Pit House. A interface \u00e9 moderna e clara, com separadores para FFB, efeitos e perfis para cada jogo. \u00c9 f\u00e1cil de navegar, e as predefini\u00e7\u00f5es fornecidas para os simuladores mais conhecidos j\u00e1 fornecem uma base muito decente. \u00c9 uma \u00f3ptima forma de conduzir sem entrar nos m\u00ednimos detalhes.<\/p>\n<p>As defini\u00e7\u00f5es realmente \u00fateis est\u00e3o l\u00e1: for\u00e7a total, filtro, fric\u00e7\u00e3o, in\u00e9rcia, amortecimento, gest\u00e3o das oscila\u00e7\u00f5es, bem como alguns efeitos adicionais. O importante \u00e9 que cada defini\u00e7\u00e3o tem um efeito percet\u00edvel na pista. Sente-se a diferen\u00e7a quando se ajusta a dureza em torno do ponto m\u00e9dio ou o n\u00edvel de amortecimento. A maior parte da afina\u00e7\u00e3o \u00e9 feita para encontrar o equil\u00edbrio certo entre a precis\u00e3o do FFB e o conforto durante longas sess\u00f5es.<\/p>\n<p>A curva de aprendizagem mant\u00e9m-se razo\u00e1vel. Para um utilizador que vem de um volante de entrada de gama, \u00e9 prov\u00e1vel que haja um pouco de tentativa e erro, mas n\u00e3o se perde em menus obscuros. Os utilizadores de simuladores com um pouco mais de experi\u00eancia encontrar\u00e3o profundidade suficiente para aperfei\u00e7oar a sua experi\u00eancia.<\/p>\n<p>Em termos de compatibilidade, o R5 destina-se principalmente ao PC, onde o MOZA oferece a sua experi\u00eancia mais completa. Nas consolas, a situa\u00e7\u00e3o \u00e9 mais limitada e depende muito do volante e das licen\u00e7as, pelo que n\u00e3o \u00e9 a base a escolher se o seu principal objetivo for jogar em consolas. No PC, por outro lado, funciona com os grandes jogos de simula\u00e7\u00e3o e de corridas sem grandes problemas.<\/p>\n<p>O ecossistema MOZA \u00e9 um verdadeiro trunfo: uma variedade de volantes (GT, F1, redondos, etc.), pedais, man\u00edpulos de mudan\u00e7as, trav\u00f5es de m\u00e3o, pain\u00e9is de instrumentos - tudo se liga perfeitamente. O R5 pode ser utilizado como ponto de entrada no ecossistema, mantendo-se compat\u00edvel com volantes mais avan\u00e7ados \u00e0 medida que se sobe na gama. \u00c9 menos progressivo em termos de pot\u00eancia bruta (o bin\u00e1rio continua a ser modesto), mas muito s\u00f3lido como base a longo prazo para quem n\u00e3o procura excessos.<\/p>\n<h2>Sensa\u00e7\u00f5es em jogo<\/h2>\n<p>Uma vez na pista, o car\u00e1cter do MOZA R5 \u00e9 rapidamente compreendido. A primeira palavra que vem \u00e0 mente \u00e9 \"limpo\". O FFB \u00e9 claro, n\u00edtido e suave. Em compara\u00e7\u00e3o com uma correia ou base de engrenagem de n\u00edvel b\u00e1sico, o ganho em precis\u00e3o \u00e9 \u00f3bvio. \u00c9 poss\u00edvel ver mais claramente as micro-varia\u00e7\u00f5es de carga no volante, as pequenas transfer\u00eancias de massa e o momento em que o pneu come\u00e7a a escorregar.<\/p>\n<p>Nas curvas, o motor b\u00e1sico \u00e9 muito f\u00e1cil de ler. O bin\u00e1rio n\u00e3o \u00e9 monstruoso, mas \u00e9 suficiente para sentir o peso do carro a deslocar-se e para manter uma boa ader\u00eancia em curvas longas e r\u00e1pidas. O que conta aqui n\u00e3o \u00e9 a pot\u00eancia bruta, mas a forma como \u00e9 fornecida. O centro de gravidade \u00e9 est\u00e1vel, sem se confundir. N\u00e3o estamos a lutar com o volante, estamos a trabalhar com ele.<\/p>\n<p>Em termos de ader\u00eancia, o R5 sai-se muito bem na sua categoria. \u00c9 poss\u00edvel sentir claramente a transi\u00e7\u00e3o entre a ader\u00eancia e o in\u00edcio da derrapagem. As perdas de tra\u00e7\u00e3o na acelera\u00e7\u00e3o ou o bloqueio das rodas na travagem s\u00e3o reflectidos no volante sem serem abafados por efeitos artificiais. Sabe-se quando se est\u00e1 no limite. Tamb\u00e9m se sabe quando se est\u00e1 a ultrapassar o limite. \u00c9 a\u00ed que a base muda realmente a experi\u00eancia.<\/p>\n<p>Os vibradores s\u00e3o um bom teste. Em algumas pistas, podem tornar-se rapidamente desagrad\u00e1veis se a base for mal filtrada. Aqui, sente-se o relevo e a textura, mas sem que os pulsos sejam desfeitos. Dependendo das defini\u00e7\u00f5es, \u00e9 poss\u00edvel torn\u00e1-los mais suaves ou mais n\u00edtidos, mas mesmo com um perfil bastante \"\u00e1spero\", continua a ser utiliz\u00e1vel durante uma longa sess\u00e3o. N\u00e3o se sai enxaguado, e isso conta muito quando se trata de conforto.<\/p>\n<p>Em longos per\u00edodos, a consist\u00eancia foi boa. A perda de pot\u00eancia n\u00e3o \u00e9 percet\u00edvel e o motor n\u00e3o sobreaquece. O comportamento permanece id\u00eantico do in\u00edcio ao fim da sess\u00e3o, o que ajuda a criar pontos de refer\u00eancia fi\u00e1veis. Esquece-se a base e concentra-se na pista.<\/p>\n<p>Nas correc\u00e7\u00f5es r\u00e1pidas, o R5 lida com a tarefa de forma muito satisfat\u00f3ria para a sua pot\u00eancia. A invers\u00e3o de marcha r\u00e1pida e as pequenas recupera\u00e7\u00f5es no limite s\u00e3o feitas naturalmente. A base \u00e9 suficientemente reactiva para seguir o movimento sem qualquer lat\u00eancia percet\u00edvel. \u00c9 realmente poss\u00edvel apanhar uma deriva em voo. Em compara\u00e7\u00e3o com uma base mais potente, tem-se um pouco menos de autoridade mec\u00e2nica, mas tamb\u00e9m se cansa menos.<\/p>\n<p>Em compara\u00e7\u00e3o com um Diret Drive mais forte, a diferen\u00e7a reside principalmente na reserva de bin\u00e1rio e na poss\u00edvel viol\u00eancia do FFB. Uma base grande permitir-lhe-\u00e1 simular GTs ou prot\u00f3tipos pesados com um maior realismo de esfor\u00e7o. O R5, por outro lado, privilegia a delicadeza em detrimento da brutalidade. Perde-se em intensidade pura, mas para muitos jogadores, ser\u00e1 mais utiliz\u00e1vel e menos intimidante no dia a dia.<\/p>\n<p>Vindo de uma base menos potente ou acionada por correia, ganha-se em clareza, detalhe e confian\u00e7a. Percebe-se imediatamente o que o carro est\u00e1 a fazer. O volante deixa de ser um mero acess\u00f3rio e passa a ser uma verdadeira ferramenta de informa\u00e7\u00e3o. E a este n\u00edvel de pre\u00e7o, \u00e9 exatamente isso que se espera do seu primeiro Diret Drive.<\/p>\n<h2>A quem se destina? Do que gostamos \/ Do que n\u00e3o gostamos<\/h2>\n<p>O MOZA R5 destina-se claramente ao principiante motivado ou ao simulador interm\u00e9dio que pretende fazer uma mudan\u00e7a s\u00e9ria para a Diret Drive sem mergulhar no topo de gama. \u00c9 adequado para algu\u00e9m que conduz regularmente em PCs, em circuitos ou simuladores de rali, e que quer uma pe\u00e7a de hardware que o possa acompanhar durante v\u00e1rios anos. Os utilizadores experientes tamb\u00e9m o podem apreciar se preferirem a compacidade e o conforto \u00e0 pot\u00eancia extrema.<\/p>\n<p>O que realmente nos agrada \u00e9 a qualidade do FFB para esta categoria de pot\u00eancia. A base permanece leg\u00edvel, fina e agrad\u00e1vel de tocar, mesmo durante longas sess\u00f5es. A integra\u00e7\u00e3o no ecossistema MOZA \u00e9 tamb\u00e9m uma verdadeira vantagem: pode aumentar gradualmente a sua configura\u00e7\u00e3o com volantes ou pedaleiros mais avan\u00e7ados sem mudar tudo. E o tamanho compacto, combinado com uma constru\u00e7\u00e3o s\u00e9ria, torna-o uma boa escolha para cockpits modestos ou espa\u00e7os pequenos.<\/p>\n<p>Mas h\u00e1 limites. O primeiro \u00e9 a pot\u00eancia relativamente contida. Para a maioria dos jogadores, \u00e9 suficiente, mas aqueles que procuram um FFB verdadeiramente f\u00edsico, pr\u00f3ximo de condi\u00e7\u00f5es extremas, achar\u00e3o a base um pouco s\u00e1bia. Em segundo lugar, a compatibilidade com as consolas \u00e9 limitada, o que reduz o seu interesse para aqueles que jogam principalmente em consolas e apenas ocasionalmente em PCs. Por fim, a versatilidade da liga\u00e7\u00e3o \u00e9 menos \u00f3bvia numa simples secret\u00e1ria ou num suporte de luz, onde o bin\u00e1rio do Diret Drive real\u00e7a rapidamente os pontos fracos da base.<\/p>\n<p>Em termos de investimento, o MOZA R5 est\u00e1 bem posicionado. J\u00e1 n\u00e3o se trata de uma compra de \"brinquedo\", mas de uma verdadeira pe\u00e7a de equipamento de simracing, com um elevado valor percebido para o pre\u00e7o pedido. Para quem vem de um volante de supermercado ou de um modelo de entrada de gama, o salto qualitativo \u00e9 evidente, sem atingir o pre\u00e7o das grandes bases profissionais. \u00c9 um produto que d\u00e1 a sensa\u00e7\u00e3o de estar a comprar uma base s\u00e9ria, e n\u00e3o apenas um gadget mais forte.<\/p>\n<h2>Veredicto<\/h2>\n<p>O MOZA R5 \u00e9 uma clara mudan\u00e7a de jogo numa configura\u00e7\u00e3o que vem do mundo dos volantes de n\u00edvel b\u00e1sico acionados por correia ou por engrenagem. Oferece a limpeza, a precis\u00e3o e a consist\u00eancia da transmiss\u00e3o direta num formato compacto e acess\u00edvel que pode ser utilizado diariamente. N\u00e3o vai transformar um cockpit num simulador de equipa profissional, mas vai elevar as suas sensa\u00e7\u00f5es e controlo a um n\u00edvel totalmente novo.<\/p>\n<p>Ocupa uma posi\u00e7\u00e3o central no mercado: uma base Diret Drive de entrada\/m\u00e9dia gama, mas com uma sensa\u00e7\u00e3o que tem pouco em comum com o modelo tradicional de entrada de gama. N\u00e3o tem a brutalidade das grandes bases, mas oferece um equil\u00edbrio muito interessante entre requinte, conforto e or\u00e7amento.<\/p>\n<p>Recomendo-o sobretudo aos jogadores de simuladores de PC que queiram mergulhar na Diret Drive com uma solu\u00e7\u00e3o coerente e escal\u00e1vel no ecossistema MOZA e que n\u00e3o necessitem de uma quantidade excessiva de pot\u00eancia. Para os jogadores de consolas ou para aqueles que pretendem uma pot\u00eancia muito elevada, n\u00e3o ser\u00e1 a melhor escolha.<\/p>\n<p>Se procura um primeiro Diret Drive s\u00e9rio, limpo e compacto que dure v\u00e1rias \u00e9pocas, este produto pode fazer toda a diferen\u00e7a na sua configura\u00e7\u00e3o.<\/p>","protected":false},"excerpt":{"rendered":"<p>O MOZA R5 d\u00e1 um verdadeiro salto em frente em termos de precis\u00e3o e legibilidade da sensa\u00e7\u00e3o em compara\u00e7\u00e3o com os volantes de n\u00edvel b\u00e1sico, mantendo-se confort\u00e1vel ao longo do tempo. Faz sentido para os simuladores de PC principiantes ou interm\u00e9dios motivados que pretendem uma Diret Drive s\u00e9ria sem procurar uma pot\u00eancia extrema. O pacote completo oferece uma base coerente e duradoura para uma configura\u00e7\u00e3o em evolu\u00e7\u00e3o.<\/p>","protected":false},"featured_media":101493,"comment_status":"open","ping_status":"closed","template":"","meta":{"_acf_changed":false,"_et_pb_use_builder":"","_et_pb_old_content":"","_et_gb_content_width":""},"product_brand":[165],"product_cat":[155],"product_tag":[149],"class_list":{"0":"post-101492","1":"product","2":"type-product","3":"status-publish","4":"has-post-thumbnail","6":"product_brand-moza-racing","7":"product_cat-base","8":"product_tag-pc","10":"first","11":"instock","12":"shipping-taxable","13":"product-type-external"},"acf":[],"_links":{"self":[{"href":"https:\/\/simracergear.com\/pt\/wp-json\/wp\/v2\/product\/101492","targetHints":{"allow":["GET"]}}],"collection":[{"href":"https:\/\/simracergear.com\/pt\/wp-json\/wp\/v2\/product"}],"about":[{"href":"https:\/\/simracergear.com\/pt\/wp-json\/wp\/v2\/types\/product"}],"replies":[{"embeddable":true,"href":"https:\/\/simracergear.com\/pt\/wp-json\/wp\/v2\/comments?post=101492"}],"wp:featuredmedia":[{"embeddable":true,"href":"https:\/\/simracergear.com\/pt\/wp-json\/wp\/v2\/media\/101493"}],"wp:attachment":[{"href":"https:\/\/simracergear.com\/pt\/wp-json\/wp\/v2\/media?parent=101492"}],"wp:term":[{"taxonomy":"product_brand","embeddable":true,"href":"https:\/\/simracergear.com\/pt\/wp-json\/wp\/v2\/product_brand?post=101492"},{"taxonomy":"product_cat","embeddable":true,"href":"https:\/\/simracergear.com\/pt\/wp-json\/wp\/v2\/product_cat?post=101492"},{"taxonomy":"product_tag","embeddable":true,"href":"https:\/\/simracergear.com\/pt\/wp-json\/wp\/v2\/product_tag?post=101492"}],"curies":[{"name":"wp","href":"https:\/\/api.w.org\/{rel}","templated":true}]}}