{"id":101496,"date":"2025-05-15T08:12:00","date_gmt":"2025-05-15T08:12:00","guid":{"rendered":"https:\/\/simracergear.com\/products\/moza-r9-fsr-formula-wheel-hub-kit-bundle\/"},"modified":"2025-11-28T05:35:03","modified_gmt":"2025-11-28T05:35:03","slug":"moza-r9-fsr-formula-wheel-hub-kit-bundle","status":"publish","type":"product","link":"https:\/\/simracergear.com\/pt\/products\/moza-r9-fsr-formula-wheel-hub-kit-bundle\/","title":{"rendered":"Conjunto de rodas e cubos MOZA R9 e FSR Formula"},"content":{"rendered":"<p>O conjunto MOZA R9 + Roda FSR Formula + Kit de cubos est\u00e1 claramente posicionado como um ponto de entrada s\u00e9rio no mundo da transmiss\u00e3o direta para pilotos de simula\u00e7\u00e3o exigentes. J\u00e1 n\u00e3o se trata de um \"brinquedo melhorado\", mas tamb\u00e9m n\u00e3o \u00e9 a base ultra-extrema que requer um chassis de competi\u00e7\u00e3o e bra\u00e7os de culturista. No papel, esta combina\u00e7\u00e3o promete um trio interessante: pot\u00eancia controlada, um volante monolugar muito completo e um ecossistema coerente.<\/p>\n<p>O atrativo reside neste compromisso: um Diret Drive compacto e silencioso, controlado por um volante de f\u00f3rmula moderno com ecr\u00e3 integrado, tudo num pacote que se concentra na rela\u00e7\u00e3o qualidade\/pre\u00e7o e n\u00e3o na publicidade. \u00c9 evidente que o MOZA tem como alvo o piloto de simuladores de PC que quer levar a imers\u00e3o e a precis\u00e3o a um novo n\u00edvel sem rebentar com a sua configura\u00e7\u00e3o ou or\u00e7amento.<\/p>\n<p>O meu ponto de vista \u00e9 simples: este conjunto oferece um ganho real em termos de sensa\u00e7\u00e3o, controlo e conforto ao longo do tempo, em compara\u00e7\u00e3o com uma base com transmiss\u00e3o por correia ou uma Diret Drive de n\u00edvel de entrada menos equipada? E, acima de tudo, \u00e9 uma combina\u00e7\u00e3o coerente para andar no iRacing ou no ACC, bem como em t\u00edtulos mais acess\u00edveis?<\/p>\n<h2>Conce\u00e7\u00e3o e fabrico<\/h2>\n<p>A primeira coisa que se nota no R9 \u00e9 o seu tamanho compacto. A base \u00e9 densa e maci\u00e7a para o seu tamanho, com uma caixa met\u00e1lica que d\u00e1 a impress\u00e3o de um bloco s\u00f3lido. Nada se move, nada parece oco. A rigidez percebida \u00e9 verdadeiramente superior \u00e0 encontrada em muitas bases acionadas por correia da mesma gama. Exala seriedade, sem ser demasiado vistosa.<\/p>\n<p>O volante FSR Formula segue a mesma l\u00f3gica: chassis em metal, zonas vis\u00edveis em fibra de carbono, punhos em borracha ou Alcantara, consoante a vers\u00e3o. Na m\u00e3o, sente-se imediatamente que o volante \u00e9 mais denso do que um volante de pl\u00e1stico de n\u00edvel b\u00e1sico. Os bot\u00f5es fazem um clique limpo e as patilhas de mudan\u00e7a de velocidades t\u00eam um feedback mec\u00e2nico claro e bastante seco, dando-lhe aquela agrad\u00e1vel sensa\u00e7\u00e3o de \"carro de corrida\". Sente-se imediatamente o que se est\u00e1 a fazer, sem hesita\u00e7\u00e3o. \u00c9 poss\u00edvel tocar nos bot\u00f5es sem olhar e saber se foram activados.<\/p>\n<p>O que \u00e9 surpreendente \u00e9 o n\u00edvel geral de acabamento para esta gama de pre\u00e7os: ajustes limpos, parafusos e porcas corretos, ecr\u00e3 integrado de f\u00e1cil leitura e um desengate r\u00e1pido globalmente robusto com muito pouca folga percet\u00edvel. Em compara\u00e7\u00e3o com alguns dos volantes de pl\u00e1stico de gama m\u00e9dia, este \u00e9 claramente um passo em frente em termos de qualidade. Tem-se a impress\u00e3o de que se est\u00e1 a segurar uma verdadeira ferramenta de pilotagem e n\u00e3o um acess\u00f3rio de jogo.<\/p>\n<p>O que \u00e9 um pouco dececionante s\u00e3o os detalhes: alguns dos materiais secund\u00e1rios s\u00e3o um pouco \"baratos\" em certas partes n\u00e3o cr\u00edticas, o design permanece bastante industrial, sem a delicadeza de alguns dos concorrentes mais premium, e os punhos podem parecer um pouco duros em sess\u00f5es muito longas para m\u00e3os sens\u00edveis. Mas, no geral, em compara\u00e7\u00e3o com as refer\u00eancias compactas de Diret Drive no mercado, estamos bem posicionados em termos de qualidade percebida.<\/p>\n<h2>Defini\u00e7\u00f5es e personaliza\u00e7\u00e3o + compatibilidade<\/h2>\n<p>No que respeita ao software, o pacote baseia-se no ecossistema MOZA, com software interno que centraliza as defini\u00e7\u00f5es da base e das rodas. A interface permanece acess\u00edvel a utilizadores motivados, com barras deslizantes, menus claros, perfis para cada jogo e a possibilidade de guardar e exportar predefini\u00e7\u00f5es. N\u00e3o se trata de uma f\u00e1brica de g\u00e1s ileg\u00edvel, mas \u00e9 necess\u00e1rio algum tempo para se familiarizar com cada par\u00e2metro se quiser tirar o m\u00e1ximo partido do FFB.<\/p>\n<p>As defini\u00e7\u00f5es que s\u00e3o realmente \u00fateis no dia a dia giram em torno da for\u00e7a geral, da filtragem, da fric\u00e7\u00e3o e da forma como a base lida com efeitos r\u00e1pidos (detalhes de ader\u00eancia, sali\u00eancias, vibradores). A boa not\u00edcia \u00e9 que o R9 oferece margem de manobra suficiente para adaptar o comportamento ao seu estilo: pode ter um FFB muito limpo e fluido ou, pelo contr\u00e1rio, um mais \u00e1spero, com muita textura. A curva de aprendizagem \u00e9 razo\u00e1vel: come\u00e7ando com as predefini\u00e7\u00f5es fornecidas, bastam alguns ajustes para o tornar realmente agrad\u00e1vel.<\/p>\n<p>O pacote est\u00e1 direcionado para o PC, com uma compatibilidade geralmente boa com os principais t\u00edtulos modernos de simuladores de corridas. Para as consolas, a quest\u00e3o torna-se mais complicada, dependendo da configura\u00e7\u00e3o, e \u00e9 necess\u00e1rio verificar a compatibilidade espec\u00edfica antes de comprar, especialmente se quiser utiliz\u00e1-lo em v\u00e1rias plataformas. Mas esta combina\u00e7\u00e3o destina-se claramente ao jogador de PC que quer envolver-se.<\/p>\n<p>O ecossistema da MOZA inclui outros volantes, pedais e acess\u00f3rios (manetes, pain\u00e9is de instrumentos, etc.) que se encaixam perfeitamente em torno desta base. O kit de cubo e a liberta\u00e7\u00e3o r\u00e1pida garantem uma liga\u00e7\u00e3o s\u00f3lida com a gama de volantes da marca. Na pr\u00e1tica, a R9 pode ser usada como ponto de partida para uma configura\u00e7\u00e3o evolutiva: come\u00e7a-se com este conjunto, depois adiciona-se uma pedaleira mais avan\u00e7ada, um volante GT e um cockpit mais r\u00edgido. H\u00e1 pot\u00eancia suficiente para suportar estas mudan\u00e7as sem ter de mudar de base demasiado depressa.<\/p>\n<h2>Sensa\u00e7\u00f5es em jogo<\/h2>\n<p>Na pista, o R9 mostra muito rapidamente o seu car\u00e1cter: um Diret Drive compacto que privilegia a legibilidade e a delicadeza do force feedback, em vez da pot\u00eancia bruta. Nas curvas, a dire\u00e7\u00e3o \u00e9 progressivamente carregada, sem quebrar. \u00c9 poss\u00edvel sentir o carro a \"inclinar-se\" sobre o eixo dianteiro e a transi\u00e7\u00e3o entre a ader\u00eancia e o in\u00edcio da derrapagem \u00e9 muito mais clara do que com uma transmiss\u00e3o por correia convencional. Percebe-se imediatamente o que o carro est\u00e1 a fazer.<\/p>\n<p>A leitura da ader\u00eancia \u00e9 um dos pontos fortes desta combina\u00e7\u00e3o. Num circuito t\u00e9cnico, as microperdas de ader\u00eancia, o in\u00edcio da subviragem ou da sobreviragem s\u00e3o percept\u00edveis no volante atrav\u00e9s de pequenas varia\u00e7\u00f5es de bin\u00e1rio, de uma ligeira vibra\u00e7\u00e3o ou de um afrouxamento a meio de uma curva. N\u00e3o \u00e9 violento, \u00e9 informativo. Ajuda a corrigir exatamente o que \u00e9 necess\u00e1rio, no momento certo. Enquanto uma base menos potente tende a \"suavizar\" esta informa\u00e7\u00e3o, o R9 ret\u00e9m os detalhes \u00fateis sem se transformar num agitador permanente.<\/p>\n<p>Os vibradores est\u00e3o bem representados: \u00e9 poss\u00edvel sentir a diferen\u00e7a entre um vibrador plano e agressivo e um mais arredondado. Tamb\u00e9m se pode sentir quando se est\u00e1 a morder a meio ou quando se est\u00e1 mesmo a ir para cima dele. N\u00e3o \u00e9 o n\u00edvel de brutalidade que se pode obter numa base muito sofisticada colocada numa posi\u00e7\u00e3o alta, mas para uma base desta pot\u00eancia, a nitidez \u00e9 realmente agrad\u00e1vel. H\u00e1 aquela sensa\u00e7\u00e3o de \"estaleiro mec\u00e2nico\" das rodas de F1 modernas sem se tornar uma caricatura.<\/p>\n<p>Em longas sess\u00f5es, a consist\u00eancia \u00e9 boa. O motor n\u00e3o parece perder qualquer for\u00e7a percet\u00edvel e, acima de tudo, a fadiga do bra\u00e7o permanece razo\u00e1vel se ajustar o bin\u00e1rio de forma inteligente. O volante FSR, com a sua ergonomia de f\u00f3rmula, convida-o a conduzir GTs, LMPs e F1s virtuais durante longos per\u00edodos sem que as suas m\u00e3os sofram excessivamente. A forma dos punhos ajuda a manter uma posi\u00e7\u00e3o est\u00e1vel, reduzindo o esfor\u00e7o desnecess\u00e1rio.<\/p>\n<p>Quando se trata de correc\u00e7\u00f5es r\u00e1pidas, a R9 est\u00e1 claramente \u00e0 vontade. O sistema Diret Drive torna a dire\u00e7\u00e3o muito reactiva: quando \u00e9 necess\u00e1rio compensar uma sobreviragem ou uma perda de ader\u00eancia traseira, o volante vira rapidamente, sem lat\u00eancia percet\u00edvel, e o esfor\u00e7o necess\u00e1rio permanece control\u00e1vel. Em compara\u00e7\u00e3o com uma base menos potente e mais filtrada, ganha-se confian\u00e7a quando \u00e9 necess\u00e1rio \"apanhar\" o carro. Sente-se que a base est\u00e1 a acompanhar o movimento, em vez de o travar.<\/p>\n<p>Em termos de imers\u00e3o, a combina\u00e7\u00e3o base + volante funciona bem. O ecr\u00e3 FSR \u00e9 um verdadeiro b\u00f3nus, fornecendo informa\u00e7\u00f5es em tempo real sobre a volta, o delta, a mudan\u00e7a engrenada, etc. Olha-se menos para as sobreposi\u00e7\u00f5es no ecr\u00e3 e mais para o volante, o que refor\u00e7a a ilus\u00e3o de estar a conduzir um monolugar moderno ou um carro GT. Todo o sistema permanece silencioso quando est\u00e1 em funcionamento, o que \u00e9 bom se estiver a jogar numa sala partilhada.<\/p>\n<p>Em compara\u00e7\u00e3o com uma base muito mais potente, o R9 \u00e9 obviamente menos f\u00edsico e menos espetacular em termos de esfor\u00e7o m\u00e1ximo, mas as sensa\u00e7\u00f5es essenciais que s\u00e3o \u00fateis para a condu\u00e7\u00e3o continuam presentes. O ganho em rela\u00e7\u00e3o a um sistema de transmiss\u00e3o por correia ou a um Diret Drive muito b\u00e1sico baseia-se em tr\u00eas pontos: a nitidez da ader\u00eancia, a capacidade de resposta das correc\u00e7\u00f5es e a sensa\u00e7\u00e3o de uma liga\u00e7\u00e3o mec\u00e2nica direta com os pneus. \u00c9 aqui que a base muda realmente a experi\u00eancia.<\/p>\n<h2>Para quem + Do que gostamos \/ Do que gostamos menos<\/h2>\n<p>Este pacote destina-se claramente aos pilotos de simuladores que j\u00e1 est\u00e3o um pouco envolvidos no hobby: utilizadores de PC prontos a investir numa Diret Drive, com o desejo de progredir em t\u00edtulos exigentes. Os principiantes altamente motivados tamb\u00e9m podem entrar no jogo, desde que aceitem uma curta curva de aprendizagem, tanto em termos de defini\u00e7\u00f5es como de condu\u00e7\u00e3o. No entanto, para os jogadores ocasionais ou centrados nas consolas, o interesse diminui um pouco, especialmente se a compatibilidade n\u00e3o for garantida.<\/p>\n<p>Os pontos fortes destacam-se rapidamente. O primeiro \u00e9 a rela\u00e7\u00e3o entre a sensa\u00e7\u00e3o e a compacidade: o R9 oferece um FFB limpo e cheio de nuances, com pot\u00eancia suficiente para ser envolvente, sem exigir um cockpit monstruosamente r\u00edgido. A segunda \u00e9 a qualidade geral do volante FSR: punhos, bot\u00f5es, patilhas, ecr\u00e3 - tudo foi efetivamente concebido para a condu\u00e7\u00e3o moderna de f\u00f3rmula\/GT. Parece uma ferramenta s\u00e9ria nas tuas m\u00e3os. O terceiro \u00e9 o ecossistema MOZA, que lhe permite atualizar a sua configura\u00e7\u00e3o sem mudar tudo, adicionando outros volantes, um conjunto de pedais mais avan\u00e7ado, uma alavanca de velocidades, etc.<\/p>\n<p>Mas h\u00e1 limites. Em primeiro lugar, embora a pot\u00eancia do R9 seja mais do que suficiente para a maioria das utiliza\u00e7\u00f5es, n\u00e3o agradar\u00e1 a quem procura um FFB ultra-violento ao estilo do \"treino f\u00edsico\". Alguns condutores muito experientes preferir\u00e3o um bin\u00e1rio mais elevado para prot\u00f3tipos pesados ou GTs muito duros. Em segundo lugar, o volante FSR, que \u00e9 muito estereotipado, n\u00e3o \u00e9 ideal para quem conduz principalmente carros de rali ou de drift, onde um volante redondo pode ser mais adequado. Por \u00faltimo, o ecossistema continua centrado no PC e a compatibilidade com as consolas varia consoante a combina\u00e7\u00e3o, o que reduz um pouco o interesse dos jogadores multiplataformas.<\/p>\n<p>Em termos de investimento, este \u00e9 um pacote que requer um or\u00e7amento real, mas o valor percebido \u00e9 s\u00f3lido: toque, acabamento, possibilidade de atualiza\u00e7\u00e3o. N\u00e3o se trata de uma compra por impulso, mas sim de um passo importante para transformar uma configura\u00e7\u00e3o de corrida simulada existente.<\/p>\n<h2>Veredicto<\/h2>\n<p>O conjunto MOZA R9 + FSR Formula Wheel + Hub Kit traz uma mudan\u00e7a distinta a uma configura\u00e7\u00e3o que vem de um volante acionado por correia ou de um Diret Drive de n\u00edvel muito b\u00e1sico. \u00c9 mais f\u00e1cil de ler, fornece informa\u00e7\u00f5es mais detalhadas e faz-te sentir mais ligado ao carro. A base torna-se uma ferramenta de dire\u00e7\u00e3o em vez de um simples controlador.<\/p>\n<p>No mercado, este pacote est\u00e1 posicionado na gama m\u00e9dia\/alta acess\u00edvel: mais s\u00e9rio do que uma solu\u00e7\u00e3o de n\u00edvel de entrada, menos extremo do que uma base topo de gama muito potente. \u00c9 ideal para os pilotos de simuladores que pretendem dar um verdadeiro passo em frente sem exagerar.<\/p>\n<p>Recomendo-o particularmente aos utilizadores de PC orientados para os circuitos (F1, GT, LMP, monolugares) que pretendam uma configura\u00e7\u00e3o coerente, limpa e atualiz\u00e1vel e que valorizem a precis\u00e3o em detrimento do espet\u00e1culo bruto. Se gosta mais de corridas de arcada, de ralis divertidos ou procura apenas uma experi\u00eancia de consola, existem op\u00e7\u00f5es mais simples ou mais adequadas.<\/p>\n<p>Se procura um Diret Drive compacto, s\u00e9rio e orientado para um monolugar\/GT que lhe d\u00ea finalmente a sensa\u00e7\u00e3o de \"falar\" com o carro sem estourar o seu or\u00e7amento, este produto pode claramente fazer a diferen\u00e7a na sua configura\u00e7\u00e3o.<\/p>","protected":false},"excerpt":{"rendered":"<p>Este pacote deu-me a sensa\u00e7\u00e3o de passar de um simples volante para uma verdadeira ferramenta de condu\u00e7\u00e3o, com informa\u00e7\u00f5es claras sobre o que o carro est\u00e1 a fazer sem se tornar cansativo ou excessivo. Acima de tudo, faz sentido para os pilotos de simuladores de PC orientados para os circuitos que querem levar a imers\u00e3o e a precis\u00e3o a um n\u00edvel totalmente novo. A rela\u00e7\u00e3o qualidade\/pre\u00e7o mant\u00e9m-se coerente para um n\u00edvel \"ambicioso de gama m\u00e9dia\".<\/p>","protected":false},"featured_media":101497,"comment_status":"open","ping_status":"closed","template":"","meta":{"_acf_changed":false,"_et_pb_use_builder":"","_et_pb_old_content":"","_et_gb_content_width":""},"product_brand":[165],"product_cat":[161],"product_tag":[149],"class_list":{"0":"post-101496","1":"product","2":"type-product","3":"status-publish","4":"has-post-thumbnail","6":"product_brand-moza-racing","7":"product_cat-volant","8":"product_tag-pc","10":"first","11":"instock","12":"shipping-taxable","13":"product-type-external"},"acf":[],"_links":{"self":[{"href":"https:\/\/simracergear.com\/pt\/wp-json\/wp\/v2\/product\/101496","targetHints":{"allow":["GET"]}}],"collection":[{"href":"https:\/\/simracergear.com\/pt\/wp-json\/wp\/v2\/product"}],"about":[{"href":"https:\/\/simracergear.com\/pt\/wp-json\/wp\/v2\/types\/product"}],"replies":[{"embeddable":true,"href":"https:\/\/simracergear.com\/pt\/wp-json\/wp\/v2\/comments?post=101496"}],"wp:featuredmedia":[{"embeddable":true,"href":"https:\/\/simracergear.com\/pt\/wp-json\/wp\/v2\/media\/101497"}],"wp:attachment":[{"href":"https:\/\/simracergear.com\/pt\/wp-json\/wp\/v2\/media?parent=101496"}],"wp:term":[{"taxonomy":"product_brand","embeddable":true,"href":"https:\/\/simracergear.com\/pt\/wp-json\/wp\/v2\/product_brand?post=101496"},{"taxonomy":"product_cat","embeddable":true,"href":"https:\/\/simracergear.com\/pt\/wp-json\/wp\/v2\/product_cat?post=101496"},{"taxonomy":"product_tag","embeddable":true,"href":"https:\/\/simracergear.com\/pt\/wp-json\/wp\/v2\/product_tag?post=101496"}],"curies":[{"name":"wp","href":"https:\/\/api.w.org\/{rel}","templated":true}]}}