{"id":101543,"date":"2025-05-15T08:13:00","date_gmt":"2025-05-15T08:13:00","guid":{"rendered":"https:\/\/simracergear.com\/products\/moza-sr-p-accessory-kit\/"},"modified":"2025-11-28T05:54:09","modified_gmt":"2025-11-28T05:54:09","slug":"moza-sr-p-accessory-kit","status":"publish","type":"product","link":"https:\/\/simracergear.com\/pt\/products\/moza-sr-p-accessory-kit\/","title":{"rendered":"Kit de acess\u00f3rios MOZA SR-P"},"content":{"rendered":"<p>O MOZA SR-P Accessory Kit \u00e9 o pequeno pacote que tem como objetivo transformar uma pedaleira j\u00e1 decente em algo muito mais s\u00e9rio. Estamos a falar de um kit de atualiza\u00e7\u00e3o para a pedaleira MOZA SR-P: molas mais duras, blocos de elast\u00f3mero para o pedal do trav\u00e3o, placas antiderrapantes... A ideia \u00e9 simples: dar mais realismo, especialmente \u00e0 travagem, sem ter de mudar a pedaleira ou ir diretamente para um modelo de c\u00e9lula de carga topo de gama.<\/p>\n<p>A atra\u00e7\u00e3o imediata \u00e9 a promessa de um trav\u00e3o mais firme e progressivo, como um pedal de corrida, por um pre\u00e7o e uma complexidade muito mais contidos do que uma mudan\u00e7a completa de hardware. Para muitos jogadores de PC e consolas com um SR-P b\u00e1sico, este kit representa uma esp\u00e9cie de \"modo desportivo\" f\u00e1cil de instalar.<\/p>\n<p>O meu \u00e2ngulo de an\u00e1lise \u00e9, por isso, claro: este kit muda realmente a sensa\u00e7\u00e3o dos trav\u00f5es e o controlo do carro, ou \u00e9 apenas um gadget agrad\u00e1vel mas dispens\u00e1vel? Vou concentrar-me na sensa\u00e7\u00e3o sob os p\u00e9s, na qualidade percebida das novas pe\u00e7as, na facilidade de instala\u00e7\u00e3o e, acima de tudo, no impacto nos tempos por volta e na consist\u00eancia. Porque, no final do dia, queremos travar mais tarde, com mais for\u00e7a e com mais controlo. \u00c9 exatamente a\u00ed que este tipo de kit deve fazer a diferen\u00e7a.<\/p>\n<h2>Conce\u00e7\u00e3o e fabrico<\/h2>\n<p>O MOZA SR-P Accessory Kit apresenta-se sob a forma de um conjunto de pe\u00e7as adicionais dedicadas ao pedaleiro SR-P. S\u00e3o molas de diferentes durezas, blocos de elast\u00f3meros para modular o curso e a resist\u00eancia do pedal do trav\u00e3o e uma s\u00e9rie de elementos concebidos para melhorar a estabilidade do calcanhar e da biqueira. Visualmente, tudo se mant\u00e9m na tradi\u00e7\u00e3o MOZA: metal, acabamentos limpos, um aspeto s\u00f3brio e ligeiramente \"industrial\".<\/p>\n<p>Na m\u00e3o, as molas s\u00e3o extremamente r\u00edgidas. Sente-se imediatamente que j\u00e1 n\u00e3o se est\u00e1 a lidar com a flexibilidade de um pedaleiro de entrada. Os blocos de borracha (ou compostos de elast\u00f3meros equivalentes) d\u00e3o uma impress\u00e3o de densidade correta, nem demasiado macia nem demasiado pl\u00e1stica. As pe\u00e7as met\u00e1licas s\u00e3o coerentes com a pr\u00f3pria pedaleira, o que \u00e9 tranquilizador em termos de durabilidade.<\/p>\n<p>A montagem inspira confian\u00e7a: nada parece barato ou fr\u00e1gil. Uma vez instalados, os novos componentes encaixam-se perfeitamente, sem folga excessiva e sem vibra\u00e7\u00f5es parasitas. Fica-se com a impress\u00e3o de que se trata de uma pedaleira \"melhorada\" e n\u00e3o de um trabalho de bricolage de p\u00f3s-venda. \u00c9 limpo, n\u00edtido e consistente com o resto do ecossistema MOZA.<\/p>\n<p>O que pode ser um pouco dececionante \u00e9 que, fundamentalmente, a base n\u00e3o \u00e9 uma c\u00e9lula de carga. A sensa\u00e7\u00e3o melhorou claramente, mas n\u00e3o se atinge magicamente o n\u00edvel de um pedaleiro de competi\u00e7\u00e3o com um sensor de press\u00e3o dedicado. Comparado com outros kits de atualiza\u00e7\u00e3o para pedaleiros de gama m\u00e9dia, o kit de acess\u00f3rios MOZA SR-P est\u00e1 na m\u00e9dia: s\u00e9rio, bem constru\u00eddo, mas limitado pela filosofia do pedivela original.<\/p>\n<h2>Defini\u00e7\u00f5es, personaliza\u00e7\u00e3o e compatibilidade<\/h2>\n<p>O objetivo deste kit \u00e9 permitir-lhe moldar o comportamento do seu pedaleiro SR-P ao seu gosto. O MOZA prop\u00f5e diferentes configura\u00e7\u00f5es de molas e de blocos de elast\u00f3meros, para que possa passar de um trav\u00e3o bastante progressivo e indulgente a um trav\u00e3o muito mais firme, monolugar ou ao estilo GT moderno. A regula\u00e7\u00e3o \u00e9 mec\u00e2nica: posi\u00e7\u00e3o dos blocos, escolha da mola, por vezes regula\u00e7\u00e3o da pr\u00e9-carga. Nada de intranspon\u00edvel, mas \u00e9 necess\u00e1rio dedicar alguns minutos para compreender a l\u00f3gica.<\/p>\n<p>A curva de aprendizagem \u00e9 razo\u00e1vel. Se j\u00e1 tiveres usado um pedaleiro ajust\u00e1vel antes, vais apanhar-lhe o jeito. Se \u00e9 o seu primeiro kit deste tipo, provavelmente vai passar por v\u00e1rias tentativas antes de encontrar o seu \"ponto ideal\". Honestamente, isso faz parte da divers\u00e3o: ajustas, testas, afinas. Em breve sentir\u00e1 que encontrou o compromisso que se adequa ao seu estilo de travagem.<\/p>\n<p>O kit em si n\u00e3o altera a compatibilidade, por isso, se a sua pedaleira j\u00e1 funciona na sua plataforma atual (PC ou consola atrav\u00e9s de uma base MOZA compat\u00edvel), o Accessory Kit n\u00e3o representa qualquer problema. N\u00e3o se trata de um produto aut\u00f3nomo, mas sim de um puro complemento de hardware.<\/p>\n<p>Em termos de ecossistema, continuamos obviamente na fam\u00edlia MOZA: utilizado com uma base MOZA e um volante da mesma marca, o conjunto \u00e9 muito coerente. O pedaleiro SR-P que acompanha o kit torna-se uma base mais s\u00e9ria para um cockpit de gama m\u00e9dia. N\u00e3o \u00e9 um ponto de entrada, mas \u00e9 claramente uma forma de prolongar a vida do seu pedaleiro e adiar o momento em que tem de considerar a mudan\u00e7a para uma c\u00e9lula de carga mais cara ou um kit hidr\u00e1ulico.<\/p>\n<h2>Sensa\u00e7\u00f5es em jogo<\/h2>\n<p>\u00c9 na pista virtual que o kit de acess\u00f3rios MOZA SR-P tem de justificar a sua exist\u00eancia. A mudan\u00e7a mais not\u00e1vel diz obviamente respeito ao pedal do trav\u00e3o. Desde as primeiras voltas, sente-se mais firme e mais consistente. Parece menos um \"pedal de estrada\" excessivamente macio e muito mais uma resist\u00eancia progressiva, que se torna mais densa no final do curso.<\/p>\n<p>Ao travar a fundo, a dosagem torna-se mais intuitiva. Enquanto o SR-P original pode rapidamente dar a impress\u00e3o de flutuar um pouco, especialmente se travar com for\u00e7a e tarde, o kit d\u00e1 ao pedal uma verdadeira estrutura. Sente-se melhor os n\u00edveis de press\u00e3o. O p\u00e9 tem os seus apoios. Sabe-se quando se est\u00e1 perto de bloquear as rodas e consegue-se ficar precisamente nessa zona. Percebe-se imediatamente o que o carro est\u00e1 a fazer.<\/p>\n<p>Em curva, especialmente quando se trava a fundo e em descida, a diferen\u00e7a \u00e9 clara. A transfer\u00eancia de massa torna-se mais clara e reproduz\u00edvel. \u00c9 poss\u00edvel travar com for\u00e7a na linha e depois soltar gradualmente, mantendo uma sensa\u00e7\u00e3o consistente. Em compara\u00e7\u00e3o com um pedaleiro n\u00e3o modificado, achei muito mais f\u00e1cil manter uma trajet\u00f3ria est\u00e1vel quando se solta o trav\u00e3o para registar o carro. O kit ajuda-o realmente a ganhar finesse e confian\u00e7a.<\/p>\n<p>A leitura da ader\u00eancia melhora especialmente quando se trava no limite. N\u00e3o estamos a falar de FFB, mas a forma como o trav\u00e3o responde sob o p\u00e9 ajuda-o a interpretar o que est\u00e1 a acontecer nas rodas dianteiras. \u00c9 mais f\u00e1cil sentir quando se est\u00e1 a exagerar ou, pelo contr\u00e1rio, quando se pode travar um pouco mais tarde e com mais for\u00e7a. Nos vibradores, a estabilidade do p\u00e9 direito \u00e9 melhor: a firmeza extra limita os micro-movimentos involunt\u00e1rios do tornozelo. A press\u00e3o mant\u00e9m-se melhor, mesmo quando o carro est\u00e1 em movimento.<\/p>\n<p>Durante longas sess\u00f5es, este tipo de configura\u00e7\u00e3o mais firme pode ser cansativo se vier de um pedaleiro ultra-suave. Mas o kit de acess\u00f3rios oferece combina\u00e7\u00f5es suficientes para encontrar uma configura\u00e7\u00e3o que seja exigente, mas n\u00e3o destruidora de panturrilhas. Uma vez ajustada, a consist\u00eancia \u00e9 claramente superior. Uma volta segue-se a outra com menos varia\u00e7\u00f5es no ponto de travagem. \u00c9 aqui que o kit muda realmente a experi\u00eancia: j\u00e1 n\u00e3o est\u00e1 a lutar com o pedal, est\u00e1 a concentrar-se na sua trajet\u00f3ria.<\/p>\n<p>Ao fazer correc\u00e7\u00f5es r\u00e1pidas, particularmente em carros nervosos ou em condi\u00e7\u00f5es de ader\u00eancia vari\u00e1vel, o pedal de trav\u00e3o mais firme ajuda a manter o controlo fino. \u00c9 poss\u00edvel ajustar a press\u00e3o numa fra\u00e7\u00e3o de segundo sem \"esmagar\" o pedal por engano. Esta precis\u00e3o a altas velocidades d\u00e1-lhe uma sensa\u00e7\u00e3o de controlo superior, mesmo que n\u00e3o esteja ao n\u00edvel de uma c\u00e9lula de carga de pedal topo de gama muito boa.<\/p>\n<p>Comparado com um pedivela original ou com outros modelos menos avan\u00e7ados com mola, o MOZA SR-P com este kit d\u00e1 realmente a impress\u00e3o de ter virado uma esquina. N\u00e3o atinge a brutalidade e a linearidade pura dos cranksets de c\u00e9lula de carga de primeira qualidade, mas aproxima-se muito em termos de sensa\u00e7\u00e3o geral. Em compara\u00e7\u00e3o com uma configura\u00e7\u00e3o mais potente e de topo de gama, existe ainda uma clara diferen\u00e7a em termos de precis\u00e3o final e sensibilidade a pequenas varia\u00e7\u00f5es de press\u00e3o, mas o kit de acess\u00f3rios reduz a diferen\u00e7a o suficiente para tornar o SR-P muito relevante para um piloto de simuladores interm\u00e9dio ou avan\u00e7ado que n\u00e3o quer estourar o seu or\u00e7amento.<\/p>\n<h2>A quem se destina? O que gostamos e o que n\u00e3o gostamos<\/h2>\n<p>O kit de acess\u00f3rios MOZA SR-P destina-se principalmente aos propriet\u00e1rios da pedaleira SR-P que come\u00e7am a sentir as limita\u00e7\u00f5es do trav\u00e3o original. Perfil t\u00edpico: jogador motivado de PC ou consola, j\u00e1 bem investido em corridas de simuladores, que pedala regularmente, faz contrarrel\u00f3gios, campeonatos em ligas ou simplesmente quer um melhor controlo durante as corridas. Os principiantes apreciar\u00e3o o ganho, mas beneficiar\u00e3o mais com este kit depois de aprenderem as no\u00e7\u00f5es b\u00e1sicas de travagem.<\/p>\n<p>O que mais aprecio \u00e9 a melhoria acentuada da sensa\u00e7\u00e3o de travagem. O aumento da firmeza e da progressividade permite travar mais tarde com mais confian\u00e7a. O outro ponto forte \u00e9 a modularidade: v\u00e1rias combina\u00e7\u00f5es poss\u00edveis, uma verdadeira capacidade de adaptar o comportamento ao seu estilo de condu\u00e7\u00e3o. Por fim, a qualidade geral da constru\u00e7\u00e3o est\u00e1 ao n\u00edvel do que se espera de um produto concebido para durar. Nada d\u00e1 a impress\u00e3o de precisar de ser substitu\u00eddo ap\u00f3s algumas semanas.<\/p>\n<p>As limita\u00e7\u00f5es resultam principalmente da natureza da pedaleira original. Apesar da atualiza\u00e7\u00e3o, n\u00e3o \u00e9 poss\u00edvel transformar um SR-P num pedaleiro milagroso de topo de gama: a precis\u00e3o absoluta continua a ser inferior \u00e0 de uma boa c\u00e9lula de carga especializada. Segundo ponto: \u00e9 preciso sujar as m\u00e3os. Para alguns, estas regula\u00e7\u00f5es mec\u00e2nicas e as sucessivas montagens\/desmontagens para testar diferentes configura\u00e7\u00f5es podem parecer fastidiosas. Por fim, tudo permanece fechado no ecossistema MOZA: estamos a falar de um investimento relevante apenas se pretender ficar com esta pedaleira durante mais algum tempo.<\/p>\n<p>Em termos de valor, o kit de acess\u00f3rios SR-P \u00e9 uma atualiza\u00e7\u00e3o inteligente. N\u00e3o \u00e9 o acess\u00f3rio mais barato da sua configura\u00e7\u00e3o, mas o ganho em confian\u00e7a e consist\u00eancia de travagem torna-o um investimento sensato se pedalar muito e j\u00e1 tirar bom partido do seu equipamento atual. \u00c9 um compromisso financeiro menor do que uma mudan\u00e7a completa do pedaleiro, ao mesmo tempo que proporciona um verdadeiro salto qualitativo em termos de sensa\u00e7\u00e3o.<\/p>\n<h2>Veredicto<\/h2>\n<p>O kit de acess\u00f3rios MOZA SR-P n\u00e3o altera a pr\u00f3pria natureza do seu pedaleiro, mas ultrapassa claramente os seus limites. Numa configura\u00e7\u00e3o de gama m\u00e9dia, \u00e9 tipicamente a atualiza\u00e7\u00e3o que leva a sua travagem de \"ok\" para \"realmente utiliz\u00e1vel\" para trabalhar os seus pontos de travagem, a sua consist\u00eancia e a sua confian\u00e7a. A pedaleira SR-P torna-se mais s\u00e9ria, mais exigente, mas tamb\u00e9m mais gratificante de dominar.<\/p>\n<p>No mercado, este kit est\u00e1 posicionado como uma atualiza\u00e7\u00e3o de gama m\u00e9dia bem pensada: n\u00e3o esot\u00e9rico, n\u00e3o sobredimensionado, mas suficientemente sofisticado para fazer uma diferen\u00e7a real na pista. Destina-se a pilotos de simuladores que j\u00e1 est\u00e3o um pouco empenhados, que conhecem as suas necessidades e que sentem claramente as limita\u00e7\u00f5es de um trav\u00e3o demasiado suave ou demasiado aproximado. Para o principiante ocasional, n\u00e3o ser\u00e1 uma prioridade.<\/p>\n<p>Se planeia migrar rapidamente para uma c\u00e9lula de carga topo de gama ou um pedaleiro hidr\u00e1ulico, este kit pode ser uma divers\u00e3o desnecess\u00e1ria. Por outro lado, se quiser melhorar a sua configura\u00e7\u00e3o atual, tirar o m\u00e1ximo partido do seu pedaleiro SR-P e ganhar um passo em frente na precis\u00e3o da travagem, o kit de acess\u00f3rios MOZA SR-P faz todo o sentido. Se pretende tornar a sua travagem mais firme, mais leg\u00edvel e mais consistente com uma condu\u00e7\u00e3o de alto desempenho, este produto pode claramente fazer a diferen\u00e7a na sua configura\u00e7\u00e3o.<\/p>","protected":false},"excerpt":{"rendered":"<p>Este kit deu-me a sensa\u00e7\u00e3o de que uma pedaleira decente pode ser transformada numa travagem muito mais clara e confiante, especialmente para trabalhar os pontos de travagem e a consist\u00eancia. Faz sentido para os pilotos de simuladores j\u00e1 empenhados, que querem endurecer e aperfei\u00e7oar o seu SR-P sem terem de passar imediatamente para uma pedaleira topo de gama. A rela\u00e7\u00e3o custo-benef\u00edcio permanece coerente.<\/p>","protected":false},"featured_media":101544,"comment_status":"open","ping_status":"closed","template":"","meta":{"_acf_changed":false,"_et_pb_use_builder":"","_et_pb_old_content":"","_et_gb_content_width":""},"product_brand":[165],"product_cat":[153],"product_tag":[149],"class_list":{"0":"post-101543","1":"product","2":"type-product","3":"status-publish","4":"has-post-thumbnail","6":"product_brand-moza-racing","7":"product_cat-accessoires","8":"product_tag-pc","10":"first","11":"instock","12":"shipping-taxable","13":"product-type-external"},"acf":[],"_links":{"self":[{"href":"https:\/\/simracergear.com\/pt\/wp-json\/wp\/v2\/product\/101543","targetHints":{"allow":["GET"]}}],"collection":[{"href":"https:\/\/simracergear.com\/pt\/wp-json\/wp\/v2\/product"}],"about":[{"href":"https:\/\/simracergear.com\/pt\/wp-json\/wp\/v2\/types\/product"}],"replies":[{"embeddable":true,"href":"https:\/\/simracergear.com\/pt\/wp-json\/wp\/v2\/comments?post=101543"}],"wp:featuredmedia":[{"embeddable":true,"href":"https:\/\/simracergear.com\/pt\/wp-json\/wp\/v2\/media\/101544"}],"wp:attachment":[{"href":"https:\/\/simracergear.com\/pt\/wp-json\/wp\/v2\/media?parent=101543"}],"wp:term":[{"taxonomy":"product_brand","embeddable":true,"href":"https:\/\/simracergear.com\/pt\/wp-json\/wp\/v2\/product_brand?post=101543"},{"taxonomy":"product_cat","embeddable":true,"href":"https:\/\/simracergear.com\/pt\/wp-json\/wp\/v2\/product_cat?post=101543"},{"taxonomy":"product_tag","embeddable":true,"href":"https:\/\/simracergear.com\/pt\/wp-json\/wp\/v2\/product_tag?post=101543"}],"curies":[{"name":"wp","href":"https:\/\/api.w.org\/{rel}","templated":true}]}}