{"id":101563,"date":"2025-05-15T08:13:00","date_gmt":"2025-05-15T08:13:00","guid":{"rendered":"https:\/\/simracergear.com\/products\/moza-sr-p-pedal\/"},"modified":"2025-11-28T05:55:41","modified_gmt":"2025-11-28T05:55:41","slug":"moza-sr-p-pedal","status":"publish","type":"product","link":"https:\/\/simracergear.com\/pt\/products\/moza-sr-p-pedal\/","title":{"rendered":"Pedal MOZA SR-P"},"content":{"rendered":"<p>No mundo dos cranksets \"econ\u00f3micos\" para corridas simuladas, o MOZA SR-P estabeleceu-se rapidamente como uma op\u00e7\u00e3o muito vis\u00edvel. Trata-se claramente de um pedivela concebido para acompanhar as bases de n\u00edvel de entrada e de gama m\u00e9dia, com um objetivo simples: passar para a travagem por c\u00e9lula de carga sem estourar o or\u00e7amento. Destina-se aos simuladores que pretendem dar um verdadeiro passo em frente em termos de precis\u00e3o, sem mergulhar ainda em pedaleiros topo de gama totalmente met\u00e1licos a pre\u00e7os estratosf\u00e9ricos.<\/p>\n<p>No papel, o SR-P promete uma travagem mais consistente, uma sensa\u00e7\u00e3o mais realista do que a dos simples sensores de posi\u00e7\u00e3o e um ajuste suficiente para satisfazer tanto o jogador casual s\u00e9rio como o piloto virtual que passa horas e horas na liga. O meu ponto de vista \u00e9 simples: oferece realmente um melhor controlo do carro, travando mais tarde e com mais regularidade, mantendo-se agrad\u00e1vel e suficientemente modular para uma configura\u00e7\u00e3o dom\u00e9stica ou para um cockpit mais s\u00e9rio?<\/p>\n<p>Outro ponto importante: a MOZA est\u00e1 a avan\u00e7ar com o seu ecossistema completo (volantes, chainstays, pedais, software). O SR-P \u00e9 o ponto de entrada \"s\u00e9rio\" da marca para pedais. Por isso, tem de ser suficientemente cred\u00edvel para uma utiliza\u00e7\u00e3o intensiva, mantendo-se acess\u00edvel em termos de montagem, defini\u00e7\u00f5es e compatibilidade. Foi exatamente isso que me propus avaliar: sensa\u00e7\u00e3o sob os p\u00e9s, consist\u00eancia geral e valor real numa configura\u00e7\u00e3o moderna.<\/p>\n<h2>Conce\u00e7\u00e3o e fabrico<\/h2>\n<p>O MOZA SR-P tem um aspeto s\u00e9rio. Tudo \u00e9 feito de metal, com uma constru\u00e7\u00e3o em chapa de a\u00e7o bastante espessa, cortada e dobrada, que d\u00e1 a impress\u00e3o correta de rigidez para a gama. A base \u00e9 larga, os pedais est\u00e3o montados numa estrutura tipo \"placa\" com refor\u00e7os e parece ter sido concebido para ser aparafusado a um cockpit ou, pelo menos, colocado numa placa antiderrapante. Na m\u00e3o, as pe\u00e7as inspiram mais confian\u00e7a do que a maioria dos pedaleiros de pl\u00e1stico de n\u00edvel b\u00e1sico.<\/p>\n<p>Os pr\u00f3prios pedais t\u00eam um design bastante industrial. N\u00e3o se trata de um tarugo de alum\u00ednio maquinado de alta qualidade, mas o acabamento \u00e9 limpo e consistente, sem rebarbas inc\u00f3modas. As superf\u00edcies s\u00e3o ligeiramente texturadas, a tinta parece resistente e o conjunto n\u00e3o tem aquela sensa\u00e7\u00e3o de \"brinquedo\" que se encontra em alguns dos conjuntos mais baratos da concorr\u00eancia. Quando se pressiona com for\u00e7a, n\u00e3o se dobra em todas as direc\u00e7\u00f5es. H\u00e1 uma sensa\u00e7\u00e3o de densidade e um m\u00ednimo de fiabilidade mec\u00e2nica.<\/p>\n<p>O que \u00e9 surpreendente \u00e9 a sensa\u00e7\u00e3o geral de robustez para o pre\u00e7o. N\u00e3o se tem medo de carregar nos trav\u00f5es com uma travagem forte. O pedaleiro n\u00e3o parece que se vai dobrar com uma travagem forte. A este n\u00edvel de pre\u00e7o, isto \u00e9 uma verdadeira vantagem. A durabilidade a longo prazo ainda est\u00e1 para ser vista, mas a escolha dos materiais e o tipo de montagem inspiram mais confian\u00e7a do que as solu\u00e7\u00f5es totalmente em pl\u00e1stico.<\/p>\n<p>O que \u00e9 um pouco dececionante \u00e9 a apar\u00eancia ligeiramente \"chapa de metal\", muito angular, menos premium do que os pedivelas de alum\u00ednio fundido ou maquinado que se encontram na gama m\u00e9dia\/alta. H\u00e1 uma clara falta de \"luxo\" e requinte em compara\u00e7\u00e3o com pedais mais caros, tanto em termos da delicadeza dos ajustes mec\u00e2nicos como do aspeto visual. A sensa\u00e7\u00e3o b\u00e1sica de curso e progressividade tamb\u00e9m pode parecer um pouco rudimentar em compara\u00e7\u00e3o com os modelos de gama alta, mas estamos num escal\u00e3o de pre\u00e7os diferente, o que coloca as coisas em perspetiva.<\/p>\n<h2>Defini\u00e7\u00f5es, personaliza\u00e7\u00e3o e compatibilidade<\/h2>\n<p>O MOZA SR-P posiciona-se como um pedaleiro acess\u00edvel, digno de um simulador que quer realmente afinar a sua sensa\u00e7\u00e3o. Os ajustes mec\u00e2nicos s\u00e3o b\u00e1sicos mas \u00fateis: posi\u00e7\u00e3o do pedal, \u00e2ngulo e dureza atrav\u00e9s de molas e elast\u00f3meros (dependendo da vers\u00e3o e da montagem). N\u00e3o estamos a falar da ultra-personaliza\u00e7\u00e3o de um pedaleiro de competi\u00e7\u00e3o, mas h\u00e1 o suficiente para adaptar a ergonomia a um cockpit GT ou a uma posi\u00e7\u00e3o um pouco mais F1 e, sobretudo, para ajustar a dureza dos trav\u00f5es.<\/p>\n<p>Quanto ao software, est\u00e1 tudo no software MOZA Pit House. A interface \u00e9 bastante simples, permitindo-lhe calibrar os tr\u00eas pedais e ajustar as curvas de resposta e as zonas mortas. \u00c9 aqui que o SR-P realmente se destaca. \u00c9 poss\u00edvel, por exemplo, tornar o acelerador mais progressivo na primeira parte do curso para uma melhor medi\u00e7\u00e3o na sa\u00edda, ou endurecer virtualmente o in\u00edcio da travagem. A curva de aprendizagem \u00e9 razo\u00e1vel: mesmo que n\u00e3o seja um perito, vai apanhar-lhe o jeito muito rapidamente, desde que dedique algum tempo a test\u00e1-lo e a afin\u00e1-lo.<\/p>\n<p>A compatibilidade \u00e9 essencialmente orientada para o PC, com uma integra\u00e7\u00e3o perfeita no ecossistema MOZA. Ligada a um PC, a pedaleira \u00e9 facilmente reconhecida e os jogos de simula\u00e7\u00e3o populares detectam-na corretamente. Numa consola, a situa\u00e7\u00e3o depende muito do resto do hardware: utilizada isoladamente em USB direto, pode ser limitada ou complicada, e ter\u00e1 frequentemente de passar pela base MOZA compat\u00edvel ou por outro intermedi\u00e1rio. O SR-P foi realmente concebido como uma pe\u00e7a de configura\u00e7\u00e3o para PC, antes de mais.<\/p>\n<p>Em termos de ecossistema, integra-se bem com bases e volantes MOZA, mas tamb\u00e9m pode ser adaptado a uma configura\u00e7\u00e3o mista com outras marcas, desde que o PC reconhe\u00e7a o perif\u00e9rico e o cockpit tenha os orif\u00edcios adequados ou uma placa universal. Como ponto de entrada, \u00e9 consistente: pode come\u00e7ar com ele numa configura\u00e7\u00e3o de gama m\u00e9dia e mant\u00ea-lo durante muito tempo, mesmo que actualize a base e o volante. N\u00e3o se trata de um produto puramente tempor\u00e1rio ou descart\u00e1vel.<\/p>\n<h2>Sensa\u00e7\u00f5es em jogo<\/h2>\n<p>O cerne da quest\u00e3o com a MOZA SR-P \u00e9 obviamente a forma como se sente na pista, especialmente quando se trata de travagem. A mudan\u00e7a para uma c\u00e9lula de carga muda claramente a forma como se pedala em compara\u00e7\u00e3o com um simples pedaleiro com sensor de posi\u00e7\u00e3o. Aqui, travamos realmente de acordo com a for\u00e7a aplicada ao pedal, n\u00e3o com a dist\u00e2ncia percorrida. O resultado imediato: os pontos de travagem tornam-se mais repet\u00edveis, a dosagem na entrada da curva \u00e9 mais precisa e os bloqueios das rodas s\u00e3o mais f\u00e1ceis de antecipar.<\/p>\n<p>Na pista, \u00e9 nas fases de travagem a fundo e de liberta\u00e7\u00e3o gradual que os pedais realmente se destacam. \u00c9 poss\u00edvel colocar o carro em linha reta e depois libertar a press\u00e3o, seguindo o que se sente no volante e o que se v\u00ea no ecr\u00e3, sem aquela impress\u00e3o de uma \"zona morta desfocada\" a meio da corrida. Come\u00e7a-se realmente a \"jogar\" com a press\u00e3o do p\u00e9 e n\u00e3o com a posi\u00e7\u00e3o do tornozelo. De repente, percebe-se onde se est\u00e1 na zona de travagem.<\/p>\n<p>As leituras de ader\u00eancia beneficiam muito com esta abordagem. Quando os pneus come\u00e7am a saturar, \u00e9 mais f\u00e1cil sentir quando \u00e9 altura de abrandar um pouco. Combinado com um volante correto, \u00e9 poss\u00edvel ler melhor o limite. O pedaleiro em si n\u00e3o gera, obviamente, feedback de for\u00e7a, mas a sua linearidade e a rela\u00e7\u00e3o entre a for\u00e7a aplicada e a pot\u00eancia de travagem tornam estas fases muito mais naturais. H\u00e1 menos sensa\u00e7\u00e3o de \"tudo ou nada\" do que em alguns pedaleiros de n\u00edvel b\u00e1sico.<\/p>\n<p>Nos vibradores, o impacto \u00e9 indireto mas real. Uma travagem bem ponderada permite-lhe entrar nas cordas agressivas de forma mais limpa, sem fazer saltar demasiado o carro. Pode dar-se ao luxo de travar um pouco mais tarde e ainda ter alguma margem de modula\u00e7\u00e3o no final. \u00c9 a\u00ed que o SR-P nos d\u00e1 a sensa\u00e7\u00e3o de estarmos a poupar tempo de volta. Somos mais ousados, porque temos o pedal para recuperar o atraso se o carro come\u00e7ar a desestabilizar.<\/p>\n<p>Em correc\u00e7\u00f5es r\u00e1pidas, o principal benef\u00edcio \u00e9 visto quando se retoma o acelerador. O acelerador do SR-P \u00e9 razoavelmente progressivo, mas tamb\u00e9m n\u00e3o \u00e9 perfeito. \u00c9 poss\u00edvel afinar o acelerador \u00e0 sa\u00edda de uma curva, especialmente depois de ajustar a curva no software. N\u00e3o transforma a experi\u00eancia de condu\u00e7\u00e3o da mesma forma que a travagem, mas \u00e9 poss\u00edvel sentir um ganho de finesse em compara\u00e7\u00e3o com um pedaleiro muito b\u00e1sico. As correc\u00e7\u00f5es em pistas molhadas ou com uma potente tra\u00e7\u00e3o traseira tornam-se mais f\u00e1ceis de gerir.<\/p>\n<p>Durante longas sess\u00f5es, a consist\u00eancia \u00e9 geralmente boa. O trav\u00e3o n\u00e3o altera o seu comportamento, a for\u00e7a necess\u00e1ria mant\u00e9m-se constante e a fadiga prov\u00e9m principalmente do ciclista e n\u00e3o do equipamento. Se o trav\u00e3o for muito forte, a perna pode ficar cansada, mas \u00e9 esse o princ\u00edpio do trav\u00e3o de c\u00e9lula de carga: trabalha-se mais com os quadr\u00edceps. Com uma regula\u00e7\u00e3o ligeiramente mais moderada, encontra um bom equil\u00edbrio entre realismo e conforto. A estabilidade mec\u00e2nica do pedaleiro tamb\u00e9m contribui para esta consist\u00eancia, desde que esteja corretamente fixado.<\/p>\n<p>Em compara\u00e7\u00e3o com um pedaleiro de entrada sem c\u00e9lula de carga, \u00e9 noite e dia nos trav\u00f5es. Trava-se mais tarde, com mais precis\u00e3o, e ganha-se muita confian\u00e7a. Em compara\u00e7\u00e3o com um pedaleiro de gama alta, o SR-P parece um pouco menos refinado em termos de sensa\u00e7\u00e3o pura: a transi\u00e7\u00e3o entre as diferentes fases de travagem \u00e9 um pouco menos \"amanteigada\", menos progressiva, e a mec\u00e2nica carece por vezes daquele micro-detalhe encontrado nos conjuntos premium. Mas para o seu segmento, o salto qualitativo continua a ser claro. \u00c9 um mundo de dist\u00e2ncia dos pedais b\u00e1sicos que acompanham muitos volantes.<\/p>\n<p>Em termos de imers\u00e3o geral, os pedais cumprem bem a sua fun\u00e7\u00e3o: sentimos que estamos a conduzir com os p\u00e9s e n\u00e3o apenas a \"jogar\" carregando em bot\u00f5es. Sabe-se o que se est\u00e1 a fazer ao carro. E isso, para um simulador que quer progredir, \u00e9 provavelmente o argumento mais forte.<\/p>\n<h2>A quem se destina? Pontos fortes e limita\u00e7\u00f5es<\/h2>\n<p>O MOZA SR-P \u00e9 claramente destinado aos pilotos de PC sim que j\u00e1 t\u00eam um m\u00ednimo de motiva\u00e7\u00e3o para progredir e que querem investir numa pedaleira mais s\u00e9ria, sem necessariamente saltar diretamente para o topo da gama. Est\u00e1 bem adaptado ao perfil \"interm\u00e9dio\": aqueles que j\u00e1 t\u00eam um cockpit ou um suporte r\u00edgido, algumas centenas de horas de experi\u00eancia de condu\u00e7\u00e3o e que sentem que a sua pedaleira original os est\u00e1 a atrasar, tanto literal como figurativamente. Para um principiante ambicioso, \u00e9 tamb\u00e9m uma boa base, desde que aceite um pouco de tempo para se adaptar ao trav\u00e3o de for\u00e7a.<\/p>\n<p>O que me agrada particularmente \u00e9 o equil\u00edbrio entre o pre\u00e7o, a constru\u00e7\u00e3o e a melhoria da manobrabilidade. A c\u00e9lula de carga dos trav\u00f5es muda realmente a forma como se conduz. A rigidez geral \u00e9 suficiente para travar a fundo sem tremer, e as defini\u00e7\u00f5es do software permitem-lhe adaptar-se a diferentes estilos de condu\u00e7\u00e3o e carros. Integrado num ecossistema MOZA, o SR-P faz ainda mais sentido, com calibra\u00e7\u00e3o centralizada e uma experi\u00eancia bastante consistente. Fica-se com a sensa\u00e7\u00e3o de que a pedaleira foi concebida para ser utilizada a s\u00e9rio e n\u00e3o apenas como um acess\u00f3rio.<\/p>\n<p>Mas h\u00e1 limites. Em primeiro lugar, esta n\u00e3o \u00e9 uma pedaleira \"ligar e esquecer\" para uma sala de estar alcatifada: precisa de ser devidamente fixada para revelar todo o seu potencial. Sem um cockpit ou um suporte r\u00edgido, a experi\u00eancia deteriora-se rapidamente. Em segundo lugar, em compara\u00e7\u00e3o com os pedivelas de gama alta, a sensa\u00e7\u00e3o pura sob os p\u00e9s \u00e9 um pouco menos refinada, especialmente quando se trata de travagem progressiva. \u00c9 f\u00e1cil ver como foram feitas concess\u00f5es de design para manter o pre\u00e7o baixo. Por fim, a compatibilidade com as consolas \u00e9 limitada e depende do resto da configura\u00e7\u00e3o, o que reduz o seu apelo para os jogadores de consolas.<\/p>\n<p>Em termos de investimento, o SR-P \u00e9 um \"game changer\" de baixo custo para quem vem de um pedaleiro convencional. O valor percebido \u00e9 bom: est\u00e1 a pagar por um ganho real em termos de desempenho e consist\u00eancia, e n\u00e3o por um design sup\u00e9rfluo. Para uma configura\u00e7\u00e3o de PC orientada para a simula\u00e7\u00e3o, \u00e9 um investimento que faz muito mais sentido do que simplesmente mudar o volante e manter os pedais b\u00e1sicos.<\/p>\n<h2>Veredicto<\/h2>\n<p>A MOZA SR-P ocupa uma posi\u00e7\u00e3o estrat\u00e9gica numa configura\u00e7\u00e3o moderna de simracing: \u00e9 frequentemente a primeira pedaleira com c\u00e9lula de carga real que se compra, aquela que muda a travagem para uma abordagem mais s\u00e9ria. Em termos concretos, o que muda \u00e9 a capacidade de travar mais tarde, com mais for\u00e7a e, acima de tudo, repetidamente. Ganha-se em confian\u00e7a, consist\u00eancia e compreens\u00e3o do comportamento do autom\u00f3vel. Para um autom\u00f3vel de gama m\u00e9dia, o impacto nos tempos por volta e no prazer de condu\u00e7\u00e3o \u00e9 muito tang\u00edvel.<\/p>\n<p>No mercado, est\u00e1 claramente posicionada como uma pedaleira de gama m\u00e9dia acess\u00edvel, acima dos conjuntos de pacotes que v\u00eam com muitas rodas, mas abaixo dos monstros de alum\u00ednio s\u00f3lido premium. \u00c9 um ponto de articula\u00e7\u00e3o ideal para construir uma configura\u00e7\u00e3o de PC orientada para o desempenho, especialmente se estiver a considerar ou j\u00e1 possuir uma base MOZA. Para o jogador ocasional de consola ou para algu\u00e9m que n\u00e3o consegue montar a sua pedalboard de forma segura, outras op\u00e7\u00f5es mais simples podem por vezes ser mais adequadas.<\/p>\n<p>Se est\u00e1 \u00e0 procura de um pedaleiro s\u00f3lido e preciso com um verdadeiro trav\u00e3o de c\u00e9lula de carga para levar a sua pedalada para o pr\u00f3ximo n\u00edvel sem estourar o seu or\u00e7amento, o MOZA SR-P pode fazer toda a diferen\u00e7a na sua configura\u00e7\u00e3o.<\/p>","protected":false},"excerpt":{"rendered":"<p>Esta pedaleira traz um verdadeiro salto em frente no controlo da travagem: trava-se mais tarde, com mais for\u00e7a e, sobretudo, com mais regularidade, o que muda claramente a forma como se conduz. Faz sentido para os pilotos de simula\u00e7\u00e3o de PC motivados que j\u00e1 disp\u00f5em de algum equipamento (cockpit ou suporte r\u00edgido) e que pretendem subir uma mudan\u00e7a sem ter como objetivo o topo de gama. A rela\u00e7\u00e3o ganhos de pilotagem\/pre\u00e7o \u00e9 coerente.<\/p>","protected":false},"featured_media":101564,"comment_status":"open","ping_status":"closed","template":"","meta":{"_acf_changed":false,"_et_pb_use_builder":"","_et_pb_old_content":"","_et_gb_content_width":""},"product_brand":[165],"product_cat":[162],"product_tag":[149],"class_list":{"0":"post-101563","1":"product","2":"type-product","3":"status-publish","4":"has-post-thumbnail","6":"product_brand-moza-racing","7":"product_cat-pedalier","8":"product_tag-pc","10":"first","11":"instock","12":"shipping-taxable","13":"product-type-external"},"acf":[],"_links":{"self":[{"href":"https:\/\/simracergear.com\/pt\/wp-json\/wp\/v2\/product\/101563","targetHints":{"allow":["GET"]}}],"collection":[{"href":"https:\/\/simracergear.com\/pt\/wp-json\/wp\/v2\/product"}],"about":[{"href":"https:\/\/simracergear.com\/pt\/wp-json\/wp\/v2\/types\/product"}],"replies":[{"embeddable":true,"href":"https:\/\/simracergear.com\/pt\/wp-json\/wp\/v2\/comments?post=101563"}],"wp:featuredmedia":[{"embeddable":true,"href":"https:\/\/simracergear.com\/pt\/wp-json\/wp\/v2\/media\/101564"}],"wp:attachment":[{"href":"https:\/\/simracergear.com\/pt\/wp-json\/wp\/v2\/media?parent=101563"}],"wp:term":[{"taxonomy":"product_brand","embeddable":true,"href":"https:\/\/simracergear.com\/pt\/wp-json\/wp\/v2\/product_brand?post=101563"},{"taxonomy":"product_cat","embeddable":true,"href":"https:\/\/simracergear.com\/pt\/wp-json\/wp\/v2\/product_cat?post=101563"},{"taxonomy":"product_tag","embeddable":true,"href":"https:\/\/simracergear.com\/pt\/wp-json\/wp\/v2\/product_tag?post=101563"}],"curies":[{"name":"wp","href":"https:\/\/api.w.org\/{rel}","templated":true}]}}