{"id":101826,"date":"2025-05-22T09:44:00","date_gmt":"2025-05-22T09:44:00","guid":{"rendered":"https:\/\/simracergear.com\/?post_type=product&#038;p=101826"},"modified":"2025-11-28T06:07:52","modified_gmt":"2025-11-28T06:07:52","slug":"asetek-la-prima-wheelbase-12nm","status":"publish","type":"product","link":"https:\/\/simracergear.com\/pt\/products\/asetek-la-prima-wheelbase-12nm\/","title":{"rendered":"Asetek La Prima Dist\u00e2ncia entre eixos (12Nm)"},"content":{"rendered":"<h2>Asetek La Prima Wheelbase (12 Nm): teste e revis\u00e3o completa<\/h2>\n<p>A La Prima Wheelbase da Asetek entra num segmento muito disputado: a transmiss\u00e3o direta \"acess\u00edvel\", com cerca de 10-12 Nm, concebida para os pilotos de simuladores que querem fazer uma verdadeira descoberta sem entrar no topo do mercado. No papel, esta base promete um bin\u00e1rio suficiente para ser exigente, um acabamento s\u00e9rio e um ecossistema que a Asetek est\u00e1 a construir.<\/p>\n<p>O que atrai as pessoas \u00e9 este posicionamento fulcral: suficientemente potente para conduzir carros GT, monolugares e de rali de forma cred\u00edvel, mas ainda assim \"manej\u00e1vel\" para uma primeira transmiss\u00e3o direta. A Asetek est\u00e1 tamb\u00e9m a apostar na sua imagem de marca puramente orientada para o desempenho, com \u00eanfase na sensa\u00e7\u00e3o, rigidez e consist\u00eancia da gama.<\/p>\n<p>O meu \u00e2ngulo de an\u00e1lise gira em torno de tr\u00eas pontos: a qualidade do force feedback (finesse + pot\u00eancia), a facilidade de manuseamento para quem vem de um volante de cinto e engrenagem e a relev\u00e2ncia desta base como alicerce de uma configura\u00e7\u00e3o em evolu\u00e7\u00e3o. O objetivo \u00e9 simples: ver se este La Prima oferece uma verdadeira mais-valia em pista, ou se \u00e9 apenas mais uma alternativa numa gama j\u00e1 densa.<\/p>\n<h2>Conce\u00e7\u00e3o e fabrico<\/h2>\n<p>Visualmente, a La Prima Wheelbase transpira seriedade. O chassis met\u00e1lico, com o seu aspeto angular e compacto, d\u00e1 a impress\u00e3o de um bloco monol\u00edtico. Na m\u00e3o, a base tem uma densidade tranquilizadora: nada parece oco, nada se move quando a manuseamos. Fica-se imediatamente com a impress\u00e3o de um produto concebido para aguentar o esfor\u00e7o, e n\u00e3o de uma caixa reembalada.<\/p>\n<p>O acabamento \u00e9 limpo, com arestas bem maquinadas e uma montagem precisa. As superf\u00edcies inspiram confian\u00e7a, sem tentarem ser vistosas. O design \u00e9 funcional, quase industrial, mas adapta-se bem a um cockpit. Uma vez fixada no lugar, a base n\u00e3o flecte, mesmo com um bin\u00e1rio elevado: a rigidez \u00e9 claramente um ponto forte. \u00c9 aqui que entra em jogo a filosofia Asetek: \u00e9 melhor ter uma unidade compacta e altamente r\u00edgida do que uma grande e fr\u00e1gil.<\/p>\n<p>O que \u00e9 surpreendente \u00e9 a impress\u00e3o de um produto \"s\u00e9rio\" a partir do momento em que o desembalamos. O motor de transmiss\u00e3o direta parece estar corretamente dimensionado para 12 Nm, sem exagerar, e tudo isto parece mais uma ferramenta do que um gadget. \u00c9 muito diferente das bases de pl\u00e1stico ou semi-pl\u00e1stico de n\u00edvel b\u00e1sico.<\/p>\n<p>Por outro lado, alguns dos pormenores podem ser um pouco decepcionantes, dependendo das expectativas. O design mant\u00e9m-se bastante s\u00f3brio, at\u00e9 mesmo frio, para quem gosta de efeitos de luz ou de um estilo mais \"gaming\". Tamb\u00e9m \u00e9 claro que n\u00e3o estamos a lidar com o n\u00edvel de refinamento visual de um produto muito sofisticado: os acabamentos s\u00e3o limpos, mas n\u00e3o luxuosos. Em compara\u00e7\u00e3o com outras bases de pot\u00eancia compar\u00e1vel, a qualidade percebida est\u00e1 no topo da gama em termos de solidez, mas um pouco mais neutra em termos de \"efeito uau\" est\u00e9tico.<\/p>\n<h2>Defini\u00e7\u00f5es, personaliza\u00e7\u00e3o e compatibilidade<\/h2>\n<p>No que respeita ao software, a Asetek optou por uma interface clara com defini\u00e7\u00f5es bem organizadas. Existem os cl\u00e1ssicos: for\u00e7a total, filtro, fric\u00e7\u00e3o, amortecedor, in\u00e9rcia e algumas op\u00e7\u00f5es para afinar a sensa\u00e7\u00e3o de acordo com os diferentes tipos de carros. Os menus s\u00e3o suficientemente claros para que os utilizadores interm\u00e9dios se orientem rapidamente, sem necessidade de se debru\u00e7arem sobre um manual t\u00e9cnico.<\/p>\n<p>As predefini\u00e7\u00f5es fornecidas para determinados tipos de ve\u00edculos ou simula\u00e7\u00f5es constituem um bom ponto de partida. N\u00e3o s\u00e3o perfeitas, mas permitem compreender rapidamente o que cada par\u00e2metro modifica. Pela minha parte, achei a curva de aprendizagem razo\u00e1vel: algumas sess\u00f5es s\u00e3o suficientes para obter uma sensa\u00e7\u00e3o coerente, especialmente se souber vagamente o que procura (mais detalhe nos ressaltos, menos filtro, etc.). Se \u00e9 um completo principiante na transmiss\u00e3o direta, \u00e9 prov\u00e1vel que haja uma fase de adapta\u00e7\u00e3o, mas n\u00e3o \u00e9 nada que o incomode.<\/p>\n<p>As defini\u00e7\u00f5es realmente \u00fateis s\u00e3o as que afectam a clareza do feedback e a gest\u00e3o dos picos de bin\u00e1rio. A La Prima permite-lhe suavizar o comportamento sem matar a informa\u00e7\u00e3o ou, pelo contr\u00e1rio, torn\u00e1-lo mais cru e direto. Pode torn\u00e1-lo muito d\u00f3cil para uma utiliza\u00e7\u00e3o mais casual, ou mais vivo para os pilotos de simuladores que gostam de sentir cada perda de ader\u00eancia.<\/p>\n<p>A base \u00e9 orientada para o PC, como a maioria dos produtos deste segmento. A compatibilidade com as consolas depender\u00e1 das rodas e do ecossistema escolhidos, e este n\u00e3o \u00e9 claramente o seu principal ponto forte. Parece que o alvo principal s\u00e3o os utilizadores de PC com um cockpit s\u00f3lido.<\/p>\n<p>Quanto ao ecossistema, a Asetek oferece obviamente os seus pr\u00f3prios volantes, pedais e acess\u00f3rios, com uma l\u00f3gica de gama bastante clara. A base adapta-se bem a estes componentes e o sistema de fixa\u00e7\u00e3o\/desbloqueio r\u00e1pido foi concebido para ser r\u00edgido e f\u00e1cil de utilizar. A compatibilidade com outros componentes (pedaleiros, manetes) via USB continua a ser poss\u00edvel atrav\u00e9s do PC, mas este \u00e9 um mundo concebido essencialmente para permanecer \"na fam\u00edlia\". Em termos de possibilidade de atualiza\u00e7\u00e3o, a La Prima funciona claramente como um ponto de entrada no ecossistema Asetek, mas \u00e9 tamb\u00e9m uma base que pode acompanhar um simulador de corrida a longo prazo sem ficar desactualizada em poucos meses.<\/p>\n<h2>Sensa\u00e7\u00f5es em jogo<\/h2>\n<p>\u00c9 na pista virtual que o La Prima Wheelbase mostra do que \u00e9 capaz. Com 12 Nm, estamos numa zona de pot\u00eancia muito agrad\u00e1vel: suficientemente musculada para oferecer um verdadeiro compromisso f\u00edsico, mas sem se tornar cansativa ap\u00f3s algumas voltas, se as defini\u00e7\u00f5es estiverem bem ajustadas. O bin\u00e1rio dispon\u00edvel permite efeitos n\u00edtidos, mudan\u00e7as de press\u00e3o pronunciadas e reac\u00e7\u00f5es claras em caso de perda de controlo.<\/p>\n<p>A precis\u00e3o do FFB \u00e9 uma das carater\u00edsticas mais marcantes. A base transmite as varia\u00e7\u00f5es de carga ao eixo dianteiro de forma clara, com um centro bem mantido. A dire\u00e7\u00e3o \u00e9 firme e reactiva, e as micro-correc\u00e7\u00f5es s\u00e3o feitas naturalmente. Percebe-se imediatamente o que o carro est\u00e1 a fazer. Isto \u00e9 particularmente apreciado em monolugares muito r\u00edgidos ou em carros GT, onde cada pequena transfer\u00eancia de massa conta.<\/p>\n<p>Nas curvas, o comportamento \u00e9 s\u00f3lido. Sente-se claramente o aumento do esfor\u00e7o \u00e0 medida que a ader\u00eancia aumenta, depois o ligeiro abrandamento quando se come\u00e7a a ultrapassar o limite. Esta transi\u00e7\u00e3o entre a ader\u00eancia e o deslizamento \u00e9 bastante gradual, o que ajuda imenso a antecipar qualquer perda de controlo. Em compara\u00e7\u00e3o com um sistema com cinto, ganhamos em imediatismo: as varia\u00e7\u00f5es de esfor\u00e7o s\u00e3o mais diretas, menos \"arredondadas\".<\/p>\n<p>As leituras de ader\u00eancia s\u00e3o geralmente muito boas para esta categoria. \u00c9 poss\u00edvel sentir o in\u00edcio da subviragem, pequenas perdas de ader\u00eancia traseira e correc\u00e7\u00f5es no equil\u00edbrio do chassis. Numa pista irregular ou com pneus gastos, \u00e9 poss\u00edvel sentir a deteriora\u00e7\u00e3o do comportamento, o que aumenta a confian\u00e7a. \u00c9 aqui que a base muda realmente a experi\u00eancia, especialmente quando se vem de um sistema mais b\u00e1sico.<\/p>\n<p>Os vibradores s\u00e3o bem processados, com uma sensa\u00e7\u00e3o seca, mas n\u00e3o desagrad\u00e1vel, se os filtros estiverem corretamente regulados. Sente-se a diferen\u00e7a entre um vibrador plano que se pode \"comer\" e um vibrador agressivo que perturba o carro. A base tem for\u00e7a suficiente para transmitir a informa\u00e7\u00e3o, sem saturar. Nos grandes vibradores dos circuitos urbanos ou em certas pistas agressivas, pode optar por suavizar ligeiramente as coisas para evitar que a sess\u00e3o se torne demasiado f\u00edsica.<\/p>\n<p>Em longas sess\u00f5es, a consist\u00eancia \u00e9 boa. O bin\u00e1rio n\u00e3o enfraquece, o chainstay n\u00e3o aquece ao ponto de alterar a sensa\u00e7\u00e3o e o feedback mant\u00e9m-se est\u00e1vel. A fadiga depender\u00e1 sobretudo das regula\u00e7\u00f5es escolhidas: na pot\u00eancia m\u00e1xima, num cockpit muito r\u00edgido, pode tornar-se desportiva, mas se se mantiver numa gama de 60-80 % de for\u00e7a m\u00e1xima, encontrar\u00e1 um bom compromisso entre imers\u00e3o e conforto.<\/p>\n<p>Nas correc\u00e7\u00f5es r\u00e1pidas, a capacidade de resposta do motor faz toda a diferen\u00e7a. O contra-ester\u00e7o, a recupera\u00e7\u00e3o da sobreviragem e as mudan\u00e7as r\u00e1pidas de dire\u00e7\u00e3o s\u00e3o mais control\u00e1veis do que com uma base menos potente ou mais filtrada. O volante volta ao lugar de forma limpa, sem lat\u00eancia percet\u00edvel, e pode realmente \"trabalhar\" o carro at\u00e9 ao limite. Em ralis e em carros muito nervosos, este aspeto proporciona um verdadeiro ganho de controlo.<\/p>\n<p>Em compara\u00e7\u00e3o com uma base menos potente (normalmente cerca de 5-8 Nm), a sensa\u00e7\u00e3o principal \u00e9 a reserva. H\u00e1 mais espa\u00e7o antes da satura\u00e7\u00e3o. As grandes press\u00f5es, compress\u00f5es e impactos s\u00e3o mais n\u00edtidos, n\u00e3o se sente apenas uma \"parede\" de for\u00e7a. Em compara\u00e7\u00e3o com uma base mais potente (20 Nm ou mais), perde-se um pouco em brutalidade pura e margem final, mas ganha-se frequentemente em conforto de regula\u00e7\u00e3o. A La Prima est\u00e1 posicionada como o ponto ideal para muitos pilotos de simuladores: pot\u00eancia suficiente para levar a s\u00e9rio os accionamentos diretos, sem cair em exig\u00eancias f\u00edsicas extremas.<\/p>\n<p>No geral, a imers\u00e3o \u00e9 s\u00f3lida: sente-se ligado \u00e0 pista, a informa\u00e7\u00e3o \u00e9 transmitida de forma clara e ganha-se rapidamente confian\u00e7a para atacar com mais for\u00e7a. O volante torna-se uma verdadeira ferramenta de condu\u00e7\u00e3o e n\u00e3o apenas um dispositivo de jogo.<\/p>\n<h2>A quem se destina? Do que gostamos \/ Do que n\u00e3o gostamos<\/h2>\n<p>O La Prima Wheelbase destina-se claramente ao piloto de simuladores motivado, interm\u00e9dio ou em progress\u00e3o, que quer ultrapassar ou j\u00e1 ultrapassou o volante de n\u00edvel b\u00e1sico. \u00c9 uma excelente base para um jogador de PC com um cockpit r\u00edgido e um desejo de conduzir regularmente, seja em GT, monolugares ou ralis. Um principiante altamente motivado pode tamb\u00e9m consider\u00e1-lo um excelente ponto de partida, desde que aceite uma curva de aprendizagem curta e invista numa configura\u00e7\u00e3o est\u00e1vel.<\/p>\n<p>O que me agrada particularmente \u00e9 a rigidez geral do sistema, a qualidade do force feedback e a clareza da informa\u00e7\u00e3o transmitida. A base proporciona uma sensa\u00e7\u00e3o limpa e previs\u00edvel, sem ru\u00eddos parasitas excessivos. Tamb\u00e9m consegue fornecer uma boa pot\u00eancia utiliz\u00e1vel sem impor configura\u00e7\u00f5es ultra-complexas: \u00e9 poss\u00edvel obter um resultado muito bom com alguns ajustes simples. Em termos de qualidade percebida, temos tamb\u00e9m a impress\u00e3o de um produto concebido para durar e para se integrar num ecossistema coerente.<\/p>\n<p>No que diz respeito \u00e0s limita\u00e7\u00f5es, o posicionamento muito orientado para o PC e para o ecossistema da Asetek reduz um pouco a flexibilidade para quem procura uma solu\u00e7\u00e3o multiplataforma simples ou gosta de misturar marcas. Alguns podem achar que a est\u00e9tica \u00e9 um pouco desprovida de personalidade, especialmente se gostar de bases muito \"vistosas\". Por fim, com 12 Nm, tamb\u00e9m n\u00e3o \u00e9 um monstro de bin\u00e1rio: os puristas que querem absolutamente 20 Nm ou mais podem achar a base um pouco \"s\u00e1bia\", mesmo que, na pr\u00e1tica, a maioria dos pilotos de simuladores nunca v\u00e1 querer mais pot\u00eancia.<\/p>\n<p>Em termos de investimento, a La Prima \u00e9 claramente um produto a ser considerado a longo prazo. N\u00e3o se trata de uma compra por impulso, \u00e9 um componente central da sua configura\u00e7\u00e3o. O valor percebido depender\u00e1 muito do seu n\u00edvel de compromisso com as corridas de simuladores: para algu\u00e9m que pilota com frequ\u00eancia, a diferen\u00e7a de sensa\u00e7\u00e3o em compara\u00e7\u00e3o com um volante de n\u00edvel b\u00e1sico mais do que justifica o salto. Para um jogador muito ocasional, o investimento pode parecer mais dif\u00edcil de recuperar.<\/p>\n<h2>Veredicto<\/h2>\n<p>O Asetek La Prima Wheelbase (12 Nm) traz uma mudan\u00e7a real a uma configura\u00e7\u00e3o destinada a corridas de simuladores s\u00e9rias. Transforma uma configura\u00e7\u00e3o \"decente\" numa ferramenta de condu\u00e7\u00e3o cred\u00edvel, com um feedback de for\u00e7a suficientemente potente e preciso para levar o carro ao limite. Estamos claramente a aproximar-nos das sensa\u00e7\u00f5es de um equipamento avan\u00e7ado de gama m\u00e9dia, ou mesmo do topo de gama em certos aspectos de sensa\u00e7\u00e3o e rigidez.<\/p>\n<p>No mercado, \u00e9 uma solu\u00e7\u00e3o essencial: mais ambiciosa do que uma transmiss\u00e3o direta de n\u00edvel b\u00e1sico, mas menos extrema e menos dispendiosa do que as bases muito potentes. A sua for\u00e7a reside no equil\u00edbrio entre desempenho, facilidade de utiliza\u00e7\u00e3o e qualidade de constru\u00e7\u00e3o. N\u00e3o \u00e9 a escolha ideal se pretender absolutamente uma compatibilidade simples com consolas ou se estiver \u00e0 procura de pot\u00eancia bruta acima de tudo. Por outro lado, para um piloto de simuladores de PC que pretenda uma base s\u00f3lida e atualiz\u00e1vel compat\u00edvel com um ecossistema estruturado, esta base preenche muitos requisitos.<\/p>\n<p>Se procura uma base de transmiss\u00e3o direta s\u00e9ria, capaz de proporcionar um grande aumento da sensa\u00e7\u00e3o sem se tornar incontrol\u00e1vel no dia a dia, este produto pode claramente fazer a diferen\u00e7a na sua configura\u00e7\u00e3o.<\/p>","protected":false},"excerpt":{"rendered":"<p>Este La Prima deu-me a sensa\u00e7\u00e3o de passar de um simples volante de jogo para uma verdadeira ferramenta de condu\u00e7\u00e3o, com um feedback claro e consistente que aumenta a confian\u00e7a na pista. Destina-se principalmente a pilotos de simula\u00e7\u00e3o de PC motivados que j\u00e1 t\u00eam um cockpit r\u00edgido ou est\u00e3o prontos para o atualizar. Em suma, proporciona uma base s\u00f3lida e duradoura que \u00e9 ideal para ser utilizada como configura\u00e7\u00e3o principal a longo prazo.<\/p>","protected":false},"featured_media":101834,"comment_status":"open","ping_status":"closed","template":"","meta":{"_acf_changed":false,"_et_pb_use_builder":"","_et_pb_old_content":"","_et_gb_content_width":""},"product_brand":[175],"product_cat":[155],"product_tag":[149],"class_list":{"0":"post-101826","1":"product","2":"type-product","3":"status-publish","4":"has-post-thumbnail","6":"product_brand-asetek-simsports","7":"product_cat-base","8":"product_tag-pc","10":"first","11":"instock","12":"shipping-taxable","13":"product-type-external"},"acf":[],"_links":{"self":[{"href":"https:\/\/simracergear.com\/pt\/wp-json\/wp\/v2\/product\/101826","targetHints":{"allow":["GET"]}}],"collection":[{"href":"https:\/\/simracergear.com\/pt\/wp-json\/wp\/v2\/product"}],"about":[{"href":"https:\/\/simracergear.com\/pt\/wp-json\/wp\/v2\/types\/product"}],"replies":[{"embeddable":true,"href":"https:\/\/simracergear.com\/pt\/wp-json\/wp\/v2\/comments?post=101826"}],"wp:featuredmedia":[{"embeddable":true,"href":"https:\/\/simracergear.com\/pt\/wp-json\/wp\/v2\/media\/101834"}],"wp:attachment":[{"href":"https:\/\/simracergear.com\/pt\/wp-json\/wp\/v2\/media?parent=101826"}],"wp:term":[{"taxonomy":"product_brand","embeddable":true,"href":"https:\/\/simracergear.com\/pt\/wp-json\/wp\/v2\/product_brand?post=101826"},{"taxonomy":"product_cat","embeddable":true,"href":"https:\/\/simracergear.com\/pt\/wp-json\/wp\/v2\/product_cat?post=101826"},{"taxonomy":"product_tag","embeddable":true,"href":"https:\/\/simracergear.com\/pt\/wp-json\/wp\/v2\/product_tag?post=101826"}],"curies":[{"name":"wp","href":"https:\/\/api.w.org\/{rel}","templated":true}]}}