{"id":100212,"date":"2025-05-14T07:18:54","date_gmt":"2025-05-14T07:18:54","guid":{"rendered":"https:\/\/simracergear.com\/panier\/"},"modified":"2025-05-15T07:45:13","modified_gmt":"2025-05-15T07:45:13","slug":"panier","status":"publish","type":"page","link":"https:\/\/simracergear.com\/sv\/panier\/","title":{"rendered":"Korg"},"content":{"rendered":"<div data-block-name=\"woocommerce\/cart\" class=\"wp-block-woocommerce-cart alignwide is-loading\"><div data-block-name=\"woocommerce\/filled-cart-block\" class=\"wp-block-woocommerce-filled-cart-block\"><div data-block-name=\"woocommerce\/cart-items-block\" class=\"wp-block-woocommerce-cart-items-block\"><div data-block-name=\"woocommerce\/cart-line-items-block\" class=\"wp-block-woocommerce-cart-line-items-block\"><\/div>\n\n<div data-block-name=\"woocommerce\/cart-cross-sells-block\" class=\"wp-block-woocommerce-cart-cross-sells-block\"><h2 class=\"wp-block-heading has-large-font-size\">Du kanske \u00e4r intresserad av...<\/h2>\n\n<div data-block-name=\"woocommerce\/cart-cross-sells-products-block\" class=\"wp-block-woocommerce-cart-cross-sells-products-block\"><\/div><\/div><\/div>\n\n<div data-block-name=\"woocommerce\/cart-totals-block\" class=\"wp-block-woocommerce-cart-totals-block\"><div data-block-name=\"woocommerce\/cart-order-summary-block\" class=\"wp-block-woocommerce-cart-order-summary-block\"><div data-block-name=\"woocommerce\/cart-order-summary-heading-block\" class=\"wp-block-woocommerce-cart-order-summary-heading-block\"><\/div><div data-block-name=\"woocommerce\/cart-order-summary-coupon-form-block\" class=\"wp-block-woocommerce-cart-order-summary-coupon-form-block\"><\/div><div data-block-name=\"woocommerce\/cart-order-summary-totals-block\" class=\"wp-block-woocommerce-cart-order-summary-totals-block\">\n<div data-block-name=\"woocommerce\/cart-order-summary-subtotal-block\" class=\"wp-block-woocommerce-cart-order-summary-subtotal-block\"><\/div>\n<div data-block-name=\"woocommerce\/cart-order-summary-discount-block\" class=\"wp-block-woocommerce-cart-order-summary-discount-block\"><\/div>\n<div data-block-name=\"woocommerce\/cart-order-summary-fee-block\" class=\"wp-block-woocommerce-cart-order-summary-fee-block\"><\/div>\n<div data-block-name=\"woocommerce\/cart-order-summary-shipping-block\" class=\"wp-block-woocommerce-cart-order-summary-shipping-block\"><\/div>\n<div data-block-name=\"woocommerce\/cart-order-summary-taxes-block\" class=\"wp-block-woocommerce-cart-order-summary-taxes-block\"><\/div><\/div><\/div>\n\n<div data-block-name=\"woocommerce\/cart-express-payment-block\" class=\"wp-block-woocommerce-cart-express-payment-block\"><\/div>\n\n<div data-block-name=\"woocommerce\/proceed-to-checkout-block\" class=\"wp-block-woocommerce-proceed-to-checkout-block\"><\/div>\n\n<div data-block-name=\"woocommerce\/cart-accepted-payment-methods-block\" class=\"wp-block-woocommerce-cart-accepted-payment-methods-block\"><\/div><\/div><\/div>\n\n<div data-block-name=\"woocommerce\/empty-cart-block\" class=\"wp-block-woocommerce-empty-cart-block\"><h2 class=\"wp-block-heading has-text-align-center with-empty-cart-icon wc-block-cart__empty-cart__title\">Din korg \u00e4r f\u00f6r n\u00e4rvarande tom!<\/h2>\n\n<hr class=\"wp-block-separator has-alpha-channel-opacity is-style-dots\"\/>\n\n<h2 class=\"wp-block-heading has-text-align-center\">Nytt i butiken<\/h2>\n\n<div data-block-name=\"woocommerce\/product-new\" data-columns=\"4\" data-rows=\"1\" class=\"wc-block-grid wp-block-product-new wp-block-woocommerce-product-new wc-block-product-new has-4-columns\"><ul class=\"wc-block-grid__products\"><li class=\"wc-block-grid__product\">\n\t\t\t\t<a href=\"https:\/\/simracergear.com\/sv\/products\/gran-turismo-dd-extreme\/\" class=\"wc-block-grid__product-link\">\n\t\t\t\t\t\n\t\t\t\t\t<div class=\"wc-block-grid__product-image\"><img fetchpriority=\"high\" decoding=\"async\" width=\"300\" height=\"300\" src=\"https:\/\/simracergear.com\/wp-content\/uploads\/2025\/05\/Product_thumbnail_GT_DD_RW_X__600x600_2x_1b2c224f-d4a1-4d29-aab1-0f1889b63830-300x300.jpgv1717571048\" class=\"attachment-woocommerce_thumbnail size-woocommerce_thumbnail\" alt=\"Fanatec Gran Turismo DD Extreme\" srcset=\"https:\/\/simracergear.com\/wp-content\/uploads\/2025\/05\/Product_thumbnail_GT_DD_RW_X__600x600_2x_1b2c224f-d4a1-4d29-aab1-0f1889b63830-300x300.jpgv1717571048 300w, https:\/\/simracergear.com\/wp-content\/uploads\/2025\/05\/Product_thumbnail_GT_DD_RW_X__600x600_2x_1b2c224f-d4a1-4d29-aab1-0f1889b63830-1024x1024.jpgv1717571048 1024w, https:\/\/simracergear.com\/wp-content\/uploads\/2025\/05\/Product_thumbnail_GT_DD_RW_X__600x600_2x_1b2c224f-d4a1-4d29-aab1-0f1889b63830-150x150.jpgv1717571048 150w, https:\/\/simracergear.com\/wp-content\/uploads\/2025\/05\/Product_thumbnail_GT_DD_RW_X__600x600_2x_1b2c224f-d4a1-4d29-aab1-0f1889b63830-768x768.jpgv1717571048 768w, https:\/\/simracergear.com\/wp-content\/uploads\/2025\/05\/Product_thumbnail_GT_DD_RW_X__600x600_2x_1b2c224f-d4a1-4d29-aab1-0f1889b63830-1080x1080.jpgv1717571048 1080w, https:\/\/simracergear.com\/wp-content\/uploads\/2025\/05\/Product_thumbnail_GT_DD_RW_X__600x600_2x_1b2c224f-d4a1-4d29-aab1-0f1889b63830-980x980.jpgv1717571048 980w, https:\/\/simracergear.com\/wp-content\/uploads\/2025\/05\/Product_thumbnail_GT_DD_RW_X__600x600_2x_1b2c224f-d4a1-4d29-aab1-0f1889b63830-480x480.jpgv1717571048 480w, https:\/\/simracergear.com\/wp-content\/uploads\/2025\/05\/Product_thumbnail_GT_DD_RW_X__600x600_2x_1b2c224f-d4a1-4d29-aab1-0f1889b63830-600x600.jpgv1717571048 600w, https:\/\/simracergear.com\/wp-content\/uploads\/2025\/05\/Product_thumbnail_GT_DD_RW_X__600x600_2x_1b2c224f-d4a1-4d29-aab1-0f1889b63830-100x100.jpgv1717571048 100w, https:\/\/simracergear.com\/wp-content\/uploads\/2025\/05\/Product_thumbnail_GT_DD_RW_X__600x600_2x_1b2c224f-d4a1-4d29-aab1-0f1889b63830.jpgv1717571048 1200w\" sizes=\"(max-width: 300px) 100vw, 300px\" loading=\"eager\" \/><\/div>\n\t\t\t\t\t<div class=\"wc-block-grid__product-title\">Fanatec Gran Turismo DD Extreme<\/div>\n\t\t\t\t<\/a>\n\t\t\t\t<div class=\"wc-block-grid__product-price price\"><span class=\"woocommerce-Price-amount amount\">1 299,95&nbsp;<span class=\"woocommerce-Price-currencySymbol\">\u20ac<\/span><\/span><\/div>\n\t\t\t\t\n\t\t\t\t<div class=\"wp-block-button wc-block-grid__product-add-to-cart\"><a href=\"https:\/\/fanatec.sjv.io\/dOJ6k7\" aria-label=\"SE DET B\u00c4STA PRISET\" data-quantity=\"1\" data-product_id=\"101315\" data-product_sku=\"\" data-price=\"1299.95\" rel=\"nofollow noopener\" class=\"wp-block-button__link  add_to_cart_button\" target=\"_blank\">SE DET B\u00c4STA PRISET<\/a><\/div>\n\t\t\t<\/li><li class=\"wc-block-grid__product\">\n\t\t\t\t<a href=\"https:\/\/simracergear.com\/sv\/products\/fanatec-podium-steering-wheel-bmw-m4-gt3\/\" class=\"wc-block-grid__product-link\">\n\t\t\t\t\t\n\t\t\t\t\t<div class=\"wc-block-grid__product-image\"><img decoding=\"async\" width=\"300\" height=\"300\" src=\"https:\/\/simracergear.com\/wp-content\/uploads\/2025\/05\/Product_thumbnail_Podium_SW_M4_GT3_absolutely-300x300.jpgv1717599947\" class=\"attachment-woocommerce_thumbnail size-woocommerce_thumbnail\" alt=\"Fanatec Podium-ratt BMW M4 GT3\" srcset=\"https:\/\/simracergear.com\/wp-content\/uploads\/2025\/05\/Product_thumbnail_Podium_SW_M4_GT3_absolutely-300x300.jpgv1717599947 300w, https:\/\/simracergear.com\/wp-content\/uploads\/2025\/05\/Product_thumbnail_Podium_SW_M4_GT3_absolutely-1024x1024.jpgv1717599947 1024w, https:\/\/simracergear.com\/wp-content\/uploads\/2025\/05\/Product_thumbnail_Podium_SW_M4_GT3_absolutely-150x150.jpgv1717599947 150w, https:\/\/simracergear.com\/wp-content\/uploads\/2025\/05\/Product_thumbnail_Podium_SW_M4_GT3_absolutely-768x768.jpgv1717599947 768w, https:\/\/simracergear.com\/wp-content\/uploads\/2025\/05\/Product_thumbnail_Podium_SW_M4_GT3_absolutely-1080x1080.jpgv1717599947 1080w, https:\/\/simracergear.com\/wp-content\/uploads\/2025\/05\/Product_thumbnail_Podium_SW_M4_GT3_absolutely-980x980.jpgv1717599947 980w, https:\/\/simracergear.com\/wp-content\/uploads\/2025\/05\/Product_thumbnail_Podium_SW_M4_GT3_absolutely-480x480.jpgv1717599947 480w, https:\/\/simracergear.com\/wp-content\/uploads\/2025\/05\/Product_thumbnail_Podium_SW_M4_GT3_absolutely-600x600.jpgv1717599947 600w, https:\/\/simracergear.com\/wp-content\/uploads\/2025\/05\/Product_thumbnail_Podium_SW_M4_GT3_absolutely-100x100.jpgv1717599947 100w, https:\/\/simracergear.com\/wp-content\/uploads\/2025\/05\/Product_thumbnail_Podium_SW_M4_GT3_absolutely.jpgv1717599947 1280w\" sizes=\"(max-width: 300px) 100vw, 300px\" loading=\"eager\" \/><\/div>\n\t\t\t\t\t<div class=\"wc-block-grid__product-title\">Fanatec Podium-ratt BMW M4 GT3<\/div>\n\t\t\t\t<\/a>\n\t\t\t\t<div class=\"wc-block-grid__product-price price\"><span class=\"woocommerce-Price-amount amount\">1 499,95&nbsp;<span class=\"woocommerce-Price-currencySymbol\">\u20ac<\/span><\/span><\/div>\n\t\t\t\t\n\t\t\t\t<div class=\"wp-block-button wc-block-grid__product-add-to-cart\"><a href=\"https:\/\/fanatec.sjv.io\/Xm9J24\" aria-label=\"SE DET B\u00c4STA PRISET\" data-quantity=\"1\" data-product_id=\"101219\" data-product_sku=\"\" data-price=\"1499.95\" rel=\"nofollow noopener\" class=\"wp-block-button__link  add_to_cart_button\" target=\"_blank\">SE DET B\u00c4STA PRISET<\/a><\/div>\n\t\t\t<\/li><li class=\"wc-block-grid__product\">\n\t\t\t\t<a href=\"https:\/\/simracergear.com\/sv\/products\/fanatec-podium-racing-wheel-porsche-911-gt3-r\/\" class=\"wc-block-grid__product-link\">\n\t\t\t\t\t\n\t\t\t\t\t<div class=\"wc-block-grid__product-image\"><img decoding=\"async\" width=\"300\" height=\"300\" src=\"https:\/\/simracergear.com\/wp-content\/uploads\/2025\/05\/Product_thumbnail_Porsche_911_GT3_R_Podium_suede_absolutely_4c7c7082-75cf-4e8f-997e-71198f6222f3-300x300.jpgv1717603759\" class=\"attachment-woocommerce_thumbnail size-woocommerce_thumbnail\" alt=\"Fanatec Podium Racing Wheel Porsche 911 GT3 R\" srcset=\"https:\/\/simracergear.com\/wp-content\/uploads\/2025\/05\/Product_thumbnail_Porsche_911_GT3_R_Podium_suede_absolutely_4c7c7082-75cf-4e8f-997e-71198f6222f3-300x300.jpgv1717603759 300w, https:\/\/simracergear.com\/wp-content\/uploads\/2025\/05\/Product_thumbnail_Porsche_911_GT3_R_Podium_suede_absolutely_4c7c7082-75cf-4e8f-997e-71198f6222f3-1024x1024.jpgv1717603759 1024w, https:\/\/simracergear.com\/wp-content\/uploads\/2025\/05\/Product_thumbnail_Porsche_911_GT3_R_Podium_suede_absolutely_4c7c7082-75cf-4e8f-997e-71198f6222f3-150x150.jpgv1717603759 150w, https:\/\/simracergear.com\/wp-content\/uploads\/2025\/05\/Product_thumbnail_Porsche_911_GT3_R_Podium_suede_absolutely_4c7c7082-75cf-4e8f-997e-71198f6222f3-768x768.jpgv1717603759 768w, https:\/\/simracergear.com\/wp-content\/uploads\/2025\/05\/Product_thumbnail_Porsche_911_GT3_R_Podium_suede_absolutely_4c7c7082-75cf-4e8f-997e-71198f6222f3-1080x1080.jpgv1717603759 1080w, https:\/\/simracergear.com\/wp-content\/uploads\/2025\/05\/Product_thumbnail_Porsche_911_GT3_R_Podium_suede_absolutely_4c7c7082-75cf-4e8f-997e-71198f6222f3-980x980.jpgv1717603759 980w, https:\/\/simracergear.com\/wp-content\/uploads\/2025\/05\/Product_thumbnail_Porsche_911_GT3_R_Podium_suede_absolutely_4c7c7082-75cf-4e8f-997e-71198f6222f3-480x480.jpgv1717603759 480w, https:\/\/simracergear.com\/wp-content\/uploads\/2025\/05\/Product_thumbnail_Porsche_911_GT3_R_Podium_suede_absolutely_4c7c7082-75cf-4e8f-997e-71198f6222f3-600x600.jpgv1717603759 600w, https:\/\/simracergear.com\/wp-content\/uploads\/2025\/05\/Product_thumbnail_Porsche_911_GT3_R_Podium_suede_absolutely_4c7c7082-75cf-4e8f-997e-71198f6222f3-100x100.jpgv1717603759 100w, https:\/\/simracergear.com\/wp-content\/uploads\/2025\/05\/Product_thumbnail_Porsche_911_GT3_R_Podium_suede_absolutely_4c7c7082-75cf-4e8f-997e-71198f6222f3.jpgv1717603759 1280w\" sizes=\"(max-width: 300px) 100vw, 300px\" loading=\"eager\" \/><\/div>\n\t\t\t\t\t<div class=\"wc-block-grid__product-title\">Fanatec Podium Racing Wheel Porsche 911 GT3 R<\/div>\n\t\t\t\t<\/a>\n\t\t\t\t<div class=\"wc-block-grid__product-price price\"><span class=\"woocommerce-Price-amount amount\">1 789,80&nbsp;<span class=\"woocommerce-Price-currencySymbol\">\u20ac<\/span><\/span><\/div>\n\t\t\t\t\n\t\t\t\t<div class=\"wp-block-button wc-block-grid__product-add-to-cart\"><a href=\"https:\/\/fanatec.sjv.io\/qz6Pmj\" aria-label=\"SE DET B\u00c4STA PRISET\" data-quantity=\"1\" data-product_id=\"101211\" data-product_sku=\"\" data-price=\"1789.8\" rel=\"nofollow noopener\" class=\"wp-block-button__link  add_to_cart_button\" target=\"_blank\">SE DET B\u00c4STA PRISET<\/a><\/div>\n\t\t\t<\/li><li class=\"wc-block-grid__product\">\n\t\t\t\t<a href=\"https:\/\/simracergear.com\/sv\/products\/fanatec-podium-racing-wheel-f1\/\" class=\"wc-block-grid__product-link\">\n\t\t\t\t\t\n\t\t\t\t\t<div class=\"wc-block-grid__product-image\"><img decoding=\"async\" width=\"300\" height=\"300\" src=\"https:\/\/simracergear.com\/wp-content\/uploads\/2025\/05\/PRW_preview_2-300x300.jpgv1717603511\" class=\"attachment-woocommerce_thumbnail size-woocommerce_thumbnail\" alt=\"Fanatec Podium Racing Wheel F1\" srcset=\"https:\/\/simracergear.com\/wp-content\/uploads\/2025\/05\/PRW_preview_2-300x300.jpgv1717603511 300w, https:\/\/simracergear.com\/wp-content\/uploads\/2025\/05\/PRW_preview_2-1024x1024.jpgv1717603511 1024w, https:\/\/simracergear.com\/wp-content\/uploads\/2025\/05\/PRW_preview_2-150x150.jpgv1717603511 150w, https:\/\/simracergear.com\/wp-content\/uploads\/2025\/05\/PRW_preview_2-768x768.jpgv1717603511 768w, https:\/\/simracergear.com\/wp-content\/uploads\/2025\/05\/PRW_preview_2-1080x1080.jpgv1717603511 1080w, https:\/\/simracergear.com\/wp-content\/uploads\/2025\/05\/PRW_preview_2-980x980.jpgv1717603511 980w, https:\/\/simracergear.com\/wp-content\/uploads\/2025\/05\/PRW_preview_2-480x480.jpgv1717603511 480w, https:\/\/simracergear.com\/wp-content\/uploads\/2025\/05\/PRW_preview_2-600x600.jpgv1717603511 600w, https:\/\/simracergear.com\/wp-content\/uploads\/2025\/05\/PRW_preview_2-100x100.jpgv1717603511 100w, https:\/\/simracergear.com\/wp-content\/uploads\/2025\/05\/PRW_preview_2.jpgv1717603511 1280w\" sizes=\"(max-width: 300px) 100vw, 300px\" loading=\"eager\" \/><\/div>\n\t\t\t\t\t<div class=\"wc-block-grid__product-title\">Fanatec Podium Racing Wheel F1<\/div>\n\t\t\t\t<\/a>\n\t\t\t\t<div class=\"wc-block-grid__product-price price\"><span class=\"woocommerce-Price-amount amount\">1 799,95&nbsp;<span class=\"woocommerce-Price-currencySymbol\">\u20ac<\/span><\/span><\/div>\n\t\t\t\t\n\t\t\t\t<div class=\"wp-block-button wc-block-grid__product-add-to-cart\"><a href=\"https:\/\/fanatec.sjv.io\/APM4nx\" aria-label=\"SE DET B\u00c4STA PRISET\" data-quantity=\"1\" data-product_id=\"101202\" data-product_sku=\"\" data-price=\"1799.95\" rel=\"nofollow noopener\" class=\"wp-block-button__link  add_to_cart_button\" target=\"_blank\">SE DET B\u00c4STA PRISET<\/a><\/div>\n\t\t\t<\/li><\/ul><\/div><\/div><\/div>","protected":false},"excerpt":{"rendered":"","protected":false},"author":1,"featured_media":0,"parent":0,"menu_order":0,"comment_status":"closed","ping_status":"closed","template":"","meta":{"_acf_changed":false,"_et_pb_use_builder":"","_et_pb_old_content":"","_et_gb_content_width":"","footnotes":""},"class_list":["post-100212","page","type-page","status-publish","hentry"],"acf":[],"_links":{"self":[{"href":"https:\/\/simracergear.com\/sv\/wp-json\/wp\/v2\/pages\/100212","targetHints":{"allow":["GET"]}}],"collection":[{"href":"https:\/\/simracergear.com\/sv\/wp-json\/wp\/v2\/pages"}],"about":[{"href":"https:\/\/simracergear.com\/sv\/wp-json\/wp\/v2\/types\/page"}],"author":[{"embeddable":true,"href":"https:\/\/simracergear.com\/sv\/wp-json\/wp\/v2\/users\/1"}],"replies":[{"embeddable":true,"href":"https:\/\/simracergear.com\/sv\/wp-json\/wp\/v2\/comments?post=100212"}],"version-history":[{"count":1,"href":"https:\/\/simracergear.com\/sv\/wp-json\/wp\/v2\/pages\/100212\/revisions"}],"predecessor-version":[{"id":100519,"href":"https:\/\/simracergear.com\/sv\/wp-json\/wp\/v2\/pages\/100212\/revisions\/100519"}],"wp:attachment":[{"href":"https:\/\/simracergear.com\/sv\/wp-json\/wp\/v2\/media?parent=100212"}],"curies":[{"name":"wp","href":"https:\/\/api.w.org\/{rel}","templated":true}]}}