{"id":101659,"date":"2025-05-15T14:44:59","date_gmt":"2025-05-15T14:44:59","guid":{"rendered":"https:\/\/simracergear.com\/?page_id=101659"},"modified":"2025-11-28T03:58:18","modified_gmt":"2025-11-28T03:58:18","slug":"politique-de-confidentialite","status":"publish","type":"page","link":"https:\/\/simracergear.com\/sv\/politique-de-confidentialite\/","title":{"rendered":"Integritetspolicy"},"content":{"rendered":"<p><strong>ARTIKEL 1 - INSAMLADE PERSONUPPGIFTER<\/strong><br>N\u00e4r du anv\u00e4nder v\u00e5r webbplats kan vi samla in viss personlig information som du frivilligt tillhandah\u00e5ller oss, till exempel via :<\/p><ul class=\"wp-block-list\"><li>kontaktformul\u00e4ret (namn, e-post, meddelande),<\/li>\n\n<li>prenumerera p\u00e5 v\u00e5rt nyhetsbrev.<\/li><\/ul><p>Dessutom samlas viss teknisk information in automatiskt under din surfning, t.ex. din IP-adress, typ av webbl\u00e4sare och operativsystem, f\u00f6r att f\u00f6rb\u00e4ttra anv\u00e4ndarupplevelsen och sammanst\u00e4lla bes\u00f6ksstatistik.<\/p><p><strong>ARTIKEL 2 - COOKIES OCH ANKNYTNINGSL\u00c4NKAR<\/strong><br>Denna webbplats anv\u00e4nder cookies f\u00f6r publikm\u00e4tning och f\u00f6r att sp\u00e5ra affiliate-l\u00e4nkar.<br>En cookie \u00e4r en liten fil som lagras i din webbl\u00e4sare och som g\u00f6r det m\u00f6jligt att k\u00e4nna igen din enhet vid senare bes\u00f6k.<br>Du kan n\u00e4r som helst avaktivera cookies via inst\u00e4llningarna i din webbl\u00e4sare.<\/p><p>Vissa av l\u00e4nkarna p\u00e5 den h\u00e4r webbplatsen \u00e4r affiliatel\u00e4nkar. Detta inneb\u00e4r att vi kan f\u00e5 en provision om du g\u00f6r ett k\u00f6p fr\u00e5n partnersidan. Inga cookies fr\u00e5n tredje part installeras utan ditt samtycke.<\/p><p><strong>ARTIKEL 3 - SAMTYCKE<\/strong><br>Genom att anv\u00e4nda v\u00e5ra formul\u00e4r (kontakt, nyhetsbrev) samtycker du till att vi samlar in och anv\u00e4nder din information enbart f\u00f6r att svara p\u00e5 din beg\u00e4ran eller f\u00f6r att skicka dig v\u00e5ra meddelanden.<br>Du kan n\u00e4r som helst \u00e5terkalla ditt samtycke genom att skriva till oss p\u00e5 : <a>contact@simracergear.com<\/a>.<\/p><p><strong>ARTIKEL 4 - DATADELNING<\/strong><br>Personuppgifter som samlas in via denna webbplats s\u00e4ljs aldrig. De f\u00e5r endast vidarebefordras till leverant\u00f6rer av tekniska tj\u00e4nster (t.ex. webbhotell, nyhetsbrevstj\u00e4nst) som \u00e4r absolut n\u00f6dv\u00e4ndiga f\u00f6r driften av webbplatsen.<\/p><p><strong>ARTIKEL 5 - S\u00c4KERHET<\/strong><br>Vi vidtar alla rimliga tekniska \u00e5tg\u00e4rder f\u00f6r att skydda dina personuppgifter mot obeh\u00f6rig \u00e5tkomst, \u00e4ndring, utl\u00e4mning eller f\u00f6rst\u00f6relse.<\/p><p><strong>ARTIKEL 6 - ANV\u00c4NDARES R\u00c4TTIGHETER (RGPD)<\/strong><br>I enlighet med europeisk lagstiftning (RGPD) har du r\u00e4tt att f\u00e5 tillg\u00e5ng till, korrigera, radera och inv\u00e4nda mot dina personuppgifter.<br>Du kan ut\u00f6va dessa r\u00e4ttigheter genom att kontakta oss p\u00e5 f\u00f6ljande adress <a>contact@simracergear.com<\/a>.<\/p><p><strong>ARTIKEL 7 - \u00c4NDRINGAR AV POLICYN<\/strong><br>Denna policy kan komma att \u00e4ndras n\u00e4r som helst. Eventuella uppdateringar kommer att publiceras p\u00e5 denna sida med datum f\u00f6r revidering.<\/p><p><strong>R\u00e4ttslig grund f\u00f6r behandling<\/strong><\/p><p>De uppgifter som samlas in via denna webbplats behandlas i enlighet med artikel 6 i RGPD:<\/p><ul class=\"wp-block-list\"><li><strong>Samtycke<\/strong> : prenumerera p\u00e5 nyhetsbrevet, skicka ett meddelande med hj\u00e4lp av formul\u00e4ret.<\/li>\n\n<li><strong>Ber\u00e4ttigat intresse<\/strong> anonymiserade statistiska analyser f\u00f6r att f\u00f6rb\u00e4ttra webbplatsen.<\/li>\n\n<li><strong>Utf\u00f6ra en beg\u00e4ran<\/strong> svara p\u00e5 meddelanden som skickas via formul\u00e4ret.<\/li><\/ul><p><strong>Period f\u00f6r bevarande av uppgifter<\/strong><\/p><p>I enlighet med RGPD sparas uppgifter under en begr\u00e4nsad period:<\/p><ul class=\"wp-block-list\"><li>meddelanden som skickas via formul\u00e4ret : <strong>12 m\u00e5nader<\/strong><\/li>\n\n<li>nyhetsbrevsdata : <strong>tills prenumerationen avslutas<\/strong><\/li>\n\n<li>cookies f\u00f6r publikm\u00e4tning : <strong>H\u00f6gst 13 m\u00e5nader<\/strong><\/li>\n\n<li>tekniska loggar : <strong>12 m\u00e5nader<\/strong><\/li>\n\n<li><\/li><\/ul><p><strong>Utnyttja dina r\u00e4ttigheter<\/strong><\/p><p>Du har r\u00e4tt till tillg\u00e5ng, r\u00e4ttelse, radering, inv\u00e4ndning och portabilitet avseende dina uppgifter.<br>F\u00f6r att ut\u00f6va dessa r\u00e4ttigheter eller \u00e5terkalla ditt samtycke, v\u00e4nligen kontakta oss p\u00e5 :<br><strong>kontakt [at] simracergear.com<\/strong><\/p>","protected":false},"excerpt":{"rendered":"<p>ARTIKEL 1 - PERSONUPPGIFTER SOM SAMLAS INN\u00e4r du anv\u00e4nder v\u00e5r webbplats kan vi samla in viss personlig information som du tillhandah\u00e5ller frivilligt, till exempel via : Dessutom samlas viss teknisk information automatiskt in under din surfning, till exempel din IP-adress, webbl\u00e4sartyp och operativsystem, f\u00f6r att f\u00f6rb\u00e4ttra anv\u00e4ndarupplevelsen och f\u00f6r att [...]<\/p>","protected":false},"author":5,"featured_media":0,"parent":0,"menu_order":0,"comment_status":"closed","ping_status":"closed","template":"","meta":{"_acf_changed":false,"_et_pb_use_builder":"off","_et_pb_old_content":"","_et_gb_content_width":"1400","footnotes":""},"class_list":["post-101659","page","type-page","status-publish","hentry"],"acf":[],"_links":{"self":[{"href":"https:\/\/simracergear.com\/sv\/wp-json\/wp\/v2\/pages\/101659","targetHints":{"allow":["GET"]}}],"collection":[{"href":"https:\/\/simracergear.com\/sv\/wp-json\/wp\/v2\/pages"}],"about":[{"href":"https:\/\/simracergear.com\/sv\/wp-json\/wp\/v2\/types\/page"}],"author":[{"embeddable":true,"href":"https:\/\/simracergear.com\/sv\/wp-json\/wp\/v2\/users\/5"}],"replies":[{"embeddable":true,"href":"https:\/\/simracergear.com\/sv\/wp-json\/wp\/v2\/comments?post=101659"}],"version-history":[{"count":4,"href":"https:\/\/simracergear.com\/sv\/wp-json\/wp\/v2\/pages\/101659\/revisions"}],"predecessor-version":[{"id":102001,"href":"https:\/\/simracergear.com\/sv\/wp-json\/wp\/v2\/pages\/101659\/revisions\/102001"}],"wp:attachment":[{"href":"https:\/\/simracergear.com\/sv\/wp-json\/wp\/v2\/media?parent=101659"}],"curies":[{"name":"wp","href":"https:\/\/api.w.org\/{rel}","templated":true}]}}