{"id":100592,"date":"2025-05-15T07:47:00","date_gmt":"2025-05-15T07:47:00","guid":{"rendered":"https:\/\/simracergear.com\/products\/fanatec-clubsport-shifter-sq-v-1-5\/"},"modified":"2025-11-28T04:45:10","modified_gmt":"2025-11-28T04:45:10","slug":"fanatec-clubsport-shifter-sq-v-1-5","status":"publish","type":"product","link":"https:\/\/simracergear.com\/sv\/products\/fanatec-clubsport-shifter-sq-v-1-5\/","title":{"rendered":"Fanatec ClubSport v\u00e4xelspak SQ V1.5"},"content":{"rendered":"<h2>Fanatec ClubSport Shifter SQ V 1.5: spaken som vill k\u00e4nnas som den \u00e4kta varan<\/h2>\n<p>Fanatec ClubSport Shifter SQ V 1.5 \u00e4r helt klart en \"seri\u00f6s\" shifter f\u00f6r kr\u00e4vande sim-racers. Den \u00e4r ett sn\u00e4pp b\u00e4ttre \u00e4n de sm\u00e5 nyb\u00f6rjarv\u00e4xlarna, utan att g\u00e5 in i galenskapen med ultraspecifika v\u00e4xlar som kostar \u00f6ver 500 euro. Fanatec utlovar en robust, realistisk produkt som klarar b\u00e5de H-box och sekventiell v\u00e4xling, samtidigt som den passar v\u00e4l in i ett redan v\u00e4letablerat ekosystem.<\/p>\n<p>Det som g\u00f6r den s\u00e5 tilltalande \u00e4r dess dubbla roll: att kunna k\u00f6ra en modern GT i sekventiellt l\u00e4ge och sedan byta till en gammal touringbil i H-l\u00e4ge, utan att byta utrustning. Allt detta med en mekanisk k\u00e4nsla som ska vara n\u00e4rmare den riktiga bilen, l\u00e5ngt fr\u00e5n plastklick.<\/p>\n<p>Mitt m\u00e5l \u00e4r enkelt: mekanisk k\u00e4nsla, precision i v\u00e4xlingarna, gl\u00e4dje i vardagen och konsistens med en modern setup. F\u00f6r en v\u00e4xelspak kan se bra ut p\u00e5 bordet ... och vara en besvikelse p\u00e5 den virtuella banan. H\u00e4r \u00e4r jag lika intresserad av hur den k\u00e4nns som av hur praktisk den \u00e4r, och den viktigaste fr\u00e5gan \u00e4r: motiverar den sin \"ClubSport\"-position i Fanatec-sortimentet?<\/p>\n<p>&nbsp;<\/p>\n<h2>Design och tillverkning<\/h2>\n<p>N\u00e4r du tar ut ClubSport Shifter SQ V 1.5 ur l\u00e5dan \u00e4r huvudintrycket densitet. Karossen \u00e4r helt tillverkad av metall, med ett massivt chassi som utstr\u00e5lar styvhet. Ingen mjuk plast eller delar som l\u00e5ter ih\u00e5liga: det m\u00e4rks direkt att det h\u00e4r \u00e4r en produkt som har utformats f\u00f6r att klara \u00e5ratal av tuff k\u00f6rning.<\/p>\n<p>I handen \u00e4r spaken kort och fast, med en knopp som mer p\u00e5minner om en sportbil \u00e4n en stadsbil. Den interna mekanismen ger en okomplicerad mekanisk k\u00e4nsla: den sn\u00e4pper och glider l\u00e4ngs ett v\u00e4ldefinierat sp\u00e5r. Du beh\u00f6ver inte k\u00e4mpa mot parasitspel. Man inser snabbt att m\u00e5let \u00e4r att ge intrycket av att hantera en riktig mekanisk v\u00e4xell\u00e5da, inte bara en str\u00f6mbrytare f\u00f6rkl\u00e4dd till shifter.<\/p>\n<p>Den \u00f6vergripande finishen \u00e4r ren, med r\u00e4tt skruvar och bultar, seri\u00f6sa justeringar och lackering eller anodisering som inte ser billig ut. Det \u00e4r helt klart ett sn\u00e4pp b\u00e4ttre \u00e4n \"leksaksliknande\" plastv\u00e4xlar. P\u00e5 en cockpit i aluminium eller st\u00e5l passar den in visuellt utan en enda falsk ton.<\/p>\n<p>Det som \u00e4r f\u00f6rv\u00e5nande \u00e4r hur kompakt det hela k\u00e4nns i f\u00f6rh\u00e5llande till dess robusthet. Det \u00e4r ett ganska kompakt paket, men ett paket som ger dig sj\u00e4lvf\u00f6rtroende att satsa p\u00e5 det. \u00c5 andra sidan kan n\u00e5gra av detaljerna vara en besvikelse: originalvredet \u00e4r funktionellt men inte s\u00e4rskilt premium, och gallerplattorna saknar f\u00f6rfiningen hos n\u00e5gra av de mer exklusiva v\u00e4xlarna, s\u00e4rskilt n\u00e4r det g\u00e4ller metall-mot-metall-k\u00e4nslan.<\/p>\n<p>J\u00e4mf\u00f6rt med andra v\u00e4xlar i samma kategori \u00e4r vi mycket konkurrenskraftiga n\u00e4r det g\u00e4ller den \u00f6vergripande robustheten, och lite mindre n\u00e4r det g\u00e4ller aspekten \"ett fint stycke urmakeri\". Det viktiga \u00e4r att ingen del k\u00e4nns \u00f6mt\u00e5lig, och det \u00e4r vad man kan f\u00f6rv\u00e4nta sig av en produkt som kommer att uts\u00e4ttas f\u00f6r h\u00e5rda pr\u00f6vningar vid varje tr\u00e4ningspass.<\/p>\n<p>&nbsp;<\/p>\n<h2>Inst\u00e4llningar, anpassning och kompatibilitet<\/h2>\n<p>ClubSport Shifter SQ V 1.5 erbjuder enkla men anv\u00e4ndbara mekaniska justeringar. Du kan justera v\u00e4xlingens h\u00e5rdhet med hj\u00e4lp av sp\u00e4nnskruvar, vilket verkligen f\u00f6r\u00e4ndrar k\u00e4nslan p\u00e5 cykeln. Du g\u00e5r fr\u00e5n en ganska mjuk v\u00e4xling till n\u00e5got mer virilt, som kr\u00e4ver verkligt engagemang f\u00f6r varje v\u00e4xel. F\u00f6r dem som gillar att k\u00e4nna att de m\u00e5ste \"komma in\" i v\u00e4xeln \u00e4r detta uppskattat.<\/p>\n<p>H\/sekventiellt l\u00e4ge \u00e4ndras med en mekanisk spak p\u00e5 sidan. Det \u00e4r omedelbart, kr\u00e4ver ingen demontering och ger verklig flexibilitet f\u00f6r daglig anv\u00e4ndning. I sekventiellt l\u00e4ge blir spaken ett enkelt drag\/tryck \"+\/-\", med kortare slagl\u00e4ngd och en ganska distinkt mekanisk sp\u00e4rrk\u00e4nsla.<\/p>\n<p>N\u00e4r det g\u00e4ller ergonomi finns det inga komplexa menyer: \"inst\u00e4llningarna\" g\u00f6rs direkt p\u00e5 v\u00e4xelspaken. P\u00e5 datorn, via Fanatecs ekosystem, kan du finjustera igenk\u00e4nningen och se till att varje v\u00e4xel uppt\u00e4cks korrekt. Inl\u00e4rningskurvan \u00e4r kort: bara koppla in, kalibrera och k\u00f6ra. F\u00f6r n\u00e5gon som aldrig har st\u00e4llt in en v\u00e4xelspak kr\u00e4vs det lite f\u00f6rs\u00f6k och misstag i b\u00f6rjan, s\u00e4rskilt f\u00f6r att f\u00f6rst\u00e5 hur man justerar styvheten f\u00f6r att passa monteringen i cockpit.<\/p>\n<p>N\u00e4r det g\u00e4ller kompatibilitet \u00e4r shiftern utformad f\u00f6r att fungera b\u00e4st med Fanatec-baser, genom att anslutas direkt till dem. P\u00e5 datorer kan du ocks\u00e5 anv\u00e4nda en USB-adapter om det beh\u00f6vs. P\u00e5 en konsol beror anv\u00e4ndningen i h\u00f6g grad p\u00e5 vilken Fanatec-bas du anv\u00e4nder: i m\u00e5nga fall \"ser\" konsolen bara shiftern via basen, s\u00e5 du m\u00e5ste h\u00e5lla dig inom ekosystemet f\u00f6r att allt ska k\u00e4nnas igen p\u00e5 r\u00e4tt s\u00e4tt.<\/p>\n<p>N\u00e4r det g\u00e4ller resten av installationen passar den bra ihop med en Fanatec-pedalbr\u00e4da och en styv cockpit. P\u00e5 ett l\u00e4ttare chassi eller ett skrivbordsstativ beh\u00f6ver du ett seri\u00f6st f\u00e4ste, eftersom vridmomentet som ut\u00f6vas vid v\u00e4xling av v\u00e4xlar snabbt kan f\u00e5 hela saken att r\u00f6ra sig. N\u00e4r det g\u00e4ller uppgraderingsm\u00f6jligheterna \u00e4r det h\u00e4r inte en eng\u00e5ngsprodukt: det h\u00e4r \u00e4r en v\u00e4xelspak som kan sitta kvar \u00e4ven om du uppgraderar din bas till en starkare Direct Drive.<\/p>\n<p>&nbsp;<\/p>\n<h2>K\u00e4nslor p\u00e5 spel<\/h2>\n<p>Det \u00e4r d\u00e4r denna ClubSport Shifter SQ V 1.5 m\u00e5ste r\u00e4ttf\u00e4rdiga sin existens. Det som verkligen stod ut f\u00f6r mig var den \u00f6vergripande konsistensen i H-k\u00e4nslan. Neutrall\u00e4get \u00e4r v\u00e4ldefinierat, v\u00e4xell\u00e4gena \u00e4r tydliga och du kan k\u00e4nna varje hack n\u00e4r du v\u00e4xlar. Det finns en verklig mekanisk v\u00e4g att f\u00f6lja, vilket undviker k\u00e4nslan av \"f\u00f6rkl\u00e4dd joystick\".<\/p>\n<p>N\u00e4r du k\u00f6r, s\u00e4rskilt p\u00e5 \u00e4ldre drivlinor eller GT-bilar med manuella v\u00e4xell\u00e5dor, f\u00f6r\u00e4ndrar det helt s\u00e4ttet du k\u00f6r p\u00e5. Du kan verkligen hantera uppv\u00e4xlingarna, f\u00f6rutse h\u00e4l-t\u00e5-r\u00f6relsen och k\u00e4nna n\u00e4r du ligger i r\u00e4tt v\u00e4xel. N\u00e4r tempot \u00f6kar f\u00f6ljer spaken med: det finns inga irriterande detekteringsfel s\u00e5 l\u00e4nge kalibreringen \u00e4r v\u00e4l utf\u00f6rd och monteringen \u00e4r styv.<\/p>\n<p>Spakens motst\u00e5nd bidrar enormt mycket till k\u00e4nslan av realism. Under l\u00e5nga sessioner mjuknar inte fj\u00e4dern och k\u00e4nslan f\u00f6rblir konstant. Det viktiga \u00e4r att du kan v\u00e4xla utan att vara r\u00e4dd om din utrustning. Du v\u00e5gar v\u00e4xla ner h\u00e5rt, du v\u00e5gar sl\u00e5 3 ur ett sn\u00e4vt h\u00f6rn, och v\u00e4xelspaken tar det. F\u00f6r inlevelsen \u00e4r det ett stort plus. Det k\u00e4nns verkligen som om du \"arbetar\" med bilen.<\/p>\n<p>N\u00e4r det g\u00e4ller att l\u00e4sa av \"greppet\" talar en v\u00e4xelspak naturligtvis inte som en Direct Drive-ratt, men den p\u00e5verkar hur du k\u00e4nner bilen vid inbromsning och acceleration. N\u00e4r du hanterar en H-v\u00e4xell\u00e5da har r\u00e4tt v\u00e4xel vid r\u00e4tt tillf\u00e4lle en direkt inverkan p\u00e5 bilens stabilitet. Med den h\u00e4r ClubSport inneb\u00e4r precisionen i rutn\u00e4tet att du vet exakt vilken v\u00e4xel du ligger p\u00e5. Det finns ingen tvekan, inget \"jag tror att jag ligger i 4... \u00e5h nej\". Det ger dig sj\u00e4lvf\u00f6rtroende.<\/p>\n<p>P\u00e5 vibratorer \u00e4r det inte en komponent som \u00f6verf\u00f6r information direkt som en ratt eller pedaler. \u00c5 andra sidan g\u00f6r den mekaniska soliditeten att du kan attackera utan \u00e5terh\u00e5llsamhet. N\u00e4r bilen stannar lite, n\u00e4r du motstyr och v\u00e4xlar ner i br\u00e5ttom, \u00e4r v\u00e4xeln d\u00e4r. Kontrollen under snabba korrigeringar \u00e4r bra: ingen l\u00e5sning, inga obehagliga mekaniska hicka.<\/p>\n<p>I sekventiellt l\u00e4ge \u00e4ndras beteendet. Slagl\u00e4ngden \u00e4r kortare och rycken \u00e4r skarpare. \"Klack-klack\"-k\u00e4nslan \u00e4r ganska behaglig, \u00e4ven om det fortfarande \u00e4r ett steg ned fr\u00e5n de ultraaggressiva rent sekventiella v\u00e4xlarna. F\u00f6r rally eller moderna GT:er fungerar den mycket bra. Du kan v\u00e4xla upp och ner utan att t\u00e4nka, n\u00e4stan i farten.<\/p>\n<p>J\u00e4mf\u00f6rt med en enkel plastv\u00e4xel p\u00e5 instegsniv\u00e5 ligger f\u00f6rb\u00e4ttringen fr\u00e4mst i v\u00e4xlingarnas konsistens och k\u00e4nslan av engagemang. Det k\u00e4nns inte l\u00e4ngre som om du r\u00f6r vid en str\u00f6mbrytare, utan snarare en seri\u00f6s mekanisk del. J\u00e4mf\u00f6rt med vissa avancerade v\u00e4xelspakar som \u00e4r \u00e4nnu h\u00e5rdare och mer h\u00f6gljudda \u00e4r ClubSport lite mer \"civiliserad\". Den har en bra balans mellan realism och vardagskomfort, s\u00e4rskilt om du l\u00e4gger ner l\u00e5nga timmar i ligan.<\/p>\n<p>&nbsp;<\/p>\n<h2>Vem \u00e4r den till f\u00f6r? Vad vi tycker om \/ Vad vi inte tycker om<\/h2>\n<p>Jag ser denna ClubSport Shifter SQ V 1.5 som en produkt avsedd f\u00f6r medelgoda till avancerade simf\u00f6rare som k\u00f6r regelbundet och vill ha en komplett installation. F\u00f6r en motiverad nyb\u00f6rjare kan det vara en mycket bra investering p\u00e5 medell\u00e5ng sikt, s\u00e4rskilt om du redan vet att du gillar bilar med manuell v\u00e4xell\u00e5da. P\u00e5 konsoler riktar den sig fr\u00e4mst till dem som redan \u00e4r en del av Fanatecs ekosystem. P\u00e5 PC har det mer frihet, men f\u00f6rblir idealiskt integrerat i en varum\u00e4rkesbas.<\/p>\n<p>Det jag s\u00e4rskilt gillar med den \u00e4r dess upplevda robusthet. Man f\u00e5r en k\u00e4nsla av att den \u00e4r byggd f\u00f6r att t\u00e5la lite stryk, vilket g\u00f6r att man verkligen vill \"komma in i\" v\u00e4xlarna. F\u00f6r det andra ger den dubbla H + sekventiella funktionen verklig m\u00e5ngsidighet utan behov av flera kringutrustningar. Slutligen \u00e4r den \u00f6vergripande mekaniska k\u00e4nslan tillfredsst\u00e4llande: spaken har karakt\u00e4r, v\u00e4xell\u00e5sen \u00e4r tydliga och n\u00f6jet med att v\u00e4xla finns d\u00e4r. Det \u00e4r den d\u00e4r \"du k\u00f6r, inte bara klickar\"-k\u00e4nslan igen.<\/p>\n<p>Det finns dock n\u00e5gra begr\u00e4nsningar som man b\u00f6r ha i \u00e5tanke. Den f\u00f6rsta \u00e4r att den, trots sin kvalitet, inte fullt ut kan m\u00e4ta sig med vissa avancerade v\u00e4xlar n\u00e4r det g\u00e4ller den ultimata finishen eller k\u00e4nslan av en mycket h\u00e5rd, ultrametallisk racingl\u00e5da. Den \u00e4r solid, men inte extrem. F\u00f6r det andra \u00e4r vredet och n\u00e5gra estetiska detaljer ganska standardm\u00e4ssiga. Det fungerar, men fans av finbearbetade delar kanske vill uppgradera vredet eller anpassa utseendet lite. Slutligen kan beroendet av Fanatec-ekosystemet vara en broms f\u00f6r dem som vill bryta sig loss fr\u00e5n detta m\u00e4rke eller blanda h\u00e5rdvara mer fritt, s\u00e4rskilt p\u00e5 konsoler.<\/p>\n<p>N\u00e4r det g\u00e4ller investeringar talar vi helt klart om en produkt som har en kostnad, men som f\u00f6rsvarar sig v\u00e4l n\u00e4r det g\u00e4ller det upplevda v\u00e4rdet. Om du k\u00f6r mycket i H och sekventiellt blir vinsten i n\u00f6je och realism snabbt uppenbar. F\u00f6r den som tillbringar 90 % av sin tid p\u00e5 pallar \u00e4r nyttan mer tveksam.<\/p>\n<p>&nbsp;<\/p>\n<h2>Utl\u00e5tande<\/h2>\n<p>Fanatec ClubSport Shifter SQ V 1.5 ger n\u00e5got mycket p\u00e5tagligt till en setup: k\u00e4nslan av att verkligen \"arbeta\" med bilen med din h\u00f6gra (eller v\u00e4nstra, beroende p\u00e5 din setup) hand. Den \u00e4r det perfekta komplementet till en Direct Drive-bas och en bra pedalboard, och l\u00e4gger till det mekaniska lager som saknas n\u00e4r du bara k\u00f6r med paddlar.<\/p>\n<p>P\u00e5 marknaden \u00e4r den tydligt positionerad som en tillg\u00e4nglig mellanklass-\/toppmodell. Mer seri\u00f6s och h\u00e5llbar \u00e4n v\u00e4xlar i instegsklassen, men mindre extrem \u00e4n vissa hyper-specialiserade modeller. Det \u00e4r en bra utg\u00e5ngspunkt: tillr\u00e4ckligt premium f\u00f6r att tillfredsst\u00e4lla en kr\u00e4vande simracer, utan att g\u00e5 till \u00f6verdrift n\u00e4r det g\u00e4ller budget eller begr\u00e4nsningar.<\/p>\n<p>Jag skulle rekommendera den till vanliga f\u00f6rare som gillar manuella v\u00e4xell\u00e5dor och vill ha en v\u00e4xelspak som kan g\u00f6ra allt ordentligt, fr\u00e5n H till sekventiell. F\u00f6r den sporadiska spelaren som sv\u00e4r vid paddlar \u00e4r det inte det b\u00e4sta investeringsvalet. F\u00f6r ett fan av mekanisk simracing \u00e4r det d\u00e4remot ett vettigt val.<\/p>\n<p>Om du letar efter en solid, m\u00e5ngsidig v\u00e4xelspak med en \u00f6vertygande k\u00e4nsla som \u00e4r v\u00e4l integrerad i en Fanatec-installation, kan den h\u00e4r produkten g\u00f6ra hela skillnaden f\u00f6r din installation.<\/p>","protected":false},"excerpt":{"rendered":"<p>Den h\u00e4r v\u00e4xelspaken ger en riktig mekanisk k\u00e4nsla och g\u00f6r en verklig skillnad f\u00f6r hur du k\u00f6r, s\u00e4rskilt med en H-v\u00e4xell\u00e5da. Den riktar sig fr\u00e4mst till vanliga simracerf\u00f6rare, redan utrustade eller redo att bli en del av Fanatecs ekosystem, som verkligen gillar att \"arbeta\" med bilen snarare \u00e4n att k\u00f6ra med paddlar. Hela paketet erbjuder ett konsekvent v\u00e4rde f\u00f6r en seri\u00f6s och l\u00e5ngvarig installation.<\/p>","protected":false},"featured_media":100593,"comment_status":"open","ping_status":"closed","template":"","meta":{"_acf_changed":false,"_et_pb_use_builder":"","_et_pb_old_content":"","_et_gb_content_width":""},"product_brand":[158],"product_cat":[152],"product_tag":[149,160],"class_list":{"0":"post-100592","1":"product","2":"type-product","3":"status-publish","4":"has-post-thumbnail","6":"product_brand-fanatec","7":"product_cat-levier-de-vitesse","8":"product_tag-pc","9":"product_tag-xbox","11":"first","12":"instock","13":"shipping-taxable","14":"product-type-external"},"acf":[],"_links":{"self":[{"href":"https:\/\/simracergear.com\/sv\/wp-json\/wp\/v2\/product\/100592","targetHints":{"allow":["GET"]}}],"collection":[{"href":"https:\/\/simracergear.com\/sv\/wp-json\/wp\/v2\/product"}],"about":[{"href":"https:\/\/simracergear.com\/sv\/wp-json\/wp\/v2\/types\/product"}],"replies":[{"embeddable":true,"href":"https:\/\/simracergear.com\/sv\/wp-json\/wp\/v2\/comments?post=100592"}],"wp:featuredmedia":[{"embeddable":true,"href":"https:\/\/simracergear.com\/sv\/wp-json\/wp\/v2\/media\/100593"}],"wp:attachment":[{"href":"https:\/\/simracergear.com\/sv\/wp-json\/wp\/v2\/media?parent=100592"}],"wp:term":[{"taxonomy":"product_brand","embeddable":true,"href":"https:\/\/simracergear.com\/sv\/wp-json\/wp\/v2\/product_brand?post=100592"},{"taxonomy":"product_cat","embeddable":true,"href":"https:\/\/simracergear.com\/sv\/wp-json\/wp\/v2\/product_cat?post=100592"},{"taxonomy":"product_tag","embeddable":true,"href":"https:\/\/simracergear.com\/sv\/wp-json\/wp\/v2\/product_tag?post=100592"}],"curies":[{"name":"wp","href":"https:\/\/api.w.org\/{rel}","templated":true}]}}