{"id":100604,"date":"2025-05-15T07:47:00","date_gmt":"2025-05-15T07:47:00","guid":{"rendered":"https:\/\/simracergear.com\/products\/fanatec-clubsport-shifter-table-clamp\/"},"modified":"2025-11-28T04:45:12","modified_gmt":"2025-11-28T04:45:12","slug":"fanatec-clubsport-shifter-table-clamp","status":"publish","type":"product","link":"https:\/\/simracergear.com\/sv\/products\/fanatec-clubsport-shifter-table-clamp\/","title":{"rendered":"Fanatec ClubSport kl\u00e4mma f\u00f6r v\u00e4xlingsbord"},"content":{"rendered":"<h2>Fanatec ClubSport Shifter Table Clamp: test &amp; \u00e5sikt f\u00f6r en riktigt solid kl\u00e4mma?<\/h2>\n<p>I simracingv\u00e4rlden kommer manuella och sekventiella v\u00e4xlar bara till sin r\u00e4tt n\u00e4r de \u00e4r korrekt monterade. Fanatec ClubSport Shifter Table Clamp \u00e4r utformad f\u00f6r att g\u00f6ra just detta: tillhandah\u00e5lla en seri\u00f6s monteringsl\u00f6sning f\u00f6r ClubSport Shifter, utan att g\u00e5 direkt till en cockpit eller DIY.<\/p>\n<p>P\u00e5 papperet utlovas en styv, ren och justerbar fixtur f\u00f6r skrivbord eller bord. I praktiken \u00e4r det ett tillbeh\u00f6r som ofta underskattas ... tills den dag d\u00e5 spaken r\u00f6r sig, vibrerar eller drar p\u00e5 fel st\u00e4lle. En bra kl\u00e4mma g\u00f6r inte att du vinner tiondelar, men den kan helt klart r\u00e4dda upplevelsen.<\/p>\n<p>Min vinkel h\u00e4r \u00e4r enkel: h\u00e5ller den h\u00e4r kl\u00e4mman verkligen spaken som den ska, f\u00f6ljer ergonomin med och \u00e4r det en relevant investering i en ClubSport-installation? Jag fokuserar p\u00e5 styvhet, upplevd kvalitet, enkel installation och anpassningsbarhet till olika skrivbord och k\u00f6rst\u00e4llningar.<\/p>\n<h2>Design och tillverkning<\/h2>\n<p>I handen ger ClubSport Shifter Table Clamp omedelbart ett seri\u00f6st intryck. Det \u00e4r ett metallblock med en mycket Fanatec-liknande design: kantiga linjer, svart finish, inga krusiduller. Det \u00e4r tydligt att styvhet och mekanisk styrka prioriteras, snarare \u00e4n ett \"gaming\"-utseende.<\/p>\n<p>Huvuddelarna \u00e4r tillverkade av metall med en betryggande tjocklek. Densiteten finns d\u00e4r, inget l\u00e5ter ih\u00e5ligt och st\u00f6darmarna ger inte intryck av att b\u00f6jas l\u00e4tt. N\u00e4r skruvarna v\u00e4l \u00e4r \u00e5tdragna inger hela konstruktionen f\u00f6rtroende. Du k\u00e4nner att du verkligen kan missbruka spaken utan att vara r\u00e4dd f\u00f6r att rubba den.<\/p>\n<p>\u00c5tdragningsrattarna och justerskruvarna \u00e4r ocks\u00e5 i linje med temat: tillr\u00e4ckligt stora f\u00f6r att kunna hanteras f\u00f6r hand, med g\u00e4ngor som inte gnisslar. Det skriker inte \"lyx\", men det \u00e4r i allra h\u00f6gsta grad ett \"verktyg\": funktionellt, tydligt och robust. Det \u00e4r l\u00e4tt att se \u00e5t vilket h\u00e5ll allting \u00e4r \u00e5tdraget, s\u00e5 det finns ingen anledning till huvudbry.<\/p>\n<p>Det som f\u00f6rv\u00e5nar \u00e4r hur kompakt det \u00e4r \u00f6verlag. F\u00f6r att vara ett s\u00e5 stort stativ tar det upp relativt lite utrymme runt bordskanten. P\u00e5 ett vanligt skrivbord tar det inte upp alltf\u00f6r mycket plats. N\u00e4r det v\u00e4l \u00e4r p\u00e5 plats beh\u00f6ver du knappt t\u00e4nka p\u00e5 det.<\/p>\n<p>\u00c5 andra sidan kan kl\u00e4mmans vikt i kombination med den \u00f6verh\u00e4ngande delen ge ett litet intryck av h\u00e4vst\u00e5ngseffekt om ditt skrivbord \u00e4r tunt eller lite flexibelt. Kl\u00e4mman i sig \u00e4r styv, men den kan ibland avsl\u00f6ja svagheterna hos den m\u00f6bel som den f\u00e4sts p\u00e5. P\u00e5 en robust topp \u00e4r den perfekt, men p\u00e5 ett skrivbord i nyb\u00f6rjarsegmentet kan den vibrera lite.<\/p>\n<p>J\u00e4mf\u00f6rt med generiska l\u00f6sningar som universella kl\u00e4mmor eller 3D-printade f\u00e4sten \u00e4r vi verkligen ett steg upp n\u00e4r det g\u00e4ller styrka och tillf\u00f6rlitlighet. J\u00e4mf\u00f6rt med specialtillverkade f\u00e4sten av tjockt st\u00e5l (t.ex. svetsade cockpitf\u00e4sten) ligger vi fortfarande logiskt under dem, men det \u00e4r just det som \u00e4r tanken: en mycket solid kompromiss f\u00f6r \"kontorsbruk\".<\/p>\n<h2>Inst\u00e4llningar, anpassning och kompatibilitet<\/h2>\n<p>N\u00e4r det g\u00e4ller inst\u00e4llningarna \u00e4r ClubSport Shifter Table Clamp enkel, och det \u00e4r bra. Du kan justera v\u00e4xelspakens h\u00f6jd i f\u00f6rh\u00e5llande till bordskanten, liksom dess avst\u00e5nd fr\u00e5n dig. Detta g\u00f6r att spakens position n\u00e4rmar sig den i en v\u00e4gbil eller GT, beroende p\u00e5 h\u00f6jden p\u00e5 ditt s\u00e4te.<\/p>\n<p>Stativets ledningsf\u00f6rm\u00e5ga ger ett tillr\u00e4ckligt stort intervall f\u00f6r de flesta skrivbordsinstallationer. I praktiken n\u00e5r du s\u00e4llan gr\u00e4nsen f\u00f6r inst\u00e4llningarna. Du kan h\u00f6ja spaken h\u00f6gre \u00e4n ratten, placera den n\u00e4stan i j\u00e4mnh\u00f6jd med bordsskivan eller flytta den i sidled i f\u00f6rh\u00e5llande till s\u00e4tets axel om du beh\u00f6ver. De tillg\u00e4ngliga vinklarna t\u00e4cker de klassiska positionerna utan problem.<\/p>\n<p>Det tar n\u00e5gra minuter att komma underfund med, men det \u00e4r inte komplicerat. Man f\u00f6rst\u00e5r snabbt vilken skruv som styr vad. Det mest tidskr\u00e4vande \u00e4r ofta att justera, testa, dra \u00e5t och sedan finjustera positionen tills den sitter perfekt. Det kr\u00e4ver lite t\u00e5lamod, men n\u00e4r det v\u00e4l \u00e4r gjort beh\u00f6ver man inte r\u00f6ra det igen.<\/p>\n<p>Kompatibiliteten har uppenbarligen utformats f\u00f6r Fanatec ClubSport Shifter (i synnerhet SQ). F\u00e4stpunkterna motsvarar varandra direkt, utan anpassning. Vi befinner oss i ett slutet, sammanh\u00e4ngande ekosystem: Fanatec-bas, Fanatec-v\u00e4xel, Fanatec-kl\u00e4mma. F\u00f6r n\u00e5gon som redan \u00e4r utrustad med Fanatec \u00e4r det bekv\u00e4mt.<\/p>\n<p>F\u00f6r plattformar \u00e4r kl\u00e4mman inte beroende av datorn eller konsolen, utan av m\u00f6beln. Allt du beh\u00f6ver \u00e4r en bordskant med r\u00e4tt tjocklek. S\u00e5 l\u00e4nge skrivbordet varken \u00e4r f\u00f6r tjockt eller f\u00f6r br\u00e4ckligt kommer det att h\u00e5lla. P\u00e5 vissa bord med rundade eller mycket sluttande kanter kan kl\u00e4mman vara lite mindre optimal, men p\u00e5 ett klassiskt rakt skrivbord fungerar det mycket bra.<\/p>\n<p>N\u00e4r det g\u00e4ller skalbarhet \u00e4r det inte en \"grundl\u00e4ggande\" produkt som du kommer att byta ut efter n\u00e5gra m\u00e5nader. Om du h\u00e5ller dig till en station\u00e4r installation kommer den h\u00e4r kl\u00e4mman att g\u00f6ra jobbet perfekt \u00f6ver tid. Det enda verkliga scenariot d\u00e4r den blir f\u00f6r\u00e5ldrad \u00e4r n\u00e4r du g\u00e5r \u00f6ver till en cockpit med r\u00f6r- eller aluminiumprofil, d\u00e4r du kommer att v\u00e4lja ett dedikerat st\u00f6d.<\/p>\n<h2>K\u00e4nslor i spelet: styvhet och stabilitet under verkliga f\u00f6rh\u00e5llanden<\/h2>\n<p>Den h\u00e4r kl\u00e4mman genererar inte direkt k\u00e4nslor i spelet som ett kedjestag eller en pedalplatta, men den \u00f6verf\u00f6r dem. Den viktigaste fr\u00e5gan \u00e4r: f\u00f6rblir spaken helt stabil under de krafter som den uts\u00e4tts f\u00f6r, s\u00e4rskilt i H-m\u00f6nster med markerad l\u00e5sning och i sekventiell med ryck?<\/p>\n<p>P\u00e5 ett h\u00e5rt skrivbord \u00e4r svaret mycket tydligt: ja, hanteringen \u00e4r utm\u00e4rkt. N\u00e4r du l\u00e4gger i en H-m\u00f6nsterv\u00e4xel och anv\u00e4nder lite kraft r\u00f6r sig v\u00e4xelspaken mycket lite, eller inte alls. Du kan k\u00e4nna den interna mekaniska r\u00f6relsen hos spaken, inte konsolens b\u00f6jning. Detta f\u00f6r\u00e4ndrar allt. Du kan v\u00e4xla fritt, utan begr\u00e4nsningar.<\/p>\n<p>I snabba sekvenser, t.ex. virtuell h\u00e4l-t\u00e5 med aggressiva byten, f\u00f6rblir k\u00e4nslan ren. Det finns inget av den lilla wobblingen som ofta finns p\u00e5 generiska kl\u00e4mmor eller improviserade inst\u00e4llningar. \u00c5terg\u00e5ngen till neutrall\u00e4get \u00e4r tydlig och gridlocken \u00e4r exakta. Fokus ligger p\u00e5 bilen, inte p\u00e5 m\u00f6blerna.<\/p>\n<p>I sekventiellt l\u00e4ge \u00e4r fram\u00e5t- eller bak\u00e5tbilder ett bra test. \u00c4ven h\u00e4r klarar kl\u00e4mman sig mycket bra. N\u00e4r du drar h\u00e5rt i v\u00e4xlarna f\u00e5r du inte intrycket av att st\u00f6det \"pumpar\". Responsen \u00e4r omedelbar. Handen skickar kommandot, spaken f\u00f6ljer efter och st\u00f6det f\u00f6rblir som en fast bas.<\/p>\n<p>D\u00e4r jag k\u00e4nde det mest var i konsekvensen under de l\u00e5nga sessionerna. N\u00e4r du b\u00f6rjar slappna av i musklerna blir du ibland mer brutal p\u00e5 spaken, s\u00e4rskilt mitt i trafiken eller i en serie omk\u00f6rningar. Kl\u00e4mman st\u00e5r emot st\u00f6ten och beh\u00e5ller samma styvhet, utan att lossna under timmarna, om allt har dragits \u00e5t korrekt fr\u00e5n b\u00f6rjan.<\/p>\n<p>P\u00e5 vibrerande och oj\u00e4mna sektioner m\u00e4rks kl\u00e4mmans inverkan p\u00e5 monteringens visuella och taktila stabilitet. Spaken b\u00f6js inte fram\u00e5t n\u00e4r bordet vibrerar. Det \u00e4r bordet som \u00f6verf\u00f6r st\u00f6ten, inte st\u00f6det som ger spel. Den \u00f6vergripande k\u00e4nslan \u00e4r mer \"massiv\", n\u00e4rmare en riktig bils mekaniska block.<\/p>\n<p>J\u00e4mf\u00f6rt med en mindre seri\u00f6s set-up \u00e4r den st\u00f6rsta vinsten sj\u00e4lvf\u00f6rtroende. Du v\u00e5gar tvinga fram v\u00e4xlingarna mer, du v\u00e5gar l\u00e4gga armen p\u00e5 spaken utan att vara r\u00e4dd f\u00f6r att st\u00f6ra allt. Du vinner inte i kraft, men du vinner i renhet i gesterna. J\u00e4mf\u00f6rt med ett svetsat f\u00e4ste p\u00e5 en cockpit i st\u00e5l eller aluminium ligger vi fortfarande lite efter i absoluta tal, men i \"kontorsv\u00e4rlden\" ligger vi helt klart i toppskiktet.<\/p>\n<p>\u00d6ver tid f\u00f6rblir komforten god. Den inledande justeringen av h\u00f6jd och rekyl g\u00f6r hela skillnaden: om du placerar v\u00e4xelspaken precis d\u00e4r din arm faller naturligt minskar tr\u00f6ttheten och v\u00e4xlingsfel blir mer s\u00e4llsynta. Kl\u00e4mmans styvhet inneb\u00e4r att den exakta justeringen kan bibeh\u00e5llas utan att den glider.<\/p>\n<h2>Vem \u00e4r det till f\u00f6r? Styrkor och begr\u00e4nsningar<\/h2>\n<p>ClubSport Shifter Table Clamp riktar sig fr\u00e4mst till tv\u00e5 typer av f\u00f6rare: simracerf\u00f6raren som \u00e4r utrustad med en Fanatec-v\u00e4xel men som k\u00f6r p\u00e5 ett skrivbord, och f\u00f6raren som vill ha en ren setup utan att beh\u00f6va g\u00f6ra sig besv\u00e4ret att bygga en komplett cockpit. Om du \u00e4r p\u00e5 en medelh\u00f6g eller avancerad niv\u00e5, om du gillar att k\u00f6ra H-m\u00f6nster p\u00e5 vintage GT, road cars, rallybilar eller vintage protos, f\u00f6r\u00e4ndrar den h\u00e4r typen av stativ tydligt anv\u00e4ndarkomforten.<\/p>\n<p>En av de stora styrkorna \u00e4r den \u00f6vergripande styvheten i f\u00f6rh\u00e5llande till kompaktheten. Kl\u00e4mman h\u00e5ller fast spaken mycket s\u00e4kert, samtidigt som den f\u00f6rblir relativt diskret runt bordskanten. En annan viktig punkt \u00e4r den perfekta integrationen med ClubSport Shifter och Fanatec-ekosystemet, utan behov av modifieringar eller extra plattor. Sist men inte minst inneb\u00e4r flexibiliteten i h\u00f6jd- och lutningsjusteringen att du verkligen kan anpassa positionen till din sittplats och kroppsform, vilket \u00e4r viktigt f\u00f6r ett H-spak.<\/p>\n<p>\u00c5 andra sidan finns det flera begr\u00e4nsningar som man m\u00e5ste komma ih\u00e5g. Den f\u00f6rsta \u00e4r det totala beroendet av kvaliteten p\u00e5 ditt skrivbord. Om din bordsskiva \u00e4r tunn, lite vinglig eller monterad p\u00e5 l\u00e4tta ben kommer du att k\u00e4nna av m\u00f6belns svagheter f\u00f6re kl\u00e4mmans. Andra punkten: detta \u00e4r fortfarande en egenutvecklad produkt, som verkligen \u00e4r utformad f\u00f6r Fanatec-v\u00e4xeln. F\u00f6r andra spakar \u00e4r det inte den perfekta l\u00f6sningen. Slutligen \u00e4r det en extra investering i en redan dyr installation: v\u00e4xelspak + kedjestag + ratt + vevparti + kl\u00e4mma, r\u00e4kningen stiger snabbt.<\/p>\n<p>N\u00e4r det g\u00e4ller det upplevda v\u00e4rdet \u00e4r det meningsfullt om du tillbringar mycket tid med att anv\u00e4nda spaken. Om v\u00e4xelspaken \u00e4r k\u00e4rnan i din simulerade racingupplevelse \u00e4r det vettigt att s\u00e4kra dess montering. Om du \u00e5 andra sidan k\u00f6r 90 % med pallar hela tiden blir k\u00f6pet mer tveksamt och mindre prioriterat \u00e4n andra uppgraderingar.<\/p>\n<h2>Utl\u00e5tande<\/h2>\n<p>Fanatec ClubSport Shifter Table Clamp f\u00f6r\u00e4ndrar inte en installation, den strukturerar den. Den f\u00f6rvandlar en spak som placeras \"som du kan\" p\u00e5 ett skrivbord till ett integrerat, stabilt och trov\u00e4rdigt element. P\u00e5 en marknad d\u00e4r m\u00e5nga improviserar med generiska f\u00e4sten \u00e4r den h\u00e4r kl\u00e4mman helt klart en premiuml\u00f6sning i mellanklassen: seri\u00f6s, dedikerad, v\u00e4l genomt\u00e4nkt utan att g\u00e5 till \u00f6verdrift.<\/p>\n<p>Jag ser den framf\u00f6r allt som en viktig l\u00e4nk f\u00f6r dem som vill stanna kvar p\u00e5 skrivbordet och \u00e4nd\u00e5 f\u00e5 en riktigt solid H-m\u00f6nster- eller sekventiell upplevelse. F\u00f6r en anv\u00e4ndare som redan \u00e4r inl\u00e5st i Fanatecs ekosystem passar den logiskt in i uppl\u00e4gget. F\u00f6r n\u00e5gon som p\u00e5 kort sikt siktar p\u00e5 en cockpit med aluminiumprofil \u00e4r den mindre relevant och kan bli ett on\u00f6digt mellanliggande k\u00f6p.<\/p>\n<p>Om du spelar p\u00e5 ett skrivbord, din Fanatec-shifter r\u00f6r sig lite f\u00f6r mycket och du vill ha en ren, styv och h\u00e5llbar bindning, \u00e4r den h\u00e4r kl\u00e4mman mycket meningsfull. Om du vill stabilisera din ClubSport Shifter p\u00e5 ett skrivbord utan att v\u00e4lja en full cockpit, kan den h\u00e4r produkten helt klart g\u00f6ra skillnad f\u00f6r din installation.&lt;\/analys<\/p>","protected":false},"excerpt":{"rendered":"<p>Den h\u00e4r kl\u00e4mman ger dig k\u00e4nslan av en spak som \u00e4ntligen har \"satt sig\" och \u00e4r p\u00e5litlig, vilket g\u00f6r det mycket mer naturligt och tryggt att anv\u00e4nda v\u00e4xelspaken p\u00e5 ett skrivbord. Den riktar sig framf\u00f6r allt till simracers med fasta skrivbordsupps\u00e4ttningar, som redan \u00e4r utrustade med Fanatec, och som ofta anv\u00e4nder H-m\u00f6nster eller sekventiell v\u00e4xling. Investeringen \u00e4r fortfarande v\u00e4rd besv\u00e4ret om shiftern \u00e4r k\u00e4rnan i din upplevelse.<\/p>","protected":false},"featured_media":100605,"comment_status":"open","ping_status":"closed","template":"","meta":{"_acf_changed":false,"_et_pb_use_builder":"","_et_pb_old_content":"","_et_gb_content_width":""},"product_brand":[158],"product_cat":[153],"product_tag":[149,159,160],"class_list":{"0":"post-100604","1":"product","2":"type-product","3":"status-publish","4":"has-post-thumbnail","6":"product_brand-fanatec","7":"product_cat-accessoires","8":"product_tag-pc","9":"product_tag-playstation","10":"product_tag-xbox","12":"first","13":"instock","14":"shipping-taxable","15":"product-type-external"},"acf":[],"_links":{"self":[{"href":"https:\/\/simracergear.com\/sv\/wp-json\/wp\/v2\/product\/100604","targetHints":{"allow":["GET"]}}],"collection":[{"href":"https:\/\/simracergear.com\/sv\/wp-json\/wp\/v2\/product"}],"about":[{"href":"https:\/\/simracergear.com\/sv\/wp-json\/wp\/v2\/types\/product"}],"replies":[{"embeddable":true,"href":"https:\/\/simracergear.com\/sv\/wp-json\/wp\/v2\/comments?post=100604"}],"wp:featuredmedia":[{"embeddable":true,"href":"https:\/\/simracergear.com\/sv\/wp-json\/wp\/v2\/media\/100605"}],"wp:attachment":[{"href":"https:\/\/simracergear.com\/sv\/wp-json\/wp\/v2\/media?parent=100604"}],"wp:term":[{"taxonomy":"product_brand","embeddable":true,"href":"https:\/\/simracergear.com\/sv\/wp-json\/wp\/v2\/product_brand?post=100604"},{"taxonomy":"product_cat","embeddable":true,"href":"https:\/\/simracergear.com\/sv\/wp-json\/wp\/v2\/product_cat?post=100604"},{"taxonomy":"product_tag","embeddable":true,"href":"https:\/\/simracergear.com\/sv\/wp-json\/wp\/v2\/product_tag?post=100604"}],"curies":[{"name":"wp","href":"https:\/\/api.w.org\/{rel}","templated":true}]}}