{"id":100610,"date":"2025-05-15T07:47:00","date_gmt":"2025-05-15T07:47:00","guid":{"rendered":"https:\/\/simracergear.com\/products\/fanatec-clubsport-steering-wheel-320-for-xbox\/"},"modified":"2025-11-28T04:45:15","modified_gmt":"2025-11-28T04:45:15","slug":"fanatec-clubsport-steering-wheel-320-for-xbox","status":"publish","type":"product","link":"https:\/\/simracergear.com\/sv\/products\/fanatec-clubsport-steering-wheel-320-for-xbox\/","title":{"rendered":"Fanatec ClubSport-ratt 320 Xbox"},"content":{"rendered":"<h2>Fanatec ClubSport Steering Wheel 320 f\u00f6r Xbox - Test &amp; fullst\u00e4ndig recension<\/h2>\n<p>ClubSport Steering Wheel 320 f\u00f6r Xbox \u00e4r tydligt positionerad som en \"allroundratt i toppklass\" i Fanatecs ekosystem. Det \u00e4r inte en stor GT med m\u00e5nga knappar, och inte heller en liten, formell ratt. Det \u00e4r en rund 320 mm ratt, utformad f\u00f6r att t\u00e4cka s\u00e5 m\u00e5nga discipliner som m\u00f6jligt, med Xbox-kompatibilitet som en bonus tack vare den integrerade kontrollmodulen.<\/p>\n<p>P\u00e5 papperet utlovar den tre saker: utm\u00e4rkt byggkvalitet, ett naturligt grepp f\u00f6r b\u00e5de ren k\u00f6rning och l\u00e4tt drifting, och s\u00f6ml\u00f6s integration i varum\u00e4rkets ClubSport \/ CSL \/ DD-baser. Den vill inte vara den mest spektakul\u00e4ra, utan den mest \"sj\u00e4lvklara\" att anv\u00e4nda dagligen.<\/p>\n<p>Min vinkel h\u00e4r \u00e4r enkel: k\u00e4nsla i handen, ergonomi i fullt t\u00e4vlingsl\u00e4ge och samst\u00e4mmighet med priset. Vinner vi verkligen i kontroll, komfort \u00f6ver tid och precision i inmatningarna? Och framf\u00f6r allt: \u00e4r det v\u00e4rt priset j\u00e4mf\u00f6rt med en P1 V2-ratt eller en mer GT-orienterad ratt i sortimentet?<\/p>\n<p>Redan fr\u00e5n de f\u00f6rsta k\u00f6rningarna m\u00e4rks det att ratten inte f\u00f6rs\u00f6ker visa upp sig, utan snarare f\u00f6rsvinner f\u00f6r att du ska kunna koncentrera dig p\u00e5 k\u00f6rningen. Man inser snart om det \u00e4r bra eller om man hade f\u00f6rv\u00e4ntat sig mer karakt\u00e4r.<\/p>\n<p>&nbsp;<\/p>\n<h2>Design och tillverkning<\/h2>\n<p>I handen ger ClubSport Ratt 320 omedelbart ett seri\u00f6st intryck. Sj\u00e4lva f\u00e4lgen \u00e4r tillverkad av aluminium med en v\u00e4lbalanserad tjocklek: du k\u00e4nner en viss t\u00e4thet utan att det k\u00e4nns som en tegelsten. Diametern p\u00e5 320 mm ger en mycket fordonsliknande k\u00e4nsla, n\u00e4rmare en riktig sportbil eller GT \u00e4n en ensitsig ratt.<\/p>\n<p>Handtagen \u00e4r tillverkade av sl\u00e4tt l\u00e4der eller Alcantara, beroende p\u00e5 vilken version som v\u00e4ljs. Alcantara-versionen har en behaglig, ganska mjuk k\u00e4nsla, med bra grepp n\u00e4r handskarna \u00e4r p\u00e5. Utan handskar k\u00e4nner man snabbt av att det kan uppst\u00e5 slitage om man k\u00f6r mycket, men det \u00e4r den klassiska motsvarigheten till det h\u00e4r materialet. L\u00e4der \u00e4r \u00e5 andra sidan mer slitstarkt och l\u00e4ttare att reng\u00f6ra, med en k\u00e4nsla som \u00e4r mindre premium vid f\u00f6rsta ber\u00f6ringen men mer betryggande p\u00e5 l\u00e5ng sikt.<\/p>\n<p>Centralplattan, knapparna och den \u00f6vergripande strukturen visar mycket lite spel. Inget knakar, inget r\u00f6r sig. De magnetiska aluminiumpaddlarna (om de \u00e4r monterade via en ClubSport-modul) ger en k\u00e4nsla av exakt, robust mekanik. Varje paddeldrag har ett rent, skarpt klick som inger f\u00f6rtroende. Det k\u00e4nns som om du kan g\u00e5 fr\u00e5n sv\u00e4ng till sv\u00e4ng och fr\u00e5n v\u00e4xling till v\u00e4xling utan att t\u00e4nka p\u00e5 det.<\/p>\n<p>Det som f\u00f6rv\u00e5nar \u00e4r den \u00f6vergripande styvheten: ratten b\u00f6jer sig inte, inte ens med en Direct Drive-bas med h\u00f6gre vridmoment. Du f\u00e5r inte den d\u00e4r \"vridande\" k\u00e4nslan som du ibland kan f\u00e5 med l\u00e4ttare eller f\u00f6rst\u00e4rkta plastf\u00e4lgar.<\/p>\n<p>Det som \u00e4r lite av en besvikelse \u00e4r den sobra designen. Inga kolfiberinl\u00e4gg, inga visuella detaljer, relativt enkla knappar. J\u00e4mf\u00f6rt med n\u00e5gra av de mer spektakul\u00e4ra Fanatec-rattarna ser den n\u00e4stan klok ut. J\u00e4mf\u00f6rt med en mer prisv\u00e4rd CSL-ratt kan du tydligt k\u00e4nna spr\u00e5nget i kvaliteten p\u00e5 material och finish, men j\u00e4mf\u00f6rt med Podium-serien \u00e4r k\u00e4nslan av ren lyx fortfarande ett sn\u00e4pp under.<\/p>\n<p>&nbsp;<\/p>\n<h2>Inst\u00e4llningar, anpassning och kompatibilitet<\/h2>\n<p>ClubSport Steering Wheel 320 integreras i Fanatecs ekosystem som alla andra moderna f\u00e4lgar fr\u00e5n m\u00e4rket. Xbox-kontrollmodulen \u00e4r integrerad, vilket m\u00f6jligg\u00f6r automatisk igenk\u00e4nning p\u00e5 kompatibla baser och inbyggt st\u00f6d p\u00e5 konsoler. Du ansluter den till din Fanatec-bas, sl\u00e5r p\u00e5 den och kan sedan navigera i konsolmenyerna direkt med ratten.<\/p>\n<p>N\u00e4r det g\u00e4ller inst\u00e4llningar g\u00f6rs allt via basen och Fanatecs programvara: total kraft, filtrering, interpolering, linj\u00e4ritet. Ratten i sig l\u00e4gger inte till ett komplext mjukvarulager. Det \u00e4r bra, eftersom man d\u00e5 slipper g\u00e5 vilse i \u00f6verfl\u00f6diga menyer. Knapparna och minispaken \u00e4r l\u00e4tta att koppla till spel, oavsett om det \u00e4r p\u00e5 PC eller Xbox.<\/p>\n<p>Det verkliga intresset ligger i den fysiska anpassningen: m\u00f6jligheten att byta ut paddlarna, l\u00e4gga till en avancerad paddelmodul eller till och med modifiera knapparna eller locken f\u00f6r att anpassa l\u00e4sbarheten. Det runda formatet p\u00e5 320 mm l\u00e4mpar sig mycket v\u00e4l f\u00f6r flera olika k\u00f6rstilar: GT, touring, rally, l\u00e4tt drifting. Det h\u00e4r \u00e4r en \"generalistratt\" som kan anv\u00e4ndas p\u00e5 en m\u00e4ngd olika s\u00e4tt.<\/p>\n<p>Inl\u00e4rningskurvan \u00e4r mycket mild. Om du kommer fr\u00e5n en enklare Fanatec-ratt (som P1 eller CSL) kommer du inte att g\u00e5 vilse. V\u00e4lbekant ergonomi, inga gimmicks. Du tillbringar mer tid med att justera FFB-inst\u00e4llningarna \u00e4n att f\u00f6rst\u00e5 sj\u00e4lva ratten.<\/p>\n<p>N\u00e4r det g\u00e4ller kompatibilitet \u00e4r PC och Xbox t\u00e4ckta, och beroende p\u00e5 vilket kedjestag som anv\u00e4nds kan du ocks\u00e5 k\u00f6ra p\u00e5 andra plattformar via kedjestaget. Det omgivande Fanatec-ekosystemet - CSL\/ClubSport-pedaler, v\u00e4xelspakar, handbroms, cockpits fr\u00e5n tredje part - passar s\u00f6ml\u00f6st in. Du f\u00e5r intrycket att den h\u00e4r ratten \u00e4r mer av en best\u00e5ende tegelsten i din installation \u00e4n bara ett tillf\u00e4lligt tillbeh\u00f6r: den kan f\u00f6lja med en uppgraderad bas, fr\u00e5n CSL till en mer vridmomentstark bas, utan att bli f\u00f6r\u00e5ldrad.<\/p>\n<p>&nbsp;<\/p>\n<h2>K\u00e4nslor p\u00e5 spel<\/h2>\n<p>P\u00e5 banan \u00e4ndrar den 320 mm stora diametern omedelbart rytmen p\u00e5 inmatningarna. J\u00e4mf\u00f6rt med en mindre F1-ratt eller en kompakt ratt av GT-typ \u00e4r r\u00f6relserna lite fylligare och mer progressiva. Korrigeringarna \u00e4r mjukare, s\u00e4rskilt under l\u00e4tt glidning eller n\u00e4r du g\u00e5r in i kurvor under bromsning. Armen r\u00f6r sig lite mer, men med mer kontroll. Det \u00e4r mycket v\u00e4lkommet i uth\u00e5llighetslopp eller i discipliner d\u00e4r bilen r\u00f6r sig mycket.<\/p>\n<p>Precisionen i kraft\u00e5terkopplingen beror naturligtvis p\u00e5 kedjestaget, men f\u00e4lgen spelar ocks\u00e5 en roll f\u00f6r hur detaljerna k\u00e4nns. Rattens styvhet hj\u00e4lper till att \u00f6verf\u00f6ra FFB utan parasitisk d\u00e4mpning. Du kan k\u00e4nna de sm\u00e5 belastnings\u00f6verf\u00f6ringarna, mikrof\u00f6rlusterna av grepp framtill, variationerna i grepp p\u00e5 vibrerande ytor eller p\u00e5 f\u00f6r\u00e4ndrade ytor. Du f\u00f6rst\u00e5r omedelbart vad bilen g\u00f6r.<\/p>\n<p>I snabba kurvor \u00e4r stabiliteten mycket betryggande. Den st\u00f6rre diametern inneb\u00e4r att du kan l\u00e4gga ner h\u00e4nderna vid 9,15 eller 10,10 och l\u00e5ta bilen g\u00f6ra sitt jobb. Det \u00e4r l\u00e4tt att g\u00f6ra sm\u00e5 vinkeljusteringar och du \u00f6verv\u00e4xlar inte. D\u00e4r en mindre ratt kan uppmuntra till mer nerv\u00f6sa r\u00f6relser, uppmuntrar 320 till en renare och mjukare k\u00f6rning.<\/p>\n<p>P\u00e5 vibratorerna ger ratten tydlig \u00e5terkoppling utan att bli brutal. Rattkransens metall och densitet ger en ganska torr, men inte aggressiv, \u00e5terkoppling. P\u00e5 en bas med h\u00f6gt vridmoment kan du k\u00e4nna att ratten tar p\u00e5frestningen utan att rycka till, s\u00e5 du f\u00e5r inte k\u00e4nslan av att den kommer att glida ur h\u00e4nderna under stora hopp p\u00e5 vissa banor.<\/p>\n<p>Snabba korrigeringar \u00e4r en av styrkorna. N\u00e4r du kommer ut ur en kurva eller i regn, och bakvagnen b\u00f6rjar r\u00f6ra p\u00e5 sig, g\u00f6r den runda formen och diametern det l\u00e4ttare att motbromsa. Du kan l\u00e5ta ratten glida n\u00e5got i h\u00e4nderna och sedan f\u00e5nga den utan n\u00e5gon ovanlig blockering. F\u00f6r spelare som tycker om lite lekfull RWD \u00e4r det v\u00e4ldigt roligt.<\/p>\n<p>Under l\u00e5nga sessioner beror tr\u00f6ttheten p\u00e5 vilken yta du v\u00e4ljer. I Alcantara, med handskar, \u00e4r passformen utm\u00e4rkt och du kan k\u00f6ra l\u00e4nge utan \u00f6verdriven sp\u00e4nning i h\u00e4nderna. Den n\u00e5got st\u00f6rre diametern f\u00f6rdelar anstr\u00e4ngningen v\u00e4l \u00f6ver armar och axlar. I l\u00e4der kan det l\u00e4tta glidet under den bara handen ibland kr\u00e4va lite mer tryck f\u00f6r att bibeh\u00e5lla samma precision, men det \u00e4r ocks\u00e5 l\u00e4ttare att leva med om du forts\u00e4tter session efter session utan handskar.<\/p>\n<p>J\u00e4mf\u00f6rt med ett l\u00e4ttare instegshjul \u00e4r den st\u00f6rsta skillnaden konsistensen: FFB k\u00e4nns renare och b\u00e4ttre strukturerad. F\u00e4rre vibrationer, mer av ett fast block mellan dig och basen. J\u00e4mf\u00f6rt med \u00e4nnu mer avancerade rattar f\u00e5r du inte den d\u00e4r \"juvel\"-k\u00e4nslan med exotiska material, men n\u00e4r det g\u00e4ller ren k\u00f6rk\u00e4nsla st\u00e5r sig 320 perfekt.<\/p>\n<p>Man f\u00e5r en k\u00e4nsla av att ratten \u00e4r utformad f\u00f6r att f\u00f6rsvinna bakom spelets fysik. Den skriker inte \"titta p\u00e5 mig\", utan ber\u00e4ttar bara vad bilen g\u00f6r, varv efter varv. Det \u00e4r d\u00e4r basen verkligen f\u00f6r\u00e4ndrar upplevelsen: du f\u00e5r full nytta av vad din bas kan g\u00f6ra, utan att f\u00e4lgen \u00e4r den svaga punkten.<\/p>\n<p>&nbsp;<\/p>\n<h2>Vem \u00e4r den till f\u00f6r? Vad vi tycker om \/ Vad vi inte tycker om<\/h2>\n<p>ClubSport Steering Wheel 320 f\u00f6r Xbox riktar sig fr\u00e4mst till medelgoda till avancerade simracerf\u00f6rare som vill ha ett hjul som g\u00f6r allt, utan att g\u00e5 ner p\u00e5 nyb\u00f6rjarniv\u00e5. Om du gillar GT, touring, rally och lite drifting \u00e4r dess runda format p\u00e5 320 mm mycket vettigt. P\u00e5 Xbox blir det snabbt det perfekta \"huvudhjulet\" f\u00f6r dem som vill ha en ren och konsekvent inst\u00e4llning.<\/p>\n<p>F\u00f6r en mycket motiverad nyb\u00f6rjare \u00e4r det en bra initial investering eftersom du inte kommer att begr\u00e4nsas n\u00e4r du utvecklas. Byggkvaliteten, styvheten, Xbox\/PC-kompatibiliteten och integrationen i Fanatecs ekosystem g\u00f6r detta till en produkt som kommer att betala f\u00f6r sig p\u00e5 l\u00e5ng sikt. Du f\u00e5r en k\u00e4nsla av att den \u00e4r utformad f\u00f6r att vara en h\u00e5llbar del av din installation, inte en pryl som ska bytas ut efter n\u00e5gra m\u00e5nader.<\/p>\n<p>Vad jag s\u00e4rskilt gillar \u00e4r den \u00f6vergripande solida k\u00e4nslan: ingen flex, inget spel, verkligt mekaniskt f\u00f6rtroende. Sedan har vi den mycket m\u00e5ngsidiga diametern och den runda formen, som g\u00f6r att hjulet passar i praktiskt taget alla spel. Slutligen inneb\u00e4r den inbyggda Xbox-kompatibiliteten att du inte beh\u00f6ver jonglera med flera f\u00e4lgar bara f\u00f6r att byta plattform. Bara plugga in den och spela.<\/p>\n<p>Men det finns ocks\u00e5 gr\u00e4nser. Designen \u00e4r ganska sober, n\u00e4stan f\u00f6r mycket, s\u00e4rskilt om man gillar racingrattar med synligt kolfiber och stora rotorer. Antalet tillg\u00e4ngliga knappar \u00e4r fortfarande rimligt, vilket \u00e4r tillr\u00e4ckligt f\u00f6r de flesta titlar, men kan vara lite kort f\u00f6r simus som kr\u00e4ver mycket direkt kontroll. Och n\u00e4r det g\u00e4ller priset \u00e4r det h\u00e4r fortfarande en produkt som m\u00e5ste t\u00e4nkas igenom: det \u00e4r inte ett impulsk\u00f6p, det \u00e4r en investering som m\u00e5ste v\u00e4gas mot din faktiska speltid och dina ambitioner inom simracing.<\/p>\n<p>Om du absolut letar efter det b\u00e4sta f\u00f6rh\u00e5llandet mellan l\u00e4gsta pris och grundl\u00e4ggande funktionalitet \u00e4r det inte den h\u00e4r du ska v\u00e4lja. Om du letar efter en m\u00e5ngsidig, robust ratt som \u00e4r redo att lyfta din installation ett sn\u00e4pp \u00e4r det den h\u00e4r du ska v\u00e4lja.<\/p>\n<p>&nbsp;<\/p>\n<h2>Utl\u00e5tande<\/h2>\n<p>Fanatec ClubSport Steering Wheel 320 f\u00f6r Xbox ger n\u00e5got mycket enkelt till en installation: konsistens. En rund, realistisk storlek, solid, Xbox-kompatibel ratt som kan h\u00e5lla j\u00e4mna steg med en bas som v\u00e4xer i kraft utan att bli den svaga l\u00e4nken. Den f\u00f6r\u00e4ndrar inte din upplevelse genom en estetisk \"wow\"-effekt, utan genom anv\u00e4ndarv\u00e4nlighet och l\u00e4sbarhet av information i spelet.<\/p>\n<p>P\u00e5 marknaden \u00e4r den tydligt positionerad som en produkt i mellan- och toppsegmentet, en \"pivot\" i sortimentet, mellan de mer prisv\u00e4rda CSL-ratten och de mycket exklusiva Podium-ratten. Den f\u00f6rs\u00f6ker inte konkurrera med ultraspecialiserade modeller, utan erbjuder snarare en mycket sund balans mellan m\u00e5ngsidighet, byggkvalitet och k\u00e4nsla.<\/p>\n<p>Jag skulle rekommendera den till simulerare som k\u00f6r regelbundet, som vill ha en seri\u00f6s ratt f\u00f6r att g\u00f6ra allt, och som redan \u00e4r eller planerar att vara i Fanatecs ekosystem ett tag. F\u00f6r en mycket sporadisk spelare, eller n\u00e5gon som siktar p\u00e5 en ultraspecifik stil (ren formelbil, hardcore drift), finns det mer riktade alternativ.<\/p>\n<p>Om du letar efter en rund, robust, m\u00e5ngsidig och Xbox-kompatibel ratt som f\u00f6rb\u00e4ttrar din bas utan att komma i v\u00e4gen f\u00f6r din k\u00f6rning, kan den h\u00e4r produkten helt klart g\u00f6ra hela skillnaden f\u00f6r din installation.<\/p>","protected":false},"excerpt":{"rendered":"<p>Den h\u00e4r ratten gav mig en verklig k\u00e4nsla av sammanhang: den f\u00f6rsvinner n\u00e4stan f\u00f6r att ge plats \u00e5t k\u00f6rk\u00e4nslorna, med ren, f\u00f6ruts\u00e4gbar kontroll \u00f6ver tid. Framf\u00f6r allt \u00e4r det en bra ratt f\u00f6r vanliga simracerf\u00f6rare, p\u00e5 Xbox eller PC, som vill ha en seri\u00f6s ratt som kan g\u00f6ra n\u00e4stan allt. Med tanke p\u00e5 dess soliditet och m\u00e5ngsidighet \u00e4r investeringen meningsfull p\u00e5 l\u00e5ng sikt.<\/p>","protected":false},"featured_media":100611,"comment_status":"open","ping_status":"closed","template":"","meta":{"_acf_changed":false,"_et_pb_use_builder":"","_et_pb_old_content":"","_et_gb_content_width":""},"product_brand":[158],"product_cat":[156],"product_tag":[149,159,160],"class_list":{"0":"post-100610","1":"product","2":"type-product","3":"status-publish","4":"has-post-thumbnail","6":"product_brand-fanatec","7":"product_cat-roue-de-volant","8":"product_tag-pc","9":"product_tag-playstation","10":"product_tag-xbox","12":"first","13":"instock","14":"shipping-taxable","15":"product-type-external"},"acf":[],"_links":{"self":[{"href":"https:\/\/simracergear.com\/sv\/wp-json\/wp\/v2\/product\/100610","targetHints":{"allow":["GET"]}}],"collection":[{"href":"https:\/\/simracergear.com\/sv\/wp-json\/wp\/v2\/product"}],"about":[{"href":"https:\/\/simracergear.com\/sv\/wp-json\/wp\/v2\/types\/product"}],"replies":[{"embeddable":true,"href":"https:\/\/simracergear.com\/sv\/wp-json\/wp\/v2\/comments?post=100610"}],"wp:featuredmedia":[{"embeddable":true,"href":"https:\/\/simracergear.com\/sv\/wp-json\/wp\/v2\/media\/100611"}],"wp:attachment":[{"href":"https:\/\/simracergear.com\/sv\/wp-json\/wp\/v2\/media?parent=100610"}],"wp:term":[{"taxonomy":"product_brand","embeddable":true,"href":"https:\/\/simracergear.com\/sv\/wp-json\/wp\/v2\/product_brand?post=100610"},{"taxonomy":"product_cat","embeddable":true,"href":"https:\/\/simracergear.com\/sv\/wp-json\/wp\/v2\/product_cat?post=100610"},{"taxonomy":"product_tag","embeddable":true,"href":"https:\/\/simracergear.com\/sv\/wp-json\/wp\/v2\/product_tag?post=100610"}],"curies":[{"name":"wp","href":"https:\/\/api.w.org\/{rel}","templated":true}]}}