{"id":100644,"date":"2025-05-15T07:48:00","date_gmt":"2025-05-15T07:48:00","guid":{"rendered":"https:\/\/simracergear.com\/products\/fanatec-clubsport-steering-wheel-drift-v2\/"},"modified":"2025-11-28T04:45:26","modified_gmt":"2025-11-28T04:45:26","slug":"fanatec-clubsport-steering-wheel-drift-v2","status":"publish","type":"product","link":"https:\/\/simracergear.com\/sv\/products\/fanatec-clubsport-steering-wheel-drift-v2\/","title":{"rendered":"Fanatec ClubSport Drift V2"},"content":{"rendered":"<h2>Fanatec ClubSport Ratt Drift V2: driftratten som g\u00f6r allt<\/h2>\n<p>Fanatec ClubSport Steering Wheel Drift V2 \u00e4r i en klass f\u00f6r sig i Fanatecs sortiment. I grund och botten \u00e4r det en ratt utformad f\u00f6r drifting, med en gener\u00f6s diameter, en tunn kant och ett utseende som \u00e4r mycket likt det som ses i t\u00e4vlingssammanhang. Men i sj\u00e4lva verket riktar den sig ocks\u00e5 till spelare som vill ha en rund, l\u00e4tt och m\u00e5ngsidig ratt som passar lika bra i rally som i grip.<\/p>\n<p>Den utlovar framf\u00f6r allt en sak: kontroll och hastighet. Vi k\u00f6r p\u00e5 en mycket l\u00e4tt f\u00e4lg, utformad f\u00f6r att l\u00e5ta motorn i basen komma till sin r\u00e4tt, oavsett om det \u00e4r en stark Direct Drive eller en mer blygsam bas. Tanken \u00e4r att maximera k\u00e4nslan i h\u00e4nderna samtidigt som man beh\u00e5ller en extremt smidig ratt, s\u00e4rskilt f\u00f6r snabba v\u00e4xlingar och v\u00e5ldsam motstyrning.<\/p>\n<p>Min analysvinkel \u00e4r enkel: tillf\u00f6r denna Drift V2 verkligen n\u00e5got n\u00e4r det g\u00e4ller k\u00e4nsla, precision och k\u00f6rkomfort, eller \u00e4r det bara \u00e4nnu en f\u00e4lg i \"driftstil\" i katalogen? Och framf\u00f6r allt, \u00e4r det h\u00e4r valet av f\u00e4lg meningsfullt om du ocks\u00e5 k\u00f6r p\u00e5 banor, rallyn eller v\u00e4gar, eller om du precis har b\u00f6rjat med Fanatecs ekosystem?<\/p>\n<h2>Konstruktion och tillverkning av ClubSport Drift V2<\/h2>\n<p>Det f\u00f6rsta intrycket i handen \u00e4r l\u00e4tthet. F\u00e4lgen \u00e4r f\u00f6rv\u00e5nansv\u00e4rt l\u00e4tt f\u00f6r ett hjul med den h\u00e4r diametern, och det k\u00e4nns direkt n\u00e4r du snurrar p\u00e5 den. Metallramen ger en bra \u00f6vergripande styvhet, s\u00e5 du k\u00e4nner inte av n\u00e5gon misst\u00e4nkt flex n\u00e4r du trycker h\u00e5rt p\u00e5 toppen eller sidorna.<\/p>\n<p>Fodret i alcantara (eller mocka, beroende p\u00e5 version) \u00e4r behagligt, med en ganska mjuk och greppv\u00e4nlig k\u00e4nsla. Med handskar p\u00e5 \u00e4r greppet perfekt. Med bara h\u00e4nder \u00e4r det fortfarande bekv\u00e4mt, men du f\u00e5r en k\u00e4nsla av att materialet sannolikt kommer att bli m\u00e4rkt snabbare om du s\u00e4tter ihop l\u00e5nga sessioner. Det \u00e4r inte bottenklass, men det \u00e4r inte heller den tjockaste och mest robusta alcantara som jag har sett p\u00e5 mer exklusiva hjul.<\/p>\n<p>Diametern \u00e4r typisk f\u00f6r en driftingratt: tillr\u00e4ckligt stor f\u00f6r bra styrspakar, men inte f\u00f6r stor. I praktiken \u00e4r den fortfarande fullt anv\u00e4ndbar p\u00e5 banor och rallyn. Rattens kant \u00e4r tunn, mycket tunnare \u00e4n en GT- eller F1-ratt. I handen k\u00e4nns den verkligen som en \"racerbilsratt\", l\u00e4tt att glida mellan fingrarna. Det \u00e4r en tydlig f\u00f6r\u00e4ndring fr\u00e5n det mer massiva greppet hos en klassisk GT-ratt.<\/p>\n<p>Konstruktionen \u00e4r ren: regelbundna s\u00f6mmar, v\u00e4ljusterade korsningszoner, inget m\u00e4rkbart spel. Metalldelarna inger f\u00f6rtroende och f\u00e4lgen verkar st\u00e5 emot h\u00e5rd anv\u00e4ndning p\u00e5 Direct Drive-baser. J\u00e4mf\u00f6rt med instegsrattar fr\u00e5n samma m\u00e4rke finns det helt klart en st\u00f6rre k\u00e4nsla av t\u00e4thet och allvar, \u00e4ven om det inte riktigt \u00e4r upp till niv\u00e5n f\u00f6r vissa toppmodeller av metallrattar med fullkornsl\u00e4der.<\/p>\n<p>Det som kan vara en liten besvikelse \u00e4r den allm\u00e4nna nykterheten om du letar efter ett ultrasofistikerat utseende. Det h\u00e4r \u00e4r en enkel design, utformad f\u00f6r effektivitet, utan en stor integrerad display eller en omfattande frontplatta. J\u00e4mf\u00f6rt med mer funktionsfyllda GT- eller F1-rattar ser ClubSport Drift V2 lite \"naken\" ut, men det \u00e4r ocks\u00e5 det som g\u00f6r den till en mycket str\u00f6mlinjeformad ratt som \u00e4r fantastisk att r\u00f6ra sig med.<\/p>\n<h2>Inst\u00e4llningar, anpassning och kompatibilitet<\/h2>\n<p>ClubSport-styrratten Drift V2 integreras i Fanatecs ekosystem via hubbsystemet (Universal Hub, ClubSport Hub osv., beroende p\u00e5 vilken version du v\u00e4ljer). Det \u00e4r h\u00e4r allt kommer in i bilden n\u00e4r det g\u00e4ller inst\u00e4llningar och ergonomi. Sj\u00e4lva hjulet \u00e4r en f\u00e4lg. Rikedomen kommer fr\u00e5n navet som du kombinerar det med.<\/p>\n<p>I praktiken, n\u00e4r den \u00e4r monterad p\u00e5 en Fanatec-bas, hittar du de vanliga menyerna via PC-drivrutinen och inst\u00e4llningsmenyn som \u00e4r direkt tillg\u00e4nglig fr\u00e5n basen eller via navknapparna. Du kan justera den totala effekten hos FFB, filtret, linj\u00e4riteten, rotationsvinkeln och styrkan hos sekund\u00e4reffekterna. Eftersom f\u00e4lgen \u00e4r l\u00e4tt k\u00e4nns varje justering starkare \u00e4n p\u00e5 ett tyngre hjul. Du vinner i responsivitet. Det \u00e4r mycket m\u00e4rkbart vid snabba korrigeringar.<\/p>\n<p>Anpassning handlar ocks\u00e5 om valet av hubb: vissa har m\u00e5nga knappar, andra \u00e4r mer minimalistiska. F\u00f6r m\u00e5ngsidig anv\u00e4ndning \u00e4r en hubb med ett minimum av frontkontroller n\u00e4stan n\u00f6dv\u00e4ndig, s\u00e4rskilt om du spelar p\u00e5 en PC med flera simuleringar och m\u00e5nga mappade funktioner. F\u00f6r mer drift-\/fun-anv\u00e4ndning r\u00e4cker det med en enklare konfiguration.<\/p>\n<p>Inl\u00e4rningskurvan \u00e4r ganska mild. Det h\u00e4r \u00e4r inte en ratt som g\u00f6r livet sv\u00e5rt. Den runda diametern, avsaknaden av exotiska former och den l\u00e4tta hanteringen g\u00f6r att du v\u00e4njer dig vid den mycket snabbt, \u00e4ven om du kommer fr\u00e5n en GT- eller CSL-baserad originalratt. Den verkliga punkten att justera \u00e4r kraften i FFB, eftersom f\u00e4lgens l\u00e4tthet ibland g\u00f6r att du vill trycka basen lite l\u00e4ngre.<\/p>\n<p>N\u00e4r det g\u00e4ller kompatibilitet h\u00e5ller vi oss till det klassiska Fanatec-ramverket: PC inga problem, konsoler beroende p\u00e5 vilken bas som anv\u00e4nds. Ratten f\u00f6ljer basens kompatibilitet, inte tv\u00e4rtom. F\u00f6r de andra delarna av installationen (pedaler, v\u00e4xelspak, handbroms, cockpit) inneb\u00e4r Drift V2 inga s\u00e4rskilda begr\u00e4nsningar. Den integreras precis som alla andra Fanatec-f\u00e4lgar.<\/p>\n<p>N\u00e4r det g\u00e4ller uppgraderingsm\u00f6jligheter \u00e4r det helt klart en del som du kan beh\u00e5lla under l\u00e5ng tid. Du kan byta bas, cockpit och sk\u00e4rm, och den h\u00e4r ratten kommer fortfarande att vara anv\u00e4ndbar. Den kan anv\u00e4ndas som en andra specialiserad drift\/rally-ratt om du redan har en GT, eller som din huvudf\u00e4lg om du f\u00f6redrar runda l\u00e4ttviktshjul.<\/p>\n<h2>K\u00e4nslor i spelet: precision, grepp och kontroll<\/h2>\n<p>D\u00e4r Fanatec ClubSport Steering Wheel Drift V2 verkligen kommer till sin r\u00e4tt \u00e4r p\u00e5 banan. Kombinationen av diameter och l\u00e5g vikt ger en mycket livlig k\u00f6rning. P\u00e5 en Direct Drive-bas f\u00e5r du verkligen k\u00e4nslan av att motorn \"sl\u00e4pps l\u00f6s\". Rotationerna \u00e4r snabba, motstyrningen g\u00e5r av sig sj\u00e4lv och ratten \u00e5terg\u00e5r till linjen med en mycket naturlig k\u00e4nsla av flyt.<\/p>\n<p>N\u00e4r det g\u00e4ller precisionen i force feedback filtrerar f\u00e4lgen bort n\u00e4stan ingenting. Varje liten r\u00f6relse i bilen k\u00e4nns i h\u00e4nderna. I v\u00e4ltrimmade simuleringar \u00e4r det mycket l\u00e4tt att l\u00e4sa av n\u00e4r bilen b\u00f6rjar \u00f6verstyra, n\u00e4r den l\u00e4gger i en v\u00e4xel och n\u00e4r greppet varierar under inbromsning. Du f\u00f6rst\u00e5r omedelbart vad bilen g\u00f6r. Det \u00e4r som om f\u00e4lgens l\u00e4tthet tar bort ett lager av tr\u00f6ghet mellan dig och basmotorn.<\/p>\n<p>I kurvor g\u00f6r den h\u00e4r konfigurationen att ratten \u00e4r mycket l\u00e4tt att positionera. Vid infarten kan du finjustera vinkeln, s\u00e4rskilt p\u00e5 bilar utan assistans. Vid full downforce tar den tunna ratten lite tid att v\u00e4nja sig vid om man kommer fr\u00e5n en stor GT-ratt, men man vinner i finess och r\u00e5 k\u00e4nsla. Vi vet exakt hur bra d\u00e4cken h\u00e5ller, s\u00e4rskilt p\u00e5 v\u00e4gbilar, driftbilar, rally och vissa vintage-GT:er.<\/p>\n<p>P\u00e5 vibratorerna \u00e4r \u00e5terkopplingen tydlig. Du kan k\u00e4nna texturen och ytf\u00f6r\u00e4ndringarna. Det blir inte mjukare av ratten, tv\u00e4rtom. St\u00f6tarna g\u00e5r rakt igenom f\u00e4lgen. Vissa m\u00e4nniskor kommer att gilla den h\u00e4r mycket \"levande\" k\u00e4nslan, medan andra f\u00f6redrar en n\u00e5got tyngre ratt f\u00f6r att lugna ner \u00e5terkopplingen n\u00e5got. Under l\u00e5nga sessioner kan det vara lite tr\u00f6ttsamt om du st\u00e4ller in FFB mycket h\u00f6gt, men genom att justera inst\u00e4llningarna hittar du snart en bra balans.<\/p>\n<p>I snabba sekvenser sticker Drift V2 verkligen ut. Styrnings\u00e4ndringar \u00e4r extremt responsiva. Du kan bokstavligen f\u00e5 bilen att dansa, s\u00e4rskilt p\u00e5 kurviga banor eller i rallyn. N\u00e4r det g\u00e4ller drifting \u00e4r det helt klart h\u00e4r produkten kommer till sin r\u00e4tt: ratten sv\u00e4nger snabbt, \u00e5terv\u00e4nder snabbt och \u00e4r l\u00e4tt att komma ikapp. Du kan l\u00e5ta ratten snurra i dina h\u00e4nder och plocka upp den igen med stor precision. Man f\u00e5r k\u00e4nslan av att man alltid kan komma ikapp bilen, \u00e4ven n\u00e4r det g\u00e5r undan.<\/p>\n<p>N\u00e4r det g\u00e4ller stabilitet under l\u00e5nga sessioner \u00e4r ratten helt oklanderlig. Det finns inget glapp, inget ovidkommande ljud och inget som spricker. Det enda du b\u00f6r vara uppm\u00e4rksam p\u00e5 \u00e4r slitage p\u00e5 bel\u00e4ggningen om du ofta spelar utan handskar. Alcantara \u00e4lskar svett och m\u00e5ttlig gnuggning, men det slutar alltid med att det blir lite m\u00e4rkt med tiden. N\u00e4r det g\u00e4ller komfort inneb\u00e4r den tunna kanten lite mer belastning p\u00e5 fingrarna \u00e4n en tjock ratt, men p\u00e5 plussidan blir h\u00e4nderna inte lika tr\u00f6tta \u00f6ver l\u00e5nga str\u00e4ckor.<\/p>\n<p>J\u00e4mf\u00f6rt med en tyngre, mer GT-orienterad ratt \u00e4r upplevelsen mer direkt, mer r\u00e5. Du f\u00f6rlorar lite av \"komforten\" i den naturliga filtreringen som en mer massiv f\u00e4lg ger, men du vinner i livfullhet och detaljrikedom i kraft\u00e5terkopplingen. J\u00e4mf\u00f6rt med en \u00e4nnu styvare och mer polerad f\u00e4lg i toppklassen f\u00e5r du k\u00e4nslan av att du inte g\u00e5r efter total ultra-premium, men f\u00f6rh\u00e5llandet mellan pris och k\u00e4nsla \u00e4r fortfarande mycket bra.<\/p>\n<p>Det som verkligen imponerade p\u00e5 mig var det sj\u00e4lvf\u00f6rtroende han visade i de snabba korrigeringarna. Du kan komma in lite f\u00f6r h\u00e5rt, provocera bilen och sedan har du m\u00f6jlighet att komma ikapp. Du kommer p\u00e5 dig sj\u00e4lv med att attackera mer, helt enkelt f\u00f6r att du k\u00e4nner att du har kontroll.<\/p>\n<h2>Vem \u00e4r den till f\u00f6r? Vad vi gillar, vad vi inte gillar<\/h2>\n<p>ClubSport Steering Wheel Drift V2 riktar sig fr\u00e4mst till medelgoda till avancerade spelare som vet vad de letar efter: en rund, l\u00e4tt ratt som \u00e4r perfekt f\u00f6r drifting, rally, sportbilar eller veteranbilar. Den passar ocks\u00e5 motiverade nyb\u00f6rjare som vill investera direkt i en seri\u00f6s, h\u00e5llbar f\u00e4lg, s\u00e4rskilt om de siktar p\u00e5 en Fanatec-installation p\u00e5 l\u00e5ng sikt.<\/p>\n<p>Det jag s\u00e4rskilt gillar \u00e4r k\u00e4nslan av kontrollerad l\u00e4tthet, som verkligen f\u00f6r\u00e4ndrar beteendet hos alla typer av underlag, \u00e4ven mindre kraftfulla s\u00e5dana. Du har ocks\u00e5 en diameter som \u00e4r perfekt anv\u00e4ndbar i alla typer av discipliner, vilket g\u00f6r det till ett f\u00f6rv\u00e5nansv\u00e4rt m\u00e5ngsidigt hjul. Konstruktionen \u00e4r solid och betryggande: det k\u00e4nns inte som om du h\u00e5ller i ett pr\u00e5ligt tillbeh\u00f6r, utan en riktig simracingprodukt som \u00e4r utformad f\u00f6r att h\u00e5lla och klara av m\u00e5nga timmars spelande.<\/p>\n<p>\u00c5 andra sidan finns det n\u00e5gra begr\u00e4nsningar som man b\u00f6r ha i \u00e5tanke. Avsaknaden av integrerade funktioner p\u00e5 sj\u00e4lva f\u00e4lgen (displayer, m\u00e5nga integrerade knappar, vridreglage) inneb\u00e4r att allt beror p\u00e5 vilket nav du v\u00e4ljer. Om du kommer fr\u00e5n en ratt med en mycket komplett upps\u00e4ttning reglage kan det k\u00e4nnas som att du tar ett steg tillbaka. Den tunna kanten kommer inte heller att tilltala alla; vissa f\u00f6redrar greppet fr\u00e5n en tjockare ratt, s\u00e4rskilt f\u00f6r modern GT- eller endurance-racing. Slutligen kr\u00e4ver alcantara-\u00f6verdraget ett minimum av sk\u00f6tsel, helst handskar, vilket ger en liten begr\u00e4nsning om du spelar mer avslappnat och avslappnat.<\/p>\n<p>N\u00e4r det g\u00e4ller investering \u00e4r det h\u00e4r en produkt som \u00e4r vettig om du vill stanna kvar i Fanatecs ekosystem. Det upplevda v\u00e4rdet \u00e4r bra: du betalar f\u00f6r ett hjul som verkligen kan f\u00f6r\u00e4ndra dina k\u00e4nslor, s\u00e4rskilt om du kommer fr\u00e5n en tyngre eller mer grundl\u00e4ggande f\u00e4lg. Det \u00e4r inte den mest spektakul\u00e4ra produkten rent visuellt, men n\u00e4r det g\u00e4ller k\u00e4nsla och kontroll \u00e4r pris\/gl\u00e4dje-f\u00f6rh\u00e5llandet \u00f6vertygande, s\u00e4rskilt f\u00f6r drift\/rally-orienterad anv\u00e4ndning.<\/p>\n<h2>Omd\u00f6me: Drift V2, en verklig tillg\u00e5ng i en Fanatec-installation<\/h2>\n<p>Fanatec ClubSport Steering Wheel Drift V2 revolutionerar inte en setup genom sina tekniska specifikationer, utan genom hur den beter sig n\u00e4r den v\u00e4l \u00e4r monterad p\u00e5 basen. Den f\u00f6r\u00e4ndrar hur ratten vrider sig, hur FFB uttrycker sig och hur du interagerar med bilen. Konkret inneb\u00e4r det att du f\u00e5r b\u00e4ttre respons, mer detaljerad feedback och b\u00e4ttre kontroll i extrema situationer.<\/p>\n<p>P\u00e5 marknaden \u00e4r den tydligt placerad i det solida mellanskiktet: mer seri\u00f6s, b\u00e4ttre finish och mer specialiserad \u00e4n instegsf\u00e4lgar, men utan att g\u00e5 upp i det galna priset och finishen f\u00f6r hyperpremium fullreplikaf\u00e4lgar. Det \u00e4r en viktig del i Fanatecs ekosystem, s\u00e4rskilt om du letar efter en rund, m\u00e5ngsidig f\u00e4lg med en riktig driftinriktning.<\/p>\n<p>Jag skulle rekommendera den till spelare som gillar sportiga v\u00e4gbilar, drifting, rally och discipliner d\u00e4r styrvinkeln \u00e4r viktig och snabba korrigeringar \u00e4r vanliga. F\u00f6r n\u00e5gon som n\u00e4stan uteslutande k\u00f6r moderna GT- eller formelbilar \u00e4r det mer meningsfullt med en ratt i GT- eller F1-stil. Och om du letar efter en mycket tung, mycket tjock, ultrafiltrerande ratt \u00e4r det inte den h\u00e4r produktens profil.<\/p>\n<p>Om du letar efter en l\u00e4tt, exakt ratt som visar upp din Fanatec-bas och verkligen ger dig k\u00e4nslan av att styra bilen med fingertopparna, kan den h\u00e4r produkten helt klart g\u00f6ra skillnad i din installation.&lt;\/final<\/p>","protected":false},"excerpt":{"rendered":"<p>Framf\u00f6r allt gav den h\u00e4r f\u00e4lgen mig en mycket direkt k\u00e4nsla av kontroll, med en verklig l\u00e4tthet att komma ikapp bilen och l\u00e4sa av greppet, s\u00e4rskilt vid drifting och rally. Den passar bra f\u00f6r spelare som redan \u00e4r lite investerade (eller motiverade) i Fanatecs ekosystem och som vill ha en rund, l\u00e4tt och m\u00e5ngsidig f\u00e4lg. Sammantaget \u00e4r f\u00f6rh\u00e5llandet mellan k\u00e4nsla och pris sammanh\u00e4ngande.<\/p>","protected":false},"featured_media":100645,"comment_status":"open","ping_status":"closed","template":"","meta":{"_acf_changed":false,"_et_pb_use_builder":"","_et_pb_old_content":"","_et_gb_content_width":""},"product_brand":[158],"product_cat":[156],"product_tag":[149,159],"class_list":{"0":"post-100644","1":"product","2":"type-product","3":"status-publish","4":"has-post-thumbnail","6":"product_brand-fanatec","7":"product_cat-roue-de-volant","8":"product_tag-pc","9":"product_tag-playstation","11":"first","12":"instock","13":"shipping-taxable","14":"product-type-external"},"acf":[],"_links":{"self":[{"href":"https:\/\/simracergear.com\/sv\/wp-json\/wp\/v2\/product\/100644","targetHints":{"allow":["GET"]}}],"collection":[{"href":"https:\/\/simracergear.com\/sv\/wp-json\/wp\/v2\/product"}],"about":[{"href":"https:\/\/simracergear.com\/sv\/wp-json\/wp\/v2\/types\/product"}],"replies":[{"embeddable":true,"href":"https:\/\/simracergear.com\/sv\/wp-json\/wp\/v2\/comments?post=100644"}],"wp:featuredmedia":[{"embeddable":true,"href":"https:\/\/simracergear.com\/sv\/wp-json\/wp\/v2\/media\/100645"}],"wp:attachment":[{"href":"https:\/\/simracergear.com\/sv\/wp-json\/wp\/v2\/media?parent=100644"}],"wp:term":[{"taxonomy":"product_brand","embeddable":true,"href":"https:\/\/simracergear.com\/sv\/wp-json\/wp\/v2\/product_brand?post=100644"},{"taxonomy":"product_cat","embeddable":true,"href":"https:\/\/simracergear.com\/sv\/wp-json\/wp\/v2\/product_cat?post=100644"},{"taxonomy":"product_tag","embeddable":true,"href":"https:\/\/simracergear.com\/sv\/wp-json\/wp\/v2\/product_tag?post=100644"}],"curies":[{"name":"wp","href":"https:\/\/api.w.org\/{rel}","templated":true}]}}