{"id":100763,"date":"2025-11-28T04:46:44","date_gmt":"2025-11-28T04:46:44","guid":{"rendered":"https:\/\/simracergear.com\/products\/fanatec-clubsport-steering-wheel-porsche-911-gt3-r-v2-for-xbox-suede\/"},"modified":"2025-11-28T04:46:44","modified_gmt":"2025-11-28T04:46:44","slug":"fanatec-clubsport-steering-wheel-porsche-911-gt3-r-v2-for-xbox-suede","status":"publish","type":"product","link":"https:\/\/simracergear.com\/sv\/products\/fanatec-clubsport-steering-wheel-porsche-911-gt3-r-v2-for-xbox-suede\/","title":{"rendered":"Fanatec ClubSport-ratt Porsche 911 GT3 R V2 f\u00f6r Xbox (mocka)"},"content":{"rendered":"<h2>Fanatec ClubSport Ratt Porsche 911 GT3 R V2 f\u00f6r Xbox (Mocka) : test och recension<\/h2>\n<p>ClubSport Steering Wheel Porsche 911 GT3 R V2 for Xbox (Suede) \u00e4r tydligt positionerad som en \"serious premium\"-ratt i Fanatecs ekosystem. Det \u00e4r inte bara en ers\u00e4ttningsratt: det \u00e4r en modern GT3-replika, utformad f\u00f6r ClubSport- och Podium-baserna, med integrerad Xbox-kompatibilitet och ett mycket inlevelseorienterat tillv\u00e4gag\u00e5ngss\u00e4tt.<\/p>\n<p>P\u00e5 papperet utlovar den tre saker: en form- och storleksrealism som ligger mycket n\u00e4ra den hos en riktig ratt, en ergonomi i GT-stil som fungerar lika bra i GT3 som i prototyper eller modern rallysport, och full integration i Fanatecs ekosystem, oavsett om det g\u00e4ller PC eller Xbox. M\u00e5let \u00e4r tydligt: att erbjuda en multifunktionell ratt i toppklass f\u00f6r dem som vill l\u00e4gga i en h\u00f6gre v\u00e4xel utan att g\u00e5 den extremt nischade skr\u00e4ddarsydda v\u00e4gen.<\/p>\n<p>Min inst\u00e4llning \u00e4r enkel: p\u00e5 den h\u00e4r prisniv\u00e5n f\u00f6rv\u00e4ntar jag mig en exemplarisk finish, komfort som varar i flera timmar, en fin avl\u00e4sning av bilen i h\u00e4nderna och ergonomi utan kr\u00e5ngel. F\u00f6r mig \u00e4r det tre saker som lockar med den h\u00e4r ratten: kvaliteten p\u00e5 mockagreppet, tillg\u00e4ngligheten till reglagen och den \u00f6vergripande realismen i den kraftfulla Direct Drive-underbyggnaden. Det \u00e4r h\u00e4r som den h\u00e4r typen av produkt verkligen m\u00e5ste motivera sin existens i en installation.<\/p>\n<h2>Design, tillverkning och k\u00e4nsla<\/h2>\n<p>I handen \u00e4r det f\u00f6rsta intrycket mycket tydligt: du h\u00e5ller i en t\u00e4t, styv ratt med verklig n\u00e4rvaro. Diametern i GT3-stil ger dig omedelbart r\u00e4tt skala, varken f\u00f6r liten f\u00f6r F1 eller f\u00f6r stor f\u00f6r v\u00e4gen. Du kan k\u00e4nna att Fanatec siktar p\u00e5 modern kretsk\u00f6rning, utan arkadkompromisser.<\/p>\n<p>Mockan \u00e4r av god kvalitet, ganska tjock och har en \u00e5dring som ger ett bra grepp om handskarna. Det k\u00e4nns bra med bara h\u00e4nder, men man inser genast att det h\u00e4r materialet \u00e4r utformat f\u00f6r att anv\u00e4ndas med handskar om man vill bevara det \u00f6ver tid. S\u00f6mmarna \u00e4r rena och j\u00e4mna, utan n\u00e5gon irriterande f\u00f6rtjockning under fingrarna. Vi letar inte efter fel, vi koncentrerar oss p\u00e5 greppet.<\/p>\n<p>Rattens struktur \u00e4r styv, utan m\u00e4rkbar flex, inte ens n\u00e4r den avsiktligt vrids. Monteringen med det integrerade ClubSport-navet \u00e4r ren, toleranserna \u00e4r sn\u00e4va, inget r\u00f6r sig, inget vibrerar utanf\u00f6r FFB. Hela grejen utstr\u00e5lar allvar. Det \u00e4r helt klart ett sn\u00e4pp b\u00e4ttre \u00e4n Fanatec-hjulen eller andra plastorienterade m\u00e4rken som \u00e4r mer \"entry-level\".<\/p>\n<p>D\u00e4r den verkligen imponerar \u00e4r den \u00f6vergripande solida k\u00e4nslan. Knapparna klickar stadigt, vridhjulen roterar med ett v\u00e4lbalanserat motst\u00e5nd och paddlarna k\u00e4nns naturliga under fingrarna. Det k\u00e4nns som en produkt som \u00e4r utformad f\u00f6r att t\u00e5la m\u00e5nga timmars anv\u00e4ndning.<\/p>\n<p>Det som kan vara en liten besvikelse \u00e4r att vi trots priset fortfarande talar om en \"premium industriell\" finishniv\u00e5 snarare \u00e4n en \"skr\u00e4ddarsydd racingjuvel\". I synnerhet mockan g\u00f6r ett mycket bra jobb, men ger inte samma k\u00e4nsla av perfektion som vissa extremt avancerade specialanpassade hjul. J\u00e4mf\u00f6rt med andra Fanatec ClubSport-rattar \u00e4r kvalitets\u00f6kningen mer en fr\u00e5ga om ergonomi och helhetsk\u00e4nsla \u00e4n ett stort steg i finish.<\/p>\n<h2>Inst\u00e4llningar, anpassning och kompatibilitet<\/h2>\n<p>N\u00e4r det g\u00e4ller inst\u00e4llningar \u00e4r vi fortfarande i Fanatec-v\u00e4rlden: allt g\u00e5r via basen (eller snabbmenyn) och via PC-programvaran om du vill finjustera. Ratten i sig \u00e4r inte d\u00e4r f\u00f6r att l\u00e4gga till komplikationer, utan f\u00f6r att ge v\u00e4lplacerade kontroller. \u00c4rligt talat \u00e4r ergonomin mycket bra: de viktigaste knapparna \u00e4r \u00e5tkomliga utan att du beh\u00f6ver ta h\u00e4nderna fr\u00e5n ratten, vridreglagen kan anv\u00e4ndas under ett lopp f\u00f6r ABS, TC eller bromsf\u00f6rsp\u00e4nning och placeringslogiken f\u00f6rblir intuitiv.<\/p>\n<p>Inl\u00e4rningskurvan f\u00f6r kontrollerna \u00e4r rimlig. Det finns ganska m\u00e5nga knappar och inmatningar, men man k\u00e4nner sig inte \u00f6verv\u00e4ldigad. Efter n\u00e5gra sessioner blir allt automatiskt: du vet vart du ska g\u00e5 f\u00f6r att \u00e4ndra en motorkarta eller en blandning, utan att beh\u00f6va titta p\u00e5 ratten. Det \u00e4r precis vad man f\u00f6rv\u00e4ntar sig av en ratt i GT3-stil.<\/p>\n<p>N\u00e4r det g\u00e4ller anpassningar ligger huvudintresset i att tilldela kontroller i spel och i Fanatec-profiler. Det \u00e4r enkelt att justera FFB:s allm\u00e4nna kraft, d\u00e4mpningen, friktionen och k\u00e4nsligheten hos effekterna. Ratten reagerar mycket tydligt p\u00e5 dessa f\u00f6r\u00e4ndringar, utan d\u00f6da zoner eller konstigt beteende. Du kan k\u00e4nna att den mekaniska l\u00e4nken till basen \u00e4r solid och att informationen \u00f6verf\u00f6rs utan n\u00e5got \u00f6verfl\u00f6digt filter.<\/p>\n<p>N\u00e4r det g\u00e4ller kompatibilitet \u00e4r detta ett av de stora f\u00f6rs\u00e4ljningsargumenten. Tack vare den Xbox-licens som \u00e4r inbyggd i hubben kan den anv\u00e4ndas p\u00e5 b\u00e5de PC och Xbox-konsoler, s\u00e5 l\u00e4nge Fanatec-basen ocks\u00e5 \u00e4r kompatibel. P\u00e5 PlayStation beror kompatibiliteten p\u00e5 basen, som alltid med Fanatec. Det omgivande ekosystemet \u00e4r omfattande: pedaler, v\u00e4xlar, handbromsar, cockpits... den h\u00e4r ratten passar naturligt in i en installation som redan \u00e4r utrustad med Fanatec.<\/p>\n<p>I praktiken \u00e4r det inte en enkel startpunkt, utan snarare ett hjul som \u00e4r utformat f\u00f6r att h\u00e5lla i en seri\u00f6s simracerinstallation. Det \u00e4r l\u00e4tt att b\u00f6rja med en ClubSport-bas och sedan uppgradera till en kraftfullare Podium utan att beh\u00f6va byta ut den. Det h\u00e5ller j\u00e4mna steg med utvecklingen p\u00e5 marknaden utan att bli omsprunget.<\/p>\n<h2>K\u00e4nslor i spel: hj\u00e4rtat av upplevelsen<\/h2>\n<p>Det \u00e4r en g\u00e5ng p\u00e5 banan som denna ClubSport Porsche 911 GT3 R V2 (Suede) verkligen visar sitt v\u00e4rde. Det f\u00f6rsta som sl\u00e5r dig \u00e4r precisionen i den information som n\u00e5r dina h\u00e4nder. Ratten vrider sig inte bara med kraft, den sk\u00e4r ut detaljerna i FFB med finess, s\u00e4rskilt p\u00e5 en v\u00e4l avst\u00e4md Direct Drive-bas.<\/p>\n<p>I snabba kurvor kan du tydligt k\u00e4nna hur belastningen byggs upp i ratten, hur styrningen h\u00e5rdnar och sedan det lilla flytandet n\u00e4r du n\u00e5r gr\u00e4nsen f\u00f6r greppet. \u00d6verg\u00e5ngen fr\u00e5n \"den h\u00e5ller\" till \"den b\u00f6rjar glida\" \u00e4r tydlig och progressiv. Du f\u00f6rst\u00e5r omedelbart vad bilen g\u00f6r. Det \u00e4r d\u00e4r kombinationen diameter\/form\/styvhet verkligen kommer till sin r\u00e4tt.<\/p>\n<p>Avl\u00e4sningen av greppet \u00e4r s\u00e4rskilt \u00f6vertygande. I GT3, till exempel, kan du verkligen k\u00e4nna mikrodriften i fram\u00e4nden, k\u00e4nslan av ett d\u00e4ck som \"glider n\u00e5got men h\u00e5ller fast\". Med framhjulsdrift eller kraftfull bakhjulsdrift blir varje f\u00f6rlust av grepp f\u00f6ruts\u00e4gbar. Du kan f\u00f6rutse och korrigera tidigare, och det blir f\u00e4rre v\u00e5ldsamma \u00f6verraskningar. Den h\u00e4r typen av ratt, p\u00e5 en bra bas, ger dig en k\u00e4nsla av att styra bilen med fingertopparna, inte bara styra den.<\/p>\n<p>P\u00e5 vibratorer \u00e4r k\u00f6rningen torr men inte brutal. Aggressiva kanter sticker ut, s\u00e4rskilt p\u00e5 sp\u00e5r som SPA, Monza eller vissa stadssp\u00e5r. Ratten \u00f6verf\u00f6r sp\u00e5rets struktur utan att bli lerig. Det finns mycket lite fr\u00e4mmande ljud, \u00e4ven n\u00e4r effekterna skjuts lite. Ytf\u00f6r\u00e4ndringar (asfalt, vibration, astroturf, grus) \u00e4r l\u00e4tta att urskilja.<\/p>\n<p>Under l\u00e5nga sessioner \u00e4r komforten en positiv \u00f6verraskning. Rattens allm\u00e4nna form g\u00f6r att du kan variera din handposition n\u00e5got utan att f\u00f6rlora kontrollen. Mockan ger tillr\u00e4ckligt med grepp s\u00e5 att du inte beh\u00f6ver greppa som en galning, s\u00e4rskilt inte med handskar p\u00e5. I slutet av en l\u00e5ng l\u00f6prunda \u00e4r underarmarna tr\u00f6tta p\u00e5 grund av intensiteten, men det g\u00f6r inte s\u00e4rskilt ont p\u00e5 sj\u00e4lva ratten.<\/p>\n<p>Ratten reagerar snabbt p\u00e5 snabba korrigeringar, s\u00e4rskilt n\u00e4r man glider eller tar upp \u00f6verstyrning, och k\u00e4nns inte som att den sl\u00e4par. Styvheten hj\u00e4lper till mycket: n\u00e4r du motstyr k\u00e4nner du att varje rotationsgrad tas med i ber\u00e4kningen av basen. Sm\u00e5 sv\u00e4ngningar \u00e4r l\u00e4tta att kontrollera, och du kan kontrollera m\u00e4ngden utan att k\u00e4nna att du k\u00e4mpar mot en \"mjuk\" ratt.<\/p>\n<p>J\u00e4mf\u00f6rt med ett sv\u00e4nghjul som \u00e4r monterat p\u00e5 en mindre kraftfull bas eller med en konventionell rem, ligger vinsten i \u00e5terkopplingens tydlighet. Sm\u00e5 bitar av information, som ofta filtreras bort eller dr\u00e4nks, kommer fram tydligare h\u00e4r. Bilen k\u00e4nns mer \"levande\" i dina h\u00e4nder. J\u00e4mf\u00f6rt med mycket l\u00e4tta rattar eller rattar i instegsklassen vinner vi ocks\u00e5 i stabilitet och konsekvens. Rattens t\u00e4thet bidrar till denna k\u00e4nsla av allvar.<\/p>\n<p>J\u00e4mf\u00f6rt med en mycket kraftfullare basmodell begr\u00e4nsar ratten egentligen inte potentialen. Den hanterar h\u00f6ga krafter utan att darra och \u00e4r fortfarande l\u00e4tt att l\u00e4sa av. Den verkliga begr\u00e4nsningen kommer mer fr\u00e5n sj\u00e4lva basen \u00e4n fr\u00e5n ratten. ClubSport Porsche 911 GT3 R V2 skapar inte en artificiell effekt, utan l\u00e5ter basmodellen uttrycka sig fullt ut samtidigt som den tillf\u00f6r sin egen signatur av komfort och precision.<\/p>\n<h2>Vem \u00e4r den till f\u00f6r? Vad vi tycker om \/ Vad vi inte tycker om<\/h2>\n<p>Den h\u00e4r ratten riktar sig tydligt till medelgoda till avancerade simf\u00f6rare, de som k\u00f6r regelbundet, som redan har en anst\u00e4ndig Fanatec-bas och som vill f\u00f6rb\u00e4ttra sin GT3\/GT-upplevelse. P\u00e5 Xbox fungerar den som en \"seri\u00f6s\" ratt f\u00f6r dem som vill komma bort fr\u00e5n nyb\u00f6rjarsatserna. P\u00e5 PC passar den mycket bra in i en uth\u00e5llighets-, GT- och modern racingorienterad installation.<\/p>\n<p>Det jag uppskattar mest \u00e4r kvaliteten p\u00e5 \u00e5terkopplingen, i kombination med den \u00f6vergripande styvheten. Ratten k\u00e4nns alltid under kontroll, \u00e4ven i extrema situationer. Jag gillar ocks\u00e5 den \u00f6vergripande ergonomin: knapparna k\u00e4nns bra, rattarna \u00e4r anv\u00e4ndbara i ett lopp och du kan verkligen hantera din bil som du skulle g\u00f6ra i verkligheten, utan att g\u00e5 vilse. Slutligen g\u00f6r den inbyggda Xbox-kompatibiliteten och den s\u00f6ml\u00f6sa integrationen i Fanatecs ekosystem det till ett betryggande val: du vet att det kommer att h\u00e5lla j\u00e4mna steg med f\u00f6r\u00e4ndringar i installationen utan att bli f\u00f6r\u00e5ldrat f\u00f6r snabbt. F\u00f6r n\u00e5gon som investerar seri\u00f6st i sin h\u00e5rdvara \u00e4r det upplevda v\u00e4rdet solitt.<\/p>\n<p>\u00c5 andra sidan finns det n\u00e5gra begr\u00e4nsningar. Den f\u00f6rsta \u00e4r mocka: fantastisk n\u00e4r det g\u00e4ller k\u00e4nslan, men kr\u00e4vande n\u00e4r det g\u00e4ller underh\u00e5ll och klart \u00f6mt\u00e5ligare om du ofta cyklar med bara h\u00e4nder. Du m\u00e5ste acceptera denna begr\u00e4nsning och eventuellt investera i ett par handskar. Det andra \u00e4r priss\u00e4ttningen: vi befinner oss i en zon d\u00e4r vissa sim-racers kommer att tveka mellan den h\u00e4r ratten och mer specialiserade eller anpassade alternativ. Du m\u00e5ste verkligen vilja ha GT3-formatet och Xbox-kompatibilitet f\u00f6r att helt motivera det. F\u00f6r det tredje, f\u00f6r en nyb\u00f6rjare kan den h\u00e4r ratten verka lite \u00f6verdimensionerad: massor av knappar, ett handskliknande grepp och ett pris som bara \u00e4r vettigt om du verkligen utnyttjar dess kvaliteter.<\/p>\n<p>F\u00f6r anv\u00e4ndare som redan sysslar med simracing och som ser sin installation som en l\u00e5ngsiktig investering snarare \u00e4n ett impulsk\u00f6p, \u00e4r ClubSport Porsche 911 GT3 R V2 helt klart ett bra val. Den uppfyller m\u00e5nga viktiga kriterier: k\u00e4nsla, komfort, m\u00e5ngsidighet, integration.<\/p>\n<h2>Omd\u00f6me: en seri\u00f6s GT3-ratt f\u00f6r kr\u00e4vande inst\u00e4llningar<\/h2>\n<p>Den h\u00e4r ratten f\u00f6r\u00e4ndrar fr\u00e4mst en sak: hur du l\u00e4ser av bilen. Den ger inte bara bilen en fin Porsche-look, den ger ocks\u00e5 en verklig samst\u00e4mmighet mellan form, storlek, grepp och hur FFB k\u00e4nns i h\u00e4nderna. Du f\u00e5r intrycket av att du g\u00e5r fr\u00e5n en bra \"generalist\"-ratt till ett k\u00f6rverktyg som \u00e4r utformat f\u00f6r modern racing.<\/p>\n<p>P\u00e5 marknaden befinner den sig helt klart i premiumsegmentet, utan att g\u00e5 s\u00e5 l\u00e5ngt som till ultraexklusiva specialtillverkade rattar. Vi talar om en \"tillg\u00e4nglig\" topprodukt f\u00f6r seri\u00f6sa simracingf\u00f6rare, inte en pryl eller nyb\u00f6rjarutrustning. Den passar perfekt ihop med en ClubSport- eller Podium-bas och i en milj\u00f6 d\u00e4r folk k\u00f6r regelbundet.<\/p>\n<p>Jag skulle rekommendera den till dem som huvudsakligen k\u00f6r GT3\/GT eller protobilar, som vill ha en n\u00e4ra nog verklighetstrogen upplevelse och som redan anv\u00e4nder eller planerar att anv\u00e4nda en h\u00f6gpresterande Fanatec-bas. F\u00f6r en tillf\u00e4llig neofyt eller n\u00e5gon som bara letar efter en m\u00e5ngsidig ratt med en budget \u00e4r det inte det b\u00e4sta valet: den skulle vara underanv\u00e4nd och priset skulle vara sv\u00e5rt att f\u00f6rsvara.<\/p>\n<p>Om du letar efter en styv, exakt och uppslukande GT3-ratt som kan f\u00f6lja en avancerad Direct Drive-bas p\u00e5 PC och Xbox, kan den h\u00e4r produkten helt klart g\u00f6ra skillnad i din installation.<\/p>","protected":false},"excerpt":{"rendered":"<p>Den h\u00e4r ratten gav mig en k\u00e4nsla av att verkligen \"l\u00e4sa\" bilen b\u00e4ttre, med en seri\u00f6s och konsekvent k\u00e4nsla p\u00e5 banan, s\u00e4rskilt p\u00e5 Direct Drive-baser. Det \u00e4r mer meningsfullt f\u00f6r simf\u00f6rare som redan \u00e4r utrustade med Fanatec, som regelbundet k\u00f6r GT3\/GT eller proto och vill ha en h\u00e5llbar, uppslukande och v\u00e4lintegrerad ratt, \u00e4n f\u00f6r en tillf\u00e4llig nyb\u00f6rjare.<\/p>","protected":false},"featured_media":100764,"comment_status":"open","ping_status":"closed","template":"","meta":{"_acf_changed":false,"_et_pb_use_builder":"","_et_pb_old_content":"","_et_gb_content_width":""},"product_brand":[158],"product_cat":[156],"product_tag":[149,159,160],"class_list":{"0":"post-100763","1":"product","2":"type-product","3":"status-publish","4":"has-post-thumbnail","6":"product_brand-fanatec","7":"product_cat-roue-de-volant","8":"product_tag-pc","9":"product_tag-playstation","10":"product_tag-xbox","12":"first","13":"instock","14":"shipping-taxable","15":"product-type-external"},"acf":[],"_links":{"self":[{"href":"https:\/\/simracergear.com\/sv\/wp-json\/wp\/v2\/product\/100763","targetHints":{"allow":["GET"]}}],"collection":[{"href":"https:\/\/simracergear.com\/sv\/wp-json\/wp\/v2\/product"}],"about":[{"href":"https:\/\/simracergear.com\/sv\/wp-json\/wp\/v2\/types\/product"}],"replies":[{"embeddable":true,"href":"https:\/\/simracergear.com\/sv\/wp-json\/wp\/v2\/comments?post=100763"}],"wp:featuredmedia":[{"embeddable":true,"href":"https:\/\/simracergear.com\/sv\/wp-json\/wp\/v2\/media\/100764"}],"wp:attachment":[{"href":"https:\/\/simracergear.com\/sv\/wp-json\/wp\/v2\/media?parent=100763"}],"wp:term":[{"taxonomy":"product_brand","embeddable":true,"href":"https:\/\/simracergear.com\/sv\/wp-json\/wp\/v2\/product_brand?post=100763"},{"taxonomy":"product_cat","embeddable":true,"href":"https:\/\/simracergear.com\/sv\/wp-json\/wp\/v2\/product_cat?post=100763"},{"taxonomy":"product_tag","embeddable":true,"href":"https:\/\/simracergear.com\/sv\/wp-json\/wp\/v2\/product_tag?post=100763"}],"curies":[{"name":"wp","href":"https:\/\/api.w.org\/{rel}","templated":true}]}}