{"id":100840,"date":"2025-11-28T04:46:45","date_gmt":"2025-11-28T04:46:45","guid":{"rendered":"https:\/\/simracergear.com\/products\/fanatec-clubsport-universal-hub-v2\/"},"modified":"2025-11-28T04:46:45","modified_gmt":"2025-11-28T04:46:45","slug":"fanatec-clubsport-universal-hub-v2","status":"publish","type":"product","link":"https:\/\/simracergear.com\/sv\/products\/fanatec-clubsport-universal-hub-v2\/","title":{"rendered":"Fanatec ClubSport Universal Hub V2"},"content":{"rendered":"<h2>Fanatec ClubSport Universal Hub V2: seri\u00f6s m\u00e5ngsidighet f\u00f6r \"riktiga\" rattar<\/h2>\n<p>Fanatec ClubSport Universal Hub V2 riktar in sig p\u00e5 ett mycket specifikt behov i en simracinginstallation: att anv\u00e4nda riktiga rattar (standarddiameter och borrning) samtidigt som Fanatec-elektronik, knappar, paddlar och konsol\/PC-kompatibilitet bibeh\u00e5lls. Det \u00e4r en \"bryggbit\" i ett redan hektiskt ekosystem, men en som \u00e4r av stort intresse n\u00e4r du vill komma ut ur l\u00e5dan med f\u00e4rdiga GT- eller F1-rattar.<\/p>\n<p>I grund och botten lovar detta nav att f\u00f6rvandla (n\u00e4stan) alla bilrattar till en Fanatec-ratt som kan anv\u00e4ndas p\u00e5 din bas. Utan att offra styrkan, utan att g\u00f6ra monteringen till ett g\u00f6r-det-sj\u00e4lv-jobb och med ett minimum av kompromisser n\u00e4r det g\u00e4ller att integrera kontrollerna.<\/p>\n<p>Min vinkel h\u00e4r: byggkvalitet, k\u00e4nsla i handen, ergonomiska reglage och \u00f6vergripande konsistens i en kr\u00e4vande simracerinstallation. Det \u00e4r ingen dr\u00f6m som s\u00e4ljs, utan svaret p\u00e5 en verklig fr\u00e5ga: motiverar ClubSport Universal Hub V2 investeringen j\u00e4mf\u00f6rt med tillverkarens kompletta rattar eller DIY-l\u00f6sningar?<\/p>\n<p>F\u00f6r m\u00e5nga \u00e4r det h\u00e4r den del som ska g\u00f6ra installationen mer \"verklig\" utan att bli en gasfabrik. Och det \u00e4r precis d\u00e4r Hub V2 kommer in i bilden.<\/p>\n<h2>Konstruktion och tillverkning av Fanatec ClubSport Universal Hub V2<\/h2>\n<p>I handen ger ClubSport Universal Hub V2 omedelbart intrycket av en seri\u00f6s produkt. Huvuddelen \u00e4r solid, med god densitet, huvudsakligen metalliska material och plastdelar begr\u00e4nsade till mindre kritiska omr\u00e5den. Inget gnisslar, inget flyter, de r\u00f6rliga delarna f\u00f6rblir fasta men flytande.<\/p>\n<p>De punkter som omedelbart sticker ut \u00e4r styvheten i helheten och justeringen av de modul\u00e4ra elementen (knappmoduler, paddel\u00f6glor, f\u00e4sten). Man kan tydligt k\u00e4nna att Fanatec har riktat in sig p\u00e5 kraftfulla baser, inklusive direktdrivning, utan parasitspel eller oroande vridning. N\u00e4r du kl\u00e4mmer fast en ratt p\u00e5 den f\u00e5r du k\u00e4nslan av ett monolitiskt block, vilket \u00e4r mycket betryggande n\u00e4r du b\u00f6rjar sl\u00e5 h\u00e5rt p\u00e5 vibratorerna.<\/p>\n<p>V\u00e4xelpaddlarna ger ett skarpt, relativt kort klick med precis r\u00e4tt motst\u00e5nd. Det \u00e4r inte ultra-racing-kol, men precisionen finns d\u00e4r, och det g\u00f6r \u00e4ven k\u00e4nslan. Du f\u00e5r snabbt f\u00f6rtroende f\u00f6r mekanismens livsl\u00e4ngd, f\u00f6rutsatt att du inte blir s\u00e5 h\u00e5rdh\u00e4nt att du sl\u00e5r i stoppet varje g\u00e5ng du v\u00e4xlar.<\/p>\n<p>D\u00e4r den g\u00f6r sig lite besviken \u00e4r i n\u00e5gra ergonomiska detaljer: vissa plastomr\u00e5den ser lite mindre premium ut \u00e4n vad priset antyder, och kompaktheten \u00e4r inte extraordin\u00e4r. Vi pratar inte om ett ultrasmalt nav: med vissa rattar kan det hela k\u00e4nnas lite massivt, s\u00e4rskilt j\u00e4mf\u00f6rt med dedikerade motorsportnav.<\/p>\n<p>J\u00e4mf\u00f6rt med instegsprodukter eller \"enklare\" nav fr\u00e5n andra m\u00e4rken \u00e4r vi helt klart ett steg upp n\u00e4r det g\u00e4ller montering och modularitet. \u00c5 andra sidan, j\u00e4mf\u00f6rt med kompletta rattar i toppsegmentet fr\u00e5n samma tillverkare, \u00e4r premiumk\u00e4nslan n\u00e5got eftersatt, mer utilitaristisk \u00e4n lyxig. Den \u00e4r solid, seri\u00f6s och byggd f\u00f6r att h\u00e5lla, men man f\u00e5r en k\u00e4nsla av att funktionalitet och kompatibilitet har prioriterats snarare \u00e4n ett snyggt utseende.<\/p>\n<h2>Inst\u00e4llningar, anpassning och kompatibilitet<\/h2>\n<p>K\u00e4rnan i konceptet \u00e4r anpassning. Med ClubSport Universal Hub V2 kan du montera rattar med olika diametrar, h\u00e4mtade fr\u00e5n verkligheten, f\u00f6r att anpassa installationen till typen av disciplin: rally, drift, GT, road, och s\u00e5 vidare. Kompatibiliteten med standardborrningar g\u00f6r saker och ting mycket enklare: du skruvar bara p\u00e5 den, drar \u00e5t den och f\u00e5r en ratt som verkligen ser ut som den du ser ombord.<\/p>\n<p>N\u00e4r det g\u00e4ller fysiska justeringar finns det ett antal punkter att ta h\u00e4nsyn till p\u00e5 sj\u00e4lva navet: placering av knappmodulerna, justering av paddlarna och allm\u00e4n orientering i f\u00f6rh\u00e5llande till ratten. Det tar lite tid att hitta den perfekta konfigurationen, s\u00e4rskilt om du byter ratt ofta, men den flexibilitet som erbjuds \u00e4r helt klart v\u00e4rd den inledande anstr\u00e4ngningen. N\u00e4r allt v\u00e4l \u00e4r p\u00e5 plats r\u00f6r man det inte s\u00e5 mycket.<\/p>\n<p>N\u00e4r det g\u00e4ller integrationen i ekosystemet \u00e4r det fortfarande ren Fanatec: direktanslutning till kompatibla baser, automatisk inmatningsigenk\u00e4nning och enkel mappning i de flesta spel. P\u00e5 datorn finns det maximalt man\u00f6verutrymme och Fanatec-menyerna g\u00f6r att du kan kontrollera att allt fungerar som det ska. P\u00e5 konsoler fungerar hubben fr\u00e4mst som ett rel\u00e4 mellan basen och spelet, med de vanliga begr\u00e4nsningar som plattformarna medf\u00f6r, men utan n\u00e5gra s\u00e4rskilt obehagliga \u00f6verraskningar.<\/p>\n<p>De \"logiska\" inst\u00e4llningarna (tilldela knappar, anv\u00e4nda kodare, konfigurera funktioner f\u00f6r olika spel) kr\u00e4ver lite inl\u00e4rning om man vill f\u00e5 ut mesta m\u00f6jliga av dem. Det \u00e4r inte komplicerat, men du m\u00e5ste vara beredd p\u00e5 att spendera n\u00e5gra sessioner med att finjustera. Medelgoda och avancerade simf\u00f6rare kommer att tycka att det \u00e4r en fantastisk lekplats, medan mycket sporadiska nyb\u00f6rjare kan tycka att det \u00e4r lite f\u00f6r rikt.<\/p>\n<p>N\u00e4r det g\u00e4ller uppgraderingsm\u00f6jligheterna \u00e4r Hub V2 helt klart en h\u00e5llbar bas f\u00f6r den som vill bygga upp en samling rattar. Det \u00e4r en investering som bara \u00e4r meningsfull om du inte n\u00f6jer dig med bara en typ av k\u00f6rning. Det h\u00e4r \u00e4r en produkt som \u00e4r utformad f\u00f6r att v\u00e4xa med installationen, inte bara ett tillbeh\u00f6r f\u00f6r passagerare.<\/p>\n<h2>Fanatec ClubSport Universal Hub V2: K\u00e4nslor i spel<\/h2>\n<p>\u00c4ven om navet inte genererar sj\u00e4lva kraft\u00e5terkopplingen spelar det en stor roll f\u00f6r hur den tas emot. Styvheten och utformningen av Universal Hub V2 har en direkt inverkan p\u00e5 den precision som k\u00e4nns i h\u00e4nderna, s\u00e4rskilt vid direktdrivning.<\/p>\n<p>P\u00e5 banan \u00e4r det f\u00f6rsta som sticker ut fr\u00e5nvaron av parasitiskt spel. N\u00e4r basmotorn skickar ut mikrovariationer i vridmomentet \u00f6verf\u00f6r navet dem utan suddighet. Du kan k\u00e4nna de subtila f\u00f6r\u00e4ndringarna i frontbelastningen, den lilla f\u00f6rlusten av grepp och \u00f6verg\u00e5ngarna mellan grepp och glid. Bilen \"talar\" tydligt, och det \u00e4r precis vad du letar efter n\u00e4r du monterar en st\u00f6rre eller mer realistisk ratt.<\/p>\n<p>I snabba kurvor ger vridmomentet mellan den riktiga ratten och det solida navet en mycket tillfredsst\u00e4llande k\u00e4nsla av mekanisk anslutning. Du sv\u00e4nger, basen svarar och det finns inget intryck av elasticitet som du kan f\u00e5 med n\u00e5gra av de mindre sofistikerade adaptrarna. Styrvinkeln kan korrigeras till n\u00e4rmaste centimeter, s\u00e4rskilt i GT- eller formelbilsracing, utan att navet raderar eller d\u00e4mpar motorns budskap.<\/p>\n<p>Greppet kan avl\u00e4sas p\u00e5 ett naturligt s\u00e4tt: du kan k\u00e4nna hur d\u00e4cken tar tag, sl\u00e4pper och vrider sig n\u00e5got p\u00e5 st\u00f6det. P\u00e5 ett mindre styvt nav eller en hopsnickrad l\u00f6sning f\u00f6rsvinner dessa signaler ofta i parasitiska vibrationer. H\u00e4r absorberar strukturen det som beh\u00f6vs utan att kv\u00e4va det som \u00e4r viktigt. Kontrollerade slides blir mer f\u00f6ruts\u00e4gbara och \u00e5terh\u00e4mtningen snabbare. Du f\u00f6rst\u00e5r snabbt vad bilen g\u00f6r.<\/p>\n<p>P\u00e5 vibratorer beror k\u00e4nslan naturligtvis p\u00e5 basen, men navet tillf\u00f6r inte n\u00e5got skrammel eller obehagligt mekaniskt ljud. Impakterna f\u00f6rblir torra och exakta, utan att paddlarna skakar vid varje passering. Den \u00e4r ren. \u00c4ven n\u00e4r du attackerar aggressiva vibratorer med en tung ratt f\u00e5r du fortfarande k\u00e4nslan av en v\u00e4lbalanserad enhet, utan konstiga resonanser.<\/p>\n<p>Under l\u00e5nga sessioner \u00e4r den mekaniska komforten ett verkligt plus. Det finns inget litet glapp som dyker upp l\u00e4ngs v\u00e4gen, inga skruvar som l\u00e4tt lossnar, f\u00f6rutsatt att du har monterat allt korrekt. Den konsekventa k\u00e4nslan \u00f6kar koncentrationen: du k\u00e4mpar inte mot utrustningen, du koncentrerar dig p\u00e5 banan. Den extra tr\u00f6gheten hos en \"riktig\" ratt som \u00e4r monterad p\u00e5 navet k\u00e4nns naturligtvis, men det \u00e4r inte navet som \u00e4r problemet, utan valet av ratt och tillh\u00f6rande bas.<\/p>\n<p>Vid snabba korrigeringar, s\u00e4rskilt vid drifting eller i r\u00e4ddningsfasen av ett lopp, g\u00f6r kombinationen nav + anpassad ratt hela skillnaden j\u00e4mf\u00f6rt med en liten plastratt eller en tunn QR. Du kan l\u00e5ta ratten glida, ta i den h\u00e5rt och leka med motorns feedback utan att beh\u00f6va oroa dig f\u00f6r att n\u00e5got ska g\u00e5 s\u00f6nder. Att styra bilen k\u00e4nns mer naturligt, som om dina h\u00e4nder gradvis gl\u00f6mmer bort h\u00e5rdvaran.<\/p>\n<p>J\u00e4mf\u00f6rt med en komplett l\u00e5g-\/mellanklassratt ger Universal Hub V2 i kombination med en bra fysisk ratt en klar vinst i realism och upplevd precision. J\u00e4mf\u00f6rt med Fanatec-rattar i toppklassen, som redan \u00e4r mycket v\u00e4lutvecklade, ligger skillnaden mer i m\u00f6jligheten att v\u00e4lja exakt vilken typ av ratt som ska anv\u00e4ndas \u00e4n i n\u00e5gon pl\u00f6tslig prestandavinst. Du f\u00e5r inte \"mer FFB\", men du f\u00e5r en finare k\u00e4nsla och en b\u00e4ttre matchning mellan disciplin och verktyg.<\/p>\n<p>F\u00f6rdjupningen f\u00f6rst\u00e4rks av diametern och formen p\u00e5 den ratt som kan monteras. Navet s\u00e4kerst\u00e4ller helt enkelt att denna inlevelse inte sker p\u00e5 bekostnad av styvhet eller informationsf\u00f6rlust. Du f\u00e5r verkligen intrycket av att ha en seri\u00f6s ratt i dina h\u00e4nder, ansluten till en seri\u00f6s motor, utan n\u00e5gra st\u00f6rre kompromisser.<\/p>\n<h2>Vem \u00e4r den till f\u00f6r? Vad vi tycker om \/ Vad vi inte tycker om<\/h2>\n<p>Fanatec ClubSport Universal Hub V2 riktar sig helt klart till simf\u00f6rare som redan \u00e4r involverade i sin hobby. Inte n\u00f6dv\u00e4ndigtvis ett eSport-proffs, men n\u00e5gon som har en bra bas, en stabil cockpit och en \u00f6nskan att g\u00e5 l\u00e4ngre \u00e4n den ursprungliga ratten. En nyb\u00f6rjare kan k\u00f6pa den, men den kommer bara att vara relevant om de redan vet att de kommer att ta sitt spel tillr\u00e4ckligt l\u00e5ngt. F\u00f6r en riktig tillf\u00e4llighetsspelare verkar investeringen oproportionerlig.<\/p>\n<p>Detta nav har tre viktiga egenskaper. F\u00f6r det f\u00f6rsta, dess m\u00e5ngsidighet: att kunna montera rattar av mycket olika stilar f\u00f6rvandlar en enda installation till en plattform f\u00f6r flera discipliner. F\u00f6r det andra, styvhet och monteringskvalitet: du kan k\u00e4nna att produkten h\u00e5ller upp \u00e4ven p\u00e5 kraftfulla baser, vilket inger ett stort f\u00f6rtroende. Slutligen, \u00f6verensst\u00e4mmelsen med Fanatecs ekosystem: anslutningen \u00e4r ren, knapparna k\u00e4nns igen och allt passar ihop utan on\u00f6digt pillande. Det \u00e4r en riktig \"systemprodukt\", inte bara en mekanisk adapter.<\/p>\n<p>N\u00e4r det g\u00e4ller dess begr\u00e4nsningar m\u00e5ste vi vara \u00e4rliga. Det \u00e4r inte en billig produkt, s\u00e4rskilt inte om man ser den som ett enkelt rattst\u00f6d. Dess verkliga v\u00e4rde blir uppenbart f\u00f6rst n\u00e4r du drar nytta av dess modularitet och \u00e4ger (eller planerar att \u00e4ga) flera rattar. F\u00f6r det andra \u00e4r ergonomin inte perfekt f\u00f6r alla: beroende p\u00e5 storleken p\u00e5 den ratt du v\u00e4ljer kanske vissa knappar eller paddlar inte passar lika bra under dina fingrar, och det inneb\u00e4r ibland att du m\u00e5ste g\u00f6ra kompromisser. Slutligen kommer dess storlek och ganska tekniska utseende inte att tilltala dem som s\u00f6ker en ultrakompakt, elegant enhet i stil med en monoblock-ratt i toppklassen.<\/p>\n<p>N\u00e4r det g\u00e4ller det upplevda v\u00e4rdet \u00e4r detta helt klart en investering p\u00e5 medell\u00e5ng till l\u00e5ng sikt. Det \u00e4r ett k\u00f6p som \u00e4r meningsfullt om du redan \u00e4r en del av Fanatecs ekosystem eller om du planerar att stanna d\u00e4r, och om du ser simracing som en h\u00e5llbar fritidsaktivitet. F\u00f6r en utvecklande setup kan detta nav g\u00f6ra att du slipper k\u00f6pa flera kompletta rattar och erbjuda mycket st\u00f6rre frihet i valet av hoops. F\u00f6r en fast, enkel installation \u00e4r det ofta mer meningsfullt med en dedikerad ratt.<\/p>\n<h2>Domslut: har ClubSport Universal Hub V2 en plats i din installation?<\/h2>\n<p>Fanatec ClubSport Universal Hub V2 \u00e4ndrar inte i grunden hur din bas beter sig, men den \u00e4ndrar hur du anv\u00e4nder den. Den omvandlar en relativt klassisk installation till en utvecklande plattform som kan rymma ett brett utbud av mer verklighetstrogna navelstr\u00e4ngar, utan att offra styvhet eller tillf\u00f6rlitlighet. Det \u00e4r en central del i en installation som \u00e4r inriktad p\u00e5 inlevelse och m\u00e5ngsidighet.<\/p>\n<p>P\u00e5 marknaden befinner den sig helt klart i segmentet \"premium utility\": dyrare och mer polerad \u00e4n enkla l\u00f6sningar eller DIY-l\u00f6sningar, mindre \"bling\" \u00e4n vissa kompletta rattar i toppklassen, men mycket mer flexibel. Det \u00e4r inte den mest visuellt spektakul\u00e4ra produkten, men det \u00e4r den som g\u00f6r att det l\u00f6nar sig att k\u00f6pa flera riktiga rattar.<\/p>\n<p>Jag skulle rekommendera den till medelgoda till avancerade simf\u00f6rare som spelar regelbundet, som gillar att byta disciplin och som har (eller siktar p\u00e5) en solid bas, helst en direktdrivning eller \u00e5tminstone en bra r\u00e4ckvidd. F\u00f6r den som spelar ibland, eller f\u00f6r n\u00e5gon som vill ha en plug-and-play-installation utan att beh\u00f6va st\u00e4lla n\u00e5gra fr\u00e5gor, \u00e4r en bra allroundratt mer meningsfull.<\/p>\n<p>Om du vill anv\u00e4nda riktiga sp\u00e4rrhakar, \u00f6ka realismen utan att f\u00f6rlora precisionen i force feedback och utveckla din Fanatec-installation p\u00e5 l\u00e5ng sikt, kan den h\u00e4r produkten helt klart g\u00f6ra skillnad i din installation.<\/p>","protected":false},"excerpt":{"rendered":"<p>Det h\u00e4r navet gav mig en k\u00e4nsla av att g\u00f6ra installationen mer \"verklig\" och m\u00e5ngsidig, utan att kompromissa med precision eller soliditet. Framf\u00f6r allt \u00e4r det en bra l\u00f6sning f\u00f6r simracingf\u00f6rare som redan har investerat, som vill anv\u00e4nda flera riktiga hjul och h\u00e5lla sig inom Fanatecs ekosystem. Investeringen \u00e4r meningsfull s\u00e5 snart du ser p\u00e5 din setup p\u00e5 medell\u00e5ng till l\u00e5ng sikt.<\/p>","protected":false},"featured_media":100841,"comment_status":"open","ping_status":"closed","template":"","meta":{"_acf_changed":false,"_et_pb_use_builder":"","_et_pb_old_content":"","_et_gb_content_width":""},"product_brand":[158],"product_cat":[153],"product_tag":[149,159],"class_list":{"0":"post-100840","1":"product","2":"type-product","3":"status-publish","4":"has-post-thumbnail","6":"product_brand-fanatec","7":"product_cat-accessoires","8":"product_tag-pc","9":"product_tag-playstation","11":"first","12":"instock","13":"shipping-taxable","14":"product-type-external"},"acf":[],"_links":{"self":[{"href":"https:\/\/simracergear.com\/sv\/wp-json\/wp\/v2\/product\/100840","targetHints":{"allow":["GET"]}}],"collection":[{"href":"https:\/\/simracergear.com\/sv\/wp-json\/wp\/v2\/product"}],"about":[{"href":"https:\/\/simracergear.com\/sv\/wp-json\/wp\/v2\/types\/product"}],"replies":[{"embeddable":true,"href":"https:\/\/simracergear.com\/sv\/wp-json\/wp\/v2\/comments?post=100840"}],"wp:featuredmedia":[{"embeddable":true,"href":"https:\/\/simracergear.com\/sv\/wp-json\/wp\/v2\/media\/100841"}],"wp:attachment":[{"href":"https:\/\/simracergear.com\/sv\/wp-json\/wp\/v2\/media?parent=100840"}],"wp:term":[{"taxonomy":"product_brand","embeddable":true,"href":"https:\/\/simracergear.com\/sv\/wp-json\/wp\/v2\/product_brand?post=100840"},{"taxonomy":"product_cat","embeddable":true,"href":"https:\/\/simracergear.com\/sv\/wp-json\/wp\/v2\/product_cat?post=100840"},{"taxonomy":"product_tag","embeddable":true,"href":"https:\/\/simracergear.com\/sv\/wp-json\/wp\/v2\/product_tag?post=100840"}],"curies":[{"name":"wp","href":"https:\/\/api.w.org\/{rel}","templated":true}]}}